{"id":20883,"date":"2024-12-29T18:32:27","date_gmt":"2024-12-29T18:32:27","guid":{"rendered":"https:\/\/bestathomeespressomachine.com\/?post_type=product&#038;p=20883"},"modified":"2025-04-30T03:02:39","modified_gmt":"2025-04-30T03:02:39","slug":"delonghi-magnifica-start-for-sale-with-3-year-warranty","status":"publish","type":"product","link":"https:\/\/bestathomeespressomachine.com\/de\/product\/delonghi-magnifica-start-for-sale-with-3-year-warranty\/","title":{"rendered":"DELONGHI Magnifica Start FEB 2231.SB 3 Jahre Garantie"},"content":{"rendered":"<div class=\"col-sm-12 col-xs-12 margin-b-21\">\n<div class=\"col-sm-8 col-xs-12\">\n<h2 class=\"\" data-start=\"85\" data-end=\"164\"><strong data-start=\"88\" data-end=\"164\">DeLonghi Magnifica Start FEB 2231. SB \u2013 Kaffeevollautomat zu verkaufen<\/strong><\/h2>\n<p class=\"\" data-start=\"166\" data-end=\"572\">Looking to buy the <strong data-start=\"203\" data-end=\"234\">DeLonghi Magnifica zu verkaufen<\/strong>? Der <strong data-start=\"240\" data-end=\"280\">DeLonghi Magnifica Start FEB 2231. SB<\/strong> ist eine ausgezeichnete Wahl f\u00fcr Kaffeeliebhaber, die modernes Design, Benutzerfreundlichkeit und Qualit\u00e4t sch\u00e4tzen. Diese Kaffeemaschine mit Bohnenzubereitung wurde entwickelt, um Ihr Kaffeeerlebnis mit ihrem kompakten Design, ihren leistungsstarken Funktionen und ihrer intuitiven Bedienung zu verbessern. Ob Sie einen starken Espresso, einen milden Cappuccino oder einen einfachen Hei\u00dfwasseraufguss genie\u00dfen, die <strong data-start=\"622\" data-end=\"650\">DeLonghi Magnifica Start<\/strong> hat Sie abgedeckt.<\/p>\n<h2 data-start=\"574\" data-end=\"634\"><strong data-start=\"578\" data-end=\"634\">Warum sollten Sie sich f\u00fcr die DeLonghi Magnifica Start FEB 2231.SB entscheiden?<\/strong><\/h2>\n<p class=\"\" data-start=\"636\" data-end=\"811\">Der <strong data-start=\"640\" data-end=\"680\">DeLonghi Magnifica Start FEB 2231. SB<\/strong> bietet ein hervorragendes Preis-Leistungs-Verh\u00e4ltnis und vereint leistungsstarke Leistung mit einem schlanken und kompakten Design. Hier sind die Gr\u00fcnde, warum Sie sich f\u00fcr dieses Ger\u00e4t entscheiden sollten:<\/p>\n<ul data-start=\"813\" data-end=\"1599\">\n<li class=\"\" data-start=\"813\" data-end=\"1034\">\n<p class=\"\" data-start=\"815\" data-end=\"1034\"><strong data-start=\"815\" data-end=\"848\">Kompaktes und praktisches Design:<\/strong> Mit einem <strong data-start=\"856\" data-end=\"875\">1,8-Liter-Wassertank<\/strong>, <strong data-start=\"877\" data-end=\"897\">250g Bohnenbeh\u00e4lter<\/strong>, and <strong data-start=\"903\" data-end=\"932\">14-Puck-Satzbeh\u00e4lter<\/strong>, Die <strong data-start=\"203\" data-end=\"234\">DeLonghi Magnifica zu verkaufen<\/strong>\u00a0ist ideal f\u00fcr alle, die hohe Leistung auf kleinem Raum w\u00fcnschen.<\/p>\n<\/li>\n<li class=\"\" data-start=\"1035\" data-end=\"1238\">\n<p class=\"\" data-start=\"1037\" data-end=\"1238\"><strong data-start=\"1037\" data-end=\"1073\">Intuitive Touchscreen-Oberfl\u00e4che:<\/strong> \u00dcber die benutzerfreundliche Touchscreen-Oberfl\u00e4che k\u00f6nnen Sie Getr\u00e4nke individuell gestalten, Intensit\u00e4t und Temperatur einstellen und Tassengr\u00f6\u00dfen ausw\u00e4hlen, sodass jede Tasse Kaffee einzigartig und ganz nach Ihrem Geschmack ist.<\/p>\n<\/li>\n<li class=\"\" data-start=\"1239\" data-end=\"1413\">\n<p class=\"\" data-start=\"1241\" data-end=\"1413\"><strong data-start=\"1241\" data-end=\"1271\">13-Positionen-Stahlschleifer:<\/strong> Der <strong data-start=\"203\" data-end=\"234\">Merkmale der DeLonghi Magnifica zum Verkauf<\/strong>\u00a0ein hochwertiges Stahlmahlwerk mit 13 Einstellungen, sodass Sie den Mahlgrad f\u00fcr verschiedene Kaffeesorten fein abstimmen k\u00f6nnen.<\/p>\n<\/li>\n<li class=\"\" data-start=\"1414\" data-end=\"1596\">\n<p class=\"\" data-start=\"1416\" data-end=\"1596\"><strong data-start=\"1416\" data-end=\"1441\">Option f\u00fcr gemahlenen Kaffee:<\/strong> Der <strong data-start=\"1446\" data-end=\"1477\">Gro\u00dfartiger Start FEB 2231. SB<\/strong> erm\u00f6glicht Ihnen auch die Verwendung von gemahlenem Kaffee, ideal, wenn Sie einen entkoffeinierten Kaffee m\u00f6chten oder Ihre eigene Lieblingskaffeemischung verwenden m\u00f6chten.<\/p>\n<\/li>\n<\/ul>\n<h2 data-start=\"1600\" data-end=\"1664\"><strong data-start=\"1604\" data-end=\"1664\">Top-Features der DeLonghi Magnifica Start FEB 2231.SB<\/strong><\/h2>\n<ol data-start=\"1666\" data-end=\"3475\">\n<li class=\"\" data-start=\"1666\" data-end=\"2031\">\n<p class=\"\" data-start=\"1669\" data-end=\"1809\"><strong data-start=\"1669\" data-end=\"1707\">Kompaktes Design mit gro\u00dfer Kapazit\u00e4t<\/strong> Der <strong data-start=\"1715\" data-end=\"1755\">DeLonghi Magnifica Start FEB 2231. SB<\/strong> kombiniert kompakte Gr\u00f6\u00dfe mit Beh\u00e4ltern mit gro\u00dfem Fassungsverm\u00f6gen.<\/p>\n<ul data-start=\"1813\" data-end=\"2031\">\n<li class=\"\" data-start=\"1813\" data-end=\"1891\">\n<p class=\"\" data-start=\"1815\" data-end=\"1891\"><strong data-start=\"1815\" data-end=\"1834\">1,8-Liter-Wassertank<\/strong>\u00a0Von vorne zug\u00e4nglich zum einfachen Bef\u00fcllen und Reinigen.<\/p>\n<\/li>\n<li class=\"\" data-start=\"1895\" data-end=\"1957\">\n<p class=\"\" data-start=\"1897\" data-end=\"1957\"><strong data-start=\"1897\" data-end=\"1917\">250g Bohnenbeh\u00e4lter<\/strong> mit einem undurchsichtigen Deckel, um die Bohnen frisch zu halten.<\/p>\n<\/li>\n<li class=\"\" data-start=\"1961\" data-end=\"2031\">\n<p class=\"\" data-start=\"1963\" data-end=\"2031\"><strong data-start=\"1963\" data-end=\"1992\">14-Puck-Satzbeh\u00e4lter<\/strong> das von vorne leicht zug\u00e4nglich ist.<\/p>\n<\/li>\n<\/ul>\n<\/li>\n<li class=\"\" data-start=\"2033\" data-end=\"2554\">\n<p class=\"\" data-start=\"2036\" data-end=\"2141\"><strong data-start=\"2036\" data-end=\"2077\">4 Spezialgetr\u00e4nke immer zur Hand<\/strong> Genie\u00dfen Sie vielf\u00e4ltige Kaffeevarianten direkt aus der Maschine:<\/p>\n<ul data-start=\"2145\" data-end=\"2554\">\n<li class=\"\" data-start=\"2145\" data-end=\"2218\">\n<p class=\"\" data-start=\"2147\" data-end=\"2218\"><strong data-start=\"2147\" data-end=\"2160\">Espresso:<\/strong> Reichhaltiger, vollmundiger Espresso aus Ihren Lieblingsbohnen.<\/p>\n<\/li>\n<li class=\"\" data-start=\"2222\" data-end=\"2314\">\n<p class=\"\" data-start=\"2224\" data-end=\"2314\"><strong data-start=\"2224\" data-end=\"2237\">Doppio +:<\/strong> Ein kr\u00e4ftigerer, aromatischerer <a href=\"https:\/\/bestathomeespressomachine.com\/de\/product\/buy-philips-1200-series-classic-milk-frother-super-automatic-espresso\/\">Espresso<\/a>, perfekt f\u00fcr alle, die kr\u00e4ftige Aromen lieben.<\/p>\n<\/li>\n<li class=\"\" data-start=\"2318\" data-end=\"2405\">\n<p class=\"\" data-start=\"2320\" data-end=\"2405\"><strong data-start=\"2320\" data-end=\"2344\">Klassischer Long Coffee:<\/strong> Ein normaler, langer Kaffee mit zarter Crema und weichem Geschmack.<\/p>\n<\/li>\n<li class=\"\" data-start=\"2409\" data-end=\"2554\">\n<p class=\"\" data-start=\"2411\" data-end=\"2554\"><strong data-start=\"2411\" data-end=\"2427\">Langer Kaffee:<\/strong> Dieses bei niedrigem Druck extrahierte Getr\u00e4nk \u00e4hnelt Filterkaffee und ist ideal f\u00fcr alle, die einen milderen Geschmack mit mehr Koffein bevorzugen.<\/p>\n<\/li>\n<\/ul>\n<\/li>\n<li class=\"\" data-start=\"2556\" data-end=\"2810\">\n<p class=\"\" data-start=\"2559\" data-end=\"2810\"><strong data-start=\"2559\" data-end=\"2596\">Milchaufsch\u00e4um- und Hei\u00dfwasseroptionen<\/strong> Der <strong data-start=\"2604\" data-end=\"2632\">DeLonghi Magnifica Start<\/strong> includes a <strong data-start=\"2644\" data-end=\"2658\">Dampfd\u00fcse<\/strong> Mit dieser Maschine k\u00f6nnen Sie Milch f\u00fcr Cappuccino, Latte Macchiato und andere Milchgetr\u00e4nke aufsch\u00e4umen. Sie k\u00f6nnen die D\u00fcse auch f\u00fcr hei\u00dfes Wasser verwenden \u2013 ideal f\u00fcr die Zubereitung von Tee und Aufg\u00fcssen.<\/p>\n<\/li>\n<li class=\"\" data-start=\"2812\" data-end=\"3072\">\n<p class=\"\" data-start=\"2815\" data-end=\"3072\"><strong data-start=\"2815\" data-end=\"2874\">Anpassbare Kaffeest\u00e4rke, Temperatur und Tassengr\u00f6\u00dfe<\/strong> Gestalten Sie Ihren Kaffee perfekt mit einstellbarer St\u00e4rke (3 Stufen), Temperatur und Tassengr\u00f6\u00dfe. Sie k\u00f6nnen sogar die Anzahl der Tassen festlegen, die Sie gleichzeitig zubereiten m\u00f6chten, damit jeder Kaffee zu Ihrer Stimmung passt.<\/p>\n<\/li>\n<li class=\"\" data-start=\"3074\" data-end=\"3475\">\n<p class=\"\" data-start=\"3077\" data-end=\"3194\"><strong data-start=\"3077\" data-end=\"3097\">Einfache Wartung<\/strong> Behalten Sie Ihre <strong data-start=\"3114\" data-end=\"3142\">DeLonghi Magnifica Start<\/strong> In Topform zu kommen ist ganz einfach mit folgenden Features:<\/p>\n<ul data-start=\"3198\" data-end=\"3475\">\n<li class=\"\" data-start=\"3198\" data-end=\"3283\">\n<p class=\"\" data-start=\"3200\" data-end=\"3283\"><strong data-start=\"3200\" data-end=\"3226\">Wasserfilterkartusche<\/strong>: H\u00e4lt Ihr Wasser neutral und reduziert Kalkablagerungen.<\/p>\n<\/li>\n<li class=\"\" data-start=\"3287\" data-end=\"3353\">\n<p class=\"\" data-start=\"3289\" data-end=\"3353\"><strong data-start=\"3289\" data-end=\"3316\">Abnehmbare Br\u00fchgruppe<\/strong>: L\u00e4sst sich zum regelm\u00e4\u00dfigen Absp\u00fclen leicht entfernen.<\/p>\n<\/li>\n<li class=\"\" data-start=\"3357\" data-end=\"3475\">\n<p class=\"\" data-start=\"3359\" data-end=\"3475\"><strong data-start=\"3359\" data-end=\"3379\">Entkalkungswarnungen<\/strong>: Die Maschine benachrichtigt Sie, wenn es Zeit zum Entkalken ist, und sorgt so f\u00fcr optimale Leistung und Geschmack.<\/p>\n<\/li>\n<\/ul>\n<\/li>\n<\/ol>\n<h2 data-start=\"3477\" data-end=\"3542\"><strong data-start=\"3481\" data-end=\"3542\">Kundenbewertungen zu DeLonghi Magnifica Start FEB 2231. SB<\/strong><\/h2>\n<p class=\"\" data-start=\"3544\" data-end=\"3758\">\u2b50\u2b50\u2b50\u2b50\u2b50 \u2013 <em data-start=\"3552\" data-end=\"3758\">\u201eIch liebe meine <a href=\"https:\/\/bestathomeespressomachine.com\/de\/product\/buy-delonghi-magnifica-start-automatic-espresso-machine-online\/\"><strong data-start=\"3575\" data-end=\"3603\">DeLonghi Magnifica Start<\/strong><\/a>! Der Kaffee schmeckt fantastisch, und ich finde es toll, dass ich St\u00e4rke und Temperatur meiner Getr\u00e4nke individuell einstellen kann. Der Milchaufsch\u00e4umer eignet sich hervorragend f\u00fcr die Zubereitung von Cappuccino.\u201c<\/em><\/p>\n<p class=\"\" data-start=\"3760\" data-end=\"3971\">\u2b50\u2b50\u2b50\u2b50\u2b50 \u2013 <em data-start=\"3768\" data-end=\"3971\">\u201eDiese Kaffeemaschine hat die perfekte Gr\u00f6\u00dfe f\u00fcr meine K\u00fcche und die Getr\u00e4nkeauswahl ist fantastisch. Besonders gut gef\u00e4llt mir die <b>Doppel+ f\u00fcr<\/b>\u00a0ein extra Kick am Morgen. Super einfach zu bedienen und zu pflegen.\u201c<\/em><\/p>\n<p class=\"\" data-start=\"3973\" data-end=\"4156\">\u2b50\u2b50\u2b50\u2b50\u2b50 \u2013 <em data-start=\"3981\" data-end=\"4156\">\u201cThe <strong data-start=\"3987\" data-end=\"4015\">DeLonghi Magnifica Start<\/strong> macht den besten Espresso, den ich je zu Hause getrunken habe. Die <strong data-start=\"4067\" data-end=\"4081\">Dampfd\u00fcse<\/strong> l\u00e4sst sich leicht zum Milchaufsch\u00e4umen verwenden und die Maschine ist sehr benutzerfreundlich.\u201c<\/em><\/p>\n<h2 data-start=\"4158\" data-end=\"4213\"><strong data-start=\"4162\" data-end=\"4213\">FAQs zu DeLonghi Magnifica Start FEB 2231. SB<\/strong><\/h2>\n<p class=\"\" data-start=\"4215\" data-end=\"4490\"><strong data-start=\"4215\" data-end=\"4295\">F: Welche Getr\u00e4nke kann ich mit der DeLonghi Magnifica Start FEB 2231.SB zubereiten?<\/strong><br data-start=\"4295\" data-end=\"4298\" \/>A: Die Maschine bietet 4 Getr\u00e4nke an: Espresso, Doppio + (starker Espresso), klassischen langen Kaffee und langen Kaffee. Sie verf\u00fcgt au\u00dferdem \u00fcber eine <strong data-start=\"4425\" data-end=\"4439\">Dampfd\u00fcse<\/strong> f\u00fcr Milchgetr\u00e4nke wie Cappuccino und Latte.<\/p>\n<p class=\"\" data-start=\"4492\" data-end=\"4722\"><strong data-start=\"4492\" data-end=\"4559\">F: Wie reinige ich die DeLonghi Magnifica Start FEB 2231.SB?<\/strong><br data-start=\"4559\" data-end=\"4562\" \/>A: Die Reinigung ist einfach! Sp\u00fclen Sie einfach <strong data-start=\"4600\" data-end=\"4617\">Infuser-Gruppe<\/strong> w\u00f6chentlich, verwenden Sie eine <strong data-start=\"4632\" data-end=\"4658\">Wasserfilterkartusche<\/strong> im Wassertank und befolgen Sie bei Bedarf die Anweisungen zum Entkalken.<\/p>\n<p class=\"\" data-start=\"4724\" data-end=\"4907\"><strong data-start=\"4724\" data-end=\"4764\">F: Kann ich die Kaffeest\u00e4rke anpassen?<\/strong><br data-start=\"4764\" data-end=\"4767\" \/>A: Ja, Sie k\u00f6nnen die Kaffeest\u00e4rke in 3 Stufen sowie die Temperatur und die Anzahl der Tassen einstellen und so ein vollst\u00e4ndig individuelles Erlebnis erzielen.<\/p>\n<p class=\"\" data-start=\"4909\" data-end=\"5084\"><strong data-start=\"4909\" data-end=\"4961\">F: Ist die Maschine mit gemahlenem Kaffee kompatibel?<\/strong><br data-start=\"4961\" data-end=\"4964\" \/>A: Ja, die <strong data-start=\"4976\" data-end=\"5016\">DeLonghi Magnifica Start FEB 2231. SB<\/strong> erm\u00f6glicht die Verwendung von gemahlenem Kaffee, perfekt f\u00fcr entkoffeinierten Kaffee oder andere Mischungen.<\/p>\n<h2 data-start=\"5086\" data-end=\"5159\">Warum die DeLonghi Magnifica kaufen?<\/h2>\n<p class=\"\" data-start=\"2830\" data-end=\"2960\">\u2705 <strong data-start=\"2832\" data-end=\"2863\">Erschwingliche Premium-Qualit\u00e4t<\/strong>: Der <strong data-start=\"2869\" data-end=\"2909\">DeLonghi Magnifica Start FEB 2231. SB<\/strong> bietet \u00fcberlegene Leistung zu einem vern\u00fcnftigen Preis.<\/p>\n<p class=\"\" data-start=\"2962\" data-end=\"3059\">\u2705 <strong data-start=\"2964\" data-end=\"2989\">Benutzerfreundliche Oberfl\u00e4che<\/strong>: Passen Sie Ihren Kaffee mit ein paar einfachen Fingertipps genau an Ihre Vorlieben an.<\/p>\n<p class=\"\" data-start=\"3061\" data-end=\"3144\">\u2705 <strong data-start=\"3063\" data-end=\"3089\">Ideal f\u00fcr kleine R\u00e4ume<\/strong>: Kompaktes Design mit gro\u00dfz\u00fcgiger Wasser- und Bohnenkapazit\u00e4t.<\/p>\n<p class=\"\" data-start=\"3146\" data-end=\"3269\">\u2705 <strong data-start=\"3148\" data-end=\"3175\">Versatile Drink Options<\/strong>: W\u00e4hlen Sie aus einer gro\u00dfen Auswahl an Kaffeesorten und genie\u00dfen Sie milchbasierte Getr\u00e4nke mit der Dampfd\u00fcse.<\/p>\n<p class=\"\" data-start=\"3271\" data-end=\"3385\">\u2705 <strong data-start=\"3273\" data-end=\"3293\">Einfache Wartung<\/strong>: Sorgen Sie mit minimalem Aufwand daf\u00fcr, dass Ihre Maschine reibungslos l\u00e4uft und eine lang anhaltende Leistung gew\u00e4hrleistet ist.<\/p>\n<\/div>\n<\/div>","protected":false},"excerpt":{"rendered":"<div class=\"produit-arguments\">\n<ul>\n<li>Silberfarbe<\/li>\n<li>4 Kaffeerezepte inkl.\u00a0<strong>doppelt +<\/strong><\/li>\n<li>Einzeldampfd\u00fcse<\/li>\n<li><strong>Touch-Oberfl\u00e4che<\/strong><\/li>\n<li>Die DeLonghi Magnifica Start Kaffeevollautomaten erwecken die alte Magnifica S zu neuem Leben. Die Version FEB 2231.SB im eleganten, modernen Silberdesign ist dank des gro\u00dfen Touchscreens kinderleicht zu bedienen. Liebhaber gro\u00dfer Kaffees werden von vier verschiedenen Kaffeesorten begeistert sein, darunter der klassische gro\u00dfe Kaffee, ein weiterer Niederdruckkaffee und der Doppio+. Die Dampfd\u00fcse erg\u00e4nzt diese Espressom\u00fchle perfekt f\u00fcr die Zubereitung von Milchgetr\u00e4nken.<br \/>\nUnd immer mit unserem exklusiven Maxicoffee-Geschenkangebot inklusive allem, was Sie f\u00fcr einen sorgenfreien Start ben\u00f6tigen (Anleitung, Gl\u00e4ser, Kaffee usw.). Profitieren Sie vom kostenlosen Chronopost-Versand und einer 3-Jahres-Garantie.<\/li>\n<\/ul>\n<\/div>\n<div>\n<div class=\"produit-reassurance punisher grid\">\n<div class=\"content-punisher left\"><\/div>\n<\/div>\n<\/div>","protected":false},"featured_media":20916,"comment_status":"open","ping_status":"closed","template":"","meta":[],"product_cat":[50],"product_tag":[],"class_list":{"0":"post-20883","1":"product","2":"type-product","3":"status-publish","4":"has-post-thumbnail","6":"product_cat-delonghi-espresso-machines","8":"first","9":"instock","10":"shipping-taxable","11":"purchasable","12":"product-type-simple","13":"col-xs-6 col-sm-4","14":"col-md-3 col-lg-3","15":"un-4-cols"},"jetpack_sharing_enabled":true,"_links":{"self":[{"href":"https:\/\/bestathomeespressomachine.com\/de\/wp-json\/wp\/v2\/product\/20883","targetHints":{"allow":["GET"]}}],"collection":[{"href":"https:\/\/bestathomeespressomachine.com\/de\/wp-json\/wp\/v2\/product"}],"about":[{"href":"https:\/\/bestathomeespressomachine.com\/de\/wp-json\/wp\/v2\/types\/product"}],"replies":[{"embeddable":true,"href":"https:\/\/bestathomeespressomachine.com\/de\/wp-json\/wp\/v2\/comments?post=20883"}],"version-history":[{"count":3,"href":"https:\/\/bestathomeespressomachine.com\/de\/wp-json\/wp\/v2\/product\/20883\/revisions"}],"predecessor-version":[{"id":22401,"href":"https:\/\/bestathomeespressomachine.com\/de\/wp-json\/wp\/v2\/product\/20883\/revisions\/22401"}],"wp:featuredmedia":[{"embeddable":true,"href":"https:\/\/bestathomeespressomachine.com\/de\/wp-json\/wp\/v2\/media\/20916"}],"wp:attachment":[{"href":"https:\/\/bestathomeespressomachine.com\/de\/wp-json\/wp\/v2\/media?parent=20883"}],"wp:term":[{"taxonomy":"product_cat","embeddable":true,"href":"https:\/\/bestathomeespressomachine.com\/de\/wp-json\/wp\/v2\/product_cat?post=20883"},{"taxonomy":"product_tag","embeddable":true,"href":"https:\/\/bestathomeespressomachine.com\/de\/wp-json\/wp\/v2\/product_tag?post=20883"}],"curies":[{"name":"wp","href":"https:\/\/api.w.org\/{rel}","templated":true}]}}