{"id":20888,"date":"2024-12-29T18:32:27","date_gmt":"2024-12-29T18:32:27","guid":{"rendered":"https:\/\/bestathomeespressomachine.com\/?post_type=product&#038;p=20888"},"modified":"2025-04-29T09:59:56","modified_gmt":"2025-04-29T09:59:56","slug":"buy-jura-s8-moonlight-silver-coffee-machine-online","status":"publish","type":"product","link":"https:\/\/bestathomeespressomachine.com\/de\/product\/buy-jura-s8-moonlight-silver-coffee-machine-online\/","title":{"rendered":"JURA S8 Moonlight Silver Smart Connect inklusive 3 Jahre Garantie"},"content":{"rendered":"<section class=\"section is-heading\">\n<div class=\"section_content\">\n<div class=\"section_text\">\n<h2 class=\"\" data-start=\"40\" data-end=\"99\">JURA S8 Moonlight Silver Kaffeemaschine online kaufen<\/h2>\n<p class=\"\" data-start=\"138\" data-end=\"544\"><strong data-start=\"138\" data-end=\"213\">Verw\u00f6hnen Sie sich mit der Eleganz und Leistung der JURA S8 Moonlight Silver<\/strong>, ein Premium-Kaffeevollautomat, der hochwertiges Design mit modernster Technologie verbindet. Die S8 wurde f\u00fcr anspruchsvolle Kaffeeliebhaber entwickelt und bringt das volle Caf\u00e9-Erlebnis bequem nach Hause. Das atemberaubende Moonlight Silver-Finish strahlt Eleganz aus und macht sie zum Blickfang in jeder modernen K\u00fcche. JURA S8 Moonlight online kaufen<\/p>\n<p class=\"\" data-start=\"546\" data-end=\"983\">Die JURA S8 ist mehr als nur ein sch\u00f6nes Ger\u00e4t \u2013 sie ist auf h\u00f6chste Qualit\u00e4t ausgelegt. Sie verf\u00fcgt \u00fcber ein hochaufl\u00f6sendes Touchscreen-Display und erm\u00f6glicht die intuitive Steuerung einer gro\u00dfen Auswahl an Kaffeespezialit\u00e4ten \u2013 von kr\u00e4ftigem Espresso und cremigem Cappuccino bis hin zu samtigem Latte Macchiato und mehr. Herzst\u00fcck der Maschine ist der renommierte Pulse Extraction Process (PEP\u00ae) von JURA, der die Br\u00fchzeit optimiert und so f\u00fcr maximalen Geschmack und Aroma in jeder Tasse sorgt.<\/p>\n<p class=\"\" data-start=\"985\" data-end=\"1382\">Das integrierte Aroma G3 Mahlwerk sorgt daf\u00fcr, dass jedes Getr\u00e4nk mit frisch gemahlenen Bohnen beginnt, w\u00e4hrend der Feinschaumaufsch\u00e4umer bei jedem Gebrauch Milchschaum in Barista-Qualit\u00e4t liefert. Mit programmierbaren Einstellungen, Getr\u00e4nkezubereitung per Knopfdruck und einem schlanken, kompakten Design ist die <a href=\"https:\/\/bestathomeespressomachine.com\/de\/product\/buy-jura-s8-super-automatic-coffee-espresso-machine-chrome\/\">JURA S8 Moonlight<\/a> Silver bietet die perfekte Balance aus Luxus, Komfort und Leistung f\u00fcr jeden Kaffeeliebhaber, der das Allerbeste verlangt.<\/p>\n<hr class=\"\" data-start=\"400\" data-end=\"403\" \/>\n<h2 class=\"\" data-start=\"405\" data-end=\"454\">\u2728 Hauptmerkmale der JURA S8 Moonlight Silver<\/h2>\n<h3 class=\"\" data-start=\"456\" data-end=\"496\">\ud83d\udda5\ufe0f Intuitiver 4,3-Zoll-Farb-Touchscreen<\/h3>\n<p class=\"\" data-start=\"498\" data-end=\"695\">Navigieren Sie m\u00fchelos durch die 15 Spezialgetr\u00e4nke der S8 \u00fcber den hochaufl\u00f6senden Touchscreen. Individualisieren Sie Ihr Kaffeeerlebnis mit Optionen wie Espresso, Cappuccino, Latte Macchiato und mehr.<\/p>\n<h3 class=\"\" data-start=\"697\" data-end=\"730\">\ud83c\udf1f Professioneller Aroma Grinder<\/h3>\n<p class=\"\" data-start=\"732\" data-end=\"877\">Die S8 ist mit dem Professional Aroma Grinder von JURA ausgestattet, der ein gleichm\u00e4\u00dfiges Mahlgut und eine verbesserte Aromaextraktion f\u00fcr einen hervorragenden Kaffeegeschmack gew\u00e4hrleistet.<\/p>\n<h3 class=\"\" data-start=\"879\" data-end=\"906\">\ud83e\uddca Feinschaumaufsch\u00e4umer G2<\/h3>\n<p class=\"\" data-start=\"908\" data-end=\"1048\">Erzielen Sie Milchschaum in Barista-Qualit\u00e4t f\u00fcr Ihren Latte Macchiato und Cappuccino mit dem Fine Foam Frother G2, der m\u00fchelos seidigen, glatten Schaum erzeugt.<\/p>\n<h3 class=\"\" data-start=\"1050\" data-end=\"1084\">\ud83d\udcf1 Smart Connect-Kompatibilit\u00e4t<\/h3>\n<p class=\"\" data-start=\"1086\" data-end=\"1230\">Steuern und personalisieren Sie Ihre Kaffeevorlieben aus der Ferne mit der JURA Operating Experience (JOE)-App \u00fcber das mitgelieferte Smart Connect-Modul.<\/p>\n<h3 class=\"\" data-start=\"1232\" data-end=\"1259\">\ud83e\uddfc Hygienische Wartung<\/h3>\n<p class=\"\" data-start=\"1261\" data-end=\"1417\">Die S8 verf\u00fcgt \u00fcber ein integriertes Reinigungs- und Entkalkungsprogramm sowie eine automatische Milchsystem-Reinigungsfunktion und sorgt so f\u00fcr optimale Hygiene und Langlebigkeit.<\/p>\n<hr class=\"\" data-start=\"1419\" data-end=\"1422\" \/>\n<h2 class=\"\" data-start=\"1424\" data-end=\"1471\">\ud83d\uded2 Wo kann man die JURA S8 Moonlight Silver kaufen?<\/h2>\n<p class=\"\" data-start=\"1473\" data-end=\"1549\">Die JURA S8 Moonlight Silver k\u00f6nnen Sie bei verschiedenen Online-H\u00e4ndlern erwerben:<\/p>\n<ul data-start=\"1551\" data-end=\"2003\">\n<li class=\"\" data-start=\"1551\" data-end=\"1720\">\n<p class=\"\" data-start=\"1553\" data-end=\"1720\"><strong data-start=\"1553\" data-end=\"1579\">Offizieller JURA UK Store<\/strong>: Der Beamte <a href=\"https:\/\/bestathomeespressomachine.com\/de\/product\/buy-jura-impressa-xj9-super-automatic-coffee-machine-online\/\">JURA <\/a>Der britische Store bietet das S8 Moonlight Silver mit kostenloser Lieferung und einer Standardgarantie an.<\/p>\n<\/li>\n<li class=\"\" data-start=\"1722\" data-end=\"1878\">\n<p class=\"\" data-start=\"1724\" data-end=\"1878\"><strong data-start=\"1724\" data-end=\"1740\">Burton Blake<\/strong>: Burton Blake ist f\u00fcr Luxusger\u00e4te bekannt und gew\u00e4hrt auf den S8 eine 25-monatige Herstellergarantie.<\/p>\n<\/li>\n<li class=\"\" data-start=\"1880\" data-end=\"2003\">\n<p class=\"\" data-start=\"1882\" data-end=\"2003\"><strong data-start=\"1882\" data-end=\"1892\">Amazon<\/strong>: Amazon bietet das S8 mit 1 Jahr Garantie und zus\u00e4tzlichem Zubeh\u00f6r an.<\/p>\n<\/li>\n<\/ul>\n<p class=\"\" data-start=\"2005\" data-end=\"2088\">Vergleichen Sie unbedingt Preise und Garantieoptionen, um das beste Angebot f\u00fcr Ihre Anforderungen zu finden.<\/p>\n<hr class=\"\" data-start=\"2090\" data-end=\"2093\" \/>\n<h2 class=\"\" data-start=\"2095\" data-end=\"2126\">\u2753 H\u00e4ufig gestellte Fragen<\/h2>\n<h3 class=\"\" data-start=\"2128\" data-end=\"2175\">F: Wie viele Getr\u00e4nke kann die JURA S8 zubereiten?<\/h3>\n<p class=\"\" data-start=\"2177\" data-end=\"2301\">A: Die JURA S8 kann bis zu 15 verschiedene Kaffeespezialit\u00e4ten zubereiten, darunter Espresso, Cappuccino, Latte Macchiato und mehr.<\/p>\n<h3 class=\"\" data-start=\"2303\" data-end=\"2352\">F: Ist die JURA S8 f\u00fcr kleine B\u00fcros geeignet?<\/h3>\n<p class=\"\" data-start=\"2354\" data-end=\"2473\">A: Ja, mit seinem kompakten Design und den gro\u00dfen Wasser- und Bohnenbeh\u00e4ltern ist der S8 ideal f\u00fcr kleine bis mittelgro\u00dfe B\u00fcros.<\/p>\n<h3 class=\"\" data-start=\"2475\" data-end=\"2529\">F: Ben\u00f6tigt die JURA S8 spezielle Wasserfilter?<\/h3>\n<p class=\"\" data-start=\"2531\" data-end=\"2665\">A: Die S8 ist mit den CLARIS Smart-Filterkartuschen von JURA kompatibel, die zur Aufrechterhaltung einer optimalen Wasserqualit\u00e4t und Maschinenleistung beitragen.<\/p>\n<h3 class=\"\" data-start=\"2667\" data-end=\"2709\">F: Kann ich die JURA S8 fernsteuern?<\/h3>\n<p class=\"\" data-start=\"2711\" data-end=\"2864\">A: Ja, mit dem mitgelieferten Smart Connect-Modul k\u00f6nnen Sie Ihre Kaffeevorlieben mithilfe der JURA Operating Experience (JOE)-App steuern und personalisieren.<\/p>\n<p>&nbsp;<\/p>\n<\/div>\n<\/div>\n<\/section>","protected":false},"excerpt":{"rendered":"<ul>\n<li>Edle Silberoptik<\/li>\n<li>Verbundenes Smartphone und Tablet<\/li>\n<li>Intelligenter 4,3-Zoll-HD-Farb-TFT-Bildschirm<\/li>\n<li>15 leckere Getr\u00e4nke<\/li>\n<li>Neuer Aroma Professional Grinder<\/li>\n<li>Professionelle Feinschaumd\u00fcse<\/li>\n<li>Ideal f\u00fcr den Familiengebrauch<\/li>\n<li>Einfache Wartung<\/li>\n<\/ul>","protected":false},"featured_media":20946,"comment_status":"open","ping_status":"closed","template":"","meta":[],"product_cat":[51],"product_tag":[],"class_list":{"0":"post-20888","1":"product","2":"type-product","3":"status-publish","4":"has-post-thumbnail","6":"product_cat-jura-espresso-machine","8":"first","9":"instock","10":"shipping-taxable","11":"purchasable","12":"product-type-simple","13":"col-xs-6 col-sm-4","14":"col-md-3 col-lg-3","15":"un-4-cols"},"jetpack_sharing_enabled":true,"_links":{"self":[{"href":"https:\/\/bestathomeespressomachine.com\/de\/wp-json\/wp\/v2\/product\/20888","targetHints":{"allow":["GET"]}}],"collection":[{"href":"https:\/\/bestathomeespressomachine.com\/de\/wp-json\/wp\/v2\/product"}],"about":[{"href":"https:\/\/bestathomeespressomachine.com\/de\/wp-json\/wp\/v2\/types\/product"}],"replies":[{"embeddable":true,"href":"https:\/\/bestathomeespressomachine.com\/de\/wp-json\/wp\/v2\/comments?post=20888"}],"version-history":[{"count":4,"href":"https:\/\/bestathomeespressomachine.com\/de\/wp-json\/wp\/v2\/product\/20888\/revisions"}],"predecessor-version":[{"id":22392,"href":"https:\/\/bestathomeespressomachine.com\/de\/wp-json\/wp\/v2\/product\/20888\/revisions\/22392"}],"wp:featuredmedia":[{"embeddable":true,"href":"https:\/\/bestathomeespressomachine.com\/de\/wp-json\/wp\/v2\/media\/20946"}],"wp:attachment":[{"href":"https:\/\/bestathomeespressomachine.com\/de\/wp-json\/wp\/v2\/media?parent=20888"}],"wp:term":[{"taxonomy":"product_cat","embeddable":true,"href":"https:\/\/bestathomeespressomachine.com\/de\/wp-json\/wp\/v2\/product_cat?post=20888"},{"taxonomy":"product_tag","embeddable":true,"href":"https:\/\/bestathomeespressomachine.com\/de\/wp-json\/wp\/v2\/product_tag?post=20888"}],"curies":[{"name":"wp","href":"https:\/\/api.w.org\/{rel}","templated":true}]}}