{"id":20896,"date":"2024-12-29T18:32:27","date_gmt":"2024-12-29T18:32:27","guid":{"rendered":"https:\/\/bestathomeespressomachine.com\/?post_type=product&#038;p=20896"},"modified":"2025-07-03T14:15:42","modified_gmt":"2025-07-03T14:15:42","slug":"delonghi-primadonna-soul-automatic-coffee-machine","status":"publish","type":"product","link":"https:\/\/bestathomeespressomachine.com\/de\/product\/delonghi-primadonna-soul-automatic-coffee-machine\/","title":{"rendered":"DELONGHI Primadonna Soul ECAM 610.74.MB Becher To Go Zen Pack 5 Jahre Garantie"},"content":{"rendered":"<section class=\"section is-heading\">\n<div class=\"section_content\">\n<div class=\"section_text\">\n<h2 class=\"\" data-start=\"130\" data-end=\"203\"><strong data-start=\"133\" data-end=\"201\">DeLonghi PrimaDonna Soul Kaffeevollautomat ECAM 610.74.MB<\/strong><\/h2>\n<p class=\"\" data-start=\"254\" data-end=\"719\">Lust auf Kaffee wie im Caf\u00e9 auf Knopfdruck? Die <strong data-start=\"306\" data-end=\"359\">DeLonghi PrimaDonna Soul Kaffeevollautomat<\/strong> ist die perfekte Erg\u00e4nzung f\u00fcr Sie. Diese hochmoderne Espressomaschine mit integriertem Kaffeevollautomaten <strong data-start=\"436\" data-end=\"463\">Expertise auf Barista-Niveau<\/strong> direkt in Ihrer K\u00fcche \u2013 Mahlgrad, Dosierung und Br\u00fcheinstellungen werden automatisch an Ihre spezifischen Kaffeebohnen angepasst. Mit <strong data-start=\"587\" data-end=\"612\">Bean-Anpassung Technologie<\/strong>, intelligente Konnektivit\u00e4t und ein <strong data-start=\"640\" data-end=\"666\">gro\u00dfer 4,3-Zoll-Touchscreen<\/strong>, das ist <strong data-start=\"676\" data-end=\"718\">die bisher fortschrittlichste DeLonghi-Maschine<\/strong>.<\/p>\n<p class=\"\" data-start=\"721\" data-end=\"914\">Jetzt erh\u00e4ltlich mit einem kostenlosen <strong data-start=\"747\" data-end=\"760\">Becher zum Mitnehmen<\/strong>, <strong data-start=\"762\" data-end=\"781\">5-Jahres-Garantie<\/strong>, and <a href=\"https:\/\/bestathomeespressomachine.com\/de\/product\/jura-e8-piano-white-for-sale-online\/\"><strong data-start=\"787\" data-end=\"804\">Kostenlose Lieferung<\/strong><\/a> beim Kauf bei DK Distribution (beinhaltet eine 2-j\u00e4hrige Verl\u00e4ngerung der urspr\u00fcnglichen 3-j\u00e4hrigen DeLonghi-Garantie).<\/p>\n<hr class=\"\" data-start=\"916\" data-end=\"919\" \/>\n<h2 data-start=\"921\" data-end=\"990\">\u2705 <strong data-start=\"927\" data-end=\"990\">Hauptmerkmale der DeLonghi PrimaDonna Soul ECAM 610.74.MB<\/strong><\/h2>\n<ul data-start=\"992\" data-end=\"1868\">\n<li class=\"\" data-start=\"992\" data-end=\"1129\">\n<p class=\"\" data-start=\"994\" data-end=\"1129\"><strong data-start=\"994\" data-end=\"1020\">Bean Adapt-Technologie:<\/strong> Optimiert automatisch den Mahlgrad und die Extraktion f\u00fcr optimalen Geschmack \u2013 basierend auf der genauen Bohnensorte und R\u00f6stung.<\/p>\n<\/li>\n<li class=\"\" data-start=\"1130\" data-end=\"1262\">\n<p class=\"\" data-start=\"1132\" data-end=\"1262\"><strong data-start=\"1132\" data-end=\"1170\">Coffee Link App (WLAN-Verbindung):<\/strong> Personalisieren Sie Ihr Getr\u00e4nk aus der Ferne, speichern Sie Ihre Lieblingsrezepte und greifen Sie auf Wartungswarnungen zu.<\/p>\n<\/li>\n<li class=\"\" data-start=\"1263\" data-end=\"1402\">\n<p class=\"\" data-start=\"1265\" data-end=\"1402\"><strong data-start=\"1265\" data-end=\"1289\">21 One-Touch-Getr\u00e4nke:<\/strong> Beinhaltet Espresso, Cappuccino, Latte Macchiato, Cortado, Long Black, Kaffee auf Eis und mehr \u2013 sogar einen \u201eTasse zum Mitnehmen\u201c-Modus.<\/p>\n<\/li>\n<li class=\"\" data-start=\"1403\" data-end=\"1511\">\n<p class=\"\" data-start=\"1405\" data-end=\"1511\"><strong data-start=\"1405\" data-end=\"1432\">4,3-Zoll-Farb-Touchscreen:<\/strong> Elegant, intuitiv und einfach zu navigieren, mit anpassbaren Startbildschirmoptionen.<\/p>\n<\/li>\n<li class=\"\" data-start=\"1512\" data-end=\"1643\">\n<p class=\"\" data-start=\"1514\" data-end=\"1643\"><strong data-start=\"1514\" data-end=\"1536\">LatteCrema-System:<\/strong> Dichter, cremiger und lang anhaltender Milchschaum bei perfekter Temperatur \u2013 ideal f\u00fcr Milch und Pflanzenmilch.<\/p>\n<\/li>\n<li class=\"\" data-start=\"1644\" data-end=\"1741\">\n<p class=\"\" data-start=\"1646\" data-end=\"1741\"><strong data-start=\"1646\" data-end=\"1664\">Benutzerprofile:<\/strong> Erstellen und speichern Sie bis zu 5 personalisierte Getr\u00e4nkeprofile f\u00fcr den gesamten Haushalt.<\/p>\n<\/li>\n<li class=\"\" data-start=\"1742\" data-end=\"1868\">\n<p class=\"\" data-start=\"1744\" data-end=\"1868\"><strong data-start=\"1744\" data-end=\"1777\">Intelligente Reinigung und Wartung:<\/strong> Herausnehmbare Br\u00fchgruppe, sp\u00fclmaschinenfeste Teile und schrittweise Reinigungsanleitung auf dem Bildschirm.<\/p>\n<\/li>\n<\/ul>\n<\/div>\n<\/div>\n<\/section>\n<h3 class=\"\" data-start=\"1875\" data-end=\"1922\">\u2615 <strong data-start=\"1881\" data-end=\"1922\">M\u00fcheloses Br\u00fchen auf Barista-Niveau<\/strong><\/h3>\n<p class=\"\" data-start=\"1924\" data-end=\"2384\">Kaufen Sie den DeLonghi PrimaDonna Soul Kaffeevollautomaten online. Mit dem <strong data-start=\"1933\" data-end=\"1961\">DeLonghi PrimaDonna Soul<\/strong>, ist die Zubereitung der perfekten Tasse so einfach wie die Auswahl Ihres Getr\u00e4nks und das Dr\u00fccken der Starttaste. Von <strong data-start=\"2048\" data-end=\"2060\">Espresso<\/strong> Zu <strong data-start=\"2064\" data-end=\"2078\">flaches Wei\u00df<\/strong>Jede Tasse ist so gestaltet, dass sie den vollen Geschmack und das Aroma Ihrer Lieblingsbohnen hervorhebt. Dank der innovativen <strong data-start=\"2189\" data-end=\"2203\">Bean Adapt<\/strong> Diese Maschine erkennt Ihre spezielle Kaffeesorte und passt Mahlgrad, Dosis und Br\u00fchtemperatur automatisch an, um eine perfekte Extraktion zu gew\u00e4hrleisten \u2013 ohne dass Sie einen Finger r\u00fchren m\u00fcssen.<\/p>\n<p class=\"\" data-start=\"2386\" data-end=\"2544\">Egal, ob Sie <strong data-start=\"2407\" data-end=\"2440\">hell ger\u00f6stete Spezialbohnen<\/strong> oder eine dunkle R\u00f6stmischung, diese Maschine passt sich an <strong data-start=\"2487\" data-end=\"2523\">den Ursprung und Reichtum bewahren<\/strong> jeder einzelnen Tasse.<\/p>\n<hr class=\"\" data-start=\"2546\" data-end=\"2549\" \/>\n<h3 data-start=\"2551\" data-end=\"2607\">\ud83e\udd5b <strong data-start=\"2558\" data-end=\"2607\">Meistern Sie Milchgetr\u00e4nke mit dem LatteCrema-System<\/strong><\/h3>\n<p class=\"\" data-start=\"2609\" data-end=\"2977\">Wenn Sie ein Milchkaffee-Liebhaber sind, <strong data-start=\"2644\" data-end=\"2665\">LatteCrema-System<\/strong> ist Ihr neuer bester Freund. Diese patentierte DeLonghi-Technologie liefert <strong data-start=\"2734\" data-end=\"2759\">Schaum in Barista-Qualit\u00e4t<\/strong> Das ist dicht, seidig und konsistent \u2013 \u200b\u200bperfekt f\u00fcr Cappuccino, Latte Macchiato und sogar kalten Schaum. Die mitgelieferte <strong data-start=\"2862\" data-end=\"2885\">Thermo-Milchkaraffe<\/strong> h\u00e4lt Ihre Milch l\u00e4nger frisch und die Reinigung ist mit der automatischen Sp\u00fclfunktion ein Kinderspiel.<\/p>\n<p class=\"\" data-start=\"2979\" data-end=\"3118\">M\u00f6chten Sie Ihren Latte auch unterwegs genie\u00dfen? Die PrimaDonna Soul verf\u00fcgt \u00fcber eine <strong data-start=\"3045\" data-end=\"3066\">Mug To Go-Funktion<\/strong> und wird sogar mit einem stylischen isolierten Reisebecher geliefert.<\/p>\n<div class=\"col-sm-12 col-xs-12\">\n<div class=\"col-sm-4 col-xs-12\"><img fetchpriority=\"high\" decoding=\"async\" class=\"img-responsive alignnone\" src=\"https:\/\/www.maxicoffee.com\/fstrz\/r\/s\/www.maxicoffee.com\/images\/delonghi\/design-moderne-primadonna-soul.jpg.pagespeed.ce.mo_Fe1odva.jpg?frz-v=165\" alt=\"DeLonghi PrimaDonna Soul Kaffeevollautomat\" width=\"300\" height=\"266\" \/><\/div>\n<div class=\"col-sm-8 col-xs-12\">\n<h3 class=\"\" data-start=\"3125\" data-end=\"3171\">\ud83d\udcf1 <strong data-start=\"3132\" data-end=\"3171\">Intelligenterer Kaffee mit der Coffee Link App<\/strong><\/h3>\n<p class=\"\" data-start=\"3173\" data-end=\"3291\">Das <strong data-start=\"3178\" data-end=\"3206\">vernetzte Kaffeemaschine<\/strong> Verbindungen zu Ihrem Smartphone oder Tablet \u00fcber WLAN. Mit dem <strong data-start=\"3262\" data-end=\"3281\">Coffee Link App<\/strong>, du kannst:<\/p>\n<ul data-start=\"3292\" data-end=\"3429\">\n<li class=\"\" data-start=\"3292\" data-end=\"3316\">\n<p class=\"\" data-start=\"3294\" data-end=\"3316\">Beginnen Sie mit dem Brauen aus der Ferne<\/p>\n<\/li>\n<li class=\"\" data-start=\"3317\" data-end=\"3343\">\n<p class=\"\" data-start=\"3319\" data-end=\"3343\">Getr\u00e4nkeeinstellungen anpassen<\/p>\n<\/li>\n<li class=\"\" data-start=\"3344\" data-end=\"3368\">\n<p class=\"\" data-start=\"3346\" data-end=\"3368\">Speichern Sie Ihre Pr\u00e4ferenzen<\/p>\n<\/li>\n<li class=\"\" data-start=\"3369\" data-end=\"3397\">\n<p class=\"\" data-start=\"3371\" data-end=\"3397\">Erhalten Sie Wartungsbenachrichtigungen<\/p>\n<\/li>\n<li class=\"\" data-start=\"3398\" data-end=\"3429\">\n<p class=\"\" data-start=\"3400\" data-end=\"3429\">Holen Sie sich Expertentipps und Tutorials<\/p>\n<\/li>\n<\/ul>\n<p class=\"\" data-start=\"3431\" data-end=\"3550\">Kontrollieren Sie alles \u2013 Mahlgradeinstellungen, Temperatur, Milchmenge, sogar Geschmacksst\u00e4rke \u2013 ohne auch nur vom Sofa aufzustehen.<\/p>\n<hr class=\"\" data-start=\"3552\" data-end=\"3555\" \/>\n<h3 class=\"\" data-start=\"3557\" data-end=\"3616\">\ud83d\udc68\u200d\ud83d\udc69\u200d\ud83d\udc67\u200d\ud83d\udc66 <strong data-start=\"3573\" data-end=\"3616\">Gebaut f\u00fcr Familien und Kaffeeliebhaber<\/strong><\/h3>\n<p class=\"\" data-start=\"3618\" data-end=\"3931\">Mit einem <strong data-start=\"3625\" data-end=\"3648\">500g Bohnenbeh\u00e4lter<\/strong>, <strong data-start=\"3650\" data-end=\"3669\">2,2-Liter-Wassertank<\/strong>, and <strong data-start=\"3675\" data-end=\"3704\">14-Kuchensatzbeh\u00e4lter<\/strong>Die DeLonghi PrimaDonna Soul bew\u00e4ltigt hohe Anspr\u00fcche m\u00fchelos \u2013 perfekt f\u00fcr Gro\u00dffamilien oder Vieltrinker. Mehrere Benutzer k\u00f6nnen ihre eigenen Getr\u00e4nkeprofile speichern, sodass jeder Morgen genau so beginnt, wie er es sich w\u00fcnscht. DeLonghi PrimaDonna Soul Kaffeevollautomat online kaufen<\/p>\n<p class=\"\" data-start=\"3933\" data-end=\"4024\">Au\u00dferdem <strong data-start=\"3943\" data-end=\"3983\">hochglanzpoliertes Edelstahldesign<\/strong> verleiht jeder K\u00fcche einen Hauch von Eleganz.<\/p>\n<\/div>\n<\/div>\n<div class=\"col-sm-12 col-xs-12\">\n<div class=\"col-sm-4 col-xs-12\"><img decoding=\"async\" class=\"img-responsive alignnone\" src=\"https:\/\/www.maxicoffee.com\/fstrz\/r\/s\/www.maxicoffee.com\/images\/delonghi\/ecran-intuitif-primadonna-soul-delonghi.jpg.pagespeed.ce.pZb4PKjy30.jpg?frz-v=165\" alt=\"DeLonghi PrimaDonna Soul Kaffeevollautomat\" width=\"300\" height=\"266\" \/><\/div>\n<div class=\"col-sm-8 col-xs-12\">\n<h3 class=\"\" data-start=\"4031\" data-end=\"4082\">\ud83e\uddfc <strong data-start=\"4038\" data-end=\"4082\">Einfache Wartung und langfristige Zuverl\u00e4ssigkeit<\/strong><\/h3>\n<p class=\"\" data-start=\"4084\" data-end=\"4115\">Die Wartung ist unkompliziert:<\/p>\n<ul data-start=\"4116\" data-end=\"4328\">\n<li class=\"\" data-start=\"4116\" data-end=\"4165\">\n<p class=\"\" data-start=\"4118\" data-end=\"4165\"><strong data-start=\"4118\" data-end=\"4165\">Automatische Sp\u00fcl- und Entkalkungsbenachrichtigungen<\/strong><\/p>\n<\/li>\n<li class=\"\" data-start=\"4166\" data-end=\"4213\">\n<p class=\"\" data-start=\"4168\" data-end=\"4213\"><strong data-start=\"4168\" data-end=\"4194\">Herausnehmbare Br\u00fchgruppe<\/strong> zum w\u00f6chentlichen Sp\u00fclen<\/p>\n<\/li>\n<li class=\"\" data-start=\"4214\" data-end=\"4256\">\n<p class=\"\" data-start=\"4216\" data-end=\"4256\"><strong data-start=\"4216\" data-end=\"4256\">Sp\u00fclmaschinenfeste Tropfschale und Karaffe<\/strong><\/p>\n<\/li>\n<li class=\"\" data-start=\"4257\" data-end=\"4328\">\n<p class=\"\" data-start=\"4259\" data-end=\"4328\"><strong data-start=\"4259\" data-end=\"4289\">Wasserfilterkompatibilit\u00e4t<\/strong> zur Reduzierung von Kalkablagerungen und zur Geschmacksverbesserung<\/p>\n<\/li>\n<\/ul>\n<p class=\"\" data-start=\"4330\" data-end=\"4449\">Unterst\u00fctzt durch eine <strong data-start=\"4342\" data-end=\"4361\">5-Jahres-Garantie<\/strong> Wenn Sie \u00fcber DK Distribution kaufen, ist Ihre Investition f\u00fcr die kommenden Jahre gesch\u00fctzt.<\/p>\n<\/div>\n<\/div>\n<div class=\"col-sm-12 col-xs-12\">\n<div class=\"col-sm-4 col-xs-12\"><img decoding=\"async\" class=\"img-responsive\" src=\"https:\/\/www.maxicoffee.com\/fstrz\/r\/s\/www.maxicoffee.com\/images\/delonghi\/delonghi-primadonna-soul-610.74.mb.jpg.pagespeed.ce.Htfw-SZEGn.jpg?frz-v=165\" alt=\"DeLonghi Primadonna Soul ECAM 610.74.MB Kaffeebohnenbereiter Becher\" width=\"300\" height=\"306\" \/><\/div>\n<div class=\"col-sm-8 col-xs-12\">\n<h2 data-start=\"4456\" data-end=\"4494\">\ud83d\udce6 <strong data-start=\"4463\" data-end=\"4494\">Im Kauf enthalten<\/strong><\/h2>\n<ul data-start=\"4496\" data-end=\"4769\">\n<li class=\"\" data-start=\"4496\" data-end=\"4547\">\n<p class=\"\" data-start=\"4498\" data-end=\"4547\">DeLonghi PrimaDonna Soul ECAM 610.74.MB Maschine<\/p>\n<\/li>\n<li class=\"\" data-start=\"4548\" data-end=\"4571\">\n<p class=\"\" data-start=\"4550\" data-end=\"4571\">Thermo-Milchkaraffe<\/p>\n<\/li>\n<li class=\"\" data-start=\"4572\" data-end=\"4608\">\n<p class=\"\" data-start=\"4574\" data-end=\"4608\">Mug To Go (Isolierbecher f\u00fcr unterwegs)<\/p>\n<\/li>\n<li class=\"\" data-start=\"4609\" data-end=\"4639\">\n<p class=\"\" data-start=\"4611\" data-end=\"4639\">Wasserfilter &amp; Starter-Kit<\/p>\n<\/li>\n<li class=\"\" data-start=\"4640\" data-end=\"4667\">\n<p class=\"\" data-start=\"4642\" data-end=\"4667\">Vollst\u00e4ndige Bedienungsanleitung<\/p>\n<\/li>\n<li class=\"\" data-start=\"4668\" data-end=\"4702\">\n<p class=\"\" data-start=\"4670\" data-end=\"4702\">KOSTENLOSE Lieferung (\u00fcber Chronopost)<\/p>\n<\/li>\n<li class=\"\" data-start=\"4703\" data-end=\"4769\">\n<p class=\"\" data-start=\"4705\" data-end=\"4769\"><strong data-start=\"4705\" data-end=\"4724\">5 Jahre Garantie<\/strong> (3 Jahre + 2 Jahre DK-Vertriebsverl\u00e4ngerung)<\/p>\n<\/li>\n<\/ul>\n<\/div>\n<\/div>\n<div class=\"col-sm-12 col-xs-12\">\n<div class=\"col-sm-4 col-xs-12\"><img loading=\"lazy\" decoding=\"async\" class=\"img-responsive alignnone\" src=\"https:\/\/www.maxicoffee.com\/fstrz\/r\/s\/www.maxicoffee.com\/images\/delonghi\/lattecrema-system-delonghi-cappuccino.jpg.pagespeed.ce.T1r8UfApS2.jpg?frz-v=165\" alt=\"DeLonghi PrimaDonna Soul Kaffeevollautomat\" width=\"300\" height=\"266\" \/><\/div>\n<div class=\"col-sm-8 col-xs-12\">\n<h2 class=\"\" data-start=\"4776\" data-end=\"4826\">\ud83d\udd11 <strong data-start=\"4782\" data-end=\"4826\">Warum sollten Sie sich f\u00fcr die DeLonghi PrimaDonna Soul entscheiden?<\/strong><\/h2>\n<div class=\"group pointer-events-none relative flex justify-center *:pointer-events-auto\"><button class=\"hover:bg-token-main-surface-secondary text-token-text-secondary pointer-events-auto rounded-lg px-1 py-1 opacity-0 transition-opacity duration-200 group-focus-within:opacity-100 group-hover:opacity-100\"><\/button><\/p>\n<div class=\"tableContainer horzScrollShadows relative\">\n<table class=\"min-w-full\" data-start=\"4828\" data-end=\"5157\">\n<thead data-start=\"4828\" data-end=\"4849\">\n<tr data-start=\"4828\" data-end=\"4849\">\n<th data-start=\"4828\" data-end=\"4838\">Besonderheit<\/th>\n<th data-start=\"4838\" data-end=\"4849\">Vorteil<\/th>\n<\/tr>\n<\/thead>\n<tbody data-start=\"4871\" data-end=\"5157\">\n<tr data-start=\"4871\" data-end=\"4931\">\n<td class=\"max-w-[calc(var(--thread-content-max-width)*2\/3)]\" data-start=\"4871\" data-end=\"4895\"><strong data-start=\"4873\" data-end=\"4894\">21 Kaffeerezepte<\/strong><\/td>\n<td class=\"max-w-[calc(var(--thread-content-max-width)*2\/3)]\" data-start=\"4895\" data-end=\"4931\">One-Touch-Vielfalt f\u00fcr jede Stimmung<\/td>\n<\/tr>\n<tr data-start=\"4932\" data-end=\"4992\">\n<td class=\"max-w-[calc(var(--thread-content-max-width)*2\/3)]\" data-start=\"4932\" data-end=\"4954\"><strong data-start=\"4934\" data-end=\"4953\">Bean Adapt Tech<\/strong><\/td>\n<td class=\"max-w-[calc(var(--thread-content-max-width)*2\/3)]\" data-start=\"4954\" data-end=\"4992\">Optimales Br\u00fchen f\u00fcr jede Bohnensorte<\/td>\n<\/tr>\n<tr data-start=\"4993\" data-end=\"5050\">\n<td class=\"max-w-[calc(var(--thread-content-max-width)*2\/3)]\" data-start=\"4993\" data-end=\"5017\"><strong data-start=\"4995\" data-end=\"5016\">LatteCrema-System<\/strong><\/td>\n<td class=\"max-w-[calc(var(--thread-content-max-width)*2\/3)]\" data-start=\"5017\" data-end=\"5050\">Perfekter Milchschaum \u2013 jedes Mal<\/td>\n<\/tr>\n<tr data-start=\"5051\" data-end=\"5107\">\n<td class=\"max-w-[calc(var(--thread-content-max-width)*2\/3)]\" data-start=\"5051\" data-end=\"5076\"><strong data-start=\"5053\" data-end=\"5075\">Smartphone-Steuerung<\/strong><\/td>\n<td class=\"max-w-[calc(var(--thread-content-max-width)*2\/3)]\" data-start=\"5076\" data-end=\"5107\">Anpassen und aus der Ferne brauen<\/td>\n<\/tr>\n<tr data-start=\"5108\" data-end=\"5157\">\n<td class=\"max-w-[calc(var(--thread-content-max-width)*2\/3)]\" data-start=\"5108\" data-end=\"5130\"><strong data-start=\"5110\" data-end=\"5129\">5 Jahre Garantie<\/strong><\/td>\n<td class=\"max-w-[calc(var(--thread-content-max-width)*2\/3)]\" data-start=\"5130\" data-end=\"5157\">Langfristige Sicherheit<\/td>\n<\/tr>\n<\/tbody>\n<\/table>\n<\/div>\n<\/div>\n<\/div>\n<\/div>\n<div class=\"col-sm-12 col-xs-12\">\n<div class=\"col-sm-8 col-xs-12\">\n<div><\/div>\n<\/div>\n<\/div>\n<div class=\"col-sm-12 col-xs-12\">\n<div class=\"col-sm-4 col-xs-12\"><img loading=\"lazy\" decoding=\"async\" class=\"img-responsive\" src=\"https:\/\/www.maxicoffee.com\/fstrz\/r\/s\/www.maxicoffee.com\/images\/delonghi\/bean-adapt-technology-delonghi2.jpg.pagespeed.ce.DILFu5TMGl.jpg?frz-v=165\" alt=\"Bean Adapt Delonghi Primadonna Soul ECAM 610.74.MB\" width=\"300\" height=\"264\" \/><\/div>\n<div class=\"col-sm-8 col-xs-12\">\n<h2 class=\"\" data-start=\"5164\" data-end=\"5186\"><strong data-start=\"5565\" data-end=\"5608\">DeLonghi PrimaDonna Soul<\/strong> Kundenrezensionen<\/h2>\n<p class=\"\" data-start=\"5188\" data-end=\"5352\"><strong data-start=\"5188\" data-end=\"5200\">Marie D.<\/strong> \u2013 \u2605\u2605\u2605\u2605\u2605<br data-start=\"5208\" data-end=\"5211\" \/><em data-start=\"5211\" data-end=\"5352\">\u201eDiese Maschine hat meine Morgen ver\u00e4ndert. Ich kann meinen Hafermilch-Flat-White perfekt \u00fcber die App anpassen und er schmeckt besser als in meinem Caf\u00e9 um die Ecke!\u201c<\/em><\/p>\n<p class=\"\" data-start=\"5354\" data-end=\"5506\"><strong data-start=\"5354\" data-end=\"5365\">Liam K.<\/strong> \u2013 \u2605\u2605\u2605\u2605\u2605<br data-start=\"5373\" data-end=\"5376\" \/><em data-start=\"5376\" data-end=\"5504\">\u201eJeden Cent wert. Das Bean Adapt System macht wirklich einen Unterschied. Mein \u00e4thiopischer heller R\u00f6stkaffee hat noch nie so gut geschmeckt.\u201c<\/em><\/p>\n<hr class=\"\" data-start=\"5508\" data-end=\"5511\" \/>\n<h2 class=\"\" data-start=\"5513\" data-end=\"5552\">Bereit, das Caf\u00e9 nach Hause zu holen?<\/h2>\n<p class=\"\" data-start=\"5554\" data-end=\"5810\">Bestellen Sie Ihre <strong data-start=\"5565\" data-end=\"5608\">DeLonghi PrimaDonna Soul ECAM 610.74.MB<\/strong> heute von <a href=\"https:\/\/bestathomeespressomachine.com\/de\/shop\/\"><strong data-start=\"5620\" data-end=\"5647\">Espressomachinesale.com<\/strong><\/a>.<br data-start=\"5648\" data-end=\"5651\" \/>Genie\u00dfen <strong data-start=\"5657\" data-end=\"5674\">Kostenlose Lieferung<\/strong>, ein kostenloses<strong data-start=\"5676\" data-end=\"5689\">\u00a0Geschenk<\/strong>und ein <strong data-start=\"5697\" data-end=\"5722\">Gesamtgarantie von 5 Jahren<\/strong>.<br data-start=\"5723\" data-end=\"5726\" \/>Werten Sie Ihren Morgen mit Kaffee auf, der <strong data-start=\"5767\" data-end=\"5810\">intelligent, einfach und gef\u00fchlvoll k\u00f6stlich<\/strong><\/p>\n<div><\/div>\n<\/div>\n<\/div>\n<div class=\"col-sm-12 col-xs-12\">\n<div class=\"col-sm-4 col-xs-12\"><img loading=\"lazy\" decoding=\"async\" class=\"img-responsive\" src=\"https:\/\/www.maxicoffee.com\/fstrz\/r\/s\/www.maxicoffee.com\/images\/delonghi\/kit-entretien-delonghi.jpg.pagespeed.ce.d_3f0q1c7A.jpg?frz-v=165\" alt=\"Wartung der Delonghi-Espressom\u00fchle\" width=\"300\" height=\"266\" \/><\/div>\n<div class=\"col-sm-8 col-xs-12\">\n<h2>Einfache und effektive Wartung dieser DeLonghi Primadonna Soul Espressom\u00fchle<\/h2>\n<div>\n<p>Vollautomaten mit DeLonghi-Mahlwerk sind sehr pflegeleicht. Ich empfehle Ihnen dringend, eine Filterkartusche zu verwenden, um das Wasser von Kalk zu befreien und gleichzeitig den Geschmack zu verbessern. Vergessen Sie nicht, die Maschine zu entkalken, sobald Sie dazu aufgefordert werden. Die Kaffeegruppe ist herausnehmbar und kann mindestens einmal pro Woche unter lauwarmem Wasser gereinigt werden. Lassen Sie sie an der Luft trocknen und setzen Sie sie dann wieder in die Maschine ein.<\/p>\n<\/div>\n<\/div>\n<\/div>","protected":false},"excerpt":{"rendered":"<ul>\n<li>Hochwertige Edelstahl- und Schwarzmetalloberfl\u00e4chen und verspiegelter Deckel<\/li>\n<li>Bean-Anpassung Technologie<\/li>\n<li>21 Rezepte mit direktem Zugriff<\/li>\n<li>4 neue Rezepte + 6 Kreationen + 5 Benutzerprofile<\/li>\n<li>Latte Crema System + Thermo-Milchkaraffe<\/li>\n<li>Version wird mit Reisebecher geliefert<\/li>\n<li>Maschine \u00fcber WLAN verbunden<\/li>\n<li>5 Jahre Garantie<\/li>\n<li>Klangkomfort: A++<\/li>\n<\/ul>","protected":false},"featured_media":21000,"comment_status":"open","ping_status":"closed","template":"","meta":[],"product_cat":[50],"product_tag":[],"class_list":{"0":"post-20896","1":"product","2":"type-product","3":"status-publish","4":"has-post-thumbnail","6":"product_cat-delonghi-espresso-machines","8":"first","9":"instock","10":"shipping-taxable","11":"product-type-simple","12":"col-xs-6 col-sm-4","13":"col-md-3 col-lg-3","14":"un-4-cols"},"jetpack_sharing_enabled":true,"_links":{"self":[{"href":"https:\/\/bestathomeespressomachine.com\/de\/wp-json\/wp\/v2\/product\/20896","targetHints":{"allow":["GET"]}}],"collection":[{"href":"https:\/\/bestathomeespressomachine.com\/de\/wp-json\/wp\/v2\/product"}],"about":[{"href":"https:\/\/bestathomeespressomachine.com\/de\/wp-json\/wp\/v2\/types\/product"}],"replies":[{"embeddable":true,"href":"https:\/\/bestathomeespressomachine.com\/de\/wp-json\/wp\/v2\/comments?post=20896"}],"version-history":[{"count":3,"href":"https:\/\/bestathomeespressomachine.com\/de\/wp-json\/wp\/v2\/product\/20896\/revisions"}],"predecessor-version":[{"id":22426,"href":"https:\/\/bestathomeespressomachine.com\/de\/wp-json\/wp\/v2\/product\/20896\/revisions\/22426"}],"wp:featuredmedia":[{"embeddable":true,"href":"https:\/\/bestathomeespressomachine.com\/de\/wp-json\/wp\/v2\/media\/21000"}],"wp:attachment":[{"href":"https:\/\/bestathomeespressomachine.com\/de\/wp-json\/wp\/v2\/media?parent=20896"}],"wp:term":[{"taxonomy":"product_cat","embeddable":true,"href":"https:\/\/bestathomeespressomachine.com\/de\/wp-json\/wp\/v2\/product_cat?post=20896"},{"taxonomy":"product_tag","embeddable":true,"href":"https:\/\/bestathomeespressomachine.com\/de\/wp-json\/wp\/v2\/product_tag?post=20896"}],"curies":[{"name":"wp","href":"https:\/\/api.w.org\/{rel}","templated":true}]}}