{"id":20899,"date":"2024-12-29T18:32:27","date_gmt":"2024-12-29T18:32:27","guid":{"rendered":"https:\/\/bestathomeespressomachine.com\/?post_type=product&#038;p=20899"},"modified":"2025-04-30T10:44:58","modified_gmt":"2025-04-30T10:44:58","slug":"delonghi-dinamica-lattecrema-super-automatic-espresso-cappuccino-machine-ecam35075si-silver","status":"publish","type":"product","link":"https:\/\/bestathomeespressomachine.com\/de\/product\/delonghi-dinamica-lattecrema-super-automatic-espresso-cappuccino-machine-ecam35075si-silver\/","title":{"rendered":"DeLonghi Dinamica LatteCrema Superautomatische Espresso- und Cappuccinomaschine ECAM35075SI (Silber)"},"content":{"rendered":"<div class=\"product-block-list__item product-block-list__item--description\">\n<div class=\"card\">\n<div class=\"card__section product-description-area\">\n<div class=\"rte text--pull\">\n<h2 data-start=\"0\" data-end=\"58\">Erleben Sie Kaffee in Barista-Qualit\u00e4t zu Hause mit der DeLonghi Dinamica LatteCrema Espressomaschine<\/h2>\n<p class=\"\" data-start=\"161\" data-end=\"536\">Der <strong data-start=\"165\" data-end=\"214\">DeLonghi Dinamica LatteCrema Espressomaschine<\/strong> ist die ultimative L\u00f6sung f\u00fcr alle, die hochwertigen Kaffee mit minimalem Aufwand genie\u00dfen m\u00f6chten. Diese elegante, kompakte Maschine vereint Design, Technologie und Vielseitigkeit perfekt und erm\u00f6glicht Ihnen auf Knopfdruck eine Vielzahl k\u00f6stlicher Kaffeegetr\u00e4nke \u2013 von cremigen Lattes bis hin zu erfrischendem Eiskaffee.<\/p>\n<h2 class=\"\" data-start=\"538\" data-end=\"602\">Warum sollten Sie sich f\u00fcr die DeLonghi Dinamica LatteCrema Espressomaschine entscheiden?<\/h2>\n<h3 class=\"\" data-start=\"604\" data-end=\"639\">Kompaktes Design f\u00fcr platzsparende<\/h3>\n<p class=\"\" data-start=\"640\" data-end=\"882\">Der <strong data-start=\"644\" data-end=\"693\">DeLonghi Dinamica LatteCrema Espressomaschine<\/strong> Das kompakte, flache Design passt perfekt in Ihre K\u00fcche, ohne zu viel Platz auf der Arbeitsfl\u00e4che einzunehmen. Trotz seiner geringen Stellfl\u00e4che bietet er hervorragende Leistung.<\/p>\n<h3 class=\"\" data-start=\"884\" data-end=\"915\">Advanced Brewing Technology<\/h3>\n<p class=\"\" data-start=\"916\" data-end=\"1092\">Ausgestattet mit der neuesten Brautechnologie von <strong data-start=\"963\" data-end=\"975\">DeLonghi<\/strong>Diese Maschine garantiert eine optimale Extraktion f\u00fcr jeden Kaffee und sorgt f\u00fcr ein volles Aroma und eine perfekte Crema f\u00fcr jede Tasse.<\/p>\n<h3 class=\"\" data-start=\"1094\" data-end=\"1122\">Neue Eiskaffee-Funktion<\/h3>\n<p class=\"\" data-start=\"1123\" data-end=\"1399\">Der <strong data-start=\"1127\" data-end=\"1176\">DeLonghi Dinamica LatteCrema Kaffeemaschine<\/strong> Die exklusive Eiskaffee-Funktion sorgt f\u00fcr eine niedrigere Br\u00fchtemperatur, l\u00e4sst das Pulver vorbr\u00fchen und verhindert, dass das Eis den Kaffee verw\u00e4ssert. Das Ergebnis? Ein erfrischender, vollmundiger Eiskaffee \u2013 jedes Mal.<\/p>\n<h2 class=\"\" data-start=\"1401\" data-end=\"1469\">Hauptmerkmale der DeLonghi Dinamica LatteCrema <strong data-start=\"6882\" data-end=\"6931\">Kaffee <\/strong>Maschine<\/h2>\n<h3 class=\"\" data-start=\"1471\" data-end=\"1493\">LatteCrema System\u2122<\/h3>\n<p class=\"\" data-start=\"1494\" data-end=\"1749\">Genie\u00dfen Sie perfekt aufgesch\u00e4umte Milch f\u00fcr Latte Macchiato und Cappuccino mit dem <strong data-start=\"1559\" data-end=\"1590\"><a href=\"https:\/\/bestathomeespressomachine.com\/de\/product\/buy-delonghi-dinamica-lattecrema-super-automatic-espresso-machine-online\/\">DeLonghi LatteCrem<\/a>ein System\u2122<\/strong>, das vollautomatisch und einstellbar ist. Dieses System funktioniert mit jeder Art von Milch, einschlie\u00dflich Hafer-, Soja- und Reismilch, sodass jeder seine perfekte Tasse genie\u00dfen kann.<\/p>\n<h3 class=\"\" data-start=\"1751\" data-end=\"1775\">Eiskaffee-Funktion<\/h3>\n<p class=\"\" data-start=\"1776\" data-end=\"2024\">Der <strong data-start=\"1780\" data-end=\"1829\">DeLonghi Dinamica LatteCrema Espressomaschine<\/strong> ist f\u00fcr die Zubereitung von Eiskaffee ohne Geschmackseinbu\u00dfen konzipiert. Die Zubereitung erfolgt bei niedrigerer Temperatur und mithilfe einer Vorbr\u00fchtechnik, die ein sanftes, reichhaltiges und aromatisches Eisgetr\u00e4nk ohne Verd\u00fcnnung gew\u00e4hrleistet.<\/p>\n<h3 class=\"\" data-start=\"2026\" data-end=\"2059\">Eingebautes konisches Mahlwerk<\/h3>\n<p class=\"\" data-start=\"2060\" data-end=\"2308\">Frisch gemahlener Kaffee ist der Schl\u00fcssel zu einer gro\u00dfartigen Tasse, und die <strong data-start=\"2113\" data-end=\"2162\">DeLonghi Dinamica LatteCrema Kaffeemaschine<\/strong> liefert genau das. Mit 13 Einstellungen f\u00fcr den perfekten Mahlgrad k\u00f6nnen Sie Ihren Aufguss f\u00fcr jede Art von Kaffeebohne anpassen und so Geschmack und Aroma maximieren.<\/p>\n<h3 class=\"\" data-start=\"2310\" data-end=\"2335\">Frische von der Bohne bis in die Tasse<\/h3>\n<p class=\"\" data-start=\"2336\" data-end=\"2480\">Mit der eingebauten M\u00fchle erhalten Sie die Frische des gemahlenen Kaffees direkt vor jeder Extraktion und stellen sicher, dass jede Tasse so frisch wie m\u00f6glich schmeckt.<\/p>\n<h3 class=\"\" data-start=\"2482\" data-end=\"2509\">Duales Thermoblock-System<\/h3>\n<p class=\"\" data-start=\"2510\" data-end=\"2743\">Der <strong data-start=\"2514\" data-end=\"2563\">DeLonghi Dinamica LatteCrema Kaffeemaschine<\/strong> nutzt ein duales Thermoblock-System f\u00fcr optimale Temperaturkontrolle. Dieses System sorgt f\u00fcr die perfekte Temperatur f\u00fcr Espresso, Milchaufsch\u00e4umen und jedes andere Getr\u00e4nk, das Sie zubereiten.<\/p>\n<h3 class=\"\" data-start=\"2745\" data-end=\"2774\">Anpassbare Benutzervoreinstellungen<\/h3>\n<p class=\"\" data-start=\"2775\" data-end=\"3007\">Speichern Sie Ihre bevorzugten Kaffeeeinstellungen mit dem <strong data-start=\"2819\" data-end=\"2868\">DeLonghi Dinamica LatteCrema Espressomaschine<\/strong>. Egal, ob Sie einen st\u00e4rkeren Aufguss oder eine cremigere Milchtextur bevorzugen, Sie k\u00f6nnen die Maschine so programmieren, dass sie Ihnen ganz einfach Ihre pers\u00f6nlichen Getr\u00e4nke zubereitet.<\/p>\n<h3 class=\"\" data-start=\"3009\" data-end=\"3029\">Einfache Wartung<\/h3>\n<p class=\"\" data-start=\"3030\" data-end=\"3262\">Der <strong data-start=\"3034\" data-end=\"3083\">DeLonghi Dinamica LatteCrema Kaffeemaschine<\/strong> Die sp\u00fclmaschinenfeste Tropfschale und die einfachen Wartungsvorg\u00e4nge machen die Reinigung zum Kinderspiel. Das integrierte Selbstreinigungssystem sorgt f\u00fcr maximale Hygiene.<\/p>\n<h2 class=\"\" data-start=\"3264\" data-end=\"3290\">Verf\u00fcgbare Kaffeegetr\u00e4nke<\/h2>\n<ul data-start=\"3292\" data-end=\"3441\">\n<li class=\"\" data-start=\"3292\" data-end=\"3304\">\n<p class=\"\" data-start=\"3294\" data-end=\"3304\">Espresso<\/p>\n<\/li>\n<li class=\"\" data-start=\"3305\" data-end=\"3320\">\n<p class=\"\" data-start=\"3307\" data-end=\"3320\">Eiskaffee<\/p>\n<\/li>\n<li class=\"\" data-start=\"3321\" data-end=\"3336\">\n<p class=\"\" data-start=\"3323\" data-end=\"3336\">Caff\u00e9 Latte<\/p>\n<\/li>\n<li class=\"\" data-start=\"3337\" data-end=\"3352\">\n<p class=\"\" data-start=\"3339\" data-end=\"3352\"><a href=\"https:\/\/bestathomeespressomachine.com\/de\/product\/philips-3300-lattego-super-automatic-coffee-machine-for-sale\/\">Cappuccinos<\/a><\/p>\n<\/li>\n<li class=\"\" data-start=\"3353\" data-end=\"3366\">\n<p class=\"\" data-start=\"3355\" data-end=\"3366\">Macchiato<\/p>\n<\/li>\n<li class=\"\" data-start=\"3367\" data-end=\"3381\">\n<p class=\"\" data-start=\"3369\" data-end=\"3381\">Flaches Wei\u00df<\/p>\n<\/li>\n<li class=\"\" data-start=\"3382\" data-end=\"3422\">\n<p class=\"\" data-start=\"3384\" data-end=\"3422\">Langer Kaffee (f\u00fcr Filterkaffee-Liebhaber)<\/p>\n<\/li>\n<li class=\"\" data-start=\"3423\" data-end=\"3441\">\n<p class=\"\" data-start=\"3425\" data-end=\"3441\">Steamed Hot Milk<\/p>\n<\/li>\n<\/ul>\n<h2 class=\"\" data-start=\"3443\" data-end=\"3461\">Specifications:<\/h2>\n<ul data-start=\"3463\" data-end=\"3571\">\n<li class=\"\" data-start=\"3463\" data-end=\"3504\">\n<p class=\"\" data-start=\"3465\" data-end=\"3504\"><strong data-start=\"3465\" data-end=\"3479\">Ma\u00dfe<\/strong>: 23,6 x 42,9 x 34,8 cm<\/p>\n<\/li>\n<li class=\"\" data-start=\"3505\" data-end=\"3550\">\n<p class=\"\" data-start=\"3507\" data-end=\"3550\"><strong data-start=\"3507\" data-end=\"3528\">Voltage\/Frequency<\/strong>: 110\/120 V ~ 50\/60 Hz<\/p>\n<\/li>\n<li class=\"\" data-start=\"3551\" data-end=\"3571\">\n<p class=\"\" data-start=\"3553\" data-end=\"3571\"><strong data-start=\"3553\" data-end=\"3564\">Wattzahl<\/strong>: 1250 W<\/p>\n<\/li>\n<\/ul>\n<h2 class=\"\" data-start=\"3573\" data-end=\"3634\">Warum die DeLonghi Dinamica LatteCrema Espressomaschine kaufen?<\/h2>\n<ul data-start=\"3636\" data-end=\"4366\">\n<li class=\"\" data-start=\"3636\" data-end=\"3795\">\n<p class=\"\" data-start=\"3638\" data-end=\"3795\"><strong data-start=\"3638\" data-end=\"3661\">Un\u00fcbertroffene Frische<\/strong>: Das eingebaute Mahlwerk sorgt daf\u00fcr, dass jede Tasse mit frisch gemahlenem Kaffee gebr\u00fcht wird, wodurch das volle Geschmackspotenzial Ihrer Bohnen freigesetzt wird.<\/p>\n<\/li>\n<li class=\"\" data-start=\"3796\" data-end=\"3940\">\n<p class=\"\" data-start=\"3798\" data-end=\"3940\"><strong data-start=\"3798\" data-end=\"3826\">Vielseitige Kaffeeoptionen<\/strong>: Von Espresso \u00fcber Eiskaffee bis hin zu Latte Macchiato und Cappuccino k\u00f6nnen Sie zu Hause eine gro\u00dfe Auswahl an Spezialgetr\u00e4nken genie\u00dfen.<\/p>\n<\/li>\n<li class=\"\" data-start=\"3941\" data-end=\"4083\">\n<p class=\"\" data-start=\"3943\" data-end=\"4083\"><strong data-start=\"3943\" data-end=\"3973\">Einfachheit und Komfort<\/strong>: Mit intuitiven One-Touch-Bedienelementen und anpassbaren Benutzervoreinstellungen genie\u00dfen Sie jedes Mal m\u00fcheloses Br\u00fchen.<\/p>\n<\/li>\n<li class=\"\" data-start=\"4084\" data-end=\"4232\">\n<p class=\"\" data-start=\"4086\" data-end=\"4232\"><strong data-start=\"4086\" data-end=\"4111\">Effizient und kompakt<\/strong>: Sein schlankes Design spart Platz auf Ihrer Arbeitsplatte, ohne die Leistung zu beeintr\u00e4chtigen, und macht es perfekt f\u00fcr kleine K\u00fcchen.<\/p>\n<\/li>\n<li class=\"\" data-start=\"4233\" data-end=\"4366\">\n<p class=\"\" data-start=\"4235\" data-end=\"4366\"><strong data-start=\"4235\" data-end=\"4252\">Leicht zu reinigen<\/strong>: Mit sp\u00fclmaschinenfesten Teilen und einem Selbstreinigungssystem ist die Wartung einfach und h\u00e4lt Ihre Maschine in Topform.<\/p>\n<\/li>\n<\/ul>\n<h2 class=\"\" data-start=\"4368\" data-end=\"4434\">Wo kann man die DeLonghi Dinamica LatteCrema Espressomaschine kaufen?<\/h2>\n<p class=\"\" data-start=\"4436\" data-end=\"4730\">Ich m\u00f6chte das <strong data-start=\"4460\" data-end=\"4509\">DeLonghi Dinamica LatteCrema Kaffeemaschine<\/strong>? Diese hochwertige Espressomaschine erhalten Sie exklusiv bei <strong data-start=\"4573\" data-end=\"4600\">Expressomachinesale.com<\/strong>. Wir bieten wettbewerbsf\u00e4hige Preise, ein sicheres Einkaufserlebnis und schnellen Versand, damit Sie das beste Preis-Leistungs-Verh\u00e4ltnis f\u00fcr Ihren Einkauf erhalten.<\/p>\n<h2 class=\"\" data-start=\"4732\" data-end=\"4751\">Kundenrezensionen<\/h2>\n<h3 class=\"\" data-start=\"4753\" data-end=\"4784\">\u201ePerfekt zum Heimbrauen!\u201c<\/h3>\n<p class=\"\" data-start=\"4785\" data-end=\"5036\"><em data-start=\"4785\" data-end=\"5023\">\u201eIch bin so froh, dass ich die DeLonghi Dinamica LatteCrema gekauft habe! Sie ist so einfach zu bedienen, und die Eiskaffee-Funktion ist einfach bahnbrechend! Ich liebe den frischen Kaffeegeschmack, und der Milchschaum f\u00fcr meine Lattes ist einfach perfekt. Ich kann sie nur empfehlen!\u201c<\/em><br data-start=\"5023\" data-end=\"5026\" \/>\u2014 Emily R.<\/p>\n<h3 class=\"\" data-start=\"5038\" data-end=\"5074\">\u201eSpart Zeit und liefert Geschmack\u201c<\/h3>\n<p class=\"\" data-start=\"5075\" data-end=\"5344\"><em data-start=\"5075\" data-end=\"5331\">Ich benutze diese Maschine jetzt seit ein paar Wochen und sie ist fantastisch. Dank der individuellen Einstellungen gelingen mir jedes Mal die perfekte Tasse Kaffee, und die Reinigung ist unglaublich einfach. Ich spare morgens so viel Zeit. Die beste Kaffeemaschine, die ich je hatte!<\/em><br data-start=\"5331\" data-end=\"5334\" \/>\u2014 Jason T.<\/p>\n<h3 class=\"\" data-start=\"5346\" data-end=\"5381\">\u201eEin Must-Have f\u00fcr <strong data-start=\"6882\" data-end=\"6931\">Kaffee <\/strong>Liebhaber\u201c<\/h3>\n<p class=\"\" data-start=\"5382\" data-end=\"5634\"><em data-start=\"5382\" data-end=\"5621\">\u201eDie DeLonghi Dinamica LatteCrema ist ein absoluter Genuss. Ich liebe es, dass ich mit nur einem Knopfdruck verschiedene Kaffeesorten zubereiten kann. Der Geschmack ist unglaublich, und die Maschine ist elegant und leicht zu reinigen. Die Investition lohnt sich definitiv!\u201c<\/em><br data-start=\"5621\" data-end=\"5624\" \/>\u2014 Sarah L.<br \/>\n<a href=\"https:\/\/bestathomeespressomachine.com\/de\/testimonials\/\">Referenzen<\/a><\/p>\n<h2 class=\"\" data-start=\"5636\" data-end=\"5672\">H\u00e4ufig gestellte Fragen (FAQs)<\/h2>\n<h3 class=\"\" data-start=\"5674\" data-end=\"5762\">Welche Milchsorten kann ich mit der DeLonghi Dinamica LatteCrema verwenden? <strong data-start=\"6882\" data-end=\"6931\">Kaffee <\/strong>Maschine?<\/h3>\n<p class=\"\" data-start=\"5763\" data-end=\"5956\">Sie k\u00f6nnen jede Milchsorte verwenden, einschlie\u00dflich Hafer-, Soja-, Reismilch und herk\u00f6mmlicher Kuhmilch. Das LatteCrema-System eignet sich f\u00fcr alle Milchsorten zum Aufsch\u00e4umen und Zubereiten cremiger Lattes und Cappuccinos.<\/p>\n<h3 class=\"\" data-start=\"5958\" data-end=\"6029\">Verf\u00fcgt die DeLonghi Dinamica LatteCrema \u00fcber eine Eiskaffeefunktion?<\/h3>\n<p class=\"\" data-start=\"6030\" data-end=\"6276\">Yes, the <strong data-start=\"6039\" data-end=\"6088\">DeLonghi Dinamica LatteCrema Kaffeemaschine<\/strong>\u00a0verf\u00fcgt \u00fcber eine exklusive Eiskaffeefunktion, die den Kaffee bei niedrigerer Temperatur br\u00fcht und den Kaffeesatz vorbr\u00fcht, um sicherzustellen, dass Ihr Eiskaffee vollmundig bleibt und nicht verw\u00e4ssert wird.<\/p>\n<h3 class=\"\" data-start=\"6278\" data-end=\"6351\">Kann ich bei der DeLonghi Dinamica LatteCrema die Kaffeest\u00e4rke einstellen?<\/h3>\n<p class=\"\" data-start=\"6352\" data-end=\"6488\">Ja, Sie k\u00f6nnen die Kaffeest\u00e4rke bei jedem Br\u00fchvorgang mit der Maschine anpassen, sodass Sie Ihren Kaffee ganz nach Ihren W\u00fcnschen zubereiten k\u00f6nnen.<\/p>\n<h3 class=\"\" data-start=\"6490\" data-end=\"6559\">Wie reinige ich die DeLonghi Dinamica LatteCrema Espressomaschine?<\/h3>\n<p class=\"\" data-start=\"6560\" data-end=\"6793\">Der <strong data-start=\"6564\" data-end=\"6613\">DeLonghi Dinamica LatteCrema Espressomaschine<\/strong> verf\u00fcgt \u00fcber ein Selbstreinigungssystem und eine sp\u00fclmaschinenfeste Tropfschale. Das Milchaufsch\u00e4umsystem l\u00e4sst sich leicht reinigen, und die Maschine f\u00fchrt Sie durch regelm\u00e4\u00dfige Wartungsarbeiten wie das Entkalken.<\/p>\n<h3 class=\"\" data-start=\"6795\" data-end=\"6865\">Wo kann ich die DeLonghi Dinamica LatteCrema Espressomaschine kaufen?<\/h3>\n<p class=\"\" data-start=\"6866\" data-end=\"7043\">Sie k\u00f6nnen kaufen die <strong data-start=\"6882\" data-end=\"6931\">DeLonghi Dinamica LatteCrema Kaffeemaschine<\/strong> ausschlie\u00dflich bei <strong data-start=\"6947\" data-end=\"6974\">Expressomachinesale.com<\/strong>, wo wir die besten Preise, sicheres Einkaufen und schnelle Lieferung bieten.<\/p>\n<hr class=\"\" data-start=\"7045\" data-end=\"7048\" \/>\n<h2 class=\"\" data-start=\"7050\" data-end=\"7074\">Preisgarantie<\/h2>\n<p class=\"\" data-start=\"7076\" data-end=\"7292\">Der <strong data-start=\"7080\" data-end=\"7129\">DeLonghi Dinamica LatteCrema Espressomaschine<\/strong> Bis zu 90 Tage nach dem Kauf k\u00f6nnen Sie sowohl bei uns als auch bei anderen Anbietern einen Preisvergleich durchf\u00fchren. Kaufen Sie jetzt sicher ein und sichern Sie sich den garantiert besten Preis!<\/p>\n<\/div>\n<\/div>\n<\/div>\n<\/div>","protected":false},"excerpt":{"rendered":"<p>Experience Barista-Quality Coffee at Home with the DeLonghi Dinamica LatteCrema Espresso Machine The DeLonghi Dinamica LatteCrema Espresso Machine is the ultimate solution for those who appreciate high-quality coffee with minimal effort. This sleek, compact machine brings the perfect balance of design, technology, and versatility, allowing you to enjoy a variety of delicious coffee drinks, from&hellip;<\/p>","protected":false},"featured_media":21018,"comment_status":"open","ping_status":"closed","template":"","meta":[],"product_cat":[50],"product_tag":[],"class_list":{"0":"post-20899","1":"product","2":"type-product","3":"status-publish","4":"has-post-thumbnail","6":"product_cat-delonghi-espresso-machines","8":"first","9":"instock","10":"sale","11":"shipping-taxable","12":"purchasable","13":"product-type-simple","14":"col-xs-6 col-sm-4","15":"col-md-3 col-lg-3","16":"un-4-cols"},"jetpack_sharing_enabled":true,"_links":{"self":[{"href":"https:\/\/bestathomeespressomachine.com\/de\/wp-json\/wp\/v2\/product\/20899","targetHints":{"allow":["GET"]}}],"collection":[{"href":"https:\/\/bestathomeespressomachine.com\/de\/wp-json\/wp\/v2\/product"}],"about":[{"href":"https:\/\/bestathomeespressomachine.com\/de\/wp-json\/wp\/v2\/types\/product"}],"replies":[{"embeddable":true,"href":"https:\/\/bestathomeespressomachine.com\/de\/wp-json\/wp\/v2\/comments?post=20899"}],"version-history":[{"count":3,"href":"https:\/\/bestathomeespressomachine.com\/de\/wp-json\/wp\/v2\/product\/20899\/revisions"}],"predecessor-version":[{"id":22420,"href":"https:\/\/bestathomeespressomachine.com\/de\/wp-json\/wp\/v2\/product\/20899\/revisions\/22420"}],"wp:featuredmedia":[{"embeddable":true,"href":"https:\/\/bestathomeespressomachine.com\/de\/wp-json\/wp\/v2\/media\/21018"}],"wp:attachment":[{"href":"https:\/\/bestathomeespressomachine.com\/de\/wp-json\/wp\/v2\/media?parent=20899"}],"wp:term":[{"taxonomy":"product_cat","embeddable":true,"href":"https:\/\/bestathomeespressomachine.com\/de\/wp-json\/wp\/v2\/product_cat?post=20899"},{"taxonomy":"product_tag","embeddable":true,"href":"https:\/\/bestathomeespressomachine.com\/de\/wp-json\/wp\/v2\/product_tag?post=20899"}],"curies":[{"name":"wp","href":"https:\/\/api.w.org\/{rel}","templated":true}]}}