{"id":20903,"date":"2024-12-29T18:32:27","date_gmt":"2024-12-29T18:32:27","guid":{"rendered":"https:\/\/bestathomeespressomachine.com\/?post_type=product&#038;p=20903"},"modified":"2025-04-30T10:09:04","modified_gmt":"2025-04-30T10:09:04","slug":"buy-philips-3200-lattego-automatic-espresso-coffee-machine-for-sale","status":"publish","type":"product","link":"https:\/\/bestathomeespressomachine.com\/de\/product\/buy-philips-3200-lattego-automatic-espresso-coffee-machine-for-sale\/","title":{"rendered":"Philips 3200 LatteGo Superautomatische Espresso-, Cappuccino- und Latte-Maschine EP3246\/74 (Silber)"},"content":{"rendered":"<h2 class=\"\" data-start=\"143\" data-end=\"215\">Philips 3200 LatteGo online kaufen \u2013 Barista-Kaffee leicht gemacht<\/h2>\n<p class=\"\" data-start=\"217\" data-end=\"608\">Suchen Sie nach der perfekten Kaffeemaschine, die Ihnen bequem von zu Hause aus konstante Getr\u00e4nke in Caf\u00e9-Qualit\u00e4t liefert? Die <strong data-start=\"342\" data-end=\"382\">Philips 3200 LatteGo online kaufen<\/strong> bietet genau das. Diese vollautomatische Espressomaschine kombiniert modernste Br\u00fchtechnologie mit der f\u00fcr Philips typischen Benutzerfreundlichkeit und bringt Ihnen Latte Macchiato, Cappuccino und mehr auf Knopfdruck.<\/p>\n<hr class=\"\" data-start=\"610\" data-end=\"613\" \/>\n<h2 class=\"\" data-start=\"615\" data-end=\"661\">Kommerzielle Funktionen, Komfort wie zu Hause<\/h2>\n<h3 class=\"\" data-start=\"663\" data-end=\"688\">LatteGo Milk System<\/h3>\n<p class=\"\" data-start=\"689\" data-end=\"875\">Genie\u00dfen Sie in Sekundenschnelle reichhaltigen, samtigen Milchschaum. Das LatteGo-System ist eine schlauchlose, zweiteilige Milchl\u00f6sung, die mit hoher Geschwindigkeit aufsch\u00e4umt und 100 % sp\u00fclmaschinenfest ist. Ideal f\u00fcr vielbesch\u00e4ftigte Kaffeeliebhaber.<\/p>\n<h3 class=\"\" data-start=\"877\" data-end=\"902\">Touch-Bedienfeld<\/h3>\n<p class=\"\" data-start=\"903\" data-end=\"1072\">\u00dcber das intuitive Display k\u00f6nnen Sie Ihre Lieblingsgetr\u00e4nke mit nur einem Fingertipp zubereiten. W\u00e4hlen Sie zwischen Espresso, Latte Macchiato, Cappuccino und mehr \u2013 ganz ohne Barista-Erfahrung.<\/p>\n<h3 class=\"\" data-start=\"1074\" data-end=\"1100\">Keramik-Kegelmahlwerk<\/h3>\n<p class=\"\" data-start=\"1101\" data-end=\"1243\">Das robuste und pr\u00e4zise eingebaute Keramikmahlwerk bietet 12 Mahleinstellungen und reicht f\u00fcr \u00fcber 20.000 Tassen, sodass jedes Mal frischer Kaffee geliefert wird.<\/p>\n<h3 class=\"\" data-start=\"1245\" data-end=\"1271\">Aroma-Extraktionssystem<\/h3>\n<p class=\"\" data-start=\"1272\" data-end=\"1411\">Die fortschrittliche Br\u00fchtechnologie von Philips sorgt f\u00fcr das perfekte Gleichgewicht zwischen Temperatur und Aroma und gew\u00e4hrleistet so eine optimale Extraktion in jeder Tasse.<\/p>\n<hr class=\"\" data-start=\"1413\" data-end=\"1416\" \/>\n<h2 class=\"\" data-start=\"1418\" data-end=\"1459\">Personalisierter Kaffee auf Knopfdruck<\/h2>\n<h3 class=\"\" data-start=\"1461\" data-end=\"1496\">MyCoffee Choice-Anpassung<\/h3>\n<p class=\"\" data-start=\"1497\" data-end=\"1580\">Mit dem <strong data-start=\"1506\" data-end=\"1546\">Philips 3200 LatteGo online kaufen<\/strong>, Sie k\u00f6nnen jedes Getr\u00e4nk personalisieren:<\/p>\n<ul data-start=\"1582\" data-end=\"1704\">\n<li class=\"\" data-start=\"1582\" data-end=\"1610\">\n<p class=\"\" data-start=\"1584\" data-end=\"1610\">3 Aromaintensit\u00e4tsstufen<\/p>\n<\/li>\n<li class=\"\" data-start=\"1611\" data-end=\"1637\">\n<p class=\"\" data-start=\"1613\" data-end=\"1637\">3 Temperature Settings<\/p>\n<\/li>\n<li class=\"\" data-start=\"1638\" data-end=\"1675\">\n<p class=\"\" data-start=\"1640\" data-end=\"1675\">Einstellbare Kaffee- und Milchmenge<\/p>\n<\/li>\n<li class=\"\" data-start=\"1676\" data-end=\"1704\">\n<p class=\"\" data-start=\"1678\" data-end=\"1704\">12-stufige Mahlwerkseinstellungen<\/p>\n<\/li>\n<\/ul>\n<p class=\"\" data-start=\"1706\" data-end=\"1811\">Egal, ob Sie Ihren Kaffee stark und kr\u00e4ftig oder sanft und mild m\u00f6gen, diese Maschine passt sich Ihren Vorlieben an.<\/p>\n<hr class=\"\" data-start=\"1813\" data-end=\"1816\" \/>\n<h2 class=\"\" data-start=\"1818\" data-end=\"1844\">Versatile Drink Options<\/h2>\n<h3 class=\"\" data-start=\"1846\" data-end=\"1872\">One-Touch-Getr\u00e4nkemen\u00fc<\/h3>\n<ul data-start=\"1873\" data-end=\"1959\">\n<li class=\"\" data-start=\"1873\" data-end=\"1885\">\n<p class=\"\" data-start=\"1875\" data-end=\"1885\">Espresso<\/p>\n<\/li>\n<li class=\"\" data-start=\"1886\" data-end=\"1896\">\n<p class=\"\" data-start=\"1888\" data-end=\"1896\">Kaffee<\/p>\n<\/li>\n<li class=\"\" data-start=\"1897\" data-end=\"1910\">\n<p class=\"\" data-start=\"1899\" data-end=\"1910\">amerikanisch<\/p>\n<\/li>\n<li class=\"\" data-start=\"1911\" data-end=\"1930\">\n<p class=\"\" data-start=\"1913\" data-end=\"1930\">Latte Macchiato<\/p>\n<\/li>\n<li class=\"\" data-start=\"1931\" data-end=\"1945\">\n<p class=\"\" data-start=\"1933\" data-end=\"1945\">Cappuccino<\/p>\n<\/li>\n<li class=\"\" data-start=\"1946\" data-end=\"1959\">\n<p class=\"\" data-start=\"1948\" data-end=\"1959\">Warmes Wasser<\/p>\n<\/li>\n<\/ul>\n<p class=\"\" data-start=\"1961\" data-end=\"2085\">Verwenden Sie ganze Bohnen oder vorgemahlenen Kaffee durch den Kaffeepulverschacht. Ideal f\u00fcr Haushalte mit unterschiedlichen Kaffeevorlieben.<\/p>\n<hr class=\"\" data-start=\"2087\" data-end=\"2090\" \/>\n<h2 class=\"\" data-start=\"2092\" data-end=\"2118\">Problemlose Wartung<\/h2>\n<h3 class=\"\" data-start=\"2120\" data-end=\"2148\">AquaClean Water Filter<\/h3>\n<p class=\"\" data-start=\"2149\" data-end=\"2281\">Dank des innovativen AquaClean-Filters von Philips k\u00f6nnen Sie bis zu 5.000 Tassen Kaffee zubereiten, ohne sie entkalken zu m\u00fcssen. Ein Filter ist im Lieferumfang enthalten.<\/p>\n<h3 class=\"\" data-start=\"2283\" data-end=\"2309\">Removable Brew Group<\/h3>\n<p class=\"\" data-start=\"2310\" data-end=\"2438\">Kein Werkzeug erforderlich \u2013 entfernen Sie einfach w\u00f6chentlich die Br\u00fchgruppe und sp\u00fclen Sie sie unter Wasser ab, damit Ihre Maschine sauber bleibt und einwandfrei funktioniert.<\/p>\n<h3 class=\"\" data-start=\"2440\" data-end=\"2473\">Automatische Sp\u00fcl- und Entkalkungswarnungen<\/h3>\n<p class=\"\" data-start=\"2474\" data-end=\"2563\">Behalten Sie die Maschinenwartung mit gef\u00fchrten, automatischen Sp\u00fcl- und Entkalkungsprogrammen im Griff.<\/p>\n<hr class=\"\" data-start=\"2565\" data-end=\"2568\" \/>\n<h2 class=\"\" data-start=\"2570\" data-end=\"2605\">Kompakt, stilvoll und k\u00fcchenfertig<\/h2>\n<h3 class=\"\" data-start=\"2607\" data-end=\"2633\">Schlank und platzsparend<\/h3>\n<p class=\"\" data-start=\"2634\" data-end=\"2800\">Mit nur 246 x 371 x 433 mm passt der Philips 3200 LatteGo perfekt auf jede Arbeitsplatte. Sein modernes Design passt sowohl in die zeitgen\u00f6ssische als auch in die klassische K\u00fcchen\u00e4sthetik.<\/p>\n<h3 class=\"\" data-start=\"2802\" data-end=\"2836\">Effizientes und langlebiges Design<\/h3>\n<p class=\"\" data-start=\"2837\" data-end=\"2976\">Ausgestattet mit einem 275-g-Bohnenbeh\u00e4lter (mit Aromaverschluss), einem 1,8-l-Wassertank und einer 0,26-l-Milchkaraffe ist diese Maschine f\u00fcr den Dauerbetrieb konzipiert.<\/p>\n<hr class=\"\" data-start=\"2978\" data-end=\"2981\" \/>\n<h2 class=\"\" data-start=\"2983\" data-end=\"3012\">Lieferumfang<\/h2>\n<ul data-start=\"3014\" data-end=\"3157\">\n<li class=\"\" data-start=\"3014\" data-end=\"3034\">\n<p class=\"\" data-start=\"3016\" data-end=\"3034\">AquaClean Filter<\/p>\n<\/li>\n<li class=\"\" data-start=\"3035\" data-end=\"3054\">\n<p class=\"\" data-start=\"3037\" data-end=\"3054\">Messl\u00f6ffel<\/p>\n<\/li>\n<li class=\"\" data-start=\"3055\" data-end=\"3078\">\n<p class=\"\" data-start=\"3057\" data-end=\"3078\">LatteGo Storage Lid<\/p>\n<\/li>\n<li class=\"\" data-start=\"3079\" data-end=\"3108\">\n<p class=\"\" data-start=\"3081\" data-end=\"3108\">Water Hardness Test Strip<\/p>\n<\/li>\n<li class=\"\" data-start=\"3109\" data-end=\"3124\">\n<p class=\"\" data-start=\"3111\" data-end=\"3124\">Grease Tube<\/p>\n<\/li>\n<li class=\"\" data-start=\"3125\" data-end=\"3157\">\n<p class=\"\" data-start=\"3127\" data-end=\"3157\">2 Jahre Herstellergarantie<\/p>\n<\/li>\n<\/ul>\n<hr class=\"\" data-start=\"3159\" data-end=\"3162\" \/>\n<h2 class=\"\" data-start=\"3164\" data-end=\"3216\">Warum den Philips 3200 LatteGo online kaufen?<\/h2>\n<p class=\"\" data-start=\"3218\" data-end=\"3518\">Der <strong data-start=\"3222\" data-end=\"3262\">Philips 3200 LatteGo online kaufen<\/strong> ist ein Muss f\u00fcr Kaffeeliebhaber, die eine automatische, benutzerfreundliche und stilvolle Maschine suchen, die m\u00fchelos Kaffeegetr\u00e4nke im Barista-Stil zubereitet. Von hei\u00dfem Espresso bis zu cremigem Cappuccino ist jede Tasse ein Genuss \u2013 und die Wartung ist kinderleicht.<\/p>\n<p class=\"\" data-start=\"3520\" data-end=\"3582\">Bestellen Sie jetzt und erleben Sie jeden Tag hochwertigen Kaffee zu Hause.<\/p>\n<hr class=\"\" data-start=\"3584\" data-end=\"3587\" \/>\n<h2 class=\"\" data-start=\"3589\" data-end=\"3596\">FAQs<\/h2>\n<h3 class=\"\" data-start=\"3598\" data-end=\"3652\">Wo kann ich den Philips 3200 LatteGo online kaufen?<\/h3>\n<p class=\"\" data-start=\"3653\" data-end=\"3858\">Sie k\u00f6nnen sicher kaufen die <strong data-start=\"3683\" data-end=\"3723\">Philips 3200 LatteGo online kaufen<\/strong> bei <a class=\"\" href=\"https:\/\/bestathomeespressomachine.com\/de\/\" target=\"_new\" rel=\"noopener\" data-start=\"3727\" data-end=\"3785\">espressomachinesale.com<\/a>. Freuen Sie sich \u00fcber schnellen Versand, Garantieabdeckung und hervorragenden Kundensupport.<\/p>\n<h3 class=\"\" data-start=\"3860\" data-end=\"3894\">Kann ich vorgemahlenen Kaffee verwenden?<\/h3>\n<p class=\"\" data-start=\"3895\" data-end=\"3984\">Ja! Nutzen Sie den speziellen Kaffeepulverschacht sowohl f\u00fcr gemahlenen Kaffee als auch f\u00fcr ganze Bohnen.<\/p>\n<h3 class=\"\" data-start=\"3986\" data-end=\"4024\">Wie oft muss ich es reinigen?<\/h3>\n<p class=\"\" data-start=\"4025\" data-end=\"4145\">Die Maschine erfordert nur minimalen Wartungsaufwand. Reinigen Sie die Br\u00fchgruppe w\u00f6chentlich und entkalken Sie sie alle 5.000 Tassen mit dem AquaClean-Filter.<\/p>","protected":false},"excerpt":{"rendered":"<p>Philips 3200 LatteGo For Sale Online \u2013 Barista-Style Coffee Made Easy Looking for the perfect bean-to-cup machine that delivers consistent, caf\u00e9-quality drinks from the comfort of your home? The Philips 3200 LatteGo for sale online offers exactly that. Combining cutting-edge brewing technology with Philips\u2019 signature ease of use, this fully automatic espresso machine brings lattes,&hellip;<\/p>","protected":false},"featured_media":21046,"comment_status":"open","ping_status":"closed","template":"","meta":[],"product_cat":[49],"product_tag":[],"class_list":{"0":"post-20903","1":"product","2":"type-product","3":"status-publish","4":"has-post-thumbnail","6":"product_cat-philips-espresso-machines","8":"first","9":"instock","10":"sale","11":"shipping-taxable","12":"purchasable","13":"product-type-simple","14":"col-xs-6 col-sm-4","15":"col-md-3 col-lg-3","16":"un-4-cols"},"jetpack_sharing_enabled":true,"_links":{"self":[{"href":"https:\/\/bestathomeespressomachine.com\/de\/wp-json\/wp\/v2\/product\/20903","targetHints":{"allow":["GET"]}}],"collection":[{"href":"https:\/\/bestathomeespressomachine.com\/de\/wp-json\/wp\/v2\/product"}],"about":[{"href":"https:\/\/bestathomeespressomachine.com\/de\/wp-json\/wp\/v2\/types\/product"}],"replies":[{"embeddable":true,"href":"https:\/\/bestathomeespressomachine.com\/de\/wp-json\/wp\/v2\/comments?post=20903"}],"version-history":[{"count":3,"href":"https:\/\/bestathomeespressomachine.com\/de\/wp-json\/wp\/v2\/product\/20903\/revisions"}],"predecessor-version":[{"id":22412,"href":"https:\/\/bestathomeespressomachine.com\/de\/wp-json\/wp\/v2\/product\/20903\/revisions\/22412"}],"wp:featuredmedia":[{"embeddable":true,"href":"https:\/\/bestathomeespressomachine.com\/de\/wp-json\/wp\/v2\/media\/21046"}],"wp:attachment":[{"href":"https:\/\/bestathomeespressomachine.com\/de\/wp-json\/wp\/v2\/media?parent=20903"}],"wp:term":[{"taxonomy":"product_cat","embeddable":true,"href":"https:\/\/bestathomeespressomachine.com\/de\/wp-json\/wp\/v2\/product_cat?post=20903"},{"taxonomy":"product_tag","embeddable":true,"href":"https:\/\/bestathomeespressomachine.com\/de\/wp-json\/wp\/v2\/product_tag?post=20903"}],"curies":[{"name":"wp","href":"https:\/\/api.w.org\/{rel}","templated":true}]}}