{"id":20904,"date":"2024-12-29T18:32:27","date_gmt":"2024-12-29T18:32:27","guid":{"rendered":"https:\/\/bestathomeespressomachine.com\/?post_type=product&#038;p=20904"},"modified":"2025-04-30T04:01:33","modified_gmt":"2025-04-30T04:01:33","slug":"buy-delonghi-eletta-automatic-espresso-machine-for-sale","status":"publish","type":"product","link":"https:\/\/bestathomeespressomachine.com\/de\/product\/buy-delonghi-eletta-automatic-espresso-machine-for-sale\/","title":{"rendered":"DeLonghi Eletta Cappuccino Superautomatische Espressomaschine ECAM44660B (Schwarz)"},"content":{"rendered":"<div class=\"product-block-list__item product-block-list__item--description\">\n<div class=\"card\">\n<div class=\"card__section product-description-area\">\n<div class=\"rte text--pull\">\n<h2 class=\"\" data-start=\"132\" data-end=\"205\"><strong data-start=\"135\" data-end=\"205\">DeLonghi Eletta online zum Verkauf: Premium-Espresso- und Kaffeemaschine<\/strong><\/h2>\n<h3 class=\"\" data-start=\"207\" data-end=\"295\"><strong data-start=\"211\" data-end=\"295\">Entdecken Sie die DeLonghi ECAM45760S Eletta Cappuccino Top Kaffee- und Espressomaschine<\/strong><\/h3>\n<p class=\"\" data-start=\"297\" data-end=\"756\">Wenn Sie auf der Suche nach einer DeLonghi<strong data-start=\"319\" data-end=\"354\">\u00a0Zum Online-Verkauf gew\u00e4hlt<\/strong>, suchen Sie nicht weiter! Die <strong data-start=\"377\" data-end=\"422\">DeLonghi ECAM45760S Eletta Cappuccino-Top<\/strong> ist eine der hochwertigsten Espressovollautomaten von DeLonghi. Sie vereint fortschrittliche Funktionen, die normalerweise nur bei Maschinen \u00fcber 2.500 US-Dollar zu finden sind, und bietet au\u00dfergew\u00f6hnliche Qualit\u00e4t und Vielseitigkeit. Die Maschine wurde entwickelt, um auf Knopfdruck eine Vielzahl von Getr\u00e4nken in Barista-Qualit\u00e4t zuzubereiten. <strong data-start=\"698\" data-end=\"717\">DeLonghi gew\u00e4hlt<\/strong> bietet ein Erlebnis wie kein anderes.<\/p>\n<p class=\"\" data-start=\"758\" data-end=\"1241\">Diese Maschine zeichnet sich durch die M\u00f6glichkeit aus, einen ultrafeinen Mahlgrad einzustellen \u2013 ideal f\u00fcr alle, die eine pr\u00e4zise Kaffeezubereitung lieben. Dar\u00fcber hinaus verf\u00fcgt sie \u00fcber zwei austauschbare Milchsysteme: ein <strong data-start=\"945\" data-end=\"977\">Automatische Lattecrema-D\u00fcse<\/strong> f\u00fcr perfekt strukturierten Milchschaum und eine <strong data-start=\"1017\" data-end=\"1048\"><a href=\"https:\/\/bestathomeespressomachine.com\/de\/product\/philips-3200-series-classic-milk-frother-super-automatic-espresso-machine\/\">Handbuch<\/a> Pannarello-Dampfarm<\/strong> F\u00fcr die Zubereitung hei\u00dfer Getr\u00e4nke wie Matcha Latte und hei\u00dfe Schokolade. Egal, ob Sie Espresso-Liebhaber oder Fan von cremigen Lattes und Cappuccinos sind, diese Maschine bietet f\u00fcr jeden Geschmack etwas.<\/p>\n<p class=\"\" data-start=\"1243\" data-end=\"1560\">Hergestellt in Italien mit erstklassigen Komponenten, <strong data-start=\"1287\" data-end=\"1317\"><a href=\"https:\/\/bestathomeespressomachine.com\/de\/product\/buy-delonghi-eletta-explore-fully-automatic-espresso-machine-online\/\">DeLonghi gew\u00e4hlt<\/a> ECAM45760S<\/strong> bietet alles, was Sie f\u00fcr ein au\u00dfergew\u00f6hnliches Kaffeeerlebnis zu Hause brauchen. Mit einem <strong data-start=\"1395\" data-end=\"1422\">programmierbare Startzeit<\/strong>, <strong data-start=\"1424\" data-end=\"1448\">spezieller Tassenw\u00e4rmer<\/strong>und einer Reihe von Milchaufsch\u00e4umoptionen ist es die ideale Maschine f\u00fcr alle, die hei\u00dfe, aromatische Kaffeegetr\u00e4nke lieben.<\/p>\n<h2 data-start=\"1562\" data-end=\"1616\"><strong data-start=\"1566\" data-end=\"1616\">Hauptmerkmale der DeLonghi Eletta ECAM45760S<\/strong><\/h2>\n<ul data-start=\"1618\" data-end=\"2740\">\n<li class=\"\" data-start=\"1618\" data-end=\"1724\">\n<p class=\"\" data-start=\"1620\" data-end=\"1724\"><strong data-start=\"1620\" data-end=\"1651\">Patentiertes Latte Crema System<\/strong>: Sorgt f\u00fcr dicken, reichhaltigen und lang anhaltenden Schaum f\u00fcr Ihre Espressogetr\u00e4nke.<\/p>\n<\/li>\n<li class=\"\" data-start=\"1725\" data-end=\"1849\">\n<p class=\"\" data-start=\"1727\" data-end=\"1849\"><strong data-start=\"1727\" data-end=\"1751\">Manueller Aufsch\u00e4umer<\/strong>: Perfekt f\u00fcr die Zubereitung von hei\u00dfem Matcha-Latte, hei\u00dfer Schokolade oder Milch mit der hei\u00dfesten m\u00f6glichen Temperatur.<\/p>\n<\/li>\n<li class=\"\" data-start=\"1850\" data-end=\"1943\">\n<p class=\"\" data-start=\"1852\" data-end=\"1943\"><strong data-start=\"1852\" data-end=\"1876\">15 Bar Pumpendruck<\/strong>: Br\u00fcht Getr\u00e4nke mit dem idealen Druck f\u00fcr eine optimale Kaffeeextraktion.<\/p>\n<\/li>\n<li class=\"\" data-start=\"1944\" data-end=\"2051\">\n<p class=\"\" data-start=\"1946\" data-end=\"2051\"><strong data-start=\"1946\" data-end=\"1966\">Eingebaute M\u00fchle<\/strong>: Mahlt Kaffeebohnen frisch, um Abfall zu vermeiden und sorgt f\u00fcr eine stets frische Tasse.<\/p>\n<\/li>\n<li class=\"\" data-start=\"2052\" data-end=\"2169\">\n<p class=\"\" data-start=\"2054\" data-end=\"2169\"><strong data-start=\"2054\" data-end=\"2104\">Unterst\u00fctzt sowohl Kaffeebohnen als auch vorgemahlenen Kaffee<\/strong>: Genie\u00dfen Sie die Flexibilit\u00e4t, entweder Bohnen oder vorgemahlenen Kaffee zu verwenden.<\/p>\n<\/li>\n<li class=\"\" data-start=\"2170\" data-end=\"2257\">\n<p class=\"\" data-start=\"2172\" data-end=\"2257\"><strong data-start=\"2172\" data-end=\"2203\">Automatische Reinigungsfunktion<\/strong>: H\u00e4lt Ihre Maschine mit minimalem Aufwand in Topform.<\/p>\n<\/li>\n<li class=\"\" data-start=\"2258\" data-end=\"2359\">\n<p class=\"\" data-start=\"2260\" data-end=\"2359\"><strong data-start=\"2260\" data-end=\"2276\">Benutzervorgaben<\/strong>: Passen Sie Ihre Br\u00fch- und Aufsch\u00e4umeinstellungen f\u00fcr personalisierte Getr\u00e4nke an und speichern Sie sie.<\/p>\n<\/li>\n<li class=\"\" data-start=\"2360\" data-end=\"2424\">\n<p class=\"\" data-start=\"2362\" data-end=\"2424\"><strong data-start=\"2362\" data-end=\"2395\">Abnehmbarer Aufsch\u00e4umer\/Wasserauslauf<\/strong>: Leicht zu reinigen und zu pflegen.<\/p>\n<\/li>\n<li class=\"\" data-start=\"2425\" data-end=\"2493\">\n<p class=\"\" data-start=\"2427\" data-end=\"2493\"><strong data-start=\"2427\" data-end=\"2467\">Sp\u00fclmaschinenfeste externe Milchkaraffe<\/strong>: Praktisch zum Reinigen.<\/p>\n<\/li>\n<li class=\"\" data-start=\"2494\" data-end=\"2578\">\n<p class=\"\" data-start=\"2496\" data-end=\"2578\"><strong data-start=\"2496\" data-end=\"2526\">400 g Bohnenbeh\u00e4lter<\/strong>: Mit einem geschmackssch\u00fctzenden Deckel, damit Ihre Bohnen frisch bleiben.<\/p>\n<\/li>\n<li class=\"\" data-start=\"2579\" data-end=\"2740\">\n<p class=\"\" data-start=\"2581\" data-end=\"2740\"><strong data-start=\"2581\" data-end=\"2615\">3 Jahre Herstellergarantie <a href=\"https:\/\/bestathomeespressomachine.com\/de\/warranty-information\/\">Garantie<\/a><\/strong>: Genie\u00dfen Sie 2 Jahre Abdeckung plus 1 zus\u00e4tzliches Jahr, wenn Sie sich nach dem Kauf registrieren (in Partnerschaft mit DeLonghi Canada).<\/p>\n<\/li>\n<\/ul>\n<h2 data-start=\"2742\" data-end=\"2793\"><strong data-start=\"2746\" data-end=\"2793\">Warum sollten Sie sich f\u00fcr den Online-Kauf von DeLonghi Eletta entscheiden?<\/strong><\/h2>\n<p class=\"\" data-start=\"2795\" data-end=\"3232\">Der <strong data-start=\"2799\" data-end=\"2829\">DeLonghi Eletta ECAM45760S<\/strong> vereinfacht die Zubereitung Ihrer Lieblingsgetr\u00e4nke. Egal ob Sie Lust auf eine <strong data-start=\"2929\" data-end=\"2941\">Espresso<\/strong>, <b>Kaffee Milch<\/b>, <strong data-start=\"2960\" data-end=\"2973\">macchiato<\/strong>, <b>flaches Wei\u00df<\/b>, oder <b>langer Kaffee<\/b>, Die <strong data-start=\"3015\" data-end=\"3034\">DeLonghi gew\u00e4hlt<\/strong> So gelingt Ihnen jedes Mal der perfekte Kaffee. Die Maschine ist f\u00fcr eine optimale Kaffeeextraktion bei idealer Temperatur und Druck ausgelegt und sorgt so f\u00fcr professionellen Geschmack in jeder Tasse.<\/p>\n<p class=\"\" data-start=\"3234\" data-end=\"3251\"><strong data-start=\"3234\" data-end=\"3248\">Ma\u00dfe<\/strong>:<\/p>\n<ul data-start=\"3252\" data-end=\"3356\">\n<li class=\"\" data-start=\"3252\" data-end=\"3279\">\n<p class=\"\" data-start=\"3254\" data-end=\"3279\"><strong data-start=\"3254\" data-end=\"3264\">H\u00f6he<\/strong>: 14,2 Zoll<\/p>\n<\/li>\n<li class=\"\" data-start=\"3280\" data-end=\"3306\">\n<p class=\"\" data-start=\"3282\" data-end=\"3306\"><strong data-start=\"3282\" data-end=\"3291\">Breite<\/strong>: 18,4 Zoll<\/p>\n<\/li>\n<li class=\"\" data-start=\"3307\" data-end=\"3333\">\n<p class=\"\" data-start=\"3309\" data-end=\"3333\"><strong data-start=\"3309\" data-end=\"3318\">Tiefe<\/strong>: 10,2 Zoll<\/p>\n<\/li>\n<li class=\"\" data-start=\"3334\" data-end=\"3356\">\n<p class=\"\" data-start=\"3336\" data-end=\"3356\"><strong data-start=\"3336\" data-end=\"3346\">Gewicht<\/strong>: 34,5 Pfund<\/p>\n<\/li>\n<\/ul>\n<p class=\"\" data-start=\"3358\" data-end=\"3387\"><strong data-start=\"3358\" data-end=\"3384\">Weitere Informationen<\/strong>:<\/p>\n<ul data-start=\"3388\" data-end=\"3548\">\n<li class=\"\" data-start=\"3388\" data-end=\"3432\">\n<p class=\"\" data-start=\"3390\" data-end=\"3432\"><strong data-start=\"3390\" data-end=\"3417\">Fassungsverm\u00f6gen des Bohnenbeh\u00e4lters<\/strong>: 14 oz \/ 400 g<\/p>\n<\/li>\n<li class=\"\" data-start=\"3433\" data-end=\"3463\">\n<p class=\"\" data-start=\"3435\" data-end=\"3463\"><strong data-start=\"3435\" data-end=\"3452\">Pumpendruck<\/strong>: 15 Takte<\/p>\n<\/li>\n<li class=\"\" data-start=\"3464\" data-end=\"3503\">\n<p class=\"\" data-start=\"3466\" data-end=\"3503\"><strong data-start=\"3466\" data-end=\"3483\">Nennspannung<\/strong>: 110\/120 V 50\/60 Hz<\/p>\n<\/li>\n<li class=\"\" data-start=\"3504\" data-end=\"3548\">\n<p class=\"\" data-start=\"3506\" data-end=\"3548\"><strong data-start=\"3506\" data-end=\"3546\">Sp\u00fclmaschinenfeste externe Milchkaraffe<\/strong><\/p>\n<\/li>\n<\/ul>\n<h2 data-start=\"3550\" data-end=\"3600\"><strong data-start=\"3554\" data-end=\"3600\">Kaufen Sie DeLonghi Eletta noch heute online im Angebot<\/strong><\/h2>\n<p class=\"\" data-start=\"3602\" data-end=\"3963\">Ich m\u00f6chte eine DeLonghi kaufen<strong data-start=\"3617\" data-end=\"3652\">\u00a0Zum Online-Verkauf gew\u00e4hlt<\/strong>? Jetzt haben Sie die Chance, eine der besten vollautomatischen Espressomaschinen auf dem Markt zu besitzen! Die <strong data-start=\"3746\" data-end=\"3776\">DeLonghi Eletta ECAM45760S<\/strong> Die Kaffeemaschine ist f\u00fcr alle gedacht, die mit jeder Tasse hochwertigen Kaffee genie\u00dfen m\u00f6chten. Mit ihrem eleganten italienischen Design, den dualen Milchsystemen und der einfachen Bedienung passt sie perfekt in die K\u00fcche jedes Kaffeeliebhabers.<\/p>\n<p class=\"\" data-start=\"3965\" data-end=\"4221\"><strong data-start=\"3965\" data-end=\"3993\">Preisgarantie<\/strong><br data-start=\"3993\" data-end=\"3996\" \/>Wir bieten eine <b>price-matching guarantee<\/b>\u00a0Bis zu 90 Tage nach dem Kauf. Sichern Sie sich den garantiert besten Preis und kaufen Sie mit Vertrauen ein. Genie\u00dfen Sie <strong data-start=\"4130\" data-end=\"4147\">Kostenloser Versand<\/strong> auf Ihrer Bestellung beim Kauf der <strong data-start=\"4184\" data-end=\"4214\">DeLonghi Eletta ECAM45760S<\/strong> Heute!<\/p>\n<\/div>\n<\/div>\n<\/div>\n<\/div>\n<div class=\"product-block-list__item product-block-list__item--reviews\">\n<div class=\"card\">\n<div class=\"card__section\">\n<div class=\"product-pricing-guarantee-image\"><img decoding=\"async\" src=\"https:\/\/www.homecoffeesolutions.com\/cdn\/shop\/t\/162\/assets\/icon-product-pricing-guarantee.png?v=167166774008428846021734391559\" alt=\"\" \/><\/div>\n<p>F\u00fcr dieses Produkt bieten wir bis zu 90 Tage nach dem Kauf einen Preisvergleich mit Ihnen und anderen Anbietern an. Kaufen Sie jetzt sicher ein und sichern Sie sich den garantiert besten Preis.<\/p>\n<\/div>\n<\/div>\n<\/div>","protected":false},"excerpt":{"rendered":"<p>DeLonghi Eletta For Sale Online: Premium Espresso &amp; Coffee Machine Discover the DeLonghi ECAM45760S Eletta Cappuccino Top Coffee &amp; Espresso Machine If you&#8217;re looking for a DeLonghi\u00a0Eletta for sale online, look no further! The DeLonghi ECAM45760S Eletta Cappuccino Top is one of the highest-end fully automatic espresso machines from DeLonghi. It combines advanced features typically&hellip;<\/p>","protected":false},"featured_media":21049,"comment_status":"open","ping_status":"closed","template":"","meta":[],"product_cat":[50],"product_tag":[],"class_list":{"0":"post-20904","1":"product","2":"type-product","3":"status-publish","4":"has-post-thumbnail","6":"product_cat-delonghi-espresso-machines","8":"first","9":"instock","10":"sale","11":"shipping-taxable","12":"purchasable","13":"product-type-simple","14":"col-xs-6 col-sm-4","15":"col-md-3 col-lg-3","16":"un-4-cols"},"jetpack_sharing_enabled":true,"_links":{"self":[{"href":"https:\/\/bestathomeespressomachine.com\/de\/wp-json\/wp\/v2\/product\/20904","targetHints":{"allow":["GET"]}}],"collection":[{"href":"https:\/\/bestathomeespressomachine.com\/de\/wp-json\/wp\/v2\/product"}],"about":[{"href":"https:\/\/bestathomeespressomachine.com\/de\/wp-json\/wp\/v2\/types\/product"}],"replies":[{"embeddable":true,"href":"https:\/\/bestathomeespressomachine.com\/de\/wp-json\/wp\/v2\/comments?post=20904"}],"version-history":[{"count":6,"href":"https:\/\/bestathomeespressomachine.com\/de\/wp-json\/wp\/v2\/product\/20904\/revisions"}],"predecessor-version":[{"id":22410,"href":"https:\/\/bestathomeespressomachine.com\/de\/wp-json\/wp\/v2\/product\/20904\/revisions\/22410"}],"wp:featuredmedia":[{"embeddable":true,"href":"https:\/\/bestathomeespressomachine.com\/de\/wp-json\/wp\/v2\/media\/21049"}],"wp:attachment":[{"href":"https:\/\/bestathomeespressomachine.com\/de\/wp-json\/wp\/v2\/media?parent=20904"}],"wp:term":[{"taxonomy":"product_cat","embeddable":true,"href":"https:\/\/bestathomeespressomachine.com\/de\/wp-json\/wp\/v2\/product_cat?post=20904"},{"taxonomy":"product_tag","embeddable":true,"href":"https:\/\/bestathomeespressomachine.com\/de\/wp-json\/wp\/v2\/product_tag?post=20904"}],"curies":[{"name":"wp","href":"https:\/\/api.w.org\/{rel}","templated":true}]}}