{"id":21346,"date":"2025-01-02T08:51:19","date_gmt":"2025-01-02T08:51:19","guid":{"rendered":"https:\/\/bestathomeespressomachine.com\/?post_type=product&#038;p=21346"},"modified":"2025-06-12T05:26:52","modified_gmt":"2025-06-12T05:26:52","slug":"delonghi-eletta-cappuccino-top-super-automatic-espresso-machine-ecam45760s-silver-refurbished","status":"publish","type":"product","link":"https:\/\/bestathomeespressomachine.com\/de\/product\/delonghi-eletta-cappuccino-top-super-automatic-espresso-machine-ecam45760s-silver-refurbished\/","title":{"rendered":"DeLonghi Eletta Cappuccino Top Super Automatische Espressomaschine ECAM45760S (Silber) \u2013 General\u00fcberholt"},"content":{"rendered":"<div class=\"product-block-list__item product-block-list__item--description\">\n<div class=\"card\">\n<div class=\"card__section product-description-area\">\n<div class=\"rte text--pull\">\n<h2 class=\"\" data-start=\"195\" data-end=\"232\">Kaufen Sie DeLonghi Eletta Explore online<\/h2>\n<p class=\"\" data-start=\"303\" data-end=\"460\"><span class=\"relative -mx-px my-[-0.2rem] rounded px-px py-[0.2rem] transition-colors duration-100 ease-in-out\">Entdecken Sie online, wo Sie die DeLonghi Eletta Explore kaufen k\u00f6nnen, eine vollautomatische Espressomaschine, die Ihnen Getr\u00e4nke in Caf\u00e9-Qualit\u00e4t nach Hause bringt.<\/span> <span class=\"relative -mx-px my-[-0.2rem] rounded px-px py-[0.2rem] transition-colors duration-100 ease-in-out\">Mit \u00fcber 50 hei\u00dfen und kalten Rezepten auf Knopfdruck, darunter Espresso, Cappuccino, Latte, Eiscappuccino, Eislatte und Cold Brew, bietet diese Maschine Vielseitigkeit und Komfort.<\/span> \u200b<\/p>\n<hr class=\"\" data-start=\"462\" data-end=\"465\" \/>\n<h2 class=\"\" data-start=\"467\" data-end=\"509\">Warum sollten Sie sich f\u00fcr die DeLonghi Eletta Explore entscheiden?<\/h2>\n<ul data-start=\"511\" data-end=\"1264\">\n<li class=\"\" data-start=\"511\" data-end=\"626\">\n<p class=\"\" data-start=\"513\" data-end=\"626\"><strong data-start=\"513\" data-end=\"543\">Vielseitige Getr\u00e4nkeoptionen<\/strong>: <span class=\"relative -mx-px my-[-0.2rem] rounded px-px py-[0.2rem] transition-colors duration-100 ease-in-out\">Genie\u00dfen Sie eine gro\u00dfe Auswahl an Getr\u00e4nken, vom klassischen Espresso bis hin zu innovativen Kaltgetr\u00e4nken, alle mit Pr\u00e4zision zubereitet.<\/span>\u200b<\/p>\n<\/li>\n<li class=\"\" data-start=\"628\" data-end=\"788\">\n<p class=\"\" data-start=\"630\" data-end=\"788\"><strong data-start=\"630\" data-end=\"667\">Fortschrittliche Milchaufsch\u00e4umtechnologie<\/strong>: <span class=\"relative -mx-px my-[-0.2rem] rounded px-px py-[0.2rem] transition-colors duration-100 ease-in-out\">Die LatteCrema\u2122 Hot and Cool-Systeme sorgen f\u00fcr perfekten Milchschaum f\u00fcr hei\u00dfe und kalte Getr\u00e4nke und liefern jedes Mal samtigen Mikroschaum.<\/span><\/p>\n<\/li>\n<li class=\"\" data-start=\"790\" data-end=\"951\">\n<p class=\"\" data-start=\"792\" data-end=\"951\"><strong data-start=\"792\" data-end=\"824\">Cold Brew in unter 3 Minuten<\/strong>: <span class=\"relative -mx-px my-[-0.2rem] rounded px-px py-[0.2rem] transition-colors duration-100 ease-in-out\">Erleben Sie den Komfort von frisch gebr\u00fchtem Cold Brew Coffee in weniger als drei Minuten dank der firmeneigenen Cold Extraction Technology von De&#039;Longhi.<\/span> \u200b<\/p>\n<\/li>\n<li class=\"\" data-start=\"953\" data-end=\"1109\">\n<p class=\"\" data-start=\"955\" data-end=\"1109\"><strong data-start=\"955\" data-end=\"982\">Intuitive Touch Display<\/strong>: <span class=\"relative -mx-px my-[-0.2rem] rounded px-px py-[0.2rem] transition-colors duration-100 ease-in-out\">Das 3,5-Zoll-TFT-Farbdisplay mit Volltouch und Soft-Touch-Bediensymbolen macht die Navigation durch die Rezepte einfach und intuitiv.<\/span> \u200bDe&#039;Longhi+2 De&#039;Longhi+2 <span class=\"ms-1 inline-flex max-w-full items-center relative top-[-0.094rem] animate-[show_150ms_ease-in]\"><a class=\"flex h-4.5 overflow-hidden rounded-xl px-2 text-[0.5625em] font-medium text-token-text-secondary! bg-[#F4F4F4]! dark:bg-[#303030]! transition-colors duration-150 ease-in-out\" href=\"https:\/\/www.delonghi.com\/en-us\/eletta-explore-espresso-machine?utm_source=chatgpt.com\" target=\"_blank\" rel=\"noopener nofollow\"><span class=\"relative start-0 bottom-0 flex h-full w-full items-center\"><span class=\"flex h-4 w-full items-center justify-between absolute\"><span class=\"max-w-full grow truncate overflow-hidden text-center\">De&#039;Longhi<\/span><span class=\"-me-1 flex h-full items-center rounded-full px-1 text-[#8F8F8F]\">+2<\/span><\/span><\/span><\/a><\/span><\/p>\n<\/li>\n<li class=\"\" data-start=\"1111\" data-end=\"1264\">\n<p class=\"\" data-start=\"1113\" data-end=\"1264\"><strong data-start=\"1113\" data-end=\"1137\">Personalisiertes Brauen<\/strong>: <span class=\"relative -mx-px my-[-0.2rem] rounded px-px py-[0.2rem] transition-colors duration-100 ease-in-out\">Mit der Bean Adapt-Technologie passt die Maschine die Einstellungen automatisch an, um je nach gew\u00e4hlter Bohnensorte eine optimale Kaffeeextraktion zu gew\u00e4hrleisten.<\/span><\/p>\n<\/li>\n<\/ul>\n<hr class=\"\" data-start=\"1266\" data-end=\"1269\" \/>\n<h2 class=\"\" data-start=\"1271\" data-end=\"1286\">Hauptmerkmale<\/h2>\n<ul data-start=\"1288\" data-end=\"2074\">\n<li class=\"\" data-start=\"1288\" data-end=\"1450\">\n<p class=\"\" data-start=\"1290\" data-end=\"1450\"><strong data-start=\"1290\" data-end=\"1323\">Built-in Conical Burr Grinder<\/strong>: <span class=\"relative -mx-px my-[-0.2rem] rounded px-px py-[0.2rem] transition-colors duration-100 ease-in-out\">Verf\u00fcgt \u00fcber 13 Mahleinstellungen f\u00fcr frisch gemahlenen Kaffee ganz nach Ihrem Geschmack.<\/span> \u200b<\/p>\n<\/li>\n<li class=\"\" data-start=\"1452\" data-end=\"1611\">\n<p class=\"\" data-start=\"1454\" data-end=\"1611\"><strong data-start=\"1454\" data-end=\"1484\">Hei\u00df- und Kaltschaumtechnologie<\/strong>: <span class=\"relative -mx-px my-[-0.2rem] rounded px-px py-[0.2rem] transition-colors duration-100 ease-in-out\">Kreieren Sie mit den LatteCrema\u2122-Systemen perfekten Milchschaum f\u00fcr hei\u00dfe und kalte Getr\u00e4nke.<\/span> \u200b<\/p>\n<\/li>\n<li class=\"\" data-start=\"1613\" data-end=\"1772\">\n<p class=\"\" data-start=\"1615\" data-end=\"1772\"><strong data-start=\"1615\" data-end=\"1645\">Kaltextraktionstechnologie<\/strong>: <span class=\"relative -mx-px my-[-0.2rem] rounded px-px py-[0.2rem] transition-colors duration-100 ease-in-out\">Bereiten Sie Cold Brew-Kaffee in weniger als 3 Minuten mit niedrigem Druck und Wasser bei Raumtemperatur zu.<\/span> \u200b<\/p>\n<\/li>\n<li class=\"\" data-start=\"1774\" data-end=\"1920\">\n<p class=\"\" data-start=\"1776\" data-end=\"1920\"><strong data-start=\"1776\" data-end=\"1793\">Leicht zu reinigen<\/strong>: <span class=\"relative -mx-px my-[-0.2rem] rounded px-px py-[0.2rem] transition-colors duration-100 ease-in-out\">Abnehmbare und sp\u00fclmaschinenfeste Teile f\u00fcr eine problemlose Reinigung.<\/span> \u200b<\/p>\n<\/li>\n<li class=\"\" data-start=\"1922\" data-end=\"2074\">\n<p class=\"\" data-start=\"1924\" data-end=\"2074\"><strong data-start=\"1924\" data-end=\"1947\">Reisebecher inklusive<\/strong>: <span class=\"relative -mx-px my-[-0.2rem] rounded px-px py-[0.2rem] transition-colors duration-100 ease-in-out\">Kompatibel mit 15 Hei\u00df- und Kaltrezepten, Br\u00fchmenge bis zu 16 oz.<\/span> \u200bDe&#039;Longhi+2De&#039;Longhi+2<\/p>\n<\/li>\n<\/ul>\n<hr class=\"\" data-start=\"2076\" data-end=\"2079\" \/>\n<h2 class=\"\" data-start=\"2081\" data-end=\"2098\">Technische Daten<\/h2>\n<ul data-start=\"2100\" data-end=\"2652\">\n<li class=\"\" data-start=\"2100\" data-end=\"2211\">\n<p class=\"\" data-start=\"2102\" data-end=\"2211\"><strong data-start=\"2102\" data-end=\"2124\">Abmessungen (BxTxH)<\/strong>: <span class=\"relative -mx-px my-[-0.2rem] rounded px-px py-[0.2rem] transition-colors duration-100 ease-in-out\">24 x 44 x 36 cm<\/span>\u200b<\/p>\n<\/li>\n<li class=\"\" data-start=\"2213\" data-end=\"2312\">\n<p class=\"\" data-start=\"2215\" data-end=\"2312\"><strong data-start=\"2215\" data-end=\"2225\">Gewicht<\/strong>: <span class=\"relative -mx-px my-[-0.2rem] rounded px-px py-[0.2rem] transition-colors duration-100 ease-in-out\">9,6 kg\u00a0<\/span><\/p>\n<\/li>\n<li class=\"\" data-start=\"2314\" data-end=\"2431\">\n<p class=\"\" data-start=\"2316\" data-end=\"2431\"><strong data-start=\"2316\" data-end=\"2344\">Kapazit\u00e4t des Wasserreservoirs<\/strong>: <span class=\"relative -mx-px my-[-0.2rem] rounded px-px py-[0.2rem] transition-colors duration-100 ease-in-out\">L \/ 60 oz <\/span>De&#039;Longhi + 3 Home <strong data-start=\"2435\" data-end=\"2462\">Nennspannung\/-frequenz<\/strong>: <span class=\"relative -mx-px my-[-0.2rem] rounded px-px py-[0.2rem] transition-colors duration-100 ease-in-out\">120 V ~ 60 Hz <\/span>\u200b<\/p>\n<\/li>\n<li class=\"\" data-start=\"2314\" data-end=\"2431\">\n<p class=\"\" data-start=\"2316\" data-end=\"2431\"><strong data-start=\"2553\" data-end=\"2565\">Garantie<\/strong>: <span class=\"relative -mx-px my-[-0.2rem] rounded px-px py-[0.2rem] transition-colors duration-100 ease-in-out\">3 Jahre Herstellergarantie (2 Jahre Standard + 1 zus\u00e4tzliches Jahr bei Registrierung)<\/span><\/p>\n<\/li>\n<\/ul>\n<hr class=\"\" data-start=\"2654\" data-end=\"2657\" \/>\n<h2 class=\"\" data-start=\"2659\" data-end=\"2678\">Warum bei uns kaufen?<\/h2>\n<ul data-start=\"2680\" data-end=\"3170\">\n<li class=\"\" data-start=\"2680\" data-end=\"2803\">\n<p class=\"\" data-start=\"2682\" data-end=\"2803\">\u2705 <strong data-start=\"2684\" data-end=\"2716\">Autorisierter DeLonghi-H\u00e4ndler<\/strong>: <span class=\"relative -mx-px my-[-0.2rem] rounded px-px py-[0.2rem] transition-colors duration-100 ease-in-out\">Kaufen Sie vertrauensvoll bei einem offiziellen DeLonghi-Partner.<\/span>\u200b<\/p>\n<\/li>\n<li class=\"\" data-start=\"2805\" data-end=\"2921\">\n<p class=\"\" data-start=\"2807\" data-end=\"2921\">\ud83d\ude9a <strong data-start=\"2810\" data-end=\"2834\">Schneller und kostenloser Versand<\/strong>: <span class=\"relative -mx-px my-[-0.2rem] rounded px-px py-[0.2rem] transition-colors duration-100 ease-in-out\">Freuen Sie sich \u00fcber eine schnelle und kostenlose Lieferung bei allen Bestellungen.<\/span>\u200b<\/p>\n<\/li>\n<li class=\"\" data-start=\"2923\" data-end=\"3047\">\n<p class=\"\" data-start=\"2925\" data-end=\"3047\">\ud83d\udd04 <strong data-start=\"2928\" data-end=\"2960\">90-Tage-Preisgarantie<\/strong>: <span class=\"relative -mx-px my-[-0.2rem] rounded px-px py-[0.2rem] transition-colors duration-100 ease-in-out\">Sie haben einen besseren Preis gefunden? Wir passen ihn innerhalb von 90 Tagen an.<\/span>\u200b<\/p>\n<\/li>\n<li class=\"\" data-start=\"3049\" data-end=\"3170\">\n<p class=\"\" data-start=\"3051\" data-end=\"3170\">\ud83d\udee1\ufe0f <strong data-start=\"3055\" data-end=\"3083\">Echter Garantie-Support<\/strong>: <span class=\"relative -mx-px my-[-0.2rem] rounded px-px py-[0.2rem] transition-colors duration-100 ease-in-out\">Profitieren Sie von der vollst\u00e4ndigen Herstellergarantie.<\/span>\u200b<\/p>\n<\/li>\n<\/ul>\n<p class=\"\" data-start=\"3172\" data-end=\"3283\">\ud83d\udc49 <a class=\"\" href=\"https:\/\/bestathomeespressomachine.com\/de\/shop\/\" target=\"_new\" rel=\"noopener\" data-start=\"3175\" data-end=\"3283\"><strong data-start=\"3176\" data-end=\"3218\">DeLonghi Eletta Explore jetzt online kaufen<\/strong><\/a><\/p>\n<hr class=\"\" data-start=\"3285\" data-end=\"3288\" \/>\n<h2 class=\"\" data-start=\"3290\" data-end=\"3333\">DeLonghi Eletta Entdecken Sie Kundenrezensionen<\/h2>\n<p class=\"\" data-start=\"225\" data-end=\"385\">\u2b50\ufe0f\u2b50\ufe0f\u2b50\ufe0f\u2b50\ufe0f\u2b50\ufe0f<br data-start=\"235\" data-end=\"238\" \/><em data-start=\"238\" data-end=\"368\">\u201eIch bin absolut begeistert von dieser Maschine. Sie ist einfach zu bedienen, br\u00fcht fantastischen Kaffee und ich finde es toll, dass weder Kapseln noch Filter verschwendet werden.\u201c<\/em><br data-start=\"368\" data-end=\"371\" \/>\u2014 <strong data-start=\"373\" data-end=\"385\">Laura M.<\/strong><\/p>\n<p class=\"\" data-start=\"387\" data-end=\"522\">\u2b50\ufe0f\u2b50\ufe0f\u2b50\ufe0f\u2b50\ufe0f\u2606<br data-start=\"396\" data-end=\"399\" \/><em data-start=\"399\" data-end=\"505\">\u201eDie TrueBrew ver\u00e4ndert meinen Morgen grundlegend. Frischer Kaffee, viele Gr\u00f6\u00dfenoptionen und so einfach zu reinigen!\u201c<\/em><br data-start=\"505\" data-end=\"508\" \/>\u2014 <strong data-start=\"510\" data-end=\"522\">David B.<\/strong><\/p>\n<p class=\"\" data-start=\"524\" data-end=\"682\">\u2b50\ufe0f\u2b50\ufe0f\u2b50\ufe0f\u2b50\ufe0f\u2b50\ufe0f<br data-start=\"534\" data-end=\"537\" \/><em data-start=\"537\" data-end=\"664\">\u201eWir haben das f\u00fcr unser B\u00fcro gekauft und alle sind begeistert! Kein Abfall, toller Geschmack und der Karaffenmodus ist perfekt f\u00fcr Meetings.\u201c<\/em><br data-start=\"664\" data-end=\"667\" \/>\u2014 <strong data-start=\"669\" data-end=\"682\">Sophie K.<\/strong><\/p>\n<p class=\"\" data-start=\"684\" data-end=\"824\">\u2b50\ufe0f\u2b50\ufe0f\u2b50\ufe0f\u2b50\ufe0f\u2b50\ufe0f<br data-start=\"694\" data-end=\"697\" \/><em data-start=\"697\" data-end=\"807\">\u201eIch bin absolut begeistert von dieser Maschine! Die Cold-Brew-Funktion ist bahnbrechend und der Milchaufsch\u00e4umer ist erstklassig.\u201c<\/em><br data-start=\"807\" data-end=\"810\" \/>\u2014 <strong data-start=\"812\" data-end=\"824\">Sarah W.<\/strong><\/p>\n<p class=\"\" data-start=\"826\" data-end=\"960\">\u2b50\ufe0f\u2b50\ufe0f\u2b50\ufe0f\u2b50\ufe0f\u2b50\ufe0f<br data-start=\"836\" data-end=\"839\" \/><em data-start=\"839\" data-end=\"944\">\u201eEine kleine Investition, aber jeden Cent wert. Die Getr\u00e4nkeauswahl und die Qualit\u00e4t sind au\u00dfergew\u00f6hnlich.\u201c<\/em><br data-start=\"944\" data-end=\"947\" \/>\u2014 <strong data-start=\"949\" data-end=\"960\">Mark T.<\/strong><\/p>\n<hr class=\"\" data-start=\"3607\" data-end=\"3610\" \/>\n<h2 class=\"\" data-start=\"3612\" data-end=\"3619\">FAQs<\/h2>\n<h3 class=\"\" data-start=\"3621\" data-end=\"3685\"><strong data-start=\"3625\" data-end=\"3683\">Ist die DeLonghi Eletta Explore f\u00fcr Anf\u00e4nger geeignet?<\/strong><\/h3>\n<p class=\"\" data-start=\"3686\" data-end=\"3771\"><span class=\"relative -mx-px my-[-0.2rem] rounded px-px py-[0.2rem] transition-colors duration-100 ease-in-out\">Ja! Dank des intuitiven Touchscreens und der gef\u00fchrten Einrichtung kann jeder zu Hause professionelle Getr\u00e4nke zubereiten.<\/span>\u200b<\/p>\n<h3 class=\"\" data-start=\"3773\" data-end=\"3808\"><strong data-start=\"3777\" data-end=\"3806\">Kann ich milchfreie Milch verwenden?<\/strong><\/h3>\n<p class=\"\" data-start=\"3809\" data-end=\"3894\"><span class=\"relative -mx-px my-[-0.2rem] rounded px-px py-[0.2rem] transition-colors duration-100 ease-in-out\">Absolut. Das LatteCrema\u2122-System funktioniert mit Hafer-, Mandel- und Sojamilchalternativen.<\/span>\u200b<\/p>\n<h3 class=\"\" data-start=\"3896\" data-end=\"3945\"><strong data-start=\"3900\" data-end=\"3943\">Was macht es besser als Kapselmaschinen?<\/strong><\/h3>\n<p class=\"\" data-start=\"3946\" data-end=\"4031\"><span class=\"relative -mx-px my-[-0.2rem] rounded px-px py-[0.2rem] transition-colors duration-100 ease-in-out\">F\u00fcr maximale Frische werden ganze Bohnen verwendet, und der Kaffee ist v\u00f6llig h\u00fclsenfrei, was ihn zu einer Zero-Waste-L\u00f6sung macht.<\/span>\u200b<\/p>\n<h3 class=\"\" data-start=\"4033\" data-end=\"4068\"><strong data-start=\"4037\" data-end=\"4066\">Kann man damit auch Eiskaffee zubereiten?<\/strong><\/h3>\n<p class=\"\" data-start=\"4069\" data-end=\"4154\"><span class=\"relative -mx-px my-[-0.2rem] rounded px-px py-[0.2rem] transition-colors duration-100 ease-in-out\">Ja, und nicht nur gek\u00fchlter Kaffee \u2013 die Funktionen \u201eCold Foam\u201c und \u201eOver Ice\u201c sorgen daf\u00fcr, dass Ihre Getr\u00e4nke auch beim \u00dcbergie\u00dfen mit Eis stark und aromatisch bleiben.<\/span>\u200b<\/p>\n<\/div>\n<\/div>\n<\/div>\n<\/div>","protected":false},"excerpt":{"rendered":"<p>Buy DeLonghi Eletta Explore Online Discover where to buy the DeLonghi Eletta Explore online, a fully automatic espresso machine designed to bring caf\u00e9-quality beverages to your home. With over 50 hot and cold recipes at the touch of a button, including espresso, cappuccino, latte, iced cappuccino, iced latte, and cold brew, this machine offers versatility&hellip;<\/p>","protected":false},"featured_media":21347,"comment_status":"open","ping_status":"closed","template":"","meta":[],"product_cat":[50],"product_tag":[],"class_list":{"0":"post-21346","1":"product","2":"type-product","3":"status-publish","4":"has-post-thumbnail","6":"product_cat-delonghi-espresso-machines","8":"first","9":"instock","10":"sale","11":"shipping-taxable","12":"purchasable","13":"product-type-simple","14":"col-xs-6 col-sm-4","15":"col-md-3 col-lg-3","16":"un-4-cols"},"jetpack_sharing_enabled":true,"_links":{"self":[{"href":"https:\/\/bestathomeespressomachine.com\/de\/wp-json\/wp\/v2\/product\/21346","targetHints":{"allow":["GET"]}}],"collection":[{"href":"https:\/\/bestathomeespressomachine.com\/de\/wp-json\/wp\/v2\/product"}],"about":[{"href":"https:\/\/bestathomeespressomachine.com\/de\/wp-json\/wp\/v2\/types\/product"}],"replies":[{"embeddable":true,"href":"https:\/\/bestathomeespressomachine.com\/de\/wp-json\/wp\/v2\/comments?post=21346"}],"version-history":[{"count":3,"href":"https:\/\/bestathomeespressomachine.com\/de\/wp-json\/wp\/v2\/product\/21346\/revisions"}],"predecessor-version":[{"id":22380,"href":"https:\/\/bestathomeespressomachine.com\/de\/wp-json\/wp\/v2\/product\/21346\/revisions\/22380"}],"wp:featuredmedia":[{"embeddable":true,"href":"https:\/\/bestathomeespressomachine.com\/de\/wp-json\/wp\/v2\/media\/21347"}],"wp:attachment":[{"href":"https:\/\/bestathomeespressomachine.com\/de\/wp-json\/wp\/v2\/media?parent=21346"}],"wp:term":[{"taxonomy":"product_cat","embeddable":true,"href":"https:\/\/bestathomeespressomachine.com\/de\/wp-json\/wp\/v2\/product_cat?post=21346"},{"taxonomy":"product_tag","embeddable":true,"href":"https:\/\/bestathomeespressomachine.com\/de\/wp-json\/wp\/v2\/product_tag?post=21346"}],"curies":[{"name":"wp","href":"https:\/\/api.w.org\/{rel}","templated":true}]}}