{"id":21380,"date":"2025-01-02T09:25:49","date_gmt":"2025-01-02T09:25:49","guid":{"rendered":"https:\/\/bestathomeespressomachine.com\/?post_type=product&#038;p=21380"},"modified":"2025-04-28T21:42:13","modified_gmt":"2025-04-28T21:42:13","slug":"delonghi-truebrew-automatic-coffee-machine","status":"publish","type":"product","link":"https:\/\/bestathomeespressomachine.com\/de\/product\/delonghi-truebrew-automatic-coffee-machine\/","title":{"rendered":"DeLonghi TrueBrew Filterkaffeevollautomat CAM51035M (Edelstahl mit Thermoskanne)"},"content":{"rendered":"<div class=\"product-block-list__item product-block-list__item--description\">\n<div class=\"card\">\n<div class=\"card__section product-description-area\">\n<div class=\"rte text--pull\">\n<h1 class=\"\" data-start=\"241\" data-end=\"289\"><strong data-start=\"243\" data-end=\"289\">DeLonghi TrueBrew Kaffeevollautomat<\/strong><\/h1>\n<h2 class=\"\" data-start=\"291\" data-end=\"306\"><strong data-start=\"294\" data-end=\"306\">\u00dcberblick<\/strong><\/h2>\n<p class=\"\" data-start=\"308\" data-end=\"810\">Der <strong data-start=\"312\" data-end=\"358\">DeLonghi TrueBrew Kaffeevollautomat<\/strong> stellt eine neue \u00c4ra in der Kaffeezubereitung dar \u2013 die Kombination <strong data-start=\"410\" data-end=\"438\">Einzelportions-Filterkaffee<\/strong> Komfort mit <strong data-start=\"456\" data-end=\"478\">Spezialgetr\u00e4nk<\/strong> Qualit\u00e4t, und das alles ohne verschwenderische Pads oder Papierfilter. TrueBrew verwendet <strong data-start=\"559\" data-end=\"587\">frische ganze Kaffeebohnen<\/strong> und Funktionen <strong data-start=\"601\" data-end=\"615\">Null Abfall<\/strong> F\u00fcr ein nachhaltigeres und besseres Kaffeeerlebnis zu Hause. Von einem kleinen Espresso bis hin zu einer vollen 1,2-l-Karaffe \u2013 TrueBrew erf\u00fcllt alle Kaffeew\u00fcnsche auf Knopfdruck.<\/p>\n<h2 class=\"\" data-start=\"812\" data-end=\"831\"><strong data-start=\"815\" data-end=\"831\">Hauptmerkmale<\/strong><\/h2>\n<h3 class=\"\" data-start=\"833\" data-end=\"861\"><strong data-start=\"837\" data-end=\"861\">Einfache Bedienung mit nur einem Tastendruck<\/strong><\/h3>\n<p class=\"\" data-start=\"862\" data-end=\"1032\">Erleben Sie echten Komfort. Die DeLonghi TrueBrew nutzt eine pr\u00e4zise und adaptive Br\u00fchtechnologie und bietet <strong data-start=\"968\" data-end=\"999\">perfekt abgestimmter Kaffee<\/strong> auf Knopfdruck.<\/p>\n<h3 class=\"\" data-start=\"1034\" data-end=\"1059\"><strong data-start=\"1038\" data-end=\"1059\">Br\u00fchgr\u00f6\u00dfenoptionen<\/strong><\/h3>\n<p class=\"\" data-start=\"1060\" data-end=\"1147\">Egal, ob Sie f\u00fcr sich selbst oder f\u00fcr eine Gruppe brauen, TrueBrew bietet vielseitige Gr\u00f6\u00dfenoptionen:<\/p>\n<ul data-start=\"1148\" data-end=\"1244\">\n<li class=\"\" data-start=\"1148\" data-end=\"1167\">\n<p class=\"\" data-start=\"1150\" data-end=\"1167\">8 oz Einzelportion<\/p>\n<\/li>\n<li class=\"\" data-start=\"1168\" data-end=\"1198\">\n<p class=\"\" data-start=\"1170\" data-end=\"1198\">12 oz, 16 oz und 24 oz Tassen<\/p>\n<\/li>\n<li class=\"\" data-start=\"1199\" data-end=\"1224\">\n<p class=\"\" data-start=\"1201\" data-end=\"1224\">3-oz-Tasse im Espresso-Stil<\/p>\n<\/li>\n<li class=\"\" data-start=\"1225\" data-end=\"1244\">\n<p class=\"\" data-start=\"1227\" data-end=\"1244\">Volle 40-oz-Karaffe<\/p>\n<\/li>\n<\/ul>\n<h3 class=\"\" data-start=\"1246\" data-end=\"1274\"><strong data-start=\"1250\" data-end=\"1274\">Mehrere Br\u00fchstile<\/strong><\/h3>\n<p class=\"\" data-start=\"1275\" data-end=\"1319\">Passen Sie Ihr Getr\u00e4nk je nach Stimmung an:<\/p>\n<ul data-start=\"1320\" data-end=\"1369\">\n<li class=\"\" data-start=\"1320\" data-end=\"1327\">\n<p class=\"\" data-start=\"1322\" data-end=\"1327\">Licht<\/p>\n<\/li>\n<li class=\"\" data-start=\"1328\" data-end=\"1334\">\n<p class=\"\" data-start=\"1330\" data-end=\"1334\">Gold<\/p>\n<\/li>\n<li class=\"\" data-start=\"1335\" data-end=\"1341\">\n<p class=\"\" data-start=\"1337\" data-end=\"1341\">Deutlich<\/p>\n<\/li>\n<li class=\"\" data-start=\"1342\" data-end=\"1352\">\n<p class=\"\" data-start=\"1344\" data-end=\"1352\">\u00dcber Eis<\/p>\n<\/li>\n<li class=\"\" data-start=\"1353\" data-end=\"1369\">\n<p class=\"\" data-start=\"1355\" data-end=\"1369\">Espresso-Stil<\/p>\n<\/li>\n<\/ul>\n<p class=\"\" data-start=\"1371\" data-end=\"1450\">Der <strong data-start=\"1375\" data-end=\"1387\">\u00dcber Eis<\/strong> Der Modus passt sich automatisch an, sodass jedes Mal ein perfekter Eiskaffee entsteht.<\/p>\n<h3 class=\"\" data-start=\"1452\" data-end=\"1484\"><strong data-start=\"1456\" data-end=\"1484\">Eingebaute Uhr und Auto-On<\/strong><\/h3>\n<p class=\"\" data-start=\"1485\" data-end=\"1612\">Programmieren Sie Ihre Maschine f\u00fcr frischen Kaffee <strong data-start=\"1527\" data-end=\"1561\">genau dann bereit, wenn Sie es wollen<\/strong> mit praktischen Uhr- und Autostartfunktionen.<\/p>\n<h3 class=\"\" data-start=\"1614\" data-end=\"1641\"><strong data-start=\"1618\" data-end=\"1641\">Auto-Clean-Funktion<\/strong><\/h3>\n<p class=\"\" data-start=\"1642\" data-end=\"1783\">Die Reinigung ist m\u00fchelos. Die TrueBrew presst den Kaffeesatz zu sauberen Pucks und sorgt mit einem automatischen Sp\u00fclzyklus f\u00fcr Sauberkeit.<\/p>\n<h3 class=\"\" data-start=\"1785\" data-end=\"1822\"><strong data-start=\"1789\" data-end=\"1822\">Nachhaltigkeit und Zero Waste<\/strong><\/h3>\n<p class=\"\" data-start=\"1823\" data-end=\"1990\">Keine Plastikkapseln oder Einwegfilter. TrueBrew ist so konzipiert, <strong data-start=\"1889\" data-end=\"1905\">umweltfreundlich<\/strong>, das direkt aus ganzen Bohnen gebr\u00fcht wird und nur kompostierbare Kaffeepucks hinterl\u00e4sst.<\/p>\n<hr class=\"\" data-start=\"1992\" data-end=\"1995\" \/>\n<h2 class=\"\" data-start=\"1997\" data-end=\"2018\"><strong data-start=\"2000\" data-end=\"2018\">Technische Daten<\/strong><\/h2>\n<ul data-start=\"2020\" data-end=\"2377\">\n<li class=\"\" data-start=\"2020\" data-end=\"2065\">\n<p class=\"\" data-start=\"2022\" data-end=\"2065\"><strong data-start=\"2022\" data-end=\"2050\">Fassungsverm\u00f6gen des Bohnenbeh\u00e4lters:<\/strong> 250 g<\/p>\n<\/li>\n<li class=\"\" data-start=\"2066\" data-end=\"2101\">\n<p class=\"\" data-start=\"2068\" data-end=\"2101\"><strong data-start=\"2068\" data-end=\"2092\">Fassungsverm\u00f6gen des Wassertanks:<\/strong> 60 fl oz<\/p>\n<\/li>\n<li class=\"\" data-start=\"2102\" data-end=\"2148\">\n<p class=\"\" data-start=\"2104\" data-end=\"2148\"><strong data-start=\"2104\" data-end=\"2130\">Einstellbare Tassenh\u00f6he:<\/strong> 4,75 Zoll bis 8,5 Zoll<\/p>\n<\/li>\n<li class=\"\" data-start=\"2149\" data-end=\"2235\">\n<p class=\"\" data-start=\"2151\" data-end=\"2235\"><strong data-start=\"2151\" data-end=\"2176\">Mitgeliefertes Zubeh\u00f6r:<\/strong> Thermoskanne, Wasserh\u00e4rte-Teststreifen, Messl\u00f6ffel<\/p>\n<\/li>\n<li class=\"\" data-start=\"2236\" data-end=\"2279\">\n<p class=\"\" data-start=\"2238\" data-end=\"2279\"><strong data-start=\"2238\" data-end=\"2261\">Abmessungen (TxHxB):<\/strong> 15 x 15,8 x 12 Zoll<\/p>\n<\/li>\n<li class=\"\" data-start=\"2280\" data-end=\"2377\">\n<p class=\"\" data-start=\"2282\" data-end=\"2377\"><strong data-start=\"2282\" data-end=\"2295\">Garantie:<\/strong> 3 Jahre Herstellergarantie (2 Jahre Standard + 1 zus\u00e4tzliches Jahr bei Registrierung)<\/p>\n<\/li>\n<\/ul>\n<blockquote data-start=\"2379\" data-end=\"2482\">\n<p class=\"\" data-start=\"2381\" data-end=\"2482\"><strong data-start=\"2381\" data-end=\"2390\">Notiz:<\/strong> Stellen Sie immer sicher, dass die Maschine vollst\u00e4ndig ausgeschaltet ist, bevor Sie die Br\u00fchgruppe\/den Infuser entfernen.<\/p>\n<\/blockquote>\n<hr class=\"\" data-start=\"2484\" data-end=\"2487\" \/>\n<h2 class=\"\" data-start=\"2489\" data-end=\"2524\"><strong data-start=\"2492\" data-end=\"2524\">DeLonghi TrueBrew online kaufen<\/strong><\/h2>\n<p class=\"\" data-start=\"2526\" data-end=\"2619\">You can purchase the <strong data-start=\"2547\" data-end=\"2593\">DeLonghi TrueBrew Kaffeevollautomat<\/strong> online bei vertrauensw\u00fcrdigen Shops:<\/p>\n<h3 class=\"\" data-start=\"2621\" data-end=\"2661\"><strong data-start=\"2625\" data-end=\"2661\">Kaufen Sie bei EspressoMachineSale.com<\/strong><\/h3>\n<p class=\"\" data-start=\"2662\" data-end=\"2829\">Finden Sie die <strong data-start=\"2671\" data-end=\"2685\">beste Angebote<\/strong>, schneller Versand und professionelle Kundenbetreuung durch den Kauf direkt bei <a class=\"\" href=\"https:\/\/bestathomeespressomachine.com\/de\/\" target=\"_new\" rel=\"noopener\" data-start=\"2762\" data-end=\"2828\"><strong data-start=\"2763\" data-end=\"2790\">EspressoMachineSale.com<\/strong><\/a>.<\/p>\n<h3 class=\"\" data-start=\"2831\" data-end=\"2852\"><strong data-start=\"2835\" data-end=\"2852\">Bei Amazon kaufen<\/strong><\/h3>\n<p class=\"\" data-start=\"2853\" data-end=\"2963\">Bequemes Einkaufen und verifizierte Kundenbewertungen sind verf\u00fcgbar, wenn Sie TrueBrew kaufen \u00fcber <strong data-start=\"2952\" data-end=\"2962\">Amazon<\/strong>.<\/p>\n<h3 class=\"\" data-start=\"2965\" data-end=\"3007\"><strong data-start=\"2969\" data-end=\"3007\">Kaufen Sie auf der offiziellen DeLonghi-Website<\/strong><\/h3>\n<p class=\"\" data-start=\"3008\" data-end=\"3134\">Entdecken Sie alle Produktdetails, Angebote und Pakete direkt von der <strong data-start=\"3077\" data-end=\"3106\">offizielle DeLonghi-Website<\/strong>.<\/p>\n<h3 class=\"\" data-start=\"3136\" data-end=\"3165\"><strong data-start=\"3140\" data-end=\"3165\">Online kaufen in Deutschland<\/strong><\/h3>\n<p class=\"\" data-start=\"3166\" data-end=\"3236\">F\u00fcr Kunden in Deutschland k\u00f6nnen Sie die DeLonghi TrueBrew erwerben bei<\/p>\n<ul data-start=\"3237\" data-end=\"3346\">\n<li class=\"\" data-start=\"3237\" data-end=\"3252\">\n<p class=\"\" data-start=\"3239\" data-end=\"3252\"><strong data-start=\"3239\" data-end=\"3252\">Amazon.de<\/strong><\/p>\n<\/li>\n<li class=\"\" data-start=\"3253\" data-end=\"3292\">\n<p class=\"\" data-start=\"3255\" data-end=\"3292\"><strong data-start=\"3255\" data-end=\"3292\">Offizielle Website von DeLonghi Deutschland<\/strong><\/p>\n<\/li>\n<li class=\"\" data-start=\"3293\" data-end=\"3346\">\n<p class=\"\" data-start=\"3295\" data-end=\"3346\"><strong data-start=\"3295\" data-end=\"3346\">EspressoMachineSale.com (internationaler Versand)<\/strong><\/p>\n<\/li>\n<\/ul>\n<hr class=\"\" data-start=\"3348\" data-end=\"3351\" \/>\n<h2 class=\"\" data-start=\"3353\" data-end=\"3400\"><strong data-start=\"3356\" data-end=\"3400\">Kundenrezensionen: Was die Leute sagen<\/strong><\/h2>\n<p class=\"\" data-start=\"3402\" data-end=\"3560\">\u2b50\ufe0f\u2b50\ufe0f\u2b50\ufe0f\u2b50\ufe0f\u2b50\ufe0f<br data-start=\"3412\" data-end=\"3415\" \/><em data-start=\"3415\" data-end=\"3545\">\u201eIch bin absolut begeistert von dieser Maschine. Sie ist einfach zu bedienen, br\u00fcht fantastischen Kaffee und ich finde es toll, dass weder Kapseln noch Filter verschwendet werden.\u201c<\/em> \u2014 <strong data-start=\"3548\" data-end=\"3560\">Laura M.<\/strong><\/p>\n<p class=\"\" data-start=\"3562\" data-end=\"3695\">\u2b50\ufe0f\u2b50\ufe0f\u2b50\ufe0f\u2b50\ufe0f\u2606<br data-start=\"3571\" data-end=\"3574\" \/><em data-start=\"3574\" data-end=\"3680\">\u201eDie TrueBrew ver\u00e4ndert meinen Morgen grundlegend. Frischer Kaffee, viele Gr\u00f6\u00dfenoptionen und so einfach zu reinigen!\u201c<\/em> \u2014 <strong data-start=\"3683\" data-end=\"3695\">David B.<\/strong><\/p>\n<p class=\"\" data-start=\"3697\" data-end=\"3853\">\u2b50\ufe0f\u2b50\ufe0f\u2b50\ufe0f\u2b50\ufe0f\u2b50\ufe0f<br data-start=\"3707\" data-end=\"3710\" \/><em data-start=\"3710\" data-end=\"3837\">\u201eWir haben das f\u00fcr unser B\u00fcro gekauft und alle sind begeistert! Kein Abfall, toller Geschmack und der Karaffenmodus ist perfekt f\u00fcr Meetings.\u201c<\/em> \u2014 <strong data-start=\"3840\" data-end=\"3853\">Sophie K.<\/strong><\/p>\n<p class=\"\" data-start=\"3855\" data-end=\"3979\"><strong data-start=\"3855\" data-end=\"3884\">Weitere Erfahrungsberichte finden Sie unter:<\/strong><br data-start=\"3884\" data-end=\"3887\" \/><a class=\"cursor-pointer\" href=\"https:\/\/bestathomeespressomachine.com\/de\/testimonials\/\" target=\"_new\" rel=\"noopener\" data-start=\"3887\" data-end=\"3979\"><strong data-start=\"3888\" data-end=\"3928\">Referenzen<\/strong><\/a><\/p>\n<hr class=\"\" data-start=\"3981\" data-end=\"3984\" \/>\n<h2 class=\"\" data-start=\"3986\" data-end=\"4026\"><strong data-start=\"3989\" data-end=\"4026\">H\u00e4ufig gestellte Fragen (FAQs)<\/strong><\/h2>\n<h3 class=\"\" data-start=\"4028\" data-end=\"4089\"><strong data-start=\"4032\" data-end=\"4089\">Ist die DeLonghi TrueBrew mit Kaffeepads kompatibel?<\/strong><\/h3>\n<p class=\"\" data-start=\"4090\" data-end=\"4211\">Nein. Die TrueBrew ist speziell f\u00fcr den Einsatz <strong data-start=\"4139\" data-end=\"4161\">ganze Kaffeebohnen<\/strong> nur, um sicherzustellen, <strong data-start=\"4177\" data-end=\"4191\">Null Abfall<\/strong> und maximalen Geschmack.<\/p>\n<h3 class=\"\" data-start=\"4213\" data-end=\"4262\"><strong data-start=\"4217\" data-end=\"4262\">Kann ich mit der TrueBrew Eiskaffee zubereiten?<\/strong><\/h3>\n<p class=\"\" data-start=\"4263\" data-end=\"4362\">Ja! Die <strong data-start=\"4272\" data-end=\"4284\">\u00dcber Eis<\/strong> Der Br\u00fchstil passt die Einstellungen automatisch an, um den perfekten Eiskaffee zuzubereiten.<\/p>\n<h3 class=\"\" data-start=\"4364\" data-end=\"4407\"><strong data-start=\"4368\" data-end=\"4407\">Wie reinigt sich die TrueBrew selbst?<\/strong><\/h3>\n<p class=\"\" data-start=\"4408\" data-end=\"4569\">Die Maschine verf\u00fcgt \u00fcber eine <strong data-start=\"4427\" data-end=\"4441\">automatische Reinigung<\/strong> Funktion, die interne Komponenten nach jedem Br\u00fchvorgang sp\u00fclt. Gebrauchter Kaffeesatz wird verdichtet <strong data-start=\"4544\" data-end=\"4568\">leicht zu entfernende Pucks<\/strong>.<\/p>\n<h3 class=\"\" data-start=\"4571\" data-end=\"4611\"><strong data-start=\"4575\" data-end=\"4611\">Welche Kaffeegr\u00f6\u00dfen kann ich zubereiten?<\/strong><\/h3>\n<p class=\"\" data-start=\"4612\" data-end=\"4753\">Sie k\u00f6nnen Gr\u00f6\u00dfen von <strong data-start=\"4644\" data-end=\"4664\">8 oz Einzelbecher<\/strong> zu einem <strong data-start=\"4670\" data-end=\"4691\">volle 40-oz-Karaffe<\/strong>, mit zus\u00e4tzlichen Optionen wie einem <strong data-start=\"4724\" data-end=\"4752\">3 oz Espresso-Shot<\/strong>.<\/p>\n<h3 class=\"\" data-start=\"4755\" data-end=\"4792\"><strong data-start=\"4759\" data-end=\"4792\">Ist eine Garantie enthalten?<\/strong><\/h3>\n<p class=\"\" data-start=\"4793\" data-end=\"4923\">Ja, die DeLonghi TrueBrew verf\u00fcgt \u00fcber eine <strong data-start=\"4833\" data-end=\"4867\">3 Jahre Herstellergarantie<\/strong> (2 Jahre standardm\u00e4\u00dfig + 1 zus\u00e4tzliches Jahr bei Registrierung).<\/p>\n<p class=\"\" data-start=\"4957\" data-end=\"5171\">\n<\/div>\n<\/div>\n<\/div>\n<\/div>","protected":false},"excerpt":{"rendered":"<p><strong data-start=\"4957\" data-end=\"5003\">DeLonghi TrueBrew Kaffeevollautomat<\/strong> \u2013 Frischer, abfallfreier Kaffee auf Knopfdruck. Verschiedene Br\u00fcharten, automatische Reinigung und 3 Jahre Garantie. Jetzt online bei EspressoMachineSale.com oder Amazon kaufen!<\/p>","protected":false},"featured_media":21384,"comment_status":"open","ping_status":"closed","template":"","meta":[],"product_cat":[50],"product_tag":[],"class_list":{"0":"post-21380","1":"product","2":"type-product","3":"status-publish","4":"has-post-thumbnail","6":"product_cat-delonghi-espresso-machines","8":"first","9":"instock","10":"sale","11":"shipping-taxable","12":"purchasable","13":"product-type-simple","14":"col-xs-6 col-sm-4","15":"col-md-3 col-lg-3","16":"un-4-cols"},"jetpack_sharing_enabled":true,"_links":{"self":[{"href":"https:\/\/bestathomeespressomachine.com\/de\/wp-json\/wp\/v2\/product\/21380","targetHints":{"allow":["GET"]}}],"collection":[{"href":"https:\/\/bestathomeespressomachine.com\/de\/wp-json\/wp\/v2\/product"}],"about":[{"href":"https:\/\/bestathomeespressomachine.com\/de\/wp-json\/wp\/v2\/types\/product"}],"replies":[{"embeddable":true,"href":"https:\/\/bestathomeespressomachine.com\/de\/wp-json\/wp\/v2\/comments?post=21380"}],"version-history":[{"count":3,"href":"https:\/\/bestathomeespressomachine.com\/de\/wp-json\/wp\/v2\/product\/21380\/revisions"}],"predecessor-version":[{"id":22372,"href":"https:\/\/bestathomeespressomachine.com\/de\/wp-json\/wp\/v2\/product\/21380\/revisions\/22372"}],"wp:featuredmedia":[{"embeddable":true,"href":"https:\/\/bestathomeespressomachine.com\/de\/wp-json\/wp\/v2\/media\/21384"}],"wp:attachment":[{"href":"https:\/\/bestathomeespressomachine.com\/de\/wp-json\/wp\/v2\/media?parent=21380"}],"wp:term":[{"taxonomy":"product_cat","embeddable":true,"href":"https:\/\/bestathomeespressomachine.com\/de\/wp-json\/wp\/v2\/product_cat?post=21380"},{"taxonomy":"product_tag","embeddable":true,"href":"https:\/\/bestathomeespressomachine.com\/de\/wp-json\/wp\/v2\/product_tag?post=21380"}],"curies":[{"name":"wp","href":"https:\/\/api.w.org\/{rel}","templated":true}]}}