{"id":21397,"date":"2025-01-02T09:55:38","date_gmt":"2025-01-02T09:55:38","guid":{"rendered":"https:\/\/bestathomeespressomachine.com\/?post_type=product&#038;p=21397"},"modified":"2025-04-28T21:21:02","modified_gmt":"2025-04-28T21:21:02","slug":"buy-delonghi-eletta-explore-fully-automatic-espresso-machine-online","status":"publish","type":"product","link":"https:\/\/bestathomeespressomachine.com\/de\/product\/buy-delonghi-eletta-explore-fully-automatic-espresso-machine-online\/","title":{"rendered":"DeLonghi Eletta Explore Super Automatische Espressomaschine mit Cold Brew ECAM45086S"},"content":{"rendered":"<div class=\"product-block-list__item product-block-list__item--description\">\n<div class=\"card\">\n<div class=\"card__section product-description-area\">\n<div class=\"rte text--pull\">\n<h2 class=\"\" data-start=\"180\" data-end=\"219\">Kaufen Sie DeLonghi Eletta Explore online<\/h2>\n<h3 data-start=\"220\" data-end=\"304\"><strong data-start=\"220\" data-end=\"304\">Die einzige vollautomatische Espressomaschine mit Hei\u00df- und Kaltschaumtechnologie<\/strong><\/h3>\n<p class=\"\" data-start=\"306\" data-end=\"659\">Erleben Sie Barista-Kaffee in Ihrem eigenen Zuhause mit dem <strong data-start=\"364\" data-end=\"391\">DeLonghi Eletta Explore<\/strong>, eine revolution\u00e4re vollautomatische Espressomaschine, die auf Knopfdruck hei\u00dfe und kalte Getr\u00e4nke zubereitet. Mit ihrem schlanken Design, den leistungsstarken Funktionen und ihrer un\u00fcbertroffenen Vielseitigkeit ist die Eletta Explore ideal f\u00fcr Kaffeeliebhaber, die sich nach Abwechslung und Komfort sehnen. DeLonghi Eletta Explore online kaufen<\/p>\n<p class=\"\" data-start=\"661\" data-end=\"976\">Diese innovative Maschine ist mit fortschrittlichen <strong data-start=\"711\" data-end=\"747\">LatteCrema\u2122 Hei\u00df- und Kaltsysteme<\/strong>, ein eingebautes Mahlwerk, ein Touch-Display und \u00fcber 40 Getr\u00e4nkeoptionen. Ob ein Eis-Cappuccino an einem Sommernachmittag oder ein cremiger Flat White am Morgen \u2013 die Eletta Explore macht jeden Kaffeemoment zu einem luxuri\u00f6sen Ritual.<\/p>\n<hr class=\"\" data-start=\"978\" data-end=\"981\" \/>\n<h2 class=\"\" data-start=\"983\" data-end=\"1025\">Warum sollten Sie sich f\u00fcr die DeLonghi Eletta Explore entscheiden?<\/h2>\n<h3 class=\"\" data-start=\"1027\" data-end=\"1071\">Vorgestellt in Oprahs Lieblingsdingen 2024<\/h3>\n<blockquote data-start=\"1072\" data-end=\"1245\">\n<p class=\"\" data-start=\"1074\" data-end=\"1245\"><em data-start=\"1074\" data-end=\"1217\">\u201eIch wei\u00df, das ist eine teure Angelegenheit, aber es mahlt Kaffeebohnen, macht Lattes, Cappuccinos, Espressos, Cold Brews und mehr als 50 andere Rezepte.\u201c<\/em><br data-start=\"1217\" data-end=\"1220\" \/>\u2014 <em data-start=\"1222\" data-end=\"1245\">Oprah, OprahDaily.com<\/em><\/p>\n<\/blockquote>\n<h3 class=\"\" data-start=\"1247\" data-end=\"1270\">Hauptgr\u00fcnde f\u00fcr den Kauf:<\/h3>\n<ul data-start=\"1271\" data-end=\"1706\">\n<li class=\"\" data-start=\"1271\" data-end=\"1344\">\n<p class=\"\" data-start=\"1273\" data-end=\"1344\">Erster Vollautomat mit <strong data-start=\"1313\" data-end=\"1343\">Aufsch\u00e4umen von hei\u00dfer und kalter Milch<\/strong>.<\/p>\n<\/li>\n<li class=\"\" data-start=\"1345\" data-end=\"1441\">\n<p class=\"\" data-start=\"1347\" data-end=\"1441\">Brauen Sie mehr als 40 <strong data-start=\"1365\" data-end=\"1389\">warme und kalte Rezepte<\/strong>, einschlie\u00dflich Eis-Cappuccinos, Lattes und Espressos.<\/p>\n<\/li>\n<li class=\"\" data-start=\"1442\" data-end=\"1532\">\n<p class=\"\" data-start=\"1444\" data-end=\"1532\">Kontrollieren und personalisieren Sie Getr\u00e4nke mit dem <strong data-start=\"1483\" data-end=\"1507\">3,5-Zoll-TFT-Touchscreen<\/strong> oder \u00fcber <strong data-start=\"1515\" data-end=\"1531\">Benutzervoreinstellungen<\/strong>.<\/p>\n<\/li>\n<li class=\"\" data-start=\"1533\" data-end=\"1614\">\n<p class=\"\" data-start=\"1535\" data-end=\"1614\">Kommt mit <strong data-start=\"1546\" data-end=\"1570\">ein 16 oz. Thermobecher<\/strong> Und <strong data-start=\"1575\" data-end=\"1587\">Eisw\u00fcrfelschale<\/strong> f\u00fcr den Komfort kalt gebr\u00fchten Kaffee.<\/p>\n<\/li>\n<li class=\"\" data-start=\"1615\" data-end=\"1706\">\n<p class=\"\" data-start=\"1617\" data-end=\"1706\">Nehmen Sie Ihr Getr\u00e4nk mit dem <strong data-start=\"1652\" data-end=\"1670\">To-Go-Funktion<\/strong>, optimiert f\u00fcr verschiedene K\u00f6rbchengr\u00f6\u00dfen.<\/p>\n<\/li>\n<\/ul>\n<hr class=\"\" data-start=\"1708\" data-end=\"1711\" \/>\n<h2 class=\"\" data-start=\"1713\" data-end=\"1747\">Vielseitigkeit bei hei\u00dfen und kalten Getr\u00e4nken<\/h2>\n<h3 class=\"\" data-start=\"1749\" data-end=\"1774\">\u00dcber 40 One-Touch-Rezepte<\/h3>\n<p class=\"\" data-start=\"1775\" data-end=\"1836\">W\u00e4hlen Sie aus einer gro\u00dfen Auswahl an Kaffeespezialit\u00e4ten, darunter<\/p>\n<ul data-start=\"1837\" data-end=\"1966\">\n<li class=\"\" data-start=\"1837\" data-end=\"1849\">\n<p class=\"\" data-start=\"1839\" data-end=\"1849\">Espresso<\/p>\n<\/li>\n<li class=\"\" data-start=\"1850\" data-end=\"1869\">\n<p class=\"\" data-start=\"1852\" data-end=\"1869\">Eis-Cappuccino<\/p>\n<\/li>\n<li class=\"\" data-start=\"1870\" data-end=\"1879\">\n<p class=\"\" data-start=\"1872\" data-end=\"1879\">Latte<\/p>\n<\/li>\n<li class=\"\" data-start=\"1880\" data-end=\"1894\">\n<p class=\"\" data-start=\"1882\" data-end=\"1894\">Flaches Wei\u00df<\/p>\n<\/li>\n<li class=\"\" data-start=\"1895\" data-end=\"1908\">\n<p class=\"\" data-start=\"1897\" data-end=\"1908\">Kaltes Gebr\u00e4u<\/p>\n<\/li>\n<li class=\"\" data-start=\"1909\" data-end=\"1923\">\n<p class=\"\" data-start=\"1911\" data-end=\"1923\">Eiskaffee Latte<\/p>\n<\/li>\n<li class=\"\" data-start=\"1924\" data-end=\"1937\">\n<p class=\"\" data-start=\"1926\" data-end=\"1937\">amerikanisch<\/p>\n<\/li>\n<li class=\"\" data-start=\"1938\" data-end=\"1952\">\n<p class=\"\" data-start=\"1940\" data-end=\"1952\">Cappuccino<\/p>\n<\/li>\n<li class=\"\" data-start=\"1953\" data-end=\"1966\">\n<p class=\"\" data-start=\"1955\" data-end=\"1966\">Macchiato<\/p>\n<\/li>\n<\/ul>\n<p class=\"\" data-start=\"1968\" data-end=\"2084\">Egal, ob Sie Lust auf hei\u00dfen Genuss oder erfrischenden kalten Kaffee haben, Eletta Explore liefert jede Tasse in Perfektion.<\/p>\n<h3 class=\"\" data-start=\"2086\" data-end=\"2122\">LatteCrema\u2122 Hei\u00df- und K\u00fchlsysteme<\/h3>\n<p class=\"\" data-start=\"2123\" data-end=\"2168\">Zwei integrierte Milchsysteme f\u00fcr samtigen Schaum:<\/p>\n<ul data-start=\"2169\" data-end=\"2306\">\n<li class=\"\" data-start=\"2169\" data-end=\"2232\">\n<p class=\"\" data-start=\"2171\" data-end=\"2232\"><strong data-start=\"2171\" data-end=\"2189\">LatteCrema Hot<\/strong> f\u00fcr Latte, Cappuccino und Macchiato.<\/p>\n<\/li>\n<li class=\"\" data-start=\"2233\" data-end=\"2306\">\n<p class=\"\" data-start=\"2235\" data-end=\"2306\"><strong data-start=\"2235\" data-end=\"2254\">LatteCrema Cool<\/strong> f\u00fcr kalten Schaum auf Eisgetr\u00e4nken \u2013 ein echter Game-Changer.<\/p>\n<\/li>\n<\/ul>\n<hr class=\"\" data-start=\"2308\" data-end=\"2311\" \/>\n<h2 class=\"\" data-start=\"2313\" data-end=\"2339\">F\u00fcr individuelle Anpassungen konzipiert<\/h2>\n<h3 class=\"\" data-start=\"2341\" data-end=\"2378\">Personalisierung und Benutzerprofile<\/h3>\n<ul data-start=\"2379\" data-end=\"2559\">\n<li class=\"\" data-start=\"2379\" data-end=\"2438\">\n<p class=\"\" data-start=\"2381\" data-end=\"2438\">Einstellungen speichern mit <strong data-start=\"2403\" data-end=\"2435\">4 anpassbare Benutzerprofile<\/strong>.<\/p>\n<\/li>\n<li class=\"\" data-start=\"2439\" data-end=\"2495\">\n<p class=\"\" data-start=\"2441\" data-end=\"2495\">Mahlgrad einstellen mit <strong data-start=\"2464\" data-end=\"2492\">13 Mahlwerkeinstellungen<\/strong>.<\/p>\n<\/li>\n<li class=\"\" data-start=\"2496\" data-end=\"2559\">\n<p class=\"\" data-start=\"2498\" data-end=\"2559\">Perfektionieren Sie Ihren Schaum mit <strong data-start=\"2521\" data-end=\"2539\">Doppelmilchk\u00e4nnchen<\/strong> f\u00fcr warm und kalt.<\/p>\n<\/li>\n<\/ul>\n<hr class=\"\" data-start=\"2561\" data-end=\"2564\" \/>\n<h2 class=\"\" data-start=\"2566\" data-end=\"2594\">Nehmen Sie Ihren Kaffee \u00fcberallhin mit<\/h2>\n<h3 class=\"\" data-start=\"2596\" data-end=\"2614\">To-Go-Funktion<\/h3>\n<p class=\"\" data-start=\"2615\" data-end=\"2649\">F\u00fcllen Sie Ihren Reisebecher m\u00fchelos:<\/p>\n<ul data-start=\"2650\" data-end=\"2814\">\n<li class=\"\" data-start=\"2650\" data-end=\"2691\">\n<p class=\"\" data-start=\"2652\" data-end=\"2691\">Kompatibel mit <strong data-start=\"2668\" data-end=\"2690\">drei Gr\u00f6\u00dfenvoreinstellungen<\/strong>.<\/p>\n<\/li>\n<li class=\"\" data-start=\"2692\" data-end=\"2742\">\n<p class=\"\" data-start=\"2694\" data-end=\"2742\"><strong data-start=\"2694\" data-end=\"2716\">Anhebbare Tropfschale<\/strong> bietet Platz f\u00fcr gr\u00f6\u00dfere Tassen.<\/p>\n<\/li>\n<li class=\"\" data-start=\"2743\" data-end=\"2814\">\n<p class=\"\" data-start=\"2745\" data-end=\"2814\"><strong data-start=\"2754\" data-end=\"2785\">Enth\u00e4lt einen 16 oz. DeLonghi Thermobecher\u2014<\/strong>perfekt f\u00fcr gesch\u00e4ftige Morgen.<\/p>\n<\/li>\n<\/ul>\n<hr class=\"\" data-start=\"2816\" data-end=\"2819\" \/>\n<h2 class=\"\" data-start=\"2821\" data-end=\"2843\">Im Lieferumfang enthalten<\/h2>\n<p class=\"\" data-start=\"2845\" data-end=\"2884\">Alles was Sie f\u00fcr den Kaffee zu Hause brauchen:<\/p>\n<ul data-start=\"2885\" data-end=\"3179\">\n<li class=\"\" data-start=\"2885\" data-end=\"2936\">\n<p class=\"\" data-start=\"2887\" data-end=\"2936\">Eletta Explore Superautomatische Espressomaschine<\/p>\n<\/li>\n<li class=\"\" data-start=\"2937\" data-end=\"2958\">\n<p class=\"\" data-start=\"2939\" data-end=\"2958\">16 oz Reisebecher<\/p>\n<\/li>\n<li class=\"\" data-start=\"2959\" data-end=\"2976\">\n<p class=\"\" data-start=\"2961\" data-end=\"2976\">Eisw\u00fcrfelschale<\/p>\n<\/li>\n<li class=\"\" data-start=\"2977\" data-end=\"3001\">\n<p class=\"\" data-start=\"2979\" data-end=\"3001\">Aktivkohlefilter<\/p>\n<\/li>\n<li class=\"\" data-start=\"3002\" data-end=\"3021\">\n<p class=\"\" data-start=\"3004\" data-end=\"3021\">Messl\u00f6ffel<\/p>\n<\/li>\n<li class=\"\" data-start=\"3022\" data-end=\"3045\">\n<p class=\"\" data-start=\"3024\" data-end=\"3045\">Wasserh\u00e4rtetest<\/p>\n<\/li>\n<li class=\"\" data-start=\"3046\" data-end=\"3064\">\n<p class=\"\" data-start=\"3048\" data-end=\"3064\">Reinigungsb\u00fcrste<\/p>\n<\/li>\n<li class=\"\" data-start=\"3065\" data-end=\"3085\">\n<p class=\"\" data-start=\"3067\" data-end=\"3085\">Entkalker (100 ml)<\/p>\n<\/li>\n<li class=\"\" data-start=\"3086\" data-end=\"3111\">\n<p class=\"\" data-start=\"3088\" data-end=\"3111\">Abnehmbarer Wasserauslauf<\/p>\n<\/li>\n<li class=\"\" data-start=\"3112\" data-end=\"3136\">\n<p class=\"\" data-start=\"3114\" data-end=\"3136\">Hei\u00df- und Kaltmilchk\u00e4nnchen<\/p>\n<\/li>\n<li class=\"\" data-start=\"3137\" data-end=\"3179\">\n<p class=\"\" data-start=\"3139\" data-end=\"3179\">Bedienungsanleitung und Kurzanleitung<\/p>\n<\/li>\n<\/ul>\n<hr class=\"\" data-start=\"3181\" data-end=\"3184\" \/>\n<h2 class=\"\" data-start=\"3186\" data-end=\"3203\">Technische Daten<\/h2>\n<div class=\"group pointer-events-none relative flex justify-center *:pointer-events-auto\"><button class=\"hover:bg-token-main-surface-secondary text-token-text-secondary pointer-events-auto rounded-lg px-1 py-1 opacity-0 transition-opacity duration-200 group-focus-within:opacity-100 group-hover:opacity-100\"><\/button><\/p>\n<div class=\"tableContainer horzScrollShadows relative\">\n<table class=\"min-w-full\" data-start=\"3205\" data-end=\"3961\">\n<thead data-start=\"3205\" data-end=\"3273\">\n<tr data-start=\"3205\" data-end=\"3273\">\n<th data-start=\"3205\" data-end=\"3238\">Besonderheit<\/th>\n<th data-start=\"3238\" data-end=\"3273\">Wert<\/th>\n<\/tr>\n<\/thead>\n<tbody data-start=\"3343\" data-end=\"3961\">\n<tr data-start=\"3343\" data-end=\"3410\">\n<td class=\"max-w-[calc(var(--thread-content-max-width)*2\/3)]\" data-start=\"3343\" data-end=\"3375\">Abmessungen (BxTxH)<\/td>\n<td class=\"max-w-[calc(var(--thread-content-max-width)*2\/3)]\" data-start=\"3375\" data-end=\"3410\">10,25\u2033 x 17,5\u2033 x 15,13\u2033<\/td>\n<\/tr>\n<tr data-start=\"3411\" data-end=\"3478\">\n<td class=\"max-w-[calc(var(--thread-content-max-width)*2\/3)]\" data-start=\"3411\" data-end=\"3443\">Voltage\/Frequency<\/td>\n<td class=\"max-w-[calc(var(--thread-content-max-width)*2\/3)]\" data-start=\"3443\" data-end=\"3478\">110\/120 V ~ 50\/60 Hz<\/td>\n<\/tr>\n<tr data-start=\"3479\" data-end=\"3546\">\n<td class=\"max-w-[calc(var(--thread-content-max-width)*2\/3)]\" data-start=\"3479\" data-end=\"3511\">Pumpendruck<\/td>\n<td class=\"max-w-[calc(var(--thread-content-max-width)*2\/3)]\" data-start=\"3511\" data-end=\"3546\">15 bar<\/td>\n<\/tr>\n<tr data-start=\"3547\" data-end=\"3614\">\n<td class=\"max-w-[calc(var(--thread-content-max-width)*2\/3)]\" data-start=\"3547\" data-end=\"3579\">Bohnenbeh\u00e4lterkapazit\u00e4t<\/td>\n<td class=\"max-w-[calc(var(--thread-content-max-width)*2\/3)]\" data-start=\"3579\" data-end=\"3614\">10,6 Unzen<\/td>\n<\/tr>\n<tr data-start=\"3615\" data-end=\"3682\">\n<td class=\"max-w-[calc(var(--thread-content-max-width)*2\/3)]\" data-start=\"3615\" data-end=\"3647\">Wassertankkapazit\u00e4t<\/td>\n<td class=\"max-w-[calc(var(--thread-content-max-width)*2\/3)]\" data-start=\"3647\" data-end=\"3682\">60 Unzen<\/td>\n<\/tr>\n<tr data-start=\"3683\" data-end=\"3750\">\n<td class=\"max-w-[calc(var(--thread-content-max-width)*2\/3)]\" data-start=\"3683\" data-end=\"3715\">Fassungsverm\u00f6gen des Satzbeh\u00e4lters<\/td>\n<td class=\"max-w-[calc(var(--thread-content-max-width)*2\/3)]\" data-start=\"3715\" data-end=\"3750\">14 Portionen<\/td>\n<\/tr>\n<tr data-start=\"3751\" data-end=\"3818\">\n<td class=\"max-w-[calc(var(--thread-content-max-width)*2\/3)]\" data-start=\"3751\" data-end=\"3783\">Maximale K\u00f6rbchenh\u00f6he<\/td>\n<td class=\"max-w-[calc(var(--thread-content-max-width)*2\/3)]\" data-start=\"3783\" data-end=\"3818\">6,7 Zoll<\/td>\n<\/tr>\n<tr data-start=\"3819\" data-end=\"3886\">\n<td class=\"max-w-[calc(var(--thread-content-max-width)*2\/3)]\" data-start=\"3819\" data-end=\"3851\">Anzeige<\/td>\n<td class=\"max-w-[calc(var(--thread-content-max-width)*2\/3)]\" data-start=\"3851\" data-end=\"3886\">3,5-Zoll-TFT-Farb-Touchscreen<\/td>\n<\/tr>\n<tr data-start=\"3887\" data-end=\"3961\">\n<td class=\"max-w-[calc(var(--thread-content-max-width)*2\/3)]\" data-start=\"3887\" data-end=\"3919\">Garantie<\/td>\n<td class=\"max-w-[calc(var(--thread-content-max-width)*2\/3)]\" data-start=\"3919\" data-end=\"3961\">2 Jahre + 1 zus\u00e4tzliches Jahr bei Registrierung<\/td>\n<\/tr>\n<\/tbody>\n<\/table>\n<\/div>\n<\/div>\n<hr class=\"\" data-start=\"3963\" data-end=\"3966\" \/>\n<h2 class=\"\" data-start=\"3968\" data-end=\"3987\">DeLonghi Eletta Entdecken Sie Kundenrezensionen<\/h2>\n<p class=\"\" data-start=\"3989\" data-end=\"4059\">Erfahren Sie, was andere \u00fcber die <strong data-start=\"4031\" data-end=\"4058\">DeLonghi Eletta Explore<\/strong>:<\/p>\n<blockquote data-start=\"4061\" data-end=\"4143\">\n<p class=\"\" data-start=\"4063\" data-end=\"4143\">\u201eIced Latte zu Hause? JA, BITTE! Diese Maschine ist der absolute Hammer.\u201c<br data-start=\"4125\" data-end=\"4128\" \/>\u2014 Michelle R.<\/p>\n<\/blockquote>\n<blockquote data-start=\"4145\" data-end=\"4243\">\n<p class=\"\" data-start=\"4147\" data-end=\"4243\">\u201eIch finde es toll, dass sie sich meine Vorlieben merkt und der Milchschaum jedes Mal perfekt ist.\u201c<br data-start=\"4227\" data-end=\"4230\" \/>\u2014 Jordan W.<\/p>\n<\/blockquote>\n<blockquote data-start=\"4245\" data-end=\"4345\">\n<p class=\"\" data-start=\"4247\" data-end=\"4345\">\u201eSo viele Rezepte, leicht zu reinigen und ich spare eine Menge, weil ich nicht jeden Tag ins Caf\u00e9 gehe.\u201c<br data-start=\"4330\" data-end=\"4333\" \/>\u2014 Tomas K.<\/p>\n<\/blockquote>\n<p class=\"\" data-start=\"4347\" data-end=\"4438\">Lesen Sie weitere Bewertungen auf unserer <a class=\"\" href=\"https:\/\/bestathomeespressomachine.com\/de\/testimonials\/\" target=\"_new\" rel=\"noopener\" data-start=\"4372\" data-end=\"4438\">Seite mit Erfahrungsberichten<\/a><\/p>\n<hr class=\"\" data-start=\"4440\" data-end=\"4443\" \/>\n<h2 class=\"\" data-start=\"4445\" data-end=\"4505\">Kaufen Sie DeLonghi Eletta Explore online bei EspressoMachine.com<\/h2>\n<p class=\"\" data-start=\"4507\" data-end=\"4722\">Kaufen Sie DeLonghi Eletta Explore online bei <a href=\"https:\/\/bestathomeespressomachine.com\/de\/shop\/\" target=\"_new\" rel=\"noopener\" data-start=\"4552\" data-end=\"4616\">EspressoMachine.com\/shop<\/a>. Genie\u00dfen Sie schnellen, kostenlosen Versand, eine <strong data-start=\"4647\" data-end=\"4684\">Preisgarantie f\u00fcr 90 Tage<\/strong>, und Unterst\u00fctzung von einem vertrauensw\u00fcrdigen H\u00e4ndler.<\/p>\n<p class=\"\" data-start=\"4724\" data-end=\"4861\">Diese Premium-Espressomaschine wird unterst\u00fctzt von <strong data-start=\"4767\" data-end=\"4804\">2-Jahres-Garantie von DeLonghi Kanada<\/strong>, plus ein zus\u00e4tzliches Jahr, wenn Sie Ihr Produkt registrieren.<\/p>\n<hr class=\"\" data-start=\"4863\" data-end=\"4866\" \/>\n<h2 class=\"\" data-start=\"130\" data-end=\"137\">FAQs<\/h2>\n<h3 class=\"\" data-start=\"139\" data-end=\"190\">Ist das Eletta Explore f\u00fcr Anf\u00e4nger geeignet?<\/h3>\n<p class=\"\" data-start=\"191\" data-end=\"289\">Ja! Dank des intuitiven Touchscreens und der gef\u00fchrten Einrichtung kann jeder zu Hause professionelle Getr\u00e4nke zubereiten.<\/p>\n<h3 class=\"\" data-start=\"291\" data-end=\"322\">Kann ich milchfreie Milch verwenden?<\/h3>\n<p class=\"\" data-start=\"323\" data-end=\"459\">Absolut. Das LatteCrema\u2122-System funktioniert mit Hafer-, Mandel- und Sojamilchalternativen und liefert auch ohne Milchprodukte cremigen, geschmeidigen Schaum.<\/p>\n<h3 class=\"\" data-start=\"461\" data-end=\"506\">Was macht es besser als Kapselmaschinen?<\/h3>\n<p class=\"\" data-start=\"507\" data-end=\"672\">Es verwendet ganze Bohnen f\u00fcr maximale Frische und ist v\u00f6llig h\u00fclsenfrei, was es zu einer Zero-Waste-L\u00f6sung macht. Sie erhalten besseren Geschmack, weniger Abfall und langfristige Kosteneinsparungen.<\/p>\n<h3 class=\"\" data-start=\"674\" data-end=\"705\">Kann man damit auch Eiskaffee zubereiten?<\/h3>\n<p class=\"\" data-start=\"706\" data-end=\"878\">Ja, und nicht nur gek\u00fchlter Kaffee \u2013 der <strong data-start=\"745\" data-end=\"758\">Kaltschaum<\/strong> Und <strong data-start=\"763\" data-end=\"775\">\u00dcber Eis<\/strong> Funktionen stellen sicher, dass Ihre Getr\u00e4nke stark, erfrischend und aromatisch bleiben, wenn sie \u00fcber Eis gegossen werden.<\/p>\n<\/div>\n<\/div>\n<\/div>\n<\/div>\n<div class=\"product-block-list__item product-block-list__item--reviews\">\n<div class=\"card\">\n<div class=\"card__section\">\n<div class=\"product-pricing-guarantee-image\"><img decoding=\"async\" src=\"https:\/\/www.homecoffeesolutions.com\/cdn\/shop\/t\/162\/assets\/icon-product-pricing-guarantee.png?v=167166774008428846021734391559\" alt=\"\" \/><\/div>\n<p>F\u00fcr dieses Produkt bieten wir bis zu 90 Tage nach dem Kauf einen Preisvergleich mit Ihnen und anderen Anbietern an. Kaufen Sie jetzt sicher ein und sichern Sie sich den garantiert besten Preis.<\/p>\n<\/div>\n<\/div>\n<\/div>","protected":false},"excerpt":{"rendered":"<p>Entdecken Sie die DeLonghi Eletta Explore, die einzige vollautomatische Espressomaschine mit Hei\u00df- und Kaltschaumtechnologie. Bereiten Sie zu Hause \u00fcber 40 Caf\u00e9-Getr\u00e4nke zu, darunter auch Eiskaffee, ganz bequem per Knopfdruck. Online kaufen mit Preisgarantie und kostenlosem Versand.<\/p>","protected":false},"featured_media":21398,"comment_status":"open","ping_status":"closed","template":"","meta":[],"product_cat":[50],"product_tag":[],"class_list":{"0":"post-21397","1":"product","2":"type-product","3":"status-publish","4":"has-post-thumbnail","6":"product_cat-delonghi-espresso-machines","8":"first","9":"instock","10":"sale","11":"shipping-taxable","12":"purchasable","13":"product-type-simple","14":"col-xs-6 col-sm-4","15":"col-md-3 col-lg-3","16":"un-4-cols"},"jetpack_sharing_enabled":true,"_links":{"self":[{"href":"https:\/\/bestathomeespressomachine.com\/de\/wp-json\/wp\/v2\/product\/21397","targetHints":{"allow":["GET"]}}],"collection":[{"href":"https:\/\/bestathomeespressomachine.com\/de\/wp-json\/wp\/v2\/product"}],"about":[{"href":"https:\/\/bestathomeespressomachine.com\/de\/wp-json\/wp\/v2\/types\/product"}],"replies":[{"embeddable":true,"href":"https:\/\/bestathomeespressomachine.com\/de\/wp-json\/wp\/v2\/comments?post=21397"}],"version-history":[{"count":3,"href":"https:\/\/bestathomeespressomachine.com\/de\/wp-json\/wp\/v2\/product\/21397\/revisions"}],"predecessor-version":[{"id":22368,"href":"https:\/\/bestathomeespressomachine.com\/de\/wp-json\/wp\/v2\/product\/21397\/revisions\/22368"}],"wp:featuredmedia":[{"embeddable":true,"href":"https:\/\/bestathomeespressomachine.com\/de\/wp-json\/wp\/v2\/media\/21398"}],"wp:attachment":[{"href":"https:\/\/bestathomeespressomachine.com\/de\/wp-json\/wp\/v2\/media?parent=21397"}],"wp:term":[{"taxonomy":"product_cat","embeddable":true,"href":"https:\/\/bestathomeespressomachine.com\/de\/wp-json\/wp\/v2\/product_cat?post=21397"},{"taxonomy":"product_tag","embeddable":true,"href":"https:\/\/bestathomeespressomachine.com\/de\/wp-json\/wp\/v2\/product_tag?post=21397"}],"curies":[{"name":"wp","href":"https:\/\/api.w.org\/{rel}","templated":true}]}}