{"id":21519,"date":"2025-01-06T04:27:58","date_gmt":"2025-01-06T04:27:58","guid":{"rendered":"https:\/\/bestathomeespressomachine.com\/?post_type=product&#038;p=21519"},"modified":"2025-04-28T13:05:09","modified_gmt":"2025-04-28T13:05:09","slug":"jura-z8-aluminum-super-automatic-coffee-espresso-machine","status":"publish","type":"product","link":"https:\/\/bestathomeespressomachine.com\/de\/product\/jura-z8-aluminum-super-automatic-coffee-espresso-machine\/","title":{"rendered":"Jura Z8 Aluminium Super Automatische Kaffee- und Espressomaschine"},"content":{"rendered":"<div class=\"product-block-list__item product-block-list__item--description\">\n<div class=\"card\">\n<div class=\"card__section product-description-area\">\n<div class=\"rte text--pull\">\n<h2 class=\"\" data-start=\"0\" data-end=\"55\"><strong data-start=\"3\" data-end=\"55\">\u00dcberblick \u00fcber den Jura Z8 Kaffeevollautomaten<\/strong><\/h2>\n<p class=\"\" data-start=\"57\" data-end=\"507\">Kaufen Sie die Jura Z8 Kaffeemaschine online. Die <strong data-start=\"61\" data-end=\"72\">Jura Z8<\/strong> ist ein erstklassiger Kaffeevollautomat f\u00fcr Kaffeeliebhaber mit h\u00f6chsten Anspr\u00fcchen. Die Z8 kombiniert Spitzentechnologie mit benutzerfreundlichen Funktionen und hebt Ihr Kaffeeerlebnis auf ein neues Niveau. Diese Premium-Maschine ist mit zwei Thermobl\u00f6cken, einem 4,3-Zoll-Farb-Touchscreen und fortschrittlichen Br\u00fchverfahren ausgestattet, darunter <strong data-start=\"417\" data-end=\"454\">Pulsextraktionsprozess (PEP\u00ae)<\/strong> um das volle Potenzial jeder Kaffeebohne auszusch\u00f6pfen.<\/p>\n<p class=\"\" data-start=\"509\" data-end=\"872\">Ob Sie einen kr\u00e4ftigen Espresso, einen cremigen Cappuccino oder einen erfrischenden Flat White zubereiten, die Jura Z8 liefert m\u00fchelos Getr\u00e4nke in Profiqualit\u00e4t. Die <strong data-start=\"664\" data-end=\"701\">JOE (Jura Betriebserfahrung)<\/strong> Mit der App k\u00f6nnen Sie Ihre Kaffeevorlieben aus der Ferne steuern und anpassen. Damit ist sie die perfekte Wahl f\u00fcr alle, die gerne die volle Kontrolle \u00fcber ihre Getr\u00e4nkevorlieben haben.<\/p>\n<hr class=\"\" data-start=\"523\" data-end=\"526\" \/>\n<h2 class=\"\" data-start=\"528\" data-end=\"558\"><strong data-start=\"531\" data-end=\"558\">Eigenschaften der Jura Z8<\/strong><\/h2>\n<h3 class=\"\" data-start=\"560\" data-end=\"593\"><strong data-start=\"564\" data-end=\"591\">Duales Thermoblock-System<\/strong><\/h3>\n<p class=\"\" data-start=\"594\" data-end=\"809\">Die Jura Z8 verf\u00fcgt \u00fcber zwei Thermobl\u00f6cke \u2013 einen f\u00fcr Kaffee und einen f\u00fcr Milchgetr\u00e4nke. Dieses fortschrittliche System erm\u00f6glicht Ihnen die schnellere Zubereitung von Milchgetr\u00e4nken und sorgt f\u00fcr einen effizienten und reibungslosen Kaffeegenuss.<\/p>\n<h3 class=\"\" data-start=\"811\" data-end=\"853\"><strong data-start=\"815\" data-end=\"851\">Vollfarb-Touchscreen-Display<\/strong><\/h3>\n<p class=\"\" data-start=\"854\" data-end=\"1037\">Navigieren Sie mit dem 4,3-Zoll-Farb-Touchscreen der Z8 ganz einfach durch Ihre Kaffeezubereitungsoptionen. Dank der intuitiven Benutzeroberfl\u00e4che k\u00f6nnen Sie Ihre Kaffeevorlieben m\u00fchelos personalisieren.<\/p>\n<h3 class=\"\" data-start=\"1039\" data-end=\"1062\"><strong data-start=\"1043\" data-end=\"1060\">JOE aktiviert<\/strong><\/h3>\n<p class=\"\" data-start=\"1063\" data-end=\"1290\">Steuern Sie Ihre Jura Z8 bequem per Fernzugriff mit der Jura Operating Experience (JOE) App. Mit dieser Funktion k\u00f6nnen Sie Ihre Kaffeeeinstellungen bequem vom Smartphone aus \u00fcberwachen und anpassen \u2013 f\u00fcr noch mehr Komfort bei der Kaffeezubereitung.<\/p>\n<h3 class=\"\" data-start=\"1292\" data-end=\"1330\"><strong data-start=\"1296\" data-end=\"1328\">Automatisches Keramik-Milchventil<\/strong><\/h3>\n<p class=\"\" data-start=\"1331\" data-end=\"1520\">Die Z8 wechselt w\u00e4hrend der Getr\u00e4nkezubereitung automatisch zwischen Milch und Milchschaum und sorgt so stets f\u00fcr eine perfekte Konsistenz. Diese fortschrittliche Funktion verleiht Ihren Milchgetr\u00e4nken Pr\u00e4zision.<\/p>\n<h3 class=\"\" data-start=\"1522\" data-end=\"1549\"><strong data-start=\"1526\" data-end=\"1547\">Feinschaumd\u00fcse<\/strong><\/h3>\n<p class=\"\" data-start=\"1550\" data-end=\"1763\">Kreieren Sie mit dem Feinschaumaufsch\u00e4umer der Z8 Schaum in Barista-Qualit\u00e4t \u2013 er erzeugt geschmeidigen, seidigen Schaum. Der Aufsch\u00e4umer funktioniert sogar mit Milchalternativen wie Mandelmilch, sodass Sie eine Vielzahl von Milchgetr\u00e4nken genie\u00dfen k\u00f6nnen.<\/p>\n<h3 class=\"\" data-start=\"1765\" data-end=\"1801\"><strong data-start=\"1769\" data-end=\"1799\">Selbstreinigender Milchprozess<\/strong><\/h3>\n<p class=\"\" data-start=\"1802\" data-end=\"1994\">Die Jura Z8 verf\u00fcgt \u00fcber eine automatische Selbstreinigung der Milchf\u00e4cher. Diese Funktion sorgt f\u00fcr Hygiene und Komfort und verhindert Ablagerungen, die die Qualit\u00e4t Ihrer Getr\u00e4nke beeintr\u00e4chtigen k\u00f6nnten.<\/p>\n<h3 class=\"\" data-start=\"1996\" data-end=\"2039\"><strong data-start=\"2000\" data-end=\"2037\">Pulsextraktionsprozess (PEP\u00ae)<\/strong><\/h3>\n<p class=\"\" data-start=\"2040\" data-end=\"2227\">Die PEP\u00ae-Technologie von Jura extrahiert Espresso in kleinen, pr\u00e4zisen St\u00f6\u00dfen, um die Aromaextraktion zu maximieren. Dieses Verfahren stellt sicher, dass jeder Espresso optimale Frische und Geschmack beh\u00e4lt.<\/p>\n<h3 class=\"\" data-start=\"2229\" data-end=\"2272\"><strong data-start=\"2233\" data-end=\"2270\">Intelligentes Wassersystem (IWS\u00ae)<\/strong><\/h3>\n<p class=\"\" data-start=\"2273\" data-end=\"2501\">Der IWS\u00ae erkennt den Claris Smart-Filter automatisch mithilfe der RFID-Technologie und sorgt so daf\u00fcr, dass die Wasserqualit\u00e4t stets optimal ist. Dies erleichtert die Wartung der Maschine und sorgt f\u00fcr besten Kaffeegenuss.<\/p>\n<h3 class=\"\" data-start=\"2503\" data-end=\"2553\"><strong data-start=\"2507\" data-end=\"2551\">H\u00f6henverstellbarer Auslauf (8,1 cm \u2013 15,2 cm)<\/strong><\/h3>\n<p class=\"\" data-start=\"2554\" data-end=\"2764\">Der h\u00f6henverstellbare Auslauf der Z8 erm\u00f6glicht die Verwendung verschiedener Tassen und Becher und bietet Flexibilit\u00e4t f\u00fcr unterschiedliche Getr\u00e4nkegr\u00f6\u00dfen. Ob Espresso oder gro\u00dfer Latte Macchiato \u2013 der Auslauf passt sich Ihren Bed\u00fcrfnissen an.<\/p>\n<h3 class=\"\" data-start=\"2766\" data-end=\"2792\"><strong data-start=\"2770\" data-end=\"2790\">Aroma G3 Grinder<\/strong><\/h3>\n<p class=\"\" data-start=\"2793\" data-end=\"3002\">Das Aroma G3-Mahlwerk der Jura Z8 sorgt f\u00fcr pr\u00e4zises und gleichm\u00e4\u00dfiges Mahlen und bewahrt die Frische Ihrer Bohnen f\u00fcr jede Tasse. Dieses Mahlwerk ist schnell und effizient und erleichtert Ihnen den perfekten Kaffeegenuss.<\/p>\n<h3 class=\"\" data-start=\"3004\" data-end=\"3033\"><strong data-start=\"3008\" data-end=\"3031\">Ground Coffee Chute<\/strong><\/h3>\n<p class=\"\" data-start=\"3034\" data-end=\"3207\">F\u00fcr mehr Flexibilit\u00e4t verf\u00fcgt die Jura Z8 \u00fcber einen Kaffeepulverschacht, der das Aufbr\u00fchen mit vorgemahlenem Kaffee erm\u00f6glicht. Dies ist besonders praktisch f\u00fcr entkoffeinierten Kaffee oder spezielle Mischungen.<\/p>\n<h3 class=\"\" data-start=\"3209\" data-end=\"3238\"><strong data-start=\"3213\" data-end=\"3236\">Vollst\u00e4ndig selbstreinigend<\/strong><\/h3>\n<p class=\"\" data-start=\"3239\" data-end=\"3471\">Dank des vollautomatischen Reinigungssystems erfordert die Z8 nur minimalen Wartungsaufwand. Von der Kaffeebr\u00fcheinheit bis zum Milchsystem \u00fcbernimmt diese Maschine den Reinigungsprozess f\u00fcr Sie, sodass Sie Ihren Kaffee ohne Aufwand genie\u00dfen k\u00f6nnen.<\/p>\n<hr class=\"\" data-start=\"3473\" data-end=\"3476\" \/>\n<h2 class=\"\" data-start=\"3478\" data-end=\"3514\"><strong data-start=\"3481\" data-end=\"3514\">Spezifikationen der Jura Z8<\/strong><\/h2>\n<h3 class=\"\" data-start=\"3516\" data-end=\"3548\"><strong data-start=\"3520\" data-end=\"3548\">Ger\u00e4tespezifikationen<\/strong><\/h3>\n<ul data-start=\"3550\" data-end=\"3721\">\n<li class=\"\" data-start=\"3550\" data-end=\"3584\">\n<p class=\"\" data-start=\"3552\" data-end=\"3584\"><strong data-start=\"3552\" data-end=\"3576\">Fassungsverm\u00f6gen des Bohnenbeh\u00e4lters<\/strong>: 280 g<\/p>\n<\/li>\n<li class=\"\" data-start=\"3585\" data-end=\"3624\">\n<p class=\"\" data-start=\"3587\" data-end=\"3624\"><strong data-start=\"3587\" data-end=\"3606\">Wassertankgr\u00f6\u00dfe<\/strong>: 2,4 l (10 Tassen)<\/p>\n<\/li>\n<li class=\"\" data-start=\"3625\" data-end=\"3668\">\n<p class=\"\" data-start=\"3627\" data-end=\"3668\"><strong data-start=\"3627\" data-end=\"3649\">Technische Daten<\/strong>: 32\u2033 x 38\u2033 x 45\u2033<\/p>\n<\/li>\n<li class=\"\" data-start=\"3669\" data-end=\"3693\">\n<p class=\"\" data-start=\"3671\" data-end=\"3693\"><strong data-start=\"3671\" data-end=\"3681\">Gewicht<\/strong>: 29,5 Pfund<\/p>\n<\/li>\n<li class=\"\" data-start=\"3694\" data-end=\"3721\">\n<p class=\"\" data-start=\"3696\" data-end=\"3721\"><strong data-start=\"3696\" data-end=\"3714\">Artikelnummer<\/strong>: 15192<\/p>\n<\/li>\n<\/ul>\n<hr class=\"\" data-start=\"3723\" data-end=\"3726\" \/>\n<h2 class=\"\" data-start=\"0\" data-end=\"46\"><strong data-start=\"3\" data-end=\"46\">Wo kann man die Jura Z8 Kaffeemaschine kaufen?<\/strong><\/h2>\n<p class=\"\" data-start=\"48\" data-end=\"198\">You can purchase the <strong data-start=\"69\" data-end=\"95\">Jura Z8 Kaffeemaschine<\/strong> von verschiedenen Online-H\u00e4ndlern. F\u00fcr die besten Preise und schnellsten Versand besuchen Sie diese vertrauensw\u00fcrdigen Shops:<\/p>\n<h3 class=\"\" data-start=\"200\" data-end=\"252\"><strong data-start=\"204\" data-end=\"252\">Kaufen Sie die Jura Z8 bei EspressoMachineSale.com<\/strong><\/h3>\n<p class=\"\" data-start=\"253\" data-end=\"423\"><a href=\"https:\/\/bestathomeespressomachine.com\/de\/\">EspressoMachineSale.com<\/a> bietet die Jura Z8 zu attraktiven Preisen mit schnellem und zuverl\u00e4ssigem Versand an. Entdecken Sie die Vielfalt der Jura-Kaffeemaschinen.<\/p>\n<h3 class=\"\" data-start=\"425\" data-end=\"458\"><strong data-start=\"429\" data-end=\"458\">Jura Z8 bei Amazon kaufen<\/strong><\/h3>\n<p class=\"\" data-start=\"459\" data-end=\"587\">Kaufen Sie die Jura Z8 Kaffeemaschine online. Amazon ist eine bequeme Option f\u00fcr den Kauf der Jura Z8 mit wettbewerbsf\u00e4higen Preisen, schnellem Versand und zuverl\u00e4ssigem Kundenservice.<\/p>\n<h3 class=\"\" data-start=\"589\" data-end=\"618\"><strong data-start=\"593\" data-end=\"618\">Offizielle Jura-Website<\/strong><\/h3>\n<p class=\"\" data-start=\"619\" data-end=\"844\">F\u00fcr diejenigen, die die zuverl\u00e4ssigste Quelle suchen, um <strong>Kaufen Sie die Jura Z8 Kaffeemaschine online\u00a0<\/strong>, Die <strong data-start=\"671\" data-end=\"696\">Offizielle Jura-Website<\/strong> ist der beste Ort, um die Jura Z8 zu kaufen. Entdecken Sie das gesamte Jura-Sortiment und erhalten Sie detaillierte Produktinformationen und exklusive Angebote.<\/p>\n<h3 class=\"\" data-start=\"846\" data-end=\"880\"><strong data-start=\"850\" data-end=\"880\">Spezialit\u00e4tenkaffee-H\u00e4ndler<\/strong><\/h3>\n<p class=\"\" data-start=\"881\" data-end=\"1100\">Sie finden die Jura Z8 auch bei verschiedenen <strong data-start=\"922\" data-end=\"952\">Fachh\u00e4ndler f\u00fcr Spezialit\u00e4tenkaffee<\/strong> sowohl online als auch im Gesch\u00e4ft. Diese H\u00e4ndler bieten kompetente Beratung und spezielle Services, damit Sie das Beste aus Ihrer Jura Z8-Kaffeemaschine herausholen k\u00f6nnen.<\/p>\n<ul data-start=\"3968\" data-end=\"4063\">\n<li class=\"\" data-start=\"4030\" data-end=\"4063\"><\/li>\n<\/ul>\n<hr class=\"\" data-start=\"4065\" data-end=\"4068\" \/>\n<h2 class=\"\" data-start=\"4070\" data-end=\"4114\"><strong data-start=\"4073\" data-end=\"4114\">FAQs zur Jura Z8 Kaffeemaschine<\/strong><\/h2>\n<h3 class=\"\" data-start=\"4116\" data-end=\"4186\"><strong data-start=\"4120\" data-end=\"4184\">1. Wie funktioniert das Dual-Thermoblock-System bei der Jura Z8?<\/strong><\/h3>\n<p class=\"\" data-start=\"4187\" data-end=\"4376\">Das duale Thermoblock-System trennt die Heizung f\u00fcr Kaffee und Milch. Dies erm\u00f6glicht eine schnellere Zubereitung von Milchgetr\u00e4nken, ohne dass dabei die Temperatur oder Qualit\u00e4t des Kaffees beeintr\u00e4chtigt wird.<\/p>\n<h3 class=\"\" data-start=\"4378\" data-end=\"4441\"><strong data-start=\"4382\" data-end=\"4439\">2. Kann ich meine Kaffeeeinstellungen bei der Jura Z8 individuell anpassen?<\/strong><\/h3>\n<p class=\"\" data-start=\"4442\" data-end=\"4611\">Ja, die Jura Z8 bietet zahlreiche anpassbare Optionen f\u00fcr St\u00e4rke, Kaffeemenge und Temperatur, sodass Sie Ihre Getr\u00e4nke genau nach Ihren W\u00fcnschen zubereiten k\u00f6nnen.<\/p>\n<h3 class=\"\" data-start=\"4613\" data-end=\"4672\"><strong data-start=\"4617\" data-end=\"4670\">3. Ist die Jura Z8 mit pflanzlicher Milch kompatibel?<\/strong><\/h3>\n<p class=\"\" data-start=\"4673\" data-end=\"4800\">Ja, der Feinschaumaufsch\u00e4umer des Z8 funktioniert gut sowohl mit Milchprodukten als auch mit milchfreien Alternativen wie Mandelmilch, Hafermilch und Sojamilch.<\/p>\n<h3 class=\"\" data-start=\"4802\" data-end=\"4842\"><strong data-start=\"4806\" data-end=\"4840\">4. Wie reinige ich die Jura Z8?<\/strong><\/h3>\n<p class=\"\" data-start=\"4843\" data-end=\"5009\">Die Jura Z8 ist vollst\u00e4ndig selbstreinigend. Sie verf\u00fcgt \u00fcber automatische Reinigungszyklen sowohl f\u00fcr die Kaffeebr\u00fcheinheit als auch f\u00fcr das Milchsystem, wodurch der manuelle Reinigungsaufwand reduziert wird.<\/p>\n<hr class=\"\" data-start=\"5011\" data-end=\"5014\" \/>\n<h2 class=\"\" data-start=\"5016\" data-end=\"5081\"><strong data-start=\"5019\" data-end=\"5081\">Kundenrezensionen: Das sagen die Leute \u00fcber den Jura Z8<\/strong><\/h2>\n<p class=\"\" data-start=\"5083\" data-end=\"5265\">\u2b50\ufe0f\u2b50\ufe0f\u2b50\ufe0f\u2b50\ufe0f\u2b50\ufe0f<br data-start=\"5093\" data-end=\"5096\" \/>\u201eDie Jura Z8 ist ein echter Wendepunkt! Ich liebe es, wie einfach es ist, eine perfekte Tasse Kaffee zuzubereiten. Mit der JOE-App kann ich meinen Kaffee ganz bequem aus der Ferne anpassen und \u00fcberwachen.\u201c<\/p>\n<p class=\"\" data-start=\"5267\" data-end=\"5422\">\u2b50\ufe0f\u2b50\ufe0f\u2b50\ufe0f\u2b50\ufe0f\u2606<br data-start=\"5276\" data-end=\"5279\" \/>\u201eDie Espressoqualit\u00e4t ist fantastisch und der Milchaufsch\u00e4umer erstklassig. Ich w\u00fcnschte nur, die Maschine w\u00e4re etwas kleiner f\u00fcr meine K\u00fcche.\u201c<\/p>\n<\/div>\n<\/div>\n<\/div>\n<\/div>","protected":false},"excerpt":{"rendered":"<p>Die Jura Z8 ist ein Premium-Kaffeevollautomat mit 4,3-Zoll-Farb-Touchscreen, zwei Thermobl\u00f6cken und fortschrittlichen Funktionen wie dem Pulse Extraction Process (PEP\u00ae) und der Jura Operating Experience App (JOE). Bereiten Sie m\u00fchelos Kaffee in Barista-Qualit\u00e4t zu und steuern Sie ihn bequem per Fernzugriff.<\/p>","protected":false},"featured_media":21520,"comment_status":"open","ping_status":"closed","template":"","meta":[],"product_cat":[51],"product_tag":[],"class_list":{"0":"post-21519","1":"product","2":"type-product","3":"status-publish","4":"has-post-thumbnail","6":"product_cat-jura-espresso-machine","8":"first","9":"instock","10":"shipping-taxable","11":"purchasable","12":"product-type-simple","13":"col-xs-6 col-sm-4","14":"col-md-3 col-lg-3","15":"un-4-cols"},"jetpack_sharing_enabled":true,"_links":{"self":[{"href":"https:\/\/bestathomeespressomachine.com\/de\/wp-json\/wp\/v2\/product\/21519","targetHints":{"allow":["GET"]}}],"collection":[{"href":"https:\/\/bestathomeespressomachine.com\/de\/wp-json\/wp\/v2\/product"}],"about":[{"href":"https:\/\/bestathomeespressomachine.com\/de\/wp-json\/wp\/v2\/types\/product"}],"replies":[{"embeddable":true,"href":"https:\/\/bestathomeespressomachine.com\/de\/wp-json\/wp\/v2\/comments?post=21519"}],"version-history":[{"count":3,"href":"https:\/\/bestathomeespressomachine.com\/de\/wp-json\/wp\/v2\/product\/21519\/revisions"}],"predecessor-version":[{"id":22344,"href":"https:\/\/bestathomeespressomachine.com\/de\/wp-json\/wp\/v2\/product\/21519\/revisions\/22344"}],"wp:featuredmedia":[{"embeddable":true,"href":"https:\/\/bestathomeespressomachine.com\/de\/wp-json\/wp\/v2\/media\/21520"}],"wp:attachment":[{"href":"https:\/\/bestathomeespressomachine.com\/de\/wp-json\/wp\/v2\/media?parent=21519"}],"wp:term":[{"taxonomy":"product_cat","embeddable":true,"href":"https:\/\/bestathomeespressomachine.com\/de\/wp-json\/wp\/v2\/product_cat?post=21519"},{"taxonomy":"product_tag","embeddable":true,"href":"https:\/\/bestathomeespressomachine.com\/de\/wp-json\/wp\/v2\/product_tag?post=21519"}],"curies":[{"name":"wp","href":"https:\/\/api.w.org\/{rel}","templated":true}]}}