{"id":21580,"date":"2025-01-06T05:47:47","date_gmt":"2025-01-06T05:47:47","guid":{"rendered":"https:\/\/bestathomeespressomachine.com\/?post_type=product&#038;p=21580"},"modified":"2025-04-28T11:48:00","modified_gmt":"2025-04-28T11:48:00","slug":"buy-jura-e6-fully-automatic-espresso-machine","status":"publish","type":"product","link":"https:\/\/bestathomeespressomachine.com\/de\/product\/buy-jura-e6-fully-automatic-espresso-machine\/","title":{"rendered":"Jura E6 Super Automatic Espresso Machine Piano White (Modell 15559 | Neueste Version)"},"content":{"rendered":"<h2 class=\"\" data-start=\"199\" data-end=\"307\">JURA E6 Espressovollautomat online kaufen \u2013 Elegante Schlichtheit trifft auf fortschrittliche Kaffeeinnovation<\/h2>\n<p class=\"\" data-start=\"309\" data-end=\"695\">Kaufen Sie die JURA E6 Espressomaschine. Entdecken Sie eine neue Dimension der Kaffeezubereitung zu Hause mit der <strong data-start=\"362\" data-end=\"373\">JURA E6<\/strong>Als Teil der hochgelobten E-Linie von Jura besticht das neueste Modell 2023 durch eine elegante neue Farbe und leistungsstarke interne Verbesserungen. Mit patentierten Schweizer Innovationen wie <strong data-start=\"537\" data-end=\"575\">Pulsextraktionsprozess (PEP\u00ae)<\/strong> und die <strong data-start=\"584\" data-end=\"603\">AromaG3 M\u00fchle<\/strong>Die E6 liefert auf Knopfdruck konstant kr\u00e4ftigen, aromatischen Espresso und Kaffee.<\/p>\n<p class=\"\" data-start=\"697\" data-end=\"840\">Entwickelt f\u00fcr Kaffeeliebhaber, die intuitive Bedienung und kompromisslose Qualit\u00e4t sch\u00e4tzen, macht die JURA E6 jeden Br\u00fchvorgang zu einem Genusserlebnis.<\/p>\n<hr class=\"\" data-start=\"842\" data-end=\"845\" \/>\n<h2 class=\"\" data-start=\"847\" data-end=\"913\">\ud83c\udf1f Hauptmerkmale der JURA E6 Espressovollautomaten<\/h2>\n<h3 class=\"\" data-start=\"915\" data-end=\"939\">\u2705 TFT-Farbdisplay<\/h3>\n<p class=\"\" data-start=\"940\" data-end=\"1088\">Genie\u00dfen Sie die einfache Navigation mit einem hellen <strong data-start=\"978\" data-end=\"999\">TFT-Farbbildschirm<\/strong> und Tastenschnittstelle. Es ist f\u00fcr jeden im Haushalt leicht zu verstehen und zu bedienen.<\/p>\n<h3 class=\"\" data-start=\"1090\" data-end=\"1130\">\u2705 Pulsextraktionsverfahren (PEP\u00ae)<\/h3>\n<p class=\"\" data-start=\"1131\" data-end=\"1270\">Das <strong data-start=\"1136\" data-end=\"1159\">patentierte Technologie<\/strong> verk\u00fcrzt die Extraktionszeit und intensiviert gleichzeitig Aroma und Geschmack, insbesondere bei Espresso und Ristretto.<\/p>\n<h3 class=\"\" data-start=\"1272\" data-end=\"1307\">\u2705 One-Touch-Br\u00fchen \u2013 6 Voreinstellungen<\/h3>\n<ul data-start=\"1308\" data-end=\"1456\">\n<li class=\"\" data-start=\"1308\" data-end=\"1323\">\n<p class=\"\" data-start=\"1310\" data-end=\"1323\">1x Espresso<\/p>\n<\/li>\n<li class=\"\" data-start=\"1324\" data-end=\"1339\">\n<p class=\"\" data-start=\"1326\" data-end=\"1339\">2x Espresso<\/p>\n<\/li>\n<li class=\"\" data-start=\"1340\" data-end=\"1353\">\n<p class=\"\" data-start=\"1342\" data-end=\"1353\">1x Kaffee<\/p>\n<\/li>\n<li class=\"\" data-start=\"1354\" data-end=\"1367\">\n<p class=\"\" data-start=\"1356\" data-end=\"1367\">2x Kaffee<\/p>\n<\/li>\n<li class=\"\" data-start=\"1368\" data-end=\"1385\">\n<p class=\"\" data-start=\"1370\" data-end=\"1385\">1x Cappuccino<\/p>\n<\/li>\n<li class=\"\" data-start=\"1386\" data-end=\"1413\">\n<p class=\"\" data-start=\"1388\" data-end=\"1413\">1x Portion Milchschaum<\/p>\n<\/li>\n<li class=\"\" data-start=\"1414\" data-end=\"1456\">\n<p class=\"\" data-start=\"1416\" data-end=\"1456\"><em data-start=\"1416\" data-end=\"1456\">Plus: Warmwasser (3 Temperaturstufen)<\/em><\/p>\n<\/li>\n<\/ul>\n<h3 class=\"\" data-start=\"1458\" data-end=\"1498\">\u2705 Intelligentes Wassersystem (IWS\u00ae)<\/h3>\n<p class=\"\" data-start=\"1499\" data-end=\"1632\">Verwendet die <strong data-start=\"1508\" data-end=\"1537\">CLARIS Smart Wasserfilter<\/strong> um Kalkablagerungen zu reduzieren, den Geschmack zu verbessern und bei richtiger Anwendung das Entkalken \u00fcberfl\u00fcssig zu machen.<\/p>\n<h3 class=\"\" data-start=\"1634\" data-end=\"1655\">\u2705 AromaG3 M\u00fchle<\/h3>\n<p class=\"\" data-start=\"1656\" data-end=\"1765\">Mahlt Bohnen <strong data-start=\"1669\" data-end=\"1686\">doppelt so schnell<\/strong> Dabei bleibt das volle Aroma erhalten, sodass Sie jedes Mal eine m\u00f6glichst frische Tasse genie\u00dfen k\u00f6nnen.<\/p>\n<h3 class=\"\" data-start=\"1767\" data-end=\"1799\">\u2705 Thermoblock-Heizsystem<\/h3>\n<p class=\"\" data-start=\"1800\" data-end=\"1858\">Liefert hei\u00dfe Getr\u00e4nke schnell und bleibt dabei energieeffizient.<\/p>\n<h3 class=\"\" data-start=\"1860\" data-end=\"1892\">\u2705 Programmierbare Anpassung<\/h3>\n<p class=\"\" data-start=\"1893\" data-end=\"2046\">Passen Sie Milchmenge, Kaffeest\u00e4rke (8 Stufen), Br\u00fchtemperatur (2 Stufen) und mehr an. Stellen Sie Ihre pers\u00f6nlichen Kaffeevorlieben ein und lassen Sie die E6 diese speichern.<\/p>\n<h3 class=\"\" data-start=\"2048\" data-end=\"2075\">\u2705 T\u00dcV-zertifizierte Hygiene<\/h3>\n<p class=\"\" data-start=\"2076\" data-end=\"2196\">Die automatische <strong data-start=\"2093\" data-end=\"2129\">Reinigen, Sp\u00fclen und Entkalken<\/strong> Programme sorgen f\u00fcr eine einwandfreie Hygiene, auch im Milchsystem.<\/p>\n<h3 class=\"\" data-start=\"2198\" data-end=\"2228\">\u2705 H\u00f6henverstellbare Ausl\u00e4ufe<\/h3>\n<ul data-start=\"2229\" data-end=\"2291\">\n<li class=\"\" data-start=\"2229\" data-end=\"2259\">\n<p class=\"\" data-start=\"2231\" data-end=\"2259\">Kaffeeauslauf: 2,6 bis 4,4 Zoll<\/p>\n<\/li>\n<li class=\"\" data-start=\"2260\" data-end=\"2291\">\n<p class=\"\" data-start=\"2262\" data-end=\"2291\">Hei\u00dfwasserauslauf: 2,6 bis 4,5 Zoll<\/p>\n<\/li>\n<\/ul>\n<h3 class=\"\" data-start=\"2293\" data-end=\"2320\">\u2705 Wartung leicht gemacht<\/h3>\n<p class=\"\" data-start=\"2321\" data-end=\"2410\">Automatische Benachrichtigungen zur Reinigung und zum Filterwechsel sorgen daf\u00fcr, dass Ihre Maschine wie neu l\u00e4uft.<\/p>\n<hr class=\"\" data-start=\"2412\" data-end=\"2415\" \/>\n<h2 class=\"\" data-start=\"2417\" data-end=\"2447\">\ud83e\uddf0 Ger\u00e4tespezifikationen<\/h2>\n<div class=\"group pointer-events-none relative flex justify-center *:pointer-events-auto\"><button class=\"hover:bg-token-main-surface-secondary text-token-text-secondary pointer-events-auto rounded-lg px-1 py-1 opacity-0 transition-opacity duration-200 group-focus-within:opacity-100 group-hover:opacity-100\"><\/button><\/p>\n<div class=\"tableContainer horzScrollShadows relative\">\n<table class=\"min-w-full\" data-start=\"2449\" data-end=\"3120\">\n<thead data-start=\"2449\" data-end=\"2510\">\n<tr data-start=\"2449\" data-end=\"2510\">\n<th data-start=\"2449\" data-end=\"2479\">Besonderheit<\/th>\n<th data-start=\"2479\" data-end=\"2510\">Details<\/th>\n<\/tr>\n<\/thead>\n<tbody data-start=\"2572\" data-end=\"3120\">\n<tr data-start=\"2572\" data-end=\"2632\">\n<td class=\"max-w-[calc(var(--thread-content-max-width)*2\/3)]\" data-start=\"2572\" data-end=\"2601\">Abmessungen (B x H x T)<\/td>\n<td class=\"max-w-[calc(var(--thread-content-max-width)*2\/3)]\" data-start=\"2601\" data-end=\"2632\">28\u2009\u00d7\u200935.1\u2009\u00d7\u200944.6 cm<\/td>\n<\/tr>\n<tr data-start=\"2633\" data-end=\"2693\">\n<td class=\"max-w-[calc(var(--thread-content-max-width)*2\/3)]\" data-start=\"2633\" data-end=\"2662\">Gewicht<\/td>\n<td class=\"max-w-[calc(var(--thread-content-max-width)*2\/3)]\" data-start=\"2662\" data-end=\"2693\">20,7 Pfund<\/td>\n<\/tr>\n<tr data-start=\"2694\" data-end=\"2754\">\n<td class=\"max-w-[calc(var(--thread-content-max-width)*2\/3)]\" data-start=\"2694\" data-end=\"2723\">Power<\/td>\n<td class=\"max-w-[calc(var(--thread-content-max-width)*2\/3)]\" data-start=\"2723\" data-end=\"2754\">1450 Watt<\/td>\n<\/tr>\n<tr data-start=\"2755\" data-end=\"2815\">\n<td class=\"max-w-[calc(var(--thread-content-max-width)*2\/3)]\" data-start=\"2755\" data-end=\"2784\">Wassertankgr\u00f6\u00dfe<\/td>\n<td class=\"max-w-[calc(var(--thread-content-max-width)*2\/3)]\" data-start=\"2784\" data-end=\"2815\">1,9 l<\/td>\n<\/tr>\n<tr data-start=\"2816\" data-end=\"2876\">\n<td class=\"max-w-[calc(var(--thread-content-max-width)*2\/3)]\" data-start=\"2816\" data-end=\"2845\">Fassungsverm\u00f6gen des Bohnenbeh\u00e4lters<\/td>\n<td class=\"max-w-[calc(var(--thread-content-max-width)*2\/3)]\" data-start=\"2845\" data-end=\"2876\">280 g<\/td>\n<\/tr>\n<tr data-start=\"2877\" data-end=\"2937\">\n<td class=\"max-w-[calc(var(--thread-content-max-width)*2\/3)]\" data-start=\"2877\" data-end=\"2906\">Pumpendruck<\/td>\n<td class=\"max-w-[calc(var(--thread-content-max-width)*2\/3)]\" data-start=\"2906\" data-end=\"2937\">15 Bar<\/td>\n<\/tr>\n<tr data-start=\"2938\" data-end=\"2998\">\n<td class=\"max-w-[calc(var(--thread-content-max-width)*2\/3)]\" data-start=\"2938\" data-end=\"2967\">H\u00f6henverstellbare Ausl\u00e4ufe<\/td>\n<td class=\"max-w-[calc(var(--thread-content-max-width)*2\/3)]\" data-start=\"2967\" data-end=\"2998\">6,5\u201311,1 cm<\/td>\n<\/tr>\n<tr data-start=\"2999\" data-end=\"3059\">\n<td class=\"max-w-[calc(var(--thread-content-max-width)*2\/3)]\" data-start=\"2999\" data-end=\"3028\">Getr\u00e4nkeoptionen<\/td>\n<td class=\"max-w-[calc(var(--thread-content-max-width)*2\/3)]\" data-start=\"3028\" data-end=\"3059\">11 Spezialgetr\u00e4nke<\/td>\n<\/tr>\n<tr data-start=\"3060\" data-end=\"3120\">\n<td class=\"max-w-[calc(var(--thread-content-max-width)*2\/3)]\" data-start=\"3060\" data-end=\"3089\">Artikelnummer<\/td>\n<td class=\"max-w-[calc(var(--thread-content-max-width)*2\/3)]\" data-start=\"3089\" data-end=\"3120\">15559<\/td>\n<\/tr>\n<\/tbody>\n<\/table>\n<\/div>\n<\/div>\n<h3 class=\"\" data-start=\"3122\" data-end=\"3142\">\u2615 Getr\u00e4nkeoptionen:<\/h3>\n<ul data-start=\"3143\" data-end=\"3337\">\n<li class=\"\" data-start=\"3143\" data-end=\"3155\">\n<p class=\"\" data-start=\"3145\" data-end=\"3155\">Espresso<\/p>\n<\/li>\n<li class=\"\" data-start=\"3156\" data-end=\"3172\">\n<p class=\"\" data-start=\"3158\" data-end=\"3172\">2 \u00d7 Espresso<\/p>\n<\/li>\n<li class=\"\" data-start=\"3173\" data-end=\"3183\">\n<p class=\"\" data-start=\"3175\" data-end=\"3183\">Kaffee<\/p>\n<\/li>\n<li class=\"\" data-start=\"3184\" data-end=\"3198\">\n<p class=\"\" data-start=\"3186\" data-end=\"3198\">2 \u00d7 Kaffee<\/p>\n<\/li>\n<li class=\"\" data-start=\"3199\" data-end=\"3216\">\n<p class=\"\" data-start=\"3201\" data-end=\"3216\">Barista-Kaffee<\/p>\n<\/li>\n<li class=\"\" data-start=\"3217\" data-end=\"3234\">\n<p class=\"\" data-start=\"3219\" data-end=\"3234\">Langer Barista<\/p>\n<\/li>\n<li class=\"\" data-start=\"3235\" data-end=\"3257\">\n<p class=\"\" data-start=\"3237\" data-end=\"3257\">Espresso Macchiato<\/p>\n<\/li>\n<li class=\"\" data-start=\"3258\" data-end=\"3272\">\n<p class=\"\" data-start=\"3260\" data-end=\"3272\">Cappuccino<\/p>\n<\/li>\n<li class=\"\" data-start=\"3273\" data-end=\"3298\">\n<p class=\"\" data-start=\"3275\" data-end=\"3298\">Cappuccino Extra Shot<\/p>\n<\/li>\n<li class=\"\" data-start=\"3299\" data-end=\"3323\">\n<p class=\"\" data-start=\"3301\" data-end=\"3323\">Portion Milchschaum<\/p>\n<\/li>\n<li class=\"\" data-start=\"3324\" data-end=\"3337\">\n<p class=\"\" data-start=\"3326\" data-end=\"3337\">Warmes Wasser<\/p>\n<\/li>\n<\/ul>\n<hr class=\"\" data-start=\"3339\" data-end=\"3342\" \/>\n<h2 class=\"\" data-start=\"3344\" data-end=\"3396\">\ud83d\uded2 Wo kann man die JURA E6 Espressomaschine kaufen?<\/h2>\n<p class=\"\" data-start=\"3398\" data-end=\"3566\">Sie k\u00f6nnen die JURA E6 Espressomaschine bei vertrauensw\u00fcrdigen H\u00e4ndlern in Europa und weltweit erwerben. Achten Sie auf autorisierte H\u00e4ndler, um Garantieschutz und zuverl\u00e4ssigen Kundenservice zu gew\u00e4hrleisten.<\/p>\n<h3 class=\"\" data-start=\"3568\" data-end=\"3597\">Vertrauensw\u00fcrdige Online-H\u00e4ndler:<\/h3>\n<ul data-start=\"3598\" data-end=\"3705\">\n<li class=\"\" data-start=\"3598\" data-end=\"3625\">\n<p class=\"\" data-start=\"3600\" data-end=\"3625\"><strong data-start=\"3600\" data-end=\"3625\">Offizielle Jura-Website<\/strong><\/p>\n<\/li>\n<li class=\"\" data-start=\"3626\" data-end=\"3638\">\n<p class=\"\" data-start=\"3628\" data-end=\"3638\"><strong data-start=\"3628\" data-end=\"3638\">Amazon<\/strong><\/p>\n<\/li>\n<li class=\"\" data-start=\"3639\" data-end=\"3653\">\n<p class=\"\" data-start=\"3641\" data-end=\"3653\"><strong data-start=\"3641\" data-end=\"3653\">Bester Kauf<\/strong><\/p>\n<\/li>\n<li class=\"\" data-start=\"3654\" data-end=\"3670\">\n<p class=\"\" data-start=\"3656\" data-end=\"3670\"><strong data-start=\"3656\" data-end=\"3670\">MediaMarkt<\/strong><\/p>\n<\/li>\n<li class=\"\" data-start=\"3671\" data-end=\"3705\">\n<p class=\"\" data-start=\"3673\" data-end=\"3705\"><strong data-start=\"3673\" data-end=\"3705\">Fachgesch\u00e4fte f\u00fcr Kaffeezubeh\u00f6r<\/strong><\/p>\n<\/li>\n<\/ul>\n<hr class=\"\" data-start=\"3707\" data-end=\"3710\" \/>\n<h2 class=\"\" data-start=\"3712\" data-end=\"3761\">\u2753 H\u00e4ufig gestellte Fragen zur JURA E6<\/h2>\n<h3 class=\"\" data-start=\"3763\" data-end=\"3815\"><strong data-start=\"3767\" data-end=\"3813\">F: Kann die JURA E6 milchbasierte Getr\u00e4nke zubereiten?<\/strong><\/h3>\n<p class=\"\" data-start=\"3816\" data-end=\"4003\"><strong data-start=\"3816\" data-end=\"3822\">A:<\/strong> Ja! Die E6 kann Cappuccino und Milchschaumportionen mit One-Touch-Funktion zubereiten. Latte Macchiato oder Flat Whites sind jedoch nicht m\u00f6glich. F\u00fcr eine gr\u00f6\u00dfere Auswahl an Milch empfiehlt sich die J8 oder Z10.<\/p>\n<h3 class=\"\" data-start=\"4005\" data-end=\"4047\"><strong data-start=\"4009\" data-end=\"4045\">F: Ist die JURA E6 leicht zu reinigen?<\/strong><\/h3>\n<p class=\"\" data-start=\"4048\" data-end=\"4180\"><strong data-start=\"4048\" data-end=\"4054\">A:<\/strong> Absolut. Dank integrierter Sp\u00fcl-, Reinigungs- und Entkalkungsprogramme sowie T\u00dcV-zertifizierter Hygiene ist die Pflege kinderleicht.<\/p>\n<h3 class=\"\" data-start=\"4182\" data-end=\"4231\"><strong data-start=\"4186\" data-end=\"4229\">F: Kann ich mit dem E6 gemahlenen Kaffee verwenden?<\/strong><\/h3>\n<p class=\"\" data-start=\"4232\" data-end=\"4343\"><strong data-start=\"4232\" data-end=\"4238\">A:<\/strong> Nein, die JURA E6 verf\u00fcgt \u00fcber keinen Bypass-Dosierer. Sie ist f\u00fcr ganze Bohnen mit dem AromaG3-Mahlwerk optimiert.<\/p>\n<h3 class=\"\" data-start=\"4345\" data-end=\"4388\"><strong data-start=\"4349\" data-end=\"4386\">F: Ist die Maschine App-kompatibel?<\/strong><\/h3>\n<p class=\"\" data-start=\"4389\" data-end=\"4506\"><strong data-start=\"4389\" data-end=\"4395\">A:<\/strong> Die E6 ist nicht mit der JOE-App kompatibel. Wenn dir die Fernbedienung wichtig ist, ist die JURA E8 oder J8 die bessere Wahl.<\/p>\n<hr class=\"\" data-start=\"4508\" data-end=\"4511\" \/>\n<h2 class=\"\" data-start=\"4513\" data-end=\"4576\">\u2b50 Kundenrezensionen: Das sagen die Leute \u00fcber die JURA E6<\/h2>\n<p class=\"\" data-start=\"4578\" data-end=\"4708\">\u2b50\ufe0f\u2b50\ufe0f\u2b50\ufe0f\u2b50\ufe0f\u2b50\ufe0f<br data-start=\"4588\" data-end=\"4591\" \/>\u201eHervorragende Qualit\u00e4t und Geschmack! Ich liebe die schnelle Zubereitung meines Espressos und die Reinigung ist kinderleicht.\u201c<br data-start=\"4683\" data-end=\"4686\" \/>\u2014 <strong data-start=\"4688\" data-end=\"4708\">Elena S., Berlin<\/strong><\/p>\n<p class=\"\" data-start=\"4710\" data-end=\"4832\">\u2b50\ufe0f\u2b50\ufe0f\u2b50\ufe0f\u2b50\ufe0f\u2606<br data-start=\"4719\" data-end=\"4722\" \/>\u201eZuverl\u00e4ssig, elegant und liefert jeden Tag fantastischen Kaffee. Ich w\u00fcnschte nur, sie h\u00e4tte eine App-Steuerung.\u201c<br data-start=\"4809\" data-end=\"4812\" \/>\u2014 <strong data-start=\"4814\" data-end=\"4832\">Tom H., M\u00fcnchen<\/strong><\/p>\n<p class=\"\" data-start=\"4834\" data-end=\"4961\">\u2b50\ufe0f\u2b50\ufe0f\u2b50\ufe0f\u2b50\ufe0f\u2b50\ufe0f<br data-start=\"4844\" data-end=\"4847\" \/>\u201eDie Cappuccino-Einstellung ist morgens ein Lebensretter. So einfach zu bedienen und zuverl\u00e4ssig!\u201c<br data-start=\"4934\" data-end=\"4937\" \/>\u2014 <strong data-start=\"4939\" data-end=\"4961\">Anna L., Frankfurt<br \/>\n<a href=\"https:\/\/bestathomeespressomachine.com\/de\/testimonials\/\">Bewertungsseite<\/a><\/strong><\/p>\n<hr class=\"\" data-start=\"4963\" data-end=\"4966\" \/>\n<h2 class=\"\" data-start=\"4968\" data-end=\"5018\">\ud83d\udecd\ufe0f Kaufen Sie die JURA E6 Kaffeemaschine noch heute online<\/h2>\n<p class=\"\" data-start=\"5020\" data-end=\"5223\">Holen Sie sich die Kraft der pr\u00e4zisionsgefertigten Schweizer Kaffeetechnologie nach Hause. Die <strong data-start=\"5105\" data-end=\"5149\">JURA E6 Espressovollautomat<\/strong> liefert Kaffee auf Barista-Niveau auf Knopfdruck, ganz ohne Aufwand.<\/p>\n<p class=\"\" data-start=\"5225\" data-end=\"5366\">\ud83d\udc49 <strong data-start=\"5228\" data-end=\"5292\">Jetzt shoppen bei <a href=\"https:\/\/bestathomeespressomachine.com\/de\/shop\/\">Espressomachinesale.com\u2014<\/a>Ihr Premium-Jura-H\u00e4ndler<\/strong><br data-start=\"5292\" data-end=\"5295\" \/>\u2705 Schneller Versand<br data-start=\"5310\" data-end=\"5313\" \/>\u2705 Offizielle Garantie<br data-start=\"5332\" data-end=\"5335\" \/>\u2705 Experten-Support nach dem Kauf<\/p>","protected":false},"excerpt":{"rendered":"<p>Entdecken Sie den JURA E6 Espressovollautomaten \u2013 das neueste Modell aus dem Jahr 2023 mit fortschrittlichen Funktionen wie Puls-Extraktionsprozess, TFT-Display und AromaG3-Mahlwerk. Genie\u00dfen Sie Espresso in Barista-Qualit\u00e4t und mehr \u2013 alles auf Knopfdruck. Jetzt bestellen und profitieren Sie von schnellem Versand und kompetenter Beratung!<\/p>","protected":false},"featured_media":21587,"comment_status":"open","ping_status":"closed","template":"","meta":[],"product_cat":[51],"product_tag":[],"class_list":{"0":"post-21580","1":"product","2":"type-product","3":"status-publish","4":"has-post-thumbnail","6":"product_cat-jura-espresso-machine","8":"first","9":"instock","10":"sale","11":"shipping-taxable","12":"purchasable","13":"product-type-simple","14":"col-xs-6 col-sm-4","15":"col-md-3 col-lg-3","16":"un-4-cols"},"jetpack_sharing_enabled":true,"_links":{"self":[{"href":"https:\/\/bestathomeespressomachine.com\/de\/wp-json\/wp\/v2\/product\/21580","targetHints":{"allow":["GET"]}}],"collection":[{"href":"https:\/\/bestathomeespressomachine.com\/de\/wp-json\/wp\/v2\/product"}],"about":[{"href":"https:\/\/bestathomeespressomachine.com\/de\/wp-json\/wp\/v2\/types\/product"}],"replies":[{"embeddable":true,"href":"https:\/\/bestathomeespressomachine.com\/de\/wp-json\/wp\/v2\/comments?post=21580"}],"version-history":[{"count":3,"href":"https:\/\/bestathomeespressomachine.com\/de\/wp-json\/wp\/v2\/product\/21580\/revisions"}],"predecessor-version":[{"id":22328,"href":"https:\/\/bestathomeespressomachine.com\/de\/wp-json\/wp\/v2\/product\/21580\/revisions\/22328"}],"wp:featuredmedia":[{"embeddable":true,"href":"https:\/\/bestathomeespressomachine.com\/de\/wp-json\/wp\/v2\/media\/21587"}],"wp:attachment":[{"href":"https:\/\/bestathomeespressomachine.com\/de\/wp-json\/wp\/v2\/media?parent=21580"}],"wp:term":[{"taxonomy":"product_cat","embeddable":true,"href":"https:\/\/bestathomeespressomachine.com\/de\/wp-json\/wp\/v2\/product_cat?post=21580"},{"taxonomy":"product_tag","embeddable":true,"href":"https:\/\/bestathomeespressomachine.com\/de\/wp-json\/wp\/v2\/product_tag?post=21580"}],"curies":[{"name":"wp","href":"https:\/\/api.w.org\/{rel}","templated":true}]}}