{"id":21651,"date":"2025-01-06T15:16:51","date_gmt":"2025-01-06T15:16:51","guid":{"rendered":"https:\/\/bestathomeespressomachine.com\/?post_type=product&#038;p=21651"},"modified":"2025-04-27T09:35:01","modified_gmt":"2025-04-27T09:35:01","slug":"jura-j8-twin-super-automatic-espresso-machine-15658-diamond-black","status":"publish","type":"product","link":"https:\/\/bestathomeespressomachine.com\/de\/product\/jura-j8-twin-super-automatic-espresso-machine-15658-diamond-black\/","title":{"rendered":"Jura J8 Twin Super Automatische Espressomaschine 15658 Diamantschwarz"},"content":{"rendered":"<h2 data-start=\"260\" data-end=\"346\">Jura J8 Twin Kaffeevollautomat kaufen \u2013 Doppelte Leistung, volle Flexibilit\u00e4t<\/h2>\n<h3 data-start=\"348\" data-end=\"393\">Der neue Standard f\u00fcr exzellenten Kaffee zu Hause<\/h3>\n<p class=\"\" data-start=\"395\" data-end=\"806\">Einf\u00fchrung des <strong data-start=\"411\" data-end=\"452\">Jura J8 Twin Automatic <a href=\"https:\/\/bestathomeespressomachine.com\/de\/product\/philips-3200-series-classic-milk-frother-super-automatic-espresso-machine-ep3221-44\/\">Kaffeemaschine<\/a><\/strong> \u2014 die revolution\u00e4re Art, Kaffee zu Hause oder im B\u00fcro zu genie\u00dfen. Mit <strong data-start=\"534\" data-end=\"576\">zwei Hochleistungsm\u00fchlen PAG3+<\/strong>Die J8 Twin vereint im Wesentlichen zwei Premium-Kaffeemaschinen in einem eleganten, Schweizer Ger\u00e4t. Diese Innovation erm\u00f6glicht Ihnen den Genuss verschiedener Mischungen und Geschmacksprofile ohne Kompromisse und bietet un\u00fcbertroffene Flexibilit\u00e4t und maximalen Geschmack.<\/p>\n<p class=\"\" data-start=\"808\" data-end=\"1127\">Ausgestattet mit <strong data-start=\"822\" data-end=\"847\">Sweet Foam-Technologie<\/strong>Der J8 Twin aromatisiert Milchschaum mit Ihrem Lieblingssirup und erm\u00f6glicht Ihnen die Zubereitung s\u00fc\u00dfer Lattes in Barista-Qualit\u00e4t mit der perfekten Intensit\u00e4t auf Knopfdruck. Kombiniert mit Juras charakteristischem <strong data-start=\"1036\" data-end=\"1074\">Pulsextraktionsprozess (PEP\u00ae)<\/strong> Und <strong data-start=\"1079\" data-end=\"1098\">3D-Br\u00fcheinheit<\/strong>, jede Tasse ist ein Meisterwerk.<\/p>\n<p class=\"\" data-start=\"1129\" data-end=\"1279\">Egal, ob Sie Lust auf einen kr\u00e4ftigen Espresso, einen samtigen Latte oder ein s\u00fc\u00dfes Spezialgetr\u00e4nk haben, der Jura J8 Twin liefert sofort und m\u00fchelos erstklassige Ergebnisse.<\/p>\n<hr class=\"\" data-start=\"1281\" data-end=\"1284\" \/>\n<h2 data-start=\"1286\" data-end=\"1345\">Hauptmerkmale des Jura J8 Twin Kaffeevollautomaten<\/h2>\n<h3 data-start=\"1347\" data-end=\"1400\">Zwei PAG3+ Grinder f\u00fcr beispiellose Vielseitigkeit<\/h3>\n<ul data-start=\"1401\" data-end=\"1612\">\n<li class=\"\" data-start=\"1401\" data-end=\"1467\">\n<p class=\"\" data-start=\"1403\" data-end=\"1467\">Br\u00fchen Sie gleichzeitig mit zwei verschiedenen Kaffeemischungen oder R\u00f6stprofilen.<\/p>\n<\/li>\n<li class=\"\" data-start=\"1468\" data-end=\"1538\">\n<p class=\"\" data-start=\"1470\" data-end=\"1538\">Passen Sie Ihr Kaffeeerlebnis jeder Stimmung und den Vorlieben Ihrer G\u00e4ste an.<\/p>\n<\/li>\n<li class=\"\" data-start=\"1539\" data-end=\"1612\">\n<p class=\"\" data-start=\"1541\" data-end=\"1612\">Die aktive Mahlgrad\u00fcberwachung sorgt f\u00fcr Pr\u00e4zision und Konsistenz in jeder Tasse.<\/p>\n<\/li>\n<\/ul>\n<h3 data-start=\"1614\" data-end=\"1664\">Sweet Foam-Funktion f\u00fcr aromatisierte Milchkreationen<\/h3>\n<ul data-start=\"1665\" data-end=\"1804\">\n<li class=\"\" data-start=\"1665\" data-end=\"1715\">\n<p class=\"\" data-start=\"1667\" data-end=\"1715\">Verfeinern Sie Ihren Milchschaum mit Ihren Lieblingssirups.<\/p>\n<\/li>\n<li class=\"\" data-start=\"1716\" data-end=\"1804\">\n<p class=\"\" data-start=\"1718\" data-end=\"1804\">Passen Sie S\u00fc\u00dfe und Geschmacksintensit\u00e4t an und kreieren Sie m\u00fchelos Ihren eigenen s\u00fc\u00dfen Latte.<\/p>\n<\/li>\n<\/ul>\n<h3 data-start=\"1806\" data-end=\"1854\">Coffee Eye-Technologie f\u00fcr intelligentes Br\u00fchen<\/h3>\n<ul data-start=\"1855\" data-end=\"1983\">\n<li class=\"\" data-start=\"1855\" data-end=\"1919\">\n<p class=\"\" data-start=\"1857\" data-end=\"1919\">Die Tassenerkennung passt die angezeigten Getr\u00e4nkeoptionen automatisch an.<\/p>\n<\/li>\n<li class=\"\" data-start=\"1920\" data-end=\"1983\">\n<p class=\"\" data-start=\"1922\" data-end=\"1983\">Vereinfacht die Getr\u00e4nkeauswahl und optimiert den Br\u00fchvorgang.<\/p>\n<\/li>\n<\/ul>\n<h3 data-start=\"1985\" data-end=\"2029\">TFT-Farbdisplay f\u00fcr reibungslose Bedienung<\/h3>\n<ul data-start=\"2030\" data-end=\"2172\">\n<li class=\"\" data-start=\"2030\" data-end=\"2085\">\n<p class=\"\" data-start=\"2032\" data-end=\"2085\">Gro\u00dfer, lebendiger Bildschirm mit intuitiver Tastensteuerung.<\/p>\n<\/li>\n<li class=\"\" data-start=\"2086\" data-end=\"2172\">\n<p class=\"\" data-start=\"2088\" data-end=\"2172\">Die selbsterkl\u00e4rende Benutzeroberfl\u00e4che macht die Zubereitung von professionellem Kaffee f\u00fcr jeden zug\u00e4nglich.<\/p>\n<\/li>\n<\/ul>\n<h3 data-start=\"2174\" data-end=\"2204\">31 Spezialit\u00e4tenkaffee-Optionen<\/h3>\n<ul data-start=\"2205\" data-end=\"2344\">\n<li class=\"\" data-start=\"2205\" data-end=\"2294\">\n<p class=\"\" data-start=\"2207\" data-end=\"2294\">Beinhaltet Espresso, Cappuccino, Latte Macchiato, s\u00fc\u00dfen Latte, Flat White und viele mehr.<\/p>\n<\/li>\n<li class=\"\" data-start=\"2295\" data-end=\"2344\">\n<p class=\"\" data-start=\"2297\" data-end=\"2344\">Auch f\u00fcr Teeliebhaber funktioniert Hei\u00dfwasser einwandfrei!<\/p>\n<\/li>\n<\/ul>\n<h2 class=\"\" data-start=\"2346\" data-end=\"2404\">Pulse Extraction Process (PEP\u00ae) f\u00fcr eine Geschmacksexplosion<\/h2>\n<ul data-start=\"2405\" data-end=\"2517\">\n<li class=\"\" data-start=\"2405\" data-end=\"2464\">\n<p class=\"\" data-start=\"2407\" data-end=\"2464\">Verk\u00fcrzt die Extraktionszeit und erh\u00f6ht gleichzeitig die Aromaintensit\u00e4t.<\/p>\n<\/li>\n<li class=\"\" data-start=\"2465\" data-end=\"2517\">\n<p class=\"\" data-start=\"2467\" data-end=\"2517\">Besonders ideal f\u00fcr Espresso- und Ristretto-Shots.<\/p>\n<\/li>\n<\/ul>\n<h3 data-start=\"2519\" data-end=\"2576\">Intelligentes Wassersystem (IWS\u00ae) mit CLARIS-Filtern<\/h3>\n<ul data-start=\"2577\" data-end=\"2682\">\n<li class=\"\" data-start=\"2577\" data-end=\"2630\">\n<p class=\"\" data-start=\"2579\" data-end=\"2630\">Sch\u00fctzt die Maschine und sorgt f\u00fcr optimale Wasserqualit\u00e4t.<\/p>\n<\/li>\n<li class=\"\" data-start=\"2631\" data-end=\"2682\">\n<p class=\"\" data-start=\"2633\" data-end=\"2682\">Verl\u00e4ngert die Lebensdauer der Maschine und verbessert den Geschmack des Getr\u00e4nks.<\/p>\n<\/li>\n<\/ul>\n<h3 data-start=\"2684\" data-end=\"2724\">Vollst\u00e4ndig programmierbares Brauerlebnis<\/h3>\n<ul data-start=\"2725\" data-end=\"2852\">\n<li class=\"\" data-start=\"2725\" data-end=\"2801\">\n<p class=\"\" data-start=\"2727\" data-end=\"2801\">Passen Sie Kaffeest\u00e4rke (10 Stufen), Sirupmenge, Milchmenge und Schaum an.<\/p>\n<\/li>\n<li class=\"\" data-start=\"2802\" data-end=\"2852\">\n<p class=\"\" data-start=\"2804\" data-end=\"2852\">Personalisieren Sie jedes Getr\u00e4nk ganz nach Ihrem Geschmack.<\/p>\n<\/li>\n<\/ul>\n<h3 data-start=\"2854\" data-end=\"2892\">Integrierte Reinigung und Wartung<\/h3>\n<ul data-start=\"2893\" data-end=\"3035\">\n<li class=\"\" data-start=\"2893\" data-end=\"2959\">\n<p class=\"\" data-start=\"2895\" data-end=\"2959\">Automatische Reinigungs-, Entkalkungs- und Milchsystemsp\u00fclprogramme.<\/p>\n<\/li>\n<li class=\"\" data-start=\"2960\" data-end=\"3035\">\n<p class=\"\" data-start=\"2962\" data-end=\"3035\">Durch die einfache Wartung bleibt Ihre Maschine hygienisch und leistungsstark.<\/p>\n<\/li>\n<\/ul>\n<h3 data-start=\"3037\" data-end=\"3064\">H\u00f6henverstellbare Ausl\u00e4ufe<\/h3>\n<ul data-start=\"3065\" data-end=\"3138\">\n<li class=\"\" data-start=\"3065\" data-end=\"3138\">\n<p class=\"\" data-start=\"3067\" data-end=\"3138\">Bietet Platz f\u00fcr alles, von kleinen Espressotassen bis hin zu gro\u00dfen Latte-Gl\u00e4sern.<\/p>\n<\/li>\n<\/ul>\n<h3 data-start=\"3140\" data-end=\"3162\">F\u00fcr eine lange Lebensdauer gebaut<\/h3>\n<ul data-start=\"3163\" data-end=\"3261\">\n<li class=\"\" data-start=\"3163\" data-end=\"3193\">\n<p class=\"\" data-start=\"3165\" data-end=\"3193\">Stolz in der Schweiz hergestellt.<\/p>\n<\/li>\n<li class=\"\" data-start=\"3194\" data-end=\"3261\">\n<p class=\"\" data-start=\"3196\" data-end=\"3261\">Enth\u00e4lt eine <strong data-start=\"3207\" data-end=\"3242\">2 Jahre Garantie auf Teile und Arbeitsleistung<\/strong> f\u00fcr Seelenfrieden.<\/p>\n<\/li>\n<\/ul>\n<hr class=\"\" data-start=\"3263\" data-end=\"3266\" \/>\n<h2 data-start=\"3268\" data-end=\"3322\">Technische Daten der automatischen Kaffeemaschine Jura J8 Twin<\/h2>\n<div class=\"group pointer-events-none relative flex justify-center *:pointer-events-auto\"><button class=\"hover:bg-token-main-surface-secondary text-token-text-secondary pointer-events-auto rounded-lg px-1 py-1 opacity-0 transition-opacity duration-200 group-focus-within:opacity-100 group-hover:opacity-100\"><\/button><\/p>\n<div class=\"tableContainer horzScrollShadows relative\">\n<table class=\"min-w-full\" data-start=\"3324\" data-end=\"4110\">\n<thead data-start=\"3324\" data-end=\"3394\">\n<tr data-start=\"3324\" data-end=\"3394\">\n<th data-start=\"3324\" data-end=\"3359\">Besonderheit<\/th>\n<th data-start=\"3359\" data-end=\"3394\">Detail<\/th>\n<\/tr>\n<\/thead>\n<tbody data-start=\"3466\" data-end=\"4110\">\n<tr data-start=\"3466\" data-end=\"3535\">\n<td class=\"max-w-[calc(var(--thread-content-max-width)*2\/3)]\" data-start=\"3466\" data-end=\"3500\">Variable Br\u00fcheinheit<\/td>\n<td class=\"max-w-[calc(var(--thread-content-max-width)*2\/3)]\" data-start=\"3500\" data-end=\"3535\">5\u201316 g<\/td>\n<\/tr>\n<tr data-start=\"3536\" data-end=\"3606\">\n<td class=\"max-w-[calc(var(--thread-content-max-width)*2\/3)]\" data-start=\"3536\" data-end=\"3571\">Wassertankkapazit\u00e4t<\/td>\n<td class=\"max-w-[calc(var(--thread-content-max-width)*2\/3)]\" data-start=\"3571\" data-end=\"3606\">1,88 l (63,6 oz)<\/td>\n<\/tr>\n<tr data-start=\"3607\" data-end=\"3677\">\n<td class=\"max-w-[calc(var(--thread-content-max-width)*2\/3)]\" data-start=\"3607\" data-end=\"3642\">Fassungsverm\u00f6gen des Bohnenbeh\u00e4lters<\/td>\n<td class=\"max-w-[calc(var(--thread-content-max-width)*2\/3)]\" data-start=\"3642\" data-end=\"3677\">280 g<\/td>\n<\/tr>\n<tr data-start=\"3678\" data-end=\"3748\">\n<td class=\"max-w-[calc(var(--thread-content-max-width)*2\/3)]\" data-start=\"3678\" data-end=\"3713\">Kaffeesatzbeh\u00e4lter<\/td>\n<td class=\"max-w-[calc(var(--thread-content-max-width)*2\/3)]\" data-start=\"3713\" data-end=\"3748\">Bis zu 16 Portionen<\/td>\n<\/tr>\n<tr data-start=\"3749\" data-end=\"3826\">\n<td class=\"max-w-[calc(var(--thread-content-max-width)*2\/3)]\" data-start=\"3749\" data-end=\"3785\">Abmessungen (B \u00d7 H \u00d7 T)<\/td>\n<td class=\"max-w-[calc(var(--thread-content-max-width)*2\/3)]\" data-start=\"3785\" data-end=\"3826\">11\u2033 \u00d7 13,8\u2033 \u00d7 17,3\u2033 (28 \u00d7 35 \u00d7 44 cm)<\/td>\n<\/tr>\n<tr data-start=\"3827\" data-end=\"3897\">\n<td class=\"max-w-[calc(var(--thread-content-max-width)*2\/3)]\" data-start=\"3827\" data-end=\"3862\">Gewicht<\/td>\n<td class=\"max-w-[calc(var(--thread-content-max-width)*2\/3)]\" data-start=\"3862\" data-end=\"3897\">9,8 kg<\/td>\n<\/tr>\n<tr data-start=\"3898\" data-end=\"3968\">\n<td class=\"max-w-[calc(var(--thread-content-max-width)*2\/3)]\" data-start=\"3898\" data-end=\"3933\">Stromspannung<\/td>\n<td class=\"max-w-[calc(var(--thread-content-max-width)*2\/3)]\" data-start=\"3933\" data-end=\"3968\">110 V<\/td>\n<\/tr>\n<tr data-start=\"3969\" data-end=\"4039\">\n<td class=\"max-w-[calc(var(--thread-content-max-width)*2\/3)]\" data-start=\"3969\" data-end=\"4004\">Standby-Stromversorgung<\/td>\n<td class=\"max-w-[calc(var(--thread-content-max-width)*2\/3)]\" data-start=\"4004\" data-end=\"4039\">0 Watt<\/td>\n<\/tr>\n<tr data-start=\"4040\" data-end=\"4110\">\n<td class=\"max-w-[calc(var(--thread-content-max-width)*2\/3)]\" data-start=\"4040\" data-end=\"4075\">Artikelnummer<\/td>\n<td class=\"max-w-[calc(var(--thread-content-max-width)*2\/3)]\" data-start=\"4075\" data-end=\"4110\">15557<\/td>\n<\/tr>\n<\/tbody>\n<\/table>\n<\/div>\n<\/div>\n<hr class=\"\" data-start=\"4112\" data-end=\"4115\" \/>\n<h2 data-start=\"4117\" data-end=\"4169\">Warum den Kaffeevollautomaten Jura J8 Twin kaufen?<\/h2>\n<p class=\"\" data-start=\"4171\" data-end=\"4609\">\u2705 <strong data-start=\"4173\" data-end=\"4197\">Doppelte Kaffeemischungen<\/strong> \u2014 Zwei M\u00fchlen bedeuten zwei Kaffeesorten ohne Kompromisse.<br data-start=\"4257\" data-end=\"4260\" \/>\u2705 <strong data-start=\"4262\" data-end=\"4290\">Aromatisierte Latte-Kreationen<\/strong> \u2014 Exklusive Sweet Foam-Funktion f\u00fcr personalisierte Getr\u00e4nke.<br data-start=\"4347\" data-end=\"4350\" \/>\u2705 <strong data-start=\"4352\" data-end=\"4376\">Professionelles Brauen \u2013 3D<\/strong>\u00a0Br\u00fcheinheit und PEP\u00ae-Technologie f\u00fcr Ergebnisse auf Barista-Niveau.<br data-start=\"4444\" data-end=\"4447\" \/>\u2705 <strong data-start=\"4449\" data-end=\"4473\">M\u00fchelose Bedienung<\/strong> \u2014 Intelligente Coffee-Eye-Erkennung und lebendiges TFT-Display.<br data-start=\"4533\" data-end=\"4536\" \/>\u2705 <strong data-start=\"4538\" data-end=\"4555\">F\u00fcr die Ewigkeit gebaut<\/strong> \u2014 Schweizer Ingenieurskunst mit 2 Jahren Garantie.<\/p>\n<p class=\"\" data-start=\"4611\" data-end=\"4770\">Egal, ob Sie ein echter Kaffeeliebhaber sind oder einfach nur jeden Tag das Beste verlangen, die <strong data-start=\"4700\" data-end=\"4716\">Jura J8 Twin<\/strong> bietet ein unvergleichliches Premium-Kaffeeerlebnis.<\/p>\n<hr class=\"\" data-start=\"4772\" data-end=\"4775\" \/>\n<h2 data-start=\"4777\" data-end=\"4835\">FAQs zum Online-Kauf der Jura J8 Twin Kaffeemaschine<\/h2>\n<h3 class=\"\" data-start=\"4837\" data-end=\"4906\">Wo kann ich den Kaffeevollautomaten Jura J8 Twin online kaufen?<\/h3>\n<p class=\"\" data-start=\"4907\" data-end=\"5063\">Sie erhalten die Maschine bei autorisierten H\u00e4ndlern, in Jura-Fachgesch\u00e4ften oder auf vertrauensw\u00fcrdigen Online-Marktpl\u00e4tzen. \u00dcberpr\u00fcfen Sie beim Online-Kauf immer, ob eine Garantie besteht.<\/p>\n<h3 class=\"\" data-start=\"5065\" data-end=\"5118\">Wie schnell wird der J8 Twin geliefert, wenn er online bestellt wird?<\/h3>\n<p class=\"\" data-start=\"5119\" data-end=\"5202\">Die Lieferzeiten variieren je nach H\u00e4ndler, viele bieten jedoch kostenlose oder beschleunigte Versandoptionen an.<\/p>\n<h3 class=\"\" data-start=\"5204\" data-end=\"5231\">Ist es leicht zu pflegen?<\/h3>\n<p class=\"\" data-start=\"5232\" data-end=\"5386\">Ja! Die Jura J8 Twin verf\u00fcgt \u00fcber automatische Reinigungs-, Entkalkungs- und Milchsystemsp\u00fclprogramme. Sie ist auf maximale Leistung bei minimalem Aufwand ausgelegt.<\/p>\n<h3 class=\"\" data-start=\"5388\" data-end=\"5446\">Kann ich in der Sweet Foam-Funktion verschiedene Sirupe verwenden?<\/h3>\n<p class=\"\" data-start=\"5447\" data-end=\"5561\">Ja! Sie k\u00f6nnen Ihre Lieblingssirupe verwenden und Menge, S\u00fc\u00dfe und Intensit\u00e4t nach Belieben anpassen.<\/p>\n<h3 class=\"\" data-start=\"5563\" data-end=\"5610\">Unterst\u00fctzt es entkoffeinierten oder vorgemahlenen Kaffee?<\/h3>\n<p class=\"\" data-start=\"5611\" data-end=\"5708\">Der J8 Twin ist f\u00fcr ganze Bohnen optimiert, verf\u00fcgt aber auf Wunsch auch \u00fcber Einstellungen f\u00fcr die Verarbeitung koffeinfreier Mischungen.<\/p>\n<hr class=\"\" data-start=\"5710\" data-end=\"5713\" \/>\n<h2 data-start=\"5715\" data-end=\"5758\">Echte Kundenrezensionen zur Jura J8 Twin<\/h2>\n<p class=\"\" data-start=\"5760\" data-end=\"5988\">\u2b50\u2b50\u2b50\u2b50\u2b50<br data-start=\"5765\" data-end=\"5768\" \/><strong data-start=\"5768\" data-end=\"5800\">\u201eKaffeemaschine der n\u00e4chsten Generation!\u201c<\/strong><br data-start=\"5800\" data-end=\"5803\" \/><em data-start=\"5803\" data-end=\"5986\">\u201eDas ist wie zwei Caf\u00e9s in einer Maschine. Ich liebe es, zwischen meinem dunkel ger\u00f6steten Espresso und einer leichteren Fr\u00fchst\u00fccksmischung zu wechseln. Die Option mit s\u00fc\u00dfem Schaum ist f\u00fcr Lattes einfach magisch!\u201c<\/em><\/p>\n<p class=\"\" data-start=\"5990\" data-end=\"6213\">\u2b50\u2b50\u2b50\u2b50\u2b50<br data-start=\"5995\" data-end=\"5998\" \/><strong data-start=\"5998\" data-end=\"6025\">\u201eBeste Investition aller Zeiten.\u201c<\/strong><br data-start=\"6025\" data-end=\"6028\" \/><em data-start=\"6028\" data-end=\"6211\">\u201eIch habe die J8 Twin online gekauft, nachdem ich all die neuen Funktionen gesehen hatte \u2013 es hat sich absolut gelohnt. Der Kaffee ist hervorragend und die Reinigung ist super einfach. Toll, dass sie auch in der Schweiz hergestellt wird.\u201c<\/em><\/p>\n<p class=\"\" data-start=\"6215\" data-end=\"6405\">\u2b50\u2b50\u2b50\u2b50\u2b50<br data-start=\"6220\" data-end=\"6223\" \/><strong data-start=\"6223\" data-end=\"6252\">\u201eUnglaubliche Vielseitigkeit.\u201c<\/strong><br data-start=\"6252\" data-end=\"6255\" \/><em data-start=\"6255\" data-end=\"6403\">\u201eDie M\u00f6glichkeit, Siruparomen individuell anzupassen und Bohnen auszutauschen, ohne die Beh\u00e4lter austauschen zu m\u00fcssen, macht den Morgen so viel einfacher. Ich kann diese Maschine nur w\u00e4rmstens empfehlen!\u201c<\/em><\/p>\n<hr class=\"\" data-start=\"6407\" data-end=\"6410\" \/>\n<h2 data-start=\"6412\" data-end=\"6467\">Kaufen Sie noch heute Ihren Kaffeevollautomaten Jura J8 Twin!<\/h2>\n<p class=\"\" data-start=\"6469\" data-end=\"6705\">\ud83d\udc49 <strong data-start=\"6472\" data-end=\"6526\">Doppelte Mischungen. Volle Flexibilit\u00e4t. Voller Geschmack.<\/strong><br data-start=\"6526\" data-end=\"6529\" \/>Geben Sie sich nicht mit gew\u00f6hnlichem Kaffee zufrieden \u2013 holen Sie sich die n\u00e4chste Generation exzellenten Kaffees nach Hause.<br data-start=\"6616\" data-end=\"6619\" \/>\u2705 Kostenloser Versand verf\u00fcgbar<br data-start=\"6644\" data-end=\"6647\" \/>\u2705 2 Jahre Garantie inklusive<br data-start=\"6673\" data-end=\"6676\" \/>\u2705 Authentische Schweizer Ingenieurskunst<\/p>\n<p class=\"\" data-start=\"6707\" data-end=\"6789\">\u2728<a href=\"https:\/\/bestathomeespressomachine.com\/de\/product\/jura-ena-8-full-metropolitan-black-touch-screen-3-year-warranty\/\"> <strong data-start=\"6709\" data-end=\"6787\">Bestellen Sie den Jura J8 Twin noch heute und ver\u00e4ndern Sie Ihr Kaffeeerlebnis f\u00fcr immer!<\/strong> <\/a>\u2728<\/p>","protected":false},"excerpt":{"rendered":"<p>Buy Jura J8 Twin Automatic Coffee Machine\u2014Double the Performance, Full Flexibility The New Standard in Home Coffee Excellence Introducing the Jura J8 Twin Automatic Coffee Machine \u2014 the revolutionary way to experience coffee at home or in the office. Featuring two high-performance P.A.G.3+ grinders, the J8 Twin is essentially two premium coffee machines in one&hellip;<\/p>","protected":false},"featured_media":21660,"comment_status":"open","ping_status":"closed","template":"","meta":[],"product_cat":[51],"product_tag":[],"class_list":{"0":"post-21651","1":"product","2":"type-product","3":"status-publish","4":"has-post-thumbnail","6":"product_cat-jura-espresso-machine","8":"first","9":"instock","10":"shipping-taxable","11":"purchasable","12":"product-type-simple","13":"col-xs-6 col-sm-4","14":"col-md-3 col-lg-3","15":"un-4-cols"},"jetpack_sharing_enabled":true,"_links":{"self":[{"href":"https:\/\/bestathomeespressomachine.com\/de\/wp-json\/wp\/v2\/product\/21651","targetHints":{"allow":["GET"]}}],"collection":[{"href":"https:\/\/bestathomeespressomachine.com\/de\/wp-json\/wp\/v2\/product"}],"about":[{"href":"https:\/\/bestathomeespressomachine.com\/de\/wp-json\/wp\/v2\/types\/product"}],"replies":[{"embeddable":true,"href":"https:\/\/bestathomeespressomachine.com\/de\/wp-json\/wp\/v2\/comments?post=21651"}],"version-history":[{"count":3,"href":"https:\/\/bestathomeespressomachine.com\/de\/wp-json\/wp\/v2\/product\/21651\/revisions"}],"predecessor-version":[{"id":22291,"href":"https:\/\/bestathomeespressomachine.com\/de\/wp-json\/wp\/v2\/product\/21651\/revisions\/22291"}],"wp:featuredmedia":[{"embeddable":true,"href":"https:\/\/bestathomeespressomachine.com\/de\/wp-json\/wp\/v2\/media\/21660"}],"wp:attachment":[{"href":"https:\/\/bestathomeespressomachine.com\/de\/wp-json\/wp\/v2\/media?parent=21651"}],"wp:term":[{"taxonomy":"product_cat","embeddable":true,"href":"https:\/\/bestathomeespressomachine.com\/de\/wp-json\/wp\/v2\/product_cat?post=21651"},{"taxonomy":"product_tag","embeddable":true,"href":"https:\/\/bestathomeespressomachine.com\/de\/wp-json\/wp\/v2\/product_tag?post=21651"}],"curies":[{"name":"wp","href":"https:\/\/api.w.org\/{rel}","templated":true}]}}