{"id":21741,"date":"2025-01-06T16:46:18","date_gmt":"2025-01-06T16:46:18","guid":{"rendered":"https:\/\/bestathomeespressomachine.com\/?post_type=product&#038;p=21741"},"modified":"2025-04-27T10:42:17","modified_gmt":"2025-04-27T10:42:17","slug":"buy-philips-lattego-4400-espresso-coffee-machine-online","status":"publish","type":"product","link":"https:\/\/bestathomeespressomachine.com\/de\/product\/buy-philips-lattego-4400-espresso-coffee-machine-online\/","title":{"rendered":"Philips 4400 LatteGo Super Automatische Espresso-, Cappuccino- und Latte Macchiato-Maschine mit SilentBrew EP4447\/90"},"content":{"rendered":"<h3><strong>Philips LatteGo 4400: Der einfachste Weg, hei\u00dfe und eisgek\u00fchlte Kaffeerezepte zu genie\u00dfen<\/strong><\/h3>\n<p>Entfesseln Sie das volle Potenzial Ihres Kaffeeerlebnisses mit dem <strong>Philips LatteGo 4400<\/strong>, eine benutzerfreundliche und elegante Kaffeemaschine, die Ihnen auf Knopfdruck 12 k\u00f6stliche Hei\u00df- und Eiskaffee-Rezepte liefert. Von wohltuenden <strong>Espresso<\/strong> zum Erfrischen <strong>Eiskaffee<\/strong>, diese Maschine sorgt daf\u00fcr, dass jedes Getr\u00e4nk bei der idealen Temperatur mit perfektem Aroma und Crema gebr\u00fcht wird, und bietet Ihnen die <strong>Kaffee in Barista-Qualit\u00e4t<\/strong> Sie verdienen. Dank seiner <strong>fortschrittliches LatteGo 2 Milchsystem<\/strong>, genie\u00dfen <strong>seidig weicher Schaum<\/strong> und jedes Mal m\u00fcheloses Aufr\u00e4umen.<\/p>\n<hr \/>\n<h3><strong>Hauptmerkmale des Philips LatteGo 4400:<\/strong><\/h3>\n<h4><strong>1. 12 Rezepte f\u00fcr hei\u00dfen und eisgek\u00fchlten Kaffee<\/strong><\/h4>\n<ul>\n<li><strong>Gro\u00dfes Getr\u00e4nkesortiment:<\/strong> W\u00e4hlen Sie aus <strong>12 k\u00f6stliche Getr\u00e4nke<\/strong>, einschlie\u00dflich <strong>Espresso<\/strong>, <strong>Cappuccino<\/strong>, <strong>Latte<\/strong>, and <strong>Eiskaffee<\/strong>Jedes Rezept wird fachm\u00e4nnisch kalibriert, um sicherzustellen, dass <strong>hei\u00df<\/strong> Getr\u00e4nke sind so geschmackvoll wie <strong>vereist<\/strong> Getr\u00e4nke, wobei bei allen Optionen der gleiche k\u00f6stliche Geschmack erhalten bleibt.<\/li>\n<\/ul>\n<h4><strong>2. SilentBrew-Technologie \u2013 Genie\u00dfen Sie Kaffee mit weniger L\u00e4rm<\/strong><\/h4>\n<ul>\n<li><strong>40 % leiserer Betrieb:<\/strong> Der <strong>SilentBrew<\/strong> Die Technologie reduziert den Maschinenl\u00e4rm deutlich um bis zu <strong>40%<\/strong>, was f\u00fcr ein ruhiges, entspanntes Kaffee-Br\u00fcherlebnis sorgt. Mit <strong>Schallabschirmung<\/strong> Und <strong>leises Schleifen<\/strong>genie\u00dfen Sie aromatischen Kaffee ohne Unterbrechung. Au\u00dferdem <strong>Ruhiges Zeichen<\/strong> Die Zertifizierung garantiert Ihnen, dass diese Kaffeemaschine nur minimale Ger\u00e4usche erzeugt.<\/li>\n<\/ul>\n<h4><strong>3. LatteGo 2 Milchsystem \u2013 Perfekter Schaum im Handumdrehen<\/strong><\/h4>\n<ul>\n<li><strong>Schneller und seidiger Schaum:<\/strong> Der <strong>LatteGo 2 Milchsystem<\/strong> liefert <strong>reichhaltiger, cremiger Milchschaum<\/strong> in Sekundenschnelle auf die perfekte Temperatur. Powered by <strong>Zyklon-Aufsch\u00e4umtechnologie<\/strong>Dieses System funktioniert sowohl mit Milchprodukten als auch <strong>pflanzliche Milchalternativen<\/strong>und sorgt f\u00fcr samtig-zarten Milchschaum bei jeder Tasse Kaffee, egal ob hei\u00df oder eisgek\u00fchlt.<\/li>\n<\/ul>\n<h4><strong>4. Touch-Display \u2013 Einfache One-Touch-Steuerung<\/strong><\/h4>\n<ul>\n<li><strong>Einfache Bedienung:<\/strong> Mit dem <strong>einfach zu bedienendes Touch-Display<\/strong>, k\u00f6nnen Sie Ihre bevorzugten Getr\u00e4nke und Einstellungen m\u00fchelos steuern und ausw\u00e4hlen. Die intuitive Benutzeroberfl\u00e4che macht es einfacher denn je, Ihren Lieblingskaffee mit nur einer Ber\u00fchrung zuzubereiten.<\/li>\n<\/ul>\n<h4><strong>5. 12-stufig einstellbare M\u00fchle \u2013 Passen Sie Ihren Mahlgrad an<\/strong><\/h4>\n<ul>\n<li><strong>Pr\u00e4zisionsschleifen:<\/strong> Das langlebige <strong>Keramikmahlwerke<\/strong> kann eingestellt werden in <strong>12 Schritte<\/strong>, sodass Sie Ihren Kaffeemahlgrad individuell anpassen k\u00f6nnen, von ultrafeinem Pulver f\u00fcr Espresso bis hin zu gr\u00f6berem Mahlgrad f\u00fcr andere Br\u00fcharten. Diese M\u00fchlen bieten eine <strong>frischer, aromatischer Kaffee<\/strong> jedes Mal.<\/li>\n<\/ul>\n<h4><strong>6. Aroma-Extraktionssystem \u2013 Perfekte Geschmacksextraktion<\/strong><\/h4>\n<ul>\n<li><strong>Gleichbleibender Geschmack:<\/strong> Der <strong>Aroma-Extraktionssystem<\/strong> sorgt f\u00fcr ein perfektes Gleichgewicht zwischen Wassertemperatur und Kaffeeextraktion. Durch die Aufrechterhaltung der Wassertemperatur zwischen <strong>90\u00b0C und 98\u00b0C<\/strong>, dieses System garantiert bei jedem Br\u00fchvorgang eine optimale Aroma- und Geschmacksextraktion und macht jede Tasse zu einem perfekten Erlebnis.<\/li>\n<\/ul>\n<h4><strong>7. AquaClean Wasserfilter \u2013 Bis zu 5000 Tassen ohne Entkalken<\/strong><\/h4>\n<ul>\n<li><strong>Langanhaltende Frische:<\/strong> Die enthaltenen <strong>AquaClean Wasserfilter<\/strong> beugt Kalkablagerungen vor und sorgt daf\u00fcr, dass Ihr Kaffee mit jeder Tasse frisch und sauber schmeckt. Mit dem Filter k\u00f6nnen Sie bis zu <strong>5000 Tassen<\/strong> bevor eine Entkalkung erforderlich ist, was die Wartung einfach und problemlos macht.<\/li>\n<\/ul>\n<h4><strong>8. Vollst\u00e4ndig herausnehmbare Br\u00fchgruppe \u2013 leicht zu reinigen<\/strong><\/h4>\n<ul>\n<li><strong>M\u00fchelose Reinigung:<\/strong> Der <strong>abnehmbare Br\u00fchgruppe<\/strong> l\u00e4sst sich einfach unter dem Sp\u00fclbecken reinigen. Diese einfache Pflegema\u00dfnahme sorgt f\u00fcr optimale Leistung Ihrer Maschine und garantiert frischen Kaffee und optimalen Geschmack.<\/li>\n<\/ul>\n<hr \/>\n<h3><strong>Einstellbare Einstellungen f\u00fcr ein personalisiertes Kaffeeerlebnis:<\/strong><\/h3>\n<ul>\n<li><strong>5 Aroma-Einstellungen<\/strong>: Passen Sie die St\u00e4rke Ihres Kaffees Ihrem Geschmack an.<\/li>\n<li><strong>3 Temperature Settings<\/strong>: W\u00e4hlen Sie Ihre bevorzugte Br\u00fchtemperatur f\u00fcr die perfekte Tasse.<\/li>\n<li><strong>12 Grinder Settings<\/strong>: Passen Sie den Mahlgrad an Ihre Br\u00fchmethode an.<\/li>\n<li><strong>Einstellbare Kaffee- und Milchmenge<\/strong>: Passen Sie die L\u00e4nge Ihres Kaffees und Ihrer Milch an, um Ihr ideales Getr\u00e4nk zu kreieren.<\/li>\n<li><strong>2 Benutzerprofile<\/strong>: Speichern und rufen Sie Ihre bevorzugten Einstellungen ab, um jedes Mal ein personalisiertes Erlebnis zu haben.<\/li>\n<\/ul>\n<hr \/>\n<h3><strong>Vielseitige Getr\u00e4nkeoptionen:<\/strong><\/h3>\n<p>Genie\u00dfen Sie eine gro\u00dfe Auswahl an Getr\u00e4nken mit dem <strong>LatteGo 4400<\/strong>:<\/p>\n<ul>\n<li><strong>Espresso<\/strong><\/li>\n<li><strong>Kaffee<\/strong><\/li>\n<li><strong>Cappuccino<\/strong><\/li>\n<li><strong>Latte Macchiato<\/strong><\/li>\n<li><strong>Eiskaffee<\/strong><\/li>\n<li><strong>Warmes Wasser<\/strong><\/li>\n<li><strong>amerikanisch<\/strong><\/li>\n<li><strong>Kaffeesahne<\/strong><\/li>\n<li><strong>Kaffeemilch<\/strong><\/li>\n<li><strong>Eng<\/strong><\/li>\n<li><strong>Kaffee mit Milch<\/strong><\/li>\n<li><strong>Eisgek\u00fchlter Americano<\/strong><\/li>\n<li><strong>Eiskaffee<\/strong><\/li>\n<li><strong>Aufgesch\u00e4umte Milch<\/strong><\/li>\n<\/ul>\n<p>Au\u00dferdem k\u00f6nnen Sie w\u00e4hlen, ob Sie mit <strong>coffee beans<\/strong> or <strong>vorgemahlener Kaffee<\/strong> mit dem <strong>Kaffeepulverschacht<\/strong>.<\/p>\n<hr \/>\n<h3><strong>Zus\u00e4tzliche Funktionen:<\/strong><\/h3>\n<ul>\n<li><strong>Aroma Seal<\/strong>: H\u00e4lt Kaffeebohnen frisch, indem ihr Aroma bewahrt wird.<\/li>\n<li><strong>MyCoffee Choice Funktion<\/strong>: Passen Sie St\u00e4rke und Menge Ihrer Getr\u00e4nke Ihrem Geschmack an.<\/li>\n<li><strong>Automatische Sp\u00fclung und gef\u00fchrte Entkalkungsprogramme<\/strong>: F\u00fcr problemlose Wartung und Langlebigkeit.<\/li>\n<li><strong>Kompaktes Design<\/strong>: Der <strong>LatteGo 4400<\/strong> verf\u00fcgt \u00fcber ein schlankes und kompaktes Design, das perfekt in jede K\u00fcche oder jedes B\u00fcro passt.<\/li>\n<\/ul>\n<hr \/>\n<h3><strong>Mitgeliefertes Zubeh\u00f6r:<\/strong><\/h3>\n<ul>\n<li><strong>Messl\u00f6ffel<\/strong><\/li>\n<li><strong>Water Hardness Test Strip<\/strong><\/li>\n<li><strong>AquaClean Filter<\/strong><\/li>\n<li><strong>LatteGo Storage Lid<\/strong><\/li>\n<li><strong>Grease Tube<\/strong><\/li>\n<\/ul>\n<hr \/>\n<h3><strong>Produktspezifikationen:<\/strong><\/h3>\n<ul>\n<li><strong>Milk Carafe Capacity<\/strong>: 0.26<\/li>\n<li><strong>Wassertankkapazit\u00e4t<\/strong>: L<\/li>\n<li><strong>Coffee Bean Capacity<\/strong>: 275 g<\/li>\n<li><strong>Ma\u00dfe<\/strong>: 246 x 372 x 433 mm<\/li>\n<li><strong>Gewicht<\/strong>: 8 kg<\/li>\n<li><strong>Power<\/strong>: 1500<\/li>\n<li><strong>Stromspannung<\/strong>: 120 V<\/li>\n<li><strong>&gt;95 % recycelbare Verpackung<\/strong><\/li>\n<\/ul>\n<hr \/>\n<h3><strong>Preisgarantie<\/strong><\/h3>\n<p>Genie\u00dfen Sie die <strong>Bestpreisgarantie<\/strong> mit dem <strong>Philips LatteGo 4400<\/strong>! Wenn Sie innerhalb von <strong>90 Tage<\/strong> Wir verdoppeln den Betrag Ihres Einkaufs. Kaufen Sie vertrauensvoll ein und genie\u00dfen Sie das ultimative Kaffeeerlebnis zum besten Preis.<\/p>\n<hr \/>\n<h3><strong>Bestellen Sie Ihren Philips LatteGo 4400 noch heute<\/strong><\/h3>\n<p>Egal ob Sie einen hei\u00dfen <strong>Espresso<\/strong> um Ihren Tag zu beginnen oder ein <strong>Eiskaffee<\/strong> f\u00fcr eine erfrischende Belohnung, die <strong>Philips LatteGo 4400<\/strong> ist die perfekte Kaffeemaschine f\u00fcr jeden Anlass. <strong>Jetzt shoppen<\/strong> um Getr\u00e4nke in Barista-Qualit\u00e4t zu Hause zu genie\u00dfen!<\/p>","protected":false},"excerpt":{"rendered":"<p>Philips LatteGo 4400: The Easiest Way to Enjoy Hot &amp; Iced Coffee Recipes Unlock the full potential of your coffee experience with the Philips LatteGo 4400, a user-friendly and sleek coffee machine that brings you 12 delicious hot and iced coffee recipes at the touch of a button. From comforting espresso to refreshing iced coffees,&hellip;<\/p>","protected":false},"featured_media":21745,"comment_status":"open","ping_status":"closed","template":"","meta":[],"product_cat":[49],"product_tag":[],"class_list":{"0":"post-21741","1":"product","2":"type-product","3":"status-publish","4":"has-post-thumbnail","6":"product_cat-philips-espresso-machines","8":"first","9":"instock","10":"shipping-taxable","11":"purchasable","12":"product-type-simple","13":"col-xs-6 col-sm-4","14":"col-md-3 col-lg-3","15":"un-4-cols"},"jetpack_sharing_enabled":true,"_links":{"self":[{"href":"https:\/\/bestathomeespressomachine.com\/de\/wp-json\/wp\/v2\/product\/21741","targetHints":{"allow":["GET"]}}],"collection":[{"href":"https:\/\/bestathomeespressomachine.com\/de\/wp-json\/wp\/v2\/product"}],"about":[{"href":"https:\/\/bestathomeespressomachine.com\/de\/wp-json\/wp\/v2\/types\/product"}],"replies":[{"embeddable":true,"href":"https:\/\/bestathomeespressomachine.com\/de\/wp-json\/wp\/v2\/comments?post=21741"}],"version-history":[{"count":5,"href":"https:\/\/bestathomeespressomachine.com\/de\/wp-json\/wp\/v2\/product\/21741\/revisions"}],"predecessor-version":[{"id":22297,"href":"https:\/\/bestathomeespressomachine.com\/de\/wp-json\/wp\/v2\/product\/21741\/revisions\/22297"}],"wp:featuredmedia":[{"embeddable":true,"href":"https:\/\/bestathomeespressomachine.com\/de\/wp-json\/wp\/v2\/media\/21745"}],"wp:attachment":[{"href":"https:\/\/bestathomeespressomachine.com\/de\/wp-json\/wp\/v2\/media?parent=21741"}],"wp:term":[{"taxonomy":"product_cat","embeddable":true,"href":"https:\/\/bestathomeespressomachine.com\/de\/wp-json\/wp\/v2\/product_cat?post=21741"},{"taxonomy":"product_tag","embeddable":true,"href":"https:\/\/bestathomeespressomachine.com\/de\/wp-json\/wp\/v2\/product_tag?post=21741"}],"curies":[{"name":"wp","href":"https:\/\/api.w.org\/{rel}","templated":true}]}}