{"id":21753,"date":"2025-01-06T16:55:18","date_gmt":"2025-01-06T16:55:18","guid":{"rendered":"https:\/\/bestathomeespressomachine.com\/?post_type=product&#038;p=21753"},"modified":"2025-04-27T10:54:21","modified_gmt":"2025-04-27T10:54:21","slug":"buy-philips-saeco-espresso-machine-decalcifier-online","status":"publish","type":"product","link":"https:\/\/bestathomeespressomachine.com\/de\/product\/buy-philips-saeco-espresso-machine-decalcifier-online\/","title":{"rendered":"Philips Saeco Espressomaschinen-Entkalker 250 ml CA6700\/47"},"content":{"rendered":"<div class=\"flex-1 overflow-hidden @container\/thread\">\n<div class=\"h-full\">\n<div class=\"react-scroll-to-bottom--css-zoaqn-79elbk h-full\">\n<div class=\"react-scroll-to-bottom--css-zoaqn-1n7m0yu\">\n<div class=\"flex flex-col text-sm md:pb-9\">\n<article class=\"w-full scroll-mb-[var(--thread-trailing-height,150px)] text-token-text-primary focus-visible:outline-2 focus-visible:outline-offset-[-4px]\" dir=\"auto\" data-testid=\"conversation-turn-25\" data-scroll-anchor=\"true\">\n<div class=\"m-auto text-base py-[18px] px-3 md:px-4 w-full md:px-5 lg:px-4 xl:px-5\">\n<div class=\"mx-auto flex flex-1 gap-4 text-base md:gap-5 lg:gap-6 md:max-w-3xl\">\n<div class=\"group\/conversation-turn relative flex w-full min-w-0 flex-col agent-turn\">\n<div class=\"flex-col gap-1 md:gap-3\">\n<div class=\"flex max-w-full flex-col flex-grow\">\n<div class=\"min-h-8 text-message flex w-full flex-col items-end gap-2 whitespace-normal break-words text-start [.text-message+&amp;]:mt-5\" dir=\"auto\" data-message-author-role=\"assistant\" data-message-id=\"2d003875-d712-4291-9acc-32757936a0b2\" data-message-model-slug=\"gpt-4o-mini\">\n<div class=\"flex w-full flex-col gap-1 empty:hidden first:pt-[3px]\">\n<div class=\"markdown prose w-full break-words dark:prose-invert light\">\n<h1 class=\"\" data-start=\"222\" data-end=\"304\"><strong data-start=\"224\" data-end=\"304\">Philips Saeco Espressomaschinen-Entkalker \u2013 Online kaufen f\u00fcr optimale Leistung<\/strong><\/h1>\n<p class=\"\" data-start=\"306\" data-end=\"874\">Stellen Sie sicher, dass Ihre <strong data-start=\"340\" data-end=\"374\">Philips Saeco Espressomaschine<\/strong> arbeitet am besten mit der <strong data-start=\"405\" data-end=\"448\">Philips Saeco Espressomaschinen-Entkalker<\/strong>Diese leistungsstarke Entkalkungsl\u00f6sung wurde speziell f\u00fcr Saeco-Modelle entwickelt und ist unerl\u00e4sslich f\u00fcr die Pflege der internen Komponenten Ihrer Espressomaschine, verhindert Kalkablagerungen und sorgt daf\u00fcr, dass Ihr Kaffee so gut schmeckt wie bei der ersten Tasse. Mit der Wahl von <strong data-start=\"705\" data-end=\"733\">Philips Saeco online kaufen<\/strong>, k\u00f6nnen Sie Ihre Maschine bequem in perfektem Zustand halten und weiterhin bei jedem Aufbr\u00fchen einen Espresso in gleichbleibender Barista-Qualit\u00e4t genie\u00dfen.<\/p>\n<p class=\"\" data-start=\"876\" data-end=\"1343\"><strong data-start=\"876\" data-end=\"907\">Warum Entkalken wichtig ist:<br \/>\n<\/strong><br \/>\nMit der Zeit k\u00f6nnen sich Mineralablagerungen aus dem Wasser in Ihrer Espressomaschine ansammeln, insbesondere in Gebieten mit hartem Wasser. Diese Ablagerungen k\u00f6nnen zu Verstopfungen, Leistungseinbu\u00dfen und ungleichm\u00e4\u00dfigem Br\u00fchergebnis f\u00fchren. Regelm\u00e4\u00dfiges Entkalken mit dem <strong data-start=\"1133\" data-end=\"1176\">Philips Saeco Espressomaschinen-Entkalker<\/strong> beugt diesen Problemen vor und stellt sicher, dass Ihre Maschine ihre Leistung und Langlebigkeit beibeh\u00e4lt und perfekten Espresso mit reichhaltiger Crema, kr\u00e4ftigem Geschmack und glatter Textur zubereitet.<\/p>\n<p class=\"\" data-start=\"1345\" data-end=\"1559\">Durch das Entkalken wird nicht nur die Effizienz der Maschine erhalten, sondern auch die Integrit\u00e4t Ihres <strong data-start=\"1450\" data-end=\"1484\">Philips Saeco Espressomaschine<\/strong> indem es inneren Sch\u00e4den vorbeugt, die durch vernachl\u00e4ssigte Wartung entstehen k\u00f6nnten.<\/p>\n<hr class=\"\" data-start=\"1561\" data-end=\"1564\" \/>\n<h3 class=\"\" data-start=\"1566\" data-end=\"1583\"><strong data-start=\"1570\" data-end=\"1583\">Merkmale:<\/strong><\/h3>\n<ul data-start=\"1585\" data-end=\"3078\">\n<li class=\"\" data-start=\"1585\" data-end=\"1921\">\n<p class=\"\" data-start=\"1587\" data-end=\"1921\"><strong data-start=\"1587\" data-end=\"1628\">Entwickelt f\u00fcr Saeco Espressomaschinen:<\/strong><br data-start=\"1628\" data-end=\"1631\" \/>Der <strong data-start=\"1635\" data-end=\"1678\">Philips Saeco Espressomaschinen-Entkalker<\/strong> ist speziell entwickelt f\u00fcr <strong data-start=\"1710\" data-end=\"1719\">Weisheit<\/strong> Modelle und ist somit die beste Wahl f\u00fcr die regelm\u00e4\u00dfige Wartung. Es ist sicher f\u00fcr alle Saeco Espressomaschinen geeignet, vom Einstiegsmodell bis zur High-End-Variante, und sorgt f\u00fcr optimale Pflege Ihrer Kaffeemaschine.<\/p>\n<\/li>\n<li class=\"\" data-start=\"1925\" data-end=\"2167\">\n<p class=\"\" data-start=\"1927\" data-end=\"2167\"><strong data-start=\"1927\" data-end=\"1947\">Hergestellt in Deutschland:<\/strong><br data-start=\"1947\" data-end=\"1950\" \/>Diese in Deutschland hergestellte Entkalkungsl\u00f6sung entspricht h\u00f6chsten Qualit\u00e4tsstandards. Sie entfernt zuverl\u00e4ssig, effizient und effektiv Kalk- und Mineralablagerungen, ohne Ihre Maschine zu besch\u00e4digen.<\/p>\n<\/li>\n<li class=\"\" data-start=\"2169\" data-end=\"2498\">\n<p class=\"\" data-start=\"2171\" data-end=\"2498\"><strong data-start=\"2171\" data-end=\"2195\">Effektive Entkalkung:<\/strong><br data-start=\"2195\" data-end=\"2198\" \/>Der Entkalker l\u00f6st effektiv Kalkablagerungen, die sich mit der Zeit ansammeln, und sorgt so f\u00fcr einen reibungslosen, gleichbleibenden Betrieb. Durch die Beseitigung von Mineralablagerungen erh\u00e4lt er das volle Aroma Ihres Kaffees und sch\u00fctzt Ihre Espressomaschine vor Kalksch\u00e4den.<\/p>\n<\/li>\n<li class=\"\" data-start=\"2500\" data-end=\"2773\">\n<p class=\"\" data-start=\"2502\" data-end=\"2773\"><strong data-start=\"2502\" data-end=\"2518\">Einfach zu verwenden:<\/strong><br data-start=\"2518\" data-end=\"2521\" \/>Das Entkalken ist ganz einfach mit dem <strong data-start=\"2550\" data-end=\"2593\">Philips Saeco Espressomaschinen-Entkalker<\/strong>. Dank der klaren, leicht verst\u00e4ndlichen Anweisungen ist der Vorgang schnell und m\u00fchelos erledigt und somit die ideale Wahl f\u00fcr alle, die ihre Espressomaschine m\u00fchelos warten m\u00f6chten.<\/p>\n<\/li>\n<li class=\"\" data-start=\"2775\" data-end=\"3078\">\n<p class=\"\" data-start=\"2777\" data-end=\"3078\"><strong data-start=\"2777\" data-end=\"2823\">Verl\u00e4ngern Sie die Lebensdauer Ihrer Espressomaschine:<\/strong><br data-start=\"2823\" data-end=\"2826\" \/>Durch regelm\u00e4\u00dfiges Entkalken Ihrer Saeco Espressomaschine verbessern Sie nicht nur den Geschmack Ihres Kaffees, sondern verl\u00e4ngern auch die Lebensdauer Ihrer Maschine. Dieser Entkalker sorgt f\u00fcr einen effizienten Betrieb Ihrer Maschine und hilft Ihnen, teure Reparaturen oder Austausch zu vermeiden.<\/p>\n<\/li>\n<\/ul>\n<hr class=\"\" data-start=\"3080\" data-end=\"3083\" \/>\n<h3 class=\"\" data-start=\"3085\" data-end=\"3148\"><strong data-start=\"3089\" data-end=\"3148\">Warum sollten Sie den Entkalker f\u00fcr Ihre Philips Saeco Espressomaschine online kaufen?<\/strong><\/h3>\n<p class=\"\" data-start=\"3150\" data-end=\"3594\">Wenn Sie sich entscheiden, <strong data-start=\"3169\" data-end=\"3197\">Philips Saeco online kaufen<\/strong>entscheiden Sie sich f\u00fcr Komfort, Qualit\u00e4t und Zuverl\u00e4ssigkeit. Die <strong data-start=\"3261\" data-end=\"3304\">Philips Saeco Espressomaschinen-Entkalker<\/strong> ist f\u00fcr eine einfache Anwendung und effektive Ergebnisse konzipiert. Durch den Online-Kauf erhalten Sie dieses unverzichtbare Wartungsprodukt direkt nach Hause geliefert. So bleibt Ihre Maschine in Topform und Sie haben immer die ben\u00f6tigten Verbrauchsmaterialien zur Hand.<\/p>\n<p class=\"\" data-start=\"3596\" data-end=\"3955\">Mit der Option, <strong data-start=\"3615\" data-end=\"3643\">Philips Saeco online kaufen<\/strong>Profitieren Sie von wettbewerbsf\u00e4higen Preisen, schnellem Versand und schnellen Wartungsl\u00f6sungen. Au\u00dferdem m\u00fcssen Sie sich nie wieder Sorgen machen, dass Ihnen die unverzichtbare Entkalkungsl\u00f6sung ausgeht \u2013 dank der Online-Bestellung k\u00f6nnen Sie Ihre Saeco Maschine ganz einfach und mit minimalem Aufwand auff\u00fcllen und warten.<\/p>\n<hr class=\"\" data-start=\"3957\" data-end=\"3960\" \/>\n<h3 class=\"\" data-start=\"3962\" data-end=\"4025\"><strong data-start=\"3966\" data-end=\"4025\">So verwenden Sie den Entkalker f\u00fcr die Philips Saeco Espressomaschine:<\/strong><\/h3>\n<ol data-start=\"4027\" data-end=\"4848\">\n<li class=\"\" data-start=\"4027\" data-end=\"4144\">\n<p class=\"\" data-start=\"4030\" data-end=\"4144\"><strong data-start=\"4030\" data-end=\"4055\">Bereiten Sie Ihre Maschine vor:<\/strong><br data-start=\"4055\" data-end=\"4058\" \/>Stellen Sie sicher, dass Ihre Espressomaschine sauber und frei von Kaffeesatz oder R\u00fcckst\u00e4nden ist.<\/p>\n<\/li>\n<li class=\"\" data-start=\"4148\" data-end=\"4290\">\n<p class=\"\" data-start=\"4151\" data-end=\"4290\"><strong data-start=\"4151\" data-end=\"4172\">Entkalker hinzuf\u00fcgen:<\/strong><br data-start=\"4172\" data-end=\"4175\" \/>Befolgen Sie die dem Produkt beiliegenden Anweisungen und geben Sie die Entkalkerl\u00f6sung in den Wasserbeh\u00e4lter Ihrer Maschine.<\/p>\n<\/li>\n<li class=\"\" data-start=\"4294\" data-end=\"4512\">\n<p class=\"\" data-start=\"4297\" data-end=\"4512\"><strong data-start=\"4297\" data-end=\"4329\">Starten Sie den Entkalkungsvorgang:<\/strong><br data-start=\"4329\" data-end=\"4332\" \/>F\u00fchren Sie das Entkalkungsprogramm Ihrer Saeco-Espressomaschine aus oder befolgen Sie die Anweisungen, um die L\u00f6sung manuell durch die Maschine laufen zu lassen, damit alle Mineralablagerungen aufgel\u00f6st werden.<\/p>\n<\/li>\n<li class=\"\" data-start=\"4514\" data-end=\"4689\">\n<p class=\"\" data-start=\"4517\" data-end=\"4689\"><strong data-start=\"4517\" data-end=\"4538\">Gr\u00fcndlich aussp\u00fclen:<\/strong><br data-start=\"4538\" data-end=\"4541\" \/>Sobald der Entkalkungsvorgang abgeschlossen ist, sp\u00fclen Sie Ihre Espressomaschine gr\u00fcndlich mit frischem Wasser aus, um alle Reste der Entkalkungsl\u00f6sung zu entfernen.<\/p>\n<\/li>\n<li class=\"\" data-start=\"4691\" data-end=\"4848\">\n<p class=\"\" data-start=\"4694\" data-end=\"4848\"><strong data-start=\"4694\" data-end=\"4721\">Genie\u00dfen Sie perfekten Espresso:<\/strong><br data-start=\"4721\" data-end=\"4724\" \/>Nach dem Entkalken ist Ihre Saeco-Maschine wie neu und Sie k\u00f6nnen bei jedem Br\u00fchvorgang Espresso in Barista-Qualit\u00e4t genie\u00dfen.<\/p>\n<\/li>\n<\/ol>\n<hr class=\"\" data-start=\"4850\" data-end=\"4853\" \/>\n<h3 class=\"\" data-start=\"4855\" data-end=\"4880\"><strong data-start=\"4859\" data-end=\"4880\">Kundenbewertungen:<\/strong><\/h3>\n<p class=\"\" data-start=\"4881\" data-end=\"4965\">Das sagen unsere Kunden \u00fcber die <strong data-start=\"4921\" data-end=\"4964\">Philips Saeco Espressomaschinen-Entkalker<\/strong>:<\/p>\n<p class=\"\" data-start=\"4967\" data-end=\"5162\">\u2b50\u2b50\u2b50\u2b50\u2b50<br data-start=\"4972\" data-end=\"4975\" \/><em data-start=\"4975\" data-end=\"5151\">\u201eDieser Entkalker wirkt Wunder! Meine Saeco-Maschine hat noch nie besser funktioniert. Die Bedienung ist einfach, mein Espresso schmeckt jetzt noch milder und meine Maschine l\u00e4uft leise. Sehr empfehlenswert!\u201c<\/em> \u2013 Laura K.<\/p>\n<p class=\"\" data-start=\"5164\" data-end=\"5398\">\u2b50\u2b50\u2b50\u2b50\u2b50<br data-start=\"5169\" data-end=\"5172\" \/><em data-start=\"5172\" data-end=\"5387\">\u201eIch kaufe Philips Saeco Produkte immer online, und dieser Entkalker ist genauso zuverl\u00e4ssig. Er ist so praktisch und funktioniert wirklich! Die Leistung meiner Maschine hat sich verbessert, und ich kann jedes Mal perfekten Kaffee zubereiten.\u201c<\/em> \u2013 James L.<\/p>\n<p class=\"\" data-start=\"5400\" data-end=\"5584\">\u2b50\u2b50\u2b50\u2b50\u2b50<br data-start=\"5405\" data-end=\"5408\" \/><em data-start=\"5408\" data-end=\"5573\">\u201eDas ist ein Muss f\u00fcr jeden Saeco Espressomaschinenbesitzer. Es ist einfach zu bedienen und sorgt daf\u00fcr, dass meine Maschine weiterhin problemlos hervorragenden Kaffee kocht.\u201c<\/em> \u2013 Sarah D.<\/p>\n<hr class=\"\" data-start=\"5586\" data-end=\"5589\" \/>\n<h3 class=\"\" data-start=\"5591\" data-end=\"5659\"><strong data-start=\"5595\" data-end=\"5659\">Wo Sie Philips Saeco Espressomaschinen-Entkalker online kaufen k\u00f6nnen:<\/strong><\/h3>\n<p class=\"\" data-start=\"5661\" data-end=\"5761\">Du kannst <strong data-start=\"5669\" data-end=\"5723\">Philips Saeco Espressomaschinen-Entkalker online kaufen<\/strong> von den folgenden vertrauensw\u00fcrdigen H\u00e4ndlern:<\/p>\n<ul data-start=\"5763\" data-end=\"5905\">\n<li class=\"\" data-start=\"5763\" data-end=\"5793\"><a href=\"https:\/\/bestathomeespressomachine.com\/de\/product\/philips-saeco-espresso-machine-decalcifier-250-ml-ca6700-47-6-pack\/\"><strong data-start=\"5819\" data-end=\"5856\">EspressoMachineSale.com\u00a0<\/strong><\/a><\/li>\n<li class=\"\" data-start=\"5857\" data-end=\"5881\">\n<p class=\"\" data-start=\"5859\" data-end=\"5881\"><strong data-start=\"5859\" data-end=\"5881\">Bester Kauf\u00a0<\/strong><\/p>\n<\/li>\n<li class=\"\" data-start=\"5882\" data-end=\"5905\">\n<p class=\"\" data-start=\"5884\" data-end=\"5905\"><strong data-start=\"5884\" data-end=\"5905\">Walmart<\/strong><\/p>\n<\/li>\n<\/ul>\n<p class=\"\" data-start=\"5907\" data-end=\"6106\">Klicken Sie einfach auf die oben stehenden Links, um Ihre Bestellung aufzugeben und sich diese wichtige Wartungsl\u00f6sung bequem nach Hause liefern zu lassen. So stellen Sie sicher, dass Ihre Saeco-Espressomaschine auch weiterhin Kaffee in Spitzenqualit\u00e4t produziert.<\/p>\n<h3 class=\"\" data-start=\"6113\" data-end=\"6136\"><strong data-start=\"6117\" data-end=\"6136\">Wichtige Takes<\/strong><\/h3>\n<p class=\"\" data-start=\"6138\" data-end=\"6566\">Regelm\u00e4\u00dfiges Entkalken Ihres <strong data-start=\"6163\" data-end=\"6197\">Philips Saeco Espressomaschine<\/strong> ist eine einfache, aber wichtige Aufgabe, um sicherzustellen, dass Sie weiterhin ohne Unterbrechungen hervorragenden Kaffee genie\u00dfen k\u00f6nnen. <strong data-start=\"6302\" data-end=\"6363\">Den Philips Saeco Espressomaschinen-Entkalker online kaufen<\/strong> ist der einfachste Weg, die Wartung Ihrer Maschine im Griff zu behalten \u2013 bequem und sorgenfrei. Bestellen Sie noch heute und sorgen Sie f\u00fcr optimale Leistung Ihrer Maschine, damit Sie jede Tasse genie\u00dfen k\u00f6nnen!<\/p>\n<\/div>\n<\/div>\n<\/div>\n<\/div>\n<\/div>\n<\/div>\n<\/div>\n<\/div>\n<\/article>\n<\/div>\n<\/div>\n<\/div>\n<\/div>\n<\/div>","protected":false},"excerpt":{"rendered":"<p>Philips Saeco Espresso Machine Descaler\u2014Buy Online for Optimal Performance Ensure that your Philips Saeco espresso machine operates at its best with the Philips Saeco Espresso Machine Descaler. Designed specifically for Saeco models, this powerful descaling solution is essential for maintaining the internal components of your espresso machine, preventing limescale buildup, and ensuring your coffee tastes&hellip;<\/p>","protected":false},"featured_media":21755,"comment_status":"open","ping_status":"closed","template":"","meta":[],"product_cat":[49],"product_tag":[],"class_list":{"0":"post-21753","1":"product","2":"type-product","3":"status-publish","4":"has-post-thumbnail","6":"product_cat-philips-espresso-machines","8":"first","9":"instock","10":"shipping-taxable","11":"purchasable","12":"product-type-simple","13":"col-xs-6 col-sm-4","14":"col-md-3 col-lg-3","15":"un-4-cols"},"jetpack_sharing_enabled":true,"_links":{"self":[{"href":"https:\/\/bestathomeespressomachine.com\/de\/wp-json\/wp\/v2\/product\/21753","targetHints":{"allow":["GET"]}}],"collection":[{"href":"https:\/\/bestathomeespressomachine.com\/de\/wp-json\/wp\/v2\/product"}],"about":[{"href":"https:\/\/bestathomeespressomachine.com\/de\/wp-json\/wp\/v2\/types\/product"}],"replies":[{"embeddable":true,"href":"https:\/\/bestathomeespressomachine.com\/de\/wp-json\/wp\/v2\/comments?post=21753"}],"version-history":[{"count":4,"href":"https:\/\/bestathomeespressomachine.com\/de\/wp-json\/wp\/v2\/product\/21753\/revisions"}],"predecessor-version":[{"id":22299,"href":"https:\/\/bestathomeespressomachine.com\/de\/wp-json\/wp\/v2\/product\/21753\/revisions\/22299"}],"wp:featuredmedia":[{"embeddable":true,"href":"https:\/\/bestathomeespressomachine.com\/de\/wp-json\/wp\/v2\/media\/21755"}],"wp:attachment":[{"href":"https:\/\/bestathomeespressomachine.com\/de\/wp-json\/wp\/v2\/media?parent=21753"}],"wp:term":[{"taxonomy":"product_cat","embeddable":true,"href":"https:\/\/bestathomeespressomachine.com\/de\/wp-json\/wp\/v2\/product_cat?post=21753"},{"taxonomy":"product_tag","embeddable":true,"href":"https:\/\/bestathomeespressomachine.com\/de\/wp-json\/wp\/v2\/product_tag?post=21753"}],"curies":[{"name":"wp","href":"https:\/\/api.w.org\/{rel}","templated":true}]}}