{"id":21782,"date":"2025-01-06T17:19:03","date_gmt":"2025-01-06T17:19:03","guid":{"rendered":"https:\/\/bestathomeespressomachine.com\/?post_type=product&#038;p=21782"},"modified":"2025-04-27T11:01:38","modified_gmt":"2025-04-27T11:01:38","slug":"philips-baristina-combo-espresso-machine-for-sale-online","status":"publish","type":"product","link":"https:\/\/bestathomeespressomachine.com\/de\/product\/philips-baristina-combo-espresso-machine-for-sale-online\/","title":{"rendered":"Philips Baristina Combo Espressomaschine mit Milchaufsch\u00e4umer BAR303\/60 (Schwarz)"},"content":{"rendered":"<h2 class=\"\" data-start=\"672\" data-end=\"756\">Erleben Sie professionelles Br\u00fchen mit der Philips Baristina Combo Espressomaschine<\/h2>\n<p class=\"\" data-start=\"87\" data-end=\"703\"><strong data-start=\"87\" data-end=\"181\">Bringen Sie Ihr Kaffeeerlebnis mit der Philips Baristina Combo Espressomaschine auf die n\u00e4chste Stufe.<\/strong> Dank innovativem Design, frischer Mahltechnologie und integriertem Milchaufsch\u00e4umer k\u00f6nnen Sie mit dieser Maschine m\u00fchelos authentische Caf\u00e9-Getr\u00e4nke in Ihrer K\u00fcche zubereiten. Perfekt f\u00fcr Espresso- und Cappuccino-Liebhaber! <strong data-start=\"425\" data-end=\"703\">Mit intuitiven Bedienelementen und anpassbaren Einstellungen k\u00f6nnen Sie jede Tasse ganz nach Ihrem Geschmack zubereiten \u2013 egal, ob Sie einen kr\u00e4ftigen Espresso oder einen cremigen Latte Macchiato bevorzugen. Die Baristina ist komfortabel und langlebig und macht jeden Morgenkaffee zu einem Moment der Vorfreude.<\/strong><\/p>\n<hr class=\"\" data-start=\"931\" data-end=\"934\" \/>\n<h2 class=\"\" data-start=\"936\" data-end=\"995\">Warum sollten Sie sich f\u00fcr die Philips Baristina Combo Espressomaschine entscheiden?<\/h2>\n<h3 class=\"\" data-start=\"997\" data-end=\"1038\">Frisch gemahlene Bohnen f\u00fcr das beste Aroma<\/h3>\n<p class=\"\" data-start=\"1040\" data-end=\"1220\">Der <strong data-start=\"1044\" data-end=\"1065\">Philips Baristina<\/strong> Mahlt f\u00fcr jeden Br\u00fchvorgang frische Kaffeebohnen und sorgt so f\u00fcr ein volles Aroma in jeder Tasse. Genie\u00dfen Sie bei jedem Br\u00fchvorgang den vollen Geschmack frisch gemahlener Bohnen.<\/p>\n<h3 class=\"\" data-start=\"1222\" data-end=\"1274\">Drei Getr\u00e4nkeeinstellungen f\u00fcr ultimative Vielseitigkeit<\/h3>\n<p class=\"\" data-start=\"1276\" data-end=\"1309\">W\u00e4hlen Sie Ihren perfekten Kaffeestil:<\/p>\n<ul data-start=\"1311\" data-end=\"1488\">\n<li class=\"\" data-start=\"1311\" data-end=\"1357\">\n<p class=\"\" data-start=\"1313\" data-end=\"1357\"><strong data-start=\"1313\" data-end=\"1326\">Espresso:<\/strong> Kr\u00e4ftig, reichhaltig und vollmundig.<\/p>\n<\/li>\n<li class=\"\" data-start=\"1358\" data-end=\"1414\">\n<p class=\"\" data-start=\"1360\" data-end=\"1414\"><strong data-start=\"1360\" data-end=\"1370\">Lang:<\/strong> Ein l\u00e4ngerer, leichterer Aufguss mit einem milden Geschmack.<\/p>\n<\/li>\n<li class=\"\" data-start=\"1415\" data-end=\"1488\">\n<p class=\"\" data-start=\"1417\" data-end=\"1488\"><strong data-start=\"1417\" data-end=\"1435\">Extra intensiv:<\/strong> Kr\u00e4ftig und kraftvoll f\u00fcr Kaffeeliebhaber, die es gerne kr\u00e4ftig m\u00f6gen.<\/p>\n<\/li>\n<\/ul>\n<p class=\"\" data-start=\"1490\" data-end=\"1569\">Ganz gleich, was Sie bevorzugen, die <strong data-start=\"1521\" data-end=\"1547\">Kombi-Espressomaschine<\/strong> passt sich Ihrem Geschmack an.<\/p>\n<h3 class=\"\" data-start=\"1571\" data-end=\"1619\">16 Bar Pumpendruck f\u00fcr hervorragende Extraktion<\/h3>\n<p class=\"\" data-start=\"1621\" data-end=\"1793\">Der <strong data-start=\"1625\" data-end=\"1669\">Philips Baristina Combo <a href=\"https:\/\/bestathomeespressomachine.com\/de\/product\/philips-3200-series-classic-milk-frother-super-automatic-espresso-machine-ep3221-44\/\">Espressomaschine<\/a><\/strong> verwendet einen Pumpendruck von 16 Bar und gew\u00e4hrleistet so eine maximale Aromaextraktion f\u00fcr Espresso in Profiqualit\u00e4t mit einer dicken, goldenen Crema.<\/p>\n<hr class=\"\" data-start=\"1795\" data-end=\"1798\" \/>\n<h2 class=\"\" data-start=\"1800\" data-end=\"1862\">Kreieren Sie mit dem integrierten Milchaufsch\u00e4umer Ihre Lieblingskaffees<\/h2>\n<p class=\"\" data-start=\"1864\" data-end=\"2068\">Genie\u00dfen Sie seidigen, glatten Milchschaum f\u00fcr Latte Macchiato, Cappuccino und hei\u00dfe Schokolade mit dem <strong data-start=\"1948\" data-end=\"1974\">automatischer Milchaufsch\u00e4umer<\/strong>. Perfekt strukturierte Milch ist nur einen Knopf entfernt und bietet Ihnen Kaffeehausqualit\u00e4t direkt zu Hause.<\/p>\n<hr class=\"\" data-start=\"2070\" data-end=\"2073\" \/>\n<h2 class=\"\" data-start=\"2075\" data-end=\"2121\">Einfache Wartung mit einer abnehmbaren Tropfschale<\/h2>\n<p class=\"\" data-start=\"2123\" data-end=\"2283\">Behalten Sie Ihre <strong data-start=\"2136\" data-end=\"2156\">Espressomaschine<\/strong> Dank der leicht herausnehmbaren Tropfschale ist die Reinigung kinderleicht. Nach jedem Gebrauch einfach herausnehmen, absp\u00fclen und wieder einsetzen.<\/p>\n<hr class=\"\" data-start=\"2285\" data-end=\"2288\" \/>\n<h2 class=\"\" data-start=\"2290\" data-end=\"2358\">Technische Daten der Philips Baristina Combo Espressomaschine<\/h2>\n<div class=\"group pointer-events-none relative flex justify-center *:pointer-events-auto\">\n<p>&nbsp;<\/p>\n<div class=\"tableContainer horzScrollShadows relative\">\n<table class=\"min-w-full\" data-start=\"2360\" data-end=\"2804\">\n<thead data-start=\"2360\" data-end=\"2413\">\n<tr data-start=\"2360\" data-end=\"2413\">\n<th data-start=\"2360\" data-end=\"2387\"><strong data-start=\"2362\" data-end=\"2379\">Spezifikation<\/strong><\/th>\n<th data-start=\"2387\" data-end=\"2413\"><strong data-start=\"2389\" data-end=\"2398\">Wert<\/strong><\/th>\n<\/tr>\n<\/thead>\n<tbody data-start=\"2470\" data-end=\"2804\">\n<tr data-start=\"2470\" data-end=\"2525\">\n<td class=\"max-w-[calc(var(--thread-content-max-width)*2\/3)]\" data-start=\"2470\" data-end=\"2498\">Trichterkapazit\u00e4t<\/td>\n<td class=\"max-w-[calc(var(--thread-content-max-width)*2\/3)]\" data-start=\"2498\" data-end=\"2525\">170 Gramm<\/td>\n<\/tr>\n<tr data-start=\"2526\" data-end=\"2581\">\n<td class=\"max-w-[calc(var(--thread-content-max-width)*2\/3)]\" data-start=\"2526\" data-end=\"2554\">Zubeh\u00f6r im Lieferumfang enthalten<\/td>\n<td class=\"max-w-[calc(var(--thread-content-max-width)*2\/3)]\" data-start=\"2554\" data-end=\"2581\">Siebtr\u00e4ger<\/td>\n<\/tr>\n<tr data-start=\"2582\" data-end=\"2639\">\n<td class=\"max-w-[calc(var(--thread-content-max-width)*2\/3)]\" data-start=\"2582\" data-end=\"2611\">Abmessungen (B x H x T)<\/td>\n<td class=\"max-w-[calc(var(--thread-content-max-width)*2\/3)]\" data-start=\"2611\" data-end=\"2639\">180 x 345 x 380 mm<\/td>\n<\/tr>\n<tr data-start=\"2640\" data-end=\"2694\">\n<td class=\"max-w-[calc(var(--thread-content-max-width)*2\/3)]\" data-start=\"2640\" data-end=\"2668\">Gewicht<\/td>\n<td class=\"max-w-[calc(var(--thread-content-max-width)*2\/3)]\" data-start=\"2668\" data-end=\"2694\">5 kg<\/td>\n<\/tr>\n<tr data-start=\"2695\" data-end=\"2749\">\n<td class=\"max-w-[calc(var(--thread-content-max-width)*2\/3)]\" data-start=\"2695\" data-end=\"2723\">Mahlwerkmaterial<\/td>\n<td class=\"max-w-[calc(var(--thread-content-max-width)*2\/3)]\" data-start=\"2723\" data-end=\"2749\">Keramik<\/td>\n<\/tr>\n<tr data-start=\"2750\" data-end=\"2804\">\n<td class=\"max-w-[calc(var(--thread-content-max-width)*2\/3)]\" data-start=\"2750\" data-end=\"2778\">Frequenz<\/td>\n<td class=\"max-w-[calc(var(--thread-content-max-width)*2\/3)]\" data-start=\"2778\" data-end=\"2804\">50 Hz<\/td>\n<\/tr>\n<\/tbody>\n<\/table>\n<\/div>\n<\/div>\n<hr class=\"\" data-start=\"2806\" data-end=\"2809\" \/>\n<h2 class=\"\" data-start=\"102\" data-end=\"168\">Wo kann man die Philips Baristina Combo Espressomaschine BAR303\/60 kaufen?<\/h2>\n<p class=\"\" data-start=\"170\" data-end=\"351\">Kaufen Sie die <strong data-start=\"178\" data-end=\"232\">Philips Baristina Combo Espressomaschine BAR303\/60<\/strong> bequem online in unserem offiziellen Shop:<br data-start=\"277\" data-end=\"280\" \/>\ud83d\udc49 <a class=\"\" href=\"https:\/\/espressochinesale.com\/shop\" target=\"_new\" rel=\"noopener nofollow\" data-start=\"283\" data-end=\"351\"><strong data-start=\"284\" data-end=\"314\">espressochinesale.com\/shop<\/strong><\/a><\/p>\n<p class=\"\" data-start=\"353\" data-end=\"439\">Erleben Sie mit nur wenigen Klicks den perfekten Espresso, Cappuccino und Latte zu Hause!<\/p>\n<hr class=\"\" data-start=\"3175\" data-end=\"3178\" \/>\n<h2 class=\"\" data-start=\"3180\" data-end=\"3252\">FAQs zur Philips Baristina Combo Espressomaschine mit Milchaufsch\u00e4umer<\/h2>\n<h3 class=\"\" data-start=\"3254\" data-end=\"3331\">Welche Getr\u00e4nke kann ich mit der Philips Baristina Combo Espressomaschine zubereiten?<\/h3>\n<p class=\"\" data-start=\"3333\" data-end=\"3500\">Mit dem <strong data-start=\"3342\" data-end=\"3363\">Philips Baristina<\/strong>Dank des integrierten Milchaufsch\u00e4umers k\u00f6nnen Sie ganz einfach Espresso, Lungo, extra intensiven Kaffee, cremigen Cappuccino und seidigen Latte zubereiten.<\/p>\n<h3 class=\"\" data-start=\"3502\" data-end=\"3562\">Mahlt die Philips Baristina jedes Mal frische Bohnen?<\/h3>\n<p class=\"\" data-start=\"3564\" data-end=\"3681\">Ja! Die <strong data-start=\"3573\" data-end=\"3599\">Kombi-Espressomaschine<\/strong> mahlt f\u00fcr jeden Aufguss frische Bohnen und sorgt so f\u00fcr maximalen Geschmack und Aroma in jeder Tasse.<\/p>\n<h3 class=\"\" data-start=\"3683\" data-end=\"3727\">Ist der Milchaufsch\u00e4umer automatisch oder manuell?<\/h3>\n<p class=\"\" data-start=\"3729\" data-end=\"3828\">Der <strong data-start=\"3733\" data-end=\"3749\">Milchaufsch\u00e4umer<\/strong> ist vollautomatisch und liefert gleichm\u00e4\u00dfigen, samtigen Schaum, ohne dass Sie raten m\u00fcssen.<\/p>\n<h3 class=\"\" data-start=\"3830\" data-end=\"3870\">Wie viel Kaffee passt in den Trichter?<\/h3>\n<p class=\"\" data-start=\"3872\" data-end=\"3960\">Der Bohnenbeh\u00e4lter verf\u00fcgt \u00fcber eine <strong data-start=\"3894\" data-end=\"3915\">170 Gramm Fassungsverm\u00f6gen<\/strong>, genug f\u00fcr mehrere Br\u00fchvorg\u00e4nge vor dem Nachf\u00fcllen.<\/p>\n<h3 class=\"\" data-start=\"3962\" data-end=\"4012\">Wie einfach ist die Reinigung der Philips Baristina?<\/h3>\n<p class=\"\" data-start=\"4014\" data-end=\"4116\">Ganz einfach! Die Maschine verf\u00fcgt \u00fcber eine abnehmbare Tropfschale und ein intuitives Design f\u00fcr eine einfache und schnelle Reinigung.<\/p>\n<hr class=\"\" data-start=\"4118\" data-end=\"4121\" \/>\n<h2 class=\"\" data-start=\"83\" data-end=\"140\">Mit der Philips Baristina den perfekten Kaffee zu Hause zubereiten<\/h2>\n<p class=\"\" data-start=\"142\" data-end=\"681\">Verwandeln Sie Ihre K\u00fcche in ein pers\u00f6nliches Caf\u00e9 mit dem <strong data-start=\"195\" data-end=\"257\">Philips Baristina Combo Espressomaschine mit Milchaufsch\u00e4umer<\/strong>. Egal, ob Sie Lust auf einen kr\u00e4ftigen Espresso oder einen cremigen Cappuccino haben, diese vielseitige Espressomaschine liefert Perfektion auf Knopfdruck.<br data-start=\"399\" data-end=\"402\" \/>Genie\u00dfen Sie frisch gemahlene Bohnen, reichhaltige Crema und seidigen Milchschaum \u2013 alles aus einer kompakten, benutzerfreundlichen Maschine. Machen Sie jeden Morgen zu etwas Besonderem mit Kaffee in Barista-Qualit\u00e4t, direkt bei Ihnen zu Hause zubereitet.<br data-start=\"597\" data-end=\"600\" \/>\ud83d\udc49 <strong data-start=\"603\" data-end=\"681\">Bestellen Sie noch heute und erleben Sie Kaffee in Caf\u00e9-Qualit\u00e4t, ohne das Haus zu verlassen!<\/strong><\/p>","protected":false},"excerpt":{"rendered":"<p>Experience Professional Brewing with the Philips Baristina Combo Espresso Machine Take your coffee game to the next level with the Philips Baristina Combo Espresso Machine. Combining innovative design, fresh grinding technology, and a built-in milk frother, this machine allows you to craft authentic, caf\u00e9-style drinks effortlessly in your own kitchen. Perfect for espresso lovers and&hellip;<\/p>","protected":false},"featured_media":21784,"comment_status":"open","ping_status":"closed","template":"","meta":[],"product_cat":[49],"product_tag":[],"class_list":{"0":"post-21782","1":"product","2":"type-product","3":"status-publish","4":"has-post-thumbnail","6":"product_cat-philips-espresso-machines","8":"first","9":"instock","10":"shipping-taxable","11":"purchasable","12":"product-type-simple","13":"col-xs-6 col-sm-4","14":"col-md-3 col-lg-3","15":"un-4-cols"},"jetpack_sharing_enabled":true,"_links":{"self":[{"href":"https:\/\/bestathomeespressomachine.com\/de\/wp-json\/wp\/v2\/product\/21782","targetHints":{"allow":["GET"]}}],"collection":[{"href":"https:\/\/bestathomeespressomachine.com\/de\/wp-json\/wp\/v2\/product"}],"about":[{"href":"https:\/\/bestathomeespressomachine.com\/de\/wp-json\/wp\/v2\/types\/product"}],"replies":[{"embeddable":true,"href":"https:\/\/bestathomeespressomachine.com\/de\/wp-json\/wp\/v2\/comments?post=21782"}],"version-history":[{"count":4,"href":"https:\/\/bestathomeespressomachine.com\/de\/wp-json\/wp\/v2\/product\/21782\/revisions"}],"predecessor-version":[{"id":22303,"href":"https:\/\/bestathomeespressomachine.com\/de\/wp-json\/wp\/v2\/product\/21782\/revisions\/22303"}],"wp:featuredmedia":[{"embeddable":true,"href":"https:\/\/bestathomeespressomachine.com\/de\/wp-json\/wp\/v2\/media\/21784"}],"wp:attachment":[{"href":"https:\/\/bestathomeespressomachine.com\/de\/wp-json\/wp\/v2\/media?parent=21782"}],"wp:term":[{"taxonomy":"product_cat","embeddable":true,"href":"https:\/\/bestathomeespressomachine.com\/de\/wp-json\/wp\/v2\/product_cat?post=21782"},{"taxonomy":"product_tag","embeddable":true,"href":"https:\/\/bestathomeespressomachine.com\/de\/wp-json\/wp\/v2\/product_tag?post=21782"}],"curies":[{"name":"wp","href":"https:\/\/api.w.org\/{rel}","templated":true}]}}