{"id":21796,"date":"2025-01-06T17:25:02","date_gmt":"2025-01-06T17:25:02","guid":{"rendered":"https:\/\/bestathomeespressomachine.com\/?post_type=product&#038;p=21796"},"modified":"2025-04-27T11:28:37","modified_gmt":"2025-04-27T11:28:37","slug":"best-semi-automatic-espresso-machine","status":"publish","type":"product","link":"https:\/\/bestathomeespressomachine.com\/de\/product\/best-semi-automatic-espresso-machine\/","title":{"rendered":"Philips Barista Brew Halbautomatische Espressomaschine PSA3218\/01 (Silber)"},"content":{"rendered":"<h2 class=\"\" data-start=\"644\" data-end=\"717\">Meistern Sie die Kunst des Kaffeekochens mit der besten halbautomatischen Espressomaschine<\/h2>\n<p class=\"\" data-start=\"719\" data-end=\"1035\">Erh\u00f6hen Sie Ihr Heimbrauerlebnis mit dem <strong data-start=\"765\" data-end=\"832\">Philips Barista Brew beste halbautomatische Espressomaschine PSA3218\/01<\/strong>. Entwickelt f\u00fcr Kaffeeliebhaber, die sich nach Abwechslung und Pr\u00e4zision sehnen, <strong data-start=\"899\" data-end=\"934\">halbautomatische Espressomaschine<\/strong> erm\u00f6glicht Ihnen die Zubereitung von Kaffee, Latte Macchiato und Cappuccino in Barista-Qualit\u00e4t bequem in Ihrer K\u00fcche.<\/p>\n<hr class=\"\" data-start=\"1037\" data-end=\"1040\" \/>\n<h2 class=\"\" data-start=\"1042\" data-end=\"1140\">Entdecken Sie die Kaffeevielfalt mit der halbautomatischen Espressomaschine Philips Barista Brew PSA3218\/01<\/h2>\n<h3 class=\"\" data-start=\"1142\" data-end=\"1186\">280g Doppelbohnenbeh\u00e4lter mit Aromaverschluss<\/h3>\n<p class=\"\" data-start=\"1188\" data-end=\"1452\">Mit seinem doppelten Bohnenbeh\u00e4lter ist der <strong data-start=\"1222\" data-end=\"1289\">Philips Barista Brew Automatische Espressomaschine PSA3218\/01<\/strong> k\u00f6nnen Sie verschiedene Kaffeebohnen gleichzeitig ausprobieren. Die <strong data-start=\"1350\" data-end=\"1364\">Aromasiegel<\/strong> Bewahrt die Frische und den Geschmack und sorgt daf\u00fcr, dass jede Tasse vor reichen, aromatischen Noten strotzt.<\/p>\n<hr class=\"\" data-start=\"1454\" data-end=\"1457\" \/>\n<h2 class=\"\" data-start=\"1459\" data-end=\"1518\">Professionelle Br\u00fchwerkzeuge f\u00fcr exzellenten Espresso<\/h2>\n<h3 class=\"\" data-start=\"1520\" data-end=\"1556\">58 mm Siebtr\u00e4ger aus Edelstahl<\/h3>\n<p class=\"\" data-start=\"1558\" data-end=\"1780\">Der <strong data-start=\"1562\" data-end=\"1598\">58 mm Siebtr\u00e4ger aus Edelstahl<\/strong> ensures consistent water distribution and a perfect extraction, helping you create caf\u00e9-quality espresso with a rich crema every time using your <strong data-start=\"1744\" data-end=\"1779\">halbautomatische Espressomaschine<\/strong>.<\/p>\n<h3 class=\"\" data-start=\"1782\" data-end=\"1811\">Premium Calibrated Tamper<\/h3>\n<p class=\"\" data-start=\"1813\" data-end=\"2035\">Included with the <strong data-start=\"1831\" data-end=\"1898\">Philips Barista Brew best Automatic Espresso Machine PSA3218\/01<\/strong>, Die <strong data-start=\"1904\" data-end=\"1941\">calibrated stainless steel tamper<\/strong> guarantees perfect tamping pressure, making every shot smooth, flavorful, and well-extracted.<\/p>\n<hr class=\"\" data-start=\"2037\" data-end=\"2040\" \/>\n<h2 class=\"\" data-start=\"2042\" data-end=\"2115\">Perfect Your Coffee Creations with the Philips Barista Brew PSA3218\/01<\/h2>\n<h3 class=\"\" data-start=\"2117\" data-end=\"2147\">One-Touch Americano Button<\/h3>\n<p class=\"\" data-start=\"2149\" data-end=\"2306\">Enjoy authentic Americanos with the press of a button, thanks to the integrated hot water outlet designed for simplicity and ease in this <strong data-start=\"2287\" data-end=\"2305\">coffee machine<\/strong>.<\/p>\n<h3 class=\"\" data-start=\"2308\" data-end=\"2373\">Powerful Steam Wand and ml Temperature Perfection Milk Jug<\/h3>\n<p class=\"\" data-start=\"2375\" data-end=\"2633\">Craft creamy lattes and silky cappuccinos using the <strong data-start=\"2427\" data-end=\"2450\">powerful steam wand<\/strong> and 450\u00a0<strong data-start=\"2455\" data-end=\"2473\">450 ml Milchk\u00e4nnchen<\/strong> im Lieferumfang enthalten <a href=\"https:\/\/bestathomeespressomachine.com\/de\/product\/philips-barista-brew-semi-automatic-espresso-machine-with-dual-bean-hopper-psa3228-01-silver\/\"><strong data-start=\"2492\" data-end=\"2559\">Philips Barista <\/strong><\/a><strong data-start=\"2492\" data-end=\"2559\">Brew Semi-Automatic Espresso Machine PSA3218\/01<\/strong>. The jug\u2019s temperature strip helps achieve the perfect froth temperature.<\/p>\n<h3 class=\"\" data-start=\"2635\" data-end=\"2664\">Integrated Pressure Gauge<\/h3>\n<p class=\"\" data-start=\"2666\" data-end=\"2873\">Der <strong data-start=\"2670\" data-end=\"2688\">pressure gauge<\/strong> on the <strong data-start=\"2696\" data-end=\"2763\">Philips Barista Brew Automatische Espressomaschine PSA3218\/01<\/strong> keeps you informed of your brewing process, ensuring that optimal espresso extraction is achieved every time.<\/p>\n<h3 class=\"\" data-start=\"2875\" data-end=\"2913\">Countertop-Friendly Tamping System<\/h3>\n<p class=\"\" data-start=\"2915\" data-end=\"3040\">Protect your countertops with the tamping system\u2019s integrated rubber base, designed for convenience and professional results.<\/p>\n<hr class=\"\" data-start=\"3042\" data-end=\"3045\" \/>\n<h2 class=\"\" data-start=\"3047\" data-end=\"3097\">Advanced Brewing Technology for the Perfect Cup<\/h2>\n<p class=\"\" data-start=\"3099\" data-end=\"3225\">Der <strong data-start=\"3103\" data-end=\"3170\">Philips Barista Brew Semi-Espresso Machine PSA3218\/01<\/strong> is packed with cutting-edge coffee-brewing technology:<\/p>\n<ul data-start=\"3227\" data-end=\"3436\">\n<li class=\"\" data-start=\"3227\" data-end=\"3300\">\n<p class=\"\" data-start=\"3229\" data-end=\"3300\"><strong data-start=\"3229\" data-end=\"3256\">PID Temperature Control<\/strong>: Guarantees consistent brewing temperature.<\/p>\n<\/li>\n<li class=\"\" data-start=\"3301\" data-end=\"3436\">\n<p class=\"\" data-start=\"3303\" data-end=\"3436\"><strong data-start=\"3303\" data-end=\"3330\">Pre-Infusion Technology<\/strong>: Evenly saturates coffee grounds before full pressure extraction, producing balanced, full-bodied flavor.<\/p>\n<\/li>\n<\/ul>\n<hr class=\"\" data-start=\"3438\" data-end=\"3441\" \/>\n<h2 class=\"\" data-start=\"3443\" data-end=\"3492\">Elegant European Design and Efficient Grinding<\/h2>\n<p class=\"\" data-start=\"3494\" data-end=\"3604\">Der <strong data-start=\"3498\" data-end=\"3565\">Philips Barista Brew Semi-Automatic Espresso Machine PSA3218\/01<\/strong> combines aesthetics and functionality:<\/p>\n<ul data-start=\"3606\" data-end=\"3921\">\n<li class=\"\" data-start=\"3606\" data-end=\"3718\">\n<p class=\"\" data-start=\"3608\" data-end=\"3718\"><strong data-start=\"3608\" data-end=\"3663\">European Design with Anti-Fingerprint Metal Housing<\/strong>: A sleek, durable finish that stays clean and elegant.<\/p>\n<\/li>\n<li class=\"\" data-start=\"3719\" data-end=\"3921\">\n<p class=\"\" data-start=\"3721\" data-end=\"3921\"><strong data-start=\"3721\" data-end=\"3771\">Metal Conical Burr Grinder with 15 Grind Sizes<\/strong>: Customize your grind from superfine for espresso to coarse for cold brew. Experiment with different grind settings to perfect your favorite recipes.<\/p>\n<\/li>\n<\/ul>\n<hr class=\"\" data-start=\"3923\" data-end=\"3926\" \/>\n<h2 class=\"\" data-start=\"3928\" data-end=\"4020\">Accessories Included with Philips Barista Brew Automatic Espresso Machine PSA3218\/01<\/h2>\n<p class=\"\" data-start=\"4022\" data-end=\"4159\">Every purchase of the <strong data-start=\"4044\" data-end=\"4111\">Philips Barista Brew Automatic Espresso PSA3218\/01<\/strong> includes essential tools for coffee perfection:<\/p>\n<ul data-start=\"4161\" data-end=\"4288\">\n<li class=\"\" data-start=\"4161\" data-end=\"4174\">\n<p class=\"\" data-start=\"4163\" data-end=\"4174\">Siebtr\u00e4ger<\/p>\n<\/li>\n<li class=\"\" data-start=\"4175\" data-end=\"4194\">\n<p class=\"\" data-start=\"4177\" data-end=\"4194\">4x Filter Baskets<\/p>\n<\/li>\n<li class=\"\" data-start=\"4195\" data-end=\"4205\">\n<p class=\"\" data-start=\"4197\" data-end=\"4205\">Milk Jug<\/p>\n<\/li>\n<li class=\"\" data-start=\"4206\" data-end=\"4230\">\n<p class=\"\" data-start=\"4208\" data-end=\"4230\">Stainless Steel Tamper<\/p>\n<\/li>\n<li class=\"\" data-start=\"4231\" data-end=\"4244\">\n<p class=\"\" data-start=\"4233\" data-end=\"4244\">Powder Ring<\/p>\n<\/li>\n<li class=\"\" data-start=\"4245\" data-end=\"4261\">\n<p class=\"\" data-start=\"4247\" data-end=\"4261\">Espresso Stand<\/p>\n<\/li>\n<li class=\"\" data-start=\"4262\" data-end=\"4288\">\n<p class=\"\" data-start=\"4264\" data-end=\"4288\">Cleaning Brushes and Pins<\/p>\n<\/li>\n<\/ul>\n<hr class=\"\" data-start=\"4290\" data-end=\"4293\" \/>\n<h2 class=\"\" data-start=\"4295\" data-end=\"4389\">Technical Specifications of Philips Barista Brew Automatic Espresso Machine PSA3218\/01<\/h2>\n<div class=\"group pointer-events-none relative flex justify-center *:pointer-events-auto\">\n<p>&nbsp;<\/p>\n<div class=\"tableContainer horzScrollShadows relative\">\n<table class=\"min-w-full\" data-start=\"4391\" data-end=\"5206\">\n<thead data-start=\"4391\" data-end=\"4458\">\n<tr data-start=\"4391\" data-end=\"4458\">\n<th data-start=\"4391\" data-end=\"4425\"><strong data-start=\"4393\" data-end=\"4410\">Spezifikation<\/strong><\/th>\n<th data-start=\"4425\" data-end=\"4458\"><strong data-start=\"4427\" data-end=\"4438\">Details<\/strong><\/th>\n<\/tr>\n<\/thead>\n<tbody data-start=\"4527\" data-end=\"5206\">\n<tr data-start=\"4527\" data-end=\"4594\">\n<td class=\"max-w-[calc(var(--thread-content-max-width)*2\/3)]\" data-start=\"4527\" data-end=\"4562\">Mahlwerkmaterial<\/td>\n<td class=\"max-w-[calc(var(--thread-content-max-width)*2\/3)]\" data-start=\"4562\" data-end=\"4594\">Metal<\/td>\n<\/tr>\n<tr data-start=\"4595\" data-end=\"4662\">\n<td class=\"max-w-[calc(var(--thread-content-max-width)*2\/3)]\" data-start=\"4595\" data-end=\"4630\">Pumpendruck<\/td>\n<td class=\"max-w-[calc(var(--thread-content-max-width)*2\/3)]\" data-start=\"4630\" data-end=\"4662\">15 bar<\/td>\n<\/tr>\n<tr data-start=\"4663\" data-end=\"4730\">\n<td class=\"max-w-[calc(var(--thread-content-max-width)*2\/3)]\" data-start=\"4663\" data-end=\"4698\">Gewicht<\/td>\n<td class=\"max-w-[calc(var(--thread-content-max-width)*2\/3)]\" data-start=\"4698\" data-end=\"4730\">8.6 kg<\/td>\n<\/tr>\n<tr data-start=\"4731\" data-end=\"4798\">\n<td class=\"max-w-[calc(var(--thread-content-max-width)*2\/3)]\" data-start=\"4731\" data-end=\"4766\">Dimensions (H x W x L)<\/td>\n<td class=\"max-w-[calc(var(--thread-content-max-width)*2\/3)]\" data-start=\"4766\" data-end=\"4798\">439 x 320 x 334 mm<\/td>\n<\/tr>\n<tr data-start=\"4799\" data-end=\"4866\">\n<td class=\"max-w-[calc(var(--thread-content-max-width)*2\/3)]\" data-start=\"4799\" data-end=\"4834\">Material and Colour<\/td>\n<td class=\"max-w-[calc(var(--thread-content-max-width)*2\/3)]\" data-start=\"4834\" data-end=\"4866\">Metal and Silver<\/td>\n<\/tr>\n<tr data-start=\"4867\" data-end=\"4934\">\n<td class=\"max-w-[calc(var(--thread-content-max-width)*2\/3)]\" data-start=\"4867\" data-end=\"4902\">Trichterkapazit\u00e4t<\/td>\n<td class=\"max-w-[calc(var(--thread-content-max-width)*2\/3)]\" data-start=\"4902\" data-end=\"4934\">280 grams<\/td>\n<\/tr>\n<tr data-start=\"4935\" data-end=\"5002\">\n<td class=\"max-w-[calc(var(--thread-content-max-width)*2\/3)]\" data-start=\"4935\" data-end=\"4970\">Stromspannung<\/td>\n<td class=\"max-w-[calc(var(--thread-content-max-width)*2\/3)]\" data-start=\"4970\" data-end=\"5002\">120 V<\/td>\n<\/tr>\n<tr data-start=\"5003\" data-end=\"5070\">\n<td class=\"max-w-[calc(var(--thread-content-max-width)*2\/3)]\" data-start=\"5003\" data-end=\"5038\">Frequenz<\/td>\n<td class=\"max-w-[calc(var(--thread-content-max-width)*2\/3)]\" data-start=\"5038\" data-end=\"5070\">60 Hz<\/td>\n<\/tr>\n<tr data-start=\"5071\" data-end=\"5138\">\n<td class=\"max-w-[calc(var(--thread-content-max-width)*2\/3)]\" data-start=\"5071\" data-end=\"5106\">Cord Length<\/td>\n<td class=\"max-w-[calc(var(--thread-content-max-width)*2\/3)]\" data-start=\"5106\" data-end=\"5138\">1 m<\/td>\n<\/tr>\n<tr data-start=\"5139\" data-end=\"5206\">\n<td class=\"max-w-[calc(var(--thread-content-max-width)*2\/3)]\" data-start=\"5139\" data-end=\"5174\">Coffee Temperature<\/td>\n<td class=\"max-w-[calc(var(--thread-content-max-width)*2\/3)]\" data-start=\"5174\" data-end=\"5206\">Adjustable<\/td>\n<\/tr>\n<\/tbody>\n<\/table>\n<\/div>\n<\/div>\n<hr class=\"\" data-start=\"5208\" data-end=\"5211\" \/>\n<h2 class=\"\" data-start=\"5213\" data-end=\"5305\">Price Match Guarantee for Philips Barista Brew Semi Automatic Espresso Machine PSA3218\/01<\/h2>\n<p class=\"\" data-start=\"5307\" data-end=\"5540\">Shop confidently knowing that the <strong data-start=\"5341\" data-end=\"5408\">Philips Barista Brew Automatische Espressomaschine PSA3218\/01<\/strong> is eligible for <b>price matching.<\/b>\u00a0Match a lower price with us or other verified retailers within <strong data-start=\"5508\" data-end=\"5519\">90 Tage<\/strong> nach Ihrem Einkauf!<\/p>\n<hr class=\"\" data-start=\"5542\" data-end=\"5545\" \/>\n<h2 class=\"\" data-start=\"5547\" data-end=\"5626\">Where to Buy Philips Barista Brew Semi Automatic Espresso Machine PSA3218\/01<\/h2>\n<p class=\"\" data-start=\"5628\" data-end=\"5782\">Ready to elevate your home coffee experience? Purchase the <strong data-start=\"5687\" data-end=\"5754\">Philips Barista Brew Espresso Machine PSA3218\/01<\/strong> bei diesen vertrauensw\u00fcrdigen H\u00e4ndlern:<\/p>\n<ul data-start=\"5784\" data-end=\"5915\">\n<li class=\"\" data-start=\"5784\" data-end=\"5829\">\n<p class=\"\" data-start=\"5786\" data-end=\"5829\"><strong data-start=\"5786\" data-end=\"5819\">Official Philips Website<\/strong> (Index \u2705)<\/p>\n<\/li>\n<li class=\"\" data-start=\"5830\" data-end=\"5857\">\n<p class=\"\" data-start=\"5832\" data-end=\"5857\"><strong data-start=\"5832\" data-end=\"5847\">Amazon<\/strong> (Index \u2705)<\/p>\n<\/li>\n<li class=\"\" data-start=\"5858\" data-end=\"5887\">\n<p class=\"\" data-start=\"5860\" data-end=\"5887\"><strong data-start=\"5860\" data-end=\"5877\">Bester Kauf<\/strong> (Index \u2705)<\/p>\n<\/li>\n<li class=\"\" data-start=\"5888\" data-end=\"5915\">\n<p class=\"\" data-start=\"5890\" data-end=\"5915\"><strong data-start=\"5890\" data-end=\"5905\">Target<\/strong> (Index \u2705)<\/p>\n<\/li>\n<\/ul>\n<p class=\"\" data-start=\"5917\" data-end=\"6008\">Enjoy secure checkout, free shipping options, and special bundle offers when buying online!<\/p>\n<hr class=\"\" data-start=\"6010\" data-end=\"6013\" \/>\n<h2 class=\"\" data-start=\"6015\" data-end=\"6092\">FAQs About Philips Barista Brew Semi Automatic Espresso Machine PSA3218\/01<\/h2>\n<h3 class=\"\" data-start=\"6094\" data-end=\"6187\">Is the Philips Barista Brew Semi-Automatic Espresso Machine PSA3218\/01 beginner-friendly?<\/h3>\n<p class=\"\" data-start=\"6189\" data-end=\"6359\">Ja! Obwohl sie mit professionellen Funktionen ausgestattet ist, ist sie dank der intuitiven Steuerung und des mitgelieferten Zubeh\u00f6rs sowohl f\u00fcr Anf\u00e4nger als auch f\u00fcr erfahrene Baristas zu Hause perfekt geeignet.<\/p>\n<h3 class=\"\" data-start=\"6361\" data-end=\"6451\">Wie pflege ich die halbautomatische Espressomaschine Philips Barista Brew PSA3218\/01?<\/h3>\n<p class=\"\" data-start=\"6453\" data-end=\"6648\">Die regelm\u00e4\u00dfige Reinigung von Siebtr\u00e4ger, Filterk\u00f6rben, Dampfd\u00fcse und Mahlwerk ist mit den mitgelieferten Reinigungswerkzeugen ganz einfach. Regelm\u00e4\u00dfige Wartung sorgt daf\u00fcr, dass Ihre Maschine jederzeit hervorragenden Kaffee liefert.<\/p>\n<h3 class=\"\" data-start=\"6650\" data-end=\"6761\">Kann ich mit der automatischen Espressomaschine Philips Barista Brew PSA3218\/01 Cappuccino und Latte zubereiten?<\/h3>\n<p class=\"\" data-start=\"6763\" data-end=\"6930\">Absolut! Die <strong data-start=\"6779\" data-end=\"6802\">powerful steam wand<\/strong> Und <strong data-start=\"6807\" data-end=\"6842\">Milchk\u00e4nnchen mit perfekter Temperatur<\/strong> erm\u00f6glichen Ihnen die Herstellung von Mikroschaum in Barista-Qualit\u00e4t f\u00fcr Cappuccinos, Lattes und Flat Whites.<\/p>\n<h3 class=\"\" data-start=\"6932\" data-end=\"7000\">Was ist der Unterschied zwischen den Modellen PSA3218\/01 und PSA3228\/01?<\/h3>\n<p class=\"\" data-start=\"7002\" data-end=\"7255\">W\u00e4hrend beide Modelle hervorragende Funktionen bieten, <strong data-start=\"7050\" data-end=\"7085\">Philips Barista Brew PSA3228\/01<\/strong> kann einige zus\u00e4tzliche Funktionen enthalten. Allerdings <strong data-start=\"7140\" data-end=\"7154\">PSA3218\/01<\/strong> bleibt einer der <strong data-start=\"7174\" data-end=\"7215\">beste halbautomatische Espressomaschinen<\/strong> f\u00fcr seinen Wert, seine Leistung und sein Design.<\/p>\n<h3 class=\"\" data-start=\"7257\" data-end=\"7361\">Verf\u00fcgt die Philips Barista Brew Espresso-Automatik PSA3218\/01 \u00fcber ein einstellbares Mahlwerk?<\/h3>\n<p class=\"\" data-start=\"7363\" data-end=\"7482\">Ja! Sie k\u00f6nnen Ihr Gebr\u00e4u verfeinern mit <strong data-start=\"7401\" data-end=\"7433\">15 adjustable grind settings<\/strong>, ideal f\u00fcr Espresso, Pour-Over oder French Press.<\/p>\n<hr class=\"\" data-start=\"7484\" data-end=\"7487\" \/>\n<h2 class=\"\" data-start=\"7489\" data-end=\"7550\">Kaufen Sie noch heute die beste halbautomatische Espressomaschine online!<\/h2>\n<p class=\"\" data-start=\"7552\" data-end=\"7901\">Verwandeln Sie Ihre K\u00fcche in ein echtes Caf\u00e9 mit dem <strong data-start=\"7601\" data-end=\"7668\">Philips Barista Brew Vollautomat PSA3218\/01<\/strong>. Egal ob Sie einen starken Espresso oder einen cremigen Cappuccino zubereiten, diese <strong data-start=\"7740\" data-end=\"7775\">automatische Espressomaschine<\/strong> bringt professionelle Kaffeekunst zu Ihnen nach Hause.<br data-start=\"7825\" data-end=\"7828\" \/>\ud83d\udc49 <strong data-start=\"7831\" data-end=\"7901\">Bestellen Sie noch heute und gestalten Sie jede Tasse genau nach Ihren W\u00fcnschen!<\/strong><\/p>","protected":false},"excerpt":{"rendered":"<p>Master the Art of Coffee with the Best Semi Automatic Espresso Machine Elevate your home brewing experience with the Philips Barista Brew best Semi Automatic Espresso Machine PSA3218\/01. Designed for coffee lovers who crave variety and precision, this semi-automatic espresso machine allows you to create barista-quality coffee, lattes, and cappuccinos in the comfort of your&hellip;<\/p>","protected":false},"featured_media":21802,"comment_status":"open","ping_status":"closed","template":"","meta":[],"product_cat":[49],"product_tag":[],"class_list":{"0":"post-21796","1":"product","2":"type-product","3":"status-publish","4":"has-post-thumbnail","6":"product_cat-philips-espresso-machines","8":"first","9":"instock","10":"shipping-taxable","11":"purchasable","12":"product-type-simple","13":"col-xs-6 col-sm-4","14":"col-md-3 col-lg-3","15":"un-4-cols"},"jetpack_sharing_enabled":true,"_links":{"self":[{"href":"https:\/\/bestathomeespressomachine.com\/de\/wp-json\/wp\/v2\/product\/21796","targetHints":{"allow":["GET"]}}],"collection":[{"href":"https:\/\/bestathomeespressomachine.com\/de\/wp-json\/wp\/v2\/product"}],"about":[{"href":"https:\/\/bestathomeespressomachine.com\/de\/wp-json\/wp\/v2\/types\/product"}],"replies":[{"embeddable":true,"href":"https:\/\/bestathomeespressomachine.com\/de\/wp-json\/wp\/v2\/comments?post=21796"}],"version-history":[{"count":4,"href":"https:\/\/bestathomeespressomachine.com\/de\/wp-json\/wp\/v2\/product\/21796\/revisions"}],"predecessor-version":[{"id":22306,"href":"https:\/\/bestathomeespressomachine.com\/de\/wp-json\/wp\/v2\/product\/21796\/revisions\/22306"}],"wp:featuredmedia":[{"embeddable":true,"href":"https:\/\/bestathomeespressomachine.com\/de\/wp-json\/wp\/v2\/media\/21802"}],"wp:attachment":[{"href":"https:\/\/bestathomeespressomachine.com\/de\/wp-json\/wp\/v2\/media?parent=21796"}],"wp:term":[{"taxonomy":"product_cat","embeddable":true,"href":"https:\/\/bestathomeespressomachine.com\/de\/wp-json\/wp\/v2\/product_cat?post=21796"},{"taxonomy":"product_tag","embeddable":true,"href":"https:\/\/bestathomeespressomachine.com\/de\/wp-json\/wp\/v2\/product_tag?post=21796"}],"curies":[{"name":"wp","href":"https:\/\/api.w.org\/{rel}","templated":true}]}}