{"id":21841,"date":"2025-01-06T17:56:58","date_gmt":"2025-01-06T17:56:58","guid":{"rendered":"https:\/\/bestathomeespressomachine.com\/?post_type=product&#038;p=21841"},"modified":"2025-04-27T11:35:16","modified_gmt":"2025-04-27T11:35:16","slug":"buy-philips-1200-series-classic-milk-frother-super-automatic-espresso","status":"publish","type":"product","link":"https:\/\/bestathomeespressomachine.com\/de\/product\/buy-philips-1200-series-classic-milk-frother-super-automatic-espresso\/","title":{"rendered":"Philips 1200 Series Classic Milchaufsch\u00e4umer Super Automatische Espressomaschine EP1220\/04"},"content":{"rendered":"<h2 class=\"\" data-start=\"260\" data-end=\"346\">Philips 1200 Series Classic Milchaufsch\u00e4umer Super Automatische Espressomaschine EP1220\/04<\/h2>\n<h3 class=\"\" data-start=\"348\" data-end=\"393\">Erleben Sie Kaffee in Barista-Qualit\u00e4t zu Hause<\/h3>\n<p class=\"\" data-start=\"395\" data-end=\"818\">Entdecken Sie den Komfort und die Konsistenz der <strong data-start=\"443\" data-end=\"509\"><a href=\"https:\/\/bestathomeespressomachine.com\/de\/product\/philips-3300-lattego-super-automatic-espresso-cappuccino-latte-macchiato-machine-with-silentbrew-ep3341-50-glossy-black\/\">Philips<\/a> Vollautomatische Espressomaschine der Serie 1200 EP1220\/04<\/strong>. Diese Maschine wurde f\u00fcr Kaffeeliebhaber zu Hause entwickelt und bietet das volle Kaffeehaus-Erlebnis mit einem eingebauten <strong data-start=\"616\" data-end=\"640\">klassischer Milchaufsch\u00e4umer<\/strong>, reichhaltige Geschmacksextraktion und eine benutzerfreundliche Oberfl\u00e4che. Ob Sie genie\u00dfen <strong data-start=\"715\" data-end=\"727\">Espresso<\/strong>, <strong data-start=\"729\" data-end=\"739\">Kaffee<\/strong>oder eine cremige <strong data-start=\"753\" data-end=\"767\">Cappuccino<\/strong>, jede Tasse wird m\u00fchelos und mit Pr\u00e4zision hergestellt.<\/p>\n<hr class=\"\" data-start=\"820\" data-end=\"823\" \/>\n<h2 class=\"\" data-start=\"825\" data-end=\"884\">Hauptmerkmale der Espressomaschine der Philips 1200-Serie<\/h2>\n<h3 class=\"\" data-start=\"886\" data-end=\"926\">\u2615 Superautomatische Espressozubereitung<\/h3>\n<p class=\"\" data-start=\"927\" data-end=\"1076\">Genie\u00dfen Sie vollmundigen, aromatischen Kaffee auf Knopfdruck. Das vollautomatische Br\u00fchsystem sorgt f\u00fcr gleichbleibenden Geschmack und optimale Temperatur \u2013 jedes Mal.<\/p>\n<h3 class=\"\" data-start=\"1078\" data-end=\"1130\">\ud83e\udd5b Klassischer Milchaufsch\u00e4umer f\u00fcr cremigen Cappuccino<\/h3>\n<p class=\"\" data-start=\"1131\" data-end=\"1251\">Der <strong data-start=\"1135\" data-end=\"1159\">klassischer Milchaufsch\u00e4umer<\/strong> erm\u00f6glicht Ihnen, Milch manuell zu d\u00e4mpfen und aufzusch\u00e4umen, um Cappuccinos und Lattes im Barista-Stil zuzubereiten.<\/p>\n<h3 class=\"\" data-start=\"1253\" data-end=\"1288\">\ud83d\udd27 12-stufige Mahlgradeinstellung<\/h3>\n<p class=\"\" data-start=\"1289\" data-end=\"1394\">Optimieren Sie die St\u00e4rke und den Geschmack Ihres Gebr\u00e4us mit 12 anpassbaren Mahlgradeinstellungen \u2013 von fein bis grob.<\/p>\n<h3 class=\"\" data-start=\"1396\" data-end=\"1426\">\ud83c\udf21\ufe0f Aroma-Extraktionssystem<\/h3>\n<p class=\"\" data-start=\"1427\" data-end=\"1537\">Das patentierte Aroma Extract-System von Philips gleicht Br\u00fchtemperatur und Wasserdurchfluss aus, um das meiste Aroma herauszuholen.<\/p>\n<h3 class=\"\" data-start=\"1539\" data-end=\"1578\">\ud83d\udca7 AquaClean Filterkompatibilit\u00e4t<\/h3>\n<p class=\"\" data-start=\"1579\" data-end=\"1694\">Genie\u00dfen Sie bis zu <strong data-start=\"1591\" data-end=\"1605\">5.000 Tassen<\/strong> ohne Entkalken, dank AquaClean-Wasserfilter, der f\u00fcr sauberes, frisches Wasser sorgt.<\/p>\n<h3 class=\"\" data-start=\"1696\" data-end=\"1722\">\ud83d\udee0\ufe0f Einfache Wartung<\/h3>\n<p class=\"\" data-start=\"1723\" data-end=\"1870\">Der <strong data-start=\"1727\" data-end=\"1757\">vollst\u00e4ndig herausnehmbare Br\u00fchgruppe<\/strong> erm\u00f6glicht schnelles Sp\u00fclen und Reinigen, w\u00e4hrend <strong data-start=\"1803\" data-end=\"1838\">automatische Sp\u00fclung und gef\u00fchrte Entkalkung<\/strong> Halten Sie Ihre Maschine in Topform.<\/p>\n<hr class=\"\" data-start=\"1872\" data-end=\"1875\" \/>\n<h2 class=\"\" data-start=\"1877\" data-end=\"1900\">Spezifikationstabelle<\/h2>\n<div class=\"group pointer-events-none relative flex justify-center *:pointer-events-auto\">\n<p>&nbsp;<\/p>\n<div class=\"tableContainer horzScrollShadows relative\">\n<table class=\"min-w-full\" data-start=\"1902\" data-end=\"2730\">\n<thead data-start=\"1902\" data-end=\"1971\">\n<tr data-start=\"1902\" data-end=\"1971\">\n<th data-start=\"1902\" data-end=\"1935\">Besonderheit<\/th>\n<th data-start=\"1935\" data-end=\"1971\">Details<\/th>\n<\/tr>\n<\/thead>\n<tbody data-start=\"2041\" data-end=\"2730\">\n<tr data-start=\"2041\" data-end=\"2109\">\n<td class=\"max-w-[calc(var(--thread-content-max-width)*2\/3)]\" data-start=\"2041\" data-end=\"2073\"><strong data-start=\"2043\" data-end=\"2060\">Pumpendruck<\/strong><\/td>\n<td class=\"max-w-[calc(var(--thread-content-max-width)*2\/3)]\" data-start=\"2073\" data-end=\"2109\">15 bar<\/td>\n<\/tr>\n<tr data-start=\"2110\" data-end=\"2178\">\n<td class=\"max-w-[calc(var(--thread-content-max-width)*2\/3)]\" data-start=\"2110\" data-end=\"2142\"><strong data-start=\"2112\" data-end=\"2133\">Milchaufsch\u00e4umertyp<\/strong><\/td>\n<td class=\"max-w-[calc(var(--thread-content-max-width)*2\/3)]\" data-start=\"2142\" data-end=\"2178\">Klassischer manueller Dampfstab<\/td>\n<\/tr>\n<tr data-start=\"2179\" data-end=\"2247\">\n<td class=\"max-w-[calc(var(--thread-content-max-width)*2\/3)]\" data-start=\"2179\" data-end=\"2211\"><strong data-start=\"2181\" data-end=\"2204\">Wassertankkapazit\u00e4t<\/strong><\/td>\n<td class=\"max-w-[calc(var(--thread-content-max-width)*2\/3)]\" data-start=\"2211\" data-end=\"2247\">1,8 l<\/td>\n<\/tr>\n<tr data-start=\"2248\" data-end=\"2316\">\n<td class=\"max-w-[calc(var(--thread-content-max-width)*2\/3)]\" data-start=\"2248\" data-end=\"2280\"><strong data-start=\"2250\" data-end=\"2274\">Fassungsverm\u00f6gen des Bohnenbeh\u00e4lters<\/strong><\/td>\n<td class=\"max-w-[calc(var(--thread-content-max-width)*2\/3)]\" data-start=\"2280\" data-end=\"2316\">275 g<\/td>\n<\/tr>\n<tr data-start=\"2317\" data-end=\"2385\">\n<td class=\"max-w-[calc(var(--thread-content-max-width)*2\/3)]\" data-start=\"2317\" data-end=\"2349\"><strong data-start=\"2319\" data-end=\"2341\">Abmessungen (H x B x L)<\/strong><\/td>\n<td class=\"max-w-[calc(var(--thread-content-max-width)*2\/3)]\" data-start=\"2349\" data-end=\"2385\">246 x 371 x 433 mm<\/td>\n<\/tr>\n<tr data-start=\"2386\" data-end=\"2454\">\n<td class=\"max-w-[calc(var(--thread-content-max-width)*2\/3)]\" data-start=\"2386\" data-end=\"2418\"><strong data-start=\"2388\" data-end=\"2398\">Gewicht<\/strong><\/td>\n<td class=\"max-w-[calc(var(--thread-content-max-width)*2\/3)]\" data-start=\"2418\" data-end=\"2454\">7,5 kg<\/td>\n<\/tr>\n<tr data-start=\"2455\" data-end=\"2523\">\n<td class=\"max-w-[calc(var(--thread-content-max-width)*2\/3)]\" data-start=\"2455\" data-end=\"2487\"><strong data-start=\"2457\" data-end=\"2473\">M\u00fchlentyp<\/strong><\/td>\n<td class=\"max-w-[calc(var(--thread-content-max-width)*2\/3)]\" data-start=\"2487\" data-end=\"2523\">100 % Keramik, 12-stufig einstellbar<\/td>\n<\/tr>\n<tr data-start=\"2524\" data-end=\"2592\">\n<td class=\"max-w-[calc(var(--thread-content-max-width)*2\/3)]\" data-start=\"2524\" data-end=\"2556\"><strong data-start=\"2526\" data-end=\"2546\">Getr\u00e4nkeoptionen<\/strong><\/td>\n<td class=\"max-w-[calc(var(--thread-content-max-width)*2\/3)]\" data-start=\"2556\" data-end=\"2592\">Espresso, Kaffee, Hei\u00dfwasser<\/td>\n<\/tr>\n<tr data-start=\"2593\" data-end=\"2661\">\n<td class=\"max-w-[calc(var(--thread-content-max-width)*2\/3)]\" data-start=\"2593\" data-end=\"2625\"><strong data-start=\"2595\" data-end=\"2606\">Stromspannung<\/strong><\/td>\n<td class=\"max-w-[calc(var(--thread-content-max-width)*2\/3)]\" data-start=\"2625\" data-end=\"2661\">120 V<\/td>\n<\/tr>\n<tr data-start=\"2662\" data-end=\"2730\">\n<td class=\"max-w-[calc(var(--thread-content-max-width)*2\/3)]\" data-start=\"2662\" data-end=\"2694\"><strong data-start=\"2664\" data-end=\"2676\">Garantie<\/strong><\/td>\n<td class=\"max-w-[calc(var(--thread-content-max-width)*2\/3)]\" data-start=\"2694\" data-end=\"2730\">6 Monate Herstellergarantie<\/td>\n<\/tr>\n<\/tbody>\n<\/table>\n<\/div>\n<\/div>\n<hr class=\"\" data-start=\"2732\" data-end=\"2735\" \/>\n<h2 class=\"\" data-start=\"2737\" data-end=\"2782\">Warum den Philips EP1220\/04 der 1200er-Serie kaufen?<\/h2>\n<p class=\"\" data-start=\"2784\" data-end=\"3150\">Diese Espressomaschine vereint pr\u00e4zises Br\u00fchen, einen klassischen Aufsch\u00e4umer und ein kompaktes Design und bietet so eine leistungsstarke und dennoch erschwingliche <strong data-start=\"2907\" data-end=\"2929\">Cappuccino-Maschine<\/strong> f\u00fcr den Heimgebrauch. Egal, ob Sie Anf\u00e4nger oder aufstrebender Barista sind, die <strong data-start=\"2998\" data-end=\"3021\">Philips 1200 Serie<\/strong> bietet intuitive Steuerung, <strong data-start=\"3049\" data-end=\"3082\">individuelle Kaffeepersonalisierung<\/strong>und geringer Wartungsaufwand \u2013 alles unterst\u00fctzt durch die Innovationstradition von Philips.<\/p>\n<hr class=\"\" data-start=\"3152\" data-end=\"3155\" \/>\n<h2 class=\"\" data-start=\"3157\" data-end=\"3211\">Kaufen Sie die Philips Espressomaschine der 1200er-Serie online<\/h2>\n<p class=\"\" data-start=\"3213\" data-end=\"3462\">Auf der Suche nach dem <strong data-start=\"3229\" data-end=\"3264\">bester Preis f\u00fcr Philips EP1220\/04<\/strong>? Wir bieten <strong data-start=\"3275\" data-end=\"3301\">Preisgarantien<\/strong> F\u00fcr bis zu 90 Tage nach dem Kauf \u2013 f\u00fcr ein sicheres Einkaufserlebnis. Bestellen Sie noch heute online und verfeinern Sie Ihre Morgenroutine mit Kaffee in Barista-Qualit\u00e4t zu Hause.<\/p>\n<hr class=\"\" data-start=\"3464\" data-end=\"3467\" \/>\n<h2 class=\"\" data-start=\"3469\" data-end=\"3505\">H\u00e4ufig gestellte Fragen (FAQs)<\/h2>\n<h3 class=\"\" data-start=\"3507\" data-end=\"3571\">\u2753 Ist die Philips 1200 Series EP1220\/04 gut f\u00fcr Cappuccinos geeignet?<\/h3>\n<p class=\"\" data-start=\"3572\" data-end=\"3733\">Absolut. Es ist <strong data-start=\"3588\" data-end=\"3612\">klassischer Milchaufsch\u00e4umer<\/strong> erm\u00f6glicht Ihnen das manuelle D\u00e4mpfen und Aufsch\u00e4umen von Milch und gibt Ihnen die volle Kontrolle \u00fcber die Konsistenz und Temperatur f\u00fcr cremige Cappuccinos.<\/p>\n<h3 class=\"\" data-start=\"3735\" data-end=\"3784\">\u2753 Wie oft muss ich die Maschine entkalken?<\/h3>\n<p class=\"\" data-start=\"3785\" data-end=\"3886\">Mit dem <strong data-start=\"3794\" data-end=\"3820\">AquaClean Wasserfilter<\/strong>genie\u00dfen Sie bis zu <strong data-start=\"3842\" data-end=\"3856\">5.000 Tassen<\/strong> bevor eine Entkalkung erforderlich ist.<\/p>\n<h3 class=\"\" data-start=\"3888\" data-end=\"3936\">\u2753 Kann ich mit dieser Maschine gemahlenen Kaffee verwenden?<\/h3>\n<p class=\"\" data-start=\"3937\" data-end=\"4064\">Ja! Die Philips 1200 Serie verf\u00fcgt \u00fcber <strong data-start=\"3977\" data-end=\"4000\">Kaffeepulverschacht<\/strong>, sodass Sie entweder ganze Bohnen oder gemahlenen Kaffee aufbr\u00fchen k\u00f6nnen.<\/p>\n<h3 class=\"\" data-start=\"4066\" data-end=\"4102\">\u2753 Ist der Milchaufsch\u00e4umer automatisch?<\/h3>\n<p class=\"\" data-start=\"4103\" data-end=\"4236\">Nein, die <strong data-start=\"4111\" data-end=\"4135\">klassischer Milchaufsch\u00e4umer<\/strong> ist manuell und somit ideal f\u00fcr Benutzer, die die Konsistenz und Temperatur der Milch genauer steuern m\u00f6chten.<\/p>\n<h3 class=\"\" data-start=\"4238\" data-end=\"4264\">\u2753 Ist das Mahlwerk laut?<\/h3>\n<p class=\"\" data-start=\"4265\" data-end=\"4358\">Die Maschine verwendet <strong data-start=\"4282\" data-end=\"4302\">Keramikmahlwerke<\/strong>, die leiser und langlebiger sind als Metallvarianten.<\/p>","protected":false},"excerpt":{"rendered":"<p>Philips 1200 Series Classic Milk Frother Super Automatic Espresso Machine EP1220\/04 Experience Barista-Quality Coffee at Home Discover the convenience and consistency of the Philips 1200 Series Super Automatic Espresso Machine EP1220\/04. Engineered for home coffee lovers, this machine delivers the full coffee shop experience with a built-in classic milk frother, rich flavor extraction, and a&hellip;<\/p>","protected":false},"featured_media":21843,"comment_status":"open","ping_status":"closed","template":"","meta":[],"product_cat":[49],"product_tag":[],"class_list":{"0":"post-21841","1":"product","2":"type-product","3":"status-publish","4":"has-post-thumbnail","6":"product_cat-philips-espresso-machines","8":"first","9":"instock","10":"shipping-taxable","11":"purchasable","12":"product-type-simple","13":"col-xs-6 col-sm-4","14":"col-md-3 col-lg-3","15":"un-4-cols"},"jetpack_sharing_enabled":true,"_links":{"self":[{"href":"https:\/\/bestathomeespressomachine.com\/de\/wp-json\/wp\/v2\/product\/21841","targetHints":{"allow":["GET"]}}],"collection":[{"href":"https:\/\/bestathomeespressomachine.com\/de\/wp-json\/wp\/v2\/product"}],"about":[{"href":"https:\/\/bestathomeespressomachine.com\/de\/wp-json\/wp\/v2\/types\/product"}],"replies":[{"embeddable":true,"href":"https:\/\/bestathomeespressomachine.com\/de\/wp-json\/wp\/v2\/comments?post=21841"}],"version-history":[{"count":4,"href":"https:\/\/bestathomeespressomachine.com\/de\/wp-json\/wp\/v2\/product\/21841\/revisions"}],"predecessor-version":[{"id":22311,"href":"https:\/\/bestathomeespressomachine.com\/de\/wp-json\/wp\/v2\/product\/21841\/revisions\/22311"}],"wp:featuredmedia":[{"embeddable":true,"href":"https:\/\/bestathomeespressomachine.com\/de\/wp-json\/wp\/v2\/media\/21843"}],"wp:attachment":[{"href":"https:\/\/bestathomeespressomachine.com\/de\/wp-json\/wp\/v2\/media?parent=21841"}],"wp:term":[{"taxonomy":"product_cat","embeddable":true,"href":"https:\/\/bestathomeespressomachine.com\/de\/wp-json\/wp\/v2\/product_cat?post=21841"},{"taxonomy":"product_tag","embeddable":true,"href":"https:\/\/bestathomeespressomachine.com\/de\/wp-json\/wp\/v2\/product_tag?post=21841"}],"curies":[{"name":"wp","href":"https:\/\/api.w.org\/{rel}","templated":true}]}}