{"id":20882,"date":"2024-12-29T18:32:27","date_gmt":"2024-12-29T18:32:27","guid":{"rendered":"https:\/\/bestathomeespressomachine.com\/?post_type=product&#038;p=20882"},"modified":"2025-04-30T03:20:42","modified_gmt":"2025-04-30T03:20:42","slug":"philips-5400-series-ep5447-90-lattego-chrome-3-year-warranty","status":"publish","type":"product","link":"https:\/\/bestathomeespressomachine.com\/fr\/product\/philips-5400-series-ep5447-90-lattego-chrome-3-year-warranty\/","title":{"rendered":"PHILIPS S\u00e9rie 5400 EP5447\/90 LatteGo \u2013 Chrome \u2013 Garantie 3 ans"},"content":{"rendered":"<h3 class=\"\" data-start=\"0\" data-end=\"80\"><strong data-start=\"4\" data-end=\"80\">Achetez la machine \u00e0 caf\u00e9 automatique Philips LatteGo \u00e0 vendre\u00a0: Philips EP5447\/90<\/strong><\/h3>\n<p class=\"\" data-start=\"82\" data-end=\"528\">\u00c0 la recherche d&#039;un <strong data-start=\"96\" data-end=\"124\">Philips LatteGo \u00e0 vendre<\/strong>? Le <strong data-start=\"130\" data-end=\"159\">Philips LatteGo EP5447\/90<\/strong> Le choix id\u00e9al pour les amateurs de caf\u00e9 qui appr\u00e9cient un design moderne et des exp\u00e9riences caf\u00e9 exceptionnelles. Ce moulin \u00e0 expresso allie fonctionnalit\u00e9 et \u00e9l\u00e9gance, proposant 12 boissons diff\u00e9rentes sur simple pression d&#039;un bouton. Que vous ayez envie d&#039;un expresso riche ou d&#039;un latte macchiato mousseux, le Philips LatteGo garantit une pr\u00e9paration parfaite de chaque tasse.<\/p>\n<h2 class=\"\" data-start=\"530\" data-end=\"592\"><strong data-start=\"533\" data-end=\"592\">Design chrom\u00e9 moderne avec de grands conteneurs pour l&#039;autonomie<\/strong><\/h2>\n<p class=\"\" data-start=\"594\" data-end=\"852\">Le <strong data-start=\"598\" data-end=\"622\">Philips <a href=\"https:\/\/bestathomeespressomachine.com\/fr\/product\/buy-the-philips-5400-lattego-super-automatic-espresso-machine\/\">LatteGo<\/a> 5400<\/strong> Dot\u00e9e d&#039;un design chrom\u00e9 \u00e9l\u00e9gant et moderne, elle ajoute une touche de sophistication \u00e0 toute cuisine. Compacte et puissante, cette machine \u00e0 caf\u00e9 \u00e0 grains dispose de r\u00e9servoirs de grande capacit\u00e9, vous \u00e9vitant ainsi de les remplir fr\u00e9quemment.<\/p>\n<h3 class=\"\" data-start=\"854\" data-end=\"891\"><strong data-start=\"858\" data-end=\"891\">Capacit\u00e9s g\u00e9n\u00e9reuses des conteneurs<\/strong><\/h3>\n<ul data-start=\"893\" data-end=\"1072\">\n<li class=\"\" data-start=\"893\" data-end=\"939\">\n<p class=\"\" data-start=\"895\" data-end=\"939\"><strong data-start=\"895\" data-end=\"914\">Bac \u00e0 eau de 1,8 L<\/strong> pour un approvisionnement en eau optimal<\/p>\n<\/li>\n<li class=\"\" data-start=\"940\" data-end=\"1024\">\n<p class=\"\" data-start=\"942\" data-end=\"1024\"><strong data-start=\"942\" data-end=\"965\">Conteneur de haricots de 275 g<\/strong> avec un joint pour pr\u00e9server la fra\u00eecheur de vos grains de caf\u00e9<\/p>\n<\/li>\n<li class=\"\" data-start=\"1025\" data-end=\"1072\">\n<p class=\"\" data-start=\"1027\" data-end=\"1072\"><strong data-start=\"1027\" data-end=\"1056\">Conteneur de 12 rondelles pour le marc<\/strong> pour plus de commodit\u00e9<\/p>\n<\/li>\n<\/ul>\n<p class=\"\" data-start=\"1074\" data-end=\"1206\">Les finitions haut de gamme et le chauffe-tasses passif chrom\u00e9 rendent cette machine non seulement pratique mais \u00e9galement un ajout \u00e9l\u00e9gant \u00e0 votre cuisine.<\/p>\n<h2 class=\"\" data-start=\"1208\" data-end=\"1261\"><strong data-start=\"1211\" data-end=\"1261\">Panneau de contr\u00f4le intuitif pour une personnalisation facile<\/strong><\/h2>\n<p class=\"\" data-start=\"1263\" data-end=\"1696\">Le Philips LatteGo \u00e0 vendre<strong data-start=\"1267\" data-end=\"1296\">\u00a0EP5447\/90<\/strong> dispose d&#039;un panneau de commande convivial avec un \u00e9cran TFT haute r\u00e9solution et des ic\u00f4nes r\u00e9tro\u00e9clair\u00e9es, ce qui facilite la s\u00e9lection <strong data-start=\"1417\" data-end=\"1440\">12 boissons diff\u00e9rentes<\/strong>. L&#039;interface tactile de grande taille permet une navigation fluide entre les options. De plus, vous pouvez \u00e9conomiser jusqu&#039;\u00e0 <strong data-start=\"1547\" data-end=\"1579\">4 profils utilisateurs personnalis\u00e9s<\/strong>, afin que chaque membre de la famille puisse profiter de ses boissons au caf\u00e9 pr\u00e9f\u00e9r\u00e9es sans avoir \u00e0 ajuster les r\u00e9glages \u00e0 chaque fois.<\/p>\n<h3 class=\"\" data-start=\"1698\" data-end=\"1739\"><strong data-start=\"1702\" data-end=\"1739\">Ic\u00f4nes r\u00e9tro\u00e9clair\u00e9es pour une navigation facile<\/strong><\/h3>\n<p class=\"\" data-start=\"1741\" data-end=\"1844\">Les LED r\u00e9tro\u00e9clair\u00e9es vous guident \u00e9galement dans le positionnement de vos tasses, ajoutant une touche moderne \u00e0 votre exp\u00e9rience de brassage.<\/p>\n<h2 class=\"\" data-start=\"1846\" data-end=\"1891\"><strong data-start=\"1849\" data-end=\"1891\">12 vari\u00e9t\u00e9s de boissons pour tous les go\u00fbts<\/strong><\/h2>\n<p class=\"\" data-start=\"1893\" data-end=\"1996\">Le moulin \u00e0 expresso Philips LatteGo for Sale propose une large s\u00e9lection de boissons pour satisfaire tous les go\u00fbts :<\/p>\n<h3 class=\"\" data-start=\"1998\" data-end=\"2028\"><strong data-start=\"2002\" data-end=\"2028\">Grande vari\u00e9t\u00e9 de boissons<\/strong><\/h3>\n<ul data-start=\"2030\" data-end=\"2139\">\n<li class=\"\" data-start=\"2030\" data-end=\"2044\">\n<p class=\"\" data-start=\"2032\" data-end=\"2044\"><a href=\"https:\/\/bestathomeespressomachine.com\/fr\/product\/buy-philips-aqua-cleaning-and-water-filters-online\/\"><strong data-start=\"2032\" data-end=\"2044\">Espresso<\/strong><\/a><\/p>\n<\/li>\n<li class=\"\" data-start=\"2045\" data-end=\"2066\">\n<p class=\"\" data-start=\"2047\" data-end=\"2066\"><strong data-start=\"2047\" data-end=\"2066\">Latt\u00e9<\/strong><\/p>\n<\/li>\n<li class=\"\" data-start=\"2067\" data-end=\"2083\">\n<p class=\"\" data-start=\"2069\" data-end=\"2083\"><a href=\"https:\/\/bestathomeespressomachine.com\/fr\/product\/philips-3300-lattego-super-automatic-coffee-machine-for-sale\/\"><strong data-start=\"2069\" data-end=\"2083\">Cappuccino<\/strong><\/a><\/p>\n<\/li>\n<li class=\"\" data-start=\"2084\" data-end=\"2099\">\n<p class=\"\" data-start=\"2086\" data-end=\"2099\"><strong data-start=\"2086\" data-end=\"2099\">Am\u00e9ricain<\/strong><\/p>\n<\/li>\n<li class=\"\" data-start=\"2100\" data-end=\"2123\">\n<p class=\"\" data-start=\"2102\" data-end=\"2123\"><strong data-start=\"2102\" data-end=\"2123\">Eau chaude pour le th\u00e9<\/strong><\/p>\n<\/li>\n<li class=\"\" data-start=\"2124\" data-end=\"2139\">\n<p class=\"\" data-start=\"2126\" data-end=\"2139\"><strong data-start=\"2126\" data-end=\"2139\">Et plus encore !<\/strong><\/p>\n<\/li>\n<\/ul>\n<p class=\"\" data-start=\"2141\" data-end=\"2484\">Avec le <strong data-start=\"2150\" data-end=\"2164\">Coup suppl\u00e9mentaire<\/strong> option, vous pouvez rendre votre caf\u00e9 plus fort et plus riche que jamais. <strong data-start=\"2233\" data-end=\"2251\">Syst\u00e8me LatteGo<\/strong> vous assure d&#039;obtenir un lait cr\u00e9meux et mousseux pour des boissons au caf\u00e9 parfaites \u00e0 chaque fois. <strong data-start=\"2334\" data-end=\"2359\">Mini \u00e9galiseur \u00e0 caf\u00e9<\/strong> vous permet d&#039;ajuster facilement l&#039;intensit\u00e9 et le volume de vos boissons, vous donnant un contr\u00f4le total sur votre exp\u00e9rience de caf\u00e9.<\/p>\n<h2 class=\"\" data-start=\"2486\" data-end=\"2540\"><strong data-start=\"2489\" data-end=\"2540\">Maintenance simplifi\u00e9e avec la cartouche Aquaclean<\/strong><\/h2>\n<p class=\"\" data-start=\"2542\" data-end=\"2631\">Conserver le Philips LatteGo \u00e0 vendre<strong data-start=\"2554\" data-end=\"2583\">\u00a0EP5447\/90<\/strong> en parfait \u00e9tat est simple et direct :<\/p>\n<h3 class=\"\" data-start=\"2633\" data-end=\"2667\"><strong data-start=\"2637\" data-end=\"2667\">Facile \u00e0 nettoyer et \u00e0 entretenir<\/strong><\/h3>\n<ul data-start=\"2669\" data-end=\"3016\" data-is-last-node=\"\" data-is-only-node=\"\">\n<li class=\"\" data-start=\"2669\" data-end=\"2750\">\n<p class=\"\" data-start=\"2671\" data-end=\"2750\">Le <strong data-start=\"2675\" data-end=\"2691\">groupe de caf\u00e9<\/strong> est amovible pour un nettoyage hebdomadaire facile \u00e0 l&#039;eau ti\u00e8de.<\/p>\n<\/li>\n<li class=\"\" data-start=\"2751\" data-end=\"2851\">\n<p class=\"\" data-start=\"2753\" data-end=\"2851\">Utiliser <strong data-start=\"2757\" data-end=\"2778\">tablettes de d\u00e9tergent<\/strong> pour un nettoyage mensuel afin de garantir que la machine reste dans un \u00e9tat optimal.<\/p>\n<\/li>\n<li class=\"\" data-start=\"2852\" data-end=\"3016\">\n<p class=\"\" data-start=\"2854\" data-end=\"3016\">Le <strong data-start=\"2858\" data-end=\"2888\">Cartouche filtrante AquaClean<\/strong> filtre plus de particules de calcaire que les filtres traditionnels, vous permettant de d\u00e9tartrer la machine seulement toutes les <strong data-start=\"2999\" data-end=\"3015\">5 000 cycles<\/strong>.<\/p>\n<\/li>\n<\/ul>\n<h2 data-start=\"0\" data-end=\"41\"><strong data-start=\"4\" data-end=\"41\">Foire aux questions (FAQ)<\/strong><\/h2>\n<h3 data-start=\"43\" data-end=\"107\"><strong data-start=\"48\" data-end=\"107\">Q\u00a0: O\u00f9 puis-je acheter le Philips LatteGo en vente en ligne\u00a0?<\/strong><\/h3>\n<p class=\"\" data-start=\"108\" data-end=\"302\">R : Vous pouvez acheter le <strong data-start=\"132\" data-end=\"161\">Philips LatteGo EP5447\/90<\/strong> depuis <strong data-start=\"167\" data-end=\"194\">EspressoMachineSale.com<\/strong>, un d\u00e9taillant en ligne autoris\u00e9 offrant des prix comp\u00e9titifs, une livraison gratuite et un excellent support client.<\/p>\n<h3 data-start=\"304\" data-end=\"362\"><strong data-start=\"309\" data-end=\"362\">Q\u00a0: Le Philips LatteGo est-il livr\u00e9 avec une garantie\u00a0?<\/strong><\/h3>\n<p class=\"\" data-start=\"363\" data-end=\"546\">A : Oui, le <strong data-start=\"375\" data-end=\"404\">Philips LatteGo EP5447\/90<\/strong> est livr\u00e9 avec un <strong data-start=\"418\" data-end=\"450\">Garantie constructeur de 2 ans<\/strong>, plus <strong data-start=\"457\" data-end=\"473\">1 an suppl\u00e9mentaire<\/strong> Propos\u00e9 par MaxiCoffee, il b\u00e9n\u00e9ficie d&#039;une garantie de 3 ans pour votre tranquillit\u00e9 d&#039;esprit.<\/p>\n<h3 data-start=\"548\" data-end=\"613\"><strong data-start=\"553\" data-end=\"613\">Q\u00a0: Comment personnaliser les boissons sur le Philips LatteGo\u00a0?<\/strong><\/h3>\n<p class=\"\" data-start=\"614\" data-end=\"907\">A : Le <strong data-start=\"621\" data-end=\"650\">Philips LatteGo EP5447\/90<\/strong> Dot\u00e9 d&#039;un panneau de commande intuitif avec \u00e9cran tactile TFT haute r\u00e9solution, il vous permet de choisir facilement <strong data-start=\"754\" data-end=\"776\">12 vari\u00e9t\u00e9s de boissons<\/strong> et personnaliser les param\u00e8tres comme <strong data-start=\"807\" data-end=\"826\">intensit\u00e9 de la boisson<\/strong> et <strong data-start=\"831\" data-end=\"841\">volume<\/strong>. De plus, vous pouvez \u00e9conomiser jusqu&#039;\u00e0 <strong data-start=\"868\" data-end=\"887\">4 profils d&#039;utilisateurs<\/strong> pour les membres de la famille.<\/p>\n<h3 data-start=\"909\" data-end=\"977\"><strong data-start=\"914\" data-end=\"977\">Q\u00a0: Quel est le processus d\u2019entretien du Philips LatteGo\u00a0?<\/strong><\/h3>\n<p class=\"\" data-start=\"978\" data-end=\"1221\">A : L&#039;entretien est simple avec le <strong data-start=\"1012\" data-end=\"1031\">Philips LatteGo<\/strong>. Le <strong data-start=\"1037\" data-end=\"1053\">groupe de caf\u00e9<\/strong> est amovible pour un nettoyage facile, et la machine utilise <strong data-start=\"1107\" data-end=\"1120\">Aquaclean<\/strong> Cartouches filtrantes pour minimiser le d\u00e9tartrage. Vous recevrez \u00e9galement des instructions d&#039;entretien si n\u00e9cessaire.<\/p>","protected":false},"excerpt":{"rendered":"<ul>\n<li><strong>Chrome<\/strong>\u00a0devant<\/li>\n<li>12 vari\u00e9t\u00e9s de boissons<\/li>\n<li><strong>Syst\u00e8me LatteGo<\/strong><\/li>\n<li>Panneau de commande tactile + \u00e9cran<\/li>\n<\/ul>","protected":false},"featured_media":20910,"comment_status":"open","ping_status":"closed","template":"","meta":[],"product_cat":[49],"product_tag":[],"class_list":{"0":"post-20882","1":"product","2":"type-product","3":"status-publish","4":"has-post-thumbnail","6":"product_cat-philips-espresso-machines","8":"first","9":"instock","10":"shipping-taxable","11":"purchasable","12":"product-type-simple","13":"col-xs-6 col-sm-4","14":"col-md-3 col-lg-3","15":"un-4-cols"},"jetpack_sharing_enabled":true,"_links":{"self":[{"href":"https:\/\/bestathomeespressomachine.com\/fr\/wp-json\/wp\/v2\/product\/20882","targetHints":{"allow":["GET"]}}],"collection":[{"href":"https:\/\/bestathomeespressomachine.com\/fr\/wp-json\/wp\/v2\/product"}],"about":[{"href":"https:\/\/bestathomeespressomachine.com\/fr\/wp-json\/wp\/v2\/types\/product"}],"replies":[{"embeddable":true,"href":"https:\/\/bestathomeespressomachine.com\/fr\/wp-json\/wp\/v2\/comments?post=20882"}],"version-history":[{"count":4,"href":"https:\/\/bestathomeespressomachine.com\/fr\/wp-json\/wp\/v2\/product\/20882\/revisions"}],"predecessor-version":[{"id":22403,"href":"https:\/\/bestathomeespressomachine.com\/fr\/wp-json\/wp\/v2\/product\/20882\/revisions\/22403"}],"wp:featuredmedia":[{"embeddable":true,"href":"https:\/\/bestathomeespressomachine.com\/fr\/wp-json\/wp\/v2\/media\/20910"}],"wp:attachment":[{"href":"https:\/\/bestathomeespressomachine.com\/fr\/wp-json\/wp\/v2\/media?parent=20882"}],"wp:term":[{"taxonomy":"product_cat","embeddable":true,"href":"https:\/\/bestathomeespressomachine.com\/fr\/wp-json\/wp\/v2\/product_cat?post=20882"},{"taxonomy":"product_tag","embeddable":true,"href":"https:\/\/bestathomeespressomachine.com\/fr\/wp-json\/wp\/v2\/product_tag?post=20882"}],"curies":[{"name":"wp","href":"https:\/\/api.w.org\/{rel}","templated":true}]}}