{"id":20883,"date":"2024-12-29T18:32:27","date_gmt":"2024-12-29T18:32:27","guid":{"rendered":"https:\/\/bestathomeespressomachine.com\/?post_type=product&#038;p=20883"},"modified":"2025-04-30T03:02:39","modified_gmt":"2025-04-30T03:02:39","slug":"delonghi-magnifica-start-for-sale-with-3-year-warranty","status":"publish","type":"product","link":"https:\/\/bestathomeespressomachine.com\/fr\/product\/delonghi-magnifica-start-for-sale-with-3-year-warranty\/","title":{"rendered":"DELONGHI Magnifica Start FEB 2231.SB Garantie 3 ans"},"content":{"rendered":"<div class=\"col-sm-12 col-xs-12 margin-b-21\">\n<div class=\"col-sm-8 col-xs-12\">\n<h2 class=\"\" data-start=\"85\" data-end=\"164\"><strong data-start=\"88\" data-end=\"164\">DeLonghi Magnifica, disponible d\u00e8s le 22 f\u00e9vrier 2031. SB \u2013 Machine \u00e0 caf\u00e9 automatique \u00e0 vendre<\/strong><\/h2>\n<p class=\"\" data-start=\"166\" data-end=\"572\">Vous cherchez \u00e0 acheter le <strong data-start=\"203\" data-end=\"234\">DeLonghi Magnifica \u00e0 vendre<\/strong>? Le <strong data-start=\"240\" data-end=\"280\">DeLonghi Magnifica D\u00e9but F\u00c9VRIER 2231. SB<\/strong> C&#039;est un excellent choix pour les amateurs de caf\u00e9 qui appr\u00e9cient un design moderne, une utilisation simple et une qualit\u00e9 irr\u00e9prochable. Cette machine \u00e0 caf\u00e9 \u00e0 grains est con\u00e7ue pour sublimer votre exp\u00e9rience caf\u00e9 gr\u00e2ce \u00e0 son design compact, ses fonctionnalit\u00e9s performantes et ses commandes intuitives. Que vous pr\u00e9f\u00e9riez un expresso cors\u00e9, un cappuccino onctueux ou une simple infusion d&#039;eau chaude, la <strong data-start=\"622\" data-end=\"650\">DeLonghi Magnifica Start<\/strong> vous couvre.<\/p>\n<h2 data-start=\"574\" data-end=\"634\"><strong data-start=\"578\" data-end=\"634\">Pourquoi choisir le DeLonghi Magnifica Start FEB 2231.SB ?<\/strong><\/h2>\n<p class=\"\" data-start=\"636\" data-end=\"811\">Le <strong data-start=\"640\" data-end=\"680\">DeLonghi Magnifica D\u00e9but F\u00c9VRIER 2231. SB<\/strong> Offre un excellent rapport qualit\u00e9-prix, alliant performances puissantes et design \u00e9l\u00e9gant et compact. Voici pourquoi vous devriez le choisir\u00a0:<\/p>\n<ul data-start=\"813\" data-end=\"1599\">\n<li class=\"\" data-start=\"813\" data-end=\"1034\">\n<p class=\"\" data-start=\"815\" data-end=\"1034\"><strong data-start=\"815\" data-end=\"848\">Conception compacte et pratique :<\/strong> Avec un <strong data-start=\"856\" data-end=\"875\">R\u00e9servoir d&#039;eau de 1,8 L<\/strong>, <strong data-start=\"877\" data-end=\"897\">tr\u00e9mie \u00e0 haricots de 250 g<\/strong>, et <strong data-start=\"903\" data-end=\"932\">Conteneur de 14 rondelles pour terrain<\/strong>, the <strong data-start=\"203\" data-end=\"234\">DeLonghi Magnifica \u00e0 vendre<\/strong>\u00a0est id\u00e9al pour ceux qui recherchent des performances \u00e9lev\u00e9es dans un encombrement r\u00e9duit.<\/p>\n<\/li>\n<li class=\"\" data-start=\"1035\" data-end=\"1238\">\n<p class=\"\" data-start=\"1037\" data-end=\"1238\"><strong data-start=\"1037\" data-end=\"1073\">Interface tactile intuitive :<\/strong> L&#039;interface tactile facile \u00e0 utiliser vous permet de personnaliser les boissons, d&#039;ajuster l&#039;intensit\u00e9 et la temp\u00e9rature et de choisir la taille des tasses, rendant chaque tasse de caf\u00e9 unique \u00e0 votre go\u00fbt.<\/p>\n<\/li>\n<li class=\"\" data-start=\"1239\" data-end=\"1413\">\n<p class=\"\" data-start=\"1241\" data-end=\"1413\"><strong data-start=\"1241\" data-end=\"1271\">Meuleuse en acier \u00e0 13 positions :<\/strong> Le <strong data-start=\"203\" data-end=\"234\">Caract\u00e9ristiques de la DeLonghi Magnifica \u00e0 vendre<\/strong>\u00a0un moulin en acier de haute qualit\u00e9 avec 13 r\u00e9glages, pour que vous puissiez affiner la mouture pour diff\u00e9rents types de caf\u00e9.<\/p>\n<\/li>\n<li class=\"\" data-start=\"1414\" data-end=\"1596\">\n<p class=\"\" data-start=\"1416\" data-end=\"1596\"><strong data-start=\"1416\" data-end=\"1441\">Option caf\u00e9 moulu :<\/strong> Le <strong data-start=\"1446\" data-end=\"1477\">Magnifique d\u00e9part le 22 f\u00e9vrier 2031. SB<\/strong> vous permet \u00e9galement d&#039;utiliser du caf\u00e9 moulu, id\u00e9al lorsque vous souhaitez un caf\u00e9 d\u00e9caf\u00e9in\u00e9 ou utiliser votre propre m\u00e9lange de caf\u00e9 pr\u00e9f\u00e9r\u00e9.<\/p>\n<\/li>\n<\/ul>\n<h2 data-start=\"1600\" data-end=\"1664\"><strong data-start=\"1604\" data-end=\"1664\">Principales caract\u00e9ristiques du DeLonghi Magnifica Start FEB 2231.SB<\/strong><\/h2>\n<ol data-start=\"1666\" data-end=\"3475\">\n<li class=\"\" data-start=\"1666\" data-end=\"2031\">\n<p class=\"\" data-start=\"1669\" data-end=\"1809\"><strong data-start=\"1669\" data-end=\"1707\">Conception compacte avec grande capacit\u00e9<\/strong> Le <strong data-start=\"1715\" data-end=\"1755\">DeLonghi Magnifica D\u00e9but F\u00c9VRIER 2231. SB<\/strong> combine une taille compacte avec des conteneurs de grande capacit\u00e9.<\/p>\n<ul data-start=\"1813\" data-end=\"2031\">\n<li class=\"\" data-start=\"1813\" data-end=\"1891\">\n<p class=\"\" data-start=\"1815\" data-end=\"1891\"><strong data-start=\"1815\" data-end=\"1834\">R\u00e9servoir d&#039;eau de 1,8 L<\/strong>\u00a0accessible par l&#039;avant pour un remplissage et un nettoyage faciles.<\/p>\n<\/li>\n<li class=\"\" data-start=\"1895\" data-end=\"1957\">\n<p class=\"\" data-start=\"1897\" data-end=\"1957\"><strong data-start=\"1897\" data-end=\"1917\">250 g de tr\u00e9mie \u00e0 haricots<\/strong> avec un couvercle opaque pour garder les haricots frais.<\/p>\n<\/li>\n<li class=\"\" data-start=\"1961\" data-end=\"2031\">\n<p class=\"\" data-start=\"1963\" data-end=\"2031\"><strong data-start=\"1963\" data-end=\"1992\">Conteneur de 14 rondelles pour terrain<\/strong> qui est facilement accessible depuis l&#039;avant.<\/p>\n<\/li>\n<\/ul>\n<\/li>\n<li class=\"\" data-start=\"2033\" data-end=\"2554\">\n<p class=\"\" data-start=\"2036\" data-end=\"2141\"><strong data-start=\"2036\" data-end=\"2077\">4 boissons sp\u00e9ciales \u00e0 port\u00e9e de main<\/strong> Profitez d&#039;une vari\u00e9t\u00e9 d&#039;options de caf\u00e9 directement depuis la machine :<\/p>\n<ul data-start=\"2145\" data-end=\"2554\">\n<li class=\"\" data-start=\"2145\" data-end=\"2218\">\n<p class=\"\" data-start=\"2147\" data-end=\"2218\"><strong data-start=\"2147\" data-end=\"2160\">Espresso:<\/strong> Espresso riche et cors\u00e9 pr\u00e9par\u00e9 \u00e0 partir de vos grains pr\u00e9f\u00e9r\u00e9s.<\/p>\n<\/li>\n<li class=\"\" data-start=\"2222\" data-end=\"2314\">\n<p class=\"\" data-start=\"2224\" data-end=\"2314\"><strong data-start=\"2224\" data-end=\"2237\">Double + :<\/strong> Un vin plus fort et plus aromatique <a href=\"https:\/\/bestathomeespressomachine.com\/fr\/product\/buy-philips-1200-series-classic-milk-frother-super-automatic-espresso\/\">espresso<\/a>, parfait pour ceux qui aiment les saveurs audacieuses.<\/p>\n<\/li>\n<li class=\"\" data-start=\"2318\" data-end=\"2405\">\n<p class=\"\" data-start=\"2320\" data-end=\"2405\"><strong data-start=\"2320\" data-end=\"2344\">Caf\u00e9 long classique :<\/strong> Un caf\u00e9 long r\u00e9gulier avec une cr\u00e8me d\u00e9licate et une saveur douce.<\/p>\n<\/li>\n<li class=\"\" data-start=\"2409\" data-end=\"2554\">\n<p class=\"\" data-start=\"2411\" data-end=\"2554\"><strong data-start=\"2411\" data-end=\"2427\">Caf\u00e9 long :<\/strong> Extraite \u00e0 basse pression, cette boisson est proche du caf\u00e9 filtre, id\u00e9ale pour ceux qui pr\u00e9f\u00e8rent un go\u00fbt plus doux avec plus de caf\u00e9ine.<\/p>\n<\/li>\n<\/ul>\n<\/li>\n<li class=\"\" data-start=\"2556\" data-end=\"2810\">\n<p class=\"\" data-start=\"2559\" data-end=\"2810\"><strong data-start=\"2559\" data-end=\"2596\">Options de mousse de lait et d&#039;eau chaude<\/strong> Le <strong data-start=\"2604\" data-end=\"2632\">DeLonghi Magnifica Start<\/strong> comprend un <strong data-start=\"2644\" data-end=\"2658\">lance \u00e0 vapeur<\/strong> Permet de faire mousser le lait pour les cappuccinos, les lattes et autres boissons \u00e0 base de lait. Vous pouvez \u00e9galement utiliser la buse pour chauffer l&#039;eau, id\u00e9ale pour pr\u00e9parer th\u00e9s et infusions.<\/p>\n<\/li>\n<li class=\"\" data-start=\"2812\" data-end=\"3072\">\n<p class=\"\" data-start=\"2815\" data-end=\"3072\"><strong data-start=\"2815\" data-end=\"2874\">Intensit\u00e9, temp\u00e9rature et taille de tasse du caf\u00e9 personnalisables<\/strong> Personnalisez votre caf\u00e9 \u00e0 la perfection gr\u00e2ce aux r\u00e9glages d&#039;intensit\u00e9 (3 niveaux), de temp\u00e9rature et de taille de tasse. Vous pouvez m\u00eame choisir le nombre de tasses \u00e0 pr\u00e9parer simultan\u00e9ment, pour un caf\u00e9 qui correspond \u00e0 votre humeur.<\/p>\n<\/li>\n<li class=\"\" data-start=\"3074\" data-end=\"3475\">\n<p class=\"\" data-start=\"3077\" data-end=\"3194\"><strong data-start=\"3077\" data-end=\"3097\">Entretien facile<\/strong> Garder votre <strong data-start=\"3114\" data-end=\"3142\">DeLonghi Magnifica Start<\/strong> en pleine forme est simple avec les caract\u00e9ristiques suivantes :<\/p>\n<ul data-start=\"3198\" data-end=\"3475\">\n<li class=\"\" data-start=\"3198\" data-end=\"3283\">\n<p class=\"\" data-start=\"3200\" data-end=\"3283\"><strong data-start=\"3200\" data-end=\"3226\">Cartouche filtrante \u00e0 eau<\/strong>:Maintient votre eau neutre et r\u00e9duit l&#039;accumulation de calcaire.<\/p>\n<\/li>\n<li class=\"\" data-start=\"3287\" data-end=\"3353\">\n<p class=\"\" data-start=\"3289\" data-end=\"3353\"><strong data-start=\"3289\" data-end=\"3316\">Groupe d&#039;infusion amovible<\/strong>: Facilement amovible pour un rin\u00e7age r\u00e9gulier.<\/p>\n<\/li>\n<li class=\"\" data-start=\"3357\" data-end=\"3475\">\n<p class=\"\" data-start=\"3359\" data-end=\"3475\"><strong data-start=\"3359\" data-end=\"3379\">Alertes de d\u00e9tartrage<\/strong>:La machine vous avertira lorsqu&#039;il sera temps de d\u00e9tartrer, garantissant ainsi des performances et un go\u00fbt optimaux.<\/p>\n<\/li>\n<\/ul>\n<\/li>\n<\/ol>\n<h2 data-start=\"3477\" data-end=\"3542\"><strong data-start=\"3481\" data-end=\"3542\">Avis clients sur la machine \u00e0 caf\u00e9 DeLonghi Magnifica Start FEB 2231. SB<\/strong><\/h2>\n<p class=\"\" data-start=\"3544\" data-end=\"3758\">\u2b50\u2b50\u2b50\u2b50\u2b50 \u2013 <em data-start=\"3552\" data-end=\"3758\">\u00ab J&#039;adore absolument mon <a href=\"https:\/\/bestathomeespressomachine.com\/fr\/product\/buy-delonghi-magnifica-start-automatic-espresso-machine-online\/\"><strong data-start=\"3575\" data-end=\"3603\">DeLonghi Magnifica Start<\/strong><\/a>\u00ab Le caf\u00e9 est d\u00e9licieux et j&#039;adore pouvoir r\u00e9gler l&#039;intensit\u00e9 et la temp\u00e9rature de mes boissons. Le mousseur \u00e0 lait est parfait pour les cappuccinos. \u00bb<\/em><\/p>\n<p class=\"\" data-start=\"3760\" data-end=\"3971\">\u2b50\u2b50\u2b50\u2b50\u2b50 \u2013 <em data-start=\"3768\" data-end=\"3971\">\u00ab Cette machine \u00e0 caf\u00e9 est de taille id\u00e9ale pour ma cuisine, et la vari\u00e9t\u00e9 de boissons est fantastique. J&#039;appr\u00e9cie particuli\u00e8rement la <b>Double+ pour<\/b>\u00a0Un petit coup de fouet le matin. Super facile \u00e0 utiliser et \u00e0 entretenir.<\/em><\/p>\n<p class=\"\" data-start=\"3973\" data-end=\"4156\">\u2b50\u2b50\u2b50\u2b50\u2b50 \u2013 <em data-start=\"3981\" data-end=\"4156\">&#034;Le <strong data-start=\"3987\" data-end=\"4015\">DeLonghi Magnifica Start<\/strong> fait le meilleur expresso que j&#039;ai jamais bu \u00e0 la maison. <strong data-start=\"4067\" data-end=\"4081\">lance \u00e0 vapeur<\/strong> est facile \u00e0 utiliser pour faire mousser le lait, et la machine est tr\u00e8s conviviale.<\/em><\/p>\n<h2 data-start=\"4158\" data-end=\"4213\"><strong data-start=\"4162\" data-end=\"4213\">FAQ sur DeLonghi Magnifica D\u00e9but f\u00e9vrier 2231. SB<\/strong><\/h2>\n<p class=\"\" data-start=\"4215\" data-end=\"4490\"><strong data-start=\"4215\" data-end=\"4295\">Q\u00a0: Quelles boissons puis-je pr\u00e9parer avec le DeLonghi Magnifica Start FEB 2231.SB\u00a0?<\/strong><br data-start=\"4295\" data-end=\"4298\" \/>R : La machine propose quatre boissons : expresso, doppio + (expresso cors\u00e9), caf\u00e9 allong\u00e9 classique et caf\u00e9 allong\u00e9. Elle comprend \u00e9galement un <strong data-start=\"4425\" data-end=\"4439\">lance \u00e0 vapeur<\/strong> pour les boissons \u00e0 base de lait comme les cappuccinos et les lattes.<\/p>\n<p class=\"\" data-start=\"4492\" data-end=\"4722\"><strong data-start=\"4492\" data-end=\"4559\">Q\u00a0: Comment nettoyer le DeLonghi Magnifica Start FEB 2231.SB\u00a0?<\/strong><br data-start=\"4559\" data-end=\"4562\" \/>R : Le nettoyage est facile ! Il suffit de rincer <strong data-start=\"4600\" data-end=\"4617\">infuser group<\/strong> hebdomadaire, utilisez un <strong data-start=\"4632\" data-end=\"4658\">cartouche filtrante \u00e0 eau<\/strong> dans le r\u00e9servoir d&#039;eau et suivez les instructions de d\u00e9tartrage si n\u00e9cessaire.<\/p>\n<p class=\"\" data-start=\"4724\" data-end=\"4907\"><strong data-start=\"4724\" data-end=\"4764\">Q : Puis-je r\u00e9gler l\u2019intensit\u00e9 du caf\u00e9 ?<\/strong><br data-start=\"4764\" data-end=\"4767\" \/>R : Oui, vous pouvez r\u00e9gler l&#039;intensit\u00e9 du caf\u00e9 sur 3 niveaux, ainsi que la temp\u00e9rature et le nombre de tasses pour une exp\u00e9rience enti\u00e8rement personnalisable.<\/p>\n<p class=\"\" data-start=\"4909\" data-end=\"5084\"><strong data-start=\"4909\" data-end=\"4961\">Q : La machine est-elle compatible avec le caf\u00e9 moulu ?<\/strong><br data-start=\"4961\" data-end=\"4964\" \/>A : Oui, le <strong data-start=\"4976\" data-end=\"5016\">DeLonghi Magnifica D\u00e9but F\u00c9VRIER 2231. SB<\/strong> permet d&#039;utiliser du caf\u00e9 moulu, parfait pour le d\u00e9caf\u00e9in\u00e9 ou d&#039;autres m\u00e9langes.<\/p>\n<h2 data-start=\"5086\" data-end=\"5159\">Pourquoi acheter le DeLonghi Magnifica \u00e0 vendre ?<\/h2>\n<p class=\"\" data-start=\"2830\" data-end=\"2960\">\u2705 <strong data-start=\"2832\" data-end=\"2863\">Abordable, qualit\u00e9 sup\u00e9rieure<\/strong>: Le <strong data-start=\"2869\" data-end=\"2909\">DeLonghi Magnifica D\u00e9but F\u00c9VRIER 2231. SB<\/strong> offre des performances sup\u00e9rieures \u00e0 un prix raisonnable.<\/p>\n<p class=\"\" data-start=\"2962\" data-end=\"3059\">\u2705 <strong data-start=\"2964\" data-end=\"2989\">Interface facile \u00e0 utiliser<\/strong>: Ajustez votre caf\u00e9 selon vos pr\u00e9f\u00e9rences exactes en quelques clics simples.<\/p>\n<p class=\"\" data-start=\"3061\" data-end=\"3144\">\u2705 <strong data-start=\"3063\" data-end=\"3089\">Id\u00e9al pour les petits espaces<\/strong>:Conception compacte avec une capacit\u00e9 g\u00e9n\u00e9reuse en eau et en grains.<\/p>\n<p class=\"\" data-start=\"3146\" data-end=\"3269\">\u2705 <strong data-start=\"3148\" data-end=\"3175\">Options de boissons polyvalentes<\/strong>: Choisissez parmi une large gamme de types de caf\u00e9 et savourez des boissons \u00e0 base de lait avec la buse vapeur.<\/p>\n<p class=\"\" data-start=\"3271\" data-end=\"3385\">\u2705 <strong data-start=\"3273\" data-end=\"3293\">Entretien facile<\/strong>:Maintenez votre machine en bon \u00e9tat de fonctionnement avec un minimum d&#039;effort, garantissant des performances durables.<\/p>\n<\/div>\n<\/div>","protected":false},"excerpt":{"rendered":"<div class=\"produit-arguments\">\n<ul>\n<li>Couleur argent<\/li>\n<li>4 recettes de caf\u00e9 dont\u00a0<strong>double +<\/strong><\/li>\n<li>Buse \u00e0 vapeur simple<\/li>\n<li><strong>Interface tactile<\/strong><\/li>\n<li>La gamme de machines \u00e0 caf\u00e9 \u00e0 grains DeLonghi Magnifica Start revisite l&#039;ancienne Magnifica S. Cette version FEB 2231.SB, au design argent\u00e9 \u00e9l\u00e9gant et moderne, est tr\u00e8s facile \u00e0 utiliser gr\u00e2ce \u00e0 son grand \u00e9cran tactile. Les amateurs de caf\u00e9s allong\u00e9s seront conquis par ses 4 formules, dont le caf\u00e9 allong\u00e9 classique, un autre \u00e0 basse pression et le Doppio+. Sa buse vapeur compl\u00e8te parfaitement ce moulin \u00e0 expresso pour la pr\u00e9paration de boissons lact\u00e9es.<br \/>\nEt toujours avec notre offre cadeau exclusive Maxicoffee comprenant tout le n\u00e9cessaire pour d\u00e9marrer sereinement (guide, verres, caf\u00e9, etc.). Profitez de la livraison Chronopost offerte et d&#039;une garantie de 3 ans.<\/li>\n<\/ul>\n<\/div>\n<div>\n<div class=\"produit-reassurance punisher grid\">\n<div class=\"content-punisher left\"><\/div>\n<\/div>\n<\/div>","protected":false},"featured_media":20916,"comment_status":"open","ping_status":"closed","template":"","meta":[],"product_cat":[50],"product_tag":[],"class_list":{"0":"post-20883","1":"product","2":"type-product","3":"status-publish","4":"has-post-thumbnail","6":"product_cat-delonghi-espresso-machines","8":"first","9":"instock","10":"shipping-taxable","11":"purchasable","12":"product-type-simple","13":"col-xs-6 col-sm-4","14":"col-md-3 col-lg-3","15":"un-4-cols"},"jetpack_sharing_enabled":true,"_links":{"self":[{"href":"https:\/\/bestathomeespressomachine.com\/fr\/wp-json\/wp\/v2\/product\/20883","targetHints":{"allow":["GET"]}}],"collection":[{"href":"https:\/\/bestathomeespressomachine.com\/fr\/wp-json\/wp\/v2\/product"}],"about":[{"href":"https:\/\/bestathomeespressomachine.com\/fr\/wp-json\/wp\/v2\/types\/product"}],"replies":[{"embeddable":true,"href":"https:\/\/bestathomeespressomachine.com\/fr\/wp-json\/wp\/v2\/comments?post=20883"}],"version-history":[{"count":3,"href":"https:\/\/bestathomeespressomachine.com\/fr\/wp-json\/wp\/v2\/product\/20883\/revisions"}],"predecessor-version":[{"id":22401,"href":"https:\/\/bestathomeespressomachine.com\/fr\/wp-json\/wp\/v2\/product\/20883\/revisions\/22401"}],"wp:featuredmedia":[{"embeddable":true,"href":"https:\/\/bestathomeespressomachine.com\/fr\/wp-json\/wp\/v2\/media\/20916"}],"wp:attachment":[{"href":"https:\/\/bestathomeespressomachine.com\/fr\/wp-json\/wp\/v2\/media?parent=20883"}],"wp:term":[{"taxonomy":"product_cat","embeddable":true,"href":"https:\/\/bestathomeespressomachine.com\/fr\/wp-json\/wp\/v2\/product_cat?post=20883"},{"taxonomy":"product_tag","embeddable":true,"href":"https:\/\/bestathomeespressomachine.com\/fr\/wp-json\/wp\/v2\/product_tag?post=20883"}],"curies":[{"name":"wp","href":"https:\/\/api.w.org\/{rel}","templated":true}]}}