{"id":20886,"date":"2024-12-29T18:32:27","date_gmt":"2024-12-29T18:32:27","guid":{"rendered":"https:\/\/bestathomeespressomachine.com\/?post_type=product&#038;p=20886"},"modified":"2025-04-30T02:17:10","modified_gmt":"2025-04-30T02:17:10","slug":"jura-z10-aluminum-midnight-blue-ea-smart-connect-included-3-year-warranty","status":"publish","type":"product","link":"https:\/\/bestathomeespressomachine.com\/fr\/product\/jura-z10-aluminum-midnight-blue-ea-smart-connect-included-3-year-warranty\/","title":{"rendered":"JURA Z10 Aluminium Bleu Nuit EA Smart Connect inclus Garantie de 3 ans"},"content":{"rendered":"<section class=\"section is-heading\">\n<div class=\"section_content\">\n<div class=\"section_text\">\n<div id=\"message--NoM1V1OuY13be2uSt1i\">\n<h2 class=\"\" data-start=\"133\" data-end=\"216\"><strong data-start=\"136\" data-end=\"216\">Acheter Jura Z10 R\u00e9nov\u00e9 Bean-to-Cup &#034; d&#039;une Machine \u00e0 Caf\u00e9 en Aluminium Bleu de Minuit<\/strong><\/h2>\n<hr class=\"\" data-start=\"218\" data-end=\"221\" \/>\n<h3 class=\"\" data-start=\"223\" data-end=\"284\"><strong data-start=\"227\" data-end=\"284\">Red\u00e9couvrir le Caf\u00e9 avec le Jura Z10\u2014Maintenant remis \u00e0 neuf<\/strong><\/h3>\n<p class=\"\" data-start=\"286\" data-end=\"728\">L&#039;exp\u00e9rience de caf\u00e9 haut de gamme de l&#039;artisanat avec l&#039; <strong data-start=\"335\" data-end=\"359\">r\u00e9nov\u00e9 Jura Z10<\/strong>une avanc\u00e9e bean-to-cup machine offrant une qualit\u00e9 exceptionnelle \u00e0 un prix exclusif. Le Z10 est un moteur de l&#039;innovation, con\u00e7u pour brasser les deux sp\u00e9cialit\u00e9s chaudes et froides avec une pr\u00e9cision in\u00e9gal\u00e9e. Gr\u00e2ce \u00e0 <strong data-start=\"567\" data-end=\"605\">Technologie de Processus d&#039;Extraction \u00e0 froid<\/strong>, vous pouvez profiter rafra\u00eechissante bi\u00e8res \u00e0 c\u00f4t\u00e9 riche, aromatique espresso et de lait, boissons \u00e0 base de\u2014tout \u00e0 partir d&#039;une seule machine.<\/p>\n<p class=\"\" data-start=\"730\" data-end=\"907\">R\u00e9cemment r\u00e9nov\u00e9, cet mod\u00e8le combine des fonctionnalit\u00e9s de pointe, durable de l&#039;acheter, et certifi\u00e9 la performance, de vous donner les m\u00eames Jura excellence avec un briquet empreinte environnementale.<\/p>\n<\/div>\n<\/div>\n<\/div>\n<\/section>\n<p>&nbsp;<\/p>\n<div class=\"col-sm-12 col-xs-12 margin-b-21\">\n<div class=\"col-sm-4 col-xs-12\"><img fetchpriority=\"high\" decoding=\"async\" class=\"img-responsive alignnone\" src=\"https:\/\/www.maxicoffee.com\/fstrz\/r\/s\/cdn.maxicoffee.com\/images\/products\/normal\/jura_z10_blue_8.jpg?frz-v=165\" alt=\"Achetez Jura Z10 reconditionn\u00e9\" width=\"300\" height=\"270\" \/><\/div>\n<div class=\"col-sm-8 col-xs-12\">\n<h3 class=\"\" data-start=\"914\" data-end=\"946\"><strong data-start=\"918\" data-end=\"946\">Principales Caract\u00e9ristiques d&#039;un Coup d&#039;oeil<\/strong><\/h3>\n<ul data-start=\"947\" data-end=\"1389\">\n<li class=\"\" data-start=\"947\" data-end=\"1015\">\n<p class=\"\" data-start=\"949\" data-end=\"1015\"><strong data-start=\"949\" data-end=\"975\">Froid &amp; Chaud Extraction:<\/strong> Pr\u00e9parer \u00e0 la fois le chaud et le froid boissons de caf\u00e9<\/p>\n<\/li>\n<li class=\"\" data-start=\"1016\" data-end=\"1102\">\n<p class=\"\" data-start=\"1018\" data-end=\"1102\"><strong data-start=\"1018\" data-end=\"1044\">32 Les Sp\u00e9cialit\u00e9s De Caf\u00e9:<\/strong> Y compris espresso, cappuccino, flat white, et l&#039;infusion \u00e0 froid<\/p>\n<\/li>\n<li class=\"\" data-start=\"1103\" data-end=\"1176\">\n<p class=\"\" data-start=\"1105\" data-end=\"1176\"><strong data-start=\"1105\" data-end=\"1131\">Interface De L&#039;\u00c9cran Tactile:<\/strong> 4.3\u201d tactile de couleur d&#039;affichage avec menu intuitif<\/p>\n<\/li>\n<li class=\"\" data-start=\"1177\" data-end=\"1245\">\n<p class=\"\" data-start=\"1179\" data-end=\"1245\"><strong data-start=\"1179\" data-end=\"1200\">Lait Sp\u00e9cialit\u00e9s:<\/strong> 10 niveaux de temp\u00e9rature pour le lait et la mousse de lait<\/p>\n<\/li>\n<li class=\"\" data-start=\"1246\" data-end=\"1312\">\n<p class=\"\" data-start=\"1248\" data-end=\"1312\"><strong data-start=\"1248\" data-end=\"1267\">Design \u00c9l\u00e9gant:<\/strong> En aluminium Bleu de Minuit avec sculpt\u00e9 des accents de<\/p>\n<\/li>\n<li class=\"\" data-start=\"1313\" data-end=\"1389\">\n<p class=\"\" data-start=\"1315\" data-end=\"1389\"><strong data-start=\"1315\" data-end=\"1343\">Remis \u00c0 Neuf Et Certifi\u00e9:<\/strong> Enti\u00e8rement inspect\u00e9 et restaur\u00e9e par des professionnels<\/p>\n<\/li>\n<\/ul>\n<hr class=\"\" data-start=\"1391\" data-end=\"1394\" \/>\n<h3 class=\"\" data-start=\"1396\" data-end=\"1452\"><strong data-start=\"1400\" data-end=\"1452\">Design Sophistiqu\u00e9 R\u00e9pond Pratique Au Quotidien<\/strong><\/h3>\n<p class=\"\" data-start=\"1454\" data-end=\"1714\">Le Jura Z10 est <strong data-start=\"1469\" data-end=\"1493\">moderne corps en aluminium<\/strong> et le Bleu de Minuit terminer ajouter de l&#039;\u00e9l\u00e9gance \u00e0 n&#039;importe quelle cuisine ou au bureau. A <strong data-start=\"1560\" data-end=\"1583\">sculpt\u00e9 r\u00e9servoir d&#039;eau<\/strong> et un haut de gamme esth\u00e9tique font de cette machine un v\u00e9ritable objet de design. Malgr\u00e9 son look de luxe, le Z10 est construit pour <strong data-start=\"1694\" data-end=\"1707\">l&#039;utilisation quotidienne<\/strong>avec<\/p>\n<ul data-start=\"1715\" data-end=\"1797\">\n<li class=\"\" data-start=\"1715\" data-end=\"1737\">\n<p class=\"\" data-start=\"1717\" data-end=\"1737\"><strong data-start=\"1717\" data-end=\"1737\">2.4 L r\u00e9servoir d&#039;eau<\/strong><\/p>\n<\/li>\n<li class=\"\" data-start=\"1738\" data-end=\"1764\">\n<p class=\"\" data-start=\"1740\" data-end=\"1764\"><strong data-start=\"1740\" data-end=\"1764\">280g de r\u00e9cipient \u00e0 grains<\/strong><\/p>\n<\/li>\n<li class=\"\" data-start=\"1765\" data-end=\"1797\">\n<p class=\"\" data-start=\"1767\" data-end=\"1797\"><strong data-start=\"1767\" data-end=\"1797\">16-la rondelle de caf\u00e9 tiroir<\/strong><\/p>\n<\/li>\n<\/ul>\n<\/div>\n<\/div>\n<div class=\"col-sm-12 col-xs-12 margin-b-21\">\n<div class=\"col-sm-4 col-xs-12\"><img decoding=\"async\" class=\"img-responsive alignnone\" src=\"https:\/\/www.maxicoffee.com\/fstrz\/r\/s\/cdn.maxicoffee.com\/images\/products\/normal\/jura_z10_blue_5.jpg?frz-v=165\" alt=\"Acheter Jura Z10 R\u00e9nov\u00e9 bleu de minuit jura z10 intuitive\" width=\"300\" height=\"270\" \/><\/div>\n<div class=\"col-sm-8 col-xs-12\">\n<h3 class=\"\" data-start=\"1804\" data-end=\"1853\"><strong data-start=\"1808\" data-end=\"1853\">Un Contr\u00f4le sans effort avec une Interface Intelligente<\/strong><\/h3>\n<p class=\"\" data-start=\"1855\" data-end=\"2022\">Naviguer \u00e0 travers les 32 recettes avec le <strong data-start=\"1892\" data-end=\"1922\">large de 4,3 pouces \u00e9cran tactile<\/strong>, pris en charge par le <strong data-start=\"1941\" data-end=\"1971\">Cristal Bleu De L&#039;Interrupteur Rotatif<\/strong> pour le contr\u00f4le tactile. Facilement personnaliser chaque tasse:<\/p>\n<ul data-start=\"2023\" data-end=\"2143\">\n<li class=\"\" data-start=\"2023\" data-end=\"2057\">\n<p class=\"\" data-start=\"2025\" data-end=\"2057\"><strong data-start=\"2025\" data-end=\"2057\">10 niveaux d&#039;intensit\u00e9 du caf\u00e9<\/strong><\/p>\n<\/li>\n<li class=\"\" data-start=\"2058\" data-end=\"2086\">\n<p class=\"\" data-start=\"2060\" data-end=\"2086\"><strong data-start=\"2060\" data-end=\"2086\">3 brassage des temp\u00e9ratures<\/strong><\/p>\n<\/li>\n<li class=\"\" data-start=\"2087\" data-end=\"2110\">\n<p class=\"\" data-start=\"2089\" data-end=\"2110\"><strong data-start=\"2089\" data-end=\"2110\">3 fois de l&#039;eau chaude<\/strong><\/p>\n<\/li>\n<li class=\"\" data-start=\"2111\" data-end=\"2143\">\n<p class=\"\" data-start=\"2113\" data-end=\"2143\"><strong data-start=\"2113\" data-end=\"2143\">De 10 lait\/mousse de lait param\u00e8tres<\/strong><\/p>\n<\/li>\n<\/ul>\n<hr class=\"\" data-start=\"2145\" data-end=\"2148\" \/>\n<h3 class=\"\" data-start=\"2150\" data-end=\"2185\"><strong data-start=\"2154\" data-end=\"2185\">La technologie Derri\u00e8re le Go\u00fbt<\/strong><\/h3>\n<ul data-start=\"2187\" data-end=\"2433\">\n<li class=\"\" data-start=\"2187\" data-end=\"2287\">\n<p class=\"\" data-start=\"2189\" data-end=\"2287\"><strong data-start=\"2189\" data-end=\"2230\">Produit Reconnaissant Moulin (PRG):<\/strong> Ajuste automatiquement la taille de la mouture bas\u00e9e sur un choix de boisson<\/p>\n<\/li>\n<li class=\"\" data-start=\"2288\" data-end=\"2353\">\n<p class=\"\" data-start=\"2290\" data-end=\"2353\"><strong data-start=\"2290\" data-end=\"2322\">8\u00e8me G\u00e9n\u00e9ration qui Unit\u00e9 de percolation:<\/strong> M\u00eame l&#039;extraction de plein ar\u00f4me<\/p>\n<\/li>\n<li class=\"\" data-start=\"2354\" data-end=\"2433\">\n<p class=\"\" data-start=\"2356\" data-end=\"2433\"><strong data-start=\"2356\" data-end=\"2384\">Extraction \u00c0 Froid Processus:<\/strong> Lisse, froide rafra\u00eechissante bi\u00e8res sans amertume<\/p>\n<\/li>\n<\/ul>\n<\/div>\n<\/div>\n<div class=\"col-sm-12 col-xs-12 margin-b-21\">\n<div class=\"col-sm-4 col-xs-12\"><img decoding=\"async\" class=\"img-responsive\" src=\"https:\/\/www.maxicoffee.com\/fstrz\/r\/s\/cdn.maxicoffee.com\/images\/products\/normal\/jura_z10_blue_7.jpg?frz-v=165\" alt=\"32 boissons jura z10 bleu de minuit\" width=\"300\" height=\"270\" \/><\/div>\n<div class=\"col-sm-8 col-xs-12\">\n<h3 class=\"\" data-start=\"2440\" data-end=\"2484\"><strong data-start=\"2444\" data-end=\"2484\">L&#039;hygi\u00e8ne et l&#039;Entretien Simplifi\u00e9<\/strong><\/h3>\n<ul data-start=\"2486\" data-end=\"2701\">\n<li class=\"\" data-start=\"2486\" data-end=\"2536\">\n<p class=\"\" data-start=\"2488\" data-end=\"2536\"><strong data-start=\"2488\" data-end=\"2509\">Rin\u00e7age automatique<\/strong> de caf\u00e9 et de lait buses<\/p>\n<\/li>\n<li class=\"\" data-start=\"2537\" data-end=\"2578\">\n<p class=\"\" data-start=\"2539\" data-end=\"2578\"><strong data-start=\"2539\" data-end=\"2560\">Des programmes de nettoyage<\/strong> avec Jura comprim\u00e9s<\/p>\n<\/li>\n<li class=\"\" data-start=\"2579\" data-end=\"2643\">\n<p class=\"\" data-start=\"2581\" data-end=\"2643\"><strong data-start=\"2581\" data-end=\"2611\">Claris Smart+ filtre \u00e0 eau<\/strong> pour plus de go\u00fbt et moins \u00e0 l&#039;\u00e9chelle<\/p>\n<\/li>\n<li class=\"\" data-start=\"2644\" data-end=\"2701\">\n<p class=\"\" data-start=\"2646\" data-end=\"2701\"><strong data-start=\"2646\" data-end=\"2666\">D\u00e9tartrage du syst\u00e8me<\/strong> pour garder le circuit interne propre<\/p>\n<\/li>\n<\/ul>\n<hr class=\"\" data-start=\"2703\" data-end=\"2706\" \/>\n<h3 class=\"\" data-start=\"2708\" data-end=\"2755\"><strong data-start=\"2712\" data-end=\"2755\">Pourquoi Choisir R\u00e9nov\u00e9 de MaxiCoffee?<\/strong><\/h3>\n<p class=\"\" data-start=\"2757\" data-end=\"2962\">\u2705 <strong data-start=\"2759\" data-end=\"2802\">Garantie de 3 Ans (2 ans + 1 an gratuit)<\/strong><br data-start=\"2802\" data-end=\"2805\" \/>\u2705 <strong data-start=\"2807\" data-end=\"2834\">Rapide, Gratuit Livraison DHL<\/strong><br data-start=\"2834\" data-end=\"2837\" \/>\u2705 <strong data-start=\"2839\" data-end=\"2879\">Certifi\u00e9 R\u00e9nov\u00e9 Et Enti\u00e8rement Test\u00e9<\/strong><br data-start=\"2879\" data-end=\"2882\" \/>\u2705 <strong data-start=\"2884\" data-end=\"2907\">Cadeau Exclusif Pack<\/strong><br data-start=\"2907\" data-end=\"2910\" \/>\u2705 <strong data-start=\"2912\" data-end=\"2962\">L&#039;acc\u00e8s \u00e0 Jura Hotline et d&#039;Apr\u00e8s-Vente en France<\/strong><\/p>\n<p class=\"\" data-start=\"3585\" data-end=\"3723\">\n<\/div>\n<\/div>\n<div class=\"col-sm-12 col-xs-12 margin-b-21\">\n<div class=\"col-sm-4 col-xs-12\"><img loading=\"lazy\" decoding=\"async\" class=\"img-responsive\" src=\"https:\/\/www.maxicoffee.com\/fstrz\/r\/s\/cdn.maxicoffee.com\/images\/products\/normal\/jura_z10_blue_3.jpg?frz-v=165\" alt=\"jura z10 bleu de minuit concasseur\" width=\"300\" height=\"270\" \/><\/div>\n<div class=\"col-sm-8 col-xs-12\">\n<h3 class=\"\" data-start=\"2969\" data-end=\"2993\"><strong data-start=\"2973\" data-end=\"2993\">Avis des clients<\/strong><\/h3>\n<p class=\"\" data-start=\"2995\" data-end=\"3074\">\u2b50\ufe0f\u2b50\ufe0f\u2b50\ufe0f\u2b50\ufe0f\u2b50\ufe0f<br data-start=\"3005\" data-end=\"3008\" \/><strong data-start=\"3008\" data-end=\"3049\">\u201cComme Nouveau! Un Caf\u00e9 Parfait \u00c0 Chaque Fois\u201d<\/strong><br data-start=\"3049\" data-end=\"3052\" \/><em data-start=\"3052\" data-end=\"3072\">\u2013 Claire D., Paris<\/em><\/p>\n<blockquote data-start=\"3075\" data-end=\"3257\">\n<p class=\"\" data-start=\"3077\" data-end=\"3257\">J&#039;\u00e9tais un peu sceptique sur l&#039;achat r\u00e9nov\u00e9, mais ce Jura Z10 a d\u00e9pass\u00e9 mes attentes. Il regarda \u00e0 nouveau et effectu\u00e9 \u00e0 la perfection. L&#039;infusion \u00e0 froid fonctionnalit\u00e9 est incroyable en \u00e9t\u00e9!<\/p>\n<\/blockquote>\n<p class=\"\" data-start=\"3259\" data-end=\"3338\">\u2b50\ufe0f\u2b50\ufe0f\u2b50\ufe0f\u2b50\ufe0f\u2606<br data-start=\"3268\" data-end=\"3271\" \/><strong data-start=\"3271\" data-end=\"3316\">\u201cSmart Machine \u00e0 Caf\u00e9 Options\u201d<\/strong><br data-start=\"3316\" data-end=\"3319\" \/><em data-start=\"3319\" data-end=\"3336\">\u2013 Mark H., Lyon<\/em><\/p>\n<blockquote data-start=\"3339\" data-end=\"3504\">\n<p class=\"\" data-start=\"3341\" data-end=\"3504\">Une v\u00e9ritable mise \u00e0 niveau \u00e0 partir de mon vieux Jura. L&#039;\u00e9cran tactile est intuitive, et le broyeur \u00e0 vraiment s&#039;adapte bien \u00e0 diff\u00e9rents grains. Perdu une seule \u00e9toile car il y a peu encombrant.<\/p>\n<\/blockquote>\n<p class=\"\" data-start=\"3506\" data-end=\"3582\">\u2b50\ufe0f\u2b50\ufe0f\u2b50\ufe0f\u2b50\ufe0f\u2b50\ufe0f<br data-start=\"3516\" data-end=\"3519\" \/><strong data-start=\"3519\" data-end=\"3553\">\u201cDes R\u00e9sultats professionnels \u00e0 la Maison\u201d<\/strong><br data-start=\"3553\" data-end=\"3556\" \/><em data-start=\"3556\" data-end=\"3580\">\u2013 Sophie L., Marseille<\/em><\/p>\n<blockquote data-start=\"3583\" data-end=\"3723\">\n<p class=\"\" data-start=\"3585\" data-end=\"3723\">Ma matin\u00e9e cappuccinos sont mieux que ce que j&#039;ai utilis\u00e9 pour acheter des \u00e0 la des caf\u00e9s. La machine est silencieuse, rapide, et la mousse de lait parfaite \u00e0 chaque fois.<\/p>\n<\/blockquote>\n<\/div>\n<\/div>\n<div class=\"col-sm-12 col-xs-12 margin-b-21\">\n<div class=\"col-sm-4 col-xs-12\"><img loading=\"lazy\" decoding=\"async\" class=\"img-responsive\" src=\"https:\/\/www.maxicoffee.com\/fstrz\/r\/s\/cdn.maxicoffee.com\/images\/products\/normal\/jura_z10_blue_2.jpg?frz-v=165\" alt=\"le bleu de minuit jura z10 entretien\" width=\"300\" height=\"270\" \/><\/div>\n<div class=\"col-sm-8 col-xs-12\">\n<article class=\"text-token-text-primary w-full\" dir=\"auto\" data-testid=\"conversation-turn-8\" data-scroll-anchor=\"true\">\n<div class=\"text-base my-auto mx-auto py-5 [--thread-content-margin:--spacing(4)] @[37rem]:[--thread-content-margin:--spacing(6)] @[70rem]:[--thread-content-margin:--spacing(12)] px-(--thread-content-margin)\">\n<div class=\"[--thread-content-max-width:32rem] @[34rem]:[--thread-content-max-width:40rem] @[64rem]:[--thread-content-max-width:48rem] mx-auto flex max-w-(--thread-content-max-width) flex-1 text-base gap-4 md:gap-5 lg:gap-6 group\/turn-messages focus-visible:outline-hidden\" tabindex=\"-1\">\n<div class=\"group\/conversation-turn relative flex w-full min-w-0 flex-col agent-turn\">\n<div class=\"relative flex-col gap-1 md:gap-3\">\n<div class=\"flex max-w-full flex-col grow\">\n<div class=\"min-h-8 text-message relative flex w-full flex-col items-end gap-2 text-start break-words whitespace-normal [.text-message+&amp;]:mt-5\" dir=\"auto\" data-message-author-role=\"assistant\" data-message-id=\"e99a0f4f-22b2-4f2b-af54-9d2bc136b4f0\" data-message-model-slug=\"gpt-4o\">\n<div class=\"flex w-full flex-col gap-1 empty:hidden first:pt-[3px]\">\n<div class=\"markdown prose dark:prose-invert w-full break-words light\">\n<h2 class=\"\" data-start=\"118\" data-end=\"158\"><strong data-start=\"121\" data-end=\"158\">Foire aux questions (FAQ)<\/strong><\/h2>\n<hr class=\"\" data-start=\"160\" data-end=\"163\" \/>\n<h3 class=\"\" data-start=\"165\" data-end=\"202\"><strong data-start=\"169\" data-end=\"202\">1. Remise \u00e0 neuf et Garantie<\/strong><\/h3>\n<p class=\"\" data-start=\"204\" data-end=\"468\"><strong data-start=\"204\" data-end=\"258\">Q: Que signifie \u201cremis \u00e0 neuf\u201d pour ce Jura Z10?<\/strong><br data-start=\"258\" data-end=\"261\" \/><strong data-start=\"261\" data-end=\"267\">UN:<\/strong> Cela signifie que l&#039;ordinateur a \u00e9t\u00e9 utilis\u00e9 pr\u00e9c\u00e9demment, retourn\u00e9, et enti\u00e8rement restaur\u00e9 en \u00e9tat de marche par des professionnels. Il subit l&#039;essai, le nettoyage, et le remplacement des pi\u00e8ces en cas de besoin\u2014garanti par MaxiCoffee.<\/p>\n<p class=\"\" data-start=\"470\" data-end=\"683\"><strong data-start=\"470\" data-end=\"525\">Q: Est-ce la r\u00e9novation du Jura Z10 couvert par la garantie?<\/strong><br data-start=\"525\" data-end=\"528\" \/><strong data-start=\"528\" data-end=\"534\">UN:<\/strong> Oui, il est livr\u00e9 avec un <strong data-start=\"556\" data-end=\"575\">Garantie de 3 ans<\/strong> (2 ans + 1 an offert par MaxiCoffee), y compris l&#039;acc\u00e8s \u00e0 des services de r\u00e9paration en France.<\/p>\n<hr class=\"\" data-start=\"685\" data-end=\"688\" \/>\n<h3 class=\"\" data-start=\"690\" data-end=\"716\"><strong data-start=\"694\" data-end=\"716\">2. Ce qui est Inclus<\/strong><\/h3>\n<p class=\"\" data-start=\"718\" data-end=\"927\"><strong data-start=\"718\" data-end=\"768\">Q: Ce qui est inclus dans la r\u00e9novation du paquet?<\/strong><br data-start=\"768\" data-end=\"771\" \/><strong data-start=\"771\" data-end=\"777\">UN:<\/strong> La machine, Claris Smart+ filtre, les pastilles de nettoyage, syst\u00e8me de lait nettoyant, c\u00e2ble d&#039;alimentation, manuel d&#039;instruction, et une <strong data-start=\"892\" data-end=\"926\">exclusif MaxiCoffee pack cadeau<\/strong>.<\/p>\n<hr class=\"\" data-start=\"929\" data-end=\"932\" \/>\n<h3 class=\"\" data-start=\"934\" data-end=\"970\"><strong data-start=\"938\" data-end=\"970\">3. La fonctionnalit\u00e9 et le Soutien<\/strong><\/h3>\n<p class=\"\" data-start=\"972\" data-end=\"1132\"><strong data-start=\"972\" data-end=\"1020\">Q: puis-je faire caf\u00e9 glac\u00e9 avec cette machine?<\/strong><br data-start=\"1020\" data-end=\"1023\" \/><strong data-start=\"1023\" data-end=\"1029\">UN:<\/strong> Oui! Le <b>cold extraction process<\/b>\u00a0rend vrai infusion \u00e0 froid de caf\u00e9, et pas seulement du caf\u00e9 chaud vers\u00e9 sur de la glace.<\/p>\n<p class=\"\" data-start=\"1134\" data-end=\"1294\"><strong data-start=\"1134\" data-end=\"1185\">Q: l&#039;appareil de soutien \u00e0 la client\u00e8le?<\/strong><br data-start=\"1185\" data-end=\"1188\" \/><strong data-start=\"1188\" data-end=\"1194\">UN:<\/strong> Oui, MaxiCoffee offre service d&#039;assistance t\u00e9l\u00e9phonique et l&#039;acc\u00e8s \u00e0 Jura <strong data-start=\"1257\" data-end=\"1293\">certifi\u00e9 \u00e9quipe de service technique<\/strong>.<\/p>\n<\/div>\n<\/div>\n<\/div>\n<\/div>\n<\/div>\n<\/div>\n<\/div>\n<\/div>\n<\/article>\n<hr class=\"\" data-start=\"4785\" data-end=\"4788\" \/>\n<h3 class=\"\" data-start=\"4790\" data-end=\"4835\"><strong data-start=\"4794\" data-end=\"4835\">Commandez Votre R\u00e9nov\u00e9 Jura Z10 Aujourd&#039;Hui<\/strong><\/h3>\n<p class=\"\" data-start=\"4837\" data-end=\"5043\">Offrez-vous haut de gamme de caf\u00e9 avec la <strong data-start=\"4880\" data-end=\"4924\">Jura Z10 R\u00e9nov\u00e9 Bean-to-Cup Machine<\/strong>. Soucieux de l&#039;environnement, de co\u00fbt-efficacit\u00e9, et emball\u00e9 avec des caract\u00e9ristiques de luxe \u2014 c&#039;est votre porte d&#039;entr\u00e9e \u00e0 caf\u00e9 de qualit\u00e9 des boissons \u00e0 la maison.<\/p>\n<p class=\"\" data-start=\"5045\" data-end=\"5123\">\ud83d\uded2 <strong data-start=\"5048\" data-end=\"5065\">[<a href=\"https:\/\/bestathomeespressomachine.com\/fr\/cart\/\">Ajouter au Panier]<\/a><\/strong> | \ud83d\ude9a <strong data-start=\"5071\" data-end=\"5088\">Livraison gratuite<\/strong> | \ud83d\udcde <strong data-start=\"5094\" data-end=\"5123\">3 Ans De Garantie Et Support<\/strong><\/p>\n<\/div>\n<\/div>\n<div class=\"col-sm-12 col-xs-12 margin-b-21\">\n<div class=\"col-sm-4 col-xs-12\"><img decoding=\"async\" class=\"img-responsive\" src=\"https:\/\/www.maxicoffee.com\/fstrz\/r\/s\/www.maxicoffee.com\/images\/jura\/jura-garantie-3-ans.png.pagespeed.ce.gmb5QzbyMV.png?frz-v=165\" alt=\"\" \/><\/div>\n<div class=\"col-sm-8 col-xs-12\">\n<h3>Une garantie de 3 ans (2 + 1 ans) est offert<\/h3>\n<p>B\u00e9n\u00e9ficier d&#039;une dur\u00e9e de 2 ans + 1 an de garantie <strong>offert par MaxiCoffee.<\/strong><\/p>\n<p>La garantie de 3 ans pour le Jura machine \u00e0 caf\u00e9 est accompagn\u00e9 par une hotline gratuite qui offre un diagnostic imm\u00e9diat en cas de panne. Les r\u00e9parations sont effectu\u00e9es rapidement par le Jura-certifi\u00e9 centre technique en France.<\/p>\n<p>Pour plus de d\u00e9tails sur la fa\u00e7on de soutenir votre machine automatique sous garantie, vous pouvez consulter la page d\u00e9di\u00e9e \u00e0 Jura service apr\u00e8s-vente sur MaxiCoffee.com<\/p>\n<\/div>\n<\/div>","protected":false},"excerpt":{"rendered":"<div class=\"produit-marque\"><\/div>\n<div class=\"produit-arguments\">\n<ul>\n<li>Design haut de gamme<\/li>\n<li>En aluminium de haute qualit\u00e9 look<\/li>\n<li>4.3&#034; \u00e9cran tactile de couleur<\/li>\n<li>Large choix de personnalisation de boissons<\/li>\n<li>32 recettes disponibles<\/li>\n<li>Infusion \u00e0 froid de la fonction sur plusieurs boissons, m\u00eame boissons \u00e0 base de lait<\/li>\n<li>Automatique de r\u00e9glage de la mouture<\/li>\n<li>Condens\u00e9 de technologie pour la saveur des services<\/li>\n<li>Son Classement: A++<\/li>\n<\/ul>\n<\/div>","protected":false},"featured_media":20936,"comment_status":"open","ping_status":"closed","template":"","meta":[],"product_cat":[51],"product_tag":[],"class_list":{"0":"post-20886","1":"product","2":"type-product","3":"status-publish","4":"has-post-thumbnail","6":"product_cat-jura-espresso-machine","8":"first","9":"instock","10":"shipping-taxable","11":"purchasable","12":"product-type-simple","13":"col-xs-6 col-sm-4","14":"col-md-3 col-lg-3","15":"un-4-cols"},"jetpack_sharing_enabled":true,"_links":{"self":[{"href":"https:\/\/bestathomeespressomachine.com\/fr\/wp-json\/wp\/v2\/product\/20886","targetHints":{"allow":["GET"]}}],"collection":[{"href":"https:\/\/bestathomeespressomachine.com\/fr\/wp-json\/wp\/v2\/product"}],"about":[{"href":"https:\/\/bestathomeespressomachine.com\/fr\/wp-json\/wp\/v2\/types\/product"}],"replies":[{"embeddable":true,"href":"https:\/\/bestathomeespressomachine.com\/fr\/wp-json\/wp\/v2\/comments?post=20886"}],"version-history":[{"count":3,"href":"https:\/\/bestathomeespressomachine.com\/fr\/wp-json\/wp\/v2\/product\/20886\/revisions"}],"predecessor-version":[{"id":22394,"href":"https:\/\/bestathomeespressomachine.com\/fr\/wp-json\/wp\/v2\/product\/20886\/revisions\/22394"}],"wp:featuredmedia":[{"embeddable":true,"href":"https:\/\/bestathomeespressomachine.com\/fr\/wp-json\/wp\/v2\/media\/20936"}],"wp:attachment":[{"href":"https:\/\/bestathomeespressomachine.com\/fr\/wp-json\/wp\/v2\/media?parent=20886"}],"wp:term":[{"taxonomy":"product_cat","embeddable":true,"href":"https:\/\/bestathomeespressomachine.com\/fr\/wp-json\/wp\/v2\/product_cat?post=20886"},{"taxonomy":"product_tag","embeddable":true,"href":"https:\/\/bestathomeespressomachine.com\/fr\/wp-json\/wp\/v2\/product_tag?post=20886"}],"curies":[{"name":"wp","href":"https:\/\/api.w.org\/{rel}","templated":true}]}}