{"id":20894,"date":"2024-12-29T18:32:27","date_gmt":"2024-12-29T18:32:27","guid":{"rendered":"https:\/\/bestathomeespressomachine.com\/?post_type=product&#038;p=20894"},"modified":"2025-04-30T03:54:06","modified_gmt":"2025-04-30T03:54:06","slug":"delonghi-magnifica-for-sale-online","status":"publish","type":"product","link":"https:\/\/bestathomeespressomachine.com\/fr\/product\/delonghi-magnifica-for-sale-online\/","title":{"rendered":"Magnifique d\u00e9part ECAM220.22.GB"},"content":{"rendered":"<section class=\"del-pdp__info__text__wrapper del-simple-css-accordion\">\n<div class=\"del-simple-css-accordion__wrapper\">\n<h2 class=\"\" data-start=\"96\" data-end=\"130\"><strong data-start=\"99\" data-end=\"130\">DeLonghi Magnifica \u00e0 vendre<\/strong><\/h2>\n<h3 class=\"\" data-start=\"132\" data-end=\"208\"><strong data-start=\"136\" data-end=\"208\">D\u00e9couvrez le moulin \u00e0 expresso DeLonghi Magnifica Start ECAM 220.21.B<\/strong><\/h3>\n<p class=\"\" data-start=\"210\" data-end=\"749\">Si vous recherchez un moulin \u00e0 expresso de haute qualit\u00e9 et convivial, le <strong data-start=\"284\" data-end=\"326\">DeLonghi Magnifica Start ECAM 220.21.B \u00e0 vendre<\/strong> est un excellent choix. Ceci <strong data-start=\"356\" data-end=\"386\">machine \u00e0 caf\u00e9 \u00e0 grains<\/strong> Dot\u00e9e d&#039;un design noir \u00e9l\u00e9gant avec des touches d&#039;acier inoxydable, elle s&#039;int\u00e8gre facilement \u00e0 toutes les cuisines. Elle permet de pr\u00e9parer deux caf\u00e9s simultan\u00e9ment et garantit une extraction optimale des ar\u00f4mes gr\u00e2ce \u00e0 son processus de pr\u00e9-infusion. Elle est \u00e9galement \u00e9conome en \u00e9nergie, avec une classe \u00e9nerg\u00e9tique A. Commandez d\u00e8s maintenant sur <strong data-start=\"690\" data-end=\"704\">MaxiCoffee<\/strong> et profitez de la livraison gratuite et de cadeaux exclusifs !<\/p>\n<hr class=\"\" data-start=\"751\" data-end=\"754\" \/>\n<h2 data-start=\"756\" data-end=\"821\"><strong data-start=\"760\" data-end=\"821\">Magnifica Start ECAM 220.21.B\u00a0: un design compact et \u00e9l\u00e9gant<\/strong><\/h2>\n<p class=\"\" data-start=\"823\" data-end=\"1066\">Le <strong data-start=\"827\" data-end=\"869\">DeLonghi Magnifica Start ECAM 220.21.B<\/strong> Con\u00e7u pour s&#039;int\u00e9grer parfaitement \u00e0 votre cuisine, il est compact et dot\u00e9 d&#039;une finition noire subtilement rehauss\u00e9e de d\u00e9tails en acier inoxydable. Il s&#039;int\u00e8gre parfaitement \u00e0 tous les plans de travail tout en \u00e9tant tr\u00e8s fonctionnel.<\/p>\n<p class=\"\" data-start=\"1068\" data-end=\"1085\"><strong data-start=\"1068\" data-end=\"1085\">Caract\u00e9ristiques principales :<\/strong><\/p>\n<ul data-start=\"1086\" data-end=\"1273\">\n<li class=\"\" data-start=\"1086\" data-end=\"1150\">\n<p class=\"\" data-start=\"1088\" data-end=\"1150\"><strong data-start=\"1088\" data-end=\"1103\">R\u00e9servoir d&#039;eau :<\/strong> L (facile \u00e0 remplir, accessible par l&#039;avant)<\/p>\n<\/li>\n<li class=\"\" data-start=\"1151\" data-end=\"1220\">\n<p class=\"\" data-start=\"1153\" data-end=\"1220\"><strong data-start=\"1153\" data-end=\"1172\">Conteneur \u00e0 haricots :<\/strong> 250 g (\u00e9quivalent \u00e0 un paquet entier de caf\u00e9)<\/p>\n<\/li>\n<li class=\"\" data-start=\"1221\" data-end=\"1273\">\n<p class=\"\" data-start=\"1223\" data-end=\"1273\"><strong data-start=\"1223\" data-end=\"1245\">Conteneur \u00e0 marc :<\/strong> Jusqu&#039;\u00e0 14 galettes de caf\u00e9 moulu<\/p>\n<\/li>\n<\/ul>\n<p class=\"\" data-start=\"1275\" data-end=\"1425\">Ce <strong data-start=\"1280\" data-end=\"1309\">Moulin \u00e0 expresso DeLonghi<\/strong> offre un grand r\u00e9servoir d&#039;eau et un r\u00e9cipient \u00e0 grains, vous permettant de pr\u00e9parer plusieurs tasses de caf\u00e9 sans recharges fr\u00e9quentes.<\/p>\n<hr class=\"\" data-start=\"1427\" data-end=\"1430\" \/>\n<h2 data-start=\"1432\" data-end=\"1492\"><strong data-start=\"1436\" data-end=\"1492\">Param\u00e8tres conviviaux sur le DeLonghi ECAM 220.21.B<\/strong><\/h2>\n<p class=\"\" data-start=\"1494\" data-end=\"1723\">Le <strong data-start=\"1498\" data-end=\"1540\">DeLonghi Magnifica Start ECAM 220.21.B<\/strong> Dot\u00e9e d&#039;une interface intuitive, le panneau de commande tactile, dot\u00e9 d&#039;ic\u00f4nes simples, facilite le r\u00e9glage des param\u00e8tres de votre machine pour une exp\u00e9rience caf\u00e9 personnalis\u00e9e.<\/p>\n<p class=\"\" data-start=\"1725\" data-end=\"1742\"><strong data-start=\"1725\" data-end=\"1742\">Param\u00e8tres cl\u00e9s\u00a0:<\/strong><\/p>\n<ul data-start=\"1743\" data-end=\"2033\">\n<li class=\"\" data-start=\"1743\" data-end=\"1829\">\n<p class=\"\" data-start=\"1745\" data-end=\"1829\"><strong data-start=\"1745\" data-end=\"1772\">R\u00e9glage de la temp\u00e9rature :<\/strong> Personnalisez la temp\u00e9rature de vos boissons \u00e0 votre guise.<\/p>\n<\/li>\n<li class=\"\" data-start=\"1830\" data-end=\"1910\">\n<p class=\"\" data-start=\"1832\" data-end=\"1910\"><strong data-start=\"1832\" data-end=\"1852\">Force du caf\u00e9 :<\/strong> Choisissez parmi trois niveaux de force pour la tasse parfaite.<\/p>\n<\/li>\n<li class=\"\" data-start=\"1911\" data-end=\"2033\">\n<p class=\"\" data-start=\"1913\" data-end=\"2033\"><strong data-start=\"1913\" data-end=\"1932\">Param\u00e8tres de mouture\u00a0:<\/strong> Le moulin en acier \u00e0 13 positions vous permet de r\u00e9gler la finesse de mouture pour une vari\u00e9t\u00e9 de types de caf\u00e9.<\/p>\n<\/li>\n<\/ul>\n<p class=\"\" data-start=\"2035\" data-end=\"2156\">Avec ces param\u00e8tres, vous pouvez facilement ajuster votre <strong data-start=\"2083\" data-end=\"2112\">Moulin \u00e0 expresso DeLonghi<\/strong> pour obtenir \u00e0 chaque fois votre go\u00fbt de caf\u00e9 pr\u00e9f\u00e9r\u00e9.<\/p>\n<hr class=\"\" data-start=\"2158\" data-end=\"2161\" \/>\n<h2 data-start=\"2163\" data-end=\"2215\"><strong data-start=\"2167\" data-end=\"2215\">Vari\u00e9t\u00e9 de caf\u00e9 sur la DeLonghi ECAM 220.21.B<\/strong><\/h2>\n<p class=\"\" data-start=\"2217\" data-end=\"2420\">Le <strong data-start=\"2221\" data-end=\"2254\">Magnifica Start ECAM 220.21.B<\/strong> Propose trois types de caf\u00e9 pour satisfaire tous les go\u00fbts. Que vous soyez amateur de caf\u00e9s longs ou plus cors\u00e9s, cette machine saura r\u00e9pondre \u00e0 tous vos besoins.<\/p>\n<ul data-start=\"2422\" data-end=\"2668\">\n<li class=\"\" data-start=\"2422\" data-end=\"2480\">\n<p class=\"\" data-start=\"2424\" data-end=\"2480\"><strong data-start=\"2424\" data-end=\"2443\">Caf\u00e9 classique :<\/strong> Une option de caf\u00e9 plus douce et traditionnelle.<\/p>\n<\/li>\n<li class=\"\" data-start=\"2481\" data-end=\"2597\">\n<p class=\"\" data-start=\"2483\" data-end=\"2597\"><strong data-start=\"2483\" data-end=\"2499\">Caf\u00e9 long :<\/strong> Extrait \u00e0 basse pression pour un go\u00fbt plus riche avec plus de caf\u00e9ine, parfait pour votre coup de pouce matinal\u00a0!<\/p>\n<\/li>\n<li class=\"\" data-start=\"2598\" data-end=\"2668\">\n<p class=\"\" data-start=\"2600\" data-end=\"2668\"><strong data-start=\"2600\" data-end=\"2613\">Double + :<\/strong> Pour ceux qui appr\u00e9cient un caf\u00e9 plus fort, de type expresso.<\/p>\n<\/li>\n<\/ul>\n<p class=\"\" data-start=\"2670\" data-end=\"2896\">De plus, le <strong data-start=\"2688\" data-end=\"2716\">DeLonghi Magnifica Start<\/strong> est \u00e9quip\u00e9 d&#039;un <strong data-start=\"2736\" data-end=\"2752\">buse \u00e0 vapeur<\/strong> Pour pr\u00e9parer une mousse de lait onctueuse. Vous pourrez ainsi concocter de d\u00e9licieuses boissons \u00e0 base de lait, comme des lattes et des cappuccinos, ou m\u00eame de l&#039;eau chaude pour le th\u00e9.<\/p>\n<hr class=\"\" data-start=\"2898\" data-end=\"2901\" \/>\n<h2 data-start=\"2903\" data-end=\"2969\"><strong data-start=\"2907\" data-end=\"2969\">Entretien de votre DeLonghi Magnifica Start ECAM 220.21.B<\/strong><\/h2>\n<p class=\"\" data-start=\"2971\" data-end=\"3243\">Entretenir votre <a href=\"https:\/\/bestathomeespressomachine.com\/fr\/product\/buy-delonghi-magnifica-start-automatic-espresso-machine-online\/\"><strong data-start=\"2988\" data-end=\"3016\">DeLonghi Magnifica Start<\/strong><\/a> est essentiel pour garantir une long\u00e9vit\u00e9 et des performances optimales. Un nettoyage r\u00e9gulier vous permettra d&#039;obtenir une tasse de caf\u00e9 optimale \u00e0 chaque fois et d&#039;\u00e9viter l&#039;accumulation de d\u00e9p\u00f4ts ou de calcaire qui pourraient alt\u00e9rer la saveur de vos boissons.<\/p>\n<p class=\"\" data-start=\"3245\" data-end=\"3266\"><strong data-start=\"3245\" data-end=\"3266\">Conseils d&#039;entretien :<\/strong><\/p>\n<ul data-start=\"3267\" data-end=\"3790\">\n<li class=\"\" data-start=\"3267\" data-end=\"3386\">\n<p class=\"\" data-start=\"3269\" data-end=\"3386\"><strong data-start=\"3269\" data-end=\"3289\">Nettoyage hebdomadaire :<\/strong> Retirez le groupe d&#039;infusion et nettoyez-le \u00e0 l&#039;eau ti\u00e8de pour \u00e9viter toute accumulation de marc de caf\u00e9.<\/p>\n<\/li>\n<li class=\"\" data-start=\"3387\" data-end=\"3503\">\n<p class=\"\" data-start=\"3389\" data-end=\"3503\"><strong data-start=\"3389\" data-end=\"3416\">Utiliser une cartouche filtrante :<\/strong> cela aide \u00e0 purifier le go\u00fbt de votre eau et minimise la formation de calcaire.<\/p>\n<\/li>\n<li class=\"\" data-start=\"3504\" data-end=\"3648\">\n<p class=\"\" data-start=\"3506\" data-end=\"3648\"><strong data-start=\"3506\" data-end=\"3520\">D\u00e9tartrage :<\/strong> D\u00e9tartrez votre machine environ tous les 2 mois pour \u00e9liminer toute accumulation de calcaire dans le syst\u00e8me de chauffage et les buses d&#039;extraction.<\/p>\n<\/li>\n<li class=\"\" data-start=\"3649\" data-end=\"3790\">\n<p class=\"\" data-start=\"3651\" data-end=\"3790\"><strong data-start=\"3651\" data-end=\"3672\">Entretien du syst\u00e8me de lait :<\/strong> Purgez toujours la buse vapeur avant et apr\u00e8s utilisation pour \u00e9viter l&#039;accumulation de r\u00e9sidus de lait, ce qui peut entra\u00eener une croissance bact\u00e9rienne.<\/p>\n<\/li>\n<\/ul>\n<p class=\"\" data-start=\"3792\" data-end=\"3931\">En suivant ces \u00e9tapes d\u2019entretien faciles, votre <strong data-start=\"3840\" data-end=\"3882\">DeLonghi Magnifica Start ECAM 220.21.B<\/strong> fournira un caf\u00e9 d\u00e9licieux pour les ann\u00e9es \u00e0 venir.<\/p>\n<hr class=\"\" data-start=\"3933\" data-end=\"3936\" \/>\n<h2 data-start=\"3938\" data-end=\"3997\"><strong data-start=\"3942\" data-end=\"3997\">Pourquoi acheter le DeLonghi Magnifica Start ECAM 220.21.B ?<\/strong><\/h2>\n<ul data-start=\"3999\" data-end=\"4428\">\n<li class=\"\" data-start=\"3999\" data-end=\"4084\">\n<p class=\"\" data-start=\"4001\" data-end=\"4084\"><strong data-start=\"4001\" data-end=\"4020\">Conception compacte :<\/strong> Parfait pour les petites cuisines sans sacrifier la fonctionnalit\u00e9.<\/p>\n<\/li>\n<li class=\"\" data-start=\"4085\" data-end=\"4178\">\n<p class=\"\" data-start=\"4087\" data-end=\"4178\"><strong data-start=\"4087\" data-end=\"4134\">Intensit\u00e9 et temp\u00e9rature du caf\u00e9 personnalisables\u00a0:<\/strong> Personnalisez votre caf\u00e9 selon vos go\u00fbts.<\/p>\n<\/li>\n<li class=\"\" data-start=\"4179\" data-end=\"4260\">\n<p class=\"\" data-start=\"4181\" data-end=\"4260\"><strong data-start=\"4181\" data-end=\"4205\">Double infusion de caf\u00e9 :<\/strong> Pr\u00e9parez deux tasses de caf\u00e9 \u00e0 la fois pour plus de commodit\u00e9.<\/p>\n<\/li>\n<li class=\"\" data-start=\"4261\" data-end=\"4345\">\n<p class=\"\" data-start=\"4263\" data-end=\"4345\"><strong data-start=\"4263\" data-end=\"4284\">Efficacit\u00e9 \u00e9nerg\u00e9tique :<\/strong> Avec une classe \u00e9nerg\u00e9tique A, cette machine permet d&#039;\u00e9conomiser de l&#039;\u00e9nergie.<\/p>\n<\/li>\n<li class=\"\" data-start=\"4346\" data-end=\"4428\">\n<p class=\"\" data-start=\"4348\" data-end=\"4428\"><strong data-start=\"4348\" data-end=\"4369\">Entretien facile :<\/strong> Con\u00e7u pour un nettoyage facile avec des pi\u00e8ces amovibles et lavables.<\/p>\n<\/li>\n<\/ul>\n<hr class=\"\" data-start=\"4430\" data-end=\"4433\" \/>\n<h2 data-start=\"4435\" data-end=\"4498\"><strong data-start=\"4439\" data-end=\"4498\">Commandez votre DeLonghi Magnifica Start ECAM 220.21.B d\u00e8s aujourd&#039;hui<\/strong><\/h2>\n<p class=\"\" data-start=\"4500\" data-end=\"4709\">Ne manquez pas ce fantastique <strong data-start=\"4533\" data-end=\"4562\">Moulin \u00e0 expresso DeLonghi<\/strong>. Achetez le <strong data-start=\"4577\" data-end=\"4619\">DeLonghi Magnifica Start ECAM 220.21.B<\/strong> aujourd&#039;hui et profitez de la livraison gratuite, d&#039;une excellente garantie et de cadeaux exclusifs de <strong data-start=\"4694\" data-end=\"4708\">MaxiCoffee<\/strong>.<\/p>\n<p class=\"\" data-start=\"4711\" data-end=\"4849\">Visite <a class=\"\" href=\"https:\/\/bestathomeespressomachine.com\/fr\/\" target=\"_new\" rel=\"noopener\" data-start=\"4717\" data-end=\"4779\">EspressoMachineSale.com<\/a> pour acheter le <strong data-start=\"4791\" data-end=\"4833\">DeLonghi Mag<\/strong><\/p>\n<p class=\"\" data-start=\"4711\" data-end=\"4849\"><strong data-start=\"4791\" data-end=\"4833\">nifica D\u00e9marrer ECAM 220.21.B<\/strong> \u00e0 vendre aujourd&#039;hui !<\/p>\n<hr class=\"\" data-start=\"4851\" data-end=\"4854\" \/>\n<h2 data-start=\"126\" data-end=\"183\"><strong data-start=\"130\" data-end=\"183\">DeLonghi Magnifica Start ECAM 220.21.B <\/strong><strong data-start=\"130\" data-end=\"183\">Avis\u00a0 <\/strong><\/h2>\n<p class=\"\" data-start=\"185\" data-end=\"708\"><strong data-start=\"185\" data-end=\"236\">5 \u00e9toiles : une innovation pour les amateurs de caf\u00e9 \u00e0 domicile !<\/strong> <em data-start=\"237\" data-end=\"708\">J&#039;utilise la DeLonghi Magnifica Start depuis quelques semaines maintenant et je suis impressionn\u00e9e ! Le caf\u00e9 est toujours d\u00e9licieux, surtout gr\u00e2ce \u00e0 la fonction de pr\u00e9-infusion qui garantit un ar\u00f4me optimal. J&#039;adore son design compact, qui s&#039;int\u00e8gre parfaitement dans ma petite cuisine. Elle est facile \u00e0 utiliser et la buse vapeur est parfaite pour faire de la mousse de lait pour les lattes. Je recommande vivement cette machine \u00e0 tous ceux qui recherchent une cafeti\u00e8re \u00e0 grains fiable et abordable !<\/em><\/p>\n<p class=\"\" data-start=\"710\" data-end=\"1071\"><strong data-start=\"710\" data-end=\"744\">4 \u00e9toiles : excellent rapport qualit\u00e9\/prix<\/strong> <em data-start=\"745\" data-end=\"1071\">Cette machine \u00e0 caf\u00e9 poss\u00e8de toutes les fonctionnalit\u00e9s n\u00e9cessaires pour pr\u00e9parer un excellent caf\u00e9. Les r\u00e9glages de mouture et d&#039;intensit\u00e9 du caf\u00e9 m&#039;offrent une grande flexibilit\u00e9. J&#039;aurais juste aim\u00e9 un peu plus de vari\u00e9t\u00e9 dans les boissons, mais \u00e0 part \u00e7a, elle fonctionne \u00e0 merveille. Le syst\u00e8me de moussage du lait est \u00e9galement excellent\u00a0!<\/em><\/p>\n<p class=\"\" data-start=\"1073\" data-end=\"1515\"><strong data-start=\"1073\" data-end=\"1117\">5 \u00e9toiles : Parfait pour les amateurs de caf\u00e9 !<\/strong> <em data-start=\"1118\" data-end=\"1515\">\u00ab J&#039;aime la fa\u00e7on dont le <strong data-start=\"1135\" data-end=\"1177\">DeLonghi Magnifica Start ECAM 220.21.B<\/strong> Elle permet de pr\u00e9parer deux tasses \u00e0 la fois. C&#039;est un v\u00e9ritable gain de temps, surtout les matins press\u00e9s. La buse vapeur permet de faire mousser le lait pour les cappuccinos et les lattes en un clin d&#039;\u0153il. En r\u00e9sum\u00e9, c&#039;est une machine de tr\u00e8s haute qualit\u00e9 qui permet de pr\u00e9parer un excellent caf\u00e9 \u00e0 la maison. Je la recommande \u00e0 tous les amateurs de caf\u00e9 qui souhaitent cr\u00e9er des boissons dignes d&#039;un barista \u00e0 la maison.<\/em><\/p>\n<p data-start=\"1073\" data-end=\"1515\"><a href=\"https:\/\/bestathomeespressomachine.com\/fr\/testimonials\/\">Plus D&#039;Avis\u00a0<\/a><\/p>\n<hr class=\"\" data-start=\"1897\" data-end=\"1900\" \/>\n<h2 data-start=\"1902\" data-end=\"1959\"><strong data-start=\"1906\" data-end=\"1959\">FAQ sur DeLonghi Magnifica Start ECAM 220.21.B<\/strong><\/h2>\n<p class=\"\" data-start=\"1961\" data-end=\"2328\"><strong data-start=\"1961\" data-end=\"2033\">Q1 : Quelles boissons le DeLonghi Magnifica Start ECAM 220.21.B peut-il pr\u00e9parer ?<\/strong><br data-start=\"2033\" data-end=\"2036\" \/><em data-start=\"2036\" data-end=\"2328\">Le <strong data-start=\"2041\" data-end=\"2083\">DeLonghi Magnifica Start ECAM 220.21.B<\/strong> Propose trois boissons diff\u00e9rentes\u00a0: Caf\u00e9 classique, Caf\u00e9 allong\u00e9 et Doppio +. Id\u00e9al pour les amateurs de caf\u00e9 allong\u00e9, il vous permet \u00e9galement de savourer un expresso riche avec l&#039;option Doppio +. Il est \u00e9galement \u00e9quip\u00e9 d&#039;une buse vapeur pour faire mousser le lait pour les cappuccinos et les lattes.<\/em><\/p>\n<p class=\"\" data-start=\"2330\" data-end=\"2757\"><strong data-start=\"2330\" data-end=\"2395\">Q2 : Comment nettoyer et entretenir le DeLonghi Magnifica Start ?<\/strong><br data-start=\"2395\" data-end=\"2398\" \/><em data-start=\"2398\" data-end=\"2757\">Maintenir le <strong data-start=\"2415\" data-end=\"2443\">DeLonghi Magnifica Start<\/strong> C&#039;est simple. Nettoyez le groupe caf\u00e9 une fois par semaine \u00e0 l&#039;eau ti\u00e8de pour \u00e9liminer le marc de caf\u00e9. Utilisez une cartouche filtrante pour r\u00e9duire l&#039;entartrage, et il est recommand\u00e9 de d\u00e9tartrer la machine tous les deux mois. N&#039;oubliez pas de purger la buse du syst\u00e8me de lait avant et apr\u00e8s utilisation pour \u00e9viter l&#039;accumulation de r\u00e9sidus de lait.<\/em><\/p>\n<p class=\"\" data-start=\"2759\" data-end=\"3095\"><strong data-start=\"2759\" data-end=\"2834\">Q3 : Comment r\u00e9gler les param\u00e8tres de mouture sur le DeLonghi Magnifica Start ?<\/strong><br data-start=\"2834\" data-end=\"2837\" \/><em data-start=\"2837\" data-end=\"3095\">Le <strong data-start=\"2842\" data-end=\"2884\">DeLonghi Magnifica Start ECAM 220.21.B<\/strong> Dot\u00e9 d&#039;un moulin en acier \u00e0 13 positions, il vous permet d&#039;ajuster la finesse de mouture selon vos pr\u00e9f\u00e9rences. Il vous suffit de tourner la molette de r\u00e9glage pour obtenir le degr\u00e9 de mouture souhait\u00e9.<\/em><\/p>\n<p class=\"\" data-start=\"3097\" data-end=\"3351\"><strong data-start=\"3097\" data-end=\"3191\">Q4 : Puis-je pr\u00e9parer deux tasses de caf\u00e9 \u00e0 la fois avec la DeLonghi Magnifica Start ECAM 220.21.B ?<\/strong><br data-start=\"3191\" data-end=\"3194\" \/><em data-start=\"3194\" data-end=\"3351\">Oui, le <strong data-start=\"3204\" data-end=\"3246\">DeLonghi Magnifica Start ECAM 220.21.B<\/strong> peut pr\u00e9parer deux tasses de caf\u00e9 en m\u00eame temps, ce qui le rend id\u00e9al pour les matins charg\u00e9s ou pour recevoir des invit\u00e9s.<\/em><\/p>\n<p class=\"\" data-start=\"3353\" data-end=\"3723\"><strong data-start=\"3353\" data-end=\"3455\">Q5 : Quelle est la diff\u00e9rence entre le caf\u00e9 classique et le caf\u00e9 long sur la DeLonghi Magnifica Start ?<\/strong><br data-start=\"3455\" data-end=\"3458\" \/><em data-start=\"3458\" data-end=\"3723\">Le <strong data-start=\"3463\" data-end=\"3481\">Caf\u00e9 classique<\/strong> est une infusion plus douce qui ne n\u00e9cessite pas de pr\u00e9-infusion, tandis que le <strong data-start=\"3544\" data-end=\"3559\">Caf\u00e9 long<\/strong> Infus\u00e9 \u00e0 basse pression, il offre un go\u00fbt plus intense et une teneur en caf\u00e9ine plus \u00e9lev\u00e9e. Le Long Coffee est id\u00e9al pour les amateurs de caf\u00e9 l\u00e9ger et cors\u00e9.<\/em><\/p>\n<p class=\"\" data-start=\"4017\" data-end=\"4250\"><strong data-start=\"4017\" data-end=\"4080\">Q6 : Le DeLonghi Magnifica Start est-il couvert par une garantie ?<\/strong><br data-start=\"4080\" data-end=\"4083\" \/><em data-start=\"4083\" data-end=\"4250\">Oui, le <strong data-start=\"4093\" data-end=\"4135\">DeLonghi Magnifica Start ECAM 220.21.B<\/strong> est livr\u00e9 avec une garantie fabricant de 2 ans, vous pouvez donc acheter en toute tranquillit\u00e9 en sachant que votre machine est prot\u00e9g\u00e9e.<\/em><\/p>\n<\/div>\n<\/section>","protected":false},"excerpt":{"rendered":"<section class=\"del-pdp__info__text__wrapper del-simple-css-accordion\">\n<div class=\"del-simple-css-accordion__wrapper\">\n<h4 class=\"del-pdp__info__title\">EN \u00c9CRIVANT<\/h4>\n<div class=\"del-pdp__info__content --description del-simple-css-accordion__content\">\n<p>Entrez dans l&#039;univers du caf\u00e9 en grains avec la De&#039;Longhi Magnifica Start, qui vous offre tout le n\u00e9cessaire pour pr\u00e9parer vos expressos pr\u00e9f\u00e9r\u00e9s \u00e0 la maison. Dot\u00e9e d&#039;une interface intuitive et d&#039;une finition gris et noir, elle vous permet de personnaliser votre s\u00e9lection de boissons d&#039;une simple pression.<\/p>\n<\/div>\n<\/div>\n<\/section>\n<section class=\"del-pdp__info__text__wrapper del-simple-css-accordion\">\n<div class=\"del-simple-css-accordion__wrapper\">\n<h4 class=\"del-pdp__info__title\">R\u00c9SUM\u00c9<\/h4>\n<div class=\"del-pdp__info__content --summary del-simple-css-accordion__content\">\n<ul>\n<li>Savourez vos boissons au caf\u00e9 pr\u00e9f\u00e9r\u00e9es \u00e0 partir de grains fra\u00eechement moulus<\/li>\n<li>Pr\u00e9parez manuellement une mousse de lait cr\u00e9meuse avec le mousseur \u00e0 lait traditionnel<\/li>\n<li>Choisissez parmi 4 recettes \u00e0 une touche : vapeur, expresso, caf\u00e9 et americano<\/li>\n<li>Personnalisez l&#039;ar\u00f4me et la temp\u00e9rature de vos boissons<\/li>\n<li>Composants amovibles et lavables au lave-vaisselle pour un entretien facile<\/li>\n<\/ul>\n<section class=\"section is-heading\">\n<div class=\"section_content\">\n<div class=\"section_text\"><\/div>\n<\/div>\n<\/section>\n<\/div>\n<\/div>\n<\/section>","protected":false},"featured_media":20988,"comment_status":"open","ping_status":"closed","template":"","meta":[],"product_cat":[50],"product_tag":[],"class_list":{"0":"post-20894","1":"product","2":"type-product","3":"status-publish","4":"has-post-thumbnail","6":"product_cat-delonghi-espresso-machines","8":"first","9":"instock","10":"shipping-taxable","11":"purchasable","12":"product-type-simple","13":"col-xs-6 col-sm-4","14":"col-md-3 col-lg-3","15":"un-4-cols"},"jetpack_sharing_enabled":true,"_links":{"self":[{"href":"https:\/\/bestathomeespressomachine.com\/fr\/wp-json\/wp\/v2\/product\/20894","targetHints":{"allow":["GET"]}}],"collection":[{"href":"https:\/\/bestathomeespressomachine.com\/fr\/wp-json\/wp\/v2\/product"}],"about":[{"href":"https:\/\/bestathomeespressomachine.com\/fr\/wp-json\/wp\/v2\/types\/product"}],"replies":[{"embeddable":true,"href":"https:\/\/bestathomeespressomachine.com\/fr\/wp-json\/wp\/v2\/comments?post=20894"}],"version-history":[{"count":4,"href":"https:\/\/bestathomeespressomachine.com\/fr\/wp-json\/wp\/v2\/product\/20894\/revisions"}],"predecessor-version":[{"id":22409,"href":"https:\/\/bestathomeespressomachine.com\/fr\/wp-json\/wp\/v2\/product\/20894\/revisions\/22409"}],"wp:featuredmedia":[{"embeddable":true,"href":"https:\/\/bestathomeespressomachine.com\/fr\/wp-json\/wp\/v2\/media\/20988"}],"wp:attachment":[{"href":"https:\/\/bestathomeespressomachine.com\/fr\/wp-json\/wp\/v2\/media?parent=20894"}],"wp:term":[{"taxonomy":"product_cat","embeddable":true,"href":"https:\/\/bestathomeespressomachine.com\/fr\/wp-json\/wp\/v2\/product_cat?post=20894"},{"taxonomy":"product_tag","embeddable":true,"href":"https:\/\/bestathomeespressomachine.com\/fr\/wp-json\/wp\/v2\/product_tag?post=20894"}],"curies":[{"name":"wp","href":"https:\/\/api.w.org\/{rel}","templated":true}]}}