{"id":20896,"date":"2024-12-29T18:32:27","date_gmt":"2024-12-29T18:32:27","guid":{"rendered":"https:\/\/bestathomeespressomachine.com\/?post_type=product&#038;p=20896"},"modified":"2025-07-03T14:15:42","modified_gmt":"2025-07-03T14:15:42","slug":"delonghi-primadonna-soul-automatic-coffee-machine","status":"publish","type":"product","link":"https:\/\/bestathomeespressomachine.com\/fr\/product\/delonghi-primadonna-soul-automatic-coffee-machine\/","title":{"rendered":"DELONGHI Primadonna Soul ECAM 610.74.MB Mug To Go Zen Pack Garantie 5 ans"},"content":{"rendered":"<section class=\"section is-heading\">\n<div class=\"section_content\">\n<div class=\"section_text\">\n<h2 class=\"\" data-start=\"130\" data-end=\"203\"><strong data-start=\"133\" data-end=\"201\">Machine \u00e0 caf\u00e9 automatique DeLonghi PrimaDonna Soul ECAM 610.74.MB<\/strong><\/h2>\n<p class=\"\" data-start=\"254\" data-end=\"719\">Envie d&#039;un caf\u00e9 digne d&#039;un caf\u00e9 traditionnel, en appuyant simplement sur un bouton\u00a0? <strong data-start=\"306\" data-end=\"359\">Machine \u00e0 caf\u00e9 automatique DeLonghi PrimaDonna Soul<\/strong> est votre partenaire id\u00e9al. Cette machine \u00e0 expresso \u00e0 la pointe de la technologie, <strong data-start=\"436\" data-end=\"463\">une expertise de niveau barista<\/strong> directement dans votre cuisine\u00a0: r\u00e9glage automatique de la mouture, de la dose et des r\u00e9glages d&#039;infusion pour s&#039;adapter \u00e0 vos grains de caf\u00e9. <strong data-start=\"587\" data-end=\"612\">Technologie Bean Adapt<\/strong>, une connectivit\u00e9 intelligente et un <strong data-start=\"640\" data-end=\"666\">grand \u00e9cran tactile de 4,3 pouces<\/strong>, c&#039;est <strong data-start=\"676\" data-end=\"718\">la machine DeLonghi la plus avanc\u00e9e \u00e0 ce jour<\/strong>.<\/p>\n<p class=\"\" data-start=\"721\" data-end=\"914\">Maintenant disponible avec un <strong data-start=\"747\" data-end=\"760\">Tasse \u00e0 emporter<\/strong>, <strong data-start=\"762\" data-end=\"781\">5-year warranty<\/strong>, et <a href=\"https:\/\/bestathomeespressomachine.com\/fr\/product\/jura-e8-piano-white-for-sale-online\/\"><strong data-start=\"787\" data-end=\"804\">livraison gratuite<\/strong><\/a> lors de l&#039;achat aupr\u00e8s de DK Distribution (comprend une extension de 2 ans au-del\u00e0 de la garantie DeLonghi d&#039;origine de 3 ans).<\/p>\n<hr class=\"\" data-start=\"916\" data-end=\"919\" \/>\n<h2 data-start=\"921\" data-end=\"990\">\u2705 <strong data-start=\"927\" data-end=\"990\">Caract\u00e9ristiques principales de la DeLonghi PrimaDonna Soul ECAM 610.74.MB<\/strong><\/h2>\n<ul data-start=\"992\" data-end=\"1868\">\n<li class=\"\" data-start=\"992\" data-end=\"1129\">\n<p class=\"\" data-start=\"994\" data-end=\"1129\"><strong data-start=\"994\" data-end=\"1020\">Technologie Bean Adapt :<\/strong> Ajuste automatiquement la mouture et l&#039;extraction pour une saveur optimale, en fonction du type de grain et de la torr\u00e9faction exacts.<\/p>\n<\/li>\n<li class=\"\" data-start=\"1130\" data-end=\"1262\">\n<p class=\"\" data-start=\"1132\" data-end=\"1262\"><strong data-start=\"1132\" data-end=\"1170\">Application Coffee Link (connect\u00e9e au Wi-Fi)\u00a0:<\/strong> Personnalisez votre boisson \u00e0 distance, enregistrez vos recettes pr\u00e9f\u00e9r\u00e9es et acc\u00e9dez aux alertes de maintenance.<\/p>\n<\/li>\n<li class=\"\" data-start=\"1263\" data-end=\"1402\">\n<p class=\"\" data-start=\"1265\" data-end=\"1402\"><strong data-start=\"1265\" data-end=\"1289\">21 boissons \u00e0 une touche\u00a0:<\/strong> Comprend l&#039;espresso, le cappuccino, le latte macchiato, le cortado, le long black, le sur glace et bien plus encore, m\u00eame un mode \u00ab mug \u00e0 emporter \u00bb.<\/p>\n<\/li>\n<li class=\"\" data-start=\"1403\" data-end=\"1511\">\n<p class=\"\" data-start=\"1405\" data-end=\"1511\"><strong data-start=\"1405\" data-end=\"1432\">\u00c9cran tactile couleur 4,3 pouces :<\/strong> \u00c9l\u00e9gant, intuitif et facile \u00e0 naviguer, avec des options d&#039;\u00e9cran d&#039;accueil personnalisables.<\/p>\n<\/li>\n<li class=\"\" data-start=\"1512\" data-end=\"1643\">\n<p class=\"\" data-start=\"1514\" data-end=\"1643\"><strong data-start=\"1514\" data-end=\"1536\">Syst\u00e8me LatteCrema :<\/strong> Mousse de lait dense, cr\u00e9meuse et longue dur\u00e9e \u00e0 la temp\u00e9rature id\u00e9ale, id\u00e9ale pour les laits laitiers et v\u00e9g\u00e9taux.<\/p>\n<\/li>\n<li class=\"\" data-start=\"1644\" data-end=\"1741\">\n<p class=\"\" data-start=\"1646\" data-end=\"1741\"><strong data-start=\"1646\" data-end=\"1664\">Profils d&#039;utilisateurs :<\/strong> Cr\u00e9ez et enregistrez jusqu&#039;\u00e0 5 profils de boissons personnalis\u00e9s pour toute la maison.<\/p>\n<\/li>\n<li class=\"\" data-start=\"1742\" data-end=\"1868\">\n<p class=\"\" data-start=\"1744\" data-end=\"1868\"><strong data-start=\"1744\" data-end=\"1777\">Nettoyage et entretien intelligents :<\/strong> Groupe d&#039;infusion amovible, pi\u00e8ces lavables au lave-vaisselle et instructions de nettoyage \u00e9tape par \u00e9tape \u00e0 l&#039;\u00e9cran.<\/p>\n<\/li>\n<\/ul>\n<\/div>\n<\/div>\n<\/section>\n<h3 class=\"\" data-start=\"1875\" data-end=\"1922\">\u2615 <strong data-start=\"1881\" data-end=\"1922\">Un brassage de niveau barista sans effort<\/strong><\/h3>\n<p class=\"\" data-start=\"1924\" data-end=\"2384\">Achetez la machine \u00e0 caf\u00e9 automatique DeLonghi PrimaDonna Soul en ligne. Avec <strong data-start=\"1933\" data-end=\"1961\">DeLonghi PrimaDonna Soul<\/strong>, pr\u00e9parer la tasse parfaite est aussi simple que de choisir votre boisson et d&#039;appuyer sur D\u00e9marrer. <strong data-start=\"2048\" data-end=\"2060\">espresso<\/strong> \u00e0 <strong data-start=\"2064\" data-end=\"2078\">blanc plat<\/strong>Chaque tasse est con\u00e7ue pour mettre en valeur toute la saveur et l&#039;ar\u00f4me de vos grains pr\u00e9f\u00e9r\u00e9s. Gr\u00e2ce \u00e0 la technologie innovante <strong data-start=\"2189\" data-end=\"2203\">Bean Adapt<\/strong> Cette machine reconna\u00eet votre type de caf\u00e9 sp\u00e9cifique et ajuste automatiquement la taille de mouture, la dose et la temp\u00e9rature d&#039;infusion pour une extraction parfaite, sans que vous ayez \u00e0 lever le petit doigt.<\/p>\n<p class=\"\" data-start=\"2386\" data-end=\"2544\">Que vous utilisiez <strong data-start=\"2407\" data-end=\"2440\">grains de sp\u00e9cialit\u00e9 l\u00e9g\u00e8rement torr\u00e9fi\u00e9s<\/strong> ou un m\u00e9lange de torr\u00e9faction fonc\u00e9e, cette machine s&#039;adapte \u00e0 <strong data-start=\"2487\" data-end=\"2523\">pr\u00e9server l&#039;origine et la richesse<\/strong> de chaque tasse.<\/p>\n<hr class=\"\" data-start=\"2546\" data-end=\"2549\" \/>\n<h3 data-start=\"2551\" data-end=\"2607\">\ud83e\udd5b <strong data-start=\"2558\" data-end=\"2607\">Ma\u00eetrisez les boissons lact\u00e9es avec le syst\u00e8me LatteCrema<\/strong><\/h3>\n<p class=\"\" data-start=\"2609\" data-end=\"2977\">Si vous \u00eates amateur de caf\u00e9 au lait, le <strong data-start=\"2644\" data-end=\"2665\">Syst\u00e8me LatteCrema<\/strong> est votre nouveau meilleur ami. Cette technologie brevet\u00e9e DeLonghi offre <strong data-start=\"2734\" data-end=\"2759\">mousse de qualit\u00e9 barista<\/strong> dense, soyeux et homog\u00e8ne, id\u00e9al pour les cappuccinos, les lattes et m\u00eame la mousse froide. <strong data-start=\"2862\" data-end=\"2885\">carafe \u00e0 lait thermique<\/strong> garde votre lait frais plus longtemps, tandis que le nettoyage est un jeu d&#039;enfant gr\u00e2ce \u00e0 la fonction de rin\u00e7age automatique.<\/p>\n<p class=\"\" data-start=\"2979\" data-end=\"3118\">Envie d&#039;emporter votre latte partout ? La PrimaDonna Soul comprend un <strong data-start=\"3045\" data-end=\"3066\">Fonctionnalit\u00e9 Mug To Go<\/strong> et est m\u00eame livr\u00e9 avec une \u00e9l\u00e9gante tasse de voyage isotherme.<\/p>\n<div class=\"col-sm-12 col-xs-12\">\n<div class=\"col-sm-4 col-xs-12\"><img fetchpriority=\"high\" decoding=\"async\" class=\"img-responsive alignnone\" src=\"https:\/\/www.maxicoffee.com\/fstrz\/r\/s\/www.maxicoffee.com\/images\/delonghi\/design-moderne-primadonna-soul.jpg.pagespeed.ce.mo_Fe1odva.jpg?frz-v=165\" alt=\"Machine \u00e0 caf\u00e9 automatique DeLonghi PrimaDonna Soul\" width=\"300\" height=\"266\" \/><\/div>\n<div class=\"col-sm-8 col-xs-12\">\n<h3 class=\"\" data-start=\"3125\" data-end=\"3171\">\ud83d\udcf1 <strong data-start=\"3132\" data-end=\"3171\">Un caf\u00e9 plus intelligent avec l&#039;application Coffee Link<\/strong><\/h3>\n<p class=\"\" data-start=\"3173\" data-end=\"3291\">Ce <strong data-start=\"3178\" data-end=\"3206\">machine \u00e0 caf\u00e9 connect\u00e9e<\/strong> se connecte \u00e0 votre smartphone ou tablette via Wi-Fi. Avec le <strong data-start=\"3262\" data-end=\"3281\">Application Coffee Link<\/strong>, tu peux:<\/p>\n<ul data-start=\"3292\" data-end=\"3429\">\n<li class=\"\" data-start=\"3292\" data-end=\"3316\">\n<p class=\"\" data-start=\"3294\" data-end=\"3316\">Commencez \u00e0 brasser \u00e0 distance<\/p>\n<\/li>\n<li class=\"\" data-start=\"3317\" data-end=\"3343\">\n<p class=\"\" data-start=\"3319\" data-end=\"3343\">Personnaliser les param\u00e8tres des boissons<\/p>\n<\/li>\n<li class=\"\" data-start=\"3344\" data-end=\"3368\">\n<p class=\"\" data-start=\"3346\" data-end=\"3368\">Enregistrez vos pr\u00e9f\u00e9rences<\/p>\n<\/li>\n<li class=\"\" data-start=\"3369\" data-end=\"3397\">\n<p class=\"\" data-start=\"3371\" data-end=\"3397\">Recevoir des alertes de maintenance<\/p>\n<\/li>\n<li class=\"\" data-start=\"3398\" data-end=\"3429\">\n<p class=\"\" data-start=\"3400\" data-end=\"3429\">Obtenez des conseils et des tutoriels d&#039;experts<\/p>\n<\/li>\n<\/ul>\n<p class=\"\" data-start=\"3431\" data-end=\"3550\">Contr\u00f4lez tout : les r\u00e9glages de mouture, la temp\u00e9rature, le volume de lait et m\u00eame l&#039;intensit\u00e9 du go\u00fbt, sans m\u00eame vous lever du canap\u00e9.<\/p>\n<hr class=\"\" data-start=\"3552\" data-end=\"3555\" \/>\n<h3 class=\"\" data-start=\"3557\" data-end=\"3616\">\ud83d\udc68\u200d\ud83d\udc69\u200d\ud83d\udc67\u200d\ud83d\udc66 <strong data-start=\"3573\" data-end=\"3616\">Con\u00e7u pour les familles et les amateurs de caf\u00e9<\/strong><\/h3>\n<p class=\"\" data-start=\"3618\" data-end=\"3931\">Avec un <strong data-start=\"3625\" data-end=\"3648\">Conteneur de haricots de 500 g<\/strong>, <strong data-start=\"3650\" data-end=\"3669\">R\u00e9servoir d&#039;eau de 2,2 L<\/strong>, et <strong data-start=\"3675\" data-end=\"3704\">Conteneur \u00e0 marc de 14 g\u00e2teaux<\/strong>La DeLonghi PrimaDonna Soul r\u00e9pond facilement aux demandes \u00e9lev\u00e9es, id\u00e9ale pour les familles nombreuses ou les grands buveurs de caf\u00e9. Plusieurs utilisateurs peuvent enregistrer leurs propres profils de boissons, pour que chacun commence sa journ\u00e9e comme il l&#039;entend. Achetez la machine \u00e0 caf\u00e9 automatique DeLonghi PrimaDonna Soul en ligne.<\/p>\n<p class=\"\" data-start=\"3933\" data-end=\"4024\">De plus, le <strong data-start=\"3943\" data-end=\"3983\">conception en acier inoxydable avec finition miroir<\/strong> ajoute une touche d&#039;\u00e9l\u00e9gance \u00e0 n&#039;importe quelle cuisine.<\/p>\n<\/div>\n<\/div>\n<div class=\"col-sm-12 col-xs-12\">\n<div class=\"col-sm-4 col-xs-12\"><img decoding=\"async\" class=\"img-responsive alignnone\" src=\"https:\/\/www.maxicoffee.com\/fstrz\/r\/s\/www.maxicoffee.com\/images\/delonghi\/ecran-intuitif-primadonna-soul-delonghi.jpg.pagespeed.ce.pZb4PKjy30.jpg?frz-v=165\" alt=\"Machine \u00e0 caf\u00e9 automatique DeLonghi PrimaDonna Soul\" width=\"300\" height=\"266\" \/><\/div>\n<div class=\"col-sm-8 col-xs-12\">\n<h3 class=\"\" data-start=\"4031\" data-end=\"4082\">\ud83e\uddfc <strong data-start=\"4038\" data-end=\"4082\">Entretien facile et fiabilit\u00e9 \u00e0 long terme<\/strong><\/h3>\n<p class=\"\" data-start=\"4084\" data-end=\"4115\">L&#039;entretien est simple :<\/p>\n<ul data-start=\"4116\" data-end=\"4328\">\n<li class=\"\" data-start=\"4116\" data-end=\"4165\">\n<p class=\"\" data-start=\"4118\" data-end=\"4165\"><strong data-start=\"4118\" data-end=\"4165\">Notifications automatiques de rin\u00e7age et de d\u00e9tartrage<\/strong><\/p>\n<\/li>\n<li class=\"\" data-start=\"4166\" data-end=\"4213\">\n<p class=\"\" data-start=\"4168\" data-end=\"4213\"><strong data-start=\"4168\" data-end=\"4194\">Unit\u00e9 de brassage amovible<\/strong> pour un rin\u00e7age hebdomadaire<\/p>\n<\/li>\n<li class=\"\" data-start=\"4214\" data-end=\"4256\">\n<p class=\"\" data-start=\"4216\" data-end=\"4256\"><strong data-start=\"4216\" data-end=\"4256\">Bac d&#039;\u00e9gouttage et carafe compatibles lave-vaisselle<\/strong><\/p>\n<\/li>\n<li class=\"\" data-start=\"4257\" data-end=\"4328\">\n<p class=\"\" data-start=\"4259\" data-end=\"4328\"><strong data-start=\"4259\" data-end=\"4289\">Compatibilit\u00e9 des filtres \u00e0 eau<\/strong> pour r\u00e9duire le calcaire et am\u00e9liorer la saveur<\/p>\n<\/li>\n<\/ul>\n<p class=\"\" data-start=\"4330\" data-end=\"4449\">Soutenu par un <strong data-start=\"4342\" data-end=\"4361\">5-year warranty<\/strong> Lorsque vous achetez via DK Distribution, votre investissement est prot\u00e9g\u00e9 pour les ann\u00e9es \u00e0 venir.<\/p>\n<\/div>\n<\/div>\n<div class=\"col-sm-12 col-xs-12\">\n<div class=\"col-sm-4 col-xs-12\"><img decoding=\"async\" class=\"img-responsive\" src=\"https:\/\/www.maxicoffee.com\/fstrz\/r\/s\/www.maxicoffee.com\/images\/delonghi\/delonghi-primadonna-soul-610.74.mb.jpg.pagespeed.ce.Htfw-SZEGn.jpg?frz-v=165\" alt=\"Tasse pour machine \u00e0 caf\u00e9 \u00e0 grains DeLonghi Primadonna Soul ECAM 610.74.MB\" width=\"300\" height=\"306\" \/><\/div>\n<div class=\"col-sm-8 col-xs-12\">\n<h2 data-start=\"4456\" data-end=\"4494\">\ud83d\udce6 <strong data-start=\"4463\" data-end=\"4494\">Inclus avec votre achat<\/strong><\/h2>\n<ul data-start=\"4496\" data-end=\"4769\">\n<li class=\"\" data-start=\"4496\" data-end=\"4547\">\n<p class=\"\" data-start=\"4498\" data-end=\"4547\">Machine \u00e0 caf\u00e9 DeLonghi PrimaDonna Soul ECAM 610.74.MB<\/p>\n<\/li>\n<li class=\"\" data-start=\"4548\" data-end=\"4571\">\n<p class=\"\" data-start=\"4550\" data-end=\"4571\">Carafe \u00e0 lait thermique<\/p>\n<\/li>\n<li class=\"\" data-start=\"4572\" data-end=\"4608\">\n<p class=\"\" data-start=\"4574\" data-end=\"4608\">Mug To Go (tasse de voyage isotherme)<\/p>\n<\/li>\n<li class=\"\" data-start=\"4609\" data-end=\"4639\">\n<p class=\"\" data-start=\"4611\" data-end=\"4639\">Filtre \u00e0 eau et kit de d\u00e9marrage<\/p>\n<\/li>\n<li class=\"\" data-start=\"4640\" data-end=\"4667\">\n<p class=\"\" data-start=\"4642\" data-end=\"4667\">Manuel d&#039;instructions complet<\/p>\n<\/li>\n<li class=\"\" data-start=\"4668\" data-end=\"4702\">\n<p class=\"\" data-start=\"4670\" data-end=\"4702\">Livraison GRATUITE (via Chronopost)<\/p>\n<\/li>\n<li class=\"\" data-start=\"4703\" data-end=\"4769\">\n<p class=\"\" data-start=\"4705\" data-end=\"4769\"><strong data-start=\"4705\" data-end=\"4724\">Garantie de 5 ans<\/strong> (3 ans + extension de distribution DK de 2 ans)<\/p>\n<\/li>\n<\/ul>\n<\/div>\n<\/div>\n<div class=\"col-sm-12 col-xs-12\">\n<div class=\"col-sm-4 col-xs-12\"><img loading=\"lazy\" decoding=\"async\" class=\"img-responsive alignnone\" src=\"https:\/\/www.maxicoffee.com\/fstrz\/r\/s\/www.maxicoffee.com\/images\/delonghi\/lattecrema-system-delonghi-cappuccino.jpg.pagespeed.ce.T1r8UfApS2.jpg?frz-v=165\" alt=\"Machine \u00e0 caf\u00e9 automatique DeLonghi PrimaDonna Soul\" width=\"300\" height=\"266\" \/><\/div>\n<div class=\"col-sm-8 col-xs-12\">\n<h2 class=\"\" data-start=\"4776\" data-end=\"4826\">\ud83d\udd11 <strong data-start=\"4782\" data-end=\"4826\">Pourquoi choisir la DeLonghi PrimaDonna Soul ?<\/strong><\/h2>\n<div class=\"group pointer-events-none relative flex justify-center *:pointer-events-auto\"><button class=\"hover:bg-token-main-surface-secondary text-token-text-secondary pointer-events-auto rounded-lg px-1 py-1 opacity-0 transition-opacity duration-200 group-focus-within:opacity-100 group-hover:opacity-100\"><\/button><\/p>\n<div class=\"tableContainer horzScrollShadows relative\">\n<table class=\"min-w-full\" data-start=\"4828\" data-end=\"5157\">\n<thead data-start=\"4828\" data-end=\"4849\">\n<tr data-start=\"4828\" data-end=\"4849\">\n<th data-start=\"4828\" data-end=\"4838\">Fonctionnalit\u00e9<\/th>\n<th data-start=\"4838\" data-end=\"4849\">Avantage<\/th>\n<\/tr>\n<\/thead>\n<tbody data-start=\"4871\" data-end=\"5157\">\n<tr data-start=\"4871\" data-end=\"4931\">\n<td class=\"max-w-[calc(var(--thread-content-max-width)*2\/3)]\" data-start=\"4871\" data-end=\"4895\"><strong data-start=\"4873\" data-end=\"4894\">21 recettes de caf\u00e9<\/strong><\/td>\n<td class=\"max-w-[calc(var(--thread-content-max-width)*2\/3)]\" data-start=\"4895\" data-end=\"4931\">Une vari\u00e9t\u00e9 de touches pour chaque humeur<\/td>\n<\/tr>\n<tr data-start=\"4932\" data-end=\"4992\">\n<td class=\"max-w-[calc(var(--thread-content-max-width)*2\/3)]\" data-start=\"4932\" data-end=\"4954\"><strong data-start=\"4934\" data-end=\"4953\">Bean Adapt Tech<\/strong><\/td>\n<td class=\"max-w-[calc(var(--thread-content-max-width)*2\/3)]\" data-start=\"4954\" data-end=\"4992\">Infuser de mani\u00e8re optimale pour chaque type de grain<\/td>\n<\/tr>\n<tr data-start=\"4993\" data-end=\"5050\">\n<td class=\"max-w-[calc(var(--thread-content-max-width)*2\/3)]\" data-start=\"4993\" data-end=\"5017\"><strong data-start=\"4995\" data-end=\"5016\">Syst\u00e8me LatteCrema<\/strong><\/td>\n<td class=\"max-w-[calc(var(--thread-content-max-width)*2\/3)]\" data-start=\"5017\" data-end=\"5050\">Une mousse de lait parfaite \u00e0 chaque fois<\/td>\n<\/tr>\n<tr data-start=\"5051\" data-end=\"5107\">\n<td class=\"max-w-[calc(var(--thread-content-max-width)*2\/3)]\" data-start=\"5051\" data-end=\"5076\"><strong data-start=\"5053\" data-end=\"5075\">Contr\u00f4le du smartphone<\/strong><\/td>\n<td class=\"max-w-[calc(var(--thread-content-max-width)*2\/3)]\" data-start=\"5076\" data-end=\"5107\">Personnalisez et brassez \u00e0 distance<\/td>\n<\/tr>\n<tr data-start=\"5108\" data-end=\"5157\">\n<td class=\"max-w-[calc(var(--thread-content-max-width)*2\/3)]\" data-start=\"5108\" data-end=\"5130\"><strong data-start=\"5110\" data-end=\"5129\">Garantie de 5 ans<\/strong><\/td>\n<td class=\"max-w-[calc(var(--thread-content-max-width)*2\/3)]\" data-start=\"5130\" data-end=\"5157\">Tranquillit\u00e9 d&#039;esprit \u00e0 long terme<\/td>\n<\/tr>\n<\/tbody>\n<\/table>\n<\/div>\n<\/div>\n<\/div>\n<\/div>\n<div class=\"col-sm-12 col-xs-12\">\n<div class=\"col-sm-8 col-xs-12\">\n<div><\/div>\n<\/div>\n<\/div>\n<div class=\"col-sm-12 col-xs-12\">\n<div class=\"col-sm-4 col-xs-12\"><img loading=\"lazy\" decoding=\"async\" class=\"img-responsive\" src=\"https:\/\/www.maxicoffee.com\/fstrz\/r\/s\/www.maxicoffee.com\/images\/delonghi\/bean-adapt-technology-delonghi2.jpg.pagespeed.ce.DILFu5TMGl.jpg?frz-v=165\" alt=\"Haricot Adapter Delonghi Primadonna Soul ECAM 610.74.MB\" width=\"300\" height=\"264\" \/><\/div>\n<div class=\"col-sm-8 col-xs-12\">\n<h2 class=\"\" data-start=\"5164\" data-end=\"5186\"><strong data-start=\"5565\" data-end=\"5608\">DeLonghi PrimaDonna Soul<\/strong> Avis des clients<\/h2>\n<p class=\"\" data-start=\"5188\" data-end=\"5352\"><strong data-start=\"5188\" data-end=\"5200\">Marie D.<\/strong> \u2013 \u2605\u2605\u2605\u2605\u2605<br data-start=\"5208\" data-end=\"5211\" \/><em data-start=\"5211\" data-end=\"5352\">Cette machine a chang\u00e9 mes matins. Je peux personnaliser mon flat white au lait d&#039;avoine \u00e0 la perfection depuis l&#039;application, et il est meilleur que celui de mon caf\u00e9 du coin\u00a0!<\/em><\/p>\n<p class=\"\" data-start=\"5354\" data-end=\"5506\"><strong data-start=\"5354\" data-end=\"5365\">Liam K.<\/strong> \u2013 \u2605\u2605\u2605\u2605\u2605<br data-start=\"5373\" data-end=\"5376\" \/><em data-start=\"5376\" data-end=\"5504\">\u00ab\u00a0\u00c7a vaut vraiment le coup. Le syst\u00e8me Bean Adapt fait vraiment la diff\u00e9rence. Mon caf\u00e9 \u00e9thiopien l\u00e9ger n&#039;a jamais \u00e9t\u00e9 aussi bon.\u00a0\u00bb<\/em><\/p>\n<hr class=\"\" data-start=\"5508\" data-end=\"5511\" \/>\n<h2 class=\"\" data-start=\"5513\" data-end=\"5552\">Pr\u00eat \u00e0 ramener le caf\u00e9 \u00e0 la maison ?<\/h2>\n<p class=\"\" data-start=\"5554\" data-end=\"5810\">Commandez votre <strong data-start=\"5565\" data-end=\"5608\">DeLonghi PrimaDonna Soul ECAM 610.74.MB<\/strong> aujourd&#039;hui \u00e0 partir de <a href=\"https:\/\/bestathomeespressomachine.com\/fr\/shop\/\"><strong data-start=\"5620\" data-end=\"5647\">Espressomachinesale.com<\/strong><\/a>.<br data-start=\"5648\" data-end=\"5651\" \/>Appr\u00e9cier <strong data-start=\"5657\" data-end=\"5674\">livraison gratuite<\/strong>, un gratuit<strong data-start=\"5676\" data-end=\"5689\">\u00a0cadeau<\/strong>, et un <strong data-start=\"5697\" data-end=\"5722\">garantie totale de 5 ans<\/strong>.<br data-start=\"5723\" data-end=\"5726\" \/>Am\u00e9liorez vos matin\u00e9es avec un caf\u00e9 qui <strong data-start=\"5767\" data-end=\"5810\">intelligent, simple et d\u00e9licieusement \u00e9mouvant<\/strong><\/p>\n<div><\/div>\n<\/div>\n<\/div>\n<div class=\"col-sm-12 col-xs-12\">\n<div class=\"col-sm-4 col-xs-12\"><img loading=\"lazy\" decoding=\"async\" class=\"img-responsive\" src=\"https:\/\/www.maxicoffee.com\/fstrz\/r\/s\/www.maxicoffee.com\/images\/delonghi\/kit-entretien-delonghi.jpg.pagespeed.ce.d_3f0q1c7A.jpg?frz-v=165\" alt=\"Entretien du moulin \u00e0 expresso Delonghi\" width=\"300\" height=\"266\" \/><\/div>\n<div class=\"col-sm-8 col-xs-12\">\n<h2>Entretien simple et efficace sur ce moulin \u00e0 expresso DeLonghi Primadonna Soul<\/h2>\n<div>\n<p>Les machines automatiques \u00e9quip\u00e9es de broyeurs DeLonghi sont tr\u00e8s faciles \u00e0 entretenir. Je vous recommande vivement d&#039;utiliser une cartouche filtrante pour traiter l&#039;eau du calcaire et en purifier le go\u00fbt. N&#039;oubliez pas de proc\u00e9der au d\u00e9tartrage d\u00e8s que la machine vous le demande. Le groupe caf\u00e9 est amovible, ce qui permet de le nettoyer au moins une fois par semaine \u00e0 l&#039;eau ti\u00e8de. Laissez-le s\u00e9cher \u00e0 l&#039;air libre, puis remettez-le en place.<\/p>\n<\/div>\n<\/div>\n<\/div>","protected":false},"excerpt":{"rendered":"<ul>\n<li>Finitions en acier inoxydable et m\u00e9tal noir de qualit\u00e9 sup\u00e9rieure et couvercle miroir<\/li>\n<li>Technologie Bean Adapt<\/li>\n<li>21 recettes en acc\u00e8s direct<\/li>\n<li>4 nouvelles recettes + 6 cr\u00e9ations + 5 profils utilisateurs<\/li>\n<li>Syst\u00e8me Latte Crema + carafe \u00e0 lait thermique<\/li>\n<li>Version livr\u00e9e avec un mug de voyage<\/li>\n<li>Machine connect\u00e9e via Wifi<\/li>\n<li>Garantie de 5 ans<\/li>\n<li>Confort sonore : A++<\/li>\n<\/ul>","protected":false},"featured_media":21000,"comment_status":"open","ping_status":"closed","template":"","meta":[],"product_cat":[50],"product_tag":[],"class_list":{"0":"post-20896","1":"product","2":"type-product","3":"status-publish","4":"has-post-thumbnail","6":"product_cat-delonghi-espresso-machines","8":"first","9":"instock","10":"shipping-taxable","11":"product-type-simple","12":"col-xs-6 col-sm-4","13":"col-md-3 col-lg-3","14":"un-4-cols"},"jetpack_sharing_enabled":true,"_links":{"self":[{"href":"https:\/\/bestathomeespressomachine.com\/fr\/wp-json\/wp\/v2\/product\/20896","targetHints":{"allow":["GET"]}}],"collection":[{"href":"https:\/\/bestathomeespressomachine.com\/fr\/wp-json\/wp\/v2\/product"}],"about":[{"href":"https:\/\/bestathomeespressomachine.com\/fr\/wp-json\/wp\/v2\/types\/product"}],"replies":[{"embeddable":true,"href":"https:\/\/bestathomeespressomachine.com\/fr\/wp-json\/wp\/v2\/comments?post=20896"}],"version-history":[{"count":3,"href":"https:\/\/bestathomeespressomachine.com\/fr\/wp-json\/wp\/v2\/product\/20896\/revisions"}],"predecessor-version":[{"id":22426,"href":"https:\/\/bestathomeespressomachine.com\/fr\/wp-json\/wp\/v2\/product\/20896\/revisions\/22426"}],"wp:featuredmedia":[{"embeddable":true,"href":"https:\/\/bestathomeespressomachine.com\/fr\/wp-json\/wp\/v2\/media\/21000"}],"wp:attachment":[{"href":"https:\/\/bestathomeespressomachine.com\/fr\/wp-json\/wp\/v2\/media?parent=20896"}],"wp:term":[{"taxonomy":"product_cat","embeddable":true,"href":"https:\/\/bestathomeespressomachine.com\/fr\/wp-json\/wp\/v2\/product_cat?post=20896"},{"taxonomy":"product_tag","embeddable":true,"href":"https:\/\/bestathomeespressomachine.com\/fr\/wp-json\/wp\/v2\/product_tag?post=20896"}],"curies":[{"name":"wp","href":"https:\/\/api.w.org\/{rel}","templated":true}]}}