{"id":20898,"date":"2024-12-29T18:32:27","date_gmt":"2024-12-29T18:32:27","guid":{"rendered":"https:\/\/bestathomeespressomachine.com\/?post_type=product&#038;p=20898"},"modified":"2025-04-30T10:52:09","modified_gmt":"2025-04-30T10:52:09","slug":"delonghi-primadonna-elite-experience-ecam-650-85-ms-5-year-warranty","status":"publish","type":"product","link":"https:\/\/bestathomeespressomachine.com\/fr\/product\/delonghi-primadonna-elite-experience-ecam-650-85-ms-5-year-warranty\/","title":{"rendered":"DELONGHI PrimaDonna Elite Experience ECAM 650.85 MS Garantie 5 ans"},"content":{"rendered":"<section class=\"section is-heading\">\n<div class=\"section_content\">\n<div class=\"section_text\">\n<h2 data-start=\"0\" data-end=\"83\"><strong data-start=\"0\" data-end=\"83\">Machine \u00e0 expresso DeLonghi PrimaDonna Elite ECAM 650.85.MS \u2013 Pr\u00e9sentation commerciale<\/strong><\/h2>\n<p class=\"\" data-start=\"85\" data-end=\"671\">D\u00e9couvrez l&#039;innovation ultime en mati\u00e8re de pr\u00e9paration du caf\u00e9 avec le <strong data-start=\"146\" data-end=\"207\">Machine \u00e0 expresso DeLonghi PrimaDonna Elite ECAM 650.85.MS<\/strong>Avec sa capacit\u00e9 \u00e0 cr\u00e9er 25 boissons diff\u00e9rentes, dont des caf\u00e9s froids exclusifs, cette machine vous transporte chez vous gr\u00e2ce \u00e0 une vari\u00e9t\u00e9 d&#039;options personnalisables. De votre expresso du matin aux frapp\u00e9s rafra\u00eechissants, en passant par les chocolats chauds et m\u00eame une s\u00e9lection de th\u00e9s, la PrimaDonna Elite offre une exp\u00e9rience incomparable, du grain \u00e0 la tasse. Profitez-en gratuitement. <strong data-start=\"549\" data-end=\"572\">Livraison Chronopost<\/strong> et une garantie suppl\u00e9mentaire de 2 ans pour un total de 5 ans lors de l&#039;achat aupr\u00e8s de <strong data-start=\"651\" data-end=\"670\">DK Distribution<\/strong>.<\/p>\n<hr class=\"\" data-start=\"673\" data-end=\"676\" \/>\n<h2 class=\"\" data-start=\"678\" data-end=\"741\"><strong data-start=\"681\" data-end=\"741\">Pourquoi choisir la DeLonghi PrimaDonna Elite ECAM 650.85.MS ?<\/strong><\/h2>\n<ul data-start=\"743\" data-end=\"2030\">\n<li class=\"\" data-start=\"743\" data-end=\"1094\">\n<p class=\"\" data-start=\"745\" data-end=\"1094\"><strong data-start=\"745\" data-end=\"779\">25 recettes de caf\u00e9 et de boissons<\/strong><br data-start=\"779\" data-end=\"782\" \/>La DeLonghi PrimaDonna Elite propose un menu vari\u00e9, comprenant <strong data-start=\"847\" data-end=\"858\">Frapp\u00e9s<\/strong>, <strong data-start=\"860\" data-end=\"873\">Am\u00e9ricain<\/strong>, <strong data-start=\"875\" data-end=\"892\">Chocolat chaud<\/strong>, <strong data-start=\"894\" data-end=\"913\">Sp\u00e9cialit\u00e9s de th\u00e9<\/strong>, et traditionnel <strong data-start=\"931\" data-end=\"943\">Espresso<\/strong>. Merci \u00e0 la <strong data-start=\"959\" data-end=\"982\">recettes de caf\u00e9 froid<\/strong> fonctionnalit\u00e9, profitez de boissons glac\u00e9es sans vous soucier de la dilution - parfait pour les journ\u00e9es chaudes ou les cocktails au caf\u00e9 uniques.<\/p>\n<\/li>\n<li class=\"\" data-start=\"1096\" data-end=\"1420\">\n<p class=\"\" data-start=\"1098\" data-end=\"1420\"><strong data-start=\"1098\" data-end=\"1153\">Boissons exclusives au caf\u00e9 froid et carafe de chocolat chaud<\/strong><br data-start=\"1153\" data-end=\"1156\" \/>DeLonghi est la premi\u00e8re marque \u00e0 introduire <strong data-start=\"1199\" data-end=\"1221\">recettes de boissons froides<\/strong> et <strong data-start=\"1226\" data-end=\"1258\">smoothie-like coffee frappes<\/strong> dans une machine \u00e0 expresso super automatique. <strong data-start=\"1302\" data-end=\"1326\">Carafe \u00e0 chocolat chaud<\/strong>, \u00e9quip\u00e9 d&#039;un m\u00e9langeur \u00e0 chocolat, vous permet de r\u00e9aliser du chocolat chaud et cr\u00e9meux pour une ou deux personnes.<\/p>\n<\/li>\n<li class=\"\" data-start=\"1422\" data-end=\"1652\">\n<p class=\"\" data-start=\"1424\" data-end=\"1652\"><strong data-start=\"1424\" data-end=\"1450\">Plusieurs profils d&#039;utilisateurs<\/strong><br data-start=\"1450\" data-end=\"1453\" \/>Personnalisez votre exp\u00e9rience de brassage avec <strong data-start=\"1494\" data-end=\"1513\">6 profils d&#039;utilisateurs<\/strong> et un <strong data-start=\"1520\" data-end=\"1537\">profil de l&#039;invit\u00e9<\/strong>, chacun sauvegardant des pr\u00e9f\u00e9rences de boissons sp\u00e9cifiques. Choisissez parmi <strong data-start=\"1591\" data-end=\"1617\">12 boissons pr\u00e9enregistr\u00e9es<\/strong> ou cr\u00e9ez vos propres recettes uniques.<\/p>\n<\/li>\n<li class=\"\" data-start=\"1654\" data-end=\"2030\">\n<p class=\"\" data-start=\"1656\" data-end=\"2030\"><strong data-start=\"1656\" data-end=\"1694\">Technologie avanc\u00e9e de pr\u00e9paration du caf\u00e9<\/strong><br data-start=\"1694\" data-end=\"1697\" \/>Le <strong data-start=\"1703\" data-end=\"1730\">syst\u00e8me de thermobloc double<\/strong> garantit que vos boissons sont infus\u00e9es \u00e0 la temp\u00e9rature id\u00e9ale, tandis que le <strong data-start=\"1800\" data-end=\"1826\">\u00e9cran tactile couleur TFT<\/strong> Offre une interface intuitive pour une personnalisation facile. Vous pouvez tout contr\u00f4ler, de la concentration \u00e0 la temp\u00e9rature de la boisson, directement depuis la machine ou via <strong data-start=\"1978\" data-end=\"2004\">Connectivit\u00e9 Bluetooth<\/strong> via l&#039;application DeLonghi.<\/p>\n<\/li>\n<\/ul>\n<\/div>\n<\/div>\n<\/section>\n<div class=\"col-sm-12 col-xs-12\">\n<div class=\"col-sm-4 col-xs-12\"><\/div>\n<div class=\"col-sm-8 col-xs-12\">\n<h2 class=\"\" data-start=\"2037\" data-end=\"2104\"><strong data-start=\"2040\" data-end=\"2104\">Principales caract\u00e9ristiques de la DeLonghi PrimaDonna Elite ECAM 650.85.MS<\/strong><\/h2>\n<ul data-start=\"2106\" data-end=\"3499\">\n<li class=\"\" data-start=\"2106\" data-end=\"2400\">\n<p class=\"\" data-start=\"2108\" data-end=\"2400\"><strong data-start=\"2108\" data-end=\"2147\">Recettes de caf\u00e9 froid exclusives au monde<\/strong><br data-start=\"2147\" data-end=\"2150\" \/>DeLonghi <strong data-start=\"2163\" data-end=\"2185\">recettes de boissons froides<\/strong>, y compris le caf\u00e9 glac\u00e9 et les caf\u00e9s frapp\u00e9s, sont r\u00e9volutionn\u00e9s par cette machine. C&#039;est la seule machine du march\u00e9 capable de pr\u00e9parer des boissons glac\u00e9es parfaites et cors\u00e9es sans risquer de diluer votre boisson.<\/p>\n<\/li>\n<li class=\"\" data-start=\"2402\" data-end=\"2655\">\n<p class=\"\" data-start=\"2404\" data-end=\"2655\"><strong data-start=\"2404\" data-end=\"2434\">Carafes de lait et de chocolat<\/strong><br data-start=\"2434\" data-end=\"2437\" \/>Comes with <strong data-start=\"2450\" data-end=\"2465\">two carafes<\/strong>: une pour le lait et l&#039;autre pour le chocolat chaud. Les deux carafes sont \u00e9quip\u00e9es d&#039;un m\u00e9langeur pour une mousse et un m\u00e9lange parfaits du chocolat, ainsi que d&#039;une carafe suppl\u00e9mentaire pour les boissons glac\u00e9es avec gla\u00e7ons int\u00e9gr\u00e9s.<\/p>\n<\/li>\n<li class=\"\" data-start=\"2657\" data-end=\"2868\">\n<p class=\"\" data-start=\"2659\" data-end=\"2868\"><strong data-start=\"2659\" data-end=\"2703\">\u00c9cran tactile couleur TFT 4,3 pouces convivial<\/strong><br data-start=\"2703\" data-end=\"2706\" \/>Personnalisez et ajustez vos boissons facilement gr\u00e2ce au <strong data-start=\"2760\" data-end=\"2789\">grand \u00e9cran tactile couleur.<\/strong>\u00a0Son interface intuitive vous garantit de ne jamais avoir de mal \u00e0 trouver votre infusion parfaite.<\/p>\n<\/li>\n<li class=\"\" data-start=\"2870\" data-end=\"3164\">\n<p class=\"\" data-start=\"2872\" data-end=\"3164\"><strong data-start=\"2872\" data-end=\"2898\">Connectivit\u00e9 Bluetooth<\/strong><br data-start=\"2898\" data-end=\"2901\" \/>La PrimaDonna Elite fait partie de la gamme connect\u00e9e de DeLonghi, vous permettant de contr\u00f4ler et de personnaliser vos boissons \u00e0 distance via le <strong data-start=\"3034\" data-end=\"3050\"><a href=\"https:\/\/bestathomeespressomachine.com\/fr\/product\/buy-delonghi-dinamica-lattecrema-super-automatic-espresso-machine-online\/\">DeLonghi<\/a> application<\/strong>Vous pouvez ajuster les param\u00e8tres, lancer des boissons et m\u00eame acc\u00e9der \u00e0 des conseils d&#039;entretien depuis votre <strong data-start=\"3135\" data-end=\"3149\">smartphone<\/strong> ou <strong data-start=\"3153\" data-end=\"3163\">comprim\u00e9<\/strong>.<\/p>\n<\/li>\n<li class=\"\" data-start=\"3166\" data-end=\"3499\">\n<p class=\"\" data-start=\"3168\" data-end=\"3499\"><strong data-start=\"3168\" data-end=\"3207\">Nettoyage et entretien sans effort<\/strong><br data-start=\"3207\" data-end=\"3210\" \/>Con\u00e7u pour \u00eatre facile \u00e0 utiliser, le PrimaDonna Elite dispose <strong data-start=\"3268\" data-end=\"3299\">programmes de nettoyage automatique<\/strong> pour les parties lait et caf\u00e9. Vous pouvez retirer le <strong data-start=\"3351\" data-end=\"3369\">r\u00e9cipient \u00e0 lait<\/strong>, nettoyez-le facilement et conservez-le au r\u00e9frig\u00e9rateur, tandis que le <strong data-start=\"3426\" data-end=\"3443\">brewing group<\/strong> est amovible et lavable au lave-vaisselle pour un entretien sans effort.<\/p>\n<\/li>\n<\/ul>\n<\/div>\n<\/div>\n<div class=\"col-sm-12 col-xs-12\">\n<div class=\"col-sm-4 col-xs-12\"><img fetchpriority=\"high\" decoding=\"async\" class=\"img-responsive\" src=\"https:\/\/www.maxicoffee.com\/fstrz\/r\/s\/www.maxicoffee.com\/images\/delonghi\/chocolat-delonghi-primadonna-elite-650.85.ms.jpg.pagespeed.ce.AxmkJ88mXM.jpg?frz-v=165\" alt=\"Machine \u00e0 caf\u00e9 en grains DeLonghi Primadonna Elite 650.85.MS\" width=\"300\" height=\"266\" \/><\/div>\n<div class=\"col-sm-8 col-xs-12\">\n<h2 class=\"\" data-start=\"3506\" data-end=\"3577\"><strong data-start=\"3509\" data-end=\"3577\">O\u00f9 acheter la DeLonghi PrimaDonna Elite ECAM 650.85.MS en ligne\u00a0?<\/strong><\/h2>\n<p class=\"\" data-start=\"3579\" data-end=\"3870\">Le <strong data-start=\"3583\" data-end=\"3627\">DeLonghi PrimaDonna Elite ECAM 650.85.MS<\/strong> La machine \u00e0 expresso est disponible \u00e0 l&#039;achat exclusivement chez <a href=\"http:\/\/Espressomachinesale.com\" rel=\"nofollow noopener\" target=\"_blank\"><strong data-start=\"3686\" data-end=\"3713\">Espressomachinesale.com<\/strong><\/a>Nos clients peuvent b\u00e9n\u00e9ficier d&#039;une exp\u00e9dition rapide, d&#039;une<a href=\"https:\/\/bestathomeespressomachine.com\/fr\/warranty-information\/\"> <strong data-start=\"3756\" data-end=\"3775\">5-year warranty<\/strong><\/a> (une extension de 2 ans de la garantie standard de 3 ans de De&#039;Longhi) et un excellent service client.<\/p>\n<h3 data-start=\"3872\" data-end=\"3892\"><strong data-start=\"3872\" data-end=\"3892\">Why buy from us?<\/strong><\/h3>\n<ul data-start=\"3893\" data-end=\"3997\">\n<li class=\"\" data-start=\"3893\" data-end=\"3922\">\n<p class=\"\" data-start=\"3895\" data-end=\"3922\"><strong data-start=\"3895\" data-end=\"3920\">Meilleur prix garanti<\/strong><\/p>\n<\/li>\n<li class=\"\" data-start=\"3923\" data-end=\"3944\">\n<p class=\"\" data-start=\"3925\" data-end=\"3944\"><a href=\"https:\/\/bestathomeespressomachine.com\/fr\/shipping-policy\/\"><strong data-start=\"3925\" data-end=\"3942\">Livraison gratuite<\/strong><\/a><\/p>\n<\/li>\n<li class=\"\" data-start=\"3945\" data-end=\"3997\">\n<p class=\"\" data-start=\"3947\" data-end=\"3997\"><strong data-start=\"3947\" data-end=\"3976\">Garantie exclusive de 5 ans<\/strong> (offre \u00e0 dur\u00e9e limit\u00e9e)<\/p>\n<\/li>\n<\/ul>\n<\/div>\n<\/div>\n<div class=\"col-sm-12 col-xs-12\">\n<div class=\"col-sm-4 col-xs-12\"><img decoding=\"async\" class=\"img-responsive\" src=\"https:\/\/www.maxicoffee.com\/fstrz\/r\/s\/www.maxicoffee.com\/images\/delonghi\/intuitive-delonghi-primadonna-elite-650.85.ms.jpg.pagespeed.ce.aPtdnhkEN6.jpg?frz-v=165\" alt=\"DeLonghi Primadonna Elite 650.85.MS Cafeti\u00e8re \u00e0 grains\" width=\"300\" height=\"306\" \/><\/div>\n<div class=\"col-sm-8 col-xs-12\">\n<h2 class=\"\" data-start=\"4004\" data-end=\"4027\"><strong data-start=\"4007\" data-end=\"4027\">Avis des clients<\/strong><\/h2>\n<p class=\"\" data-start=\"4029\" data-end=\"4276\"><strong data-start=\"4029\" data-end=\"4040\">John M.<\/strong> \u2013 \u2605\u2605\u2605\u2605\u2605<br data-start=\"4048\" data-end=\"4051\" \/><em data-start=\"4051\" data-end=\"4276\">\u00ab La DeLonghi PrimaDonna Elite a v\u00e9ritablement transform\u00e9 mon exp\u00e9rience caf\u00e9. Du caf\u00e9 glac\u00e9 au latte onctueux, chaque boisson est pr\u00e9par\u00e9e \u00e0 la perfection. L&#039;application est r\u00e9volutionnaire\u00a0: je peux tout personnaliser depuis mon t\u00e9l\u00e9phone\u00a0! \u00bb<\/em><\/p>\n<p class=\"\" data-start=\"4278\" data-end=\"4480\"><strong data-start=\"4278\" data-end=\"4290\">Sarah T.<\/strong> \u2013 \u2605\u2605\u2605\u2605\u2605<br data-start=\"4298\" data-end=\"4301\" \/><em data-start=\"4301\" data-end=\"4480\">J&#039;adore la simplicit\u00e9 de pr\u00e9paration du chocolat chaud, et les caf\u00e9s frapp\u00e9s sont d\u00e9licieux. Le design de la machine est \u00e9l\u00e9gant et l&#039;\u00e9cran tactile est tr\u00e8s intuitif. Je recommande vivement\u00a0!<\/em><\/p>\n<p>&nbsp;<\/p>\n<\/div>\n<\/div>\n<div class=\"col-sm-12 col-xs-12\">\n<div class=\"col-sm-4 col-xs-12\"><img decoding=\"async\" class=\"img-responsive aligncenter\" src=\"https:\/\/www.maxicoffee.com\/fstrz\/r\/s\/www.maxicoffee.com\/images\/delonghi\/boissons-delonghi-primadonna-elite-650.85.ms.jpg.pagespeed.ce.gtoXX7C19k.jpg?frz-v=165\" alt=\"Cafeti\u00e8re \u00e0 grains DeLonghi Elite 650.85.MS\" width=\"300\" height=\"266\" \/><\/div>\n<div class=\"col-sm-8 col-xs-12\">\n<hr class=\"\" data-start=\"4482\" data-end=\"4485\" \/>\n<h2 class=\"\" data-start=\"4487\" data-end=\"4527\"><strong data-start=\"4490\" data-end=\"4527\">Foire aux questions (FAQ)<\/strong><\/h2>\n<h3 class=\"\" data-start=\"4529\" data-end=\"4624\"><strong data-start=\"4533\" data-end=\"4622\">1. Quels types de boissons puis-je pr\u00e9parer avec la DeLonghi PrimaDonna Elite ECAM 650.85.MS ?<\/strong><\/h3>\n<p class=\"\" data-start=\"4625\" data-end=\"4868\">Vous pouvez faire <strong data-start=\"4638\" data-end=\"4661\">25 boissons diff\u00e9rentes<\/strong>, y compris les boissons au caf\u00e9 chaudes et froides, <strong data-start=\"4704\" data-end=\"4721\">chocolat chaud<\/strong>, <strong data-start=\"4723\" data-end=\"4730\">th\u00e9<\/strong>, et <strong data-start=\"4736\" data-end=\"4761\">smoothie-like frappes<\/strong>. La machine propose \u00e9galement des boissons classiques comme <strong data-start=\"4807\" data-end=\"4819\">espresso<\/strong>, <strong data-start=\"4821\" data-end=\"4836\">cappuccinos<\/strong>, <strong data-start=\"4838\" data-end=\"4857\">latt\u00e9<\/strong>, et plus encore.<\/p>\n<h3 class=\"\" data-start=\"4870\" data-end=\"4921\"><strong data-start=\"4874\" data-end=\"4919\">2. Puis-je personnaliser mes pr\u00e9f\u00e9rences en mati\u00e8re de caf\u00e9 ?<\/strong><\/h3>\n<p class=\"\" data-start=\"4922\" data-end=\"5098\">Oui, vous pouvez enregistrer vos pr\u00e9f\u00e9rences avec <strong data-start=\"4962\" data-end=\"4981\">6 profils d&#039;utilisateurs<\/strong> et un <strong data-start=\"4988\" data-end=\"5005\">profil de l&#039;invit\u00e9<\/strong>, vous permettant d&#039;ajuster la force de la boisson, la temp\u00e9rature et la mousse de lait \u00e0 votre go\u00fbt.<\/p>\n<h3 class=\"\" data-start=\"5100\" data-end=\"5158\"><strong data-start=\"5104\" data-end=\"5156\">3. Comment nettoyer la DeLonghi PrimaDonna Elite ?<\/strong><\/h3>\n<p class=\"\" data-start=\"5159\" data-end=\"5365\">Caract\u00e9ristiques de la machine <strong data-start=\"5180\" data-end=\"5211\">programmes de nettoyage automatique<\/strong> pour les syst\u00e8mes \u00e0 lait et \u00e0 caf\u00e9. Le r\u00e9servoir \u00e0 lait est amovible et lavable au lave-vaisselle, et le <strong data-start=\"5311\" data-end=\"5328\">brewing group<\/strong> peut \u00eatre nettoy\u00e9 sous l&#039;eau ti\u00e8de.<\/p>\n<h3 class=\"\" data-start=\"5367\" data-end=\"5413\"><strong data-start=\"5371\" data-end=\"5411\">4. La machine est-elle garantie ?<\/strong><\/h3>\n<p class=\"\" data-start=\"5414\" data-end=\"5621\">Oui, le <strong data-start=\"5423\" data-end=\"5452\">DeLonghi PrimaDonna Elite<\/strong> est livr\u00e9 avec un <strong data-start=\"5466\" data-end=\"5485\">Garantie de 3 ans<\/strong>, plus un suppl\u00e9ment <strong data-start=\"5506\" data-end=\"5525\">Garantie de 2 ans<\/strong> extension lorsque vous achetez via <strong data-start=\"5562\" data-end=\"5581\">DK Distribution<\/strong> for a total of <strong data-start=\"5597\" data-end=\"5608\">5 years<\/strong> of coverage.<\/p>\n<hr class=\"\" data-start=\"5623\" data-end=\"5626\" \/>\n<h2 class=\"\" data-start=\"5628\" data-end=\"5649\"><strong data-start=\"5631\" data-end=\"5649\">R\u00e9flexions finales<\/strong><\/h2>\n<p class=\"\" data-start=\"5651\" data-end=\"6030\">Le <strong data-start=\"5655\" data-end=\"5699\">DeLonghi PrimaDonna Elite ECAM 650.85.MS<\/strong> Cette machine \u00e0 expresso \u00e9tablit une nouvelle norme en mati\u00e8re de machines \u00e0 caf\u00e9 \u00e0 grains, alliant fonctionnalit\u00e9s avanc\u00e9es et design intuitif. Que vous ayez envie d&#039;un expresso chaud, d&#039;un caf\u00e9 glac\u00e9 ou d&#039;une boisson plus originale comme un chocolat chaud ou un frapp\u00e9, cette machine saura vous satisfaire. De plus, gr\u00e2ce \u00e0 son <strong data-start=\"5963\" data-end=\"5982\">5-year warranty<\/strong>, vous pouvez d\u00e9guster votre caf\u00e9 en toute tranquillit\u00e9.<\/p>\n<p class=\"\" data-start=\"6032\" data-end=\"6121\">Achetez maintenant sur <strong data-start=\"6044\" data-end=\"6071\">Expressomachinesale.com<\/strong> et profitez de l&#039;exp\u00e9rience ultime du caf\u00e9 \u00e0 la maison !<\/p>\n<\/div>\n<\/div>","protected":false},"excerpt":{"rendered":"<ul>\n<li>Fa\u00e7ade en acier inoxydable haut de gamme<\/li>\n<li>Plus de 25 boissons chaudes et FROIDES<\/li>\n<li>2 carafes diff\u00e9rentes \/ 2 bacs \u00e0 gla\u00e7ons<\/li>\n<li>7 profils d&#039;utilisateurs<\/li>\n<li>Garantie de 5 ans<\/li>\n<\/ul>","protected":false},"featured_media":21011,"comment_status":"open","ping_status":"closed","template":"","meta":[],"product_cat":[50],"product_tag":[],"class_list":{"0":"post-20898","1":"product","2":"type-product","3":"status-publish","4":"has-post-thumbnail","6":"product_cat-delonghi-espresso-machines","8":"first","9":"instock","10":"shipping-taxable","11":"purchasable","12":"product-type-simple","13":"col-xs-6 col-sm-4","14":"col-md-3 col-lg-3","15":"un-4-cols"},"jetpack_sharing_enabled":true,"_links":{"self":[{"href":"https:\/\/bestathomeespressomachine.com\/fr\/wp-json\/wp\/v2\/product\/20898","targetHints":{"allow":["GET"]}}],"collection":[{"href":"https:\/\/bestathomeespressomachine.com\/fr\/wp-json\/wp\/v2\/product"}],"about":[{"href":"https:\/\/bestathomeespressomachine.com\/fr\/wp-json\/wp\/v2\/types\/product"}],"replies":[{"embeddable":true,"href":"https:\/\/bestathomeespressomachine.com\/fr\/wp-json\/wp\/v2\/comments?post=20898"}],"version-history":[{"count":3,"href":"https:\/\/bestathomeespressomachine.com\/fr\/wp-json\/wp\/v2\/product\/20898\/revisions"}],"predecessor-version":[{"id":22422,"href":"https:\/\/bestathomeespressomachine.com\/fr\/wp-json\/wp\/v2\/product\/20898\/revisions\/22422"}],"wp:featuredmedia":[{"embeddable":true,"href":"https:\/\/bestathomeespressomachine.com\/fr\/wp-json\/wp\/v2\/media\/21011"}],"wp:attachment":[{"href":"https:\/\/bestathomeespressomachine.com\/fr\/wp-json\/wp\/v2\/media?parent=20898"}],"wp:term":[{"taxonomy":"product_cat","embeddable":true,"href":"https:\/\/bestathomeespressomachine.com\/fr\/wp-json\/wp\/v2\/product_cat?post=20898"},{"taxonomy":"product_tag","embeddable":true,"href":"https:\/\/bestathomeespressomachine.com\/fr\/wp-json\/wp\/v2\/product_tag?post=20898"}],"curies":[{"name":"wp","href":"https:\/\/api.w.org\/{rel}","templated":true}]}}