{"id":20900,"date":"2024-12-29T18:32:27","date_gmt":"2024-12-29T18:32:27","guid":{"rendered":"https:\/\/bestathomeespressomachine.com\/?post_type=product&#038;p=20900"},"modified":"2025-04-30T10:34:45","modified_gmt":"2025-04-30T10:34:45","slug":"jura-e8-piano-black-automatic-coffee-machine-15400","status":"publish","type":"product","link":"https:\/\/bestathomeespressomachine.com\/fr\/product\/jura-e8-piano-black-automatic-coffee-machine-15400\/","title":{"rendered":"Machine \u00e0 caf\u00e9 automatique Jura E8 Piano Black 15400"},"content":{"rendered":"<div class=\"product-block-list__item product-block-list__item--description\">\n<div class=\"card\">\n<div class=\"card__header\">\n<h2 data-start=\"0\" data-end=\"58\"><strong data-start=\"4\" data-end=\"58\">Machine \u00e0 expresso automatique Jura E8 \u00e0 vendre en ligne<\/strong><\/h2>\n<p class=\"\" data-start=\"60\" data-end=\"453\">Vous recherchez la machine \u00e0 expresso id\u00e9ale pour pr\u00e9parer des boissons dignes d&#039;un barista \u00e0 la maison\u00a0? <strong data-start=\"151\" data-end=\"189\">Machine \u00e0 expresso automatique Jura E8<\/strong> Le choix id\u00e9al pour les amateurs de caf\u00e9 en qu\u00eate de praticit\u00e9, de pr\u00e9cision et d&#039;un go\u00fbt exceptionnel. Ce nouveau mod\u00e8le 2021 a \u00e9t\u00e9 repens\u00e9 avec un moulin am\u00e9lior\u00e9, un nouveau design du panneau avant et un mousseur \u00e0 lait plus fin, ce qui en fait un incontournable pour votre cuisine ou votre bureau.<\/p>\n<h2 data-start=\"455\" data-end=\"513\"><strong data-start=\"459\" data-end=\"513\">Pourquoi choisir la machine \u00e0 expresso automatique Jura E8 ?<\/strong><\/h2>\n<p class=\"\" data-start=\"515\" data-end=\"913\">Le <strong data-start=\"519\" data-end=\"530\">Jura E8<\/strong> est une machine \u00e0 expresso r\u00e9volutionnaire qui garantit une extraction de caf\u00e9 optimale gr\u00e2ce \u00e0 ses fonctionnalit\u00e9s de pointe. <strong data-start=\"648\" data-end=\"686\">Proc\u00e9d\u00e9 d&#039;extraction par impulsions (PEP\u00ae)<\/strong> garantit une pr\u00e9paration parfaite de chaque caf\u00e9, m\u00eame les sp\u00e9cialit\u00e9s courtes, gr\u00e2ce \u00e0 un temps d&#039;extraction optimis\u00e9 pour un ar\u00f4me maximal. Que vous pr\u00e9pariez des expressos, des cappuccinos ou des lattes, cette machine saura toujours vous impressionner.<\/p>\n<p class=\"\" data-start=\"915\" data-end=\"1209\">Le <strong data-start=\"919\" data-end=\"936\">CLEARYL Smart<\/strong> Le filtre garantit une eau toujours de la plus haute qualit\u00e9 pour une saveur de caf\u00e9 optimale. De plus, <strong data-start=\"1090\" data-end=\"1128\">Syst\u00e8me d&#039;eau intelligent (IWS\u00ae)<\/strong> d\u00e9tecte automatiquement la pr\u00e9sence du filtre, rendant la maintenance plus simple que jamais.<\/p>\n<p class=\"\" data-start=\"1211\" data-end=\"1482\">Ce mod\u00e8le mis \u00e0 jour dispose d&#039;un <strong data-start=\"1241\" data-end=\"1268\">mousseur \u00e0 mousse ultra-fine<\/strong>, offrant 50 % de boissons sp\u00e9ciales en plus et une mousse de lait am\u00e9lior\u00e9e pour une texture luxueuse. <strong data-start=\"1366\" data-end=\"1386\">Broyeur Aroma G3<\/strong> est d\u00e9sormais deux fois plus rapide, garantissant une extraction fluide et efficace de vos grains de caf\u00e9 pr\u00e9f\u00e9r\u00e9s.<\/p>\n<h2 data-start=\"1484\" data-end=\"1512\"><strong data-start=\"1488\" data-end=\"1512\">Caract\u00e9ristiques principales du Jura E8<\/strong><\/h2>\n<ul data-start=\"1514\" data-end=\"2777\">\n<li class=\"\" data-start=\"1514\" data-end=\"1654\">\n<p class=\"\" data-start=\"1516\" data-end=\"1654\"><strong data-start=\"1516\" data-end=\"1554\">Proc\u00e9d\u00e9 d&#039;extraction par impulsions (PEP\u00ae)<\/strong>: Optimise le temps d&#039;extraction, garantissant un ar\u00f4me riche dans chaque tasse, m\u00eame pour les caf\u00e9s de sp\u00e9cialit\u00e9 courts.<\/p>\n<\/li>\n<li class=\"\" data-start=\"1655\" data-end=\"1782\">\n<p class=\"\" data-start=\"1657\" data-end=\"1782\"><strong data-start=\"1657\" data-end=\"1707\">Syst\u00e8me intelligent d&#039;ar\u00f4mes pr\u00e9-infusion (IPBAS)<\/strong>: Am\u00e9liore l&#039;ar\u00f4me de votre caf\u00e9 en contr\u00f4lant la temp\u00e9rature d&#039;infusion.<\/p>\n<\/li>\n<li class=\"\" data-start=\"1783\" data-end=\"1888\">\n<p class=\"\" data-start=\"1785\" data-end=\"1888\"><strong data-start=\"1785\" data-end=\"1816\">Broyeur conique \u00e0 plusieurs niveaux<\/strong>:Garantit un broyage pr\u00e9cis, essentiel \u00e0 l&#039;extraction des saveurs.<\/p>\n<\/li>\n<li class=\"\" data-start=\"1889\" data-end=\"1999\">\n<p class=\"\" data-start=\"1891\" data-end=\"1999\"><strong data-start=\"1891\" data-end=\"1920\">Technologie Jura Fine Foam<\/strong>: Offre une mousse de lait soyeuse et homog\u00e8ne, id\u00e9ale pour les cappuccinos et les lattes.<\/p>\n<\/li>\n<li class=\"\" data-start=\"2000\" data-end=\"2106\">\n<p class=\"\" data-start=\"2002\" data-end=\"2106\"><strong data-start=\"2002\" data-end=\"2043\">8 niveaux d&#039;intensit\u00e9 de caf\u00e9 programmables<\/strong>:Personnalisez la force de chaque infusion en fonction de vos pr\u00e9f\u00e9rences.<\/p>\n<\/li>\n<li class=\"\" data-start=\"2107\" data-end=\"2216\">\n<p class=\"\" data-start=\"2109\" data-end=\"2216\"><strong data-start=\"2109\" data-end=\"2131\">Mode \u00e9conomie d&#039;\u00e9nergie<\/strong>: \u00c9teint automatiquement la machine apr\u00e8s une p\u00e9riode d&#039;inactivit\u00e9, \u00e9conomisant ainsi de l&#039;\u00e9nergie.<\/p>\n<\/li>\n<li class=\"\" data-start=\"2217\" data-end=\"2345\">\n<p class=\"\" data-start=\"2219\" data-end=\"2345\"><strong data-start=\"2219\" data-end=\"2253\">Cartouche filtrante intelligente CLEARLY<\/strong>:Assure la meilleure saveur possible avec de l&#039;eau filtr\u00e9e et minimise le besoin de d\u00e9tartrage.<\/p>\n<\/li>\n<li class=\"\" data-start=\"2346\" data-end=\"2479\">\n<p class=\"\" data-start=\"2348\" data-end=\"2479\"><strong data-start=\"2348\" data-end=\"2383\">Programmes de maintenance int\u00e9gr\u00e9s<\/strong>: Simplifiez le nettoyage, le d\u00e9tartrage et le rin\u00e7age avec des programmes automatiques, garantissant une hygi\u00e8ne maximale.<\/p>\n<\/li>\n<li class=\"\" data-start=\"2480\" data-end=\"2582\">\n<p class=\"\" data-start=\"2482\" data-end=\"2582\"><strong data-start=\"2482\" data-end=\"2504\">Fonction eau chaude<\/strong>: Choisissez parmi 3 niveaux d&#039;eau chaude pour les th\u00e9s, les Americanos et autres boissons.<\/p>\n<\/li>\n<li class=\"\" data-start=\"2583\" data-end=\"2663\">\n<p class=\"\" data-start=\"2585\" data-end=\"2663\"><strong data-start=\"2585\" data-end=\"2615\">Syst\u00e8me de chauffage Thermoblock<\/strong>: Fournit de l&#039;eau chaude et de la vapeur presque instantan\u00e9ment.<\/p>\n<\/li>\n<li class=\"\" data-start=\"2664\" data-end=\"2777\">\n<p class=\"\" data-start=\"2666\" data-end=\"2777\"><strong data-start=\"2666\" data-end=\"2700\">Garantie du fabricant de 2 ans<\/strong>: B\u00e9n\u00e9ficiez d&#039;une tranquillit\u00e9 d&#039;esprit gr\u00e2ce \u00e0 une garantie de deux ans, vous offrant un soutien \u00e0 long terme.<\/p>\n<\/li>\n<\/ul>\n<h2 data-start=\"2779\" data-end=\"2819\"><strong data-start=\"2783\" data-end=\"2819\">Sp\u00e9cifications de l&#039;\u00e9quipement Jura E8<\/strong><\/h2>\n<ul data-start=\"2821\" data-end=\"3001\">\n<li class=\"\" data-start=\"2821\" data-end=\"2866\">\n<p class=\"\" data-start=\"2823\" data-end=\"2866\"><strong data-start=\"2823\" data-end=\"2845\">Dimensions (PxLxH)<\/strong>: 44,4 x 28 x 34,6 cm<\/p>\n<\/li>\n<li class=\"\" data-start=\"2867\" data-end=\"2889\">\n<p class=\"\" data-start=\"2869\" data-end=\"2889\"><strong data-start=\"2869\" data-end=\"2879\">Poids<\/strong>: 10,22 kg<\/p>\n<\/li>\n<li class=\"\" data-start=\"2890\" data-end=\"2917\">\n<p class=\"\" data-start=\"2892\" data-end=\"2917\"><strong data-start=\"2892\" data-end=\"2910\">Num\u00e9ro d&#039;article<\/strong>: 15400<\/p>\n<\/li>\n<li class=\"\" data-start=\"2918\" data-end=\"3001\">\n<p class=\"\" data-start=\"2920\" data-end=\"3001\"><strong data-start=\"2920\" data-end=\"2938\">Fabriqu\u00e9 en Europe<\/strong>:Un savoir-faire de haute qualit\u00e9 garantit long\u00e9vit\u00e9 et fiabilit\u00e9.<\/p>\n<\/li>\n<\/ul>\n<h2 data-start=\"3003\" data-end=\"3065\"><strong data-start=\"3007\" data-end=\"3065\">Pourquoi acheter la machine \u00e0 expresso automatique Jura E8 en ligne ?<\/strong><\/h2>\n<p class=\"\" data-start=\"3067\" data-end=\"3448\">Le <strong data-start=\"3071\" data-end=\"3109\">Machine \u00e0 caf\u00e9 automatique Jura E8<\/strong> Plus qu&#039;une simple cafeti\u00e8re, c&#039;est une exp\u00e9rience unique. Avec ses commandes intuitives, sa technologie de brassage avanc\u00e9e et son design \u00e9l\u00e9gant, cette machine vous offre le luxe d&#039;un caf\u00e9 \u00e0 la maison. Que vous pr\u00e9pariez un expresso ou un latte onctueux, <strong data-start=\"3392\" data-end=\"3403\">Jura E8<\/strong> fournit syst\u00e9matiquement des r\u00e9sultats de niveau barista.<\/p>\n<p class=\"\" data-start=\"3450\" data-end=\"3691\">Achetez le <strong data-start=\"3458\" data-end=\"3512\">Machine \u00e0 expresso automatique Jura E8 en vente en ligne<\/strong> Profitez d\u00e8s maintenant du meilleur prix garanti\u00a0! De plus, b\u00e9n\u00e9ficiez <strong data-start=\"3572\" data-end=\"3590\">alignement des prix<\/strong> avec d&#039;autres d\u00e9taillants jusqu&#039;\u00e0 <strong data-start=\"3622\" data-end=\"3648\">90 jours apr\u00e8s l&#039;achat<\/strong>, vous assurant d&#039;obtenir la meilleure offre disponible.<\/p>\n<h2 data-start=\"0\" data-end=\"66\"><strong data-start=\"4\" data-end=\"66\">O\u00f9 acheter la machine \u00e0 expresso automatique Jura E8 en ligne\u00a0?<\/strong><\/h2>\n<p class=\"\" data-start=\"68\" data-end=\"399\">Envie d&#039;apporter le luxe d&#039;un caf\u00e9 de qualit\u00e9 barista chez vous\u00a0? <strong data-start=\"142\" data-end=\"180\">Machine \u00e0 expresso automatique Jura E8<\/strong> est disponible \u00e0 l&#039;achat en ligne aux meilleurs prix. En achetant en ligne, vous b\u00e9n\u00e9ficiez non seulement de la livraison \u00e0 domicile, mais aussi d&#039;offres exclusives, de garanties d&#039;alignement des prix et d&#039;un excellent service client.<\/p>\n<p class=\"\" data-start=\"401\" data-end=\"491\">Voici quelques-uns des meilleurs endroits pour acheter le <strong data-start=\"445\" data-end=\"490\">Machine \u00e0 caf\u00e9 automatique Jura E8 en ligne<\/strong>:<\/p>\n<ul data-start=\"493\" data-end=\"1570\">\n<li class=\"\" data-start=\"493\" data-end=\"716\">\n<p class=\"\" data-start=\"495\" data-end=\"716\"><strong data-start=\"495\" data-end=\"520\">Notre site officiel<\/strong>:Pour les derniers mod\u00e8les, les offres exclusives et les services de garantie, visitez le site officiel <strong data-start=\"605\" data-end=\"613\">Jura<\/strong> site Web. En achetant directement aupr\u00e8s de Jura, vous b\u00e9n\u00e9ficiez du meilleur service client et d&#039;une garantie optimale.<\/p>\n<\/li>\n<\/ul>\n<p class=\"\" data-start=\"1572\" data-end=\"1754\">Quand tu <a href=\"https:\/\/bestathomeespressomachine.com\/fr\/shop\/\">boutique<\/a> pour le <strong data-start=\"1594\" data-end=\"1639\">Machine \u00e0 expresso automatique Jura E8 en ligne<\/strong>, assurez-vous de profiter de <strong data-start=\"1670\" data-end=\"1688\">alignement des prix<\/strong> programmes et <strong data-start=\"1702\" data-end=\"1719\">livraison gratuite<\/strong> des offres pour la meilleure affaire possible !<\/p>\n<h2 data-start=\"3693\" data-end=\"3759\"><strong data-start=\"3697\" data-end=\"3759\">Avis clients sur la machine \u00e0 expresso automatique Jura E8<\/strong><\/h2>\n<p class=\"\" data-start=\"3761\" data-end=\"3924\"><strong data-start=\"3761\" data-end=\"3772\">Marc T.<\/strong>: <em data-start=\"3774\" data-end=\"3924\">La Jura E8 est une machine r\u00e9volutionnaire ! Le caf\u00e9 est d\u00e9licieux et le mousseur \u00e0 lait est parfait pour les lattes et les cappuccinos. Je recommande vivement ce mod\u00e8le !<\/em><\/p>\n<p class=\"\" data-start=\"3926\" data-end=\"4136\"><strong data-start=\"3926\" data-end=\"3938\">Linda R.<\/strong>: <em data-start=\"3940\" data-end=\"4136\">J&#039;utilise la Jura E8 depuis quelques mois maintenant et je suis impressionn\u00e9 par ses performances. Le proc\u00e9d\u00e9 d&#039;extraction par impulsions sublime v\u00e9ritablement la saveur de mon caf\u00e9. Un investissement qui en vaut vraiment la peine\u00a0!<\/em><\/p>\n<h2 data-start=\"4138\" data-end=\"4172\"><strong data-start=\"4142\" data-end=\"4172\">Questions fr\u00e9quemment pos\u00e9es<\/strong><\/h2>\n<h3 data-start=\"4174\" data-end=\"4245\"><strong data-start=\"4179\" data-end=\"4245\">Qu&#039;est-ce qui distingue la Jura E8 des autres machines \u00e0 expresso ?<\/strong><\/h3>\n<p class=\"\" data-start=\"4246\" data-end=\"4540\">Le <strong data-start=\"4250\" data-end=\"4261\">Jura E8<\/strong> est unique en raison de son <strong data-start=\"4283\" data-end=\"4321\">Proc\u00e9d\u00e9 d&#039;extraction par impulsions (PEP\u00ae)<\/strong>, qui optimise le temps d&#039;extraction pour un ar\u00f4me de caf\u00e9 parfait, m\u00eame pour les boissons de sp\u00e9cialit\u00e9 courtes. <strong data-start=\"4426\" data-end=\"4453\">mousseur \u00e0 mousse ultra-fine<\/strong> et <strong data-start=\"4458\" data-end=\"4478\"><a href=\"http:\/\/cannaexotic.com\" rel=\"nofollow noopener\" target=\"_blank\">Ar\u00f4me<\/a> Broyeur G3<\/strong> assurez-vous que chaque tasse est parfaitement infus\u00e9e et riche en saveur.<\/p>\n<h3 data-start=\"4542\" data-end=\"4587\"><strong data-start=\"4547\" data-end=\"4587\">Est-il facile de nettoyer le Jura E8 ?<\/strong><\/h3>\n<p class=\"\" data-start=\"4588\" data-end=\"4846\">Le <strong data-start=\"4592\" data-end=\"4603\">Jura E8<\/strong> est livr\u00e9 avec des programmes int\u00e9gr\u00e9s de nettoyage, de d\u00e9tartrage et de rin\u00e7age qui garantissent que votre machine est toujours hygi\u00e9nique avec un minimum d&#039;effort. <strong data-start=\"4737\" data-end=\"4771\">syst\u00e8me de maintenance intelligent<\/strong> simplifie encore davantage ce processus, afin que vous puissiez vous concentrer sur la d\u00e9gustation de votre caf\u00e9.<\/p>\n<h3 data-start=\"4848\" data-end=\"4908\"><strong data-start=\"4853\" data-end=\"4908\">Puis-je programmer mes pr\u00e9f\u00e9rences de caf\u00e9 sur la Jura E8 ?<\/strong><\/h3>\n<p class=\"\" data-start=\"4909\" data-end=\"5096\">Oui! Le <strong data-start=\"4918\" data-end=\"4929\">Jura E8<\/strong> vous permet de programmer jusqu&#039;\u00e0 <strong data-start=\"4958\" data-end=\"4983\">12 sp\u00e9cialit\u00e9s de caf\u00e9<\/strong> et ajustez la force, la temp\u00e9rature et la mousse de lait pour chaque boisson, offrant une exp\u00e9rience v\u00e9ritablement personnalis\u00e9e.<\/p>\n<h3 data-start=\"5098\" data-end=\"5169\"><strong data-start=\"5103\" data-end=\"5169\">O\u00f9 puis-je acheter la machine \u00e0 expresso automatique Jura E8 en ligne ?<\/strong><\/h3>\n<p class=\"\" data-start=\"5170\" data-end=\"5318\">Vous pouvez acheter le <strong data-start=\"5191\" data-end=\"5245\">Machine \u00e0 expresso automatique Jura E8 en vente en ligne<\/strong> aupr\u00e8s de d\u00e9taillants de confiance proposant des prix comp\u00e9titifs et des achats s\u00e9curis\u00e9s.<\/p>\n<\/div>\n<\/div>\n<\/div>","protected":false},"excerpt":{"rendered":"<p>Jura E8 Automatic Espresso Machine for Sale Online Looking for the perfect espresso machine that delivers barista-quality drinks at home? The Jura E8 Automatic Espresso Machine is the ultimate choice for coffee enthusiasts seeking convenience, precision, and superior taste. This new 2021 model has been revamped with an upgraded grinder, a new front panel design,&hellip;<\/p>","protected":false},"featured_media":21025,"comment_status":"open","ping_status":"closed","template":"","meta":[],"product_cat":[51],"product_tag":[],"class_list":{"0":"post-20900","1":"product","2":"type-product","3":"status-publish","4":"has-post-thumbnail","6":"product_cat-jura-espresso-machine","8":"first","9":"instock","10":"sale","11":"shipping-taxable","12":"purchasable","13":"product-type-simple","14":"col-xs-6 col-sm-4","15":"col-md-3 col-lg-3","16":"un-4-cols"},"jetpack_sharing_enabled":true,"_links":{"self":[{"href":"https:\/\/bestathomeespressomachine.com\/fr\/wp-json\/wp\/v2\/product\/20900","targetHints":{"allow":["GET"]}}],"collection":[{"href":"https:\/\/bestathomeespressomachine.com\/fr\/wp-json\/wp\/v2\/product"}],"about":[{"href":"https:\/\/bestathomeespressomachine.com\/fr\/wp-json\/wp\/v2\/types\/product"}],"replies":[{"embeddable":true,"href":"https:\/\/bestathomeespressomachine.com\/fr\/wp-json\/wp\/v2\/comments?post=20900"}],"version-history":[{"count":3,"href":"https:\/\/bestathomeespressomachine.com\/fr\/wp-json\/wp\/v2\/product\/20900\/revisions"}],"predecessor-version":[{"id":22418,"href":"https:\/\/bestathomeespressomachine.com\/fr\/wp-json\/wp\/v2\/product\/20900\/revisions\/22418"}],"wp:featuredmedia":[{"embeddable":true,"href":"https:\/\/bestathomeespressomachine.com\/fr\/wp-json\/wp\/v2\/media\/21025"}],"wp:attachment":[{"href":"https:\/\/bestathomeespressomachine.com\/fr\/wp-json\/wp\/v2\/media?parent=20900"}],"wp:term":[{"taxonomy":"product_cat","embeddable":true,"href":"https:\/\/bestathomeespressomachine.com\/fr\/wp-json\/wp\/v2\/product_cat?post=20900"},{"taxonomy":"product_tag","embeddable":true,"href":"https:\/\/bestathomeespressomachine.com\/fr\/wp-json\/wp\/v2\/product_tag?post=20900"}],"curies":[{"name":"wp","href":"https:\/\/api.w.org\/{rel}","templated":true}]}}