{"id":21346,"date":"2025-01-02T08:51:19","date_gmt":"2025-01-02T08:51:19","guid":{"rendered":"https:\/\/bestathomeespressomachine.com\/?post_type=product&#038;p=21346"},"modified":"2025-06-12T05:26:52","modified_gmt":"2025-06-12T05:26:52","slug":"delonghi-eletta-cappuccino-top-super-automatic-espresso-machine-ecam45760s-silver-refurbished","status":"publish","type":"product","link":"https:\/\/bestathomeespressomachine.com\/fr\/product\/delonghi-eletta-cappuccino-top-super-automatic-espresso-machine-ecam45760s-silver-refurbished\/","title":{"rendered":"Machine \u00e0 expresso super automatique DeLonghi Eletta Cappuccino Top ECAM45760S (argent) \u2013 RECONDITIONN\u00c9E"},"content":{"rendered":"<div class=\"product-block-list__item product-block-list__item--description\">\n<div class=\"card\">\n<div class=\"card__section product-description-area\">\n<div class=\"rte text--pull\">\n<h2 class=\"\" data-start=\"195\" data-end=\"232\">Acheter DeLonghi Eletta Explorer en ligne<\/h2>\n<p class=\"\" data-start=\"303\" data-end=\"460\"><span class=\"relative -mx-px my-[-0.2rem] rounded px-px py-[0.2rem] transition-colors duration-100 ease-in-out\">D\u00e9couvrez o\u00f9 acheter en ligne la DeLonghi Eletta Explore, une machine \u00e0 expresso enti\u00e8rement automatique con\u00e7ue pour vous apporter des boissons de qualit\u00e9 caf\u00e9 \u00e0 la maison.<\/span> <span class=\"relative -mx-px my-[-0.2rem] rounded px-px py-[0.2rem] transition-colors duration-100 ease-in-out\">Avec plus de 50 recettes chaudes et froides sur simple pression d&#039;un bouton, y compris l&#039;espresso, le cappuccino, le latte, le cappuccino glac\u00e9, le latte glac\u00e9 et l&#039;infusion froide, cette machine offre polyvalence et commodit\u00e9.<\/span> \u200b<\/p>\n<hr class=\"\" data-start=\"462\" data-end=\"465\" \/>\n<h2 class=\"\" data-start=\"467\" data-end=\"509\">Why Choose the DeLonghi Eletta Explore?<\/h2>\n<ul data-start=\"511\" data-end=\"1264\">\n<li class=\"\" data-start=\"511\" data-end=\"626\">\n<p class=\"\" data-start=\"513\" data-end=\"626\"><strong data-start=\"513\" data-end=\"543\">Options de boissons polyvalentes<\/strong>: <span class=\"relative -mx-px my-[-0.2rem] rounded px-px py-[0.2rem] transition-colors duration-100 ease-in-out\">Profitez d&#039;une large gamme de boissons, des expressos classiques aux boissons froides innovantes, toutes \u00e9labor\u00e9es avec pr\u00e9cision.<\/span>\u200b<\/p>\n<\/li>\n<li class=\"\" data-start=\"628\" data-end=\"788\">\n<p class=\"\" data-start=\"630\" data-end=\"788\"><strong data-start=\"630\" data-end=\"667\">Technologie avanc\u00e9e de moussage du lait<\/strong>: <span class=\"relative -mx-px my-[-0.2rem] rounded px-px py-[0.2rem] transition-colors duration-100 ease-in-out\">Les syst\u00e8mes chaud et froid LatteCrema\u2122 assurent une mousse de lait parfaite pour les boissons chaudes et froides, offrant une micro-mousse velout\u00e9e \u00e0 chaque fois.<\/span><\/p>\n<\/li>\n<li class=\"\" data-start=\"790\" data-end=\"951\">\n<p class=\"\" data-start=\"792\" data-end=\"951\"><strong data-start=\"792\" data-end=\"824\">Infusion \u00e0 froid en moins de 3 minutes<\/strong>: <span class=\"relative -mx-px my-[-0.2rem] rounded px-px py-[0.2rem] transition-colors duration-100 ease-in-out\">D\u00e9couvrez la commodit\u00e9 d&#039;un caf\u00e9 fra\u00eechement pr\u00e9par\u00e9 \u00e0 froid en moins de trois minutes, gr\u00e2ce \u00e0 la technologie d&#039;extraction \u00e0 froid exclusive de De&#039;Longhi.<\/span> \u200b<\/p>\n<\/li>\n<li class=\"\" data-start=\"953\" data-end=\"1109\">\n<p class=\"\" data-start=\"955\" data-end=\"1109\"><strong data-start=\"955\" data-end=\"982\">\u00c9cran tactile intuitif<\/strong>: <span class=\"relative -mx-px my-[-0.2rem] rounded px-px py-[0.2rem] transition-colors duration-100 ease-in-out\">L&#039;\u00e9cran tactile TFT 3,5 pouces couleur avec ic\u00f4nes de contr\u00f4le tactile douces rend la navigation dans les recettes simple et intuitive.<\/span> De&#039;Longhi+2 De&#039;Longhi+2 <span class=\"ms-1 inline-flex max-w-full items-center relative top-[-0.094rem] animate-[show_150ms_ease-in]\"><a class=\"flex h-4.5 overflow-hidden rounded-xl px-2 text-[0.5625em] font-medium text-token-text-secondary! bg-[#F4F4F4]! dark:bg-[#303030]! transition-colors duration-150 ease-in-out\" href=\"https:\/\/www.delonghi.com\/en-us\/eletta-explore-espresso-machine?utm_source=chatgpt.com\" target=\"_blank\" rel=\"noopener nofollow\"><span class=\"relative start-0 bottom-0 flex h-full w-full items-center\"><span class=\"flex h-4 w-full items-center justify-between absolute\"><span class=\"max-w-full grow truncate overflow-hidden text-center\">De&#039;Longhi<\/span><span class=\"-me-1 flex h-full items-center rounded-full px-1 text-[#8F8F8F]\">+2<\/span><\/span><\/span><\/a><\/span><\/p>\n<\/li>\n<li class=\"\" data-start=\"1111\" data-end=\"1264\">\n<p class=\"\" data-start=\"1113\" data-end=\"1264\"><strong data-start=\"1113\" data-end=\"1137\">Brassage personnalis\u00e9<\/strong>: <span class=\"relative -mx-px my-[-0.2rem] rounded px-px py-[0.2rem] transition-colors duration-100 ease-in-out\">Gr\u00e2ce \u00e0 la technologie Bean Adapt, la machine ajuste automatiquement les param\u00e8tres pour garantir une extraction de caf\u00e9 id\u00e9ale en fonction du type de grain choisi.<\/span><\/p>\n<\/li>\n<\/ul>\n<hr class=\"\" data-start=\"1266\" data-end=\"1269\" \/>\n<h2 class=\"\" data-start=\"1271\" data-end=\"1286\">Caract\u00e9ristiques principales<\/h2>\n<ul data-start=\"1288\" data-end=\"2074\">\n<li class=\"\" data-start=\"1288\" data-end=\"1450\">\n<p class=\"\" data-start=\"1290\" data-end=\"1450\"><strong data-start=\"1290\" data-end=\"1323\">Moulin \u00e0 meules conique int\u00e9gr\u00e9<\/strong>: <span class=\"relative -mx-px my-[-0.2rem] rounded px-px py-[0.2rem] transition-colors duration-100 ease-in-out\">Comprend 13 r\u00e9glages de mouture pour un caf\u00e9 fra\u00eechement moulu adapt\u00e9 \u00e0 votre go\u00fbt.<\/span> \u200b<\/p>\n<\/li>\n<li class=\"\" data-start=\"1452\" data-end=\"1611\">\n<p class=\"\" data-start=\"1454\" data-end=\"1611\"><strong data-start=\"1454\" data-end=\"1484\">Technologie de mousse chaude et froide<\/strong>: <span class=\"relative -mx-px my-[-0.2rem] rounded px-px py-[0.2rem] transition-colors duration-100 ease-in-out\">Cr\u00e9ez une mousse de lait parfaite pour les boissons chaudes et froides avec les syst\u00e8mes LatteCrema\u2122.<\/span> \u200b<\/p>\n<\/li>\n<li class=\"\" data-start=\"1613\" data-end=\"1772\">\n<p class=\"\" data-start=\"1615\" data-end=\"1772\"><strong data-start=\"1615\" data-end=\"1645\">Technologie d&#039;extraction \u00e0 froid<\/strong>: <span class=\"relative -mx-px my-[-0.2rem] rounded px-px py-[0.2rem] transition-colors duration-100 ease-in-out\">Pr\u00e9parez du caf\u00e9 Cold Brew en moins de 3 minutes en utilisant une basse pression et de l&#039;eau \u00e0 temp\u00e9rature ambiante.<\/span> \u200b<\/p>\n<\/li>\n<li class=\"\" data-start=\"1774\" data-end=\"1920\">\n<p class=\"\" data-start=\"1776\" data-end=\"1920\"><strong data-start=\"1776\" data-end=\"1793\">Facile \u00e0 Nettoyer<\/strong>: <span class=\"relative -mx-px my-[-0.2rem] rounded px-px py-[0.2rem] transition-colors duration-100 ease-in-out\">Pi\u00e8ces amovibles et lavables au lave-vaisselle pour un nettoyage sans tracas.<\/span> \u200b<\/p>\n<\/li>\n<li class=\"\" data-start=\"1922\" data-end=\"2074\">\n<p class=\"\" data-start=\"1924\" data-end=\"2074\"><strong data-start=\"1924\" data-end=\"1947\">Tasse de voyage incluse<\/strong>: <span class=\"relative -mx-px my-[-0.2rem] rounded px-px py-[0.2rem] transition-colors duration-100 ease-in-out\">Compatible avec 15 recettes chaudes et froides, infusant jusqu&#039;\u00e0 16 oz.<\/span> \u200bDe&#039;Longhi+2De&#039;Longhi+2<\/p>\n<\/li>\n<\/ul>\n<hr class=\"\" data-start=\"2076\" data-end=\"2079\" \/>\n<h2 class=\"\" data-start=\"2081\" data-end=\"2098\">Caract\u00e9ristiques<\/h2>\n<ul data-start=\"2100\" data-end=\"2652\">\n<li class=\"\" data-start=\"2100\" data-end=\"2211\">\n<p class=\"\" data-start=\"2102\" data-end=\"2211\"><strong data-start=\"2102\" data-end=\"2124\">Dimensions (LxPxH)<\/strong>: <span class=\"relative -mx-px my-[-0.2rem] rounded px-px py-[0.2rem] transition-colors duration-100 ease-in-out\">24 x 44 x 36 cm<\/span>\u200b<\/p>\n<\/li>\n<li class=\"\" data-start=\"2213\" data-end=\"2312\">\n<p class=\"\" data-start=\"2215\" data-end=\"2312\"><strong data-start=\"2215\" data-end=\"2225\">Poids<\/strong>: <span class=\"relative -mx-px my-[-0.2rem] rounded px-px py-[0.2rem] transition-colors duration-100 ease-in-out\">9,6 kg\u00a0<\/span><\/p>\n<\/li>\n<li class=\"\" data-start=\"2314\" data-end=\"2431\">\n<p class=\"\" data-start=\"2316\" data-end=\"2431\"><strong data-start=\"2316\" data-end=\"2344\">Capacit\u00e9 du r\u00e9servoir d&#039;eau<\/strong>: <span class=\"relative -mx-px my-[-0.2rem] rounded px-px py-[0.2rem] transition-colors duration-100 ease-in-out\">L \/ 60 oz <\/span>De&#039;Longhi + 3 Accueil <strong data-start=\"2435\" data-end=\"2462\">Tension\/fr\u00e9quence nominale<\/strong>: <span class=\"relative -mx-px my-[-0.2rem] rounded px-px py-[0.2rem] transition-colors duration-100 ease-in-out\">120 V ~ 60 Hz <\/span>\u200b<\/p>\n<\/li>\n<li class=\"\" data-start=\"2314\" data-end=\"2431\">\n<p class=\"\" data-start=\"2316\" data-end=\"2431\"><strong data-start=\"2553\" data-end=\"2565\">Garantie<\/strong>: <span class=\"relative -mx-px my-[-0.2rem] rounded px-px py-[0.2rem] transition-colors duration-100 ease-in-out\">Garantie constructeur de 3 ans (2 ans standard + 1 an suppl\u00e9mentaire lors de l&#039;enregistrement)<\/span><\/p>\n<\/li>\n<\/ul>\n<hr class=\"\" data-start=\"2654\" data-end=\"2657\" \/>\n<h2 class=\"\" data-start=\"2659\" data-end=\"2678\">Pourquoi acheter chez nous ?<\/h2>\n<ul data-start=\"2680\" data-end=\"3170\">\n<li class=\"\" data-start=\"2680\" data-end=\"2803\">\n<p class=\"\" data-start=\"2682\" data-end=\"2803\">\u2705 <strong data-start=\"2684\" data-end=\"2716\">Revendeur agr\u00e9\u00e9 DeLonghi<\/strong>: <span class=\"relative -mx-px my-[-0.2rem] rounded px-px py-[0.2rem] transition-colors duration-100 ease-in-out\">Achetez en toute confiance aupr\u00e8s d&#039;un partenaire officiel DeLonghi.<\/span>\u200b<\/p>\n<\/li>\n<li class=\"\" data-start=\"2805\" data-end=\"2921\">\n<p class=\"\" data-start=\"2807\" data-end=\"2921\">\ud83d\ude9a <strong data-start=\"2810\" data-end=\"2834\">Livraison rapide et gratuite<\/strong>: <span class=\"relative -mx-px my-[-0.2rem] rounded px-px py-[0.2rem] transition-colors duration-100 ease-in-out\">B\u00e9n\u00e9ficiez d&#039;une livraison rapide et gratuite sur toutes les commandes.<\/span>\u200b<\/p>\n<\/li>\n<li class=\"\" data-start=\"2923\" data-end=\"3047\">\n<p class=\"\" data-start=\"2925\" data-end=\"3047\">\ud83d\udd04 <strong data-start=\"2928\" data-end=\"2960\">Garantie d&#039;alignement des prix de 90 jours<\/strong>: <span class=\"relative -mx-px my-[-0.2rem] rounded px-px py-[0.2rem] transition-colors duration-100 ease-in-out\">Vous avez trouv\u00e9 un meilleur prix\u00a0? Nous l&#039;\u00e9galerons sous 90\u00a0jours.<\/span>\u200b<\/p>\n<\/li>\n<li class=\"\" data-start=\"3049\" data-end=\"3170\">\n<p class=\"\" data-start=\"3051\" data-end=\"3170\">\ud83d\udee1\ufe0f <strong data-start=\"3055\" data-end=\"3083\">Assistance sous garantie authentique<\/strong>: <span class=\"relative -mx-px my-[-0.2rem] rounded px-px py-[0.2rem] transition-colors duration-100 ease-in-out\">B\u00e9n\u00e9ficiez d&#039;une couverture compl\u00e8te de la garantie du fabricant.<\/span>\u200b<\/p>\n<\/li>\n<\/ul>\n<p class=\"\" data-start=\"3172\" data-end=\"3283\">\ud83d\udc49 <a class=\"\" href=\"https:\/\/bestathomeespressomachine.com\/fr\/shop\/\" target=\"_new\" rel=\"noopener\" data-start=\"3175\" data-end=\"3283\"><strong data-start=\"3176\" data-end=\"3218\">Achetez DeLonghi Eletta Explore en ligne maintenant<\/strong><\/a><\/p>\n<hr class=\"\" data-start=\"3285\" data-end=\"3288\" \/>\n<h2 class=\"\" data-start=\"3290\" data-end=\"3333\">DeLonghi Eletta Explorer les avis des clients<\/h2>\n<p class=\"\" data-start=\"225\" data-end=\"385\">\u2b50\ufe0f\u2b50\ufe0f\u2b50\ufe0f\u2b50\ufe0f\u2b50\ufe0f<br data-start=\"235\" data-end=\"238\" \/><em data-start=\"238\" data-end=\"368\">\u00ab J&#039;adore cette machine. Elle est simple d&#039;utilisation, pr\u00e9pare un caf\u00e9 exceptionnel et j&#039;appr\u00e9cie l&#039;absence de gaspillage d\u00fb aux dosettes et aux filtres. \u00bb<\/em><br data-start=\"368\" data-end=\"371\" \/>\u2014 <strong data-start=\"373\" data-end=\"385\">Laura M.<\/strong><\/p>\n<p class=\"\" data-start=\"387\" data-end=\"522\">\u2b50\ufe0f\u2b50\ufe0f\u2b50\ufe0f\u2b50\ufe0f\u2606<br data-start=\"396\" data-end=\"399\" \/><em data-start=\"399\" data-end=\"505\">\u00ab La TrueBrew est une machine r\u00e9volutionnaire pour mes matins. Du caf\u00e9 frais, de nombreuses tailles disponibles et un nettoyage ultra-simple ! \u00bb<\/em><br data-start=\"505\" data-end=\"508\" \/>\u2014 <strong data-start=\"510\" data-end=\"522\">David B.<\/strong><\/p>\n<p class=\"\" data-start=\"524\" data-end=\"682\">\u2b50\ufe0f\u2b50\ufe0f\u2b50\ufe0f\u2b50\ufe0f\u2b50\ufe0f<br data-start=\"534\" data-end=\"537\" \/><em data-start=\"537\" data-end=\"664\">\u00ab Nous l&#039;avons achet\u00e9 pour notre bureau, et tout le monde en est conquis ! Aucun gaspillage, un go\u00fbt excellent et le mode carafe est parfait pour les r\u00e9unions. \u00bb<\/em><br data-start=\"664\" data-end=\"667\" \/>\u2014 <strong data-start=\"669\" data-end=\"682\">Sophie K.<\/strong><\/p>\n<p class=\"\" data-start=\"684\" data-end=\"824\">\u2b50\ufe0f\u2b50\ufe0f\u2b50\ufe0f\u2b50\ufe0f\u2b50\ufe0f<br data-start=\"694\" data-end=\"697\" \/><em data-start=\"697\" data-end=\"807\">\u00ab J&#039;adore cette machine ! La fonction infusion \u00e0 froid est vraiment r\u00e9volutionnaire et le moussage du lait est excellent. \u00bb<\/em><br data-start=\"807\" data-end=\"810\" \/>\u2014 <strong data-start=\"812\" data-end=\"824\">Sarah W.<\/strong><\/p>\n<p class=\"\" data-start=\"826\" data-end=\"960\">\u2b50\ufe0f\u2b50\ufe0f\u2b50\ufe0f\u2b50\ufe0f\u2b50\ufe0f<br data-start=\"836\" data-end=\"839\" \/><em data-start=\"839\" data-end=\"944\">\u00ab Un peu d&#039;investissement, mais \u00e7a vaut vraiment le coup. La vari\u00e9t\u00e9 et la qualit\u00e9 des boissons sont exceptionnelles. \u00bb<\/em><br data-start=\"944\" data-end=\"947\" \/>\u2014 <strong data-start=\"949\" data-end=\"960\">Marc T.<\/strong><\/p>\n<hr class=\"\" data-start=\"3607\" data-end=\"3610\" \/>\n<h2 class=\"\" data-start=\"3612\" data-end=\"3619\">FAQ<\/h2>\n<h3 class=\"\" data-start=\"3621\" data-end=\"3685\"><strong data-start=\"3625\" data-end=\"3683\">La DeLonghi Eletta Explore convient-elle aux d\u00e9butants ?<\/strong><\/h3>\n<p class=\"\" data-start=\"3686\" data-end=\"3771\"><span class=\"relative -mx-px my-[-0.2rem] rounded px-px py-[0.2rem] transition-colors duration-100 ease-in-out\">Oui ! Gr\u00e2ce \u00e0 son \u00e9cran tactile intuitif et \u00e0 sa configuration guid\u00e9e, chacun peut pr\u00e9parer des boissons professionnelles \u00e0 la maison.<\/span>\u200b<\/p>\n<h3 class=\"\" data-start=\"3773\" data-end=\"3808\"><strong data-start=\"3777\" data-end=\"3806\">Puis-je utiliser du lait v\u00e9g\u00e9tal ?<\/strong><\/h3>\n<p class=\"\" data-start=\"3809\" data-end=\"3894\"><span class=\"relative -mx-px my-[-0.2rem] rounded px-px py-[0.2rem] transition-colors duration-100 ease-in-out\">Absolument. Le syst\u00e8me LatteCrema\u2122 fonctionne avec des alternatives au lait d&#039;avoine, d&#039;amande et de soja.<\/span>\u200b<\/p>\n<h3 class=\"\" data-start=\"3896\" data-end=\"3945\"><strong data-start=\"3900\" data-end=\"3943\">Qu&#039;est-ce qui le rend meilleur que les machines \u00e0 dosettes ?<\/strong><\/h3>\n<p class=\"\" data-start=\"3946\" data-end=\"4031\"><span class=\"relative -mx-px my-[-0.2rem] rounded px-px py-[0.2rem] transition-colors duration-100 ease-in-out\">Il utilise des grains entiers pour une fra\u00eecheur maximale et est enti\u00e8rement sans dosette, ce qui en fait une solution z\u00e9ro d\u00e9chet.<\/span>\u200b<\/p>\n<h3 class=\"\" data-start=\"4033\" data-end=\"4068\"><strong data-start=\"4037\" data-end=\"4066\">Est-ce qu&#039;il pr\u00e9pare du caf\u00e9 glac\u00e9 ?<\/strong><\/h3>\n<p class=\"\" data-start=\"4069\" data-end=\"4154\"><span class=\"relative -mx-px my-[-0.2rem] rounded px-px py-[0.2rem] transition-colors duration-100 ease-in-out\">Oui, et pas seulement du caf\u00e9 frais : les fonctions Cold Foam et Over Ice garantissent que vos boissons sont infus\u00e9es pour rester fortes et savoureuses lorsqu&#039;elles sont vers\u00e9es sur de la glace.<\/span>\u200b<\/p>\n<\/div>\n<\/div>\n<\/div>\n<\/div>","protected":false},"excerpt":{"rendered":"<p>Buy DeLonghi Eletta Explore Online Discover where to buy the DeLonghi Eletta Explore online, a fully automatic espresso machine designed to bring caf\u00e9-quality beverages to your home. With over 50 hot and cold recipes at the touch of a button, including espresso, cappuccino, latte, iced cappuccino, iced latte, and cold brew, this machine offers versatility&hellip;<\/p>","protected":false},"featured_media":21347,"comment_status":"open","ping_status":"closed","template":"","meta":[],"product_cat":[50],"product_tag":[],"class_list":{"0":"post-21346","1":"product","2":"type-product","3":"status-publish","4":"has-post-thumbnail","6":"product_cat-delonghi-espresso-machines","8":"first","9":"instock","10":"sale","11":"shipping-taxable","12":"purchasable","13":"product-type-simple","14":"col-xs-6 col-sm-4","15":"col-md-3 col-lg-3","16":"un-4-cols"},"jetpack_sharing_enabled":true,"_links":{"self":[{"href":"https:\/\/bestathomeespressomachine.com\/fr\/wp-json\/wp\/v2\/product\/21346","targetHints":{"allow":["GET"]}}],"collection":[{"href":"https:\/\/bestathomeespressomachine.com\/fr\/wp-json\/wp\/v2\/product"}],"about":[{"href":"https:\/\/bestathomeespressomachine.com\/fr\/wp-json\/wp\/v2\/types\/product"}],"replies":[{"embeddable":true,"href":"https:\/\/bestathomeespressomachine.com\/fr\/wp-json\/wp\/v2\/comments?post=21346"}],"version-history":[{"count":3,"href":"https:\/\/bestathomeespressomachine.com\/fr\/wp-json\/wp\/v2\/product\/21346\/revisions"}],"predecessor-version":[{"id":22380,"href":"https:\/\/bestathomeespressomachine.com\/fr\/wp-json\/wp\/v2\/product\/21346\/revisions\/22380"}],"wp:featuredmedia":[{"embeddable":true,"href":"https:\/\/bestathomeespressomachine.com\/fr\/wp-json\/wp\/v2\/media\/21347"}],"wp:attachment":[{"href":"https:\/\/bestathomeespressomachine.com\/fr\/wp-json\/wp\/v2\/media?parent=21346"}],"wp:term":[{"taxonomy":"product_cat","embeddable":true,"href":"https:\/\/bestathomeespressomachine.com\/fr\/wp-json\/wp\/v2\/product_cat?post=21346"},{"taxonomy":"product_tag","embeddable":true,"href":"https:\/\/bestathomeespressomachine.com\/fr\/wp-json\/wp\/v2\/product_tag?post=21346"}],"curies":[{"name":"wp","href":"https:\/\/api.w.org\/{rel}","templated":true}]}}