{"id":21380,"date":"2025-01-02T09:25:49","date_gmt":"2025-01-02T09:25:49","guid":{"rendered":"https:\/\/bestathomeespressomachine.com\/?post_type=product&#038;p=21380"},"modified":"2025-04-28T21:42:13","modified_gmt":"2025-04-28T21:42:13","slug":"delonghi-truebrew-automatic-coffee-machine","status":"publish","type":"product","link":"https:\/\/bestathomeespressomachine.com\/fr\/product\/delonghi-truebrew-automatic-coffee-machine\/","title":{"rendered":"Machine \u00e0 caf\u00e9 filtre automatique DeLonghi TrueBrew CAM51035M (acier inoxydable avec verseuse thermique)"},"content":{"rendered":"<div class=\"product-block-list__item product-block-list__item--description\">\n<div class=\"card\">\n<div class=\"card__section product-description-area\">\n<div class=\"rte text--pull\">\n<h1 class=\"\" data-start=\"241\" data-end=\"289\"><strong data-start=\"243\" data-end=\"289\">Machine \u00e0 caf\u00e9 automatique DeLonghi TrueBrew<\/strong><\/h1>\n<h2 class=\"\" data-start=\"291\" data-end=\"306\"><strong data-start=\"294\" data-end=\"306\">Aper\u00e7u<\/strong><\/h2>\n<p class=\"\" data-start=\"308\" data-end=\"810\">Le <strong data-start=\"312\" data-end=\"358\">Machine \u00e0 caf\u00e9 automatique DeLonghi TrueBrew<\/strong> repr\u00e9sente une nouvelle \u00e8re dans la pr\u00e9paration du caf\u00e9 \u2014 combinant <strong data-start=\"410\" data-end=\"438\">unique goutte \u00e0 goutte de caf\u00e9<\/strong> commodit\u00e9 avec <strong data-start=\"456\" data-end=\"478\">boisson de sp\u00e9cialit\u00e9<\/strong> qualit\u00e9, sans avoir recours \u00e0 des dosettes ou des filtres en papier inutiles. TrueBrew utilise <strong data-start=\"559\" data-end=\"587\">grains de caf\u00e9 frais entiers<\/strong> et fonctionnalit\u00e9s <strong data-start=\"601\" data-end=\"615\">z\u00e9ro d\u00e9chet<\/strong> Infusion, offrant une exp\u00e9rience de caf\u00e9 maison plus durable et sup\u00e9rieure. Du petit expresso \u00e0 la carafe de 1\u00a0134\u00a0ml, TrueBrew r\u00e9pond \u00e0 tous vos besoins en mati\u00e8re de caf\u00e9, d&#039;une simple pression sur un bouton.<\/p>\n<h2 class=\"\" data-start=\"812\" data-end=\"831\"><strong data-start=\"815\" data-end=\"831\">Caract\u00e9ristiques principales<\/strong><\/h2>\n<h3 class=\"\" data-start=\"833\" data-end=\"861\"><strong data-start=\"837\" data-end=\"861\">Une Touche De Simplicit\u00e9<\/strong><\/h3>\n<p class=\"\" data-start=\"862\" data-end=\"1032\">D\u00e9couvrez le confort d&#039;une v\u00e9ritable machine. La DeLonghi TrueBrew utilise une technologie de brassage pr\u00e9cise et adaptative, offrant <strong data-start=\"968\" data-end=\"999\">caf\u00e9 parfaitement personnalis\u00e9<\/strong> en appuyant sur un seul bouton.<\/p>\n<h3 class=\"\" data-start=\"1034\" data-end=\"1059\"><strong data-start=\"1038\" data-end=\"1059\">Options de taille d&#039;infusion<\/strong><\/h3>\n<p class=\"\" data-start=\"1060\" data-end=\"1147\">Que vous brassiez pour vous-m\u00eame ou pour un groupe, TrueBrew propose des options de taille polyvalentes\u00a0:<\/p>\n<ul data-start=\"1148\" data-end=\"1244\">\n<li class=\"\" data-start=\"1148\" data-end=\"1167\">\n<p class=\"\" data-start=\"1150\" data-end=\"1167\">Portion individuelle de 8 oz<\/p>\n<\/li>\n<li class=\"\" data-start=\"1168\" data-end=\"1198\">\n<p class=\"\" data-start=\"1170\" data-end=\"1198\">Tasses de 12 oz, 16 oz et 24 oz<\/p>\n<\/li>\n<li class=\"\" data-start=\"1199\" data-end=\"1224\">\n<p class=\"\" data-start=\"1201\" data-end=\"1224\">Tasse de style expresso de 3 oz<\/p>\n<\/li>\n<li class=\"\" data-start=\"1225\" data-end=\"1244\">\n<p class=\"\" data-start=\"1227\" data-end=\"1244\">Carafe pleine de 40 oz<\/p>\n<\/li>\n<\/ul>\n<h3 class=\"\" data-start=\"1246\" data-end=\"1274\"><strong data-start=\"1250\" data-end=\"1274\">Plusieurs styles de brassage<\/strong><\/h3>\n<p class=\"\" data-start=\"1275\" data-end=\"1319\">Personnalisez votre boisson selon votre humeur :<\/p>\n<ul data-start=\"1320\" data-end=\"1369\">\n<li class=\"\" data-start=\"1320\" data-end=\"1327\">\n<p class=\"\" data-start=\"1322\" data-end=\"1327\">La lumi\u00e8re<\/p>\n<\/li>\n<li class=\"\" data-start=\"1328\" data-end=\"1334\">\n<p class=\"\" data-start=\"1330\" data-end=\"1334\">Or<\/p>\n<\/li>\n<li class=\"\" data-start=\"1335\" data-end=\"1341\">\n<p class=\"\" data-start=\"1337\" data-end=\"1341\">Gras<\/p>\n<\/li>\n<li class=\"\" data-start=\"1342\" data-end=\"1352\">\n<p class=\"\" data-start=\"1344\" data-end=\"1352\">Sur la glace<\/p>\n<\/li>\n<li class=\"\" data-start=\"1353\" data-end=\"1369\">\n<p class=\"\" data-start=\"1355\" data-end=\"1369\">Expresso<\/p>\n<\/li>\n<\/ul>\n<p class=\"\" data-start=\"1371\" data-end=\"1450\">Le <strong data-start=\"1375\" data-end=\"1387\">Sur la glace<\/strong> le mode s&#039;ajuste automatiquement pour un caf\u00e9 glac\u00e9 parfait \u00e0 chaque fois.<\/p>\n<h3 class=\"\" data-start=\"1452\" data-end=\"1484\"><strong data-start=\"1456\" data-end=\"1484\">Horloge int\u00e9gr\u00e9e et allumage automatique<\/strong><\/h3>\n<p class=\"\" data-start=\"1485\" data-end=\"1612\">Programmez votre machine pour avoir du caf\u00e9 frais <strong data-start=\"1527\" data-end=\"1561\">pr\u00eat exactement quand vous le souhaitez<\/strong> avec l&#039;horloge pratique et les fonctions de d\u00e9marrage automatique.<\/p>\n<h3 class=\"\" data-start=\"1614\" data-end=\"1641\"><strong data-start=\"1618\" data-end=\"1641\">Fonction de nettoyage automatique<\/strong><\/h3>\n<p class=\"\" data-start=\"1642\" data-end=\"1783\">Le nettoyage est simple. La TrueBrew compacte le marc de caf\u00e9 usag\u00e9 en galettes bien nettes et utilise un cycle de rin\u00e7age automatique pour maintenir la propret\u00e9.<\/p>\n<h3 class=\"\" data-start=\"1785\" data-end=\"1822\"><strong data-start=\"1789\" data-end=\"1822\">Durabilit\u00e9 et z\u00e9ro d\u00e9chet<\/strong><\/h3>\n<p class=\"\" data-start=\"1823\" data-end=\"1990\">Pas de dosettes en plastique ni de filtres jetables. TrueBrew est con\u00e7u pour \u00eatre <strong data-start=\"1889\" data-end=\"1905\">respectueux de l&#039;environnement<\/strong>, brassant directement \u00e0 partir de grains entiers et ne laissant derri\u00e8re eux que des galettes de caf\u00e9 compostables.<\/p>\n<hr class=\"\" data-start=\"1992\" data-end=\"1995\" \/>\n<h2 class=\"\" data-start=\"1997\" data-end=\"2018\"><strong data-start=\"2000\" data-end=\"2018\">Caract\u00e9ristiques<\/strong><\/h2>\n<ul data-start=\"2020\" data-end=\"2377\">\n<li class=\"\" data-start=\"2020\" data-end=\"2065\">\n<p class=\"\" data-start=\"2022\" data-end=\"2065\"><strong data-start=\"2022\" data-end=\"2050\">Capacit\u00e9 du conteneur \u00e0 grains :<\/strong> 8.8 oz (250 g)<\/p>\n<\/li>\n<li class=\"\" data-start=\"2066\" data-end=\"2101\">\n<p class=\"\" data-start=\"2068\" data-end=\"2101\"><strong data-start=\"2068\" data-end=\"2092\">Water Tank Capacity:<\/strong> 60 fl oz<\/p>\n<\/li>\n<li class=\"\" data-start=\"2102\" data-end=\"2148\">\n<p class=\"\" data-start=\"2104\" data-end=\"2148\"><strong data-start=\"2104\" data-end=\"2130\">Hauteur de tasse r\u00e9glable :<\/strong> 4,75 po \u00e0 8,5 po<\/p>\n<\/li>\n<li class=\"\" data-start=\"2149\" data-end=\"2235\">\n<p class=\"\" data-start=\"2151\" data-end=\"2235\"><strong data-start=\"2151\" data-end=\"2176\">Included Accessories:<\/strong> Carafe thermique, bandelette de test de duret\u00e9 de l&#039;eau, cuill\u00e8re doseuse<\/p>\n<\/li>\n<li class=\"\" data-start=\"2236\" data-end=\"2279\">\n<p class=\"\" data-start=\"2238\" data-end=\"2279\"><strong data-start=\"2238\" data-end=\"2261\">Dimensions (PxHxL) :<\/strong> 15\u201d x 15.8\u201d x 12\u201d<\/p>\n<\/li>\n<li class=\"\" data-start=\"2280\" data-end=\"2377\">\n<p class=\"\" data-start=\"2282\" data-end=\"2377\"><strong data-start=\"2282\" data-end=\"2295\">Garantie:<\/strong> Garantie constructeur de 3 ans (2 ans par d\u00e9faut + 1 an suppl\u00e9mentaire avec enregistrement)<\/p>\n<\/li>\n<\/ul>\n<blockquote data-start=\"2379\" data-end=\"2482\">\n<p class=\"\" data-start=\"2381\" data-end=\"2482\"><strong data-start=\"2381\" data-end=\"2390\">Note:<\/strong> Assurez-vous toujours que la machine est compl\u00e8tement \u00e9teinte avant de retirer le groupe d&#039;infusion\/l&#039;infuseur.<\/p>\n<\/blockquote>\n<hr class=\"\" data-start=\"2484\" data-end=\"2487\" \/>\n<h2 class=\"\" data-start=\"2489\" data-end=\"2524\"><strong data-start=\"2492\" data-end=\"2524\">Acheter DeLonghi TrueBrew En Ligne<\/strong><\/h2>\n<p class=\"\" data-start=\"2526\" data-end=\"2619\">Vous pouvez acheter le <strong data-start=\"2547\" data-end=\"2593\">Machine \u00e0 caf\u00e9 automatique DeLonghi TrueBrew<\/strong> en ligne dans des magasins de confiance :<\/p>\n<h3 class=\"\" data-start=\"2621\" data-end=\"2661\"><strong data-start=\"2625\" data-end=\"2661\">Achetez sur EspressoMachineSale.com<\/strong><\/h3>\n<p class=\"\" data-start=\"2662\" data-end=\"2829\">Trouver le <strong data-start=\"2671\" data-end=\"2685\">meilleures offres<\/strong>, exp\u00e9dition rapide et support client professionnel en achetant directement sur <a class=\"\" href=\"https:\/\/bestathomeespressomachine.com\/fr\/\" target=\"_new\" rel=\"noopener\" data-start=\"2762\" data-end=\"2828\"><strong data-start=\"2763\" data-end=\"2790\">EspressoMachineSale.com<\/strong><\/a>.<\/p>\n<h3 class=\"\" data-start=\"2831\" data-end=\"2852\"><strong data-start=\"2835\" data-end=\"2852\">Acheter sur Amazon<\/strong><\/h3>\n<p class=\"\" data-start=\"2853\" data-end=\"2963\">Des achats pratiques et des avis clients v\u00e9rifi\u00e9s sont disponibles lorsque vous achetez TrueBrew via <strong data-start=\"2952\" data-end=\"2962\">Amazone<\/strong>.<\/p>\n<h3 class=\"\" data-start=\"2965\" data-end=\"3007\"><strong data-start=\"2969\" data-end=\"3007\">Achetez sur le site officiel de DeLonghi<\/strong><\/h3>\n<p class=\"\" data-start=\"3008\" data-end=\"3134\">Explorez tous les d\u00e9tails du produit, les offres et les lots directement depuis le <strong data-start=\"3077\" data-end=\"3106\">site officiel de DeLonghi<\/strong>.<\/p>\n<h3 class=\"\" data-start=\"3136\" data-end=\"3165\"><strong data-start=\"3140\" data-end=\"3165\">Acheter en ligne en Allemagne<\/strong><\/h3>\n<p class=\"\" data-start=\"3166\" data-end=\"3236\">Pour les clients en Allemagne, vous pouvez acheter le DeLonghi TrueBrew chez<\/p>\n<ul data-start=\"3237\" data-end=\"3346\">\n<li class=\"\" data-start=\"3237\" data-end=\"3252\">\n<p class=\"\" data-start=\"3239\" data-end=\"3252\"><strong data-start=\"3239\" data-end=\"3252\">Amazon.de<\/strong><\/p>\n<\/li>\n<li class=\"\" data-start=\"3253\" data-end=\"3292\">\n<p class=\"\" data-start=\"3255\" data-end=\"3292\"><strong data-start=\"3255\" data-end=\"3292\">Site officiel de DeLonghi Allemagne<\/strong><\/p>\n<\/li>\n<li class=\"\" data-start=\"3293\" data-end=\"3346\">\n<p class=\"\" data-start=\"3295\" data-end=\"3346\"><strong data-start=\"3295\" data-end=\"3346\">EspressoMachineSale.com (livraison internationale)<\/strong><\/p>\n<\/li>\n<\/ul>\n<hr class=\"\" data-start=\"3348\" data-end=\"3351\" \/>\n<h2 class=\"\" data-start=\"3353\" data-end=\"3400\"><strong data-start=\"3356\" data-end=\"3400\">Avis clients\u00a0: ce que les gens disent<\/strong><\/h2>\n<p class=\"\" data-start=\"3402\" data-end=\"3560\">\u2b50\ufe0f\u2b50\ufe0f\u2b50\ufe0f\u2b50\ufe0f\u2b50\ufe0f<br data-start=\"3412\" data-end=\"3415\" \/><em data-start=\"3415\" data-end=\"3545\">\u00ab J&#039;adore cette machine. Elle est simple d&#039;utilisation, pr\u00e9pare un caf\u00e9 exceptionnel et j&#039;appr\u00e9cie l&#039;absence de gaspillage d\u00fb aux dosettes et aux filtres. \u00bb<\/em> \u2014 <strong data-start=\"3548\" data-end=\"3560\">Laura M.<\/strong><\/p>\n<p class=\"\" data-start=\"3562\" data-end=\"3695\">\u2b50\ufe0f\u2b50\ufe0f\u2b50\ufe0f\u2b50\ufe0f\u2606<br data-start=\"3571\" data-end=\"3574\" \/><em data-start=\"3574\" data-end=\"3680\">\u00ab La TrueBrew est une machine r\u00e9volutionnaire pour mes matins. Du caf\u00e9 frais, de nombreuses tailles disponibles et un nettoyage ultra-simple ! \u00bb<\/em> \u2014 <strong data-start=\"3683\" data-end=\"3695\">David B.<\/strong><\/p>\n<p class=\"\" data-start=\"3697\" data-end=\"3853\">\u2b50\ufe0f\u2b50\ufe0f\u2b50\ufe0f\u2b50\ufe0f\u2b50\ufe0f<br data-start=\"3707\" data-end=\"3710\" \/><em data-start=\"3710\" data-end=\"3837\">\u00ab Nous l&#039;avons achet\u00e9 pour notre bureau, et tout le monde en est conquis ! Aucun gaspillage, un go\u00fbt excellent et le mode carafe est parfait pour les r\u00e9unions. \u00bb<\/em> \u2014 <strong data-start=\"3840\" data-end=\"3853\">Sophie K.<\/strong><\/p>\n<p class=\"\" data-start=\"3855\" data-end=\"3979\"><strong data-start=\"3855\" data-end=\"3884\">Voir plus de t\u00e9moignages sur :<\/strong><br data-start=\"3884\" data-end=\"3887\" \/><a class=\"cursor-pointer\" href=\"https:\/\/bestathomeespressomachine.com\/fr\/testimonials\/\" target=\"_new\" rel=\"noopener\" data-start=\"3887\" data-end=\"3979\"><strong data-start=\"3888\" data-end=\"3928\">T\u00e9moignages<\/strong><\/a><\/p>\n<hr class=\"\" data-start=\"3981\" data-end=\"3984\" \/>\n<h2 class=\"\" data-start=\"3986\" data-end=\"4026\"><strong data-start=\"3989\" data-end=\"4026\">Foire aux questions (FAQ)<\/strong><\/h2>\n<h3 class=\"\" data-start=\"4028\" data-end=\"4089\"><strong data-start=\"4032\" data-end=\"4089\">Le DeLonghi TrueBrew est-il compatible avec les dosettes de caf\u00e9 ?<\/strong><\/h3>\n<p class=\"\" data-start=\"4090\" data-end=\"4211\">Non. Le TrueBrew est sp\u00e9cialement con\u00e7u pour \u00eatre utilis\u00e9 <strong data-start=\"4139\" data-end=\"4161\">grains de caf\u00e9 entiers<\/strong> seulement, en assurant <strong data-start=\"4177\" data-end=\"4191\">z\u00e9ro d\u00e9chet<\/strong> et une saveur maximale.<\/p>\n<h3 class=\"\" data-start=\"4213\" data-end=\"4262\"><strong data-start=\"4217\" data-end=\"4262\">Puis-je pr\u00e9parer du caf\u00e9 glac\u00e9 avec le TrueBrew ?<\/strong><\/h3>\n<p class=\"\" data-start=\"4263\" data-end=\"4362\">Oui! Le <strong data-start=\"4272\" data-end=\"4284\">Sur la glace<\/strong> Le style d&#039;infusion ajuste automatiquement les param\u00e8tres pour offrir le caf\u00e9 glac\u00e9 parfait.<\/p>\n<h3 class=\"\" data-start=\"4364\" data-end=\"4407\"><strong data-start=\"4368\" data-end=\"4407\">Comment le TrueBrew se nettoie-t-il ?<\/strong><\/h3>\n<p class=\"\" data-start=\"4408\" data-end=\"4569\">La machine a un <strong data-start=\"4427\" data-end=\"4441\">nettoyage automatique<\/strong> Fonction de rin\u00e7age des composants internes apr\u00e8s chaque cycle d&#039;infusion. Le marc de caf\u00e9 est compact\u00e9 en <strong data-start=\"4544\" data-end=\"4568\">rondelles faciles \u00e0 retirer<\/strong>.<\/p>\n<h3 class=\"\" data-start=\"4571\" data-end=\"4611\"><strong data-start=\"4575\" data-end=\"4611\">Quelles tailles de caf\u00e9 puis-je pr\u00e9parer ?<\/strong><\/h3>\n<p class=\"\" data-start=\"4612\" data-end=\"4753\">Vous pouvez pr\u00e9parer des quantit\u00e9s allant de <strong data-start=\"4644\" data-end=\"4664\">tasses individuelles de 8 oz<\/strong> \u00e0 un <strong data-start=\"4670\" data-end=\"4691\">carafe pleine de 40 oz<\/strong>, avec des options suppl\u00e9mentaires comme un <strong data-start=\"4724\" data-end=\"4752\">3 oz de shot de style expresso<\/strong>.<\/p>\n<h3 class=\"\" data-start=\"4755\" data-end=\"4792\"><strong data-start=\"4759\" data-end=\"4792\">Est-ce qu&#039;une garantie est incluse ?<\/strong><\/h3>\n<p class=\"\" data-start=\"4793\" data-end=\"4923\">Oui, le DeLonghi TrueBrew est livr\u00e9 avec un <strong data-start=\"4833\" data-end=\"4867\">Garantie constructeur de 3 ans<\/strong> (2 ans par d\u00e9faut + 1 an suppl\u00e9mentaire si inscrit).<\/p>\n<p class=\"\" data-start=\"4957\" data-end=\"5171\">\n<\/div>\n<\/div>\n<\/div>\n<\/div>","protected":false},"excerpt":{"rendered":"<p><strong data-start=\"4957\" data-end=\"5003\">Machine \u00e0 caf\u00e9 automatique DeLonghi TrueBrew<\/strong> \u2013 Pr\u00e9parez un caf\u00e9 frais et z\u00e9ro d\u00e9chet d&#039;une simple pression sur un bouton. Plusieurs modes d&#039;infusion, autonettoyage et garantie 3 ans. Achetez en ligne sur EspressoMachineSale.com ou Amazon d\u00e8s aujourd&#039;hui\u00a0!<\/p>","protected":false},"featured_media":21384,"comment_status":"open","ping_status":"closed","template":"","meta":[],"product_cat":[50],"product_tag":[],"class_list":{"0":"post-21380","1":"product","2":"type-product","3":"status-publish","4":"has-post-thumbnail","6":"product_cat-delonghi-espresso-machines","8":"first","9":"instock","10":"sale","11":"shipping-taxable","12":"purchasable","13":"product-type-simple","14":"col-xs-6 col-sm-4","15":"col-md-3 col-lg-3","16":"un-4-cols"},"jetpack_sharing_enabled":true,"_links":{"self":[{"href":"https:\/\/bestathomeespressomachine.com\/fr\/wp-json\/wp\/v2\/product\/21380","targetHints":{"allow":["GET"]}}],"collection":[{"href":"https:\/\/bestathomeespressomachine.com\/fr\/wp-json\/wp\/v2\/product"}],"about":[{"href":"https:\/\/bestathomeespressomachine.com\/fr\/wp-json\/wp\/v2\/types\/product"}],"replies":[{"embeddable":true,"href":"https:\/\/bestathomeespressomachine.com\/fr\/wp-json\/wp\/v2\/comments?post=21380"}],"version-history":[{"count":3,"href":"https:\/\/bestathomeespressomachine.com\/fr\/wp-json\/wp\/v2\/product\/21380\/revisions"}],"predecessor-version":[{"id":22372,"href":"https:\/\/bestathomeespressomachine.com\/fr\/wp-json\/wp\/v2\/product\/21380\/revisions\/22372"}],"wp:featuredmedia":[{"embeddable":true,"href":"https:\/\/bestathomeespressomachine.com\/fr\/wp-json\/wp\/v2\/media\/21384"}],"wp:attachment":[{"href":"https:\/\/bestathomeespressomachine.com\/fr\/wp-json\/wp\/v2\/media?parent=21380"}],"wp:term":[{"taxonomy":"product_cat","embeddable":true,"href":"https:\/\/bestathomeespressomachine.com\/fr\/wp-json\/wp\/v2\/product_cat?post=21380"},{"taxonomy":"product_tag","embeddable":true,"href":"https:\/\/bestathomeespressomachine.com\/fr\/wp-json\/wp\/v2\/product_tag?post=21380"}],"curies":[{"name":"wp","href":"https:\/\/api.w.org\/{rel}","templated":true}]}}