{"id":21444,"date":"2025-01-04T13:23:55","date_gmt":"2025-01-04T13:23:55","guid":{"rendered":"https:\/\/bestathomeespressomachine.com\/?post_type=product&#038;p=21444"},"modified":"2025-04-28T15:52:17","modified_gmt":"2025-04-28T15:52:17","slug":"buy-delonghi-dinamica-lattecrema-super-automatic-espresso-machine-online","status":"publish","type":"product","link":"https:\/\/bestathomeespressomachine.com\/fr\/product\/buy-delonghi-dinamica-lattecrema-super-automatic-espresso-machine-online\/","title":{"rendered":"DeLonghi Dinamica LatteCrema Machine \u00e0 expresso et cappuccino super automatique ECAM35075SI (Argent)"},"content":{"rendered":"<div class=\"product-block-list__item product-block-list__item--description\">\n<div class=\"card\">\n<div class=\"card__section product-description-area\">\n<div class=\"rte text--pull\">\n<h2 data-start=\"193\" data-end=\"229\"><strong data-start=\"197\" data-end=\"229\">ACHETEZ DELONGHI DYNAMICA EN LIGNE<\/strong><\/h2>\n<p class=\"\" data-start=\"231\" data-end=\"774\">Achetez DeLonghi Dinamica en ligne. <strong data-start=\"235\" data-end=\"325\">Machine \u00e0 expresso et cappuccino super automatique DeLonghi Dinamica LatteCrema ECAM35075SI<\/strong> dans <strong data-start=\"329\" data-end=\"339\">Argent<\/strong> est d\u00e9sormais disponible \u00e0 l&#039;achat en ligne. Cette machine \u00e9l\u00e9gante et performante vous permet de d\u00e9guster des caf\u00e9s dignes d&#039;un barista \u00e0 domicile, d&#039;une simple pression sur un bouton. Que vous ayez envie d&#039;un expresso classique ou d&#039;un caf\u00e9 glac\u00e9 onctueux, la Dinamica vous garantit des boissons toujours excellentes. Gr\u00e2ce \u00e0 son <strong data-start=\"632\" data-end=\"665\">broyeur \u00e0 meules conique int\u00e9gr\u00e9<\/strong> et des fonctionnalit\u00e9s innovantes, le <strong data-start=\"695\" data-end=\"716\">DeLonghi Dynamic<\/strong> garantit un caf\u00e9 fra\u00eechement moulu et une infusion riche et savoureuse.<\/p>\n<p class=\"\" data-start=\"776\" data-end=\"1073\">\u00c0 <strong data-start=\"779\" data-end=\"802\">Espressomachine.com<\/strong>Nous vous facilitons l&#039;achat de votre nouvelle machine \u00e0 caf\u00e9. Profitez-en\u00a0! <strong data-start=\"871\" data-end=\"888\">livraison gratuite<\/strong> et un <strong data-start=\"895\" data-end=\"923\">garantie d&#039;alignement des prix<\/strong>, vous garantissant ainsi le meilleur rapport qualit\u00e9-prix. Si vous trouvez moins cher ailleurs, nous nous alignerons sur ce prix, jusqu&#039;\u00e0 <strong data-start=\"1041\" data-end=\"1072\">90 jours apr\u00e8s votre achat<\/strong>.<\/p>\n<p class=\"\" data-start=\"1075\" data-end=\"1175\">Obtenez votre <strong data-start=\"1084\" data-end=\"1105\">DeLonghi Dynamic<\/strong> aujourd&#039;hui et profitez d&#039;un caf\u00e9 de qualit\u00e9 professionnelle dans le confort de votre maison.<\/p>\n<p class=\"\" data-start=\"1177\" data-end=\"1267\"><a class=\"\" href=\"https:\/\/www.espressomachine.com\" target=\"_new\" rel=\"noopener nofollow\" data-start=\"1177\" data-end=\"1267\"><strong data-start=\"1178\" data-end=\"1233\">Achetez la machine \u00e0 caf\u00e9 DeLonghi Dinamica en ligne sur Espressomachine.com<\/strong><\/a><\/p>\n<hr class=\"\" data-start=\"1269\" data-end=\"1272\" \/>\n<h2 data-start=\"1274\" data-end=\"1298\"><strong data-start=\"1278\" data-end=\"1298\">Avis des clients<\/strong><\/h2>\n<p class=\"\" data-start=\"1300\" data-end=\"1603\">Curieux de savoir comment le <strong data-start=\"1322\" data-end=\"1343\">DeLonghi Dynamic<\/strong> Est-ce que la machine fonctionne dans de vrais foyers\u00a0? Consultez les avis clients qui l&#039;ont test\u00e9e. Ces avis vous donneront un aper\u00e7u pr\u00e9cieux de son efficacit\u00e9 pour vos caf\u00e9s quotidiens et de ce que vous pouvez attendre de sa technologie d&#039;infusion de haute qualit\u00e9.<\/p>\n<p class=\"\" data-start=\"1605\" data-end=\"1683\"><a class=\"\" href=\"https:\/\/bestathomeespressomachine.com\/fr\/testimonials\/\" target=\"_new\" rel=\"noopener\" data-start=\"1605\" data-end=\"1683\"><strong data-start=\"1606\" data-end=\"1635\">Avis sur DeLonghi Dinamica<\/strong><\/a><\/p>\n<hr class=\"\" data-start=\"1685\" data-end=\"1688\" \/>\n<h3 class=\"\" data-start=\"128\" data-end=\"169\">O\u00f9 acheter DeLonghi Dinamica en ligne<\/h3>\n<p class=\"\" data-start=\"171\" data-end=\"384\">Le <strong data-start=\"175\" data-end=\"253\">Machine \u00e0 expresso et cappuccino super automatique DeLonghi Dinamica LatteCrema<\/strong> est disponible \u00e0 l&#039;achat sur <strong data-start=\"283\" data-end=\"306\">EspressoMachine.com<\/strong>Obtenez les meilleures offres, profitez de la livraison gratuite et b\u00e9n\u00e9ficiez de l&#039;alignement des prix sur :<\/p>\n<p class=\"\" data-start=\"386\" data-end=\"442\"><a rel=\"noopener\" data-start=\"386\" data-end=\"442\">Achetez la machine \u00e0 caf\u00e9 DeLonghi Dinamica en ligne sur Espressomachine.com<\/a><\/p>\n<p class=\"\" data-start=\"444\" data-end=\"591\">En outre, le <strong data-start=\"461\" data-end=\"482\">DeLonghi Dynamic<\/strong> est disponible \u00e0 l&#039;achat en ligne dans plusieurs pays europ\u00e9ens. Voici les meilleurs endroits o\u00f9 l&#039;acheter\u00a0:<\/p>\n<p class=\"\" data-start=\"593\" data-end=\"607\"><strong data-start=\"593\" data-end=\"604\">Allemagne<\/strong>:<\/p>\n<ul data-start=\"608\" data-end=\"667\">\n<li class=\"\" data-start=\"608\" data-end=\"667\">\n<p class=\"\" data-start=\"610\" data-end=\"667\"><a rel=\"noopener\" data-start=\"610\" data-end=\"667\">Achetez la machine \u00e0 caf\u00e9 DeLonghi Dinamica sur Espressomachine.com Allemagne<\/a><\/p>\n<\/li>\n<\/ul>\n<p class=\"\" data-start=\"669\" data-end=\"682\"><strong data-start=\"669\" data-end=\"679\">Pologne<\/strong>:<\/p>\n<ul data-start=\"683\" data-end=\"741\">\n<li class=\"\" data-start=\"683\" data-end=\"741\">\n<p class=\"\" data-start=\"685\" data-end=\"741\"><a rel=\"noopener\" data-start=\"685\" data-end=\"741\">Achetez la machine \u00e0 caf\u00e9 DeLonghi Dinamica sur Espressomachine.com Pologne<\/a><\/p>\n<\/li>\n<\/ul>\n<p class=\"\" data-start=\"743\" data-end=\"756\"><strong data-start=\"743\" data-end=\"753\">France<\/strong>:<\/p>\n<ul data-start=\"757\" data-end=\"815\">\n<li class=\"\" data-start=\"757\" data-end=\"815\">\n<p class=\"\" data-start=\"759\" data-end=\"815\"><a rel=\"noopener\" data-start=\"759\" data-end=\"815\">Achetez DeLonghi Dinamica sur Espressomachine.com France<\/a><\/p>\n<\/li>\n<\/ul>\n<p class=\"\" data-start=\"817\" data-end=\"1015\">Pour les meilleures offres et options de garantie, assurez-vous de v\u00e9rifier aupr\u00e8s de <strong data-start=\"880\" data-end=\"903\">Espressomachine.com<\/strong> pour des offres et promotions locales. Obtenez votre <strong data-start=\"946\" data-end=\"967\">DeLonghi Dynamic<\/strong> aujourd&#039;hui et profitez d&#039;un caf\u00e9 de qualit\u00e9 barista \u00e0 la maison !<\/p>\n<hr class=\"\" data-start=\"2548\" data-end=\"2551\" \/>\n<h2 data-start=\"2553\" data-end=\"2574\"><strong data-start=\"2557\" data-end=\"2574\">Pourquoi Dinamica ?<\/strong><\/h2>\n<p class=\"\" data-start=\"2576\" data-end=\"2774\">Le <strong data-start=\"2580\" data-end=\"2601\">DeLonghi Dynamic<\/strong> Son design moderne et compact permet de gagner de la place sur le plan de travail tout en offrant des r\u00e9sultats de caf\u00e9 exceptionnels. Voici quelques raisons pour lesquelles <strong data-start=\"2750\" data-end=\"2762\">Dynamique<\/strong> se d\u00e9marque:<\/p>\n<ul data-start=\"2776\" data-end=\"3185\">\n<li class=\"\" data-start=\"2776\" data-end=\"2891\">\n<p class=\"\" data-start=\"2778\" data-end=\"2891\"><strong data-start=\"2778\" data-end=\"2812\">Nouveau design compact et discret<\/strong>:Parfait pour \u00e9conomiser de l&#039;espace sur le comptoir tout en offrant des fonctionnalit\u00e9s avanc\u00e9es.<\/p>\n<\/li>\n<li class=\"\" data-start=\"2892\" data-end=\"3003\">\n<p class=\"\" data-start=\"2894\" data-end=\"3003\"><strong data-start=\"2894\" data-end=\"2933\">Derni\u00e8re technologie de brassage De&#039;Longhi<\/strong>: D\u00e9couvrez des boissons de qualit\u00e9 professionnelle avec une technologie de pointe.<\/p>\n<\/li>\n<li class=\"\" data-start=\"3004\" data-end=\"3182\">\n<p class=\"\" data-start=\"3006\" data-end=\"3182\"><strong data-start=\"3006\" data-end=\"3046\">Grande vari\u00e9t\u00e9 de possibilit\u00e9s de boissons<\/strong>:Avec un <strong data-start=\"3061\" data-end=\"3076\">Caf\u00e9 glac\u00e9<\/strong> fonction et un total de <strong data-start=\"3101\" data-end=\"3143\">18 recettes d&#039;espresso et de caf\u00e9 de sp\u00e9cialit\u00e9<\/strong> pour r\u00e9pondre \u00e0 toutes vos envies de caf\u00e9.<\/p>\n<\/li>\n<\/ul>\n<h2 data-start=\"3186\" data-end=\"3238\"><strong data-start=\"3190\" data-end=\"3237\">Menu de 18 recettes d&#039;espresso et de caf\u00e9 de sp\u00e9cialit\u00e9<\/strong>:<\/h2>\n<ul data-start=\"3239\" data-end=\"3851\">\n<li class=\"\" data-start=\"3239\" data-end=\"3300\">\n<p class=\"\" data-start=\"3241\" data-end=\"3300\"><strong data-start=\"3241\" data-end=\"3253\">Espresso<\/strong>:Authentique, haute pression avec une densit\u00e9 parfaite<\/p>\n<\/li>\n<li class=\"\" data-start=\"3301\" data-end=\"3387\">\n<p class=\"\" data-start=\"3303\" data-end=\"3387\"><strong data-start=\"3303\" data-end=\"3318\">Caf\u00e9 glac\u00e9<\/strong>:Brass\u00e9e \u00e0 une temp\u00e9rature plus basse pour cr\u00e9er une boisson douce et cors\u00e9e<\/p>\n<\/li>\n<li class=\"\" data-start=\"3388\" data-end=\"3448\">\n<p class=\"\" data-start=\"3390\" data-end=\"3448\"><strong data-start=\"3390\" data-end=\"3405\">Caf\u00e9 au lait<\/strong>: Caf\u00e9 cr\u00e9meux et \u00e9quilibr\u00e9 avec du lait cuit \u00e0 la vapeur<\/p>\n<\/li>\n<li class=\"\" data-start=\"3449\" data-end=\"3514\">\n<p class=\"\" data-start=\"3451\" data-end=\"3514\"><strong data-start=\"3451\" data-end=\"3466\">Cappuccinos<\/strong>: Des cappuccinos riches et mousseux avec une mousse parfaite<\/p>\n<\/li>\n<li class=\"\" data-start=\"3515\" data-end=\"3587\">\n<p class=\"\" data-start=\"3517\" data-end=\"3587\"><strong data-start=\"3517\" data-end=\"3530\">Macchiato<\/strong>:Un expresso cors\u00e9 avec un peu de lait cuit \u00e0 la vapeur<\/p>\n<\/li>\n<li class=\"\" data-start=\"3588\" data-end=\"3650\">\n<p class=\"\" data-start=\"3590\" data-end=\"3650\"><strong data-start=\"3590\" data-end=\"3604\">Flat White<\/strong>:Un caf\u00e9 velout\u00e9 avec une couche onctueuse de lait<\/p>\n<\/li>\n<li class=\"\" data-start=\"3651\" data-end=\"3718\">\n<p class=\"\" data-start=\"3653\" data-end=\"3718\"><strong data-start=\"3653\" data-end=\"3668\">Caf\u00e9 long<\/strong>:Pour les amateurs de caf\u00e9 filtre qui pr\u00e9f\u00e8rent un go\u00fbt plus doux<\/p>\n<\/li>\n<li class=\"\" data-start=\"3719\" data-end=\"3774\">\n<p class=\"\" data-start=\"3721\" data-end=\"3774\"><strong data-start=\"3721\" data-end=\"3741\">Lait chaud cuit \u00e0 la vapeur<\/strong>: \u00c0 utiliser dans les boissons personnalis\u00e9es<\/p>\n<\/li>\n<li class=\"\" data-start=\"3775\" data-end=\"3851\">\n<p class=\"\" data-start=\"3777\" data-end=\"3851\"><strong data-start=\"3777\" data-end=\"3789\">Sur la glace<\/strong>:Caf\u00e9 glac\u00e9 onctueux et cors\u00e9 qui ne se dilue jamais<\/p>\n<\/li>\n<\/ul>\n<hr class=\"\" data-start=\"3853\" data-end=\"3856\" \/>\n<h2 data-start=\"3858\" data-end=\"3874\"><strong data-start=\"3862\" data-end=\"3874\">Caract\u00e9ristiques<\/strong><\/h2>\n<ul data-start=\"3876\" data-end=\"4861\">\n<li class=\"\" data-start=\"3876\" data-end=\"4024\">\n<p class=\"\" data-start=\"3878\" data-end=\"4024\"><strong data-start=\"3878\" data-end=\"3900\">Syst\u00e8me LatteCrema\u2122<\/strong>: Mousse de lait automatique et r\u00e9glable pour des lattes et cappuccinos \u00e0 la texture parfaite. Compatible avec les laits d&#039;avoine, de soja et de riz*.<\/p>\n<\/li>\n<li class=\"\" data-start=\"4025\" data-end=\"4183\">\n<p class=\"\" data-start=\"4027\" data-end=\"4183\"><strong data-start=\"4027\" data-end=\"4047\">Fonctionnalit\u00e9 Over Ice<\/strong>: Savourez un caf\u00e9 glac\u00e9 cors\u00e9 infus\u00e9 \u00e0 basse temp\u00e9rature, pr\u00e9-infus\u00e9 et extrait sur glace sans perdre son go\u00fbt \u00e0 cause de la dilution.<\/p>\n<\/li>\n<li class=\"\" data-start=\"4184\" data-end=\"4312\">\n<p class=\"\" data-start=\"4186\" data-end=\"4312\"><strong data-start=\"4186\" data-end=\"4219\">Moulin \u00e0 meules conique int\u00e9gr\u00e9<\/strong>:Dispose de 13 r\u00e9glages de mouture pour du caf\u00e9 fra\u00eechement moulu, parfait pour tous les grains de votre choix.<\/p>\n<\/li>\n<li class=\"\" data-start=\"4313\" data-end=\"4427\">\n<p class=\"\" data-start=\"4315\" data-end=\"4427\"><strong data-start=\"4315\" data-end=\"4331\">Caf\u00e9 frais<\/strong>: Le syst\u00e8me \u00ab du grain \u00e0 la tasse \u00bb garantit une fra\u00eecheur digne d&#039;un caf\u00e9 \u00e0 chaque fois. Du caf\u00e9 sans gaspillage, en portion individuelle.<\/p>\n<\/li>\n<li class=\"\" data-start=\"4428\" data-end=\"4523\">\n<p class=\"\" data-start=\"4430\" data-end=\"4523\"><strong data-start=\"4430\" data-end=\"4457\">Syst\u00e8me de thermobloc double<\/strong>: Offre une temp\u00e9rature \u00e9lev\u00e9e et constante pour un expresso authentique.<\/p>\n<\/li>\n<li class=\"\" data-start=\"4524\" data-end=\"4630\">\n<p class=\"\" data-start=\"4526\" data-end=\"4630\"><strong data-start=\"4526\" data-end=\"4579\">Prise en charge des grains de caf\u00e9 et du caf\u00e9 pr\u00e9moulu<\/strong>: Flexibilit\u00e9 d&#039;utiliser vos options de caf\u00e9 pr\u00e9f\u00e9r\u00e9es.<\/p>\n<\/li>\n<li class=\"\" data-start=\"4631\" data-end=\"4727\">\n<p class=\"\" data-start=\"4633\" data-end=\"4727\"><strong data-start=\"4633\" data-end=\"4659\">Enregistrer \u00ab\u00a0Mes\u00a0\u00bb pr\u00e9r\u00e9glages utilisateur<\/strong>:Personnalisez et enregistrez vos param\u00e8tres de boissons pr\u00e9f\u00e9r\u00e9s pour une utilisation ult\u00e9rieure.<\/p>\n<\/li>\n<li class=\"\" data-start=\"4728\" data-end=\"4794\">\n<p class=\"\" data-start=\"4730\" data-end=\"4794\"><strong data-start=\"4730\" data-end=\"4755\">Syst\u00e8me de chauffage unique<\/strong>:Chauffe rapidement pour une pr\u00e9paration plus rapide.<\/p>\n<\/li>\n<li class=\"\" data-start=\"4795\" data-end=\"4861\">\n<p class=\"\" data-start=\"4797\" data-end=\"4861\"><strong data-start=\"4797\" data-end=\"4826\">Bac d&#039;\u00e9gouttage lavable au lave-vaisselle<\/strong>:Pour un nettoyage et un entretien faciles.<\/p>\n<\/li>\n<\/ul>\n<hr class=\"\" data-start=\"4863\" data-end=\"4866\" \/>\n<h2 data-start=\"4868\" data-end=\"4890\"><strong data-start=\"4872\" data-end=\"4890\">Caract\u00e9ristiques<\/strong><\/h2>\n<div class=\"group pointer-events-none relative flex justify-center *:pointer-events-auto\"><button class=\"hover:bg-token-main-surface-secondary text-token-text-secondary pointer-events-auto rounded-lg px-1 py-1 opacity-0 transition-opacity duration-200 group-focus-within:opacity-100 group-hover:opacity-100\"><\/button><\/p>\n<div class=\"tableContainer horzScrollShadows relative\">\n<table class=\"min-w-full\" data-start=\"4892\" data-end=\"5542\">\n<thead data-start=\"4892\" data-end=\"4956\">\n<tr data-start=\"4892\" data-end=\"4956\">\n<th data-start=\"4892\" data-end=\"4921\"><strong data-start=\"4894\" data-end=\"4905\">Fonctionnalit\u00e9<\/strong><\/th>\n<th data-start=\"4921\" data-end=\"4956\"><strong data-start=\"4923\" data-end=\"4934\">D\u00e9tails<\/strong><\/th>\n<\/tr>\n<\/thead>\n<tbody data-start=\"5022\" data-end=\"5542\">\n<tr data-start=\"5022\" data-end=\"5086\">\n<td class=\"max-w-[calc(var(--thread-content-max-width)*2\/3)]\" data-start=\"5022\" data-end=\"5051\"><strong data-start=\"5024\" data-end=\"5043\">Dimensions (cm)<\/strong><\/td>\n<td class=\"max-w-[calc(var(--thread-content-max-width)*2\/3)]\" data-start=\"5051\" data-end=\"5086\">23,6 x 42,9 x 34,8<\/td>\n<\/tr>\n<tr data-start=\"5087\" data-end=\"5151\">\n<td class=\"max-w-[calc(var(--thread-content-max-width)*2\/3)]\" data-start=\"5087\" data-end=\"5116\"><strong data-start=\"5089\" data-end=\"5110\">Tension\/Fr\u00e9quence<\/strong><\/td>\n<td class=\"max-w-[calc(var(--thread-content-max-width)*2\/3)]\" data-start=\"5116\" data-end=\"5151\">110\/120<del data-start=\"5125\" data-end=\"5134\">50\/60V<\/del>Hz<\/td>\n<\/tr>\n<tr data-start=\"5152\" data-end=\"5216\">\n<td class=\"max-w-[calc(var(--thread-content-max-width)*2\/3)]\" data-start=\"5152\" data-end=\"5181\"><strong data-start=\"5154\" data-end=\"5165\">Puissance<\/strong><\/td>\n<td class=\"max-w-[calc(var(--thread-content-max-width)*2\/3)]\" data-start=\"5181\" data-end=\"5216\">1250 W<\/td>\n<\/tr>\n<tr data-start=\"5217\" data-end=\"5281\">\n<td class=\"max-w-[calc(var(--thread-content-max-width)*2\/3)]\" data-start=\"5217\" data-end=\"5246\"><strong data-start=\"5219\" data-end=\"5242\">Capacit\u00e9 du r\u00e9servoir d&#039;eau<\/strong><\/td>\n<td class=\"max-w-[calc(var(--thread-content-max-width)*2\/3)]\" data-start=\"5246\" data-end=\"5281\">1,8 L<\/td>\n<\/tr>\n<tr data-start=\"5282\" data-end=\"5347\">\n<td class=\"max-w-[calc(var(--thread-content-max-width)*2\/3)]\" data-start=\"5282\" data-end=\"5313\"><strong data-start=\"5284\" data-end=\"5312\">R\u00e9cipient \u00e0 marc de caf\u00e9<\/strong><\/td>\n<td class=\"max-w-[calc(var(--thread-content-max-width)*2\/3)]\" data-start=\"5313\" data-end=\"5347\">16 portions (max.)<\/td>\n<\/tr>\n<tr data-start=\"5348\" data-end=\"5412\">\n<td class=\"max-w-[calc(var(--thread-content-max-width)*2\/3)]\" data-start=\"5348\" data-end=\"5378\"><strong data-start=\"5350\" data-end=\"5377\">Capacit\u00e9 du conteneur \u00e0 grains<\/strong><\/td>\n<td class=\"max-w-[calc(var(--thread-content-max-width)*2\/3)]\" data-start=\"5378\" data-end=\"5412\">250 g<\/td>\n<\/tr>\n<tr data-start=\"5413\" data-end=\"5477\">\n<td class=\"max-w-[calc(var(--thread-content-max-width)*2\/3)]\" data-start=\"5413\" data-end=\"5442\"><strong data-start=\"5415\" data-end=\"5436\">Consommation d&#039;\u00e9nergie<\/strong><\/td>\n<td class=\"max-w-[calc(var(--thread-content-max-width)*2\/3)]\" data-start=\"5442\" data-end=\"5477\">56,4 kWh\/an<\/td>\n<\/tr>\n<tr data-start=\"5478\" data-end=\"5542\">\n<td class=\"max-w-[calc(var(--thread-content-max-width)*2\/3)]\" data-start=\"5478\" data-end=\"5507\"><strong data-start=\"5480\" data-end=\"5507\">Garantie du fabricant<\/strong><\/td>\n<td class=\"max-w-[calc(var(--thread-content-max-width)*2\/3)]\" data-start=\"5507\" data-end=\"5542\">6 mois (DeLonghi Canada)<\/td>\n<\/tr>\n<\/tbody>\n<\/table>\n<\/div>\n<\/div>\n<hr class=\"\" data-start=\"5544\" data-end=\"5547\" \/>\n<h2 data-start=\"5549\" data-end=\"5581\"><strong data-start=\"5553\" data-end=\"5581\">Garantie d&#039;alignement des prix<\/strong><\/h2>\n<p class=\"\" data-start=\"5583\" data-end=\"5764\">Ce produit est \u00e9ligible \u00e0 <strong data-start=\"5612\" data-end=\"5630\">Alignement des prix<\/strong> avec nous-m\u00eames et d&#039;autres entreprises jusqu&#039;\u00e0 <strong data-start=\"5678\" data-end=\"5704\">90 jours apr\u00e8s l&#039;achat<\/strong>Achetez maintenant en toute s\u00e9curit\u00e9 et obtenez le meilleur prix, garanti.<\/p>\n<p class=\"\" data-start=\"5766\" data-end=\"5856\"><a class=\"\" href=\"https:\/\/www.espressomachine.com\" target=\"_new\" rel=\"noopener nofollow\" data-start=\"5766\" data-end=\"5856\"><strong data-start=\"5767\" data-end=\"5822\">Achetez la machine \u00e0 caf\u00e9 DeLonghi Dinamica en ligne sur Espressomachine.com<\/strong><\/a><\/p>\n<\/div>\n<\/div>\n<\/div>\n<\/div>\n<div class=\"product-block-list__item product-block-list__item--reviews\">\n<div class=\"card\">\n<div class=\"card__section\">\n<div class=\"product-pricing-guarantee-image\"><img decoding=\"async\" src=\"https:\/\/www.homecoffeesolutions.com\/cdn\/shop\/t\/162\/assets\/icon-product-pricing-guarantee.png?v=167166774008428846021734391559\" alt=\"\" \/><\/div>\n<p>Ce produit est \u00e9ligible \u00e0 l&#039;alignement des prix, avec nous et d&#039;autres entreprises, jusqu&#039;\u00e0 90 jours apr\u00e8s l&#039;achat. Achetez maintenant en toute s\u00e9curit\u00e9 et b\u00e9n\u00e9ficiez du meilleur prix garanti.<\/p>\n<\/div>\n<\/div>\n<\/div>","protected":false},"excerpt":{"rendered":"<p class=\"\" data-start=\"197\" data-end=\"482\">Achetez le <strong data-start=\"232\" data-end=\"265\">DeLonghi Dinamica ECAM35075SI<\/strong> Machine \u00e0 expresso et cappuccino super automatique LatteCrema\u00a0: pr\u00e9parez une vari\u00e9t\u00e9 de boissons dignes d&#039;un barista d&#039;une simple pression sur un bouton. Profitez de la livraison gratuite, de l&#039;alignement des prix et d&#039;une garantie de 6 mois. Achetez d\u00e8s maintenant sur Espressomachine.com\u00a0!<\/p>","protected":false},"featured_media":21445,"comment_status":"open","ping_status":"closed","template":"","meta":[],"product_cat":[50],"product_tag":[],"class_list":{"0":"post-21444","1":"product","2":"type-product","3":"status-publish","4":"has-post-thumbnail","6":"product_cat-delonghi-espresso-machines","8":"first","9":"instock","10":"shipping-taxable","11":"purchasable","12":"product-type-simple","13":"col-xs-6 col-sm-4","14":"col-md-3 col-lg-3","15":"un-4-cols"},"jetpack_sharing_enabled":true,"_links":{"self":[{"href":"https:\/\/bestathomeespressomachine.com\/fr\/wp-json\/wp\/v2\/product\/21444","targetHints":{"allow":["GET"]}}],"collection":[{"href":"https:\/\/bestathomeespressomachine.com\/fr\/wp-json\/wp\/v2\/product"}],"about":[{"href":"https:\/\/bestathomeespressomachine.com\/fr\/wp-json\/wp\/v2\/types\/product"}],"replies":[{"embeddable":true,"href":"https:\/\/bestathomeespressomachine.com\/fr\/wp-json\/wp\/v2\/comments?post=21444"}],"version-history":[{"count":3,"href":"https:\/\/bestathomeespressomachine.com\/fr\/wp-json\/wp\/v2\/product\/21444\/revisions"}],"predecessor-version":[{"id":22358,"href":"https:\/\/bestathomeespressomachine.com\/fr\/wp-json\/wp\/v2\/product\/21444\/revisions\/22358"}],"wp:featuredmedia":[{"embeddable":true,"href":"https:\/\/bestathomeespressomachine.com\/fr\/wp-json\/wp\/v2\/media\/21445"}],"wp:attachment":[{"href":"https:\/\/bestathomeespressomachine.com\/fr\/wp-json\/wp\/v2\/media?parent=21444"}],"wp:term":[{"taxonomy":"product_cat","embeddable":true,"href":"https:\/\/bestathomeespressomachine.com\/fr\/wp-json\/wp\/v2\/product_cat?post=21444"},{"taxonomy":"product_tag","embeddable":true,"href":"https:\/\/bestathomeespressomachine.com\/fr\/wp-json\/wp\/v2\/product_tag?post=21444"}],"curies":[{"name":"wp","href":"https:\/\/api.w.org\/{rel}","templated":true}]}}