{"id":21468,"date":"2025-01-06T04:01:18","date_gmt":"2025-01-06T04:01:18","guid":{"rendered":"https:\/\/bestathomeespressomachine.com\/?post_type=product&#038;p=21468"},"modified":"2025-04-28T15:30:46","modified_gmt":"2025-04-28T15:30:46","slug":"buy-jura-z10-for-sale-online-super-automatic-espresso-coffee-machine","status":"publish","type":"product","link":"https:\/\/bestathomeespressomachine.com\/fr\/product\/buy-jura-z10-for-sale-online-super-automatic-espresso-coffee-machine\/","title":{"rendered":"Machine \u00e0 caf\u00e9 et expresso super automatique Jura Z10 en aluminium blanc, pour infusions froides et boissons sp\u00e9ciales"},"content":{"rendered":"<div class=\"product-block-list__item product-block-list__item--description\">\n<div class=\"card\">\n<div class=\"card__section product-description-area\">\n<div class=\"rte text--pull\">\n<div class=\"page-subtitle\">\n<h2 data-start=\"0\" data-end=\"69\"><strong data-start=\"0\" data-end=\"69\">Achetez le Jura Z10 en ligne\u00a0: un chef-d&#039;\u0153uvre de l&#039;ing\u00e9nierie suisse<\/strong><\/h2>\n<p class=\"\" data-start=\"71\" data-end=\"409\">Achetez le <strong data-start=\"75\" data-end=\"87\">Jura Z10<\/strong> La machine \u00e0 caf\u00e9 automatique est un exemple remarquable d&#039;innovation et de pr\u00e9cision technique suisses. Con\u00e7ue pour sublimer votre exp\u00e9rience caf\u00e9, la Z10 permet de pr\u00e9parer une large gamme de sp\u00e9cialit\u00e9s chaudes et froides d&#039;une simple pression. Plus qu&#039;une simple machine \u00e0 caf\u00e9, c&#039;est une exp\u00e9rience digne d&#039;un barista \u00e0 port\u00e9e de main. Achetez la Jura Z10 en ligne.<\/p>\n<p class=\"\" data-start=\"411\" data-end=\"691\">Avec l\u2019introduction de la <strong data-start=\"440\" data-end=\"480\"><a href=\"https:\/\/bestathomeespressomachine.com\/fr\/product\/buy-philips-3300-lattego-super-automatic-espresso-machine-online\/\">Broyeur de reconnaissance de produit<\/a> (PRG)<\/strong>La Jura Z10 adapte intelligemment la mouture instantan\u00e9ment en fonction de la sp\u00e9cialit\u00e9 choisie. Que vous souhaitiez un expresso intense ou un cold brew rafra\u00eechissant, cette machine garantit une extraction parfaite de chaque tasse.<\/p>\n<hr class=\"\" data-start=\"693\" data-end=\"696\" \/>\n<h2 class=\"\" data-start=\"698\" data-end=\"732\"><strong data-start=\"701\" data-end=\"732\">Pourquoi acheter le Jura Z10 en ligne\u00a0?<\/strong><\/h2>\n<ul data-start=\"734\" data-end=\"957\">\n<li class=\"\" data-start=\"734\" data-end=\"776\">\n<p class=\"\" data-start=\"736\" data-end=\"776\">B\u00e9n\u00e9ficiez d&#039;un prix \u00e9gal \u00e0 celui d&#039;un autre jusqu&#039;\u00e0 90 jours<\/p>\n<\/li>\n<li class=\"\" data-start=\"777\" data-end=\"861\">\n<p class=\"\" data-start=\"779\" data-end=\"861\">Meilleure offre garantie \u00e0 <a class=\"\" href=\"https:\/\/bestathomeespressomachine.com\/fr\/\" target=\"_new\" rel=\"noopener\" data-start=\"803\" data-end=\"861\">EspressoMachineSale.com<\/a><\/p>\n<\/li>\n<li class=\"\" data-start=\"862\" data-end=\"957\">\n<p class=\"\" data-start=\"864\" data-end=\"957\">Voyez ce que les autres disent : <a class=\"\" href=\"https:\/\/bestathomeespressomachine.com\/fr\/testimonials\/\" target=\"_new\" rel=\"noopener\" data-start=\"892\" data-end=\"957\">Avis des clients<\/a><\/p>\n<\/li>\n<\/ul>\n<hr class=\"\" data-start=\"959\" data-end=\"962\" \/>\n<h2 class=\"\" data-start=\"964\" data-end=\"995\"><strong data-start=\"967\" data-end=\"995\">Caract\u00e9ristiques du Jura Z10<\/strong><\/h2>\n<h3 class=\"\" data-start=\"997\" data-end=\"1041\"><strong data-start=\"1001\" data-end=\"1041\">Broyeur \u00e0 reconnaissance de produit (PRG)<\/strong><\/h3>\n<p class=\"\" data-start=\"1042\" data-end=\"1281\">Le PRG garantit une mouture id\u00e9ale pour chaque boisson. Il s&#039;ajuste \u00e9lectroniquement en quelques secondes, plus rapidement et plus pr\u00e9cis\u00e9ment que les moulins manuels. La machine choisit automatiquement la mouture adapt\u00e9e \u00e0 la boisson choisie.<\/p>\n<h3 class=\"\" data-start=\"1283\" data-end=\"1311\"><strong data-start=\"1287\" data-end=\"1311\">Technologie d&#039;infusion \u00e0 froid<\/strong><\/h3>\n<p class=\"\" data-start=\"1312\" data-end=\"1531\">Avec le <strong data-start=\"1321\" data-end=\"1348\">Processus D&#039;Extraction \u00c0 Froid<\/strong>Le Z10 utilise de l&#039;eau froide puls\u00e9e sous pression \u00e0 travers des grains grossi\u00e8rement moulus, lib\u00e9rant des saveurs fruit\u00e9es et rafra\u00eechissantes sans amertume. Il s&#039;agit d&#039;un v\u00e9ritable caf\u00e9 infus\u00e9 \u00e0 froid, pas seulement d&#039;un caf\u00e9 glac\u00e9.<\/p>\n<h3 class=\"\" data-start=\"1533\" data-end=\"1587\"><strong data-start=\"1537\" data-end=\"1587\">Unit\u00e9 de brassage de huiti\u00e8me g\u00e9n\u00e9ration avec brassage 3D<\/strong><\/h3>\n<p class=\"\" data-start=\"1588\" data-end=\"1775\">L&#039;unit\u00e9 de brassage mise \u00e0 jour du Z10 utilise <strong data-start=\"1624\" data-end=\"1649\">3D technologie de brassage<\/strong> pour permettre \u00e0 l&#039;eau de s&#039;\u00e9couler uniform\u00e9ment \u00e0 travers le marc de caf\u00e9. Cela maximise la saveur, que vous pr\u00e9pariez des boissons chaudes ou froides.<\/p>\n<h3 class=\"\" data-start=\"1777\" data-end=\"1813\"><strong data-start=\"1781\" data-end=\"1813\">Design \u00e9l\u00e9gant et durable<\/strong><\/h3>\n<p class=\"\" data-start=\"1814\" data-end=\"1986\">De son <strong data-start=\"1823\" data-end=\"1862\">panneau avant en aluminium convexe-concave<\/strong> Gr\u00e2ce \u00e0 son r\u00e9servoir d&#039;eau \u00e9clair\u00e9 et \u00e0 ses mat\u00e9riaux haut de gamme, le Jura Z10 est con\u00e7u pour des performances et une beaut\u00e9 durables.<\/p>\n<hr class=\"\" data-start=\"1988\" data-end=\"1991\" \/>\n<h2 class=\"\" data-start=\"1993\" data-end=\"2025\"><strong data-start=\"1996\" data-end=\"2025\">Boissons sp\u00e9ciales Jura Z10<\/strong><\/h2>\n<div class=\"group pointer-events-none relative flex justify-center *:pointer-events-auto\"><button class=\"hover:bg-token-main-surface-secondary text-token-text-secondary pointer-events-auto rounded-lg px-1 py-1 opacity-0 transition-opacity duration-200 group-focus-within:opacity-100 group-hover:opacity-100\"><\/button><\/p>\n<div class=\"tableContainer horzScrollShadows relative\">\n<table class=\"min-w-full\" data-start=\"2027\" data-end=\"3341\">\n<thead data-start=\"2027\" data-end=\"2112\">\n<tr data-start=\"2027\" data-end=\"2112\">\n<th data-start=\"2027\" data-end=\"2055\">Caf\u00e9 et expresso<\/th>\n<th data-start=\"2055\" data-end=\"2082\">Boissons \u00e0 base de lait<\/th>\n<th data-start=\"2082\" data-end=\"2112\">Options eau\/lait<\/th>\n<\/tr>\n<\/thead>\n<tbody data-start=\"2201\" data-end=\"3341\">\n<tr data-start=\"2201\" data-end=\"2287\">\n<td class=\"max-w-[calc(var(--thread-content-max-width)*2\/3)]\" data-start=\"2201\" data-end=\"2229\">Espresso<\/td>\n<td class=\"max-w-[calc(var(--thread-content-max-width)*2\/3)]\" data-start=\"2229\" data-end=\"2257\">Cappuccino<\/td>\n<td class=\"max-w-[calc(var(--thread-content-max-width)*2\/3)]\" data-start=\"2257\" data-end=\"2287\">Eau chaude<\/td>\n<\/tr>\n<tr data-start=\"2288\" data-end=\"2374\">\n<td class=\"max-w-[calc(var(--thread-content-max-width)*2\/3)]\" data-start=\"2288\" data-end=\"2316\">2x Espresso<\/td>\n<td class=\"max-w-[calc(var(--thread-content-max-width)*2\/3)]\" data-start=\"2316\" data-end=\"2344\">Infusion \u00c0 Froid Cappuccino<\/td>\n<td class=\"max-w-[calc(var(--thread-content-max-width)*2\/3)]\" data-start=\"2344\" data-end=\"2374\">Portion de Lait<\/td>\n<\/tr>\n<tr data-start=\"2375\" data-end=\"2461\">\n<td class=\"max-w-[calc(var(--thread-content-max-width)*2\/3)]\" data-start=\"2375\" data-end=\"2403\">Infusion \u00c0 Froid Espresso<\/td>\n<td class=\"max-w-[calc(var(--thread-content-max-width)*2\/3)]\" data-start=\"2403\" data-end=\"2431\">Cappuccino Extra Shot<\/td>\n<td class=\"max-w-[calc(var(--thread-content-max-width)*2\/3)]\" data-start=\"2431\" data-end=\"2461\">Portion de Mousse de Lait<\/td>\n<\/tr>\n<tr data-start=\"2462\" data-end=\"2549\">\n<td class=\"max-w-[calc(var(--thread-content-max-width)*2\/3)]\" data-start=\"2462\" data-end=\"2490\">Caf\u00e9<\/td>\n<td class=\"max-w-[calc(var(--thread-content-max-width)*2\/3)]\" data-start=\"2490\" data-end=\"2518\">Caff\u00e8 Latte<\/td>\n<td class=\"max-w-[calc(var(--thread-content-max-width)*2\/3)]\" data-start=\"2518\" data-end=\"2549\"><\/td>\n<\/tr>\n<tr data-start=\"2550\" data-end=\"2637\">\n<td class=\"max-w-[calc(var(--thread-content-max-width)*2\/3)]\" data-start=\"2550\" data-end=\"2578\">2x caf\u00e9<\/td>\n<td class=\"max-w-[calc(var(--thread-content-max-width)*2\/3)]\" data-start=\"2578\" data-end=\"2606\">Infusion \u00c0 Froid Caff\u00e8 Latte<\/td>\n<td class=\"max-w-[calc(var(--thread-content-max-width)*2\/3)]\" data-start=\"2606\" data-end=\"2637\"><\/td>\n<\/tr>\n<tr data-start=\"2638\" data-end=\"2725\">\n<td class=\"max-w-[calc(var(--thread-content-max-width)*2\/3)]\" data-start=\"2638\" data-end=\"2666\">Infusion \u00c0 Froid De Caf\u00e9<\/td>\n<td class=\"max-w-[calc(var(--thread-content-max-width)*2\/3)]\" data-start=\"2666\" data-end=\"2694\">Caff\u00e8 Latte Espresso<\/td>\n<td class=\"max-w-[calc(var(--thread-content-max-width)*2\/3)]\" data-start=\"2694\" data-end=\"2725\"><\/td>\n<\/tr>\n<tr data-start=\"2726\" data-end=\"2813\">\n<td class=\"max-w-[calc(var(--thread-content-max-width)*2\/3)]\" data-start=\"2726\" data-end=\"2754\">Espresso Doppio<\/td>\n<td class=\"max-w-[calc(var(--thread-content-max-width)*2\/3)]\" data-start=\"2754\" data-end=\"2782\">Latt\u00e9<\/td>\n<td class=\"max-w-[calc(var(--thread-content-max-width)*2\/3)]\" data-start=\"2782\" data-end=\"2813\"><\/td>\n<\/tr>\n<tr data-start=\"2814\" data-end=\"2901\">\n<td class=\"max-w-[calc(var(--thread-content-max-width)*2\/3)]\" data-start=\"2814\" data-end=\"2842\">Caf\u00e9 Barista<\/td>\n<td class=\"max-w-[calc(var(--thread-content-max-width)*2\/3)]\" data-start=\"2842\" data-end=\"2870\">Latte Macchiato Tir Suppl\u00e9mentaire<\/td>\n<td class=\"max-w-[calc(var(--thread-content-max-width)*2\/3)]\" data-start=\"2870\" data-end=\"2901\"><\/td>\n<\/tr>\n<tr data-start=\"2902\" data-end=\"2989\">\n<td class=\"max-w-[calc(var(--thread-content-max-width)*2\/3)]\" data-start=\"2902\" data-end=\"2930\">2x Caf\u00e9 Barista<\/td>\n<td class=\"max-w-[calc(var(--thread-content-max-width)*2\/3)]\" data-start=\"2930\" data-end=\"2958\">Flat White<\/td>\n<td class=\"max-w-[calc(var(--thread-content-max-width)*2\/3)]\" data-start=\"2958\" data-end=\"2989\"><\/td>\n<\/tr>\n<tr data-start=\"2990\" data-end=\"3077\">\n<td class=\"max-w-[calc(var(--thread-content-max-width)*2\/3)]\" data-start=\"2990\" data-end=\"3018\">Lungo Barista<\/td>\n<td class=\"max-w-[calc(var(--thread-content-max-width)*2\/3)]\" data-start=\"3018\" data-end=\"3046\">Infusion \u00c0 Froid Latte Macchiato<\/td>\n<td class=\"max-w-[calc(var(--thread-content-max-width)*2\/3)]\" data-start=\"3046\" data-end=\"3077\"><\/td>\n<\/tr>\n<tr data-start=\"3078\" data-end=\"3165\">\n<td class=\"max-w-[calc(var(--thread-content-max-width)*2\/3)]\" data-start=\"3078\" data-end=\"3106\">2x Long Barista<\/td>\n<td class=\"max-w-[calc(var(--thread-content-max-width)*2\/3)]\" data-start=\"3106\" data-end=\"3134\">Macchiato<\/td>\n<td class=\"max-w-[calc(var(--thread-content-max-width)*2\/3)]\" data-start=\"3134\" data-end=\"3165\"><\/td>\n<\/tr>\n<tr data-start=\"3166\" data-end=\"3253\">\n<td class=\"max-w-[calc(var(--thread-content-max-width)*2\/3)]\" data-start=\"3166\" data-end=\"3194\">Espresso Macchiato<\/td>\n<td class=\"max-w-[calc(var(--thread-content-max-width)*2\/3)]\" data-start=\"3194\" data-end=\"3222\">Infusion \u00c0 Froid Macchiato<\/td>\n<td class=\"max-w-[calc(var(--thread-content-max-width)*2\/3)]\" data-start=\"3222\" data-end=\"3253\"><\/td>\n<\/tr>\n<tr data-start=\"3254\" data-end=\"3341\">\n<td class=\"max-w-[calc(var(--thread-content-max-width)*2\/3)]\" data-start=\"3254\" data-end=\"3282\">Cortado<\/td>\n<td class=\"max-w-[calc(var(--thread-content-max-width)*2\/3)]\" data-start=\"3282\" data-end=\"3310\">Infusion \u00c0 Froid Cortado<\/td>\n<td class=\"max-w-[calc(var(--thread-content-max-width)*2\/3)]\" data-start=\"3310\" data-end=\"3341\"><\/td>\n<\/tr>\n<\/tbody>\n<\/table>\n<\/div>\n<\/div>\n<hr class=\"\" data-start=\"3343\" data-end=\"3346\" \/>\n<h2 class=\"\" data-start=\"3348\" data-end=\"3379\"><strong data-start=\"3351\" data-end=\"3379\">Sp\u00e9cifications techniques<\/strong><\/h2>\n<div class=\"group pointer-events-none relative flex justify-center *:pointer-events-auto\"><button class=\"hover:bg-token-main-surface-secondary text-token-text-secondary pointer-events-auto rounded-lg px-1 py-1 opacity-0 transition-opacity duration-200 group-focus-within:opacity-100 group-hover:opacity-100\"><\/button><\/p>\n<div class=\"tableContainer horzScrollShadows relative\">\n<table class=\"min-w-full\" data-start=\"3381\" data-end=\"4416\">\n<thead data-start=\"3381\" data-end=\"3459\">\n<tr data-start=\"3381\" data-end=\"3459\">\n<th data-start=\"3381\" data-end=\"3418\">Fonctionnalit\u00e9<\/th>\n<th data-start=\"3418\" data-end=\"3459\">D\u00e9tails<\/th>\n<\/tr>\n<\/thead>\n<tbody data-start=\"3540\" data-end=\"4416\">\n<tr data-start=\"3540\" data-end=\"3618\">\n<td class=\"max-w-[calc(var(--thread-content-max-width)*2\/3)]\" data-start=\"3540\" data-end=\"3577\">Broyeur<\/td>\n<td class=\"max-w-[calc(var(--thread-content-max-width)*2\/3)]\" data-start=\"3577\" data-end=\"3618\">Broyeur \u00e0 reconnaissance de produit (PRG)<\/td>\n<\/tr>\n<tr data-start=\"3619\" data-end=\"3697\">\n<td class=\"max-w-[calc(var(--thread-content-max-width)*2\/3)]\" data-start=\"3619\" data-end=\"3656\">Unit\u00e9 de brassage<\/td>\n<td class=\"max-w-[calc(var(--thread-content-max-width)*2\/3)]\" data-start=\"3656\" data-end=\"3697\">5\u201316 g Variable<\/td>\n<\/tr>\n<tr data-start=\"3698\" data-end=\"3777\">\n<td class=\"max-w-[calc(var(--thread-content-max-width)*2\/3)]\" data-start=\"3698\" data-end=\"3735\">Capacit\u00e9 d&#039;infusion \u00e0 froid<\/td>\n<td class=\"max-w-[calc(var(--thread-content-max-width)*2\/3)]\" data-start=\"3735\" data-end=\"3777\">Oui<\/td>\n<\/tr>\n<tr data-start=\"3778\" data-end=\"3857\">\n<td class=\"max-w-[calc(var(--thread-content-max-width)*2\/3)]\" data-start=\"3778\" data-end=\"3815\">Capacit\u00e9 du r\u00e9servoir d&#039;eau<\/td>\n<td class=\"max-w-[calc(var(--thread-content-max-width)*2\/3)]\" data-start=\"3815\" data-end=\"3857\">2,4 L<\/td>\n<\/tr>\n<tr data-start=\"3858\" data-end=\"3937\">\n<td class=\"max-w-[calc(var(--thread-content-max-width)*2\/3)]\" data-start=\"3858\" data-end=\"3895\">Capacit\u00e9 de la tr\u00e9mie \u00e0 grains<\/td>\n<td class=\"max-w-[calc(var(--thread-content-max-width)*2\/3)]\" data-start=\"3895\" data-end=\"3937\">300 g<\/td>\n<\/tr>\n<tr data-start=\"3938\" data-end=\"4017\">\n<td class=\"max-w-[calc(var(--thread-content-max-width)*2\/3)]\" data-start=\"3938\" data-end=\"3975\">\u00c9cran TFT<\/td>\n<td class=\"max-w-[calc(var(--thread-content-max-width)*2\/3)]\" data-start=\"3975\" data-end=\"4017\">\u00c9cran couleur tactile de 4,3 pouces<\/td>\n<\/tr>\n<tr data-start=\"4018\" data-end=\"4097\">\n<td class=\"max-w-[calc(var(--thread-content-max-width)*2\/3)]\" data-start=\"4018\" data-end=\"4055\">Pompe<\/td>\n<td class=\"max-w-[calc(var(--thread-content-max-width)*2\/3)]\" data-start=\"4055\" data-end=\"4097\">15 bars<\/td>\n<\/tr>\n<tr data-start=\"4098\" data-end=\"4177\">\n<td class=\"max-w-[calc(var(--thread-content-max-width)*2\/3)]\" data-start=\"4098\" data-end=\"4135\">Consommation d&#039;\u00e9nergie<\/td>\n<td class=\"max-w-[calc(var(--thread-content-max-width)*2\/3)]\" data-start=\"4135\" data-end=\"4177\">1450W<\/td>\n<\/tr>\n<tr data-start=\"4178\" data-end=\"4257\">\n<td class=\"max-w-[calc(var(--thread-content-max-width)*2\/3)]\" data-start=\"4178\" data-end=\"4215\">Dimensions<\/td>\n<td class=\"max-w-[calc(var(--thread-content-max-width)*2\/3)]\" data-start=\"4215\" data-end=\"4257\">Varie selon le mod\u00e8le<\/td>\n<\/tr>\n<tr data-start=\"4258\" data-end=\"4337\">\n<td class=\"max-w-[calc(var(--thread-content-max-width)*2\/3)]\" data-start=\"4258\" data-end=\"4295\">Poids<\/td>\n<td class=\"max-w-[calc(var(--thread-content-max-width)*2\/3)]\" data-start=\"4295\" data-end=\"4337\">Environ 27,1 lb (12,3 kg)<\/td>\n<\/tr>\n<tr data-start=\"4338\" data-end=\"4416\">\n<td class=\"max-w-[calc(var(--thread-content-max-width)*2\/3)]\" data-start=\"4338\" data-end=\"4375\">Num\u00e9ro d&#039;article<\/td>\n<td class=\"max-w-[calc(var(--thread-content-max-width)*2\/3)]\" data-start=\"4375\" data-end=\"4416\">Se r\u00e9f\u00e9rer au mod\u00e8le<\/td>\n<\/tr>\n<\/tbody>\n<\/table>\n<\/div>\n<\/div>\n<hr class=\"\" data-start=\"4418\" data-end=\"4421\" \/>\n<h2 class=\"\" data-start=\"4423\" data-end=\"4462\"><strong data-start=\"4426\" data-end=\"4462\">Fonctionnement et programmation du Jura Z10<\/strong><\/h2>\n<ul data-start=\"4464\" data-end=\"4779\">\n<li class=\"\" data-start=\"4464\" data-end=\"4519\">\n<p class=\"\" data-start=\"4466\" data-end=\"4519\"><strong data-start=\"4466\" data-end=\"4493\">Compatibilit\u00e9 des applications intelligentes<\/strong>: Fonctionne avec l&#039;application JOE\u00ae<\/p>\n<\/li>\n<li class=\"\" data-start=\"4520\" data-end=\"4629\">\n<p class=\"\" data-start=\"4522\" data-end=\"4629\"><strong data-start=\"4522\" data-end=\"4547\">Param\u00e8tres programmables<\/strong>: 10 niveaux d&#039;intensit\u00e9 du caf\u00e9, 3 niveaux de temp\u00e9rature d&#039;infusion, personnalisation du lait\/de la mousse de lait<\/p>\n<\/li>\n<li class=\"\" data-start=\"4630\" data-end=\"4688\">\n<p class=\"\" data-start=\"4632\" data-end=\"4688\"><strong data-start=\"4632\" data-end=\"4657\">R\u00e9glages automatiques<\/strong>: Le broyeur s&#039;adapte \u00e0 chaque boisson<\/p>\n<\/li>\n<li class=\"\" data-start=\"4689\" data-end=\"4779\">\n<p class=\"\" data-start=\"4691\" data-end=\"4779\"><strong data-start=\"4691\" data-end=\"4715\">Facile \u00e0 entretenir<\/strong>: Programmes int\u00e9gr\u00e9s de nettoyage, de d\u00e9tartrage et de rin\u00e7age du syst\u00e8me de lait<\/p>\n<\/li>\n<\/ul>\n<hr class=\"\" data-start=\"4781\" data-end=\"4784\" \/>\n<h2 class=\"\" data-start=\"4786\" data-end=\"4824\"><strong data-start=\"4789\" data-end=\"4824\">Normes d&#039;hygi\u00e8ne et d&#039;\u00e9nergie du Jura<\/strong><\/h2>\n<div class=\"group pointer-events-none relative flex justify-center *:pointer-events-auto\"><button class=\"hover:bg-token-main-surface-secondary text-token-text-secondary pointer-events-auto rounded-lg px-1 py-1 opacity-0 transition-opacity duration-200 group-focus-within:opacity-100 group-hover:opacity-100\"><\/button><\/p>\n<div class=\"tableContainer horzScrollShadows relative\">\n<table class=\"min-w-full\" data-start=\"4826\" data-end=\"5233\">\n<thead data-start=\"4826\" data-end=\"4876\">\n<tr data-start=\"4826\" data-end=\"4876\">\n<th data-start=\"4826\" data-end=\"4863\">Fonctionnalit\u00e9<\/th>\n<th data-start=\"4863\" data-end=\"4876\">Disponible<\/th>\n<\/tr>\n<\/thead>\n<tbody data-start=\"4928\" data-end=\"5233\">\n<tr data-start=\"4928\" data-end=\"4978\">\n<td class=\"max-w-[calc(var(--thread-content-max-width)*2\/3)]\" data-start=\"4928\" data-end=\"4965\">Hygi\u00e8ne certifi\u00e9e T\u00dcV<\/td>\n<td class=\"max-w-[calc(var(--thread-content-max-width)*2\/3)]\" data-start=\"4965\" data-end=\"4978\">\u2714<\/td>\n<\/tr>\n<tr data-start=\"4979\" data-end=\"5029\">\n<td class=\"max-w-[calc(var(--thread-content-max-width)*2\/3)]\" data-start=\"4979\" data-end=\"5016\">Syst\u00e8me d&#039;eau intelligent (IWS)<\/td>\n<td class=\"max-w-[calc(var(--thread-content-max-width)*2\/3)]\" data-start=\"5016\" data-end=\"5029\">\u2714<\/td>\n<\/tr>\n<tr data-start=\"5030\" data-end=\"5080\">\n<td class=\"max-w-[calc(var(--thread-content-max-width)*2\/3)]\" data-start=\"5030\" data-end=\"5067\">Cartouche filtrante intelligente CLARIS<\/td>\n<td class=\"max-w-[calc(var(--thread-content-max-width)*2\/3)]\" data-start=\"5067\" data-end=\"5080\">\u2714<\/td>\n<\/tr>\n<tr data-start=\"5081\" data-end=\"5131\">\n<td class=\"max-w-[calc(var(--thread-content-max-width)*2\/3)]\" data-start=\"5081\" data-end=\"5118\">Mode d&#039;\u00e9conomie d&#039;\u00e9nergie (ESM\u00ae)<\/td>\n<td class=\"max-w-[calc(var(--thread-content-max-width)*2\/3)]\" data-start=\"5118\" data-end=\"5131\">\u2714<\/td>\n<\/tr>\n<tr data-start=\"5132\" data-end=\"5182\">\n<td class=\"max-w-[calc(var(--thread-content-max-width)*2\/3)]\" data-start=\"5132\" data-end=\"5169\">Arr\u00eat automatique programmable<\/td>\n<td class=\"max-w-[calc(var(--thread-content-max-width)*2\/3)]\" data-start=\"5169\" data-end=\"5182\">\u2714<\/td>\n<\/tr>\n<tr data-start=\"5183\" data-end=\"5233\">\n<td class=\"max-w-[calc(var(--thread-content-max-width)*2\/3)]\" data-start=\"5183\" data-end=\"5220\">Interrupteur z\u00e9ro \u00e9nergie<\/td>\n<td class=\"max-w-[calc(var(--thread-content-max-width)*2\/3)]\" data-start=\"5220\" data-end=\"5233\">\u2714<\/td>\n<\/tr>\n<\/tbody>\n<\/table>\n<\/div>\n<\/div>\n<hr class=\"\" data-start=\"5235\" data-end=\"5238\" \/>\n<h2 class=\"\" data-start=\"5240\" data-end=\"5278\"><strong data-start=\"5243\" data-end=\"5278\">FAQ \u2013 Jura Z10 en vente en ligne<\/strong><\/h2>\n<h3 class=\"\" data-start=\"5280\" data-end=\"5338\"><strong data-start=\"5284\" data-end=\"5336\">Q\u00a0:\u00a0Le Jura Z10 pr\u00e9pare-t-il du vrai caf\u00e9 infus\u00e9 \u00e0 froid\u00a0?<\/strong><\/h3>\n<p class=\"\" data-start=\"5339\" data-end=\"5472\"><strong data-start=\"5339\" data-end=\"5345\">UN:<\/strong> Oui ! Gr\u00e2ce au proc\u00e9d\u00e9 d&#039;extraction \u00e0 froid, il pr\u00e9pare un caf\u00e9 v\u00e9ritablement froid avec de l&#039;eau froide sous haute pression, sans aucun chauffage.<\/p>\n<h3 class=\"\" data-start=\"5474\" data-end=\"5552\"><strong data-start=\"5478\" data-end=\"5550\">Q : Quelle est la diff\u00e9rence entre le Jura Z10 et les autres mod\u00e8les Jura ?<\/strong><\/h3>\n<p class=\"\" data-start=\"5553\" data-end=\"5731\"><strong data-start=\"5553\" data-end=\"5559\">UN:<\/strong> Le Z10 dispose de capacit\u00e9s avanc\u00e9es d&#039;infusion \u00e0 froid, du broyeur PRG, de la technologie d&#039;infusion 3D et d&#039;une gamme plus large de boissons sp\u00e9cialis\u00e9es par rapport aux mod\u00e8les comme l&#039;E6 ou l&#039;ENA 4.<\/p>\n<h3 class=\"\" data-start=\"5733\" data-end=\"5800\"><strong data-start=\"5737\" data-end=\"5798\">Q\u00a0:\u00a0Puis-je r\u00e9gler l\u2019intensit\u00e9 du caf\u00e9 et la temp\u00e9rature du lait\u00a0?<\/strong><\/h3>\n<p class=\"\" data-start=\"5801\" data-end=\"5914\"><strong data-start=\"5801\" data-end=\"5807\">UN:<\/strong> Oui, le Z10 permet une personnalisation compl\u00e8te avec 10 niveaux de force et des contr\u00f4les de temp\u00e9rature du lait\/mousse de lait.<\/p>\n<h3 class=\"\" data-start=\"5916\" data-end=\"5954\"><strong data-start=\"5920\" data-end=\"5952\">Q : Le Z10 est-il facile \u00e0 nettoyer ?<\/strong><\/h3>\n<p class=\"\" data-start=\"5955\" data-end=\"6072\"><strong data-start=\"5955\" data-end=\"5961\">UN:<\/strong> Absolument. La Z10 dispose de programmes automatiques de rin\u00e7age, de nettoyage et de distribution de lait. Elle est certifi\u00e9e T\u00dcV pour l&#039;hygi\u00e8ne.<\/p>\n<h3 class=\"\" data-start=\"6074\" data-end=\"6123\"><strong data-start=\"6078\" data-end=\"6121\">Q : O\u00f9 puis-je acheter le Jura Z10 en ligne ?<\/strong><\/h3>\n<p class=\"\" data-start=\"6124\" data-end=\"6261\"><strong data-start=\"6124\" data-end=\"6130\">UN:<\/strong> Vous pouvez l&#039;acheter en toute s\u00e9curit\u00e9 sur <a class=\"\" href=\"https:\/\/bestathomeespressomachine.com\/fr\/\" target=\"_new\" rel=\"noopener\" data-start=\"6163\" data-end=\"6221\">EspressoMachineSale.com<\/a>, avec un prix correspondant jusqu&#039;\u00e0 90 jours.<\/p>\n<hr class=\"\" data-start=\"6263\" data-end=\"6266\" \/>\n<p class=\"\" data-start=\"6294\" data-end=\"6495\">Achetez la Jura Z10 en ligne au meilleur prix. Savourez vos sp\u00e9cialit\u00e9s chaudes et froides d&#039;une simple pression gr\u00e2ce au broyeur intelligent \u00e0 reconnaissance de produit et au proc\u00e9d\u00e9 d&#039;extraction \u00e0 froid. Garantie du meilleur prix.<\/p>\n<\/div>\n<div class=\"table-wrapper\"><\/div>\n<\/div>\n<\/div>\n<\/div>\n<\/div>\n<div class=\"product-block-list__item product-block-list__item--reviews\">\n<p>&nbsp;<\/p>\n<div class=\"card\">\n<div class=\"card__section\">\n<div class=\"product-pricing-guarantee-image\"><img decoding=\"async\" src=\"https:\/\/www.homecoffeesolutions.com\/cdn\/shop\/t\/162\/assets\/icon-product-pricing-guarantee.png?v=167166774008428846021734391559\" alt=\"\" \/><\/div>\n<p>Ce produit est \u00e9ligible \u00e0 l&#039;alignement des prix, avec nous et d&#039;autres entreprises, jusqu&#039;\u00e0 90 jours apr\u00e8s l&#039;achat. Achetez maintenant en toute s\u00e9curit\u00e9 et b\u00e9n\u00e9ficiez du meilleur prix garanti.<\/p>\n<\/div>\n<\/div>\n<\/div>","protected":false},"excerpt":{"rendered":"<p>Achetez la Jura Z10 en ligne au meilleur prix. Savourez vos sp\u00e9cialit\u00e9s chaudes et froides d&#039;une simple pression gr\u00e2ce au broyeur intelligent \u00e0 reconnaissance de produit et au proc\u00e9d\u00e9 d&#039;extraction \u00e0 froid. Garantie du meilleur prix.<\/p>","protected":false},"featured_media":21471,"comment_status":"open","ping_status":"closed","template":"","meta":[],"product_cat":[51],"product_tag":[],"class_list":{"0":"post-21468","1":"product","2":"type-product","3":"status-publish","4":"has-post-thumbnail","6":"product_cat-jura-espresso-machine","8":"first","9":"instock","10":"shipping-taxable","11":"purchasable","12":"product-type-simple","13":"col-xs-6 col-sm-4","14":"col-md-3 col-lg-3","15":"un-4-cols"},"jetpack_sharing_enabled":true,"_links":{"self":[{"href":"https:\/\/bestathomeespressomachine.com\/fr\/wp-json\/wp\/v2\/product\/21468","targetHints":{"allow":["GET"]}}],"collection":[{"href":"https:\/\/bestathomeespressomachine.com\/fr\/wp-json\/wp\/v2\/product"}],"about":[{"href":"https:\/\/bestathomeespressomachine.com\/fr\/wp-json\/wp\/v2\/types\/product"}],"replies":[{"embeddable":true,"href":"https:\/\/bestathomeespressomachine.com\/fr\/wp-json\/wp\/v2\/comments?post=21468"}],"version-history":[{"count":3,"href":"https:\/\/bestathomeespressomachine.com\/fr\/wp-json\/wp\/v2\/product\/21468\/revisions"}],"predecessor-version":[{"id":22353,"href":"https:\/\/bestathomeespressomachine.com\/fr\/wp-json\/wp\/v2\/product\/21468\/revisions\/22353"}],"wp:featuredmedia":[{"embeddable":true,"href":"https:\/\/bestathomeespressomachine.com\/fr\/wp-json\/wp\/v2\/media\/21471"}],"wp:attachment":[{"href":"https:\/\/bestathomeespressomachine.com\/fr\/wp-json\/wp\/v2\/media?parent=21468"}],"wp:term":[{"taxonomy":"product_cat","embeddable":true,"href":"https:\/\/bestathomeespressomachine.com\/fr\/wp-json\/wp\/v2\/product_cat?post=21468"},{"taxonomy":"product_tag","embeddable":true,"href":"https:\/\/bestathomeespressomachine.com\/fr\/wp-json\/wp\/v2\/product_tag?post=21468"}],"curies":[{"name":"wp","href":"https:\/\/api.w.org\/{rel}","templated":true}]}}