{"id":21519,"date":"2025-01-06T04:27:58","date_gmt":"2025-01-06T04:27:58","guid":{"rendered":"https:\/\/bestathomeespressomachine.com\/?post_type=product&#038;p=21519"},"modified":"2025-04-28T13:05:09","modified_gmt":"2025-04-28T13:05:09","slug":"jura-z8-aluminum-super-automatic-coffee-espresso-machine","status":"publish","type":"product","link":"https:\/\/bestathomeespressomachine.com\/fr\/product\/jura-z8-aluminum-super-automatic-coffee-espresso-machine\/","title":{"rendered":"Machine \u00e0 caf\u00e9 et expresso super automatique Jura Z8 en aluminium"},"content":{"rendered":"<div class=\"product-block-list__item product-block-list__item--description\">\n<div class=\"card\">\n<div class=\"card__section product-description-area\">\n<div class=\"rte text--pull\">\n<h2 class=\"\" data-start=\"0\" data-end=\"55\"><strong data-start=\"3\" data-end=\"55\">Pr\u00e9sentation de la machine \u00e0 caf\u00e9 automatique Jura Z8<\/strong><\/h2>\n<p class=\"\" data-start=\"57\" data-end=\"507\">Achetez la machine \u00e0 caf\u00e9 Jura Z8 en ligne. <strong data-start=\"61\" data-end=\"72\">Jura Z8<\/strong> est une machine \u00e0 caf\u00e9 enti\u00e8rement automatique haut de gamme con\u00e7ue pour les amateurs de caf\u00e9 exigeants. Alliant technologie de pointe et fonctionnalit\u00e9s intuitives, la Z8 propulse votre exp\u00e9rience caf\u00e9 au niveau sup\u00e9rieur. Cette machine haut de gamme est \u00e9quip\u00e9e de deux thermoblocs, d&#039;un \u00e9cran tactile couleur de 4,3 pouces et de proc\u00e9d\u00e9s d&#039;infusion avanc\u00e9s, comme la fonction \u00ab\u00a0infusion\u00a0\u00bb. <strong data-start=\"417\" data-end=\"454\">Proc\u00e9d\u00e9 d&#039;extraction par impulsions (PEP\u00ae)<\/strong> pour extraire tout le potentiel de chaque grain de caf\u00e9.<\/p>\n<p class=\"\" data-start=\"509\" data-end=\"872\">Que vous pr\u00e9pariez un expresso riche, un cappuccino cr\u00e9meux ou un flat white rafra\u00eechissant, la Jura Z8 vous permet de pr\u00e9parer facilement des boissons de qualit\u00e9 professionnelle. <strong data-start=\"664\" data-end=\"701\">JOE (Jura Operating Experience)<\/strong> L&#039;application vous permet de contr\u00f4ler et de personnaliser vos pr\u00e9f\u00e9rences en mati\u00e8re de caf\u00e9 \u00e0 distance, ce qui en fait un choix parfait pour ceux qui aiment avoir un contr\u00f4le total sur leurs pr\u00e9f\u00e9rences en mati\u00e8re de boissons.<\/p>\n<hr class=\"\" data-start=\"523\" data-end=\"526\" \/>\n<h2 class=\"\" data-start=\"528\" data-end=\"558\"><strong data-start=\"531\" data-end=\"558\">Caract\u00e9ristiques du Jura Z8<\/strong><\/h2>\n<h3 class=\"\" data-start=\"560\" data-end=\"593\"><strong data-start=\"564\" data-end=\"591\">Syst\u00e8me de thermobloc double<\/strong><\/h3>\n<p class=\"\" data-start=\"594\" data-end=\"809\">La Jura Z8 est \u00e9quip\u00e9e de deux thermoblocs\u00a0: l&#039;un pour le caf\u00e9, l&#039;autre pour les boissons lact\u00e9es. Ce syst\u00e8me avanc\u00e9 vous permet de pr\u00e9parer vos boissons lact\u00e9es plus rapidement, pour une exp\u00e9rience caf\u00e9 optimale et sans accroc.<\/p>\n<h3 class=\"\" data-start=\"811\" data-end=\"853\"><strong data-start=\"815\" data-end=\"851\">\u00c9cran tactile couleur<\/strong><\/h3>\n<p class=\"\" data-start=\"854\" data-end=\"1037\">Naviguez facilement parmi vos options de pr\u00e9paration de caf\u00e9 gr\u00e2ce \u00e0 l&#039;\u00e9cran tactile couleur de 4,3 pouces de la Z8. Son interface intuitive vous permet de personnaliser vos pr\u00e9f\u00e9rences de caf\u00e9 en toute simplicit\u00e9.<\/p>\n<h3 class=\"\" data-start=\"1039\" data-end=\"1062\"><strong data-start=\"1043\" data-end=\"1060\">JOE activ\u00e9<\/strong><\/h3>\n<p class=\"\" data-start=\"1063\" data-end=\"1290\">Contr\u00f4lez votre Jura Z8 \u00e0 distance gr\u00e2ce \u00e0 l&#039;application Jura Operating Experience (JOE). Cette fonctionnalit\u00e9 vous permet de surveiller et d&#039;ajuster vos r\u00e9glages de pr\u00e9paration de caf\u00e9 depuis votre smartphone, pour un confort optimal lors de vos pr\u00e9parations.<\/p>\n<h3 class=\"\" data-start=\"1292\" data-end=\"1330\"><strong data-start=\"1296\" data-end=\"1328\">Valve \u00e0 lait automatique en c\u00e9ramique<\/strong><\/h3>\n<p class=\"\" data-start=\"1331\" data-end=\"1520\">Le Z8 alterne automatiquement entre lait et mousse de lait pendant la pr\u00e9paration, garantissant une consistance parfaite \u00e0 chaque fois. Cette fonction avanc\u00e9e ajoute de la pr\u00e9cision \u00e0 vos boissons \u00e0 base de lait.<\/p>\n<h3 class=\"\" data-start=\"1522\" data-end=\"1549\"><strong data-start=\"1526\" data-end=\"1547\">Mousseur \u00e0 mousse fine<\/strong><\/h3>\n<p class=\"\" data-start=\"1550\" data-end=\"1763\">Cr\u00e9ez une mousse digne d&#039;un barista gr\u00e2ce au mousseur \u00e0 mousse fine du Z8, qui produit une mousse onctueuse et soyeuse. Ce mousseur fonctionne m\u00eame avec des alternatives laiti\u00e8res comme le lait d&#039;amande, vous permettant ainsi de d\u00e9guster une vari\u00e9t\u00e9 de boissons \u00e0 base de lait.<\/p>\n<h3 class=\"\" data-start=\"1765\" data-end=\"1801\"><strong data-start=\"1769\" data-end=\"1799\">Proc\u00e9d\u00e9 d&#039;autonettoyage du lait<\/strong><\/h3>\n<p class=\"\" data-start=\"1802\" data-end=\"1994\">La Jura Z8 est \u00e9quip\u00e9e d&#039;un syst\u00e8me d&#039;autonettoyage automatique des compartiments \u00e0 lait. Ce syst\u00e8me garantit hygi\u00e8ne et praticit\u00e9, \u00e9vitant toute accumulation susceptible d&#039;alt\u00e9rer la qualit\u00e9 de vos boissons.<\/p>\n<h3 class=\"\" data-start=\"1996\" data-end=\"2039\"><strong data-start=\"2000\" data-end=\"2037\">Proc\u00e9d\u00e9 d&#039;extraction par impulsions (PEP\u00ae)<\/strong><\/h3>\n<p class=\"\" data-start=\"2040\" data-end=\"2227\">La technologie PEP\u00ae de Jura extrait l&#039;espresso par petites impulsions pr\u00e9cises pour maximiser l&#039;extraction des ar\u00f4mes. Ce proc\u00e9d\u00e9 garantit que chaque dose d&#039;espresso conserve une fra\u00eecheur et une saveur optimales.<\/p>\n<h3 class=\"\" data-start=\"2229\" data-end=\"2272\"><strong data-start=\"2233\" data-end=\"2270\">Syst\u00e8me d&#039;eau intelligent (IWS\u00ae)<\/strong><\/h3>\n<p class=\"\" data-start=\"2273\" data-end=\"2501\">L&#039;IWS\u00ae utilise la technologie RFID pour d\u00e9tecter automatiquement le filtre Claris Smart, garantissant ainsi une qualit\u00e9 d&#039;eau optimale pour votre pr\u00e9paration. Cela facilite l&#039;entretien de votre machine et garantit un caf\u00e9 savoureux.<\/p>\n<h3 class=\"\" data-start=\"2503\" data-end=\"2553\"><strong data-start=\"2507\" data-end=\"2551\">Bec r\u00e9glable en hauteur (8,1 cm \u2013 15,2 cm)<\/strong><\/h3>\n<p class=\"\" data-start=\"2554\" data-end=\"2764\">Le bec verseur r\u00e9glable en hauteur du Z8 s&#039;adapte \u00e0 une vari\u00e9t\u00e9 de tasses et de mugs, offrant ainsi une grande flexibilit\u00e9 pour diff\u00e9rentes tailles de boissons. Que vous pr\u00e9pariez un expresso ou un grand latte, le bec verseur s&#039;adapte \u00e0 vos besoins.<\/p>\n<h3 class=\"\" data-start=\"2766\" data-end=\"2792\"><strong data-start=\"2770\" data-end=\"2790\">Moulin Aroma G3<\/strong><\/h3>\n<p class=\"\" data-start=\"2793\" data-end=\"3002\">Le broyeur Aroma G3 du Jura Z8 assure une mouture pr\u00e9cise et homog\u00e8ne, pr\u00e9servant la fra\u00eecheur de vos grains \u00e0 chaque tasse. Rapide et efficace, il vous permet de savourer une infusion parfaite.<\/p>\n<h3 class=\"\" data-start=\"3004\" data-end=\"3033\"><strong data-start=\"3008\" data-end=\"3031\">Goulotte \u00e0 caf\u00e9 moulu<\/strong><\/h3>\n<p class=\"\" data-start=\"3034\" data-end=\"3207\">Pour plus de flexibilit\u00e9, la Jura Z8 est \u00e9quip\u00e9e d&#039;un bac \u00e0 caf\u00e9 moulu, vous permettant d&#039;utiliser du caf\u00e9 pr\u00e9moulu. Ceci est particuli\u00e8rement utile pour les caf\u00e9s d\u00e9caf\u00e9in\u00e9s ou les m\u00e9langes sp\u00e9ciaux.<\/p>\n<h3 class=\"\" data-start=\"3209\" data-end=\"3238\"><strong data-start=\"3213\" data-end=\"3236\">Enti\u00e8rement autonettoyant<\/strong><\/h3>\n<p class=\"\" data-start=\"3239\" data-end=\"3471\">La Z8 n\u00e9cessite un entretien minimal gr\u00e2ce \u00e0 son syst\u00e8me de nettoyage enti\u00e8rement automatis\u00e9. Du groupe caf\u00e9 au syst\u00e8me de lait, elle s&#039;occupe du nettoyage pour vous, vous permettant ainsi de savourer votre caf\u00e9 en toute s\u00e9r\u00e9nit\u00e9.<\/p>\n<hr class=\"\" data-start=\"3473\" data-end=\"3476\" \/>\n<h2 class=\"\" data-start=\"3478\" data-end=\"3514\"><strong data-start=\"3481\" data-end=\"3514\">Sp\u00e9cifications du Jura Z8<\/strong><\/h2>\n<h3 class=\"\" data-start=\"3516\" data-end=\"3548\"><strong data-start=\"3520\" data-end=\"3548\">Sp\u00e9cifications de l&#039;\u00e9quipement<\/strong><\/h3>\n<ul data-start=\"3550\" data-end=\"3721\">\n<li class=\"\" data-start=\"3550\" data-end=\"3584\">\n<p class=\"\" data-start=\"3552\" data-end=\"3584\"><strong data-start=\"3552\" data-end=\"3576\">Capacit\u00e9 de la tr\u00e9mie \u00e0 grains<\/strong>: 280g<\/p>\n<\/li>\n<li class=\"\" data-start=\"3585\" data-end=\"3624\">\n<p class=\"\" data-start=\"3587\" data-end=\"3624\"><strong data-start=\"3587\" data-end=\"3606\">R\u00e9servoir D&#039;Eau De Taille<\/strong>: 2,4 L (10 tasses)<\/p>\n<\/li>\n<li class=\"\" data-start=\"3625\" data-end=\"3668\">\n<p class=\"\" data-start=\"3627\" data-end=\"3668\"><strong data-start=\"3627\" data-end=\"3649\">Dimensions du produit<\/strong>: 32\u2033 x 38\u2033 x 45\u2033<\/p>\n<\/li>\n<li class=\"\" data-start=\"3669\" data-end=\"3693\">\n<p class=\"\" data-start=\"3671\" data-end=\"3693\"><strong data-start=\"3671\" data-end=\"3681\">Poids<\/strong>: 29,5 livres<\/p>\n<\/li>\n<li class=\"\" data-start=\"3694\" data-end=\"3721\">\n<p class=\"\" data-start=\"3696\" data-end=\"3721\"><strong data-start=\"3696\" data-end=\"3714\">Num\u00e9ro d&#039;article<\/strong>: 15192<\/p>\n<\/li>\n<\/ul>\n<hr class=\"\" data-start=\"3723\" data-end=\"3726\" \/>\n<h2 class=\"\" data-start=\"0\" data-end=\"46\"><strong data-start=\"3\" data-end=\"46\">O\u00f9 acheter la machine \u00e0 caf\u00e9 Jura Z8<\/strong><\/h2>\n<p class=\"\" data-start=\"48\" data-end=\"198\">Vous pouvez acheter le <strong data-start=\"69\" data-end=\"95\">Machine \u00e0 caf\u00e9 Jura Z8<\/strong> aupr\u00e8s de plusieurs d\u00e9taillants en ligne. Pour les meilleurs prix et une livraison rapide, consultez ces boutiques de confiance\u00a0:<\/p>\n<h3 class=\"\" data-start=\"200\" data-end=\"252\"><strong data-start=\"204\" data-end=\"252\">Achetez la Jura Z8 sur EspressoMachineSale.com<\/strong><\/h3>\n<p class=\"\" data-start=\"253\" data-end=\"423\"><a href=\"https:\/\/bestathomeespressomachine.com\/fr\/\">EspressoMachineSale.com<\/a> Jura propose la Jura Z8 \u00e0 des prix comp\u00e9titifs, avec une livraison rapide et fiable. D\u00e9couvrez la vari\u00e9t\u00e9 de machines \u00e0 caf\u00e9 Jura propos\u00e9es.<\/p>\n<h3 class=\"\" data-start=\"425\" data-end=\"458\"><strong data-start=\"429\" data-end=\"458\">Achetez le Jura Z8 sur Amazon<\/strong><\/h3>\n<p class=\"\" data-start=\"459\" data-end=\"587\">Achetez la machine \u00e0 caf\u00e9 Jura Z8 en ligne. Amazon est une option pratique pour acheter la Jura Z8, avec des prix comp\u00e9titifs, une livraison rapide et un service client fiable.<\/p>\n<h3 class=\"\" data-start=\"589\" data-end=\"618\"><strong data-start=\"593\" data-end=\"618\">Site officiel du Jura<\/strong><\/h3>\n<p class=\"\" data-start=\"619\" data-end=\"844\">Pour ceux qui recherchent la source la plus fiable pour <strong>Achetez la machine \u00e0 caf\u00e9 Jura Z8 en ligne\u00a0<\/strong>, the <strong data-start=\"671\" data-end=\"696\">Site officiel du Jura<\/strong> Le meilleur endroit pour acheter le Jura Z8. D\u00e9couvrez toute la gamme Jura et acc\u00e9dez \u00e0 des informations d\u00e9taill\u00e9es sur les produits et \u00e0 des offres exclusives.<\/p>\n<h3 class=\"\" data-start=\"846\" data-end=\"880\"><strong data-start=\"850\" data-end=\"880\">D\u00e9taillants de caf\u00e9 de sp\u00e9cialit\u00e9<\/strong><\/h3>\n<p class=\"\" data-start=\"881\" data-end=\"1100\">Vous pouvez \u00e9galement retrouver le Jura Z8 chez divers <strong data-start=\"922\" data-end=\"952\">d\u00e9taillants de caf\u00e9 de sp\u00e9cialit\u00e9<\/strong> En ligne et en magasin. Ces d\u00e9taillants offrent des conseils d&#039;experts et des services sp\u00e9cialis\u00e9s pour vous aider \u00e0 tirer le meilleur parti de votre machine \u00e0 caf\u00e9 Jura Z8.<\/p>\n<ul data-start=\"3968\" data-end=\"4063\">\n<li class=\"\" data-start=\"4030\" data-end=\"4063\"><\/li>\n<\/ul>\n<hr class=\"\" data-start=\"4065\" data-end=\"4068\" \/>\n<h2 class=\"\" data-start=\"4070\" data-end=\"4114\"><strong data-start=\"4073\" data-end=\"4114\">FAQ sur la machine \u00e0 caf\u00e9 Jura Z8<\/strong><\/h2>\n<h3 class=\"\" data-start=\"4116\" data-end=\"4186\"><strong data-start=\"4120\" data-end=\"4184\">1. Comment fonctionne le syst\u00e8me de double thermobloc du Jura Z8 ?<\/strong><\/h3>\n<p class=\"\" data-start=\"4187\" data-end=\"4376\">Le syst\u00e8me de double thermobloc s\u00e9pare la chauffe du caf\u00e9 et celle du lait. Cela permet une pr\u00e9paration plus rapide des boissons \u00e0 base de lait sans compromettre la temp\u00e9rature ni la qualit\u00e9 du caf\u00e9.<\/p>\n<h3 class=\"\" data-start=\"4378\" data-end=\"4441\"><strong data-start=\"4382\" data-end=\"4439\">2. Puis-je personnaliser mes param\u00e8tres de caf\u00e9 sur le Jura Z8\u00a0?<\/strong><\/h3>\n<p class=\"\" data-start=\"4442\" data-end=\"4611\">Oui, le Jura Z8 offre une large gamme d&#039;options personnalisables pour la force, le volume de caf\u00e9 et la temp\u00e9rature, vous permettant d&#039;adapter vos boissons exactement selon vos pr\u00e9f\u00e9rences.<\/p>\n<h3 class=\"\" data-start=\"4613\" data-end=\"4672\"><strong data-start=\"4617\" data-end=\"4670\">3. Le Jura Z8 est-il compatible avec le lait v\u00e9g\u00e9tal ?<\/strong><\/h3>\n<p class=\"\" data-start=\"4673\" data-end=\"4800\">Oui, le mousseur \u00e0 mousse fine du Z8 fonctionne bien avec les alternatives laiti\u00e8res et non laiti\u00e8res comme le lait d&#039;amande, le lait d&#039;avoine et le lait de soja.<\/p>\n<h3 class=\"\" data-start=\"4802\" data-end=\"4842\"><strong data-start=\"4806\" data-end=\"4840\">4. Comment nettoyer le Jura Z8 ?<\/strong><\/h3>\n<p class=\"\" data-start=\"4843\" data-end=\"5009\">La Jura Z8 est enti\u00e8rement autonettoyante. Elle inclut des cycles de nettoyage automatis\u00e9s pour le groupe caf\u00e9 et le syst\u00e8me de lait, r\u00e9duisant ainsi le besoin de nettoyage manuel.<\/p>\n<hr class=\"\" data-start=\"5011\" data-end=\"5014\" \/>\n<h2 class=\"\" data-start=\"5016\" data-end=\"5081\"><strong data-start=\"5019\" data-end=\"5081\">Avis clients\u00a0: Ce que disent les utilisateurs du Jura Z8<\/strong><\/h2>\n<p class=\"\" data-start=\"5083\" data-end=\"5265\">\u2b50\ufe0f\u2b50\ufe0f\u2b50\ufe0f\u2b50\ufe0f\u2b50\ufe0f<br data-start=\"5093\" data-end=\"5096\" \/>\u00ab La Jura Z8 est une v\u00e9ritable r\u00e9volution ! J&#039;adore la facilit\u00e9 avec laquelle je peux pr\u00e9parer un caf\u00e9 parfait. L&#039;application JOE me permet de personnaliser et de surveiller mon caf\u00e9 \u00e0 distance de mani\u00e8re tr\u00e8s pratique. \u00bb<\/p>\n<p class=\"\" data-start=\"5267\" data-end=\"5422\">\u2b50\ufe0f\u2b50\ufe0f\u2b50\ufe0f\u2b50\ufe0f\u2606<br data-start=\"5276\" data-end=\"5279\" \/>\u00ab La qualit\u00e9 de l&#039;expresso est fantastique et la mousse de lait est excellente. J&#039;aurais juste aim\u00e9 que la machine soit un peu plus petite pour ma cuisine. \u00bb<\/p>\n<\/div>\n<\/div>\n<\/div>\n<\/div>","protected":false},"excerpt":{"rendered":"<p>La Jura Z8 est une machine \u00e0 caf\u00e9 super automatique haut de gamme dot\u00e9e d&#039;un \u00e9cran tactile couleur de 4,3 pouces, de deux thermoblocs et de fonctionnalit\u00e9s avanc\u00e9es comme le proc\u00e9d\u00e9 d&#039;extraction par impulsions (PEP\u00ae) et l&#039;application Jura Operating Experience (JOE). Pr\u00e9parez facilement un caf\u00e9 digne d&#039;un barista et contr\u00f4lez-le \u00e0 distance.<\/p>","protected":false},"featured_media":21520,"comment_status":"open","ping_status":"closed","template":"","meta":[],"product_cat":[51],"product_tag":[],"class_list":{"0":"post-21519","1":"product","2":"type-product","3":"status-publish","4":"has-post-thumbnail","6":"product_cat-jura-espresso-machine","8":"first","9":"instock","10":"shipping-taxable","11":"purchasable","12":"product-type-simple","13":"col-xs-6 col-sm-4","14":"col-md-3 col-lg-3","15":"un-4-cols"},"jetpack_sharing_enabled":true,"_links":{"self":[{"href":"https:\/\/bestathomeespressomachine.com\/fr\/wp-json\/wp\/v2\/product\/21519","targetHints":{"allow":["GET"]}}],"collection":[{"href":"https:\/\/bestathomeespressomachine.com\/fr\/wp-json\/wp\/v2\/product"}],"about":[{"href":"https:\/\/bestathomeespressomachine.com\/fr\/wp-json\/wp\/v2\/types\/product"}],"replies":[{"embeddable":true,"href":"https:\/\/bestathomeespressomachine.com\/fr\/wp-json\/wp\/v2\/comments?post=21519"}],"version-history":[{"count":3,"href":"https:\/\/bestathomeespressomachine.com\/fr\/wp-json\/wp\/v2\/product\/21519\/revisions"}],"predecessor-version":[{"id":22344,"href":"https:\/\/bestathomeespressomachine.com\/fr\/wp-json\/wp\/v2\/product\/21519\/revisions\/22344"}],"wp:featuredmedia":[{"embeddable":true,"href":"https:\/\/bestathomeespressomachine.com\/fr\/wp-json\/wp\/v2\/media\/21520"}],"wp:attachment":[{"href":"https:\/\/bestathomeespressomachine.com\/fr\/wp-json\/wp\/v2\/media?parent=21519"}],"wp:term":[{"taxonomy":"product_cat","embeddable":true,"href":"https:\/\/bestathomeespressomachine.com\/fr\/wp-json\/wp\/v2\/product_cat?post=21519"},{"taxonomy":"product_tag","embeddable":true,"href":"https:\/\/bestathomeespressomachine.com\/fr\/wp-json\/wp\/v2\/product_tag?post=21519"}],"curies":[{"name":"wp","href":"https:\/\/api.w.org\/{rel}","templated":true}]}}