{"id":21589,"date":"2025-01-06T05:56:22","date_gmt":"2025-01-06T05:56:22","guid":{"rendered":"https:\/\/bestathomeespressomachine.com\/?post_type=product&#038;p=21589"},"modified":"2025-04-28T11:39:21","modified_gmt":"2025-04-28T11:39:21","slug":"buy-jura-e4-super-automatic-coffee-espresso-machine-online","status":"publish","type":"product","link":"https:\/\/bestathomeespressomachine.com\/fr\/product\/buy-jura-e4-super-automatic-coffee-espresso-machine-online\/","title":{"rendered":"Machine \u00e0 caf\u00e9 et expresso super automatique Jura E4 (blanc piano)"},"content":{"rendered":"<div class=\"product-block-list__item product-block-list__item--description\">\n<div class=\"card\">\n<div class=\"card__section product-description-area\">\n<div class=\"rte text--pull\">\n<h2 class=\"\" data-start=\"129\" data-end=\"214\">Achetez votre machine \u00e0 caf\u00e9 JURA E4 en ligne\u00a0: un caf\u00e9 simple, \u00e9l\u00e9gant et parfait \u00e0 chaque fois<\/h2>\n<p class=\"\" data-start=\"216\" data-end=\"670\">Achetez la machine \u00e0 caf\u00e9 JURA E4. Savourez le confort d&#039;une tasse de caf\u00e9 fra\u00eechement moulu ou d&#039;un expresso d&#039;une simple pression sur un bouton avec la JURA E4. Cette machine \u00e0 expresso super automatique allie performances haut de gamme et design minimaliste pour s&#039;int\u00e9grer parfaitement \u00e0 toutes les cuisines. Dot\u00e9e d&#039;un moulin \u00e0 caf\u00e9 professionnel Aroma int\u00e9gr\u00e9, d&#039;une unit\u00e9 de percolation high-tech et de la possibilit\u00e9 de pr\u00e9parer cinq boissons diff\u00e9rentes, la JURA E4 <a href=\"https:\/\/bestathomeespressomachine.com\/fr\/jura-giga-10-vs-z10-full-comparision\/\">JURA<\/a> E4 vous apporte des boissons de qualit\u00e9 caf\u00e9 directement chez vous.<\/p>\n<h2 class=\"\" data-start=\"672\" data-end=\"710\">Points forts \/ Arguments de vente<\/h2>\n<h3 class=\"\" data-start=\"712\" data-end=\"754\">Pourquoi choisir la machine \u00e0 caf\u00e9 JURA E4 ?<\/h3>\n<p class=\"\" data-start=\"756\" data-end=\"945\">\u2705 <strong data-start=\"758\" data-end=\"793\">Cinq options de boissons personnalisables<\/strong> \u2013 Savourez un expresso simple ou double, un caf\u00e9 ou de l&#039;eau chaude d&#039;une simple pression sur un bouton. Personnalisez le volume et l&#039;intensit\u00e9 pour une tasse parfaite \u00e0 chaque fois.<\/p>\n<p class=\"\" data-start=\"947\" data-end=\"1105\">\u2705 <strong data-start=\"949\" data-end=\"979\">Moulin \u00e0 ar\u00f4mes professionnel<\/strong> \u2013 Le moulin int\u00e9gr\u00e9 garantit un caf\u00e9 frais et aromatique \u00e0 chaque infusion. Ajustez la mouture selon vos pr\u00e9f\u00e9rences.<\/p>\n<p class=\"\" data-start=\"1107\" data-end=\"1260\">\u2705 <strong data-start=\"1109\" data-end=\"1130\">Design minimaliste<\/strong> \u2013 Le design \u00e9l\u00e9gant et compact permet au JURA E4 de s&#039;adapter sous la plupart des armoires de cuisine tout en offrant une esth\u00e9tique moderne et \u00e9pur\u00e9e.<\/p>\n<p class=\"\" data-start=\"1262\" data-end=\"1443\">\u2705 <strong data-start=\"1264\" data-end=\"1302\">Doseur de d\u00e9rivation pour caf\u00e9 pr\u00e9moulu<\/strong> \u2013 Vous pr\u00e9f\u00e9rez cr\u00e9er votre propre m\u00e9lange de caf\u00e9\u00a0? La JURA E4 vous permet d&#039;utiliser du caf\u00e9 pr\u00e9moulu, vous offrant ainsi la possibilit\u00e9 d&#039;exp\u00e9rimenter diff\u00e9rentes saveurs.<\/p>\n<p class=\"\" data-start=\"1445\" data-end=\"1608\">\u2705 <strong data-start=\"1447\" data-end=\"1487\">Cycles d&#039;infusion doubles pour des portions doubles<\/strong> \u2013 Lors de la pr\u00e9paration de deux doses ou de deux tasses de caf\u00e9, l&#039;E4 effectue des cycles d&#039;infusion s\u00e9par\u00e9s pour garantir la fra\u00eecheur et la qualit\u00e9.<\/p>\n<p class=\"\" data-start=\"1610\" data-end=\"1735\">\u2705 <strong data-start=\"1612\" data-end=\"1640\">Compatibilit\u00e9 de l&#039;application JOE<\/strong> \u2013 Restez connect\u00e9 et contr\u00f4lez votre JURA E4 \u00e0 distance avec l\u2019application JURA JOE (vendue s\u00e9par\u00e9ment).<\/p>\n<h2 class=\"\" data-start=\"1737\" data-end=\"1754\">Caract\u00e9ristiques<\/h2>\n<h3 class=\"\" data-start=\"1756\" data-end=\"1787\">Caract\u00e9ristiques principales du JURA E4<\/h3>\n<ul data-start=\"1789\" data-end=\"1959\">\n<li class=\"\" data-start=\"1789\" data-end=\"1866\">\n<p class=\"\" data-start=\"1791\" data-end=\"1866\">Syst\u00e8me Sweet Foam non inclus (les boissons \u00e0 base de lait n\u00e9cessitent un mousseur externe)<\/p>\n<\/li>\n<li class=\"\" data-start=\"1867\" data-end=\"1900\">\n<p class=\"\" data-start=\"1869\" data-end=\"1900\">Cinq options de boissons programmables<\/p>\n<\/li>\n<li class=\"\" data-start=\"1901\" data-end=\"1929\">\n<p class=\"\" data-start=\"1903\" data-end=\"1929\">Moulin \u00e0 ar\u00f4mes professionnel<\/p>\n<\/li>\n<li class=\"\" data-start=\"1930\" data-end=\"1959\">\n<p class=\"\" data-start=\"1932\" data-end=\"1959\">Conception minimaliste \u00e0 une touche<\/p>\n<\/li>\n<\/ul>\n<h2 class=\"\" data-start=\"1961\" data-end=\"1988\">Sp\u00e9cifications de l&#039;\u00e9quipement<\/h2>\n<div class=\"group pointer-events-none relative flex justify-center *:pointer-events-auto\"><button class=\"hover:bg-token-main-surface-secondary text-token-text-secondary pointer-events-auto rounded-lg px-1 py-1 opacity-0 transition-opacity duration-200 group-focus-within:opacity-100 group-hover:opacity-100\"><\/button><\/p>\n<div class=\"tableContainer horzScrollShadows relative\">\n<table class=\"min-w-full\" data-start=\"1990\" data-end=\"2890\">\n<thead data-start=\"1990\" data-end=\"2050\">\n<tr data-start=\"1990\" data-end=\"2050\">\n<th data-start=\"1990\" data-end=\"2020\">Propri\u00e9t\u00e9<\/th>\n<th data-start=\"2020\" data-end=\"2050\">Valeur<\/th>\n<\/tr>\n<\/thead>\n<tbody data-start=\"2111\" data-end=\"2890\">\n<tr data-start=\"2111\" data-end=\"2170\">\n<td class=\"max-w-[calc(var(--thread-content-max-width)*2\/3)]\" data-start=\"2111\" data-end=\"2140\">UGS<\/td>\n<td class=\"max-w-[calc(var(--thread-content-max-width)*2\/3)]\" data-start=\"2140\" data-end=\"2170\">JCE4PBLK<\/td>\n<\/tr>\n<tr data-start=\"2171\" data-end=\"2230\">\n<td class=\"max-w-[calc(var(--thread-content-max-width)*2\/3)]\" data-start=\"2171\" data-end=\"2200\">Application<\/td>\n<td class=\"max-w-[calc(var(--thread-content-max-width)*2\/3)]\" data-start=\"2200\" data-end=\"2230\">Accueil \/ R\u00e9sidentiel<\/td>\n<\/tr>\n<tr data-start=\"2231\" data-end=\"2290\">\n<td class=\"max-w-[calc(var(--thread-content-max-width)*2\/3)]\" data-start=\"2231\" data-end=\"2260\">Type d&#039;affichage<\/td>\n<td class=\"max-w-[calc(var(--thread-content-max-width)*2\/3)]\" data-start=\"2260\" data-end=\"2290\">\u00c9cran LCD couleur<\/td>\n<\/tr>\n<tr data-start=\"2291\" data-end=\"2350\">\n<td class=\"max-w-[calc(var(--thread-content-max-width)*2\/3)]\" data-start=\"2291\" data-end=\"2320\">Contr\u00f4les<\/td>\n<td class=\"max-w-[calc(var(--thread-content-max-width)*2\/3)]\" data-start=\"2320\" data-end=\"2350\">Bouton poussoir<\/td>\n<\/tr>\n<tr data-start=\"2351\" data-end=\"2410\">\n<td class=\"max-w-[calc(var(--thread-content-max-width)*2\/3)]\" data-start=\"2351\" data-end=\"2380\">Hauteur de tasse r\u00e9glable<\/td>\n<td class=\"max-w-[calc(var(--thread-content-max-width)*2\/3)]\" data-start=\"2380\" data-end=\"2410\">Oui<\/td>\n<\/tr>\n<tr data-start=\"2411\" data-end=\"2470\">\n<td class=\"max-w-[calc(var(--thread-content-max-width)*2\/3)]\" data-start=\"2411\" data-end=\"2440\">Type de meule de broyeur<\/td>\n<td class=\"max-w-[calc(var(--thread-content-max-width)*2\/3)]\" data-start=\"2440\" data-end=\"2470\">Acier conique<\/td>\n<\/tr>\n<tr data-start=\"2471\" data-end=\"2530\">\n<td class=\"max-w-[calc(var(--thread-content-max-width)*2\/3)]\" data-start=\"2471\" data-end=\"2500\">Capacit\u00e9 de la tr\u00e9mie \u00e0 grains<\/td>\n<td class=\"max-w-[calc(var(--thread-content-max-width)*2\/3)]\" data-start=\"2500\" data-end=\"2530\">9,9 oz<\/td>\n<\/tr>\n<tr data-start=\"2531\" data-end=\"2590\">\n<td class=\"max-w-[calc(var(--thread-content-max-width)*2\/3)]\" data-start=\"2531\" data-end=\"2560\">Capacit\u00e9 du r\u00e9servoir d&#039;eau<\/td>\n<td class=\"max-w-[calc(var(--thread-content-max-width)*2\/3)]\" data-start=\"2560\" data-end=\"2590\">63,6 oz<\/td>\n<\/tr>\n<tr data-start=\"2591\" data-end=\"2650\">\n<td class=\"max-w-[calc(var(--thread-content-max-width)*2\/3)]\" data-start=\"2591\" data-end=\"2620\">Poids<\/td>\n<td class=\"max-w-[calc(var(--thread-content-max-width)*2\/3)]\" data-start=\"2620\" data-end=\"2650\">21,6 livres<\/td>\n<\/tr>\n<tr data-start=\"2651\" data-end=\"2710\">\n<td class=\"max-w-[calc(var(--thread-content-max-width)*2\/3)]\" data-start=\"2651\" data-end=\"2680\">Dimensions (LxHxP)<\/td>\n<td class=\"max-w-[calc(var(--thread-content-max-width)*2\/3)]\" data-start=\"2680\" data-end=\"2710\">11\u2033 x 13,8\u2033 x 17,6\u2033<\/td>\n<\/tr>\n<tr data-start=\"2711\" data-end=\"2770\">\n<td class=\"max-w-[calc(var(--thread-content-max-width)*2\/3)]\" data-start=\"2711\" data-end=\"2740\">Pression de la pompe<\/td>\n<td class=\"max-w-[calc(var(--thread-content-max-width)*2\/3)]\" data-start=\"2740\" data-end=\"2770\">15 bars<\/td>\n<\/tr>\n<tr data-start=\"2771\" data-end=\"2830\">\n<td class=\"max-w-[calc(var(--thread-content-max-width)*2\/3)]\" data-start=\"2771\" data-end=\"2800\">Garantie<\/td>\n<td class=\"max-w-[calc(var(--thread-content-max-width)*2\/3)]\" data-start=\"2800\" data-end=\"2830\">Garantie limit\u00e9e de 2 ans<\/td>\n<\/tr>\n<tr data-start=\"2831\" data-end=\"2890\">\n<td class=\"max-w-[calc(var(--thread-content-max-width)*2\/3)]\" data-start=\"2831\" data-end=\"2860\">Consommation d&#039;\u00e9nergie<\/td>\n<td class=\"max-w-[calc(var(--thread-content-max-width)*2\/3)]\" data-start=\"2860\" data-end=\"2890\">1450W<\/td>\n<\/tr>\n<\/tbody>\n<\/table>\n<\/div>\n<\/div>\n<h2 class=\"\" data-start=\"2892\" data-end=\"2941\">O\u00f9 acheter la machine \u00e0 caf\u00e9 JURA E4 en ligne\u00a0?<\/h2>\n<h3 class=\"\" data-start=\"2943\" data-end=\"3005\">Achetez la JURA E4 aujourd&#039;hui pour une exp\u00e9rience de caf\u00e9 parfaite<\/h3>\n<p class=\"\" data-start=\"3007\" data-end=\"3201\">La machine \u00e0 caf\u00e9 JURA E4 est disponible \u00e0 l&#039;achat en ligne en Allemagne. Des revendeurs de confiance proposent des options de paiement simples, une livraison rapide et la s\u00e9curit\u00e9 d&#039;achat aupr\u00e8s de fournisseurs reconnus.<\/p>\n<h3 class=\"\" data-start=\"3203\" data-end=\"3231\">O\u00f9 acheter en Allemagne :<\/h3>\n<ul data-start=\"3233\" data-end=\"3653\">\n<li class=\"\" data-start=\"3233\" data-end=\"3390\">\n<p class=\"\" data-start=\"3235\" data-end=\"3390\"><strong data-start=\"3235\" data-end=\"3268\">Site officiel du Jura Allemagne<\/strong>:Achetez directement aupr\u00e8s du fabricant pour b\u00e9n\u00e9ficier des derni\u00e8res offres et d&#039;une couverture de garantie fiable.<br data-start=\"3357\" data-end=\"3360\" \/><em data-start=\"3362\" data-end=\"3390\">Visitez le site Web de Jura Allemagne<\/em><\/p>\n<\/li>\n<li class=\"\" data-start=\"3392\" data-end=\"3517\">\n<p class=\"\" data-start=\"3394\" data-end=\"3517\"><strong data-start=\"3394\" data-end=\"3412\">Amazon Allemagne<\/strong>:Achats en ligne pratiques avec des options de livraison rapides et des avis clients.<br data-start=\"3489\" data-end=\"3492\" \/><em data-start=\"3494\" data-end=\"3517\">Acheter sur Amazon Allemagne<\/em><\/p>\n<\/li>\n<li class=\"\" data-start=\"3519\" data-end=\"3653\">\n<p class=\"\" data-start=\"3521\" data-end=\"3653\"><strong data-start=\"3521\" data-end=\"3543\">MediaMarkt Allemagne<\/strong>: Propose des prix comp\u00e9titifs et propose souvent des offres et des promotions exclusives.<br data-start=\"3622\" data-end=\"3625\" \/><em data-start=\"3627\" data-end=\"3653\">Visitez MediaMarkt Allemagne<\/em><\/p>\n<\/li>\n<\/ul>\n<h2 class=\"\" data-start=\"3655\" data-end=\"3719\">Questions fr\u00e9quemment pos\u00e9es sur la machine \u00e0 expresso JURA E4<\/h2>\n<h3 class=\"\" data-start=\"3721\" data-end=\"3773\">Puis-je pr\u00e9parer des boissons \u00e0 base de lait avec la JURA E4 ?<\/h3>\n<p class=\"\" data-start=\"3774\" data-end=\"3953\">Non, la JURA E4 est con\u00e7ue uniquement pour l&#039;espresso, le caf\u00e9 et l&#039;eau chaude. Vous pouvez toutefois l&#039;associer \u00e0 un mousseur \u00e0 lait s\u00e9par\u00e9 pour d\u00e9guster des boissons \u00e0 base de lait comme des cappuccinos et des lattes.<\/p>\n<h3 class=\"\" data-start=\"3955\" data-end=\"3988\">Comment nettoyer le JURA E4 ?<\/h3>\n<p class=\"\" data-start=\"3989\" data-end=\"4144\">La JURA E4 est \u00e9quip\u00e9e de programmes d&#039;entretien automatiques qui facilitent son nettoyage. Vous recevrez des alertes pour le d\u00e9tartrage, le nettoyage et d&#039;autres t\u00e2ches d&#039;entretien.<\/p>\n<h3 class=\"\" data-start=\"4146\" data-end=\"4195\">Le JURA E4 est-il compatible avec les dosettes de caf\u00e9 ?<\/h3>\n<p class=\"\" data-start=\"4196\" data-end=\"4315\">Non, la JURA E4 utilise du caf\u00e9 fra\u00eechement moulu, soit \u00e0 partir du moulin int\u00e9gr\u00e9, soit du caf\u00e9 pr\u00e9moulu via le doseur bypass.<\/p>\n<h2 class=\"\" data-start=\"118\" data-end=\"179\">Avis clients\u00a0: Ce que disent les gens sur la JURA E4<\/h2>\n<p class=\"\" data-start=\"181\" data-end=\"385\">\u2b50\ufe0f\u2b50\ufe0f\u2b50\ufe0f\u2b50\ufe0f\u2b50\ufe0f<br data-start=\"191\" data-end=\"194\" \/><strong data-start=\"194\" data-end=\"229\">\u00ab J\u2019adore le design minimaliste ! \u00bb<\/strong><br data-start=\"229\" data-end=\"232\" \/>Elle s&#039;int\u00e8gre parfaitement dans ma cuisine et le caf\u00e9 est excellent. Elle est tr\u00e8s facile \u00e0 utiliser et la pr\u00e9paration en une seule touche est une v\u00e9ritable r\u00e9volution.<br data-start=\"359\" data-end=\"362\" \/>\u2014 <em data-start=\"364\" data-end=\"385\">Isabelle R., Berlin<\/em><\/p>\n<p class=\"\" data-start=\"387\" data-end=\"629\">\u2b50\ufe0f\u2b50\ufe0f\u2b50\ufe0f\u2b50\ufe0f\u2606<br data-start=\"396\" data-end=\"399\" \/><strong data-start=\"399\" data-end=\"433\">\u00ab Excellente machine pour le prix. \u00bb<\/strong><br data-start=\"433\" data-end=\"436\" \/>J&#039;appr\u00e9cie la qualit\u00e9 de l&#039;espresso et la possibilit\u00e9 de r\u00e9gler l&#039;intensit\u00e9. J&#039;aurais juste aim\u00e9 un mousseur \u00e0 lait, mais c&#039;est quand m\u00eame g\u00e9nial pour une machine \u00e0 caf\u00e9 simple.<br data-start=\"605\" data-end=\"608\" \/>\u2014 <em data-start=\"610\" data-end=\"629\">Markus G., Munich<\/em><\/p>\n<p class=\"\" data-start=\"631\" data-end=\"836\">\u2b50\ufe0f\u2b50\ufe0f\u2b50\ufe0f\u2b50\ufe0f\u2b50\ufe0f<br data-start=\"641\" data-end=\"644\" \/><strong data-start=\"644\" data-end=\"684\">\u00ab Un vrai caf\u00e9 de qualit\u00e9 professionnelle \u00e0 la maison. \u00bb<\/strong><br data-start=\"684\" data-end=\"687\" \/>Le E4 pr\u00e9pare un meilleur expresso que mon caf\u00e9 habituel. J&#039;appr\u00e9cie sa r\u00e9gularit\u00e9 et le r\u00e9glage de la mouture fait toute la diff\u00e9rence.<br data-start=\"811\" data-end=\"814\" \/>\u2014 <em data-start=\"816\" data-end=\"836\">Sabine T., Hambourg<\/em><\/p>\n<p class=\"\" data-start=\"838\" data-end=\"1049\">\u2b50\ufe0f\u2b50\ufe0f\u2b50\ufe0f\u2b50\ufe0f\u2b50\ufe0f<br data-start=\"848\" data-end=\"851\" \/><strong data-start=\"851\" data-end=\"885\">\u00ab Parfait pour les amateurs d\u2019espresso ! \u00bb<\/strong><br data-start=\"885\" data-end=\"888\" \/>Si vous recherchez un expresso et un caf\u00e9 de haute qualit\u00e9 sans le souci du lait, cette machine est faite pour vous. \u00c9l\u00e9gante, puissante et fiable.<br data-start=\"1022\" data-end=\"1025\" \/>\u2014 <em data-start=\"1027\" data-end=\"1049\">Daniel M., Francfort<\/em><\/p>\n<p class=\"\" data-start=\"1051\" data-end=\"1250\">\u2b50\ufe0f\u2b50\ufe0f\u2b50\ufe0f\u2b50\ufe0f\u2606<br data-start=\"1060\" data-end=\"1063\" \/><strong data-start=\"1063\" data-end=\"1109\">\u00ab Simple, \u00e9l\u00e9gant et fonctionne \u00e0 merveille. \u00bb<\/strong><br data-start=\"1109\" data-end=\"1112\" \/>Tr\u00e8s facile \u00e0 installer et \u00e0 utiliser. Le moulin est silencieux et chauffe rapidement. Je l&#039;utilise tous les jours sans probl\u00e8me.<br data-start=\"1227\" data-end=\"1230\" \/>\u2014 <em data-start=\"1232\" data-end=\"1250\">Lena S., Cologne<\/em><\/p>\n<p class=\"\" data-start=\"1252\" data-end=\"1451\">\u2b50\ufe0f\u2b50\ufe0f\u2b50\ufe0f\u2b50\ufe0f\u2b50\ufe0f<br data-start=\"1262\" data-end=\"1265\" \/><strong data-start=\"1265\" data-end=\"1297\">\u00ab L\u2019investissement en vaut la peine. \u00bb<\/strong><br data-start=\"1297\" data-end=\"1300\" \/>J&#039;ai h\u00e9sit\u00e9 au d\u00e9but, mais apr\u00e8s un mois, je suis convaincu que c&#039;\u00e9tait le bon choix. Le caf\u00e9 a un go\u00fbt riche et le nettoyage est minimal.<br data-start=\"1423\" data-end=\"1426\" \/>\u2014 <em data-start=\"1428\" data-end=\"1451\">Andreas B., Stuttgart<\/em><\/p>\n<p data-start=\"1252\" data-end=\"1451\"><a href=\"https:\/\/bestathomeespressomachine.com\/fr\/testimonials\/\">NOTRE PAGE D&#039;AVIS<\/a><\/p>\n<h2 class=\"\" data-start=\"4768\" data-end=\"4815\">Achetez la machine \u00e0 caf\u00e9 JURA E4 en ligne d\u00e8s aujourd&#039;hui\u00a0!<\/h2>\n<p class=\"\" data-start=\"4817\" data-end=\"5017\">Pr\u00eat pour une tasse de caf\u00e9 parfaite chaque matin\u00a0? Achetez la machine \u00e0 caf\u00e9 JURA E4 d\u00e8s aujourd&#039;hui et d\u00e9couvrez la simplicit\u00e9 d&#039;une simple pression sur un bouton. Passez au niveau sup\u00e9rieur.<\/p>\n<\/div>\n<\/div>\n<\/div>\n<\/div>","protected":false},"excerpt":{"rendered":"<p>Buy JURA E4 Coffee Machine Online \u2013 Simple, Elegant, and Perfect Coffee Every Time Buy JURA E4 Coffee Machine . Experience the convenience of a freshly brewed cup of coffee or shot of espresso at the touch of a button with the JURA E4. This super-automatic espresso machine combines top-tier performance with a minimalist design&hellip;<\/p>","protected":false},"featured_media":21591,"comment_status":"open","ping_status":"closed","template":"","meta":[],"product_cat":[51],"product_tag":[],"class_list":{"0":"post-21589","1":"product","2":"type-product","3":"status-publish","4":"has-post-thumbnail","6":"product_cat-jura-espresso-machine","8":"first","9":"instock","10":"shipping-taxable","11":"purchasable","12":"product-type-simple","13":"col-xs-6 col-sm-4","14":"col-md-3 col-lg-3","15":"un-4-cols"},"jetpack_sharing_enabled":true,"_links":{"self":[{"href":"https:\/\/bestathomeespressomachine.com\/fr\/wp-json\/wp\/v2\/product\/21589","targetHints":{"allow":["GET"]}}],"collection":[{"href":"https:\/\/bestathomeespressomachine.com\/fr\/wp-json\/wp\/v2\/product"}],"about":[{"href":"https:\/\/bestathomeespressomachine.com\/fr\/wp-json\/wp\/v2\/types\/product"}],"replies":[{"embeddable":true,"href":"https:\/\/bestathomeespressomachine.com\/fr\/wp-json\/wp\/v2\/comments?post=21589"}],"version-history":[{"count":3,"href":"https:\/\/bestathomeespressomachine.com\/fr\/wp-json\/wp\/v2\/product\/21589\/revisions"}],"predecessor-version":[{"id":22326,"href":"https:\/\/bestathomeespressomachine.com\/fr\/wp-json\/wp\/v2\/product\/21589\/revisions\/22326"}],"wp:featuredmedia":[{"embeddable":true,"href":"https:\/\/bestathomeespressomachine.com\/fr\/wp-json\/wp\/v2\/media\/21591"}],"wp:attachment":[{"href":"https:\/\/bestathomeespressomachine.com\/fr\/wp-json\/wp\/v2\/media?parent=21589"}],"wp:term":[{"taxonomy":"product_cat","embeddable":true,"href":"https:\/\/bestathomeespressomachine.com\/fr\/wp-json\/wp\/v2\/product_cat?post=21589"},{"taxonomy":"product_tag","embeddable":true,"href":"https:\/\/bestathomeespressomachine.com\/fr\/wp-json\/wp\/v2\/product_tag?post=21589"}],"curies":[{"name":"wp","href":"https:\/\/api.w.org\/{rel}","templated":true}]}}