{"id":21696,"date":"2025-01-06T16:03:37","date_gmt":"2025-01-06T16:03:37","guid":{"rendered":"https:\/\/bestathomeespressomachine.com\/?post_type=product&#038;p=21696"},"modified":"2025-04-27T10:17:29","modified_gmt":"2025-04-27T10:17:29","slug":"buy-jura-ena-8-automatic-coffee-machine-online","status":"publish","type":"product","link":"https:\/\/bestathomeespressomachine.com\/fr\/product\/buy-jura-ena-8-automatic-coffee-machine-online\/","title":{"rendered":"Machine \u00e0 caf\u00e9 et expresso automatique Jura ENA 8 15496 (noir m\u00e9tropolitain) \u2013 Version 2023"},"content":{"rendered":"<h2 class=\"\" data-start=\"346\" data-end=\"412\"><strong data-start=\"349\" data-end=\"412\">Pr\u00e9sentation de la JURA ENA 8\u00a0: petite machine, grandes performances<\/strong><\/h2>\n<p class=\"\" data-start=\"414\" data-end=\"865\">Le <strong data-start=\"418\" data-end=\"432\">JURA ENA 8<\/strong> La plus petite machine \u00e0 expresso super automatique de la gamme JURA offre un caf\u00e9 de haute qualit\u00e9 dans un format compact. Malgr\u00e9 son design compact, elle offre des performances exceptionnelles et des fonctionnalit\u00e9s avanc\u00e9es comme le <strong data-start=\"658\" data-end=\"688\">Moulin \u00e0 ar\u00f4mes professionnel<\/strong>, <strong data-start=\"690\" data-end=\"714\">Technologie de mousse fine<\/strong>, et <strong data-start=\"720\" data-end=\"758\">Proc\u00e9d\u00e9 d&#039;extraction par impulsions (PEP\u00ae)<\/strong>Pr\u00e9parez facilement vos boissons au caf\u00e9 pr\u00e9f\u00e9r\u00e9es, de l&#039;espresso au cappuccino, en appuyant simplement sur un bouton.<\/p>\n<hr class=\"\" data-start=\"867\" data-end=\"870\" \/>\n<h2 class=\"\" data-start=\"872\" data-end=\"909\"><strong data-start=\"875\" data-end=\"909\">Caract\u00e9ristiques principales du JURA ENA 8<\/strong><\/h2>\n<h3 class=\"\" data-start=\"911\" data-end=\"961\"><strong data-start=\"915\" data-end=\"961\">1. Petit mais puissant \u2014 Compact mais puissant<\/strong><\/h3>\n<ul data-start=\"963\" data-end=\"1229\">\n<li class=\"\" data-start=\"963\" data-end=\"1229\">\n<p class=\"\" data-start=\"965\" data-end=\"1229\"><strong data-start=\"965\" data-end=\"1001\">Conception haut de gamme, faible encombrement :<\/strong> Le <strong data-start=\"1006\" data-end=\"1020\">JURA ENA 8<\/strong> Con\u00e7ue pour s&#039;int\u00e9grer facilement dans n&#039;importe quelle cuisine ou bureau, elle offre des performances haut de gamme dans un format compact et \u00e9l\u00e9gant. Malgr\u00e9 sa taille, elle offre des performances robustes, rivalisant avec les machines \u00e0 expresso plus grandes.<\/p>\n<\/li>\n<\/ul>\n<h3 class=\"\" data-start=\"1231\" data-end=\"1263\"><strong data-start=\"1235\" data-end=\"1263\">2. Pr\u00e9parez deux tasses \u00e0 la fois<\/strong><\/h3>\n<ul data-start=\"1265\" data-end=\"1473\">\n<li class=\"\" data-start=\"1265\" data-end=\"1473\">\n<p class=\"\" data-start=\"1267\" data-end=\"1473\"><strong data-start=\"1267\" data-end=\"1288\">Fonction deux tasses :<\/strong> Le <strong data-start=\"1293\" data-end=\"1307\">JURA ENA 8<\/strong> Dot\u00e9e d&#039;une fonction pratique pour deux tasses, elle vous permet de pr\u00e9parer deux tasses de caf\u00e9 noir simultan\u00e9ment. Id\u00e9ale pour recevoir ou \u00eatre press\u00e9e.<\/p>\n<\/li>\n<\/ul>\n<h3 class=\"\" data-start=\"1475\" data-end=\"1512\"><strong data-start=\"1479\" data-end=\"1512\">3. Moulin \u00e0 ar\u00f4mes professionnel<\/strong><\/h3>\n<ul data-start=\"1514\" data-end=\"1743\">\n<li class=\"\" data-start=\"1514\" data-end=\"1743\">\n<p class=\"\" data-start=\"1516\" data-end=\"1743\"><strong data-start=\"1516\" data-end=\"1535\">Ar\u00f4me am\u00e9lior\u00e9 :<\/strong> Le <strong data-start=\"1540\" data-end=\"1570\">Moulin \u00e0 ar\u00f4mes professionnel<\/strong> Assure une mouture homog\u00e8ne et uniforme des grains de caf\u00e9, am\u00e9liorant l&#039;ar\u00f4me de 12,2 %. Cette am\u00e9lioration garantit une tasse de caf\u00e9 cors\u00e9e et fra\u00eeche, pour une exp\u00e9rience caf\u00e9 optimale.<\/p>\n<\/li>\n<\/ul>\n<h3 class=\"\" data-start=\"1745\" data-end=\"1776\"><strong data-start=\"1749\" data-end=\"1776\">4. Technologie de mousse fine<\/strong><\/h3>\n<ul data-start=\"1778\" data-end=\"2035\">\n<li class=\"\" data-start=\"1778\" data-end=\"2035\">\n<p class=\"\" data-start=\"1780\" data-end=\"2035\"><strong data-start=\"1780\" data-end=\"1809\">Une mousse parfaite, \u00e0 chaque fois :<\/strong> <strong data-start=\"1810\" data-end=\"1834\">Technologie de mousse fine<\/strong> Cr\u00e9e une mousse de lait onctueuse et a\u00e9rienne, digne des meilleurs baristas. Id\u00e9al pour la pr\u00e9paration de lattes, cappuccinos et autres boissons \u00e0 base de lait, il s&#039;adapte parfaitement aux laits v\u00e9g\u00e9taux comme le lait d&#039;amande.<\/p>\n<\/li>\n<\/ul>\n<h3 class=\"\" data-start=\"2037\" data-end=\"2079\"><strong data-start=\"2041\" data-end=\"2079\">5. \u00c9cran tactile couleur de 2,8 pouces<\/strong><\/h3>\n<ul data-start=\"2081\" data-end=\"2301\">\n<li class=\"\" data-start=\"2081\" data-end=\"2301\">\n<p class=\"\" data-start=\"2083\" data-end=\"2301\"><strong data-start=\"2083\" data-end=\"2113\">Intuitif et facile \u00e0 utiliser :<\/strong> Le <strong data-start=\"2118\" data-end=\"2142\">\u00e9cran tactile de 2,8 pouces<\/strong> Un \u00e9cran color\u00e9 et intuitif facilite la navigation dans les r\u00e9glages de la machine \u00e0 caf\u00e9. Profitez d&#039;une exp\u00e9rience de pr\u00e9paration du caf\u00e9 fluide et simple.<\/p>\n<\/li>\n<\/ul>\n<hr class=\"\" data-start=\"2303\" data-end=\"2306\" \/>\n<h2 class=\"\" data-start=\"2308\" data-end=\"2369\"><strong data-start=\"2311\" data-end=\"2369\">Fonctionnalit\u00e9s suppl\u00e9mentaires pour une exp\u00e9rience de caf\u00e9 ultime<\/strong><\/h2>\n<h3 class=\"\" data-start=\"2371\" data-end=\"2412\"><strong data-start=\"2375\" data-end=\"2412\">Proc\u00e9d\u00e9 d&#039;extraction d&#039;impulsions (PEP)<\/strong><\/h3>\n<ul data-start=\"2414\" data-end=\"2590\">\n<li class=\"\" data-start=\"2414\" data-end=\"2590\">\n<p class=\"\" data-start=\"2416\" data-end=\"2590\"><strong data-start=\"2416\" data-end=\"2438\">Brassage optimis\u00e9 :<\/strong> Le <strong data-start=\"2443\" data-end=\"2481\">Proc\u00e9d\u00e9 d&#039;extraction par impulsions (PEP\u00ae)<\/strong> extrait le caf\u00e9 par petites impulsions, garantissant que chaque dose est pleine de saveur et d&#039;ar\u00f4me riches pour un expresso parfait.<\/p>\n<\/li>\n<\/ul>\n<h3 class=\"\" data-start=\"2592\" data-end=\"2634\"><strong data-start=\"2596\" data-end=\"2634\">Bec verseur r\u00e9glable en hauteur (68-138 mm)<\/strong><\/h3>\n<ul data-start=\"2636\" data-end=\"2829\">\n<li class=\"\" data-start=\"2636\" data-end=\"2829\">\n<p class=\"\" data-start=\"2638\" data-end=\"2829\"><strong data-start=\"2638\" data-end=\"2660\">Brassage polyvalent :<\/strong> Le <strong data-start=\"2665\" data-end=\"2692\">bec r\u00e9glable en hauteur<\/strong> vous permet de pr\u00e9parer directement du caf\u00e9 dans une vari\u00e9t\u00e9 de tailles de tasses, des petites tasses \u00e0 expresso aux grandes tasses, minimisant ainsi les d\u00e9versements et am\u00e9liorant la commodit\u00e9.<\/p>\n<\/li>\n<\/ul>\n<h3 class=\"\" data-start=\"2831\" data-end=\"2877\"><strong data-start=\"2835\" data-end=\"2877\">Fonctionnement \u00e0 une touche pour 15 sp\u00e9cialit\u00e9s<\/strong><\/h3>\n<ul data-start=\"2879\" data-end=\"3070\">\n<li class=\"\" data-start=\"2879\" data-end=\"3070\">\n<p class=\"\" data-start=\"2881\" data-end=\"2987\"><strong data-start=\"2881\" data-end=\"2912\">La vari\u00e9t\u00e9 \u00e0 port\u00e9e de main :<\/strong> Profitez de 15 sp\u00e9cialit\u00e9s de caf\u00e9 diff\u00e9rentes avec une seule touche, y compris<\/p>\n<ul data-start=\"2990\" data-end=\"3070\">\n<li class=\"\" data-start=\"2990\" data-end=\"3007\">\n<p class=\"\" data-start=\"2992\" data-end=\"3007\">Latt\u00e9<\/p>\n<\/li>\n<li class=\"\" data-start=\"3010\" data-end=\"3022\">\n<p class=\"\" data-start=\"3012\" data-end=\"3022\">Cappuccino<\/p>\n<\/li>\n<li class=\"\" data-start=\"3025\" data-end=\"3037\">\n<p class=\"\" data-start=\"3027\" data-end=\"3037\">Caf\u00e9 Cr\u00e8me<\/p>\n<\/li>\n<li class=\"\" data-start=\"3040\" data-end=\"3051\">\n<p class=\"\" data-start=\"3042\" data-end=\"3051\">Am\u00e9ricain<\/p>\n<\/li>\n<li class=\"\" data-start=\"3054\" data-end=\"3070\">\n<p class=\"\" data-start=\"3056\" data-end=\"3070\">Et bien d\u2019autres encore\u2026<\/p>\n<\/li>\n<\/ul>\n<\/li>\n<\/ul>\n<h3 class=\"\" data-start=\"3072\" data-end=\"3114\"><strong data-start=\"3076\" data-end=\"3114\">Options eau chaude et mousse de lait uniquement<\/strong><\/h3>\n<ul data-start=\"3116\" data-end=\"3289\">\n<li class=\"\" data-start=\"3116\" data-end=\"3289\">\n<p class=\"\" data-start=\"3118\" data-end=\"3289\"><strong data-start=\"3118\" data-end=\"3139\">Plus de flexibilit\u00e9 :<\/strong> En plus des boissons au caf\u00e9, vous pouvez opter pour de l&#039;eau chaude (parfaite pour le th\u00e9) ou de la mousse de lait (id\u00e9ale pour le chocolat chaud), ajoutant ainsi de la polyvalence \u00e0 votre machine.<\/p>\n<\/li>\n<\/ul>\n<h3 class=\"\" data-start=\"3291\" data-end=\"3318\"><strong data-start=\"3295\" data-end=\"3318\">Goulotte \u00e0 caf\u00e9 moulu<\/strong><\/h3>\n<ul data-start=\"3320\" data-end=\"3487\">\n<li class=\"\" data-start=\"3320\" data-end=\"3487\">\n<p class=\"\" data-start=\"3322\" data-end=\"3487\"><strong data-start=\"3322\" data-end=\"3351\">Option caf\u00e9 pr\u00e9moulu :<\/strong> Pour les jours o\u00f9 vous pr\u00e9f\u00e9rez utiliser du caf\u00e9 pr\u00e9moulu, le <strong data-start=\"3413\" data-end=\"3422\">CE 8<\/strong> dispose d&#039;une goulotte \u00e0 caf\u00e9 moulu pratique pour plus de flexibilit\u00e9.<\/p>\n<\/li>\n<\/ul>\n<h3 class=\"\" data-start=\"3489\" data-end=\"3523\"><strong data-start=\"3493\" data-end=\"3523\">Syst\u00e8me de chauffage Thermoblock<\/strong><\/h3>\n<ul data-start=\"3525\" data-end=\"3721\">\n<li class=\"\" data-start=\"3525\" data-end=\"3721\">\n<p class=\"\" data-start=\"3527\" data-end=\"3721\"><strong data-start=\"3527\" data-end=\"3554\">Temp\u00e9rature constante :<\/strong> Le <strong data-start=\"3559\" data-end=\"3589\">Syst\u00e8me de chauffage Thermoblock<\/strong> garantit que votre eau est toujours \u00e0 la temp\u00e9rature d&#039;infusion id\u00e9ale, garantissant que chaque tasse est servie \u00e0 la chaleur parfaite pour une saveur optimale.<\/p>\n<\/li>\n<\/ul>\n<hr class=\"\" data-start=\"3723\" data-end=\"3726\" \/>\n<h2 class=\"\" data-start=\"3728\" data-end=\"3761\"><strong data-start=\"3731\" data-end=\"3761\">Pourquoi choisir la JURA ENA 8 ?<\/strong><\/h2>\n<h3 class=\"\" data-start=\"3763\" data-end=\"3790\"><strong data-start=\"3767\" data-end=\"3790\">Conception peu encombrante<\/strong><\/h3>\n<ul data-start=\"3792\" data-end=\"3990\">\n<li class=\"\" data-start=\"3792\" data-end=\"3990\">\n<p class=\"\" data-start=\"3794\" data-end=\"3990\">Le <strong data-start=\"3798\" data-end=\"3812\">JURA ENA 8<\/strong> C&#039;est l&#039;option id\u00e9ale pour ceux qui disposent d&#039;un espace limit\u00e9, mais qui ne souhaitent pas faire de compromis sur les performances. Son format compact s&#039;int\u00e8gre parfaitement dans les petites cuisines, les bureaux ou les appartements.<\/p>\n<\/li>\n<\/ul>\n<h3 class=\"\" data-start=\"3992\" data-end=\"4017\"><strong data-start=\"3996\" data-end=\"4017\">Fonctionnalit\u00e9s de premier ordre<\/strong><\/h3>\n<ul data-start=\"4019\" data-end=\"4227\">\n<li class=\"\" data-start=\"4019\" data-end=\"4227\">\n<p class=\"\" data-start=\"4021\" data-end=\"4227\">Dot\u00e9 de fonctionnalit\u00e9s haut de gamme telles que le <strong data-start=\"4063\" data-end=\"4093\">Moulin \u00e0 ar\u00f4mes professionnel<\/strong>, <strong data-start=\"4095\" data-end=\"4119\">Technologie de mousse fine<\/strong>, et <strong data-start=\"4125\" data-end=\"4153\">Processus d&#039;extraction d&#039;impulsions<\/strong>, the <strong data-start=\"4159\" data-end=\"4168\">CE 8<\/strong> est con\u00e7u pour les amateurs de caf\u00e9 qui appr\u00e9cient la qualit\u00e9.<\/p>\n<\/li>\n<\/ul>\n<h3 class=\"\" data-start=\"4229\" data-end=\"4248\"><strong data-start=\"4233\" data-end=\"4248\">Facilit\u00e9 d&#039;utilisation<\/strong><\/h3>\n<ul data-start=\"4250\" data-end=\"4439\">\n<li class=\"\" data-start=\"4250\" data-end=\"4439\">\n<p class=\"\" data-start=\"4252\" data-end=\"4439\">Le <strong data-start=\"4256\" data-end=\"4276\">\u00c9cran tactile de 2,8 pouces<\/strong> et son fonctionnement \u00e0 une touche facilitent la pr\u00e9paration de vos caf\u00e9s pr\u00e9f\u00e9r\u00e9s avec un minimum d&#039;effort. Avec 15 options sp\u00e9ciales, tout ce dont vous avez besoin est \u00e0 port\u00e9e de main.<\/p>\n<\/li>\n<\/ul>\n<h3 class=\"\" data-start=\"4441\" data-end=\"4472\"><strong data-start=\"4445\" data-end=\"4472\">Parfait pour les amateurs de lait<\/strong><\/h3>\n<ul data-start=\"4474\" data-end=\"4624\">\n<li class=\"\" data-start=\"4474\" data-end=\"4624\">\n<p class=\"\" data-start=\"4476\" data-end=\"4624\">Si vous aimez les boissons \u00e0 base de lait comme <strong data-start=\"4514\" data-end=\"4524\">lattes<\/strong> et <strong data-start=\"4529\" data-end=\"4544\">cappuccinos<\/strong>, the <strong data-start=\"4550\" data-end=\"4574\">Technologie de mousse fine<\/strong> garantit que votre mousse est parfaitement cr\u00e9meuse \u00e0 chaque fois.<\/p>\n<\/li>\n<\/ul>\n<hr class=\"\" data-start=\"4626\" data-end=\"4629\" \/>\n<h2 class=\"\" data-start=\"4631\" data-end=\"4660\"><strong data-start=\"4634\" data-end=\"4660\">Sp\u00e9cifications du produit<\/strong><\/h2>\n<ul data-start=\"4662\" data-end=\"5037\">\n<li class=\"\" data-start=\"4662\" data-end=\"4709\">\n<p class=\"\" data-start=\"4664\" data-end=\"4709\"><strong data-start=\"4664\" data-end=\"4687\">Dimensions (LxHxP) :<\/strong> 27,1 x 32,3 x 44,5 cm<\/p>\n<\/li>\n<li class=\"\" data-start=\"4710\" data-end=\"4730\">\n<p class=\"\" data-start=\"4712\" data-end=\"4730\"><strong data-start=\"4712\" data-end=\"4723\">Poids:<\/strong> 9,4 kg<\/p>\n<\/li>\n<li class=\"\" data-start=\"4731\" data-end=\"4758\">\n<p class=\"\" data-start=\"4733\" data-end=\"4758\"><strong data-start=\"4733\" data-end=\"4753\">Taille du r\u00e9servoir d&#039;eau :<\/strong> L<\/p>\n<\/li>\n<li class=\"\" data-start=\"4759\" data-end=\"4791\">\n<p class=\"\" data-start=\"4761\" data-end=\"4791\"><strong data-start=\"4761\" data-end=\"4786\">Capacit\u00e9 de la tr\u00e9mie \u00e0 grains :<\/strong> 125 g<\/p>\n<\/li>\n<li class=\"\" data-start=\"4792\" data-end=\"4819\">\n<p class=\"\" data-start=\"4794\" data-end=\"4819\"><strong data-start=\"4794\" data-end=\"4812\">Pression de la pompe :<\/strong> 15 bars<\/p>\n<\/li>\n<li class=\"\" data-start=\"4820\" data-end=\"4842\">\n<p class=\"\" data-start=\"4822\" data-end=\"4842\"><strong data-start=\"4822\" data-end=\"4832\">Pouvoir:<\/strong> 110V-120V<\/p>\n<\/li>\n<li class=\"\" data-start=\"4843\" data-end=\"4932\">\n<p class=\"\" data-start=\"4845\" data-end=\"4932\"><strong data-start=\"4845\" data-end=\"4863\">Options de boissons :<\/strong> 15 types, dont Latte Macchiato, Cappuccino, Americano et plus encore<\/p>\n<\/li>\n<li class=\"\" data-start=\"4933\" data-end=\"4972\">\n<p class=\"\" data-start=\"4935\" data-end=\"4972\"><strong data-start=\"4935\" data-end=\"4963\">Bec verseur r\u00e9glable en hauteur :<\/strong> 68-138 mm<\/p>\n<\/li>\n<li class=\"\" data-start=\"4973\" data-end=\"5037\">\n<p class=\"\" data-start=\"4975\" data-end=\"5037\"><strong data-start=\"4975\" data-end=\"4988\">Garantie:<\/strong> Garantie constructeur de 2 ans (pi\u00e8ces et main d&#039;oeuvre)<\/p>\n<\/li>\n<\/ul>\n<hr class=\"\" data-start=\"5039\" data-end=\"5042\" \/>\n<h2 class=\"\" data-start=\"5044\" data-end=\"5067\"><strong data-start=\"5047\" data-end=\"5067\">Avis des clients<\/strong><\/h2>\n<h3 class=\"\" data-start=\"5069\" data-end=\"5093\"><strong data-start=\"5073\" data-end=\"5093\">Sarah L. \u2013 \u2605\u2605\u2605\u2605\u2605<\/strong><\/h3>\n<p class=\"\" data-start=\"5095\" data-end=\"5281\"><em data-start=\"5095\" data-end=\"5281\">\u00ab Je suis \u00e9tonn\u00e9 par le <strong data-start=\"5115\" data-end=\"5129\">JURA ENA 8<\/strong>! Il s&#039;int\u00e8gre parfaitement dans ma petite cuisine et la qualit\u00e9 du caf\u00e9 est exceptionnelle. <strong data-start=\"5213\" data-end=\"5237\">Technologie de mousse fine<\/strong> fait les meilleurs cappuccinos que j&#039;ai jamais eu !<\/em><\/p>\n<h3 class=\"\" data-start=\"5283\" data-end=\"5306\"><strong data-start=\"5287\" data-end=\"5306\">Mark H. \u2013 \u2605\u2605\u2605\u2605\u2606<\/strong><\/h3>\n<p class=\"\" data-start=\"5308\" data-end=\"5528\"><em data-start=\"5308\" data-end=\"5528\">&#034;Le <strong data-start=\"5314\" data-end=\"5328\">JURA ENA 8<\/strong> \u00ab\u00a0C&#039;est fantastique pour sa taille. J&#039;adore la fonction deux tasses et elle est incroyablement facile \u00e0 utiliser. Je regrette juste un r\u00e9servoir d&#039;eau plus grand, mais c&#039;est un petit b\u00e9mol vu la compacit\u00e9 de la machine.\u00a0\u00bb<\/em><\/p>\n<h3 class=\"\" data-start=\"5530\" data-end=\"5554\"><strong data-start=\"5534\" data-end=\"5554\">Alice W. \u2013 \u2605\u2605\u2605\u2605\u2605<\/strong><\/h3>\n<p class=\"\" data-start=\"5556\" data-end=\"5734\"><em data-start=\"5556\" data-end=\"5734\">\u00ab\u00a0Petite mais puissante\u00a0! J&#039;adore la rapidit\u00e9 avec laquelle je peux pr\u00e9parer un expresso ou un cappuccino. C&#039;est un excellent investissement pour tous ceux qui recherchent un excellent caf\u00e9 sans prendre trop de place.\u00a0\u00bb<\/em><\/p>\n<hr class=\"\" data-start=\"5736\" data-end=\"5739\" \/>\n<h2 class=\"\" data-start=\"5741\" data-end=\"5781\"><strong data-start=\"5744\" data-end=\"5781\">Foire aux questions (FAQ)<\/strong><\/h2>\n<h3 class=\"\" data-start=\"5783\" data-end=\"5862\"><strong data-start=\"5787\" data-end=\"5862\">Q1 : Puis-je pr\u00e9parer deux tasses de caf\u00e9 en m\u00eame temps avec la JURA ENA 8 ?<\/strong><\/h3>\n<p class=\"\" data-start=\"5864\" data-end=\"6050\"><strong data-start=\"5864\" data-end=\"5871\">A1 :<\/strong> Oui, le <strong data-start=\"5881\" data-end=\"5895\">JURA ENA 8<\/strong> dispose d&#039;une fonction deux tasses qui vous permet de pr\u00e9parer deux tasses de caf\u00e9 simultan\u00e9ment, ce qui est parfait lorsque vous recevez des invit\u00e9s ou que vous \u00eates press\u00e9.<\/p>\n<h3 class=\"\" data-start=\"6052\" data-end=\"6094\"><strong data-start=\"6056\" data-end=\"6094\">Q2 : Comment nettoyer la JURA ENA 8 ?<\/strong><\/h3>\n<p class=\"\" data-start=\"6096\" data-end=\"6303\"><strong data-start=\"6096\" data-end=\"6103\">A2:<\/strong> Le <strong data-start=\"6108\" data-end=\"6122\">JURA ENA 8<\/strong> Elle dispose de programmes de nettoyage et d&#039;entretien automatiques, notamment le rin\u00e7age et le d\u00e9tartrage du syst\u00e8me de lait. Elle est \u00e9galement dot\u00e9e d&#039;un bac d&#039;\u00e9gouttage et d&#039;un r\u00e9servoir d&#039;eau faciles \u00e0 retirer pour un nettoyage manuel rapide.<\/p>\n<h3 class=\"\" data-start=\"6305\" data-end=\"6365\"><strong data-start=\"6309\" data-end=\"6365\">Q3 : Puis-je utiliser du caf\u00e9 pr\u00e9moulu avec la JURA ENA 8 ?<\/strong><\/h3>\n<p class=\"\" data-start=\"6367\" data-end=\"6520\"><strong data-start=\"6367\" data-end=\"6374\">A3:<\/strong> Oui, le <strong data-start=\"6384\" data-end=\"6393\">CE 8<\/strong> comprend une goulotte \u00e0 caf\u00e9 moulu, vous pouvez donc utiliser du caf\u00e9 pr\u00e9moulu si vous le souhaitez, ce qui le rend polyvalent pour diff\u00e9rents types de caf\u00e9.<\/p>\n<h3 class=\"\" data-start=\"6522\" data-end=\"6572\"><strong data-start=\"6526\" data-end=\"6572\">Q4 : La machine est-elle livr\u00e9e avec une garantie ?<\/strong><\/h3>\n<p class=\"\" data-start=\"6574\" data-end=\"6740\"><strong data-start=\"6574\" data-end=\"6581\">A4:<\/strong> Oui, le <strong data-start=\"6591\" data-end=\"6605\">JURA ENA 8<\/strong> Ce produit est couvert par une garantie constructeur de 2 ans, pi\u00e8ces et main-d&#039;\u0153uvre. En cas de probl\u00e8me, vous pouvez contacter le service client.<\/p>\n<hr class=\"\" data-start=\"6742\" data-end=\"6745\" \/>\n<h2 class=\"\" data-start=\"6747\" data-end=\"6802\"><strong data-start=\"6750\" data-end=\"6802\">Achetez la JURA ENA 8 en ligne\u00a0: compacte et puissante<\/strong><\/h2>\n<p class=\"\" data-start=\"6804\" data-end=\"7131\">Pr\u00eat \u00e0 d\u00e9couvrir un caf\u00e9 de qualit\u00e9 professionnelle dans un design compact ? <strong data-start=\"6865\" data-end=\"6889\">Commandez le JURA ENA 8<\/strong> aujourd&#039;hui et am\u00e9liorez votre routine caf\u00e9 avec ses fonctionnalit\u00e9s avanc\u00e9es, notamment <strong data-start=\"6966\" data-end=\"6990\">Technologie de mousse fine<\/strong> et <strong data-start=\"6995\" data-end=\"7033\">Proc\u00e9d\u00e9 d&#039;extraction par impulsions (PEP\u00ae)<\/strong>Compact, \u00e9l\u00e9gant et plein de fonctionnalit\u00e9s, le <strong data-start=\"7084\" data-end=\"7098\">JURA ENA 8<\/strong> est parfait pour tout amateur de caf\u00e9.<\/p>\n<p class=\"\" data-start=\"7133\" data-end=\"7339\"><strong data-start=\"7133\" data-end=\"7153\"><a href=\"https:\/\/bestathomeespressomachine.com\/fr\/product\/jura-impressa-xj9-super-automatic-coffee-machine\/\">[Achetez en ligne maintenant<\/a>]<\/strong> et profitez de notre <strong data-start=\"7180\" data-end=\"7205\">Garantie de correspondance des prix : nous<\/strong>\u00a0\u00e9galisez tout prix inf\u00e9rieur dans les 90 jours suivant votre achat, afin que vous puissiez acheter en toute confiance, sachant que vous obtenez la meilleure offre.<\/p>","protected":false},"excerpt":{"rendered":"<p>Introducing the JURA ENA 8\u2014Small Machine, Big Performance The JURA ENA 8 is the smallest super-automatic espresso machine in the JURA lineup, offering high-quality coffee without taking up too much space. Despite its compact design, it delivers powerful performance with advanced features like the Professional Aroma Grinder, Fine Foam Technology, and Pulse Extraction Process (P.E.P.\u00ae).&hellip;<\/p>","protected":false},"featured_media":21705,"comment_status":"open","ping_status":"closed","template":"","meta":[],"product_cat":[51],"product_tag":[],"class_list":{"0":"post-21696","1":"product","2":"type-product","3":"status-publish","4":"has-post-thumbnail","6":"product_cat-jura-espresso-machine","8":"first","9":"instock","10":"shipping-taxable","11":"purchasable","12":"product-type-simple","13":"col-xs-6 col-sm-4","14":"col-md-3 col-lg-3","15":"un-4-cols"},"jetpack_sharing_enabled":true,"_links":{"self":[{"href":"https:\/\/bestathomeespressomachine.com\/fr\/wp-json\/wp\/v2\/product\/21696","targetHints":{"allow":["GET"]}}],"collection":[{"href":"https:\/\/bestathomeespressomachine.com\/fr\/wp-json\/wp\/v2\/product"}],"about":[{"href":"https:\/\/bestathomeespressomachine.com\/fr\/wp-json\/wp\/v2\/types\/product"}],"replies":[{"embeddable":true,"href":"https:\/\/bestathomeespressomachine.com\/fr\/wp-json\/wp\/v2\/comments?post=21696"}],"version-history":[{"count":3,"href":"https:\/\/bestathomeespressomachine.com\/fr\/wp-json\/wp\/v2\/product\/21696\/revisions"}],"predecessor-version":[{"id":22283,"href":"https:\/\/bestathomeespressomachine.com\/fr\/wp-json\/wp\/v2\/product\/21696\/revisions\/22283"}],"wp:featuredmedia":[{"embeddable":true,"href":"https:\/\/bestathomeespressomachine.com\/fr\/wp-json\/wp\/v2\/media\/21705"}],"wp:attachment":[{"href":"https:\/\/bestathomeespressomachine.com\/fr\/wp-json\/wp\/v2\/media?parent=21696"}],"wp:term":[{"taxonomy":"product_cat","embeddable":true,"href":"https:\/\/bestathomeespressomachine.com\/fr\/wp-json\/wp\/v2\/product_cat?post=21696"},{"taxonomy":"product_tag","embeddable":true,"href":"https:\/\/bestathomeespressomachine.com\/fr\/wp-json\/wp\/v2\/product_tag?post=21696"}],"curies":[{"name":"wp","href":"https:\/\/api.w.org\/{rel}","templated":true}]}}