{"id":21841,"date":"2025-01-06T17:56:58","date_gmt":"2025-01-06T17:56:58","guid":{"rendered":"https:\/\/bestathomeespressomachine.com\/?post_type=product&#038;p=21841"},"modified":"2025-04-27T11:35:16","modified_gmt":"2025-04-27T11:35:16","slug":"buy-philips-1200-series-classic-milk-frother-super-automatic-espresso","status":"publish","type":"product","link":"https:\/\/bestathomeespressomachine.com\/fr\/product\/buy-philips-1200-series-classic-milk-frother-super-automatic-espresso\/","title":{"rendered":"Machine \u00e0 expresso super automatique Philips s\u00e9rie 1200 avec mousseur \u00e0 lait classique EP1220\/04"},"content":{"rendered":"<h2 class=\"\" data-start=\"260\" data-end=\"346\">Machine \u00e0 expresso super automatique Philips s\u00e9rie 1200 avec mousseur \u00e0 lait classique EP1220\/04<\/h2>\n<h3 class=\"\" data-start=\"348\" data-end=\"393\">D\u00e9couvrez un caf\u00e9 de qualit\u00e9 barista \u00e0 la maison<\/h3>\n<p class=\"\" data-start=\"395\" data-end=\"818\">D\u00e9couvrez la commodit\u00e9 et la coh\u00e9rence du <strong data-start=\"443\" data-end=\"509\"><a href=\"https:\/\/bestathomeespressomachine.com\/fr\/product\/philips-3300-lattego-super-automatic-espresso-cappuccino-latte-macchiato-machine-with-silentbrew-ep3341-50-glossy-black\/\">Philips<\/a> Machine \u00e0 expresso super automatique s\u00e9rie 1200 EP1220\/04<\/strong>Con\u00e7ue pour les amateurs de caf\u00e9 \u00e0 domicile, cette machine offre l&#039;exp\u00e9rience compl\u00e8te d&#039;un caf\u00e9 avec un <strong data-start=\"616\" data-end=\"640\">mousseur \u00e0 lait classique<\/strong>, une extraction riche en saveurs et une interface conviviale. Que vous aimiez <strong data-start=\"715\" data-end=\"727\">espresso<\/strong>, <strong data-start=\"729\" data-end=\"739\">caf\u00e9<\/strong>, ou un cr\u00e9meux <strong data-start=\"753\" data-end=\"767\">cappuccino<\/strong>, chaque tasse est fabriqu\u00e9e sans effort avec pr\u00e9cision.<\/p>\n<hr class=\"\" data-start=\"820\" data-end=\"823\" \/>\n<h2 class=\"\" data-start=\"825\" data-end=\"884\">Principales caract\u00e9ristiques de la machine \u00e0 expresso Philips s\u00e9rie 1200<\/h2>\n<h3 class=\"\" data-start=\"886\" data-end=\"926\">\u2615 Pr\u00e9paration d&#039;espresso super automatique<\/h3>\n<p class=\"\" data-start=\"927\" data-end=\"1076\">Savourez un caf\u00e9 riche et aromatique d&#039;une simple pression sur un bouton. Le syst\u00e8me d&#039;infusion enti\u00e8rement automatique garantit un go\u00fbt constant et une temp\u00e9rature optimale \u00e0 chaque fois.<\/p>\n<h3 class=\"\" data-start=\"1078\" data-end=\"1130\">\ud83e\udd5b Mousseur \u00e0 lait classique pour cappuccinos cr\u00e9meux<\/h3>\n<p class=\"\" data-start=\"1131\" data-end=\"1251\">Le <strong data-start=\"1135\" data-end=\"1159\">mousseur \u00e0 lait classique<\/strong> vous permet de cuire \u00e0 la vapeur et de faire mousser le lait manuellement pour cr\u00e9er des cappuccinos et des lattes de style barista.<\/p>\n<h3 class=\"\" data-start=\"1253\" data-end=\"1288\">\ud83d\udd27 R\u00e9glage du broyeur en 12 \u00e9tapes<\/h3>\n<p class=\"\" data-start=\"1289\" data-end=\"1394\">Ajustez la force et la saveur de votre infusion gr\u00e2ce \u00e0 12 r\u00e9glages de mouture r\u00e9glables, de fin \u00e0 grossier.<\/p>\n<h3 class=\"\" data-start=\"1396\" data-end=\"1426\">\ud83c\udf21\ufe0f Syst\u00e8me d&#039;extraction d&#039;ar\u00f4mes<\/h3>\n<p class=\"\" data-start=\"1427\" data-end=\"1537\">Le syst\u00e8me brevet\u00e9 d&#039;extraction d&#039;ar\u00f4mes de Philips \u00e9quilibre la temp\u00e9rature d&#039;infusion et le d\u00e9bit d&#039;eau pour extraire le maximum de saveur.<\/p>\n<h3 class=\"\" data-start=\"1539\" data-end=\"1578\">\ud83d\udca7 Compatibilit\u00e9 du filtre AquaClean<\/h3>\n<p class=\"\" data-start=\"1579\" data-end=\"1694\">Profitez jusqu&#039;\u00e0 <strong data-start=\"1591\" data-end=\"1605\">5 000 tasses<\/strong> sans d\u00e9tartrage, gr\u00e2ce au filtre \u00e0 eau AquaClean qui garantit une eau propre et fra\u00eeche.<\/p>\n<h3 class=\"\" data-start=\"1696\" data-end=\"1722\">\ud83d\udee0\ufe0f Entretien facile<\/h3>\n<p class=\"\" data-start=\"1723\" data-end=\"1870\">Le <strong data-start=\"1727\" data-end=\"1757\">groupe d&#039;infusion enti\u00e8rement amovible<\/strong> permet un rin\u00e7age et un nettoyage rapides, tout en <strong data-start=\"1803\" data-end=\"1838\">rin\u00e7age automatique et d\u00e9tartrage guid\u00e9<\/strong> Gardez votre machine en parfait \u00e9tat.<\/p>\n<hr class=\"\" data-start=\"1872\" data-end=\"1875\" \/>\n<h2 class=\"\" data-start=\"1877\" data-end=\"1900\">Tableau des sp\u00e9cifications<\/h2>\n<div class=\"group pointer-events-none relative flex justify-center *:pointer-events-auto\">\n<p>&nbsp;<\/p>\n<div class=\"tableContainer horzScrollShadows relative\">\n<table class=\"min-w-full\" data-start=\"1902\" data-end=\"2730\">\n<thead data-start=\"1902\" data-end=\"1971\">\n<tr data-start=\"1902\" data-end=\"1971\">\n<th data-start=\"1902\" data-end=\"1935\">Fonctionnalit\u00e9<\/th>\n<th data-start=\"1935\" data-end=\"1971\">D\u00e9tails<\/th>\n<\/tr>\n<\/thead>\n<tbody data-start=\"2041\" data-end=\"2730\">\n<tr data-start=\"2041\" data-end=\"2109\">\n<td class=\"max-w-[calc(var(--thread-content-max-width)*2\/3)]\" data-start=\"2041\" data-end=\"2073\"><strong data-start=\"2043\" data-end=\"2060\">Pression de la pompe<\/strong><\/td>\n<td class=\"max-w-[calc(var(--thread-content-max-width)*2\/3)]\" data-start=\"2073\" data-end=\"2109\">15 bars<\/td>\n<\/tr>\n<tr data-start=\"2110\" data-end=\"2178\">\n<td class=\"max-w-[calc(var(--thread-content-max-width)*2\/3)]\" data-start=\"2110\" data-end=\"2142\"><strong data-start=\"2112\" data-end=\"2133\">Type de mousseur \u00e0 lait<\/strong><\/td>\n<td class=\"max-w-[calc(var(--thread-content-max-width)*2\/3)]\" data-start=\"2142\" data-end=\"2178\">Baguette \u00e0 vapeur manuelle classique<\/td>\n<\/tr>\n<tr data-start=\"2179\" data-end=\"2247\">\n<td class=\"max-w-[calc(var(--thread-content-max-width)*2\/3)]\" data-start=\"2179\" data-end=\"2211\"><strong data-start=\"2181\" data-end=\"2204\">Capacit\u00e9 du r\u00e9servoir d&#039;eau<\/strong><\/td>\n<td class=\"max-w-[calc(var(--thread-content-max-width)*2\/3)]\" data-start=\"2211\" data-end=\"2247\">1,8 L<\/td>\n<\/tr>\n<tr data-start=\"2248\" data-end=\"2316\">\n<td class=\"max-w-[calc(var(--thread-content-max-width)*2\/3)]\" data-start=\"2248\" data-end=\"2280\"><strong data-start=\"2250\" data-end=\"2274\">Capacit\u00e9 de la tr\u00e9mie \u00e0 grains<\/strong><\/td>\n<td class=\"max-w-[calc(var(--thread-content-max-width)*2\/3)]\" data-start=\"2280\" data-end=\"2316\">275 g<\/td>\n<\/tr>\n<tr data-start=\"2317\" data-end=\"2385\">\n<td class=\"max-w-[calc(var(--thread-content-max-width)*2\/3)]\" data-start=\"2317\" data-end=\"2349\"><strong data-start=\"2319\" data-end=\"2341\">Dimensions (H x l x L)<\/strong><\/td>\n<td class=\"max-w-[calc(var(--thread-content-max-width)*2\/3)]\" data-start=\"2349\" data-end=\"2385\">246 x 371 x 433 mm<\/td>\n<\/tr>\n<tr data-start=\"2386\" data-end=\"2454\">\n<td class=\"max-w-[calc(var(--thread-content-max-width)*2\/3)]\" data-start=\"2386\" data-end=\"2418\"><strong data-start=\"2388\" data-end=\"2398\">Poids<\/strong><\/td>\n<td class=\"max-w-[calc(var(--thread-content-max-width)*2\/3)]\" data-start=\"2418\" data-end=\"2454\">7,5 kg<\/td>\n<\/tr>\n<tr data-start=\"2455\" data-end=\"2523\">\n<td class=\"max-w-[calc(var(--thread-content-max-width)*2\/3)]\" data-start=\"2455\" data-end=\"2487\"><strong data-start=\"2457\" data-end=\"2473\">Type de broyeur<\/strong><\/td>\n<td class=\"max-w-[calc(var(--thread-content-max-width)*2\/3)]\" data-start=\"2487\" data-end=\"2523\">100 % c\u00e9ramique, r\u00e9glable sur 12 niveaux<\/td>\n<\/tr>\n<tr data-start=\"2524\" data-end=\"2592\">\n<td class=\"max-w-[calc(var(--thread-content-max-width)*2\/3)]\" data-start=\"2524\" data-end=\"2556\"><strong data-start=\"2526\" data-end=\"2546\">Options de boissons<\/strong><\/td>\n<td class=\"max-w-[calc(var(--thread-content-max-width)*2\/3)]\" data-start=\"2556\" data-end=\"2592\">Expresso, caf\u00e9, eau chaude<\/td>\n<\/tr>\n<tr data-start=\"2593\" data-end=\"2661\">\n<td class=\"max-w-[calc(var(--thread-content-max-width)*2\/3)]\" data-start=\"2593\" data-end=\"2625\"><strong data-start=\"2595\" data-end=\"2606\">Tension<\/strong><\/td>\n<td class=\"max-w-[calc(var(--thread-content-max-width)*2\/3)]\" data-start=\"2625\" data-end=\"2661\">120 V<\/td>\n<\/tr>\n<tr data-start=\"2662\" data-end=\"2730\">\n<td class=\"max-w-[calc(var(--thread-content-max-width)*2\/3)]\" data-start=\"2662\" data-end=\"2694\"><strong data-start=\"2664\" data-end=\"2676\">Garantie<\/strong><\/td>\n<td class=\"max-w-[calc(var(--thread-content-max-width)*2\/3)]\" data-start=\"2694\" data-end=\"2730\">Garantie du fabricant de 6 mois<\/td>\n<\/tr>\n<\/tbody>\n<\/table>\n<\/div>\n<\/div>\n<hr class=\"\" data-start=\"2732\" data-end=\"2735\" \/>\n<h2 class=\"\" data-start=\"2737\" data-end=\"2782\">Pourquoi acheter le Philips 1200 Series EP1220\/04 ?<\/h2>\n<p class=\"\" data-start=\"2784\" data-end=\"3150\">Cette machine \u00e0 expresso combine une infusion de pr\u00e9cision, un mousseur classique et un design compact pour offrir une machine \u00e0 expresso puissante mais abordable. <strong data-start=\"2907\" data-end=\"2929\">machine \u00e0 cappuccino<\/strong> pour un usage domestique. Que vous soyez d\u00e9butant ou aspirant barista, <strong data-start=\"2998\" data-end=\"3021\">Philips s\u00e9rie 1200<\/strong> offre des commandes intuitives, <strong data-start=\"3049\" data-end=\"3082\">personnalisation du caf\u00e9 sur mesure<\/strong>et une faible maintenance, le tout soutenu par l&#039;h\u00e9ritage d&#039;innovation de Philips.<\/p>\n<hr class=\"\" data-start=\"3152\" data-end=\"3155\" \/>\n<h2 class=\"\" data-start=\"3157\" data-end=\"3211\">Achetez la machine \u00e0 expresso Philips s\u00e9rie 1200 en ligne<\/h2>\n<p class=\"\" data-start=\"3213\" data-end=\"3462\">\u00c0 la recherche du <strong data-start=\"3229\" data-end=\"3264\">meilleur prix sur Philips EP1220\/04<\/strong>? Nous offrons <strong data-start=\"3275\" data-end=\"3301\">garanties d&#039;alignement des prix<\/strong> Profitez d&#039;une garantie jusqu&#039;\u00e0 90 jours apr\u00e8s l&#039;achat, pour une tranquillit\u00e9 d&#039;esprit totale. Commandez en ligne d\u00e8s aujourd&#039;hui et sublimez votre routine matinale avec un caf\u00e9 digne d&#039;un barista, \u00e0 la maison.<\/p>\n<hr class=\"\" data-start=\"3464\" data-end=\"3467\" \/>\n<h2 class=\"\" data-start=\"3469\" data-end=\"3505\">Foire aux questions (FAQ)<\/h2>\n<h3 class=\"\" data-start=\"3507\" data-end=\"3571\">\u2753 La Philips s\u00e9rie 1200 EP1220\/04 est-elle adapt\u00e9e aux cappuccinos ?<\/h3>\n<p class=\"\" data-start=\"3572\" data-end=\"3733\">Absolument. C&#039;est <strong data-start=\"3588\" data-end=\"3612\">mousseur \u00e0 lait classique<\/strong> vous permet de faire mousser et cuire \u00e0 la vapeur le lait manuellement, vous donnant un contr\u00f4le total sur la texture et la temp\u00e9rature pour des cappuccinos cr\u00e9meux.<\/p>\n<h3 class=\"\" data-start=\"3735\" data-end=\"3784\">\u2753 \u00c0 quelle fr\u00e9quence dois-je d\u00e9tartrer la machine ?<\/h3>\n<p class=\"\" data-start=\"3785\" data-end=\"3886\">Avec le <strong data-start=\"3794\" data-end=\"3820\">Filtre \u00e0 eau AquaClean<\/strong>, vous pouvez profiter jusqu&#039;\u00e0 <strong data-start=\"3842\" data-end=\"3856\">5 000 tasses<\/strong> avant que le d\u00e9tartrage ne soit n\u00e9cessaire.<\/p>\n<h3 class=\"\" data-start=\"3888\" data-end=\"3936\">\u2753 Puis-je utiliser du caf\u00e9 moulu avec cette machine ?<\/h3>\n<p class=\"\" data-start=\"3937\" data-end=\"4064\">Oui ! La s\u00e9rie Philips 1200 comprend un <strong data-start=\"3977\" data-end=\"4000\">goulotte \u00e0 poudre de caf\u00e9<\/strong>, vous permettant de pr\u00e9parer du caf\u00e9 avec des grains entiers ou du caf\u00e9 moulu.<\/p>\n<h3 class=\"\" data-start=\"4066\" data-end=\"4102\">\u2753 Le mousseur \u00e0 lait est-il automatique ?<\/h3>\n<p class=\"\" data-start=\"4103\" data-end=\"4236\">Non, le <strong data-start=\"4111\" data-end=\"4135\">mousseur \u00e0 lait classique<\/strong> est manuel, ce qui est id\u00e9al pour les utilisateurs qui souhaitent contr\u00f4ler la texture et la temp\u00e9rature du lait avec plus de pr\u00e9cision.<\/p>\n<h3 class=\"\" data-start=\"4238\" data-end=\"4264\">\u2753 Le broyeur est-il bruyant ?<\/h3>\n<p class=\"\" data-start=\"4265\" data-end=\"4358\">La machine utilise <strong data-start=\"4282\" data-end=\"4302\">broyeurs en c\u00e9ramique<\/strong>, qui sont plus silencieux et plus durables que les options en m\u00e9tal.<\/p>","protected":false},"excerpt":{"rendered":"<p>Philips 1200 Series Classic Milk Frother Super Automatic Espresso Machine EP1220\/04 Experience Barista-Quality Coffee at Home Discover the convenience and consistency of the Philips 1200 Series Super Automatic Espresso Machine EP1220\/04. Engineered for home coffee lovers, this machine delivers the full coffee shop experience with a built-in classic milk frother, rich flavor extraction, and a&hellip;<\/p>","protected":false},"featured_media":21843,"comment_status":"open","ping_status":"closed","template":"","meta":[],"product_cat":[49],"product_tag":[],"class_list":{"0":"post-21841","1":"product","2":"type-product","3":"status-publish","4":"has-post-thumbnail","6":"product_cat-philips-espresso-machines","8":"first","9":"instock","10":"shipping-taxable","11":"purchasable","12":"product-type-simple","13":"col-xs-6 col-sm-4","14":"col-md-3 col-lg-3","15":"un-4-cols"},"jetpack_sharing_enabled":true,"_links":{"self":[{"href":"https:\/\/bestathomeespressomachine.com\/fr\/wp-json\/wp\/v2\/product\/21841","targetHints":{"allow":["GET"]}}],"collection":[{"href":"https:\/\/bestathomeespressomachine.com\/fr\/wp-json\/wp\/v2\/product"}],"about":[{"href":"https:\/\/bestathomeespressomachine.com\/fr\/wp-json\/wp\/v2\/types\/product"}],"replies":[{"embeddable":true,"href":"https:\/\/bestathomeespressomachine.com\/fr\/wp-json\/wp\/v2\/comments?post=21841"}],"version-history":[{"count":4,"href":"https:\/\/bestathomeespressomachine.com\/fr\/wp-json\/wp\/v2\/product\/21841\/revisions"}],"predecessor-version":[{"id":22311,"href":"https:\/\/bestathomeespressomachine.com\/fr\/wp-json\/wp\/v2\/product\/21841\/revisions\/22311"}],"wp:featuredmedia":[{"embeddable":true,"href":"https:\/\/bestathomeespressomachine.com\/fr\/wp-json\/wp\/v2\/media\/21843"}],"wp:attachment":[{"href":"https:\/\/bestathomeespressomachine.com\/fr\/wp-json\/wp\/v2\/media?parent=21841"}],"wp:term":[{"taxonomy":"product_cat","embeddable":true,"href":"https:\/\/bestathomeespressomachine.com\/fr\/wp-json\/wp\/v2\/product_cat?post=21841"},{"taxonomy":"product_tag","embeddable":true,"href":"https:\/\/bestathomeespressomachine.com\/fr\/wp-json\/wp\/v2\/product_tag?post=21841"}],"curies":[{"name":"wp","href":"https:\/\/api.w.org\/{rel}","templated":true}]}}