{"id":13,"date":"2024-12-31T04:42:21","date_gmt":"2024-12-31T04:42:21","guid":{"rendered":"https:\/\/bestathomeespressomachine.com\/?page_id=13"},"modified":"2025-04-16T21:55:34","modified_gmt":"2025-04-16T21:55:34","slug":"refund_returns","status":"publish","type":"page","link":"https:\/\/bestathomeespressomachine.com\/nl\/refund_returns\/","title":{"rendered":"Restitutie- en retourbeleid"},"content":{"rendered":"<p><strong>Klimatyzatory DeLonghi i urz\u0105dzenia inne ni\u017c do kawy nie podlegaj\u0105 tej polityce<\/strong><\/p>\n\n\n\n<p>Bij <strong>EspressoMachine.com<\/strong>Stan przedmiotu <strong>Klimatyzatory DeLonghi i urz\u0105dzenia inne ni\u017c do kawy nie podlegaj\u0105 tej polityce<\/strong> Op\u0142ata <strong>Maszyny DeLonghi (w ci\u0105gu 30 dni)<\/strong> Wi\u0119kszo\u015b\u0107 maszyn\/urz\u0105dze\u0144<\/p>\n\n\n\n<hr class=\"wp-block-separator has-alpha-channel-opacity\"\/>\n\n\n\n<h3 class=\"wp-block-heading\">\ud83d\udd11 <strong>Brak oryginalnego opakowania<\/strong><\/h3>\n\n\n\n<ul class=\"wp-block-list\">\n<li><strong>Poni\u017cej 100 USD lub z uszkodzeniami kosmetycznymi<\/strong> Sprz\u0119t komercyjny lub o du\u017cych gabarytach (np. Jura GIGA, Saeco Commercial, DeLonghi, urz\u0105dzenia nie przeznaczone do kawy) <strong>Op\u0142aty za uzupe\u0142nienie zapas\u00f3w nie obowi\u0105zuj\u0105 w przypadku artyku\u0142\u00f3w nieotwartych, wadliwych lub uszkodzonych w transporcie.<\/strong> 15 stycznia<\/li>\n\n\n\n<li><strong>Jak zainicjowa\u0107 zwrot<\/strong> Skontaktuj si\u0119 z nami: <strong>Skontaktuj si\u0119 z nami<\/strong> Zesp\u00f3\u0142 obs\u0142ugi klienta<\/li>\n\n\n\n<li><strong>podaj\u0105c numer zam\u00f3wienia i kr\u00f3tki opis problemu.<\/strong> Skontaktuj si\u0119 z obs\u0142ug\u0105 klienta tutaj <strong>Koszty wysy\u0142ki zwrotnej:<\/strong> Mo\u017cliwo\u015b\u0107 zwrotu osobistego za darmo <strong>Lub u\u017cyj<\/strong>.<\/li>\n\n\n\n<li><strong>przedp\u0142acona etykieta zwrotna<\/strong> (koszty przesy\u0142ki zwrotnej zostan\u0105 odj\u0119te od kwoty zwrotu, chyba \u017ce towar jest wadliwy\/uszkodzony) <strong>Koszty wysy\u0142ki zwrotnej:<\/strong>.<\/li>\n<\/ul>\n\n\n\n<hr class=\"wp-block-separator has-alpha-channel-opacity\"\/>\n\n\n\n<h2 class=\"wp-block-heading\"><strong>Kontrola i przetwarzanie:<\/strong><\/h2>\n\n\n\n<h3 class=\"wp-block-heading\">\u2705 <strong>Wszystkie zwroty s\u0105 sprawdzane przed zatwierdzeniem zwrotu. Zastrzegamy sobie prawo do naliczenia op\u0142at za ponowne wprowadzenie do magazynu lub odmowy pe\u0142nego zwrotu pieni\u0119dzy za u\u017cywane, otwarte lub niekompletne przedmioty.<\/strong><\/h3>\n\n\n\n<ul class=\"wp-block-list\">\n<li><strong>Potrzebujesz pomocy?<\/strong> Masz pytania lub potrzebujesz pomocy? Nasz przyjazny zesp\u00f3\u0142 obs\u0142ugi klienta jest tutaj, aby pom\u00f3c.<\/li>\n\n\n\n<li><strong>\ud83d\udce7<\/strong> E-mail: <strong>wsparcie@espressomachine.com<\/strong> \ud83d\udd52<\/li>\n\n\n\n<li><strong>Godziny otwarcia:<\/strong> Poniedzia\u0142ek-sobota 10:00-17:00 EST (czas wschodnioameryka\u0144ski)<\/li>\n<\/ul>\n\n\n\n<hr class=\"wp-block-separator has-alpha-channel-opacity\"\/>\n\n\n\n<h3 class=\"wp-block-heading\">\ud83d\udce6 <strong>Staat van geretourneerde producten<\/strong><\/h3>\n\n\n\n<ul class=\"wp-block-list\">\n<li>Artikelen moeten zijn <strong>ongebruikt, ongeopend<\/strong>en omvatten <strong>alle originele verpakking en accessoires<\/strong>.<\/li>\n\n\n\n<li><strong>Herstockagekosten<\/strong> kunnen van toepassing zijn indien het artikel geopend is of indien onderdelen ontbreken (zie \u201cHeropvulkosten\u201d hieronder).<\/li>\n<\/ul>\n\n\n\n<hr class=\"wp-block-separator has-alpha-channel-opacity\"\/>\n\n\n\n<h3 class=\"wp-block-heading\">\ud83e\uddfe <strong>Aankoopbewijs<\/strong><\/h3>\n\n\n\n<ul class=\"wp-block-list\">\n<li>Aankoopbewijs is vereist. Wij accepteren:\n<ul class=\"wp-block-list\">\n<li>Uw bestelnummer<\/li>\n\n\n\n<li>Gekoppeld e-mailadres<\/li>\n\n\n\n<li>Aanvullende informatie indien nodig<\/li>\n<\/ul>\n<\/li>\n<\/ul>\n\n\n\n<hr class=\"wp-block-separator has-alpha-channel-opacity\"\/>\n\n\n\n<h3 class=\"wp-block-heading\">\ud83d\udeab <strong>Niet-retourneerbare artikelen<\/strong><\/h3>\n\n\n\n<ul class=\"wp-block-list\">\n<li>Open-box producten<\/li>\n\n\n\n<li>Vervangende onderdelen voor service of reparatie<\/li>\n\n\n\n<li>Items gemarkeerd als <strong>Eindverkoop<\/strong><\/li>\n<\/ul>\n\n\n\n<hr class=\"wp-block-separator has-alpha-channel-opacity\"\/>\n\n\n\n<h3 class=\"wp-block-heading\">\ud83d\udd27 <strong>Beschadigde of defecte artikelen<\/strong><\/h3>\n\n\n\n<ul class=\"wp-block-list\">\n<li>Neem contact met ons op <strong>binnen 14 dagen<\/strong> van levering voor beschadigde\/defecte artikelen.<\/li>\n\n\n\n<li>Ons team kan u helpen met: <strong>probleemoplossing<\/strong> om het probleem te bepalen.<\/li>\n\n\n\n<li>Na 14 dagen zijn de artikelen onderworpen aan het standaard retour- of fabrieksgarantiebeleid.<\/li>\n<\/ul>\n\n\n\n<hr class=\"wp-block-separator has-alpha-channel-opacity\"\/>\n\n\n\n<h2 class=\"wp-block-heading\"><strong>Retourbeleid voor DeLonghi-koffiemachines<\/strong><\/h2>\n\n\n\n<ul class=\"wp-block-list\">\n<li><strong>Eerste 30 dagen:<\/strong>\n<ul class=\"wp-block-list\">\n<li><strong>Geen herstockagekosten<\/strong><\/li>\n\n\n\n<li>Zelfs gebruikte DeLonghi-apparaten kunnen worden geretourneerd, zonder vragen te stellen<\/li>\n<\/ul>\n<\/li>\n\n\n\n<li><strong>Na 30 dagen:<\/strong>\n<ul class=\"wp-block-list\">\n<li>DeLonghi-machines volgen ons standaard retourbeleid<\/li>\n\n\n\n<li><strong>Opmerking:<\/strong> Airconditioners en niet-koffieapparaten van DeLonghi komen niet in aanmerking voor dit beleid<\/li>\n<\/ul>\n<\/li>\n<\/ul>\n\n\n\n<hr class=\"wp-block-separator has-alpha-channel-opacity\"\/>\n\n\n\n<h2 class=\"wp-block-heading\"><strong>Herstockagekosten<\/strong><\/h2>\n\n\n\n<figure class=\"wp-block-table\"><table class=\"has-fixed-layout\"><thead><tr><th>Artikelconditie<\/th><th>Tarief<\/th><\/tr><\/thead><tbody><tr><td><strong>DeLonghi-machines (binnen 30 dagen)<\/strong><\/td><td><strong>0%<\/strong><\/td><\/tr><tr><td>De meeste machines\/apparaten<\/td><td>18%<\/td><\/tr><tr><td>Originele verpakking ontbreekt<\/td><td>25%<\/td><\/tr><tr><td>Minder dan $ 100 of met cosmetische schade<\/td><td>30%<\/td><\/tr><tr><td>Commerci\u00eble of grote apparaten (bijvoorbeeld Jura GIGA, Saeco Commercial, DeLonghi niet-koffie apparaten)<\/td><td>35%<\/td><\/tr><\/tbody><\/table><\/figure>\n\n\n\n<blockquote class=\"wp-block-quote is-layout-flow wp-block-quote-is-layout-flow\">\n<p><strong>Er worden geen heropvulkosten in rekening gebracht voor ongeopende, defecte of tijdens het transport beschadigde artikelen.<\/strong><\/p>\n<\/blockquote>\n\n\n\n<hr class=\"wp-block-separator has-alpha-channel-opacity\"\/>\n\n\n\n<h2 class=\"wp-block-heading\"><strong>Hoe u een retourzending kunt starten<\/strong><\/h2>\n\n\n\n<ol class=\"wp-block-list\">\n<li><strong>Neem contact met ons op:<\/strong><br>Neem contact op met onze <strong>Klantenserviceteam<\/strong> met uw bestelnummer en een korte beschrijving van het probleem.<br>\ud83d\udc49 <a href=\"https:\/\/bestathomeespressomachine.com\/nl\/contact\/\">Neem hier contact op met de klantenservice<\/a><\/li>\n\n\n\n<li><strong>Retourzending:<\/strong>\n<ul class=\"wp-block-list\">\n<li>Gratis persoonlijk retourneren<\/li>\n\n\n\n<li>Of gebruik een <strong>vooraf betaald retourlabel<\/strong> (de retourverzendkosten worden van de terugbetaling afgetrokken, tenzij het product defect\/beschadigd is)<\/li>\n<\/ul>\n<\/li>\n\n\n\n<li><strong>Inspectie en verwerking:<\/strong><br>Alle retourzendingen worden gecontroleerd voordat de terugbetaling wordt goedgekeurd. We behouden ons het recht voor om herinvoerkosten in rekening te brengen of volledige terugbetalingen te weigeren voor gebruikte, geopende of onvolledige artikelen.<\/li>\n<\/ol>\n\n\n\n<hr class=\"wp-block-separator has-alpha-channel-opacity\"\/>\n\n\n\n<h2 class=\"wp-block-heading\"><strong>Hulp nodig?<\/strong><\/h2>\n\n\n\n<p>Heeft u vragen of hulp nodig? Ons vriendelijke klantenserviceteam staat voor u klaar.<\/p>\n\n\n\n<p>\ud83d\udce7 <strong>E-mailadres:<\/strong> <a href=\"mailto:espressomachinesale@gmail.com\">support@espressomachine.com<\/a><br>\ud83d\udd52 <strong>Openingstijden:<\/strong> Maandag-zaterdag 10:00-17:00 uur EST (Eastern Standard Time)<\/p>\n\n\n\n<p><\/p>","protected":false},"excerpt":{"rendered":"<p>30-Day Return &amp; Exchange Policy At EspressoMachine.com, your satisfaction is our top priority. If you&#8217;re not fully satisfied with your purchase, our 30-Day Return &amp; Exchange Policy allows you to return most items for a full refund or exchange within 30 days of the purchase date. \ud83d\udd11 Key Highlights Terms &amp; Conditions \u2705 Eligibility \ud83d\udce6&hellip;<\/p>","protected":false},"author":1,"featured_media":0,"parent":0,"menu_order":0,"comment_status":"closed","ping_status":"closed","template":"","meta":{"footnotes":""},"class_list":["post-13","page","type-page","status-publish","hentry"],"jetpack_sharing_enabled":true,"_links":{"self":[{"href":"https:\/\/bestathomeespressomachine.com\/nl\/wp-json\/wp\/v2\/pages\/13","targetHints":{"allow":["GET"]}}],"collection":[{"href":"https:\/\/bestathomeespressomachine.com\/nl\/wp-json\/wp\/v2\/pages"}],"about":[{"href":"https:\/\/bestathomeespressomachine.com\/nl\/wp-json\/wp\/v2\/types\/page"}],"author":[{"embeddable":true,"href":"https:\/\/bestathomeespressomachine.com\/nl\/wp-json\/wp\/v2\/users\/1"}],"replies":[{"embeddable":true,"href":"https:\/\/bestathomeespressomachine.com\/nl\/wp-json\/wp\/v2\/comments?post=13"}],"version-history":[{"count":3,"href":"https:\/\/bestathomeespressomachine.com\/nl\/wp-json\/wp\/v2\/pages\/13\/revisions"}],"predecessor-version":[{"id":22090,"href":"https:\/\/bestathomeespressomachine.com\/nl\/wp-json\/wp\/v2\/pages\/13\/revisions\/22090"}],"wp:attachment":[{"href":"https:\/\/bestathomeespressomachine.com\/nl\/wp-json\/wp\/v2\/media?parent=13"}],"curies":[{"name":"wp","href":"https:\/\/api.w.org\/{rel}","templated":true}]}}