{"id":20890,"date":"2024-12-29T18:32:27","date_gmt":"2024-12-29T18:32:27","guid":{"rendered":"https:\/\/bestathomeespressomachine.com\/?post_type=product&#038;p=20890"},"modified":"2025-04-29T09:23:38","modified_gmt":"2025-04-29T09:23:38","slug":"buy-jura-we6-automatic-coffee-machine-online","status":"publish","type":"product","link":"https:\/\/bestathomeespressomachine.com\/nl\/product\/buy-jura-we6-automatic-coffee-machine-online\/","title":{"rendered":"JURA WE6 Silver PackPro 2 jaar garantie"},"content":{"rendered":"<section class=\"section is-heading\">\n<div class=\"section_content\">\n<div class=\"section_text\">\n<h2 class=\"\" data-start=\"0\" data-end=\"77\">Koop JURA WE6 online \u2013 De ultieme koffie-oplossing voor professionele ruimtes<\/h2>\n<p class=\"\" data-start=\"79\" data-end=\"629\">Ontdek waar u de kunt kopen <strong data-start=\"92\" data-end=\"135\">JURA WE6 Zwart Automatische Koffiemachine online<\/strong>, een state-of-the-art oplossing, ontworpen om te voldoen aan de behoeften van drukke, professionele ruimtes. Of u nu uw kantoor, pauzeruimte of commerci\u00eble ruimte wilt upgraden, de JURA WE6 is ontworpen om uitzonderlijke koffie-ervaringen te bieden met het gemak van \u00e9\u00e9n druk op de knop. Ontworpen om 20 tot 40 kopjes koffie per dag te zetten, zorgt deze compacte en betrouwbare koffiemachine ervoor dat medewerkers, cli\u00ebnten en klanten genieten van hoogwaardige, klassieke koffiedranken zoals espresso, ristretto, lungo en thee.<\/p>\n<h2 class=\"\" data-start=\"631\" data-end=\"658\">Waarom kiezen voor de JURA WE6?<\/h2>\n<h3 class=\"\" data-start=\"660\" data-end=\"704\">Op maat gemaakt voor professionele omgevingen<\/h3>\n<p class=\"\" data-start=\"705\" data-end=\"1083\">De <strong data-start=\"709\" data-end=\"721\">JURA WE6<\/strong> is ontworpen om te voldoen aan de eisen van kleine tot middelgrote ruimtes. Hij is perfect voor kantoren, werkplaatsen, pauzeruimtes en commerci\u00eble ruimtes die een hoogwaardige koffieoplossing nodig hebben, maar geen enorme industri\u00eble machine nodig hebben. Met zijn intu\u00eftieve interface en gebruiksvriendelijke functies biedt dit koffiezetapparaat een ontspannende en plezierige koffiepauze-ervaring.<\/p>\n<h2 class=\"\" data-start=\"1085\" data-end=\"1147\">Belangrijkste kenmerken van de JURA WE6 Black Automatische Koffiemachine<\/h2>\n<h3 class=\"\" data-start=\"1149\" data-end=\"1190\">Veelzijdigheid met 8 verschillende drankjes<\/h3>\n<p class=\"\" data-start=\"1191\" data-end=\"1514\">De JURA WE6 biedt 8 verschillende dranken met \u00e9\u00e9n druk op de knop. Hieronder vallen de koffieklassiekers waar iedereen dol op is: espresso, ristretto, lungo, heet water voor thee en meer. Het intu\u00eftieve TFT-scherm maakt het heel eenvoudig om je gewenste drank te selecteren, of je nu \u00e9\u00e9n of twee espresso&#039;s tegelijk zet.<\/p>\n<h3 class=\"\" data-start=\"1516\" data-end=\"1549\">Aanpasbare drankinstellingen<\/h3>\n<p class=\"\" data-start=\"1550\" data-end=\"1835\">Elk kopje kan tot in de perfectie gepersonaliseerd worden. De machine biedt u de mogelijkheid om de intensiteit, de hoeveelheid, de temperatuur en andere instellingen aan te passen aan uw persoonlijke voorkeuren. Of u nu een mildere koffie wilt of een sterkere, rijkere espresso, de <strong data-start=\"1784\" data-end=\"1796\">JURA WE6<\/strong> geeft u volledige controle over uw brouwsel.<\/p>\n<h3 class=\"\" data-start=\"1837\" data-end=\"1878\">Geavanceerde Aroma Professionele Grinder<\/h3>\n<p class=\"\" data-start=\"1879\" data-end=\"2128\">Met de <strong data-start=\"1888\" data-end=\"1918\">Aroma Professionele Grinder<\/strong>De WE6 biedt superieure maalkwaliteit en levert 12,2% meer aroma dan conventionele koffiemolens. Dit zorgt voor een rijke en volle smaak in elk kopje, dankzij de optimale maling van uw koffiebonen.<\/p>\n<h3 class=\"\" data-start=\"2130\" data-end=\"2167\">Gepulst extractieproces (PEP)<\/h3>\n<p class=\"\" data-start=\"2168\" data-end=\"2445\">De JURA WE6 is voorzien van <strong data-start=\"2194\" data-end=\"2229\">PEP (Pulsed Extraction Process)<\/strong> Technologie, die het espresso-zetproces optimaliseert door water in snelle pulsen te injecteren. Deze precieze extractietechniek zorgt ervoor dat uw koffie elke keer de perfecte balans tussen smaak en aroma heeft.<\/p>\n<h3 class=\"\" data-start=\"2447\" data-end=\"2496\">Smart Connect voor professionele connectiviteit<\/h3>\n<p class=\"\" data-start=\"2497\" data-end=\"2966\">De JURA <strong data-start=\"2506\" data-end=\"2523\">Slimme verbinding<\/strong> (optioneel) voegt een nieuwe dimensie toe aan uw koffie-ervaring. Met deze functie kunt u het koffiezetapparaat op afstand bedienen via Bluetooth, waardoor het perfect is voor caf\u00e9s, kantoren of elke andere ruimte waar bediening op afstand waardevol is. Met het apparaat kunt u uw drankvoorkeuren direct vanaf uw smartphone of tablet aanpassen en opslaan. U kunt zelfs onderhoudsmeldingen en statistieken ontvangen, zodat u op de hoogte blijft van de prestaties van uw apparaat.<\/p>\n<h3 class=\"\" data-start=\"2968\" data-end=\"3019\">Eenvoudig onderhoud met T\u00dcV-gecertificeerde hygi\u00ebne<\/h3>\n<p class=\"\" data-start=\"3020\" data-end=\"3496\">JURA streeft naar gebruiksgemak en hygi\u00ebne. <strong data-start=\"3084\" data-end=\"3091\">WE6<\/strong> biedt eenvoudige en effici\u00ebnte reiniging met duidelijke instructies op het moderne scherm. Het is uitgerust met een <strong data-start=\"3206\" data-end=\"3243\">Claris Smart Pro filterpatroon<\/strong>, waardoor frequent ontkalken niet meer nodig is. Dit systeem, samen met andere onderhoudsfuncties, is ontworpen om uw apparaat jarenlang in topconditie te houden. T\u00dcV-gecertificeerde hygi\u00ebne garandeert dat elk kopje voldoet aan de hoogste reinheidsnormen.<\/p>\n<h3 class=\"\" data-start=\"3498\" data-end=\"3547\">Ontworpen voor aanpasbaarheid en maatwerk<\/h3>\n<p class=\"\" data-start=\"3548\" data-end=\"3893\">De <strong data-start=\"3552\" data-end=\"3564\">JURA WE6<\/strong> is ontworpen om naadloos te integreren in professionele ruimtes. De machine is compatibel met diverse elegante accessoires, waaronder compacte betaalautomaten (met of zonder muntinworp), kopjeswarmers en opbergmeubels. Deze flexibiliteit stelt u in staat een compleet, op maat gemaakt koffiestation te cre\u00ebren dat past bij uw zakelijke behoeften.<\/p>\n<h2 class=\"\" data-start=\"3895\" data-end=\"3944\">Waarom zou u de JURA WE6 kopen bij Espressomachinesale.com?<\/h2>\n<h3 class=\"\" data-start=\"3946\" data-end=\"3987\">Erkende dealer voor JURA-producten<\/h3>\n<p class=\"\" data-start=\"3988\" data-end=\"4121\">Wij zijn een geautoriseerde dealer van JURA koffiemachines. Hierdoor bent u verzekerd van een product van de hoogste kwaliteit, inclusief echte garantie.<\/p>\n<h3 class=\"\" data-start=\"4123\" data-end=\"4157\">Gratis verzending en eenvoudig retourneren<\/h3>\n<p class=\"\" data-start=\"4158\" data-end=\"4285\">Profiteer van gratis verzending op uw <strong data-start=\"4186\" data-end=\"4198\">JURA WE6<\/strong> koffiemachine. Wij bieden een probleemloos retourbeleid, zodat u met een gerust hart kunt winkelen.<\/p>\n<h3 class=\"\" data-start=\"4287\" data-end=\"4308\">2 jaar garantie<\/h3>\n<p class=\"\" data-start=\"4309\" data-end=\"4517\">De <strong data-start=\"4313\" data-end=\"4325\">JURA WE6<\/strong> Wordt geleverd met 2 jaar garantie, zodat uw investering beschermd is. Daarnaast kunt u indien nodig extra ondersteuning krijgen met professionele onderhoudsdiensten en verlengde garanties.<\/p>\n<h3 class=\"\" data-start=\"4519\" data-end=\"4546\">Gegarandeerd de beste prijs<\/h3>\n<p class=\"\" data-start=\"4547\" data-end=\"4738\">Wij bieden de beste prijs voor de <strong data-start=\"4579\" data-end=\"4591\">JURA WE6<\/strong> en garanderen dat u nergens anders een betere deal vindt. Onze prijsgarantie zorgt ervoor dat u altijd de beste prijs voor uw aankoop krijgt.<\/p>\n<h2 class=\"\" data-start=\"4740\" data-end=\"4791\">JURA WE6 Zwart \u2013 Ideaal voor middelgrote en kleine ruimtes<\/h2>\n<p class=\"\" data-start=\"4793\" data-end=\"5207\"><strong data-start=\"4797\" data-end=\"4809\">Het online kopen van de JURA WE6 automatische koffiemachine is<\/strong>\u00a0Perfect voor kantoren, werkplaatsen, pauzeruimtes en andere professionele omgevingen waar hoogwaardige koffie essentieel is. Ontworpen voor dagelijks gebruik, biedt het de perfecte balans tussen gemak, veelzijdigheid en uitzonderlijke koffiekwaliteit. Met een capaciteit van 20 tot 40 kopjes koffie per dag is het de perfecte oplossing voor bedrijven die betrouwbare, heerlijk smakende koffie nodig hebben zonder gedoe.<\/p>\n<h2 class=\"\" data-start=\"5209\" data-end=\"5227\">Specificaties:<\/h2>\n<ul data-start=\"5229\" data-end=\"5811\">\n<li class=\"\" data-start=\"5229\" data-end=\"5283\">\n<p class=\"\" data-start=\"5231\" data-end=\"5283\"><strong data-start=\"5231\" data-end=\"5247\">Machinetype<\/strong>: Volledig<a href=\"https:\/\/bestathomeespressomachine.com\/nl\/product\/philips-3200-series-classic-milk-frother-super-automatic-espresso-machine\/\"> Automatische espressomachine<\/a><\/p>\n<\/li>\n<li class=\"\" data-start=\"5284\" data-end=\"5387\">\n<p class=\"\" data-start=\"5286\" data-end=\"5387\"><strong data-start=\"5286\" data-end=\"5303\">Opcje napoj\u00f3w<\/strong>: 8 drankjes, waaronder espresso, long coffee, ristretto, heet water voor thee en meer<\/p>\n<\/li>\n<li class=\"\" data-start=\"5388\" data-end=\"5436\">\n<p class=\"\" data-start=\"5390\" data-end=\"5436\"><strong data-start=\"5390\" data-end=\"5406\">Slijpmachine type<\/strong>: Aroma Professionele Grinder<\/p>\n<\/li>\n<li class=\"\" data-start=\"5437\" data-end=\"5488\">\n<p class=\"\" data-start=\"5439\" data-end=\"5488\"><strong data-start=\"5439\" data-end=\"5453\">Technologie<\/strong>: Gepulst extractieproces (PEP)<\/p>\n<\/li>\n<li class=\"\" data-start=\"5489\" data-end=\"5532\">\n<p class=\"\" data-start=\"5491\" data-end=\"5532\"><strong data-start=\"5491\" data-end=\"5507\">Waterfilter<\/strong>: JURA Claris Smart Pro<\/p>\n<\/li>\n<li class=\"\" data-start=\"5533\" data-end=\"5578\">\n<p class=\"\" data-start=\"5535\" data-end=\"5578\"><strong data-start=\"5535\" data-end=\"5547\">Capaciteit<\/strong>: Serveert tot 40 kopjes koffie\/dag<\/p>\n<\/li>\n<li class=\"\" data-start=\"5579\" data-end=\"5630\">\n<p class=\"\" data-start=\"5581\" data-end=\"5630\"><strong data-start=\"5581\" data-end=\"5598\">Slimme verbinding<\/strong>: Bluetooth-compatibel (optioneel)<\/p>\n<\/li>\n<li class=\"\" data-start=\"5631\" data-end=\"5710\">\n<p class=\"\" data-start=\"5633\" data-end=\"5710\"><strong data-start=\"5633\" data-end=\"5648\">Onderhoud<\/strong>: Eenvoudige reiniging en onderhoud met T\u00dcV-gecertificeerde hygi\u00ebne<\/p>\n<\/li>\n<li class=\"\" data-start=\"5711\" data-end=\"5785\">\n<p class=\"\" data-start=\"5713\" data-end=\"5785\"><strong data-start=\"5713\" data-end=\"5727\">Afmetingen<\/strong>: Compact en professioneel ontwerp, ideaal voor kleine ruimtes<\/p>\n<\/li>\n<li class=\"\" data-start=\"5786\" data-end=\"5811\">\n<p class=\"\" data-start=\"5788\" data-end=\"5811\"><strong data-start=\"5788\" data-end=\"5800\">Warranty<\/strong>: 2 jaar<\/p>\n<\/li>\n<\/ul>\n<h2 class=\"\" data-start=\"5813\" data-end=\"5841\">JURA WE6 Klantbeoordelingen<\/h2>\n<p class=\"\" data-start=\"5843\" data-end=\"6048\">\u2b50\ufe0f\u2b50\ufe0f\u2b50\ufe0f\u2b50\ufe0f\u2b50\ufe0f<br data-start=\"5853\" data-end=\"5856\" \/><em data-start=\"5856\" data-end=\"6035\">Perfect voor ons kantoor! We hebben hem de hele dag aanstaan \u200b\u200ben hij levert altijd heerlijke koffie. Het gebruiksvriendelijke scherm en de aanpassingsmogelijkheden maken hem perfect voor iedereen.<\/em><br data-start=\"6035\" data-end=\"6038\" \/>\u2014 Emily T.<\/p>\n<p class=\"\" data-start=\"6050\" data-end=\"6239\">\u2b50\ufe0f\u2b50\ufe0f\u2b50\ufe0f\u2b50\ufe0f\u2b50\ufe0f<br data-start=\"6060\" data-end=\"6063\" \/><em data-start=\"6063\" data-end=\"6227\">We hebben onze pauzeruimte ge\u00fcpgraded met de JURA WE6, en iedereen is er dol op. Hij is snel, betrouwbaar en zet elke keer weer uitstekende espresso. Ook het onderhoud is een fluitje van een cent!<\/em><br data-start=\"6227\" data-end=\"6230\" \/>\u2014John D.<\/p>\n<h2 class=\"\" data-start=\"6241\" data-end=\"6248\">Veelgestelde vragen<\/h2>\n<h3 class=\"\" data-start=\"6250\" data-end=\"6302\">Welke soorten dranken kan de JURA WE6 bereiden?<\/h3>\n<p class=\"\" data-start=\"6303\" data-end=\"6531\">De <strong data-start=\"6307\" data-end=\"6319\">JURA WE6<\/strong> is ontworpen om een \u200b\u200bbreed scala aan dranken te bereiden, waaronder espresso, ristretto, lungo, heet water voor thee en meer. Je kunt de instellingen eenvoudig aanpassen om twee espresso&#039;s of twee lungo&#039;s tegelijk te zetten.<\/p>\n<h3 class=\"\" data-start=\"6533\" data-end=\"6588\">Hoeveel kopjes koffie kan de JURA WE6 per dag verwerken?<\/h3>\n<p class=\"\" data-start=\"6589\" data-end=\"6709\">De <strong data-start=\"6593\" data-end=\"6605\">JURA WE6<\/strong> is perfect voor middelgrote tot kleine kantoren, werkplaatsen en pauzeruimtes en biedt plaats aan maximaal <strong data-start=\"6688\" data-end=\"6708\">40 kopjes koffie per dag<\/strong>.<\/p>\n<h3 class=\"\" data-start=\"6711\" data-end=\"6764\">Heeft de JURA WE6 een Smart Connect-functie?<\/h3>\n<p class=\"\" data-start=\"6765\" data-end=\"6973\">Ja, de <strong data-start=\"6774\" data-end=\"6786\">JURA WE6<\/strong> biedt een optionele <strong data-start=\"6806\" data-end=\"6823\">Slimme verbinding<\/strong> Functie waarmee u uw koffiezetapparaat op afstand via Bluetooth kunt bedienen. U kunt uw drankvoorkeuren aanpassen en onderhoudsmeldingen ontvangen.<\/p>\n<h3 class=\"\" data-start=\"6975\" data-end=\"7036\">Hoe vaak moet ik de JURA WE6 schoonmaken en onderhouden?<\/h3>\n<p class=\"\" data-start=\"7037\" data-end=\"7284\">De <strong data-start=\"7041\" data-end=\"7053\">JURA WE6<\/strong> biedt eenvoudig en overzichtelijk onderhoud. Onderhoudstaken, zoals spoelen, reinigen en ontkalken, worden op het scherm weergegeven. <strong data-start=\"7197\" data-end=\"7224\">Claris Smart Pro-filter<\/strong>ontkalken is niet nodig, wat het onderhoud nog eenvoudiger maakt.<\/p>\n<h3 class=\"\" data-start=\"7286\" data-end=\"7335\">Is de JURA WE6 geschikt voor kleine kantoren?<\/h3>\n<p class=\"\" data-start=\"7336\" data-end=\"7509\">Ja, de <strong data-start=\"7345\" data-end=\"7357\">JURA WE6<\/strong> is ideaal voor kleine tot middelgrote kantoren of professionele omgevingen en is geschikt voor maximaal <strong data-start=\"7445\" data-end=\"7467\">40 kopjes koffie per dag<\/strong> en het leveren van koffie van hoge kwaliteit.<\/p>\n<h2 class=\"\" data-start=\"7511\" data-end=\"7542\">Waar u de JURA WE6 online kunt kopen<\/h2>\n<p class=\"\" data-start=\"7544\" data-end=\"7681\">De <strong data-start=\"7548\" data-end=\"7591\">JURA WE6 Zwart Automatische Koffiemachine<\/strong> is te koop bij <strong data-start=\"7621\" data-end=\"7648\">Espressomachinesale.com<\/strong>Koop nu en profiteer van:<\/p>\n<ul data-start=\"7683\" data-end=\"7786\">\n<li class=\"\" data-start=\"7683\" data-end=\"7704\">\n<p class=\"\" data-start=\"7685\" data-end=\"7704\"><strong data-start=\"7685\" data-end=\"7702\">Gratis verzending<\/strong><\/p>\n<\/li>\n<li class=\"\" data-start=\"7705\" data-end=\"7734\">\n<p class=\"\" data-start=\"7707\" data-end=\"7734\"><strong data-start=\"7707\" data-end=\"7732\">Prijsgarantie<\/strong><\/p>\n<\/li>\n<li class=\"\" data-start=\"7735\" data-end=\"7758\">\n<p class=\"\" data-start=\"7737\" data-end=\"7758\"><strong data-start=\"7737\" data-end=\"7756\">2 jaar garantie<\/strong><\/p>\n<\/li>\n<li class=\"\" data-start=\"7759\" data-end=\"7786\">\n<p class=\"\" data-start=\"7761\" data-end=\"7786\"><strong data-start=\"7761\" data-end=\"7784\">Probleemloos retourneren<\/strong><\/p>\n<\/li>\n<\/ul>\n<p class=\"\" data-start=\"7788\" data-end=\"7884\"><strong data-start=\"7788\" data-end=\"7822\">Koop uw JURA WE6 <a href=\"https:\/\/bestathomeespressomachine.com\/nl\/product\/buy-philips-1200-series-classic-milk-frother-super-automatic-espresso\/\">online<\/a> Vandaag<\/strong> en verhoog de koffie-ervaring in uw professionele ruimte!<\/p>\n<\/div>\n<\/div>\n<\/section>","protected":false},"excerpt":{"rendered":"<div class=\"produit-arguments\">\n<ul>\n<li>Ideaal voor kleine en middelgrote\u00a0<strong>Pro-ruimte<\/strong><\/li>\n<li><strong>Aangesloten koffiezetapparaat<\/strong><\/li>\n<li><strong>Vereenvoudigd onderhoud<\/strong><\/li>\n<li>Heetwaterfunctie (thee, kruidenthee, etc.)<\/li>\n<li>Grote containers =\u00a0<strong>Grote autonomie<\/strong><\/li>\n<\/ul>\n<\/div>\n<div class=\"produit-commerce\">\n<div class=\"element-commerce\"><img decoding=\"async\" src=\"https:\/\/www.maxicoffee.com\/fstrz\/r\/s\/www.maxicoffee.com\/noindex\/generatorSvg\/40_cafes_par_jour_fr.svg?frz-v=165\" alt=\"\" \/><\/div>\n<div class=\"element-commerce\"><img decoding=\"async\" src=\"https:\/\/www.maxicoffee.com\/fstrz\/r\/s\/www.maxicoffee.com\/noindex\/generatorSvg\/cafe_fr.svg?frz-v=165\" alt=\"\" \/><\/div>\n<div class=\"element-commerce\"><img decoding=\"async\" src=\"https:\/\/www.maxicoffee.com\/fstrz\/r\/s\/www.maxicoffee.com\/noindex\/generatorSvg\/eau_chaude_fr.svg?frz-v=165\" alt=\"\" \/><\/div>\n<div class=\"element-commerce\"><img decoding=\"async\" src=\"https:\/\/www.maxicoffee.com\/fstrz\/r\/s\/www.maxicoffee.com\/noindex\/generatorSvg\/003d44\/machine_connectee_fr.svg?frz-v=165\" alt=\"\" \/><\/div>\n<\/div>","protected":false},"featured_media":20963,"comment_status":"open","ping_status":"closed","template":"","meta":[],"product_cat":[51],"product_tag":[],"class_list":{"0":"post-20890","1":"product","2":"type-product","3":"status-publish","4":"has-post-thumbnail","6":"product_cat-jura-espresso-machine","8":"first","9":"instock","10":"shipping-taxable","11":"purchasable","12":"product-type-simple","13":"col-xs-6 col-sm-4","14":"col-md-3 col-lg-3","15":"un-4-cols"},"jetpack_sharing_enabled":true,"_links":{"self":[{"href":"https:\/\/bestathomeespressomachine.com\/nl\/wp-json\/wp\/v2\/product\/20890","targetHints":{"allow":["GET"]}}],"collection":[{"href":"https:\/\/bestathomeespressomachine.com\/nl\/wp-json\/wp\/v2\/product"}],"about":[{"href":"https:\/\/bestathomeespressomachine.com\/nl\/wp-json\/wp\/v2\/types\/product"}],"replies":[{"embeddable":true,"href":"https:\/\/bestathomeespressomachine.com\/nl\/wp-json\/wp\/v2\/comments?post=20890"}],"version-history":[{"count":3,"href":"https:\/\/bestathomeespressomachine.com\/nl\/wp-json\/wp\/v2\/product\/20890\/revisions"}],"predecessor-version":[{"id":22386,"href":"https:\/\/bestathomeespressomachine.com\/nl\/wp-json\/wp\/v2\/product\/20890\/revisions\/22386"}],"wp:featuredmedia":[{"embeddable":true,"href":"https:\/\/bestathomeespressomachine.com\/nl\/wp-json\/wp\/v2\/media\/20963"}],"wp:attachment":[{"href":"https:\/\/bestathomeespressomachine.com\/nl\/wp-json\/wp\/v2\/media?parent=20890"}],"wp:term":[{"taxonomy":"product_cat","embeddable":true,"href":"https:\/\/bestathomeespressomachine.com\/nl\/wp-json\/wp\/v2\/product_cat?post=20890"},{"taxonomy":"product_tag","embeddable":true,"href":"https:\/\/bestathomeespressomachine.com\/nl\/wp-json\/wp\/v2\/product_tag?post=20890"}],"curies":[{"name":"wp","href":"https:\/\/api.w.org\/{rel}","templated":true}]}}