{"id":20896,"date":"2024-12-29T18:32:27","date_gmt":"2024-12-29T18:32:27","guid":{"rendered":"https:\/\/bestathomeespressomachine.com\/?post_type=product&#038;p=20896"},"modified":"2025-07-03T14:15:42","modified_gmt":"2025-07-03T14:15:42","slug":"delonghi-primadonna-soul-automatic-coffee-machine","status":"publish","type":"product","link":"https:\/\/bestathomeespressomachine.com\/nl\/product\/delonghi-primadonna-soul-automatic-coffee-machine\/","title":{"rendered":"DELONGHI Primadonna Soul ECAM 610.74.MB Mok To Go Zen Pack 5 jaar garantie"},"content":{"rendered":"<section class=\"section is-heading\">\n<div class=\"section_content\">\n<div class=\"section_text\">\n<h2 class=\"\" data-start=\"130\" data-end=\"203\"><strong data-start=\"133\" data-end=\"201\">DeLonghi PrimaDonna Soul Automatische Koffiemachine ECAM 610.74.MB<\/strong><\/h2>\n<p class=\"\" data-start=\"254\" data-end=\"719\">Zin in een kopje koffie in caf\u00e9stijl met \u00e9\u00e9n druk op de knop? <strong data-start=\"306\" data-end=\"359\">DeLonghi PrimaDonna Soul Automatische Koffiemachine<\/strong> is jouw perfecte match. Deze geavanceerde espressomachine met bonen-tot-kopje zet <strong data-start=\"436\" data-end=\"463\">expertise op barista-niveau<\/strong> rechtstreeks in uw keuken \u2013 de maalgraad, dosering en zetinstellingen worden automatisch aangepast aan uw specifieke koffiebonen. Met <strong data-start=\"587\" data-end=\"612\">Bean Adapt-technologie<\/strong>, slimme connectiviteit en een <strong data-start=\"640\" data-end=\"666\">groot 4,3\u2033 touchscreen<\/strong>, dit is <strong data-start=\"676\" data-end=\"718\">de meest geavanceerde DeLonghi-machine tot nu toe<\/strong>.<\/p>\n<p class=\"\" data-start=\"721\" data-end=\"914\">Nu verkrijgbaar met een gratis <strong data-start=\"747\" data-end=\"760\">Mok om mee te nemen<\/strong>, <strong data-start=\"762\" data-end=\"781\">5 jaar garantie<\/strong>, En <a href=\"https:\/\/bestathomeespressomachine.com\/nl\/product\/jura-e8-piano-white-for-sale-online\/\"><strong data-start=\"787\" data-end=\"804\">gratis bezorging<\/strong><\/a> bij aankoop bij DK Distribution (inclusief een verlenging van 2 jaar bovenop de oorspronkelijke DeLonghi-garantie van 3 jaar).<\/p>\n<hr class=\"\" data-start=\"916\" data-end=\"919\" \/>\n<h2 data-start=\"921\" data-end=\"990\">\u2705 <strong data-start=\"927\" data-end=\"990\">Belangrijkste kenmerken van de DeLonghi PrimaDonna Soul ECAM 610.74.MB<\/strong><\/h2>\n<ul data-start=\"992\" data-end=\"1868\">\n<li class=\"\" data-start=\"992\" data-end=\"1129\">\n<p class=\"\" data-start=\"994\" data-end=\"1129\"><strong data-start=\"994\" data-end=\"1020\">Bean Adapt-technologie:<\/strong> Stemt de maal- en extractie automatisch nauwkeurig af voor een optimale smaak, op basis van het exacte type boon en de branding.<\/p>\n<\/li>\n<li class=\"\" data-start=\"1130\" data-end=\"1262\">\n<p class=\"\" data-start=\"1132\" data-end=\"1262\"><strong data-start=\"1132\" data-end=\"1170\">Coffee Link-app (met wifi-verbinding):<\/strong> Personaliseer uw drankje op afstand, sla uw favoriete recepten op en krijg toegang tot onderhoudsmeldingen.<\/p>\n<\/li>\n<li class=\"\" data-start=\"1263\" data-end=\"1402\">\n<p class=\"\" data-start=\"1265\" data-end=\"1402\"><strong data-start=\"1265\" data-end=\"1289\">21 One-Touch-drankjes:<\/strong> Inclusief espresso, cappuccino, latte macchiato, cortado, long black, over ice en meer, zelfs een &#034;mok om mee te nemen&#034;-modus.<\/p>\n<\/li>\n<li class=\"\" data-start=\"1403\" data-end=\"1511\">\n<p class=\"\" data-start=\"1405\" data-end=\"1511\"><strong data-start=\"1405\" data-end=\"1432\">4,3 inch kleurentouchscreen:<\/strong> Strak, intu\u00eftief en eenvoudig te navigeren, met aanpasbare opties voor het startscherm.<\/p>\n<\/li>\n<li class=\"\" data-start=\"1512\" data-end=\"1643\">\n<p class=\"\" data-start=\"1514\" data-end=\"1643\"><strong data-start=\"1514\" data-end=\"1536\">LatteCrema-systeem:<\/strong> Dicht, romig en langdurig melkschuim op de perfecte temperatuur: ideaal voor zuivel- en plantaardige melk.<\/p>\n<\/li>\n<li class=\"\" data-start=\"1644\" data-end=\"1741\">\n<p class=\"\" data-start=\"1646\" data-end=\"1741\"><strong data-start=\"1646\" data-end=\"1664\">Gebruikersprofielen:<\/strong> Maak en bewaar maximaal 5 gepersonaliseerde drankprofielen voor het hele huishouden.<\/p>\n<\/li>\n<li class=\"\" data-start=\"1742\" data-end=\"1868\">\n<p class=\"\" data-start=\"1744\" data-end=\"1868\"><strong data-start=\"1744\" data-end=\"1777\">Slim schoonmaken en onderhouden:<\/strong> Uitneembare zetgroep, vaatwasserbestendige onderdelen en stapsgewijze reinigingsinstructies op het scherm.<\/p>\n<\/li>\n<\/ul>\n<\/div>\n<\/div>\n<\/section>\n<h3 class=\"\" data-start=\"1875\" data-end=\"1922\">\u2615 <strong data-start=\"1881\" data-end=\"1922\">Koffiezetten op barista-niveau moeiteloos gemaakt<\/strong><\/h3>\n<p class=\"\" data-start=\"1924\" data-end=\"2384\">Koop de DeLonghi PrimaDonna Soul Automatische Koffiemachine online. Met de <strong data-start=\"1933\" data-end=\"1961\">DeLonghi PrimaDonna Soul<\/strong>Het zetten van de perfecte kop koffie is net zo eenvoudig als het kiezen van je drankje en op start drukken. <strong data-start=\"2048\" data-end=\"2060\">espresso<\/strong> naar <strong data-start=\"2064\" data-end=\"2078\">plat wit<\/strong>, elke kop is zo gemaakt dat de volle smaak en het aroma van je favoriete bonen tot hun recht komen. Dankzij de innovatieve <strong data-start=\"2189\" data-end=\"2203\">Bean Adapt<\/strong> Dankzij deze functie herkent dit apparaat het specifieke type koffie dat u zet en past het automatisch de maalgraad, dosering en zettemperatuur aan voor een perfecte extractie, zonder dat u er ook maar iets voor hoeft te doen.<\/p>\n<p class=\"\" data-start=\"2386\" data-end=\"2544\">Of u nu gebruik maakt van <strong data-start=\"2407\" data-end=\"2440\">licht gebrande speciale bonen<\/strong> of een donkere branding, deze machine past zich aan <strong data-start=\"2487\" data-end=\"2523\">behoud de oorsprong en rijkdom<\/strong> van elk kopje.<\/p>\n<hr class=\"\" data-start=\"2546\" data-end=\"2549\" \/>\n<h3 data-start=\"2551\" data-end=\"2607\">\ud83e\udd5b <strong data-start=\"2558\" data-end=\"2607\">Meesterlijke melkdranken met het LatteCrema-systeem<\/strong><\/h3>\n<p class=\"\" data-start=\"2609\" data-end=\"2977\">Als je een liefhebber bent van melkkoffie, dan is de <strong data-start=\"2644\" data-end=\"2665\">LatteCrema-systeem<\/strong> is je nieuwe beste vriend. Deze gepatenteerde DeLonghi-technologie levert <strong data-start=\"2734\" data-end=\"2759\">schuim van barista-kwaliteit<\/strong> dat dicht, zijdezacht en consistent is \u2013 perfect voor cappuccino&#039;s, lattes en zelfs koud schuim. De meegeleverde <strong data-start=\"2862\" data-end=\"2885\">thermische melkkan<\/strong> houdt uw melk langer vers en dankzij de automatische spoelfunctie is schoonmaken een fluitje van een cent.<\/p>\n<p class=\"\" data-start=\"2979\" data-end=\"3118\">Want to take your latte on the go? The PrimaDonna Soul includes a <strong data-start=\"3045\" data-end=\"3066\">Mug To Go feature<\/strong> and even comes with a stylish insulated travel mug.<\/p>\n<div class=\"col-sm-12 col-xs-12\">\n<div class=\"col-sm-4 col-xs-12\"><img fetchpriority=\"high\" decoding=\"async\" class=\"img-responsive alignnone\" src=\"https:\/\/www.maxicoffee.com\/fstrz\/r\/s\/www.maxicoffee.com\/images\/delonghi\/design-moderne-primadonna-soul.jpg.pagespeed.ce.mo_Fe1odva.jpg?frz-v=165\" alt=\"DeLonghi PrimaDonna Soul Automatische Koffiemachine\" width=\"300\" height=\"266\" \/><\/div>\n<div class=\"col-sm-8 col-xs-12\">\n<h3 class=\"\" data-start=\"3125\" data-end=\"3171\">\ud83d\udcf1 <strong data-start=\"3132\" data-end=\"3171\">Smarter Coffee with Coffee Link App<\/strong><\/h3>\n<p class=\"\" data-start=\"3173\" data-end=\"3291\">Ten <strong data-start=\"3178\" data-end=\"3206\">connected coffee machine<\/strong> links to your smartphone or tablet via Wi-Fi. With the <strong data-start=\"3262\" data-end=\"3281\">Coffee Link app<\/strong>, you can:<\/p>\n<ul data-start=\"3292\" data-end=\"3429\">\n<li class=\"\" data-start=\"3292\" data-end=\"3316\">\n<p class=\"\" data-start=\"3294\" data-end=\"3316\">Start brewing remotely<\/p>\n<\/li>\n<li class=\"\" data-start=\"3317\" data-end=\"3343\">\n<p class=\"\" data-start=\"3319\" data-end=\"3343\">Customize drink settings<\/p>\n<\/li>\n<li class=\"\" data-start=\"3344\" data-end=\"3368\">\n<p class=\"\" data-start=\"3346\" data-end=\"3368\">Store your preferences<\/p>\n<\/li>\n<li class=\"\" data-start=\"3369\" data-end=\"3397\">\n<p class=\"\" data-start=\"3371\" data-end=\"3397\">Receive maintenance alerts<\/p>\n<\/li>\n<li class=\"\" data-start=\"3398\" data-end=\"3429\">\n<p class=\"\" data-start=\"3400\" data-end=\"3429\">Get expert tips and tutorials<\/p>\n<\/li>\n<\/ul>\n<p class=\"\" data-start=\"3431\" data-end=\"3550\">Control everything\u2014grind settings, temperature, milk volume, even taste strength\u2014without even getting up from the sofa.<\/p>\n<hr class=\"\" data-start=\"3552\" data-end=\"3555\" \/>\n<h3 class=\"\" data-start=\"3557\" data-end=\"3616\">\ud83d\udc68\u200d\ud83d\udc69\u200d\ud83d\udc67\u200d\ud83d\udc66 <strong data-start=\"3573\" data-end=\"3616\">Built for Families &amp; Coffee Enthusiasts<\/strong><\/h3>\n<p class=\"\" data-start=\"3618\" data-end=\"3931\">Met een <strong data-start=\"3625\" data-end=\"3648\">500g bean container<\/strong>, <strong data-start=\"3650\" data-end=\"3669\">2.2L water tank<\/strong>, En <strong data-start=\"3675\" data-end=\"3704\">14-cake grounds container<\/strong>, the DeLonghi PrimaDonna Soul handles high demand with ease\u2014perfect for large families or frequent coffee drinkers. Multiple users can save their own drink profiles, ensuring everyone\u2019s morning starts exactly how they like it. Buy DeLonghi PrimaDonna Soul Automatic Coffee Machine online<\/p>\n<p class=\"\" data-start=\"3933\" data-end=\"4024\">Plus, the <strong data-start=\"3943\" data-end=\"3983\">mirror-finish stainless steel design<\/strong> adds a touch of elegance to any kitchen.<\/p>\n<\/div>\n<\/div>\n<div class=\"col-sm-12 col-xs-12\">\n<div class=\"col-sm-4 col-xs-12\"><img decoding=\"async\" class=\"img-responsive alignnone\" src=\"https:\/\/www.maxicoffee.com\/fstrz\/r\/s\/www.maxicoffee.com\/images\/delonghi\/ecran-intuitif-primadonna-soul-delonghi.jpg.pagespeed.ce.pZb4PKjy30.jpg?frz-v=165\" alt=\"DeLonghi PrimaDonna Soul Automatische Koffiemachine\" width=\"300\" height=\"266\" \/><\/div>\n<div class=\"col-sm-8 col-xs-12\">\n<h3 class=\"\" data-start=\"4031\" data-end=\"4082\">\ud83e\uddfc <strong data-start=\"4038\" data-end=\"4082\">Easy Maintenance &amp; Long-Term Reliability<\/strong><\/h3>\n<p class=\"\" data-start=\"4084\" data-end=\"4115\">Maintenance is straightforward:<\/p>\n<ul data-start=\"4116\" data-end=\"4328\">\n<li class=\"\" data-start=\"4116\" data-end=\"4165\">\n<p class=\"\" data-start=\"4118\" data-end=\"4165\"><strong data-start=\"4118\" data-end=\"4165\">Automatic rinsing &amp; descaling notifications<\/strong><\/p>\n<\/li>\n<li class=\"\" data-start=\"4166\" data-end=\"4213\">\n<p class=\"\" data-start=\"4168\" data-end=\"4213\"><strong data-start=\"4168\" data-end=\"4194\">Removable brewing unit<\/strong> for weekly rinsing<\/p>\n<\/li>\n<li class=\"\" data-start=\"4214\" data-end=\"4256\">\n<p class=\"\" data-start=\"4216\" data-end=\"4256\"><strong data-start=\"4216\" data-end=\"4256\">Dishwasher-safe drip tray and carafe<\/strong><\/p>\n<\/li>\n<li class=\"\" data-start=\"4257\" data-end=\"4328\">\n<p class=\"\" data-start=\"4259\" data-end=\"4328\"><strong data-start=\"4259\" data-end=\"4289\">Water filter compatibility<\/strong> to reduce limescale and improve flavor<\/p>\n<\/li>\n<\/ul>\n<p class=\"\" data-start=\"4330\" data-end=\"4449\">Backed by a <strong data-start=\"4342\" data-end=\"4361\">5 jaar garantie<\/strong> when purchased through DK Distribution, your investment is protected for years to come.<\/p>\n<\/div>\n<\/div>\n<div class=\"col-sm-12 col-xs-12\">\n<div class=\"col-sm-4 col-xs-12\"><img decoding=\"async\" class=\"img-responsive\" src=\"https:\/\/www.maxicoffee.com\/fstrz\/r\/s\/www.maxicoffee.com\/images\/delonghi\/delonghi-primadonna-soul-610.74.mb.jpg.pagespeed.ce.Htfw-SZEGn.jpg?frz-v=165\" alt=\"DeLonghi Primadonna Soul ECAM 610.74.MB coffee bean maker mug\" width=\"300\" height=\"306\" \/><\/div>\n<div class=\"col-sm-8 col-xs-12\">\n<h2 data-start=\"4456\" data-end=\"4494\">\ud83d\udce6 <strong data-start=\"4463\" data-end=\"4494\">Included with Your Purchase<\/strong><\/h2>\n<ul data-start=\"4496\" data-end=\"4769\">\n<li class=\"\" data-start=\"4496\" data-end=\"4547\">\n<p class=\"\" data-start=\"4498\" data-end=\"4547\">DeLonghi PrimaDonna Soul ECAM 610.74.MB Machine<\/p>\n<\/li>\n<li class=\"\" data-start=\"4548\" data-end=\"4571\">\n<p class=\"\" data-start=\"4550\" data-end=\"4571\">Thermal Milk Carafe<\/p>\n<\/li>\n<li class=\"\" data-start=\"4572\" data-end=\"4608\">\n<p class=\"\" data-start=\"4574\" data-end=\"4608\">Mug To Go (insulated travel mug)<\/p>\n<\/li>\n<li class=\"\" data-start=\"4609\" data-end=\"4639\">\n<p class=\"\" data-start=\"4611\" data-end=\"4639\">Water Filter &amp; Starter Kit<\/p>\n<\/li>\n<li class=\"\" data-start=\"4640\" data-end=\"4667\">\n<p class=\"\" data-start=\"4642\" data-end=\"4667\">Full Instruction Manual<\/p>\n<\/li>\n<li class=\"\" data-start=\"4668\" data-end=\"4702\">\n<p class=\"\" data-start=\"4670\" data-end=\"4702\">FREE Delivery (via Chronopost)<\/p>\n<\/li>\n<li class=\"\" data-start=\"4703\" data-end=\"4769\">\n<p class=\"\" data-start=\"4705\" data-end=\"4769\"><strong data-start=\"4705\" data-end=\"4724\">5 jaar garantie<\/strong> (3 years + 2-year DK Distribution extension)<\/p>\n<\/li>\n<\/ul>\n<\/div>\n<\/div>\n<div class=\"col-sm-12 col-xs-12\">\n<div class=\"col-sm-4 col-xs-12\"><img loading=\"lazy\" decoding=\"async\" class=\"img-responsive alignnone\" src=\"https:\/\/www.maxicoffee.com\/fstrz\/r\/s\/www.maxicoffee.com\/images\/delonghi\/lattecrema-system-delonghi-cappuccino.jpg.pagespeed.ce.T1r8UfApS2.jpg?frz-v=165\" alt=\"DeLonghi PrimaDonna Soul Automatische Koffiemachine\" width=\"300\" height=\"266\" \/><\/div>\n<div class=\"col-sm-8 col-xs-12\">\n<h2 class=\"\" data-start=\"4776\" data-end=\"4826\">\ud83d\udd11 <strong data-start=\"4782\" data-end=\"4826\">Why Choose the DeLonghi PrimaDonna Soul?<\/strong><\/h2>\n<div class=\"group pointer-events-none relative flex justify-center *:pointer-events-auto\"><button class=\"hover:bg-token-main-surface-secondary text-token-text-secondary pointer-events-auto rounded-lg px-1 py-1 opacity-0 transition-opacity duration-200 group-focus-within:opacity-100 group-hover:opacity-100\"><\/button><\/p>\n<div class=\"tableContainer horzScrollShadows relative\">\n<table class=\"min-w-full\" data-start=\"4828\" data-end=\"5157\">\n<thead data-start=\"4828\" data-end=\"4849\">\n<tr data-start=\"4828\" data-end=\"4849\">\n<th data-start=\"4828\" data-end=\"4838\">Functie<\/th>\n<th data-start=\"4838\" data-end=\"4849\">Benefit<\/th>\n<\/tr>\n<\/thead>\n<tbody data-start=\"4871\" data-end=\"5157\">\n<tr data-start=\"4871\" data-end=\"4931\">\n<td class=\"max-w-[calc(var(--thread-content-max-width)*2\/3)]\" data-start=\"4871\" data-end=\"4895\"><strong data-start=\"4873\" data-end=\"4894\">21 Coffee Recipes<\/strong><\/td>\n<td class=\"max-w-[calc(var(--thread-content-max-width)*2\/3)]\" data-start=\"4895\" data-end=\"4931\">One-touch variety for every mood<\/td>\n<\/tr>\n<tr data-start=\"4932\" data-end=\"4992\">\n<td class=\"max-w-[calc(var(--thread-content-max-width)*2\/3)]\" data-start=\"4932\" data-end=\"4954\"><strong data-start=\"4934\" data-end=\"4953\">Bean Adapt Tech<\/strong><\/td>\n<td class=\"max-w-[calc(var(--thread-content-max-width)*2\/3)]\" data-start=\"4954\" data-end=\"4992\">Brew optimally for every bean type<\/td>\n<\/tr>\n<tr data-start=\"4993\" data-end=\"5050\">\n<td class=\"max-w-[calc(var(--thread-content-max-width)*2\/3)]\" data-start=\"4993\" data-end=\"5017\"><strong data-start=\"4995\" data-end=\"5016\">LatteCrema-systeem<\/strong><\/td>\n<td class=\"max-w-[calc(var(--thread-content-max-width)*2\/3)]\" data-start=\"5017\" data-end=\"5050\">Perfect milk froth every time<\/td>\n<\/tr>\n<tr data-start=\"5051\" data-end=\"5107\">\n<td class=\"max-w-[calc(var(--thread-content-max-width)*2\/3)]\" data-start=\"5051\" data-end=\"5076\"><strong data-start=\"5053\" data-end=\"5075\">Smartphone Control<\/strong><\/td>\n<td class=\"max-w-[calc(var(--thread-content-max-width)*2\/3)]\" data-start=\"5076\" data-end=\"5107\">Customize and brew remotely<\/td>\n<\/tr>\n<tr data-start=\"5108\" data-end=\"5157\">\n<td class=\"max-w-[calc(var(--thread-content-max-width)*2\/3)]\" data-start=\"5108\" data-end=\"5130\"><strong data-start=\"5110\" data-end=\"5129\">5 jaar garantie<\/strong><\/td>\n<td class=\"max-w-[calc(var(--thread-content-max-width)*2\/3)]\" data-start=\"5130\" data-end=\"5157\">Long-term peace of mind<\/td>\n<\/tr>\n<\/tbody>\n<\/table>\n<\/div>\n<\/div>\n<\/div>\n<\/div>\n<div class=\"col-sm-12 col-xs-12\">\n<div class=\"col-sm-8 col-xs-12\">\n<div><\/div>\n<\/div>\n<\/div>\n<div class=\"col-sm-12 col-xs-12\">\n<div class=\"col-sm-4 col-xs-12\"><img loading=\"lazy\" decoding=\"async\" class=\"img-responsive\" src=\"https:\/\/www.maxicoffee.com\/fstrz\/r\/s\/www.maxicoffee.com\/images\/delonghi\/bean-adapt-technology-delonghi2.jpg.pagespeed.ce.DILFu5TMGl.jpg?frz-v=165\" alt=\"Bean Adapt Delonghi Primadonna Soul ECAM 610.74.MB\" width=\"300\" height=\"264\" \/><\/div>\n<div class=\"col-sm-8 col-xs-12\">\n<h2 class=\"\" data-start=\"5164\" data-end=\"5186\"><strong data-start=\"5565\" data-end=\"5608\">DeLonghi PrimaDonna Soul<\/strong> Klantbeoordelingen<\/h2>\n<p class=\"\" data-start=\"5188\" data-end=\"5352\"><strong data-start=\"5188\" data-end=\"5200\">Marie D.<\/strong> \u2013 \u2605\u2605\u2605\u2605\u2605<br data-start=\"5208\" data-end=\"5211\" \/><em data-start=\"5211\" data-end=\"5352\">\u201cThis machine changed my mornings. I can customize my oat milk flat white perfectly from the app, and it tastes better than my local caf\u201d\u00e9!<\/em><\/p>\n<p class=\"\" data-start=\"5354\" data-end=\"5506\"><strong data-start=\"5354\" data-end=\"5365\">Liam K.<\/strong> \u2013 \u2605\u2605\u2605\u2605\u2605<br data-start=\"5373\" data-end=\"5376\" \/><em data-start=\"5376\" data-end=\"5504\">\u201cWorth every penny. The Bean Adapt system really does make a difference. My Ethiopian light roast has never tasted this good.\u201d<\/em><\/p>\n<hr class=\"\" data-start=\"5508\" data-end=\"5511\" \/>\n<h2 class=\"\" data-start=\"5513\" data-end=\"5552\">Ready to Bring the Coffee Shop Home?<\/h2>\n<p class=\"\" data-start=\"5554\" data-end=\"5810\">Bestel uw <strong data-start=\"5565\" data-end=\"5608\">DeLonghi PrimaDonna Soul ECAM 610.74.MB<\/strong> today from <a href=\"https:\/\/bestathomeespressomachine.com\/nl\/shop\/\"><strong data-start=\"5620\" data-end=\"5647\">Espressomachinesale.com<\/strong><\/a>.<br data-start=\"5648\" data-end=\"5651\" \/>Genieten <strong data-start=\"5657\" data-end=\"5674\">gratis bezorging<\/strong>, a free<strong data-start=\"5676\" data-end=\"5689\">\u00a0gift<\/strong>, en een <strong data-start=\"5697\" data-end=\"5722\">total 5-year warranty<\/strong>.<br data-start=\"5723\" data-end=\"5726\" \/>Upgrade your mornings with coffee that\u2019s <strong data-start=\"5767\" data-end=\"5810\">smart, simple, and soulfully delicious<\/strong><\/p>\n<div><\/div>\n<\/div>\n<\/div>\n<div class=\"col-sm-12 col-xs-12\">\n<div class=\"col-sm-4 col-xs-12\"><img loading=\"lazy\" decoding=\"async\" class=\"img-responsive\" src=\"https:\/\/www.maxicoffee.com\/fstrz\/r\/s\/www.maxicoffee.com\/images\/delonghi\/kit-entretien-delonghi.jpg.pagespeed.ce.d_3f0q1c7A.jpg?frz-v=165\" alt=\"Delonghi espresso grinder maintenance\" width=\"300\" height=\"266\" \/><\/div>\n<div class=\"col-sm-8 col-xs-12\">\n<h2>Simple and effective maintenance on this DeLonghi Primadonna Soul espresso grinder<\/h2>\n<div>\n<p>Automatic machines with DeLonghi grinders are very easy to maintain. I strongly advise you to use a\u00a0\u00a0filter cartridge\u00a0\u00a0\u00a0to treat the water for limescale but also to purify the taste of the water. Also, don\u2019t forget to perform descaling\u00a0\u00a0as\u00a0\u00a0soon as the machine asks you to do so. The coffee group is extractable, allowing it to be cleaned at least once a week under lukewarm water. Let it air dry, then put it back in the machine.<\/p>\n<\/div>\n<\/div>\n<\/div>","protected":false},"excerpt":{"rendered":"<ul>\n<li>Hoogwaardige afwerking van roestvrij staal en zwart metaal en spiegelend deksel<\/li>\n<li>Bean Adapt-technologie<\/li>\n<li>21 recepten met directe toegang<\/li>\n<li>4 nieuwe recepten + 6 creaties + 5 gebruikersprofielen<\/li>\n<li>Latte Crema Systeem + thermische melkkan<\/li>\n<li>Versie geleverd met een reisbeker<\/li>\n<li>Machine verbonden via wifi<\/li>\n<li>5 jaar garantie<\/li>\n<li>Geluidscomfort: A++<\/li>\n<\/ul>","protected":false},"featured_media":21000,"comment_status":"open","ping_status":"closed","template":"","meta":[],"product_cat":[50],"product_tag":[],"class_list":{"0":"post-20896","1":"product","2":"type-product","3":"status-publish","4":"has-post-thumbnail","6":"product_cat-delonghi-espresso-machines","8":"first","9":"instock","10":"shipping-taxable","11":"product-type-simple","12":"col-xs-6 col-sm-4","13":"col-md-3 col-lg-3","14":"un-4-cols"},"jetpack_sharing_enabled":true,"_links":{"self":[{"href":"https:\/\/bestathomeespressomachine.com\/nl\/wp-json\/wp\/v2\/product\/20896","targetHints":{"allow":["GET"]}}],"collection":[{"href":"https:\/\/bestathomeespressomachine.com\/nl\/wp-json\/wp\/v2\/product"}],"about":[{"href":"https:\/\/bestathomeespressomachine.com\/nl\/wp-json\/wp\/v2\/types\/product"}],"replies":[{"embeddable":true,"href":"https:\/\/bestathomeespressomachine.com\/nl\/wp-json\/wp\/v2\/comments?post=20896"}],"version-history":[{"count":3,"href":"https:\/\/bestathomeespressomachine.com\/nl\/wp-json\/wp\/v2\/product\/20896\/revisions"}],"predecessor-version":[{"id":22426,"href":"https:\/\/bestathomeespressomachine.com\/nl\/wp-json\/wp\/v2\/product\/20896\/revisions\/22426"}],"wp:featuredmedia":[{"embeddable":true,"href":"https:\/\/bestathomeespressomachine.com\/nl\/wp-json\/wp\/v2\/media\/21000"}],"wp:attachment":[{"href":"https:\/\/bestathomeespressomachine.com\/nl\/wp-json\/wp\/v2\/media?parent=20896"}],"wp:term":[{"taxonomy":"product_cat","embeddable":true,"href":"https:\/\/bestathomeespressomachine.com\/nl\/wp-json\/wp\/v2\/product_cat?post=20896"},{"taxonomy":"product_tag","embeddable":true,"href":"https:\/\/bestathomeespressomachine.com\/nl\/wp-json\/wp\/v2\/product_tag?post=20896"}],"curies":[{"name":"wp","href":"https:\/\/api.w.org\/{rel}","templated":true}]}}