{"id":20898,"date":"2024-12-29T18:32:27","date_gmt":"2024-12-29T18:32:27","guid":{"rendered":"https:\/\/bestathomeespressomachine.com\/?post_type=product&#038;p=20898"},"modified":"2025-04-30T10:52:09","modified_gmt":"2025-04-30T10:52:09","slug":"delonghi-primadonna-elite-experience-ecam-650-85-ms-5-year-warranty","status":"publish","type":"product","link":"https:\/\/bestathomeespressomachine.com\/nl\/product\/delonghi-primadonna-elite-experience-ecam-650-85-ms-5-year-warranty\/","title":{"rendered":"DELONGHI PrimaDonna Elite Experience ECAM 650.85 MS 5 jaar garantie"},"content":{"rendered":"<section class=\"section is-heading\">\n<div class=\"section_content\">\n<div class=\"section_text\">\n<h2 data-start=\"0\" data-end=\"83\"><strong data-start=\"0\" data-end=\"83\">DeLonghi PrimaDonna Elite Espressomachine ECAM 650.85.MS \u2013 Commercieel overzicht<\/strong><\/h2>\n<p class=\"\" data-start=\"85\" data-end=\"671\">Ervaar het ultieme op het gebied van koffiezetinnovatie met de <strong data-start=\"146\" data-end=\"207\">DeLonghi PrimaDonna Elite Espressomachine ECAM 650.85.MS<\/strong>Met de kracht om 25 verschillende drankjes te maken \u2013 waaronder exclusieve koude koffie \u2013 brengt deze machine het caf\u00e9 naar je huis met een scala aan aanpasbare opties. Van je ochtendespresso tot verfrissende frapp\u00e9s, warme chocolademelk en zelfs een scala aan theesoorten, de PrimaDonna Elite biedt een onge\u00ebvenaarde &#039;bean-to-cup&#039;-ervaring. Geniet gratis <strong data-start=\"549\" data-end=\"572\">Chronopost-bezorging<\/strong> en een extra garantie van 2 jaar voor een totaal van 5 jaar bij aankoop van <strong data-start=\"651\" data-end=\"670\">DK-distributie<\/strong>.<\/p>\n<hr class=\"\" data-start=\"673\" data-end=\"676\" \/>\n<h2 class=\"\" data-start=\"678\" data-end=\"741\"><strong data-start=\"681\" data-end=\"741\">Waarom zou u voor de DeLonghi PrimaDonna Elite ECAM 650.85.MS kiezen?<\/strong><\/h2>\n<ul data-start=\"743\" data-end=\"2030\">\n<li class=\"\" data-start=\"743\" data-end=\"1094\">\n<p class=\"\" data-start=\"745\" data-end=\"1094\"><strong data-start=\"745\" data-end=\"779\">25 Koffie- en drankrecepten<\/strong><br data-start=\"779\" data-end=\"782\" \/>De DeLonghi PrimaDonna Elite biedt een gevarieerd menu, waaronder <strong data-start=\"847\" data-end=\"858\">Geslagen<\/strong>, <strong data-start=\"860\" data-end=\"873\">Amerikaans<\/strong>, <strong data-start=\"875\" data-end=\"892\">Warme chocolademelk<\/strong>, <strong data-start=\"894\" data-end=\"913\">Theespecialiteiten<\/strong>, en traditioneel <strong data-start=\"931\" data-end=\"943\">Espresso<\/strong>Dankzij de <strong data-start=\"959\" data-end=\"982\">koude koffie recepten<\/strong> Dankzij de functie kunt u genieten van ijskoude drankjes zonder u zorgen te maken over verdunning: perfect voor warme dagen of unieke koffiecocktails.<\/p>\n<\/li>\n<li class=\"\" data-start=\"1096\" data-end=\"1420\">\n<p class=\"\" data-start=\"1098\" data-end=\"1420\"><strong data-start=\"1098\" data-end=\"1153\">Exclusieve koude koffiedranken en warme chocolademelkkaraf<\/strong><br data-start=\"1153\" data-end=\"1156\" \/>DeLonghi is het eerste merk dat <strong data-start=\"1199\" data-end=\"1221\">recepten voor koude dranken<\/strong> En <strong data-start=\"1226\" data-end=\"1258\">smoothie-achtige koffiefrapp\u00e9s<\/strong> in een volautomatische espressomachine. De <strong data-start=\"1302\" data-end=\"1326\">Warme chocolademelkkaraf<\/strong>, uitgerust met een chocolademixer, maakt u romige, warme chocolademelk voor \u00e9\u00e9n of twee personen.<\/p>\n<\/li>\n<li class=\"\" data-start=\"1422\" data-end=\"1652\">\n<p class=\"\" data-start=\"1424\" data-end=\"1652\"><strong data-start=\"1424\" data-end=\"1450\">Meerdere gebruikersprofielen<\/strong><br data-start=\"1450\" data-end=\"1453\" \/>Personaliseer uw brouwervaring met <strong data-start=\"1494\" data-end=\"1513\">6 gebruikersprofielen<\/strong> en een <strong data-start=\"1520\" data-end=\"1537\">gastprofiel<\/strong>, elk met specifieke drankvoorkeuren. Kies uit <strong data-start=\"1591\" data-end=\"1617\">12 vooraf opgenomen drankjes<\/strong> of cre\u00eber uw eigen unieke recepten.<\/p>\n<\/li>\n<li class=\"\" data-start=\"1654\" data-end=\"2030\">\n<p class=\"\" data-start=\"1656\" data-end=\"2030\"><strong data-start=\"1656\" data-end=\"1694\">Geavanceerde koffiezettechnologie<\/strong><br data-start=\"1694\" data-end=\"1697\" \/>De <strong data-start=\"1703\" data-end=\"1730\">dubbel thermobloksysteem<\/strong> zorgt ervoor dat uw drankjes op de perfecte temperatuur worden gezet, terwijl de <strong data-start=\"1800\" data-end=\"1826\">TFT-kleurentouchscreen<\/strong> biedt een intu\u00eftieve interface voor eenvoudige aanpassing. U kunt alles, van dranksterkte tot temperatuur, rechtstreeks vanaf de machine of via <strong data-start=\"1978\" data-end=\"2004\">Bluetooth-connectiviteit<\/strong> via de DeLonghi-app.<\/p>\n<\/li>\n<\/ul>\n<\/div>\n<\/div>\n<\/section>\n<div class=\"col-sm-12 col-xs-12\">\n<div class=\"col-sm-4 col-xs-12\"><\/div>\n<div class=\"col-sm-8 col-xs-12\">\n<h2 class=\"\" data-start=\"2037\" data-end=\"2104\"><strong data-start=\"2040\" data-end=\"2104\">Belangrijkste kenmerken van de DeLonghi PrimaDonna Elite ECAM 650.85.MS<\/strong><\/h2>\n<ul data-start=\"2106\" data-end=\"3499\">\n<li class=\"\" data-start=\"2106\" data-end=\"2400\">\n<p class=\"\" data-start=\"2108\" data-end=\"2400\"><strong data-start=\"2108\" data-end=\"2147\">Wereld Exclusieve Koude Koffie Recepten<\/strong><br data-start=\"2147\" data-end=\"2150\" \/>DeLonghi&#039;s <strong data-start=\"2163\" data-end=\"2185\">recepten voor koude dranken<\/strong>, waaronder ijskoffie en koffiefrappes, worden door deze machine gerevolutioneerd. Het is de enige machine op de markt die perfecte, volle ijskoude drankjes kan maken zonder het risico dat je brouwsel te waterig wordt.<\/p>\n<\/li>\n<li class=\"\" data-start=\"2402\" data-end=\"2655\">\n<p class=\"\" data-start=\"2404\" data-end=\"2655\"><strong data-start=\"2404\" data-end=\"2434\">Melk- en chocoladekaraffen<\/strong><br data-start=\"2434\" data-end=\"2437\" \/>Wordt geleverd met <strong data-start=\"2450\" data-end=\"2465\">twee karaffen<\/strong>: \u00e9\u00e9n voor melk en \u00e9\u00e9n voor warme chocolademelk. Beide kannen zijn voorzien van een mixer voor perfect opschuimen en chocolade blenden, met een extra kan voor ijskoude dranken met ge\u00efntegreerde ijsblokjes.<\/p>\n<\/li>\n<li class=\"\" data-start=\"2657\" data-end=\"2868\">\n<p class=\"\" data-start=\"2659\" data-end=\"2868\"><strong data-start=\"2659\" data-end=\"2703\">Gebruiksvriendelijk 4,3-inch TFT-kleurentouchscreen<\/strong><br data-start=\"2703\" data-end=\"2706\" \/>Personaliseer en pas uw drankjes eenvoudig aan met de <strong data-start=\"2760\" data-end=\"2789\">groot kleurentouchscreen.<\/strong>\u00a0Dankzij de intu\u00eftieve interface vindt u moeiteloos het perfecte kopje koffie.<\/p>\n<\/li>\n<li class=\"\" data-start=\"2870\" data-end=\"3164\">\n<p class=\"\" data-start=\"2872\" data-end=\"3164\"><strong data-start=\"2872\" data-end=\"2898\">Bluetooth-connectiviteit<\/strong><br data-start=\"2898\" data-end=\"2901\" \/>De PrimaDonna Elite maakt deel uit van het connected assortiment van DeLonghi, waarmee u uw drankjes op afstand kunt bedienen en personaliseren via de <strong data-start=\"3034\" data-end=\"3050\"><a href=\"https:\/\/bestathomeespressomachine.com\/nl\/product\/buy-delonghi-dinamica-lattecrema-super-automatic-espresso-machine-online\/\">DeLonghi<\/a> app<\/strong>Je kunt instellingen aanpassen, drankjes starten en zelfs onderhoudstips raadplegen vanaf je <strong data-start=\"3135\" data-end=\"3149\">smartphone<\/strong> of <strong data-start=\"3153\" data-end=\"3163\">tablet<\/strong>.<\/p>\n<\/li>\n<li class=\"\" data-start=\"3166\" data-end=\"3499\">\n<p class=\"\" data-start=\"3168\" data-end=\"3499\"><strong data-start=\"3168\" data-end=\"3207\">Moeiteloos schoonmaken en onderhouden<\/strong><br data-start=\"3207\" data-end=\"3210\" \/>De PrimaDonna Elite is ontworpen voor gebruiksgemak en beschikt over: <strong data-start=\"3268\" data-end=\"3299\">automatische reinigingsprogramma&#039;s<\/strong> voor zowel melk als koffie. Je kunt de <strong data-start=\"3351\" data-end=\"3369\">melkcontainer<\/strong>, maak het gemakkelijk schoon en bewaar het in de koelkast, terwijl de <strong data-start=\"3426\" data-end=\"3443\">brouwgroep<\/strong> is afneembaar en vaatwasserbestendig, voor moeiteloos onderhoud.<\/p>\n<\/li>\n<\/ul>\n<\/div>\n<\/div>\n<div class=\"col-sm-12 col-xs-12\">\n<div class=\"col-sm-4 col-xs-12\"><img fetchpriority=\"high\" decoding=\"async\" class=\"img-responsive\" src=\"https:\/\/www.maxicoffee.com\/fstrz\/r\/s\/www.maxicoffee.com\/images\/delonghi\/chocolat-delonghi-primadonna-elite-650.85.ms.jpg.pagespeed.ce.AxmkJ88mXM.jpg?frz-v=165\" alt=\"DeLonghi Primadonna Elite 650.85.MS bonenkoffiemachine\" width=\"300\" height=\"266\" \/><\/div>\n<div class=\"col-sm-8 col-xs-12\">\n<h2 class=\"\" data-start=\"3506\" data-end=\"3577\"><strong data-start=\"3509\" data-end=\"3577\">Waar de DeLonghi PrimaDonna Elite ECAM 650.85.MS online te koop is<\/strong><\/h2>\n<p class=\"\" data-start=\"3579\" data-end=\"3870\">De <strong data-start=\"3583\" data-end=\"3627\">DeLonghi PrimaDonna Elite ECAM 650.85.MS<\/strong> espressomachine is exclusief te koop bij <a href=\"http:\/\/Espressomachinesale.com\" rel=\"nofollow noopener\" target=\"_blank\"><strong data-start=\"3686\" data-end=\"3713\">Espressomachinesale.com<\/strong><\/a>Onze klanten kunnen genieten van snelle verzending, een<a href=\"https:\/\/bestathomeespressomachine.com\/nl\/warranty-information\/\"> <strong data-start=\"3756\" data-end=\"3775\">5 jaar garantie<\/strong><\/a> (een verlenging van 2 jaar op de standaardgarantie van 3 jaar van De&#039;Longhi) en een uitstekende klantenservice.<\/p>\n<h3 data-start=\"3872\" data-end=\"3892\"><strong data-start=\"3872\" data-end=\"3892\">Waarom bij ons kopen?<\/strong><\/h3>\n<ul data-start=\"3893\" data-end=\"3997\">\n<li class=\"\" data-start=\"3893\" data-end=\"3922\">\n<p class=\"\" data-start=\"3895\" data-end=\"3922\"><strong data-start=\"3895\" data-end=\"3920\">Gegarandeerd de beste prijs<\/strong><\/p>\n<\/li>\n<li class=\"\" data-start=\"3923\" data-end=\"3944\">\n<p class=\"\" data-start=\"3925\" data-end=\"3944\"><a href=\"https:\/\/bestathomeespressomachine.com\/nl\/shipping-policy\/\"><strong data-start=\"3925\" data-end=\"3942\">Gratis verzending<\/strong><\/a><\/p>\n<\/li>\n<li class=\"\" data-start=\"3945\" data-end=\"3997\">\n<p class=\"\" data-start=\"3947\" data-end=\"3997\"><strong data-start=\"3947\" data-end=\"3976\">Exclusieve garantie van 5 jaar<\/strong> (beperkte tijd aanbieding)<\/p>\n<\/li>\n<\/ul>\n<\/div>\n<\/div>\n<div class=\"col-sm-12 col-xs-12\">\n<div class=\"col-sm-4 col-xs-12\"><img decoding=\"async\" class=\"img-responsive\" src=\"https:\/\/www.maxicoffee.com\/fstrz\/r\/s\/www.maxicoffee.com\/images\/delonghi\/intuitive-delonghi-primadonna-elite-650.85.ms.jpg.pagespeed.ce.aPtdnhkEN6.jpg?frz-v=165\" alt=\"DeLonghi Primadonna Elite 650.85.MS Bonenkoffiezetapparaat\" width=\"300\" height=\"306\" \/><\/div>\n<div class=\"col-sm-8 col-xs-12\">\n<h2 class=\"\" data-start=\"4004\" data-end=\"4027\"><strong data-start=\"4007\" data-end=\"4027\">Klantbeoordelingen<\/strong><\/h2>\n<p class=\"\" data-start=\"4029\" data-end=\"4276\"><strong data-start=\"4029\" data-end=\"4040\">John M.<\/strong> \u2013 \u2605\u2605\u2605\u2605\u2605<br data-start=\"4048\" data-end=\"4051\" \/><em data-start=\"4051\" data-end=\"4276\">De DeLonghi PrimaDonna Elite heeft mijn koffie-ervaring echt veranderd. Van ijskoffie tot smooth latte, elk drankje is tot in de puntjes bereid. De app is een echte revolutie, want ik kan alles vanaf mijn telefoon aanpassen!<\/em><\/p>\n<p class=\"\" data-start=\"4278\" data-end=\"4480\"><strong data-start=\"4278\" data-end=\"4290\">Sarah T.<\/strong> \u2013 \u2605\u2605\u2605\u2605\u2605<br data-start=\"4298\" data-end=\"4301\" \/><em data-start=\"4301\" data-end=\"4480\">Ik vind het geweldig hoe makkelijk het is om warme chocolademelk te maken, en de koude koffiefrappes zijn geweldig. Het ontwerp van de machine is strak en het touchscreen is superintu\u00eftief. Een echte aanrader!<\/em><\/p>\n<p>&nbsp;<\/p>\n<\/div>\n<\/div>\n<div class=\"col-sm-12 col-xs-12\">\n<div class=\"col-sm-4 col-xs-12\"><img decoding=\"async\" class=\"img-responsive aligncenter\" src=\"https:\/\/www.maxicoffee.com\/fstrz\/r\/s\/www.maxicoffee.com\/images\/delonghi\/boissons-delonghi-primadonna-elite-650.85.ms.jpg.pagespeed.ce.gtoXX7C19k.jpg?frz-v=165\" alt=\"DeLonghi Elite 650.85.MS bonenkoffiezetapparaat\" width=\"300\" height=\"266\" \/><\/div>\n<div class=\"col-sm-8 col-xs-12\">\n<hr class=\"\" data-start=\"4482\" data-end=\"4485\" \/>\n<h2 class=\"\" data-start=\"4487\" data-end=\"4527\"><strong data-start=\"4490\" data-end=\"4527\">Veelgestelde vragen (FAQ&#039;s)<\/strong><\/h2>\n<h3 class=\"\" data-start=\"4529\" data-end=\"4624\"><strong data-start=\"4533\" data-end=\"4622\">1. Welke soorten dranken kan ik maken met de DeLonghi PrimaDonna Elite ECAM 650.85.MS?<\/strong><\/h3>\n<p class=\"\" data-start=\"4625\" data-end=\"4868\">Je kunt maken <strong data-start=\"4638\" data-end=\"4661\">25 verschillende drankjes<\/strong>, inclusief warme en koude koffiedranken, <strong data-start=\"4704\" data-end=\"4721\">warme chocolademelk<\/strong>, <strong data-start=\"4723\" data-end=\"4730\">thee<\/strong>, En <strong data-start=\"4736\" data-end=\"4761\">smoothie-achtige frapp\u00e9s<\/strong>De machine biedt ook klassieke drankjes aan zoals <strong data-start=\"4807\" data-end=\"4819\">espresso<\/strong>, <strong data-start=\"4821\" data-end=\"4836\">cappuccino&#039;s<\/strong>, <strong data-start=\"4838\" data-end=\"4857\">latte<\/strong>, en meer.<\/p>\n<h3 class=\"\" data-start=\"4870\" data-end=\"4921\"><strong data-start=\"4874\" data-end=\"4919\">2. Kan ik mijn koffievoorkeuren aanpassen?<\/strong><\/h3>\n<p class=\"\" data-start=\"4922\" data-end=\"5098\">Ja, u kunt uw voorkeuren opslaan met <strong data-start=\"4962\" data-end=\"4981\">6 gebruikersprofielen<\/strong> en een <strong data-start=\"4988\" data-end=\"5005\">gastprofiel<\/strong>, waarmee u de dranksterkte, temperatuur en het opschuimen van de melk naar wens kunt aanpassen.<\/p>\n<h3 class=\"\" data-start=\"5100\" data-end=\"5158\"><strong data-start=\"5104\" data-end=\"5156\">3. Hoe maak ik de DeLonghi PrimaDonna Elite schoon?<\/strong><\/h3>\n<p class=\"\" data-start=\"5159\" data-end=\"5365\">De machine beschikt over <strong data-start=\"5180\" data-end=\"5211\">automatische reinigingsprogramma&#039;s<\/strong> voor zowel het melk- als het koffiesysteem. Het melkreservoir is afneembaar en vaatwasmachinebestendig, en de <strong data-start=\"5311\" data-end=\"5328\">brouwgroep<\/strong> kan onder lauw water worden schoongemaakt.<\/p>\n<h3 class=\"\" data-start=\"5367\" data-end=\"5413\"><strong data-start=\"5371\" data-end=\"5411\">4. Zit er garantie op het apparaat?<\/strong><\/h3>\n<p class=\"\" data-start=\"5414\" data-end=\"5621\">Ja, de <strong data-start=\"5423\" data-end=\"5452\">DeLonghi PrimaDonna Elite<\/strong> wordt geleverd met een <strong data-start=\"5466\" data-end=\"5485\">3 jaar garantie<\/strong>, plus een extra <strong data-start=\"5506\" data-end=\"5525\">2 jaar garantie<\/strong> verlenging wanneer u via koopt <strong data-start=\"5562\" data-end=\"5581\">DK-distributie<\/strong> voor een totaal van <strong data-start=\"5597\" data-end=\"5608\">5 jaar<\/strong> van dekking.<\/p>\n<hr class=\"\" data-start=\"5623\" data-end=\"5626\" \/>\n<h2 class=\"\" data-start=\"5628\" data-end=\"5649\"><strong data-start=\"5631\" data-end=\"5649\">Laatste gedachten<\/strong><\/h2>\n<p class=\"\" data-start=\"5651\" data-end=\"6030\">De <strong data-start=\"5655\" data-end=\"5699\">DeLonghi PrimaDonna Elite ECAM 650.85.MS<\/strong> espressomachine zet een nieuwe standaard in volautomatische koffiemachines en combineert geavanceerde functies met een intu\u00eftief design. Of je nu zin \u200b\u200bhebt in een warme espresso, ijskoffie of iets uniekers zoals warme chocolademelk of frapp\u00e9s, deze machine maakt het waar. Bovendien, met een <strong data-start=\"5963\" data-end=\"5982\">5 jaar garantie<\/strong>, kunt u met een gerust hart van uw koffie genieten.<\/p>\n<p class=\"\" data-start=\"6032\" data-end=\"6121\">Koop nu bij <strong data-start=\"6044\" data-end=\"6071\">Expressomachinesale.com<\/strong> en geniet thuis van de ultieme koffie-ervaring!<\/p>\n<\/div>\n<\/div>","protected":false},"excerpt":{"rendered":"<ul>\n<li>Hoogwaardige roestvrijstalen gevel<\/li>\n<li>Meer dan 25 warme en koude dranken<\/li>\n<li>2 verschillende karaffen \/ 2 ijsblokjesvormpjes<\/li>\n<li>7 Gebruikersprofielen<\/li>\n<li>5 jaar garantie<\/li>\n<\/ul>","protected":false},"featured_media":21011,"comment_status":"open","ping_status":"closed","template":"","meta":[],"product_cat":[50],"product_tag":[],"class_list":{"0":"post-20898","1":"product","2":"type-product","3":"status-publish","4":"has-post-thumbnail","6":"product_cat-delonghi-espresso-machines","8":"first","9":"instock","10":"shipping-taxable","11":"purchasable","12":"product-type-simple","13":"col-xs-6 col-sm-4","14":"col-md-3 col-lg-3","15":"un-4-cols"},"jetpack_sharing_enabled":true,"_links":{"self":[{"href":"https:\/\/bestathomeespressomachine.com\/nl\/wp-json\/wp\/v2\/product\/20898","targetHints":{"allow":["GET"]}}],"collection":[{"href":"https:\/\/bestathomeespressomachine.com\/nl\/wp-json\/wp\/v2\/product"}],"about":[{"href":"https:\/\/bestathomeespressomachine.com\/nl\/wp-json\/wp\/v2\/types\/product"}],"replies":[{"embeddable":true,"href":"https:\/\/bestathomeespressomachine.com\/nl\/wp-json\/wp\/v2\/comments?post=20898"}],"version-history":[{"count":3,"href":"https:\/\/bestathomeespressomachine.com\/nl\/wp-json\/wp\/v2\/product\/20898\/revisions"}],"predecessor-version":[{"id":22422,"href":"https:\/\/bestathomeespressomachine.com\/nl\/wp-json\/wp\/v2\/product\/20898\/revisions\/22422"}],"wp:featuredmedia":[{"embeddable":true,"href":"https:\/\/bestathomeespressomachine.com\/nl\/wp-json\/wp\/v2\/media\/21011"}],"wp:attachment":[{"href":"https:\/\/bestathomeespressomachine.com\/nl\/wp-json\/wp\/v2\/media?parent=20898"}],"wp:term":[{"taxonomy":"product_cat","embeddable":true,"href":"https:\/\/bestathomeespressomachine.com\/nl\/wp-json\/wp\/v2\/product_cat?post=20898"},{"taxonomy":"product_tag","embeddable":true,"href":"https:\/\/bestathomeespressomachine.com\/nl\/wp-json\/wp\/v2\/product_tag?post=20898"}],"curies":[{"name":"wp","href":"https:\/\/api.w.org\/{rel}","templated":true}]}}