{"id":21397,"date":"2025-01-02T09:55:38","date_gmt":"2025-01-02T09:55:38","guid":{"rendered":"https:\/\/bestathomeespressomachine.com\/?post_type=product&#038;p=21397"},"modified":"2025-04-28T21:21:02","modified_gmt":"2025-04-28T21:21:02","slug":"buy-delonghi-eletta-explore-fully-automatic-espresso-machine-online","status":"publish","type":"product","link":"https:\/\/bestathomeespressomachine.com\/nl\/product\/buy-delonghi-eletta-explore-fully-automatic-espresso-machine-online\/","title":{"rendered":"DeLonghi Eletta Explore Super Automatische Espressomachine met Cold Brew ECAM45086S"},"content":{"rendered":"<div class=\"product-block-list__item product-block-list__item--description\">\n<div class=\"card\">\n<div class=\"card__section product-description-area\">\n<div class=\"rte text--pull\">\n<h2 class=\"\" data-start=\"180\" data-end=\"219\">Koop DeLonghi Eletta Explore online<\/h2>\n<h3 data-start=\"220\" data-end=\"304\"><strong data-start=\"220\" data-end=\"304\">De enige volautomatische espressomachine met zowel warme als koude schuimtechnologie<\/strong><\/h3>\n<p class=\"\" data-start=\"306\" data-end=\"659\">Ervaar koffie in baristastijl bij u thuis met de <strong data-start=\"364\" data-end=\"391\">DeLonghi Eletta Explore<\/strong>, een revolutionaire volautomatische espressomachine die met \u00e9\u00e9n druk op de knop warme en koude dranken maakt. Met een strak design, krachtige functies en onge\u00ebvenaarde veelzijdigheid is de Eletta Explore ideaal voor koffieliefhebbers die op zoek zijn naar variatie en gemak. Koop de DeLonghi Eletta Explore online.<\/p>\n<p class=\"\" data-start=\"661\" data-end=\"976\">Deze innovatieve machine is uitgerust met geavanceerde <strong data-start=\"711\" data-end=\"747\">LatteCrema\u2122 Hot and Cool-systemen<\/strong>, een ingebouwde braammolen, een touchscreen en meer dan 40 drankopties. Of het nu gaat om een \u200b\u200bijscappuccino op een zomermiddag of een romige flat white in de ochtend, de Eletta Explore maakt van elk koffiemoment een luxueus ritueel.<\/p>\n<hr class=\"\" data-start=\"978\" data-end=\"981\" \/>\n<h2 class=\"\" data-start=\"983\" data-end=\"1025\">Waarom kiezen voor de DeLonghi Eletta Explore?<\/h2>\n<h3 class=\"\" data-start=\"1027\" data-end=\"1071\">Uitgelicht in Oprah&#039;s favoriete dingen 2024<\/h3>\n<blockquote data-start=\"1072\" data-end=\"1245\">\n<p class=\"\" data-start=\"1074\" data-end=\"1245\"><em data-start=\"1074\" data-end=\"1217\">\u201cIk weet het, het is een dure uitgave, maar je kunt er koffiebonen mee malen en lattes, cappuccino&#039;s, espresso&#039;s, koude koffie en meer dan 50 andere recepten mee maken.\u201d<\/em><br data-start=\"1217\" data-end=\"1220\" \/>\u2014 <em data-start=\"1222\" data-end=\"1245\">Oprah, OprahDaily.com<\/em><\/p>\n<\/blockquote>\n<h3 class=\"\" data-start=\"1247\" data-end=\"1270\">Belangrijkste redenen om te kopen:<\/h3>\n<ul data-start=\"1271\" data-end=\"1706\">\n<li class=\"\" data-start=\"1271\" data-end=\"1344\">\n<p class=\"\" data-start=\"1273\" data-end=\"1344\">De allereerste volautomatische machine met <strong data-start=\"1313\" data-end=\"1343\">warme en koude melk opschuimen<\/strong>.<\/p>\n<\/li>\n<li class=\"\" data-start=\"1345\" data-end=\"1441\">\n<p class=\"\" data-start=\"1347\" data-end=\"1441\">Zet meer dan 40 <strong data-start=\"1365\" data-end=\"1389\">warme en koude recepten<\/strong>, waaronder ijskoude cappuccino&#039;s, latte&#039;s en espresso&#039;s.<\/p>\n<\/li>\n<li class=\"\" data-start=\"1442\" data-end=\"1532\">\n<p class=\"\" data-start=\"1444\" data-end=\"1532\">Beheer en personaliseer drankjes met behulp van de <strong data-start=\"1483\" data-end=\"1507\">3,5\u2033 TFT-touchscreen<\/strong> of via <strong data-start=\"1515\" data-end=\"1531\">gebruikersinstellingen<\/strong>.<\/p>\n<\/li>\n<li class=\"\" data-start=\"1533\" data-end=\"1614\">\n<p class=\"\" data-start=\"1535\" data-end=\"1614\">Wordt geleverd met <strong data-start=\"1546\" data-end=\"1570\">een thermosbeker van 473 ml<\/strong> En <strong data-start=\"1575\" data-end=\"1587\">ijsblokjesvorm<\/strong> voor het gemak van koud zetten.<\/p>\n<\/li>\n<li class=\"\" data-start=\"1615\" data-end=\"1706\">\n<p class=\"\" data-start=\"1617\" data-end=\"1706\">Neem je drankje mee onderweg met de <strong data-start=\"1652\" data-end=\"1670\">To-Go-functie<\/strong>, geoptimaliseerd voor verschillende cupmaten.<\/p>\n<\/li>\n<\/ul>\n<hr class=\"\" data-start=\"1708\" data-end=\"1711\" \/>\n<h2 class=\"\" data-start=\"1713\" data-end=\"1747\">Veelzijdigheid in warme en koude dranken<\/h2>\n<h3 class=\"\" data-start=\"1749\" data-end=\"1774\">40+ recepten met \u00e9\u00e9n druk op de knop<\/h3>\n<p class=\"\" data-start=\"1775\" data-end=\"1836\">Kies uit een uitgebreid menu met speciale koffiedranken, waaronder<\/p>\n<ul data-start=\"1837\" data-end=\"1966\">\n<li class=\"\" data-start=\"1837\" data-end=\"1849\">\n<p class=\"\" data-start=\"1839\" data-end=\"1849\">Espresso<\/p>\n<\/li>\n<li class=\"\" data-start=\"1850\" data-end=\"1869\">\n<p class=\"\" data-start=\"1852\" data-end=\"1869\">IJs Cappuccino<\/p>\n<\/li>\n<li class=\"\" data-start=\"1870\" data-end=\"1879\">\n<p class=\"\" data-start=\"1872\" data-end=\"1879\">Latte<\/p>\n<\/li>\n<li class=\"\" data-start=\"1880\" data-end=\"1894\">\n<p class=\"\" data-start=\"1882\" data-end=\"1894\">Plat wit<\/p>\n<\/li>\n<li class=\"\" data-start=\"1895\" data-end=\"1908\">\n<p class=\"\" data-start=\"1897\" data-end=\"1908\">Koud brouwsel<\/p>\n<\/li>\n<li class=\"\" data-start=\"1909\" data-end=\"1923\">\n<p class=\"\" data-start=\"1911\" data-end=\"1923\">IJs Latte<\/p>\n<\/li>\n<li class=\"\" data-start=\"1924\" data-end=\"1937\">\n<p class=\"\" data-start=\"1926\" data-end=\"1937\">Amerikaans<\/p>\n<\/li>\n<li class=\"\" data-start=\"1938\" data-end=\"1952\">\n<p class=\"\" data-start=\"1940\" data-end=\"1952\">Cappuccino<\/p>\n<\/li>\n<li class=\"\" data-start=\"1953\" data-end=\"1966\">\n<p class=\"\" data-start=\"1955\" data-end=\"1966\">Macchiato<\/p>\n<\/li>\n<\/ul>\n<p class=\"\" data-start=\"1968\" data-end=\"2084\">Of u nu zin \u200b\u200bheeft in warme troost of een verfrissende koude kop koffie, Eletta Explore zorgt voor de perfecte kop koffie.<\/p>\n<h3 class=\"\" data-start=\"2086\" data-end=\"2122\">LatteCrema\u2122 Hot &amp; Cool-systemen<\/h3>\n<p class=\"\" data-start=\"2123\" data-end=\"2168\">Twee ge\u00efntegreerde melksystemen voor fluweelzacht schuim:<\/p>\n<ul data-start=\"2169\" data-end=\"2306\">\n<li class=\"\" data-start=\"2169\" data-end=\"2232\">\n<p class=\"\" data-start=\"2171\" data-end=\"2232\"><strong data-start=\"2171\" data-end=\"2189\">LatteCrema Hot<\/strong> voor lattes, cappuccino&#039;s en macchiato&#039;s.<\/p>\n<\/li>\n<li class=\"\" data-start=\"2233\" data-end=\"2306\">\n<p class=\"\" data-start=\"2235\" data-end=\"2306\"><strong data-start=\"2235\" data-end=\"2254\">LatteCrema Cool<\/strong> voor koud schuim op ijskoude dranken \u2014 een echte game-changer.<\/p>\n<\/li>\n<\/ul>\n<hr class=\"\" data-start=\"2308\" data-end=\"2311\" \/>\n<h2 class=\"\" data-start=\"2313\" data-end=\"2339\">Gebouwd voor maatwerk<\/h2>\n<h3 class=\"\" data-start=\"2341\" data-end=\"2378\">Personalisatie en gebruikersprofielen<\/h3>\n<ul data-start=\"2379\" data-end=\"2559\">\n<li class=\"\" data-start=\"2379\" data-end=\"2438\">\n<p class=\"\" data-start=\"2381\" data-end=\"2438\">Voorkeuren opslaan met <strong data-start=\"2403\" data-end=\"2435\">4 aanpasbare gebruikersprofielen<\/strong>.<\/p>\n<\/li>\n<li class=\"\" data-start=\"2439\" data-end=\"2495\">\n<p class=\"\" data-start=\"2441\" data-end=\"2495\">Pas de maalgraad aan met <strong data-start=\"2464\" data-end=\"2492\">13 braammaalstanden<\/strong>.<\/p>\n<\/li>\n<li class=\"\" data-start=\"2496\" data-end=\"2559\">\n<p class=\"\" data-start=\"2498\" data-end=\"2559\">Perfectioneer uw schuim met <strong data-start=\"2521\" data-end=\"2539\">dubbele melkkannen<\/strong> voor warm en koud.<\/p>\n<\/li>\n<\/ul>\n<hr class=\"\" data-start=\"2561\" data-end=\"2564\" \/>\n<h2 class=\"\" data-start=\"2566\" data-end=\"2594\">Neem je koffie overal mee naartoe<\/h2>\n<h3 class=\"\" data-start=\"2596\" data-end=\"2614\">To-Go-functie<\/h3>\n<p class=\"\" data-start=\"2615\" data-end=\"2649\">Vul uw reisbeker moeiteloos:<\/p>\n<ul data-start=\"2650\" data-end=\"2814\">\n<li class=\"\" data-start=\"2650\" data-end=\"2691\">\n<p class=\"\" data-start=\"2652\" data-end=\"2691\">Compatibel met <strong data-start=\"2668\" data-end=\"2690\">drie maatvoorinstellingen<\/strong>.<\/p>\n<\/li>\n<li class=\"\" data-start=\"2692\" data-end=\"2742\">\n<p class=\"\" data-start=\"2694\" data-end=\"2742\"><strong data-start=\"2694\" data-end=\"2716\">Opklapbare lekbak<\/strong> geschikt voor hogere mokken.<\/p>\n<\/li>\n<li class=\"\" data-start=\"2743\" data-end=\"2814\">\n<p class=\"\" data-start=\"2745\" data-end=\"2814\"><strong data-start=\"2754\" data-end=\"2785\">Inclusief een DeLonghi thermosbeker van 473 ml.<\/strong>Perfect voor drukke ochtenden.<\/p>\n<\/li>\n<\/ul>\n<hr class=\"\" data-start=\"2816\" data-end=\"2819\" \/>\n<h2 class=\"\" data-start=\"2821\" data-end=\"2843\">Inbegrepen in de doos<\/h2>\n<p class=\"\" data-start=\"2845\" data-end=\"2884\">Alles wat je nodig hebt voor koffie thuis:<\/p>\n<ul data-start=\"2885\" data-end=\"3179\">\n<li class=\"\" data-start=\"2885\" data-end=\"2936\">\n<p class=\"\" data-start=\"2887\" data-end=\"2936\">Eletta Explore superautomatische espressomachine<\/p>\n<\/li>\n<li class=\"\" data-start=\"2937\" data-end=\"2958\">\n<p class=\"\" data-start=\"2939\" data-end=\"2958\">16 oz. reisbeker<\/p>\n<\/li>\n<li class=\"\" data-start=\"2959\" data-end=\"2976\">\n<p class=\"\" data-start=\"2961\" data-end=\"2976\">IJsblokjesvorm<\/p>\n<\/li>\n<li class=\"\" data-start=\"2977\" data-end=\"3001\">\n<p class=\"\" data-start=\"2979\" data-end=\"3001\">Koolstofactief filter<\/p>\n<\/li>\n<li class=\"\" data-start=\"3002\" data-end=\"3021\">\n<p class=\"\" data-start=\"3004\" data-end=\"3021\">Maatschep<\/p>\n<\/li>\n<li class=\"\" data-start=\"3022\" data-end=\"3045\">\n<p class=\"\" data-start=\"3024\" data-end=\"3045\">Waterhardheidstest<\/p>\n<\/li>\n<li class=\"\" data-start=\"3046\" data-end=\"3064\">\n<p class=\"\" data-start=\"3048\" data-end=\"3064\">Reinigingsborstel<\/p>\n<\/li>\n<li class=\"\" data-start=\"3065\" data-end=\"3085\">\n<p class=\"\" data-start=\"3067\" data-end=\"3085\">Ontkalker (100 ml)<\/p>\n<\/li>\n<li class=\"\" data-start=\"3086\" data-end=\"3111\">\n<p class=\"\" data-start=\"3088\" data-end=\"3111\">Verwijderbare watertuit<\/p>\n<\/li>\n<li class=\"\" data-start=\"3112\" data-end=\"3136\">\n<p class=\"\" data-start=\"3114\" data-end=\"3136\">Warme en koude melkkannen<\/p>\n<\/li>\n<li class=\"\" data-start=\"3137\" data-end=\"3179\">\n<p class=\"\" data-start=\"3139\" data-end=\"3179\">Gebruiksaanwijzing en snelstartgids<\/p>\n<\/li>\n<\/ul>\n<hr class=\"\" data-start=\"3181\" data-end=\"3184\" \/>\n<h2 class=\"\" data-start=\"3186\" data-end=\"3203\">Specificaties<\/h2>\n<div class=\"group pointer-events-none relative flex justify-center *:pointer-events-auto\"><button class=\"hover:bg-token-main-surface-secondary text-token-text-secondary pointer-events-auto rounded-lg px-1 py-1 opacity-0 transition-opacity duration-200 group-focus-within:opacity-100 group-hover:opacity-100\"><\/button><\/p>\n<div class=\"tableContainer horzScrollShadows relative\">\n<table class=\"min-w-full\" data-start=\"3205\" data-end=\"3961\">\n<thead data-start=\"3205\" data-end=\"3273\">\n<tr data-start=\"3205\" data-end=\"3273\">\n<th data-start=\"3205\" data-end=\"3238\">Functie<\/th>\n<th data-start=\"3238\" data-end=\"3273\">Waarde<\/th>\n<\/tr>\n<\/thead>\n<tbody data-start=\"3343\" data-end=\"3961\">\n<tr data-start=\"3343\" data-end=\"3410\">\n<td class=\"max-w-[calc(var(--thread-content-max-width)*2\/3)]\" data-start=\"3343\" data-end=\"3375\">Dimensions (WxDxH)<\/td>\n<td class=\"max-w-[calc(var(--thread-content-max-width)*2\/3)]\" data-start=\"3375\" data-end=\"3410\">10,25\u2033 x 17,5\u2033 x 15,13\u2033<\/td>\n<\/tr>\n<tr data-start=\"3411\" data-end=\"3478\">\n<td class=\"max-w-[calc(var(--thread-content-max-width)*2\/3)]\" data-start=\"3411\" data-end=\"3443\">Spanning\/Frequentie<\/td>\n<td class=\"max-w-[calc(var(--thread-content-max-width)*2\/3)]\" data-start=\"3443\" data-end=\"3478\">110\/120 V ~ 50\/60 Hz<\/td>\n<\/tr>\n<tr data-start=\"3479\" data-end=\"3546\">\n<td class=\"max-w-[calc(var(--thread-content-max-width)*2\/3)]\" data-start=\"3479\" data-end=\"3511\">Pompdruk<\/td>\n<td class=\"max-w-[calc(var(--thread-content-max-width)*2\/3)]\" data-start=\"3511\" data-end=\"3546\">15 bar<\/td>\n<\/tr>\n<tr data-start=\"3547\" data-end=\"3614\">\n<td class=\"max-w-[calc(var(--thread-content-max-width)*2\/3)]\" data-start=\"3547\" data-end=\"3579\">Capaciteit bonencontainer<\/td>\n<td class=\"max-w-[calc(var(--thread-content-max-width)*2\/3)]\" data-start=\"3579\" data-end=\"3614\">10,6 oz<\/td>\n<\/tr>\n<tr data-start=\"3615\" data-end=\"3682\">\n<td class=\"max-w-[calc(var(--thread-content-max-width)*2\/3)]\" data-start=\"3615\" data-end=\"3647\">Watertankcapaciteit<\/td>\n<td class=\"max-w-[calc(var(--thread-content-max-width)*2\/3)]\" data-start=\"3647\" data-end=\"3682\">60 ons<\/td>\n<\/tr>\n<tr data-start=\"3683\" data-end=\"3750\">\n<td class=\"max-w-[calc(var(--thread-content-max-width)*2\/3)]\" data-start=\"3683\" data-end=\"3715\">Capaciteit van de koffiedikcontainer<\/td>\n<td class=\"max-w-[calc(var(--thread-content-max-width)*2\/3)]\" data-start=\"3715\" data-end=\"3750\">14 porties<\/td>\n<\/tr>\n<tr data-start=\"3751\" data-end=\"3818\">\n<td class=\"max-w-[calc(var(--thread-content-max-width)*2\/3)]\" data-start=\"3751\" data-end=\"3783\">Maximale bekerhoogte<\/td>\n<td class=\"max-w-[calc(var(--thread-content-max-width)*2\/3)]\" data-start=\"3783\" data-end=\"3818\">6,7 inch<\/td>\n<\/tr>\n<tr data-start=\"3819\" data-end=\"3886\">\n<td class=\"max-w-[calc(var(--thread-content-max-width)*2\/3)]\" data-start=\"3819\" data-end=\"3851\">Weergave<\/td>\n<td class=\"max-w-[calc(var(--thread-content-max-width)*2\/3)]\" data-start=\"3851\" data-end=\"3886\">3,5\u2033 TFT-kleurentouchscreen<\/td>\n<\/tr>\n<tr data-start=\"3887\" data-end=\"3961\">\n<td class=\"max-w-[calc(var(--thread-content-max-width)*2\/3)]\" data-start=\"3887\" data-end=\"3919\">Warranty<\/td>\n<td class=\"max-w-[calc(var(--thread-content-max-width)*2\/3)]\" data-start=\"3919\" data-end=\"3961\">2 jaar + 1 extra jaar bij registratie<\/td>\n<\/tr>\n<\/tbody>\n<\/table>\n<\/div>\n<\/div>\n<hr class=\"\" data-start=\"3963\" data-end=\"3966\" \/>\n<h2 class=\"\" data-start=\"3968\" data-end=\"3987\">DeLonghi Eletta Ontdek klantrecensies<\/h2>\n<p class=\"\" data-start=\"3989\" data-end=\"4059\">Ontdek wat anderen zeggen over de <strong data-start=\"4031\" data-end=\"4058\">DeLonghi Eletta Explore<\/strong>:<\/p>\n<blockquote data-start=\"4061\" data-end=\"4143\">\n<p class=\"\" data-start=\"4063\" data-end=\"4143\">&#034;Iced lattes thuis? JA GRAAG! Deze machine is next-level.&#034;<br data-start=\"4125\" data-end=\"4128\" \/>\u2014 Michelle R.<\/p>\n<\/blockquote>\n<blockquote data-start=\"4145\" data-end=\"4243\">\n<p class=\"\" data-start=\"4147\" data-end=\"4243\">\u201cIk vind het geweldig dat het mijn voorkeuren onthoudt en dat het melkschuim elke keer perfect is.\u201d<br data-start=\"4227\" data-end=\"4230\" \/>\u2014 Jordan W.<\/p>\n<\/blockquote>\n<blockquote data-start=\"4245\" data-end=\"4345\">\n<p class=\"\" data-start=\"4247\" data-end=\"4345\">&#034;Zoveel recepten, makkelijk schoon te maken, en ik bespaar enorm veel doordat ik niet elke dag naar een caf\u00e9 ga.&#034;<br data-start=\"4330\" data-end=\"4333\" \/>\u2014 Tomas K.<\/p>\n<\/blockquote>\n<p class=\"\" data-start=\"4347\" data-end=\"4438\">Lees meer recensies op onze <a class=\"\" href=\"https:\/\/bestathomeespressomachine.com\/nl\/testimonials\/\" target=\"_new\" rel=\"noopener\" data-start=\"4372\" data-end=\"4438\">Getuigenissenpagina<\/a><\/p>\n<hr class=\"\" data-start=\"4440\" data-end=\"4443\" \/>\n<h2 class=\"\" data-start=\"4445\" data-end=\"4505\">Koop de DeLonghi Eletta Explore online op EspressoMachine.com<\/h2>\n<p class=\"\" data-start=\"4507\" data-end=\"4722\">Koop DeLonghi Eletta Explore online bij <a href=\"https:\/\/bestathomeespressomachine.com\/nl\/shop\/\" target=\"_new\" rel=\"noopener\" data-start=\"4552\" data-end=\"4616\">EspressoMachine.com\/shop<\/a>. Geniet van snelle, gratis verzending, een <strong data-start=\"4647\" data-end=\"4684\">prijsgarantie van 90 dagen<\/strong>en ondersteuning van een vertrouwde retailer.<\/p>\n<p class=\"\" data-start=\"4724\" data-end=\"4861\">Deze premium espressomachine wordt ondersteund door <strong data-start=\"4767\" data-end=\"4804\">DeLonghi Canada&#039;s 2 jaar garantie<\/strong>, plus een extra jaar als u uw product registreert.<\/p>\n<hr class=\"\" data-start=\"4863\" data-end=\"4866\" \/>\n<h2 class=\"\" data-start=\"130\" data-end=\"137\">Veelgestelde vragen<\/h2>\n<h3 class=\"\" data-start=\"139\" data-end=\"190\">Is de Eletta Explore geschikt voor beginners?<\/h3>\n<p class=\"\" data-start=\"191\" data-end=\"289\">Jazeker! Dankzij het intu\u00eftieve touchscreen en de handige installatie kan iedereen thuis professionele drankjes maken.<\/p>\n<h3 class=\"\" data-start=\"291\" data-end=\"322\">Kan ik plantaardige melk gebruiken?<\/h3>\n<p class=\"\" data-start=\"323\" data-end=\"459\">Absoluut. Het LatteCrema\u2122-systeem werkt met alternatieven voor haver-, amandel- en sojamelk en zorgt voor romig, glad schuim, zelfs zonder zuivel.<\/p>\n<h3 class=\"\" data-start=\"461\" data-end=\"506\">Wat maakt het beter dan koffiezetapparaten met cups?<\/h3>\n<p class=\"\" data-start=\"507\" data-end=\"672\">Het gebruikt hele bonen voor maximale versheid en is volledig peulvrij, waardoor het een zero-waste oplossing is. Je krijgt een betere smaak, minder afval en bespaart op de lange termijn kosten.<\/p>\n<h3 class=\"\" data-start=\"674\" data-end=\"705\">Kan ik er ijskoffie mee zetten?<\/h3>\n<p class=\"\" data-start=\"706\" data-end=\"878\">Ja, en niet alleen gekoelde koffie - de <strong data-start=\"745\" data-end=\"758\">Koud schuim<\/strong> En <strong data-start=\"763\" data-end=\"775\">Over Ijs<\/strong> Dankzij de functies van het apparaat blijven uw drankjes sterk, verfrissend en smaakvol, ook als u ze over ijs giet.<\/p>\n<\/div>\n<\/div>\n<\/div>\n<\/div>\n<div class=\"product-block-list__item product-block-list__item--reviews\">\n<div class=\"card\">\n<div class=\"card__section\">\n<div class=\"product-pricing-guarantee-image\"><img decoding=\"async\" src=\"https:\/\/www.homecoffeesolutions.com\/cdn\/shop\/t\/162\/assets\/icon-product-pricing-guarantee.png?v=167166774008428846021734391559\" alt=\"\" \/><\/div>\n<p>This product is eligible for price matching with both ourselves and other businesses up to 90 days after purchase. Shop now with security and get the best price, guaranteed.<\/p>\n<\/div>\n<\/div>\n<\/div>","protected":false},"excerpt":{"rendered":"<p>Ontdek de DeLonghi Eletta Explore, de enige volautomatische espressomachine met zowel warme als koude schuimtechnologie. Zet thuis meer dan 40 caf\u00e9-achtige drankjes, inclusief ijskoffie, met \u00e9\u00e9n druk op de knop. Koop online met een prijsgarantie en gratis verzending.<\/p>","protected":false},"featured_media":21398,"comment_status":"open","ping_status":"closed","template":"","meta":[],"product_cat":[50],"product_tag":[],"class_list":{"0":"post-21397","1":"product","2":"type-product","3":"status-publish","4":"has-post-thumbnail","6":"product_cat-delonghi-espresso-machines","8":"first","9":"instock","10":"sale","11":"shipping-taxable","12":"purchasable","13":"product-type-simple","14":"col-xs-6 col-sm-4","15":"col-md-3 col-lg-3","16":"un-4-cols"},"jetpack_sharing_enabled":true,"_links":{"self":[{"href":"https:\/\/bestathomeespressomachine.com\/nl\/wp-json\/wp\/v2\/product\/21397","targetHints":{"allow":["GET"]}}],"collection":[{"href":"https:\/\/bestathomeespressomachine.com\/nl\/wp-json\/wp\/v2\/product"}],"about":[{"href":"https:\/\/bestathomeespressomachine.com\/nl\/wp-json\/wp\/v2\/types\/product"}],"replies":[{"embeddable":true,"href":"https:\/\/bestathomeespressomachine.com\/nl\/wp-json\/wp\/v2\/comments?post=21397"}],"version-history":[{"count":3,"href":"https:\/\/bestathomeespressomachine.com\/nl\/wp-json\/wp\/v2\/product\/21397\/revisions"}],"predecessor-version":[{"id":22368,"href":"https:\/\/bestathomeespressomachine.com\/nl\/wp-json\/wp\/v2\/product\/21397\/revisions\/22368"}],"wp:featuredmedia":[{"embeddable":true,"href":"https:\/\/bestathomeespressomachine.com\/nl\/wp-json\/wp\/v2\/media\/21398"}],"wp:attachment":[{"href":"https:\/\/bestathomeespressomachine.com\/nl\/wp-json\/wp\/v2\/media?parent=21397"}],"wp:term":[{"taxonomy":"product_cat","embeddable":true,"href":"https:\/\/bestathomeespressomachine.com\/nl\/wp-json\/wp\/v2\/product_cat?post=21397"},{"taxonomy":"product_tag","embeddable":true,"href":"https:\/\/bestathomeespressomachine.com\/nl\/wp-json\/wp\/v2\/product_tag?post=21397"}],"curies":[{"name":"wp","href":"https:\/\/api.w.org\/{rel}","templated":true}]}}