{"id":21792,"date":"2025-01-06T17:20:41","date_gmt":"2025-01-06T17:20:41","guid":{"rendered":"https:\/\/bestathomeespressomachine.com\/?post_type=product&#038;p=21792"},"modified":"2025-04-27T11:20:50","modified_gmt":"2025-04-27T11:20:50","slug":"buy-philips-saeco-espresso-machine-decalcifier","status":"publish","type":"product","link":"https:\/\/bestathomeespressomachine.com\/nl\/product\/buy-philips-saeco-espresso-machine-decalcifier\/","title":{"rendered":"Philips Saeco Espresso Machine Decalcifier 250 ml CA6700\/47 (6 Pack)"},"content":{"rendered":"<h2 class=\"\" data-start=\"190\" data-end=\"278\">Verbeter uw koffie-ervaring met de Philips Saeco Espresso Machine Ontkalker 250 ml<\/h2>\n<p class=\"\" data-start=\"280\" data-end=\"564\">Koop de Philips Saeco Espresso Machine Ontkalker. Zorg ervoor dat uw Philips Saeco espressomachine optimaal presteert met de Philips Saeco Espresso Machine Ontkalker 250 ml (model CA6700\/47). Deze speciaal samengestelde ontkalker verwijdert kalkaanslag en voorkomt opbouw, waardoor de rijke, authentieke smaak van uw koffie behouden blijft.<\/p>\n<p>&nbsp;<\/p>\n<div class=\"text-base my-auto mx-auto py-5 [--thread-content-margin:--spacing(4)] @[37rem]:[--thread-content-margin:--spacing(6)] @[70rem]:[--thread-content-margin:--spacing(12)] px-(--thread-content-margin)\">\n<div class=\"[--thread-content-max-width:32rem] @[34rem]:[--thread-content-max-width:40rem] @[64rem]:[--thread-content-max-width:48rem] mx-auto flex max-w-(--thread-content-max-width) flex-1 text-base gap-4 md:gap-5 lg:gap-6 group\/turn-messages focus-visible:outline-hidden\" tabindex=\"-1\">\n<div class=\"group\/conversation-turn relative flex w-full min-w-0 flex-col agent-turn\">\n<div class=\"relative flex-col gap-1 md:gap-3\">\n<div class=\"flex max-w-full flex-col grow\">\n<div class=\"min-h-8 text-message relative flex w-full flex-col items-end gap-2 text-start break-words whitespace-normal [.text-message+&amp;]:mt-5\" dir=\"auto\" data-message-author-role=\"assistant\" data-message-id=\"86c7386e-e36c-47b5-ba0f-b793aa17a1e7\" data-message-model-slug=\"gpt-4o\">\n<div class=\"flex w-full flex-col gap-1 empty:hidden first:pt-[3px]\">\n<div class=\"markdown prose dark:prose-invert w-full break-words light\">\n<div class=\"no-scrollbar mt-1 mb-6 flex min-h-36 flex-nowrap gap-0.5 overflow-auto sm:gap-1 sm:overflow-hidden xl:min-h-44\">\n<div class=\"border-token-border-default relative aspect-square max-h-48 w-32 shrink-0 overflow-hidden rounded-xl border-[0.5px] sm:w-[calc((100%-1rem)\/4)] md:shrink rounded-s-xl\">\n<div><img fetchpriority=\"high\" decoding=\"async\" class=\"bg-token-main-surface-tertiary m-0 h-full w-full object-cover alignnone\" src=\"https:\/\/images.philips.com\/is\/image\/philipsconsumer\/vrs_e0650b39d99118573fff9e2c90bd55c54d6b7907?%24pnglarge%24=&amp;hei=700&amp;wid=700\" alt=\"Philips Saeco Espressomachine Ontkalker \" width=\"700\" height=\"700\" \/><\/div>\n<\/div>\n<div class=\"border-token-border-default relative aspect-square max-h-48 w-32 shrink-0 overflow-hidden rounded-xl border-[0.5px] sm:w-[calc((100%-1rem)\/4)] md:shrink\">\n<div><img decoding=\"async\" class=\"bg-token-main-surface-tertiary m-0 h-full w-full object-cover alignnone\" src=\"https:\/\/images.philips.com\/is\/image\/philipsconsumer\/vrs_71daff27a38115f8b799c8f2aac488459acb1b7b?%24pnglarge%24=&amp;hei=700&amp;wid=700\" alt=\"Philips Saeco Espresso \" width=\"700\" height=\"700\" \/><\/div>\n<\/div>\n<div class=\"border-token-border-default relative aspect-square max-h-48 w-32 shrink-0 overflow-hidden rounded-xl border-[0.5px] sm:w-[calc((100%-1rem)\/4)] md:shrink\">\n<div><img decoding=\"async\" class=\"bg-token-main-surface-tertiary m-0 h-full w-full object-cover alignnone\" src=\"https:\/\/images.philips.com\/is\/image\/philipsconsumer\/vrs_363c7e687acaa06c49d604ce435da3964d2c4135?%24pnglarge%24=&amp;wid=960\" alt=\"Philips Saeco Espressomachine Ontkalker \" width=\"960\" height=\"600\" \/><\/div>\n<\/div>\n<div class=\"border-token-border-default relative aspect-square max-h-48 w-32 shrink-0 overflow-hidden rounded-xl border-[0.5px] sm:w-[calc((100%-1rem)\/4)] md:shrink rounded-e-xl\">\n<div><img loading=\"lazy\" decoding=\"async\" class=\"bg-token-main-surface-tertiary m-0 h-full w-full object-cover alignnone\" src=\"https:\/\/i5.walmartimages.com\/asr\/181eed52-fcdd-496a-a1fc-022014dfff35.b2be1d5db50142dd1c7b8f981506f52d.jpeg?odnBg=FFFFFF&amp;odnHeight=768&amp;odnWidth=768\" alt=\"Philips Saeco Espressomachine Ontkalker \" width=\"768\" height=\"768\" \/><\/div>\n<\/div>\n<\/div>\n<hr class=\"\" data-start=\"185\" data-end=\"188\" \/>\n<hr class=\"\" data-start=\"566\" data-end=\"569\" \/>\n<h2 class=\"\" data-start=\"571\" data-end=\"611\">Waarom kiezen voor een Philips Saeco ontkalker?<\/h2>\n<h3 class=\"\" data-start=\"613\" data-end=\"644\">Bescherm de kwaliteit van uw koffie<\/h3>\n<p class=\"\" data-start=\"646\" data-end=\"846\">Minerale afzettingen kunnen zowel de smaak als de prestaties van uw apparaat aantasten. Met de Philips Saeco espressomachine-ontkalker behoudt uw koffie zijn frisse en levendige smaak.<\/p>\n<h3 class=\"\" data-start=\"848\" data-end=\"875\">Verleng de levensduur van de machine<\/h3>\n<p class=\"\" data-start=\"877\" data-end=\"1036\">Regelmatig ontkalken met de Philips Saeco Ontkalker verlengt de levensduur van uw koffiezetapparaat. Zo blijft uw investering beschermd en kunt u jarenlang genieten van heerlijke koffie.<\/p>\n<hr class=\"\" data-start=\"1038\" data-end=\"1041\" \/>\n<h2 class=\"\" data-start=\"1043\" data-end=\"1058\">Belangrijkste kenmerken<\/h2>\n<ul data-start=\"1060\" data-end=\"1285\">\n<li class=\"\" data-start=\"1060\" data-end=\"1082\">\n<p class=\"\" data-start=\"1062\" data-end=\"1082\"><strong data-start=\"1062\" data-end=\"1074\">Capaciteit<\/strong>: 250 ml<\/p>\n<\/li>\n<li class=\"\" data-start=\"1083\" data-end=\"1103\">\n<p class=\"\" data-start=\"1085\" data-end=\"1103\"><strong data-start=\"1085\" data-end=\"1094\">Merk<\/strong>:Philips<\/p>\n<\/li>\n<li class=\"\" data-start=\"1104\" data-end=\"1126\">\n<p class=\"\" data-start=\"1106\" data-end=\"1126\"><strong data-start=\"1106\" data-end=\"1115\">Model<\/strong>: CA6700\/47<\/p>\n<\/li>\n<li class=\"\" data-start=\"1127\" data-end=\"1188\">\n<p class=\"\" data-start=\"1129\" data-end=\"1188\"><strong data-start=\"1129\" data-end=\"1146\">Verenigbaarheid<\/strong>: Geschikt voor alle Saeco espressomachines<\/p>\n<\/li>\n<li class=\"\" data-start=\"1189\" data-end=\"1285\">\n<p class=\"\" data-start=\"1191\" data-end=\"1285\"><strong data-start=\"1191\" data-end=\"1206\">Sollicitatie<\/strong>: Ideaal voor regelmatig ontkalken om de effici\u00ebntie van het apparaat en de kwaliteit van de koffie te behouden<\/p>\n<\/li>\n<\/ul>\n<hr class=\"\" data-start=\"1287\" data-end=\"1290\" \/>\n<h2 class=\"\" data-start=\"1292\" data-end=\"1303\">Benefits<\/h2>\n<ul data-start=\"1305\" data-end=\"1846\">\n<li class=\"\" data-start=\"1305\" data-end=\"1464\">\n<p class=\"\" data-start=\"1307\" data-end=\"1464\"><strong data-start=\"1307\" data-end=\"1332\">Verbeterde koffiesmaak<\/strong>Regelmatig ontkalken helpt de oorspronkelijke smaak en het aroma van uw koffie te behouden, doordat het mineraalafzettingen voorkomt die de smaak kunnen be\u00efnvloeden.<\/p>\n<\/li>\n<li class=\"\" data-start=\"1465\" data-end=\"1606\">\n<p class=\"\" data-start=\"1467\" data-end=\"1606\"><strong data-start=\"1467\" data-end=\"1490\">Optimale temperatuur<\/strong>: Verwijdert kalkaanslag die de verwarmingselementen kan aantasten, zodat uw koffie op de perfecte temperatuur wordt gezet.<\/p>\n<\/li>\n<li class=\"\" data-start=\"1607\" data-end=\"1713\">\n<p class=\"\" data-start=\"1609\" data-end=\"1713\"><strong data-start=\"1609\" data-end=\"1630\">Levensduur van de machine<\/strong>: Beschermt interne componenten tegen corrosie en slijtage veroorzaakt door kalkaanslag.<\/p>\n<\/li>\n<li class=\"\" data-start=\"1714\" data-end=\"1846\">\n<p class=\"\" data-start=\"1716\" data-end=\"1846\"><strong data-start=\"1716\" data-end=\"1736\">Philips goedgekeurd<\/strong>: Speciaal ontwikkeld en goedgekeurd door Philips voor Saeco espressomachines, voor veilig en effectief gebruik.<\/p>\n<\/li>\n<\/ul>\n<hr class=\"\" data-start=\"1848\" data-end=\"1851\" \/>\n<h2 class=\"\" data-start=\"1853\" data-end=\"1874\">Gebruiksaanwijzing<\/h2>\n<ol data-start=\"1876\" data-end=\"2377\">\n<li class=\"\" data-start=\"1876\" data-end=\"1963\">\n<p class=\"\" data-start=\"1879\" data-end=\"1963\"><strong data-start=\"1879\" data-end=\"1894\">Voorbereiding<\/strong>: Verwijder het waterreservoir en eventuele waterfilters uit uw apparaat.<\/p>\n<\/li>\n<li class=\"\" data-start=\"1964\" data-end=\"2080\">\n<p class=\"\" data-start=\"1967\" data-end=\"2080\"><strong data-start=\"1967\" data-end=\"1979\">Verdunning<\/strong>: Meng 250 ml ontkalker met een gelijke hoeveelheid water (250 ml) om de ontkalkingsoplossing te maken.<\/p>\n<\/li>\n<li class=\"\" data-start=\"2081\" data-end=\"2210\">\n<p class=\"\" data-start=\"2084\" data-end=\"2210\"><strong data-start=\"2084\" data-end=\"2105\">Ontkalkingsproces<\/strong>Giet de oplossing in het waterreservoir en start het ontkalkingsprogramma op uw espressomachine.<\/p>\n<\/li>\n<li class=\"\" data-start=\"2211\" data-end=\"2377\">\n<p class=\"\" data-start=\"2214\" data-end=\"2377\"><strong data-start=\"2214\" data-end=\"2228\">Voltooiing<\/strong>: Zodra de ontkalkingscyclus is voltooid, spoelt u het waterreservoir grondig en laat u schoon water door het apparaat lopen om eventuele resten ontkalker te verwijderen.<\/p>\n<\/li>\n<\/ol>\n<p class=\"\" data-start=\"2379\" data-end=\"2525\">Regelmatig ontkalken is essentieel, vooral als u hard water hebt, om de prestaties van uw espressomachine en de kwaliteit van uw koffie te behouden.<\/p>\n<hr class=\"\" data-start=\"2527\" data-end=\"2530\" \/>\n<h2 class=\"\" data-start=\"2532\" data-end=\"2606\">Waar kan ik de Philips Saeco Espresso Machine Ontkalker 250 ml (6-pack) kopen?<\/h2>\n<p class=\"\" data-start=\"2608\" data-end=\"2704\">Koop de Philips Saeco Espresso Machine Ontkalker 250 ml CA6700\/47 bij vertrouwde retailers:<\/p>\n<ul data-start=\"2706\" data-end=\"3091\">\n<li class=\"\" data-start=\"2706\" data-end=\"2801\">\n<p class=\"\" data-start=\"2708\" data-end=\"2801\"><a href=\"https:\/\/bestathomeespressomachine.com\/nl\/product\/philips-3200-lattego-super-automatic-espresso-iced-coffee-latte-machine-ep3241-74\/\">Onze winkel<\/a><\/p>\n<\/li>\n<\/ul>\n<p class=\"\" data-start=\"3093\" data-end=\"3189\">Koop vandaag nog online authentieke ontkalkingsoplossingen van Philips of Saeco met snelle bezorging!<\/p>\n<hr class=\"\" data-start=\"3191\" data-end=\"3194\" \/>\n<h2 class=\"\" data-start=\"3196\" data-end=\"3269\">Veelgestelde vragen over Philips Saeco Espresso Machine Ontkalker 250 ml CA6700\/47<\/h2>\n<h3 class=\"\" data-start=\"3271\" data-end=\"3333\">Kan ik de Philips Saeco Decalcifier gebruiken op apparaten die niet van Saeco zijn?<\/h3>\n<p class=\"\" data-start=\"3335\" data-end=\"3493\">Hoewel het speciaal is ontwikkeld voor Philips- of Saeco-espressomachines, is het mogelijk ook geschikt voor andere merken. Controleer altijd de aanbevelingen van de fabrikant voor gebruik.<\/p>\n<h3 class=\"\" data-start=\"3495\" data-end=\"3560\">Hoe vaak moet ik mijn Philips Saeco espressomachine ontkalken?<\/h3>\n<p class=\"\" data-start=\"3562\" data-end=\"3711\">Het is aan te raden om uw apparaat elke 2 \u00e0 3 maanden te ontkalken of wanneer de ontkalkingsindicator gaat branden, afhankelijk van de waterhardheid en de gebruiksfrequentie.<\/p>\n<h3 class=\"\" data-start=\"3713\" data-end=\"3789\">Is \u00e9\u00e9n fles Philips Saeco Ontkalker voldoende voor \u00e9\u00e9n ontkalkingsbeurt?<\/h3>\n<p class=\"\" data-start=\"3791\" data-end=\"3891\">Ja, doorgaans is \u00e9\u00e9n fles van 250 ml voldoende voor \u00e9\u00e9n volledige ontkalkingscyclus en garandeert een grondige reiniging.<\/p>\n<h3 class=\"\" data-start=\"3893\" data-end=\"3969\">Waarom moet ik Philips Saeco Decalcifier gebruiken in plaats van algemene ontkalkers?<\/h3>\n<p class=\"\" data-start=\"3971\" data-end=\"4118\">De Saeco van Philips is speciaal ontwikkeld om veilig en effectief te zijn voor uw specifieke machinemodel, en garandeert optimale bescherming en prestaties.<\/p>\n<hr class=\"\" data-start=\"4120\" data-end=\"4123\" \/>\n<h2 class=\"\" data-start=\"4125\" data-end=\"4207\">Koop Philips Saeco Espresso Machine Ontkalker 250 ml CA6700\/47 (6-pack) online<\/h2>\n<p class=\"\" data-start=\"4209\" data-end=\"4456\">Bescherm uw investering en geniet elke dag van heerlijke koffie met de beste ontkalker voor espressomachines van Saeco by Philips. Bestel vandaag nog uw Philips Saeco ontkalker 250 ml (6-pack) voor probleemloos onderhoud en optimale prestaties van uw koffiemachine!<\/p>\n<p class=\"\" data-start=\"4458\" data-end=\"4571\">\ud83d\udc49 <a class=\"\" href=\"https:\/\/www.usa.philips.com\/c-p\/CA6700_47\/espresso-machine-descaler\" target=\"_new\" rel=\"noopener nofollow\" data-start=\"4461\" data-end=\"4571\">Koop nu en blijf optimaal brouwen!<\/a><\/p>\n<\/div>\n<\/div>\n<\/div>\n<\/div>\n<\/div>\n<\/div>\n<\/div>\n<\/div>\n<div class=\"text-base my-auto mx-auto py-5 [--thread-content-margin:--spacing(4)] @[37rem]:[--thread-content-margin:--spacing(6)] @[70rem]:[--thread-content-margin:--spacing(12)] px-(--thread-content-margin)\">\n<div class=\"[--thread-content-max-width:32rem] @[34rem]:[--thread-content-max-width:40rem] @[64rem]:[--thread-content-max-width:48rem] mx-auto flex max-w-(--thread-content-max-width) flex-1 text-base gap-4 md:gap-5 lg:gap-6 group\/turn-messages focus-visible:outline-hidden\" tabindex=\"-1\">\n<div class=\"group\/conversation-turn relative flex w-full min-w-0 flex-col agent-turn\">\n<div class=\"relative flex-col gap-1 md:gap-3\">\n<div class=\"flex max-w-full flex-col grow\">\n<div class=\"min-h-8 text-message relative flex w-full flex-col items-end gap-2 text-start break-words whitespace-normal [.text-message+&amp;]:mt-5\" dir=\"auto\" data-message-author-role=\"assistant\" data-message-id=\"86c7386e-e36c-47b5-ba0f-b793aa17a1e7\" data-message-model-slug=\"gpt-4o\">\n<div class=\"flex w-full flex-col gap-1 empty:hidden first:pt-[3px]\">\n<div class=\"markdown prose dark:prose-invert w-full break-words light\"><\/div>\n<\/div>\n<\/div>\n<\/div>\n<\/div>\n<\/div>\n<\/div>\n<\/div>","protected":false},"excerpt":{"rendered":"<p>Houd uw Philips Saeco espressomachine in topconditie met de Philips Saeco Espresso Machine Ontkalker 250 ml CA6700\/47. Een 6-pack oplossing om de levensduur van uw koffiezetapparaat te verlengen en de beste kwaliteit te behouden.<\/p>","protected":false},"featured_media":21794,"comment_status":"open","ping_status":"closed","template":"","meta":[],"product_cat":[49],"product_tag":[],"class_list":{"0":"post-21792","1":"product","2":"type-product","3":"status-publish","4":"has-post-thumbnail","6":"product_cat-philips-espresso-machines","8":"first","9":"instock","10":"shipping-taxable","11":"purchasable","12":"product-type-simple","13":"col-xs-6 col-sm-4","14":"col-md-3 col-lg-3","15":"un-4-cols"},"jetpack_sharing_enabled":true,"_links":{"self":[{"href":"https:\/\/bestathomeespressomachine.com\/nl\/wp-json\/wp\/v2\/product\/21792","targetHints":{"allow":["GET"]}}],"collection":[{"href":"https:\/\/bestathomeespressomachine.com\/nl\/wp-json\/wp\/v2\/product"}],"about":[{"href":"https:\/\/bestathomeespressomachine.com\/nl\/wp-json\/wp\/v2\/types\/product"}],"replies":[{"embeddable":true,"href":"https:\/\/bestathomeespressomachine.com\/nl\/wp-json\/wp\/v2\/comments?post=21792"}],"version-history":[{"count":6,"href":"https:\/\/bestathomeespressomachine.com\/nl\/wp-json\/wp\/v2\/product\/21792\/revisions"}],"predecessor-version":[{"id":22305,"href":"https:\/\/bestathomeespressomachine.com\/nl\/wp-json\/wp\/v2\/product\/21792\/revisions\/22305"}],"wp:featuredmedia":[{"embeddable":true,"href":"https:\/\/bestathomeespressomachine.com\/nl\/wp-json\/wp\/v2\/media\/21794"}],"wp:attachment":[{"href":"https:\/\/bestathomeespressomachine.com\/nl\/wp-json\/wp\/v2\/media?parent=21792"}],"wp:term":[{"taxonomy":"product_cat","embeddable":true,"href":"https:\/\/bestathomeespressomachine.com\/nl\/wp-json\/wp\/v2\/product_cat?post=21792"},{"taxonomy":"product_tag","embeddable":true,"href":"https:\/\/bestathomeespressomachine.com\/nl\/wp-json\/wp\/v2\/product_tag?post=21792"}],"curies":[{"name":"wp","href":"https:\/\/api.w.org\/{rel}","templated":true}]}}