{"id":21796,"date":"2025-01-06T17:25:02","date_gmt":"2025-01-06T17:25:02","guid":{"rendered":"https:\/\/bestathomeespressomachine.com\/?post_type=product&#038;p=21796"},"modified":"2025-04-27T11:28:37","modified_gmt":"2025-04-27T11:28:37","slug":"best-semi-automatic-espresso-machine","status":"publish","type":"product","link":"https:\/\/bestathomeespressomachine.com\/nl\/product\/best-semi-automatic-espresso-machine\/","title":{"rendered":"Philips Barista Brew Semi-automatische Espressomachine PSA3218\/01 (Zilver)"},"content":{"rendered":"<h2 class=\"\" data-start=\"644\" data-end=\"717\">Beheers de kunst van koffie met de beste semi-automatische espressomachine<\/h2>\n<p class=\"\" data-start=\"719\" data-end=\"1035\">Verbeter uw thuisbrouwervaring met de <strong data-start=\"765\" data-end=\"832\">Philips Barista Brew beste semi-automatische espressomachine PSA3218\/01<\/strong>. Ontworpen voor koffieliefhebbers die verlangen naar variatie en precisie, deze <strong data-start=\"899\" data-end=\"934\">halfautomatische espressomachine<\/strong> Hiermee kunt u in uw eigen keuken koffie, lattes en cappuccino&#039;s van baristakwaliteit maken.<\/p>\n<hr class=\"\" data-start=\"1037\" data-end=\"1040\" \/>\n<h2 class=\"\" data-start=\"1042\" data-end=\"1140\">Ontdek koffievariatie met de Philips Barista Brew semi-automatische espressomachine PSA3218\/01<\/h2>\n<h3 class=\"\" data-start=\"1142\" data-end=\"1186\">280g dubbele bonencontainer met aroma-afdichting<\/h3>\n<p class=\"\" data-start=\"1188\" data-end=\"1452\">Met zijn dubbele bonenreservoir is de <strong data-start=\"1222\" data-end=\"1289\">Philips Barista Brew Automatische Espressomachine PSA3218\/01<\/strong> Hiermee kunt u verschillende koffiebonen tegelijkertijd uitproberen. <strong data-start=\"1350\" data-end=\"1364\">aroma zegel<\/strong> houdt de versheid en smaak vast, waardoor elk kopje barst van de rijke, aromatische tonen.<\/p>\n<hr class=\"\" data-start=\"1454\" data-end=\"1457\" \/>\n<h2 class=\"\" data-start=\"1459\" data-end=\"1518\">Professionele zetgereedschappen voor uitstekende espresso<\/h2>\n<h3 class=\"\" data-start=\"1520\" data-end=\"1556\">58 mm roestvrijstalen filterhouder<\/h3>\n<p class=\"\" data-start=\"1558\" data-end=\"1780\">De <strong data-start=\"1562\" data-end=\"1598\">58 mm roestvrijstalen filterhouder<\/strong> zorgt voor een consistente waterverdeling en een perfecte extractie, waardoor u elke keer espresso van caf\u00e9kwaliteit kunt maken met een rijke crema. <strong data-start=\"1744\" data-end=\"1779\">halfautomatische espressomachine<\/strong>.<\/p>\n<h3 class=\"\" data-start=\"1782\" data-end=\"1811\">Premium gekalibreerde sabotage<\/h3>\n<p class=\"\" data-start=\"1813\" data-end=\"2035\">Inbegrepen bij de <strong data-start=\"1831\" data-end=\"1898\">Philips Barista Brew beste automatische espressomachine PSA3218\/01<\/strong>, de <strong data-start=\"1904\" data-end=\"1941\">gekalibreerde roestvrijstalen sabotage<\/strong> garandeert een perfecte aanstampdruk, waardoor elk shot zacht, smaakvol en goed ge\u00ebxtraheerd is.<\/p>\n<hr class=\"\" data-start=\"2037\" data-end=\"2040\" \/>\n<h2 class=\"\" data-start=\"2042\" data-end=\"2115\">Perfectioneer uw koffiecreaties met de Philips Barista Brew PSA3218\/01<\/h2>\n<h3 class=\"\" data-start=\"2117\" data-end=\"2147\">One-Touch Americano-knop<\/h3>\n<p class=\"\" data-start=\"2149\" data-end=\"2306\">Geniet met \u00e9\u00e9n druk op de knop van authentieke Americano&#039;s, dankzij de ge\u00efntegreerde warmwateruitlaat die is ontworpen voor eenvoud en gemak in dit <strong data-start=\"2287\" data-end=\"2305\">koffiezetapparaat<\/strong>.<\/p>\n<h3 class=\"\" data-start=\"2308\" data-end=\"2373\">Krachtige stoompijp en ml temperatuurperfectiemelkkan<\/h3>\n<p class=\"\" data-start=\"2375\" data-end=\"2633\">Maak romige lattes en zijdezachte cappuccino&#039;s met de <strong data-start=\"2427\" data-end=\"2450\">krachtige stoompijp<\/strong> en 450\u00a0<strong data-start=\"2455\" data-end=\"2473\">450ml melkkan<\/strong> inbegrepen bij de <a href=\"https:\/\/bestathomeespressomachine.com\/nl\/product\/philips-barista-brew-semi-automatic-espresso-machine-with-dual-bean-hopper-psa3228-01-silver\/\"><strong data-start=\"2492\" data-end=\"2559\">Philips Barista <\/strong><\/a><strong data-start=\"2492\" data-end=\"2559\">Brew Semi-automatische Espressomachine PSA3218\/01<\/strong>De temperatuurstrip op de kan zorgt ervoor dat het schuim altijd de perfecte temperatuur heeft.<\/p>\n<h3 class=\"\" data-start=\"2635\" data-end=\"2664\">Ge\u00efntegreerde drukmeter<\/h3>\n<p class=\"\" data-start=\"2666\" data-end=\"2873\">De <strong data-start=\"2670\" data-end=\"2688\">drukmeter<\/strong> op de <strong data-start=\"2696\" data-end=\"2763\">Philips Barista Brew Automatische Espressomachine PSA3218\/01<\/strong> houdt u op de hoogte van het zetproces en zorgt ervoor dat u altijd een optimale espresso-extractie bereikt.<\/p>\n<h3 class=\"\" data-start=\"2875\" data-end=\"2913\">Aanrechtvriendelijk aandruksysteem<\/h3>\n<p class=\"\" data-start=\"2915\" data-end=\"3040\">Bescherm uw aanrechtbladen met de ge\u00efntegreerde rubberen basis van het aanstampsysteem, dat is ontworpen voor gemak en professionele resultaten.<\/p>\n<hr class=\"\" data-start=\"3042\" data-end=\"3045\" \/>\n<h2 class=\"\" data-start=\"3047\" data-end=\"3097\">Geavanceerde zettechnologie voor het perfecte kopje koffie<\/h2>\n<p class=\"\" data-start=\"3099\" data-end=\"3225\">De <strong data-start=\"3103\" data-end=\"3170\">Philips Barista Brew Semi-Espressomachine PSA3218\/01<\/strong> zit boordevol geavanceerde koffiezettechnologie:<\/p>\n<ul data-start=\"3227\" data-end=\"3436\">\n<li class=\"\" data-start=\"3227\" data-end=\"3300\">\n<p class=\"\" data-start=\"3229\" data-end=\"3300\"><strong data-start=\"3229\" data-end=\"3256\">PID-temperatuurregeling<\/strong>: Garandeert een consistente zettemperatuur.<\/p>\n<\/li>\n<li class=\"\" data-start=\"3301\" data-end=\"3436\">\n<p class=\"\" data-start=\"3303\" data-end=\"3436\"><strong data-start=\"3303\" data-end=\"3330\">Pre-infusietechnologie<\/strong>: Verzadigt de koffie gelijkmatig voordat de volledige druk wordt toegepast, waardoor een evenwichtige, volle smaak ontstaat.<\/p>\n<\/li>\n<\/ul>\n<hr class=\"\" data-start=\"3438\" data-end=\"3441\" \/>\n<h2 class=\"\" data-start=\"3443\" data-end=\"3492\">Elegant Europees design en effici\u00ebnt slijpen<\/h2>\n<p class=\"\" data-start=\"3494\" data-end=\"3604\">De <strong data-start=\"3498\" data-end=\"3565\">Philips Barista Brew Semi-automatische Espressomachine PSA3218\/01<\/strong> combineert esthetiek en functionaliteit:<\/p>\n<ul data-start=\"3606\" data-end=\"3921\">\n<li class=\"\" data-start=\"3606\" data-end=\"3718\">\n<p class=\"\" data-start=\"3608\" data-end=\"3718\"><strong data-start=\"3608\" data-end=\"3663\">Europees ontwerp met anti-vingerafdruk metalen behuizing<\/strong>: Een strakke, duurzame afwerking die er schoon en elegant uitziet.<\/p>\n<\/li>\n<li class=\"\" data-start=\"3719\" data-end=\"3921\">\n<p class=\"\" data-start=\"3721\" data-end=\"3921\"><strong data-start=\"3721\" data-end=\"3771\">Metalen conische braammolen met 15 maalgraden<\/strong>: Pas je maling aan, van superfijn voor espresso tot grof voor cold brew. Experimenteer met verschillende maalinstellingen om je favoriete recepten te perfectioneren.<\/p>\n<\/li>\n<\/ul>\n<hr class=\"\" data-start=\"3923\" data-end=\"3926\" \/>\n<h2 class=\"\" data-start=\"3928\" data-end=\"4020\">Accessoires meegeleverd bij de Philips Barista Brew Automatische Espressomachine PSA3218\/01<\/h2>\n<p class=\"\" data-start=\"4022\" data-end=\"4159\">Bij elke aankoop van de <strong data-start=\"4044\" data-end=\"4111\">Philips Barista Brew Automatische Espresso PSA3218\/01<\/strong> Bevat essenti\u00eble hulpmiddelen voor perfecte koffie:<\/p>\n<ul data-start=\"4161\" data-end=\"4288\">\n<li class=\"\" data-start=\"4161\" data-end=\"4174\">\n<p class=\"\" data-start=\"4163\" data-end=\"4174\">Portafilter<\/p>\n<\/li>\n<li class=\"\" data-start=\"4175\" data-end=\"4194\">\n<p class=\"\" data-start=\"4177\" data-end=\"4194\">4x filtermandjes<\/p>\n<\/li>\n<li class=\"\" data-start=\"4195\" data-end=\"4205\">\n<p class=\"\" data-start=\"4197\" data-end=\"4205\">Melkkan<\/p>\n<\/li>\n<li class=\"\" data-start=\"4206\" data-end=\"4230\">\n<p class=\"\" data-start=\"4208\" data-end=\"4230\">Roestvrijstalen sabotage<\/p>\n<\/li>\n<li class=\"\" data-start=\"4231\" data-end=\"4244\">\n<p class=\"\" data-start=\"4233\" data-end=\"4244\">Poederring<\/p>\n<\/li>\n<li class=\"\" data-start=\"4245\" data-end=\"4261\">\n<p class=\"\" data-start=\"4247\" data-end=\"4261\">Espresso Stand<\/p>\n<\/li>\n<li class=\"\" data-start=\"4262\" data-end=\"4288\">\n<p class=\"\" data-start=\"4264\" data-end=\"4288\">Reinigingsborstels en pinnen<\/p>\n<\/li>\n<\/ul>\n<hr class=\"\" data-start=\"4290\" data-end=\"4293\" \/>\n<h2 class=\"\" data-start=\"4295\" data-end=\"4389\">Technische specificaties van de Philips Barista Brew automatische espressomachine PSA3218\/01<\/h2>\n<div class=\"group pointer-events-none relative flex justify-center *:pointer-events-auto\">\n<p>&nbsp;<\/p>\n<div class=\"tableContainer horzScrollShadows relative\">\n<table class=\"min-w-full\" data-start=\"4391\" data-end=\"5206\">\n<thead data-start=\"4391\" data-end=\"4458\">\n<tr data-start=\"4391\" data-end=\"4458\">\n<th data-start=\"4391\" data-end=\"4425\"><strong data-start=\"4393\" data-end=\"4410\">Specificatie<\/strong><\/th>\n<th data-start=\"4425\" data-end=\"4458\"><strong data-start=\"4427\" data-end=\"4438\">Details<\/strong><\/th>\n<\/tr>\n<\/thead>\n<tbody data-start=\"4527\" data-end=\"5206\">\n<tr data-start=\"4527\" data-end=\"4594\">\n<td class=\"max-w-[calc(var(--thread-content-max-width)*2\/3)]\" data-start=\"4527\" data-end=\"4562\">Maalmateriaal<\/td>\n<td class=\"max-w-[calc(var(--thread-content-max-width)*2\/3)]\" data-start=\"4562\" data-end=\"4594\">Metaal<\/td>\n<\/tr>\n<tr data-start=\"4595\" data-end=\"4662\">\n<td class=\"max-w-[calc(var(--thread-content-max-width)*2\/3)]\" data-start=\"4595\" data-end=\"4630\">Pompdruk<\/td>\n<td class=\"max-w-[calc(var(--thread-content-max-width)*2\/3)]\" data-start=\"4630\" data-end=\"4662\">15 bar<\/td>\n<\/tr>\n<tr data-start=\"4663\" data-end=\"4730\">\n<td class=\"max-w-[calc(var(--thread-content-max-width)*2\/3)]\" data-start=\"4663\" data-end=\"4698\">Gewicht<\/td>\n<td class=\"max-w-[calc(var(--thread-content-max-width)*2\/3)]\" data-start=\"4698\" data-end=\"4730\">8,6 kg<\/td>\n<\/tr>\n<tr data-start=\"4731\" data-end=\"4798\">\n<td class=\"max-w-[calc(var(--thread-content-max-width)*2\/3)]\" data-start=\"4731\" data-end=\"4766\">Afmetingen (H x B x L)<\/td>\n<td class=\"max-w-[calc(var(--thread-content-max-width)*2\/3)]\" data-start=\"4766\" data-end=\"4798\">439 x 320 x 334 mm<\/td>\n<\/tr>\n<tr data-start=\"4799\" data-end=\"4866\">\n<td class=\"max-w-[calc(var(--thread-content-max-width)*2\/3)]\" data-start=\"4799\" data-end=\"4834\">Materiaal en kleur<\/td>\n<td class=\"max-w-[calc(var(--thread-content-max-width)*2\/3)]\" data-start=\"4834\" data-end=\"4866\">Metaal en zilver<\/td>\n<\/tr>\n<tr data-start=\"4867\" data-end=\"4934\">\n<td class=\"max-w-[calc(var(--thread-content-max-width)*2\/3)]\" data-start=\"4867\" data-end=\"4902\">Trechtercapaciteit<\/td>\n<td class=\"max-w-[calc(var(--thread-content-max-width)*2\/3)]\" data-start=\"4902\" data-end=\"4934\">280 gram<\/td>\n<\/tr>\n<tr data-start=\"4935\" data-end=\"5002\">\n<td class=\"max-w-[calc(var(--thread-content-max-width)*2\/3)]\" data-start=\"4935\" data-end=\"4970\">Spanning<\/td>\n<td class=\"max-w-[calc(var(--thread-content-max-width)*2\/3)]\" data-start=\"4970\" data-end=\"5002\">120V<\/td>\n<\/tr>\n<tr data-start=\"5003\" data-end=\"5070\">\n<td class=\"max-w-[calc(var(--thread-content-max-width)*2\/3)]\" data-start=\"5003\" data-end=\"5038\">Frequentie<\/td>\n<td class=\"max-w-[calc(var(--thread-content-max-width)*2\/3)]\" data-start=\"5038\" data-end=\"5070\">60 Hz<\/td>\n<\/tr>\n<tr data-start=\"5071\" data-end=\"5138\">\n<td class=\"max-w-[calc(var(--thread-content-max-width)*2\/3)]\" data-start=\"5071\" data-end=\"5106\">Snoerlengte<\/td>\n<td class=\"max-w-[calc(var(--thread-content-max-width)*2\/3)]\" data-start=\"5106\" data-end=\"5138\">1 meter<\/td>\n<\/tr>\n<tr data-start=\"5139\" data-end=\"5206\">\n<td class=\"max-w-[calc(var(--thread-content-max-width)*2\/3)]\" data-start=\"5139\" data-end=\"5174\">Koffietemperatuur<\/td>\n<td class=\"max-w-[calc(var(--thread-content-max-width)*2\/3)]\" data-start=\"5174\" data-end=\"5206\">Verstelbaar<\/td>\n<\/tr>\n<\/tbody>\n<\/table>\n<\/div>\n<\/div>\n<hr class=\"\" data-start=\"5208\" data-end=\"5211\" \/>\n<h2 class=\"\" data-start=\"5213\" data-end=\"5305\">Prijsgarantie voor de Philips Barista Brew Semi-automatische Espressomachine PSA3218\/01<\/h2>\n<p class=\"\" data-start=\"5307\" data-end=\"5540\">Winkel met vertrouwen, wetende dat de <strong data-start=\"5341\" data-end=\"5408\">Philips Barista Brew Automatische Espressomachine PSA3218\/01<\/strong> komt in aanmerking voor <b>prijsaanpassing.<\/b>\u00a0Vergelijk een lagere prijs met ons of andere geverifieerde retailers binnen <strong data-start=\"5508\" data-end=\"5519\">90 dagen<\/strong> na uw aankoop!<\/p>\n<hr class=\"\" data-start=\"5542\" data-end=\"5545\" \/>\n<h2 class=\"\" data-start=\"5547\" data-end=\"5626\">Waar kan ik de Philips Barista Brew Semi-automatische Espressomachine PSA3218\/01 kopen?<\/h2>\n<p class=\"\" data-start=\"5628\" data-end=\"5782\">Klaar om je koffie-ervaring thuis naar een hoger niveau te tillen? Koop de <strong data-start=\"5687\" data-end=\"5754\">Philips Barista Brew Espressomachine PSA3218\/01<\/strong> bij deze vertrouwde retailers:<\/p>\n<ul data-start=\"5784\" data-end=\"5915\">\n<li class=\"\" data-start=\"5784\" data-end=\"5829\">\n<p class=\"\" data-start=\"5786\" data-end=\"5829\"><strong data-start=\"5786\" data-end=\"5819\">Offici\u00eble Philips-website<\/strong> (Index \u2705)<\/p>\n<\/li>\n<li class=\"\" data-start=\"5830\" data-end=\"5857\">\n<p class=\"\" data-start=\"5832\" data-end=\"5857\"><strong data-start=\"5832\" data-end=\"5847\">Amazon<\/strong> (Index \u2705)<\/p>\n<\/li>\n<li class=\"\" data-start=\"5858\" data-end=\"5887\">\n<p class=\"\" data-start=\"5860\" data-end=\"5887\"><strong data-start=\"5860\" data-end=\"5877\">Beste Koop<\/strong> (Index \u2705)<\/p>\n<\/li>\n<li class=\"\" data-start=\"5888\" data-end=\"5915\">\n<p class=\"\" data-start=\"5890\" data-end=\"5915\"><strong data-start=\"5890\" data-end=\"5905\">Doel<\/strong> (Index \u2705)<\/p>\n<\/li>\n<\/ul>\n<p class=\"\" data-start=\"5917\" data-end=\"6008\">Profiteer van veilig afrekenen, gratis verzendopties en speciale bundelaanbiedingen bij online aankopen!<\/p>\n<hr class=\"\" data-start=\"6010\" data-end=\"6013\" \/>\n<h2 class=\"\" data-start=\"6015\" data-end=\"6092\">Veelgestelde vragen over de Philips Barista Brew semi-automatische espressomachine PSA3218\/01<\/h2>\n<h3 class=\"\" data-start=\"6094\" data-end=\"6187\">Is de Philips Barista Brew Semi-Automatische Espressomachine PSA3218\/01 geschikt voor beginners?<\/h3>\n<p class=\"\" data-start=\"6189\" data-end=\"6359\">Jazeker! Hoewel hij is ontworpen met professionele functies, maken de intu\u00eftieve bediening en meegeleverde accessoires hem perfect voor zowel beginners als ervaren thuisbarista&#039;s.<\/p>\n<h3 class=\"\" data-start=\"6361\" data-end=\"6451\">Hoe onderhoud ik de Philips Barista Brew Semi-Automatische Espressomachine PSA3218\/01?<\/h3>\n<p class=\"\" data-start=\"6453\" data-end=\"6648\">Regelmatig reinigen van het filterdrager, de filtermandjes, het stoompijpje en de molen is eenvoudig met de meegeleverde reinigingstools. Regelmatig onderhoud zorgt ervoor dat uw machine elke keer weer heerlijke koffie levert.<\/p>\n<h3 class=\"\" data-start=\"6650\" data-end=\"6761\">Kan ik cappuccino&#039;s en latte&#039;s maken met de Philips Barista Brew Automatische Espressomachine PSA3218\/01?<\/h3>\n<p class=\"\" data-start=\"6763\" data-end=\"6930\">Absoluut! De <strong data-start=\"6779\" data-end=\"6802\">krachtige stoompijp<\/strong> En <strong data-start=\"6807\" data-end=\"6842\">temperatuur-perfecte melkkan<\/strong> maakt het mogelijk om microschuim van baristakwaliteit te maken voor cappuccino&#039;s, latte&#039;s en flat whites.<\/p>\n<h3 class=\"\" data-start=\"6932\" data-end=\"7000\">Wat is het verschil tussen de modellen PSA3218\/01 en PSA3228\/01?<\/h3>\n<p class=\"\" data-start=\"7002\" data-end=\"7255\">Hoewel beide modellen uitstekende functies bieden, <strong data-start=\"7050\" data-end=\"7085\">Philips Barista Brew PSA3228\/01<\/strong> kan een paar extra functionaliteiten bevatten. Echter, de <strong data-start=\"7140\" data-end=\"7154\">PSA3218\/01<\/strong> blijft een van de <strong data-start=\"7174\" data-end=\"7215\">beste semi-automatische espressomachines<\/strong> vanwege de waarde, prestaties en het ontwerp.<\/p>\n<h3 class=\"\" data-start=\"7257\" data-end=\"7361\">Heeft de Philips Barista Brew Automatische Espressomachine PSA3218\/01 een instelbare maalgraad?<\/h3>\n<p class=\"\" data-start=\"7363\" data-end=\"7482\">Ja! Je kunt je brouwsel verfijnen met <strong data-start=\"7401\" data-end=\"7433\">15 instelbare maalstanden<\/strong>, ideaal voor espresso, filterkoffie of French press.<\/p>\n<hr class=\"\" data-start=\"7484\" data-end=\"7487\" \/>\n<h2 class=\"\" data-start=\"7489\" data-end=\"7550\">Koop vandaag nog de beste semi-automatische espressomachine online!<\/h2>\n<p class=\"\" data-start=\"7552\" data-end=\"7901\">Transformeer uw keuken in een waar caf\u00e9 met de <strong data-start=\"7601\" data-end=\"7668\">Philips Barista Brew Automatische Machine PSA3218\/01<\/strong>Of je nu een sterke espresso of een romige cappuccino zet, dit <strong data-start=\"7740\" data-end=\"7775\">automatische espressomachine<\/strong> brengt professionele koffiekunst bij u thuis.<br data-start=\"7825\" data-end=\"7828\" \/>\ud83d\udc49 <strong data-start=\"7831\" data-end=\"7901\">Bestel vandaag nog uw exemplaar en maak uw kopje precies zoals u het lekker vindt!<\/strong><\/p>","protected":false},"excerpt":{"rendered":"<p>Master the Art of Coffee with the Best Semi Automatic Espresso Machine Elevate your home brewing experience with the Philips Barista Brew best Semi Automatic Espresso Machine PSA3218\/01. Designed for coffee lovers who crave variety and precision, this semi-automatic espresso machine allows you to create barista-quality coffee, lattes, and cappuccinos in the comfort of your&hellip;<\/p>","protected":false},"featured_media":21802,"comment_status":"open","ping_status":"closed","template":"","meta":[],"product_cat":[49],"product_tag":[],"class_list":{"0":"post-21796","1":"product","2":"type-product","3":"status-publish","4":"has-post-thumbnail","6":"product_cat-philips-espresso-machines","8":"first","9":"instock","10":"shipping-taxable","11":"purchasable","12":"product-type-simple","13":"col-xs-6 col-sm-4","14":"col-md-3 col-lg-3","15":"un-4-cols"},"jetpack_sharing_enabled":true,"_links":{"self":[{"href":"https:\/\/bestathomeespressomachine.com\/nl\/wp-json\/wp\/v2\/product\/21796","targetHints":{"allow":["GET"]}}],"collection":[{"href":"https:\/\/bestathomeespressomachine.com\/nl\/wp-json\/wp\/v2\/product"}],"about":[{"href":"https:\/\/bestathomeespressomachine.com\/nl\/wp-json\/wp\/v2\/types\/product"}],"replies":[{"embeddable":true,"href":"https:\/\/bestathomeespressomachine.com\/nl\/wp-json\/wp\/v2\/comments?post=21796"}],"version-history":[{"count":4,"href":"https:\/\/bestathomeespressomachine.com\/nl\/wp-json\/wp\/v2\/product\/21796\/revisions"}],"predecessor-version":[{"id":22306,"href":"https:\/\/bestathomeespressomachine.com\/nl\/wp-json\/wp\/v2\/product\/21796\/revisions\/22306"}],"wp:featuredmedia":[{"embeddable":true,"href":"https:\/\/bestathomeespressomachine.com\/nl\/wp-json\/wp\/v2\/media\/21802"}],"wp:attachment":[{"href":"https:\/\/bestathomeespressomachine.com\/nl\/wp-json\/wp\/v2\/media?parent=21796"}],"wp:term":[{"taxonomy":"product_cat","embeddable":true,"href":"https:\/\/bestathomeespressomachine.com\/nl\/wp-json\/wp\/v2\/product_cat?post=21796"},{"taxonomy":"product_tag","embeddable":true,"href":"https:\/\/bestathomeespressomachine.com\/nl\/wp-json\/wp\/v2\/product_tag?post=21796"}],"curies":[{"name":"wp","href":"https:\/\/api.w.org\/{rel}","templated":true}]}}