{"id":21143,"date":"2024-12-31T05:07:49","date_gmt":"2024-12-31T05:07:49","guid":{"rendered":"https:\/\/bestathomeespressomachine.com\/?page_id=21143"},"modified":"2025-01-01T23:41:25","modified_gmt":"2025-01-01T23:41:25","slug":"shipping-policy","status":"publish","type":"page","link":"https:\/\/bestathomeespressomachine.com\/pl\/shipping-policy\/","title":{"rendered":"Polityka Dostawy"},"content":{"rendered":"<h3 style=\"text-align: left;\"><strong>Dostawa lokalna i mi\u0119dzynarodowa<\/strong><\/h3>\n<p style=\"text-align: left;\">Znajdujemy si\u0119 w <strong>Obszar Wielkiego Toronto<\/strong> i z dum\u0105 s\u0142u\u017cymy klientom na ca\u0142ym \u015bwiecie <strong>Kanada<\/strong> i <strong>Stany Zjednoczone<\/strong>Wi\u0119kszo\u015b\u0107 przesy\u0142ek w obr\u0119bie Kanady zazwyczaj dociera w ci\u0105gu <strong>2-4 dni robocze<\/strong>podczas gdy dostawy w obr\u0119bie Stan\u00f3w Zjednoczonych zazwyczaj trwaj\u0105 <strong>2-5 dni roboczych.<\/strong> Dok\u0142adamy wszelkich stara\u0144, aby zrealizowa\u0107 i wys\u0142a\u0107 zam\u00f3wienia <strong>w ci\u0105gu 1 dnia roboczego<\/strong> zakupu.<\/p>\n<p style=\"text-align: left;\">W przypadku jakichkolwiek op\u00f3\u017anie\u0144 lub problem\u00f3w z dostaw\u0105, firma spedycyjna powiadomi Ci\u0119 o tym fakcie poczt\u0105 elektroniczn\u0105, podaj\u0105c stosowne informacje.<\/p>\n<h3 style=\"text-align: left;\"><strong>Obszary wysy\u0142ki<\/strong><\/h3>\n<p style=\"text-align: left;\">Obecnie wysy\u0142amy do <strong>Wszystkie lokalizacje<\/strong> w i <strong>Stany Zjednoczone i na \u015bwiecie<\/strong>z kilkoma wyj\u0105tkami, w tym:<\/p>\n<ul style=\"text-align: left;\">\n<li><strong>Skrzynki pocztowe<\/strong><\/li>\n<li><strong>Hawaje<\/strong>i niekt\u00f3re terytoria USA, takie jak <strong>Guam<\/strong> I <strong>Portoryko<\/strong><\/li>\n<\/ul>\n<p style=\"text-align: left;\">Aktywnie pracujemy nad rozszerzeniem naszych mo\u017cliwo\u015bci wysy\u0142kowych na te obszary. Je\u015bli znajdujesz si\u0119 w jednej z tych lokalizacji, skontaktuj si\u0119 z nami bezpo\u015brednio, aby uzyska\u0107 spersonalizowan\u0105 wycen\u0119 wysy\u0142ki.<\/p>\n<p style=\"text-align: left;\"><strong>Dop\u0142ata za wysy\u0142k\u0119<\/strong><\/p>\n<p style=\"text-align: left;\">Nale\u017cy pami\u0119ta\u0107, \u017ce niekt\u00f3re <strong>odleg\u0142e obszary<\/strong> zar\u00f3wno w Kanadzie, jak i w Stanach Zjednoczonych mo\u017ce wi\u0105za\u0107 si\u0119 z dodatkowymi op\u0142atami <strong>dop\u0142ata za wysy\u0142k\u0119<\/strong> ze wzgl\u0119du na wy\u017csze koszty wysy\u0142ki od naszych przewo\u017anik\u00f3w. Wszelkie obowi\u0105zuj\u0105ce dop\u0142aty b\u0119d\u0105 wy\u015bwietlane podczas <strong>proces realizacji transakcji<\/strong>.<\/p>\n<p style=\"text-align: left;\"><strong>Kwalifikacje do bezp\u0142atnej wysy\u0142ki<\/strong><\/p>\n<ul style=\"text-align: left;\">\n<li>Zam\u00f3wienia powy\u017cej <strong>60 CAD<\/strong> w <strong>Kanada<\/strong> kwalifikowa\u0107 si\u0119 do <strong>free shipping<\/strong>.<\/li>\n<li>Zam\u00f3wienia powy\u017cej <strong>60 dolar\u00f3w ameryka\u0144skich<\/strong> w ramach <strong>Stany Zjednoczone<\/strong> r\u00f3wnie\u017c kwalifikuj\u0105 si\u0119 do <strong>free shipping<\/strong>.<\/li>\n<\/ul>\n<p style=\"text-align: left;\">Upewnij si\u0119, \u017ce Twoje zam\u00f3wienie spe\u0142nia wymagan\u0105 kwot\u0119 i zostanie wys\u0142ane do jednego z naszych wyznaczonych adres\u00f3w. <strong>strefy darmowej wysy\u0142ki<\/strong> w Kanadzie lub USA Niekt\u00f3re produkty mog\u0105 nie by\u0107 obj\u0119te bezp\u0142atn\u0105 wysy\u0142k\u0105 lub ich wysy\u0142ka mo\u017ce podlega\u0107 ograniczeniom w okre\u015blonych obszarach.<\/p>\n<h3 style=\"text-align: left;\"><strong>Wysy\u0142ka mi\u0119dzynarodowa<\/strong><\/h3>\n<p style=\"text-align: left;\">W tej chwili nie oferujemy standardowej wysy\u0142ki mi\u0119dzynarodowej poza Kanad\u0119 i Stany Zjednoczone. Je\u015bli jednak znajdujesz si\u0119 w innym regionie mi\u0119dzynarodowym, skontaktuj si\u0119 z nami bezpo\u015brednio za po\u015brednictwem <a href=\"mailto:espressomachinesales@gmail.com\">e-mail<\/a> w godzinach pracy, aby otrzyma\u0107 indywidualn\u0105 wycen\u0119 wysy\u0142ki.<\/p>\n<p style=\"text-align: left;\"><strong>Op\u0142aty za wysy\u0142k\u0119<\/strong><\/p>\n<p style=\"text-align: left;\">Wszelkie obowi\u0105zuj\u0105ce op\u0142aty za wysy\u0142k\u0119 b\u0119d\u0105 wyra\u017anie wy\u015bwietlane podczas <strong>proces realizacji transakcji.<\/strong> Cho\u0107 staramy si\u0119 oferowa\u0107 przejrzyste i dok\u0142adne op\u0142aty za wysy\u0142k\u0119, zastrzegamy sobie prawo do odmowy wysy\u0142ki, zmiany przewo\u017anik\u00f3w lub skontaktowania si\u0119 z Tob\u0105 w celu uzyskania dodatkowej p\u0142atno\u015bci, je\u015bli koszty wysy\u0142ki s\u0105 wyj\u0105tkowo wysokie \u2014 szczeg\u00f3lnie w przypadku korzystania z us\u0142ugi <strong>Darmowa dostawa<\/strong> opcja.<\/p>\n<p style=\"text-align: left;\">Je\u015bli w trakcie realizacji Twojego zam\u00f3wienia wyst\u0105pi\u0105 jakiekolwiek problemy, skontaktujemy si\u0119 z Tob\u0105 niezw\u0142ocznie, podaj\u0105c dalsze szczeg\u00f3\u0142y.<\/p>\n<p style=\"text-align: left;\">Dzi\u0119kujemy za wyb\u00f3r <strong>Ekspres do kawy Espresso<\/strong>\u00a0dla wszystkich Twoich kawowych potrzeb!<\/p>","protected":false},"excerpt":{"rendered":"<p>Local &amp; International Delivery We are located in the Greater Toronto Area and proudly serve customers across Canada and the United States. Most shipments within Canada will typically arrive within 2-4 business days, while deliveries within the United States generally take 2-5 business days. We make every effort to process and ship orders within 1&hellip;<\/p>","protected":false},"author":1,"featured_media":0,"parent":0,"menu_order":0,"comment_status":"closed","ping_status":"closed","template":"","meta":{"footnotes":""},"class_list":["post-21143","page","type-page","status-publish","hentry"],"jetpack_sharing_enabled":true,"_links":{"self":[{"href":"https:\/\/bestathomeespressomachine.com\/pl\/wp-json\/wp\/v2\/pages\/21143","targetHints":{"allow":["GET"]}}],"collection":[{"href":"https:\/\/bestathomeespressomachine.com\/pl\/wp-json\/wp\/v2\/pages"}],"about":[{"href":"https:\/\/bestathomeespressomachine.com\/pl\/wp-json\/wp\/v2\/types\/page"}],"author":[{"embeddable":true,"href":"https:\/\/bestathomeespressomachine.com\/pl\/wp-json\/wp\/v2\/users\/1"}],"replies":[{"embeddable":true,"href":"https:\/\/bestathomeespressomachine.com\/pl\/wp-json\/wp\/v2\/comments?post=21143"}],"version-history":[{"count":1,"href":"https:\/\/bestathomeespressomachine.com\/pl\/wp-json\/wp\/v2\/pages\/21143\/revisions"}],"predecessor-version":[{"id":21144,"href":"https:\/\/bestathomeespressomachine.com\/pl\/wp-json\/wp\/v2\/pages\/21143\/revisions\/21144"}],"wp:attachment":[{"href":"https:\/\/bestathomeespressomachine.com\/pl\/wp-json\/wp\/v2\/media?parent=21143"}],"curies":[{"name":"wp","href":"https:\/\/api.w.org\/{rel}","templated":true}]}}