{"id":20896,"date":"2024-12-29T18:32:27","date_gmt":"2024-12-29T18:32:27","guid":{"rendered":"https:\/\/bestathomeespressomachine.com\/?post_type=product&#038;p=20896"},"modified":"2025-07-03T14:15:42","modified_gmt":"2025-07-03T14:15:42","slug":"delonghi-primadonna-soul-automatic-coffee-machine","status":"publish","type":"product","link":"https:\/\/bestathomeespressomachine.com\/pl\/product\/delonghi-primadonna-soul-automatic-coffee-machine\/","title":{"rendered":"DELONGHI Primadonna Soul ECAM 610.74.MB Kubek na wynos Zen Pack 5 lat gwarancji"},"content":{"rendered":"<section class=\"section is-heading\">\n<div class=\"section_content\">\n<div class=\"section_text\">\n<h2 class=\"\" data-start=\"130\" data-end=\"203\"><strong data-start=\"133\" data-end=\"201\">DeLonghi PrimaDonna Soul Automatyczny Ekspres Do Kawy ECAM 610.74.MB<\/strong><\/h2>\n<p class=\"\" data-start=\"254\" data-end=\"719\">Chcesz kawy w stylu kawiarnianym za naci\u015bni\u0119ciem przycisku? <strong data-start=\"306\" data-end=\"359\">DeLonghi PrimaDonna Soul Automatyczny Ekspres Do Kawy<\/strong> jest Twoim idealnym partnerem. Ten najnowocze\u015bniejszy ekspres do kawy typu \u201eod ziarna do fili\u017canki\u201d <strong data-start=\"436\" data-end=\"463\">wiedza na poziomie baristy<\/strong> bezpo\u015brednio w Twojej kuchni \u2014 automatycznie dostosowuj\u0105c rozmiar mielenia, dawk\u0119 i ustawienia parzenia do Twoich konkretnych ziaren kawy. Dzi\u0119ki <strong data-start=\"587\" data-end=\"612\">Technologia adaptacji fasoli<\/strong>, inteligentna \u0142\u0105czno\u015b\u0107 i <strong data-start=\"640\" data-end=\"666\">du\u017cy 4,3-calowy ekran dotykowy<\/strong>, to jest <strong data-start=\"676\" data-end=\"718\">najbardziej zaawansowana jak dot\u0105d maszyna DeLonghi<\/strong>.<\/p>\n<p class=\"\" data-start=\"721\" data-end=\"914\">Teraz dost\u0119pne bezp\u0142atnie <strong data-start=\"747\" data-end=\"760\">Kubek na wynos<\/strong>, <strong data-start=\"762\" data-end=\"781\">5-letnia gwarancja<\/strong>i <a href=\"https:\/\/bestathomeespressomachine.com\/pl\/product\/jura-e8-piano-white-for-sale-online\/\"><strong data-start=\"787\" data-end=\"804\">darmowa dostawa<\/strong><\/a> przy zakupie w DK Distribution (obejmuje 2-letnie przed\u0142u\u017cenie gwarancji DeLonghi).<\/p>\n<hr class=\"\" data-start=\"916\" data-end=\"919\" \/>\n<h2 data-start=\"921\" data-end=\"990\">\u2705 <strong data-start=\"927\" data-end=\"990\">G\u0142\u00f3wne cechy DeLonghi PrimaDonna Soul ECAM 610.74.MB<\/strong><\/h2>\n<ul data-start=\"992\" data-end=\"1868\">\n<li class=\"\" data-start=\"992\" data-end=\"1129\">\n<p class=\"\" data-start=\"994\" data-end=\"1129\"><strong data-start=\"994\" data-end=\"1020\">Technologia adaptacji fasoli:<\/strong> Automatycznie dostosowuje stopie\u0144 mielenia i ekstrakcji, aby uzyska\u0107 optymalny smak \u2014 na podstawie konkretnego rodzaju ziaren i stopnia palenia.<\/p>\n<\/li>\n<li class=\"\" data-start=\"1130\" data-end=\"1262\">\n<p class=\"\" data-start=\"1132\" data-end=\"1262\"><strong data-start=\"1132\" data-end=\"1170\">Aplikacja Coffee Link (po\u0142\u0105czenie Wi-Fi):<\/strong> Zdalnie personalizuj sw\u00f3j nap\u00f3j, zapisuj ulubione przepisy i uzyskuj dost\u0119p do alert\u00f3w dotycz\u0105cych konserwacji.<\/p>\n<\/li>\n<li class=\"\" data-start=\"1263\" data-end=\"1402\">\n<p class=\"\" data-start=\"1265\" data-end=\"1402\"><strong data-start=\"1265\" data-end=\"1289\">21 napoj\u00f3w dost\u0119pnych za jednym dotkni\u0119ciem:<\/strong> Obejmuje espresso, cappuccino, latte macchiato, cortado, czarn\u0105 kaw\u0119, kaw\u0119 z lodem i wiele innych, a nawet tryb \u201ekubek na wynos\u201d.<\/p>\n<\/li>\n<li class=\"\" data-start=\"1403\" data-end=\"1511\">\n<p class=\"\" data-start=\"1405\" data-end=\"1511\"><strong data-start=\"1405\" data-end=\"1432\">4,3-calowy kolorowy ekran dotykowy:<\/strong> Elegancki, intuicyjny i \u0142atwy w obs\u0142udze, z mo\u017cliwo\u015bci\u0105 personalizacji ekranu g\u0142\u00f3wnego.<\/p>\n<\/li>\n<li class=\"\" data-start=\"1512\" data-end=\"1643\">\n<p class=\"\" data-start=\"1514\" data-end=\"1643\"><strong data-start=\"1514\" data-end=\"1536\">System LatteCrema:<\/strong> G\u0119sta, kremowa i d\u0142ugotrwa\u0142a pianka mleczna w idealnej temperaturze \u2014 idealna do mleka krowiego i ro\u015blinnego.<\/p>\n<\/li>\n<li class=\"\" data-start=\"1644\" data-end=\"1741\">\n<p class=\"\" data-start=\"1646\" data-end=\"1741\"><strong data-start=\"1646\" data-end=\"1664\">Profile u\u017cytkownik\u00f3w:<\/strong> Utw\u00f3rz i zapisz do 5 spersonalizowanych profili napoj\u00f3w dla ca\u0142ej rodziny.<\/p>\n<\/li>\n<li class=\"\" data-start=\"1742\" data-end=\"1868\">\n<p class=\"\" data-start=\"1744\" data-end=\"1868\"><strong data-start=\"1744\" data-end=\"1777\">Inteligentne czyszczenie i konserwacja:<\/strong> Wyjmowana grupa zaparzaj\u0105ca, mo\u017cliwo\u015b\u0107 mycia cz\u0119\u015bci w zmywarce i wy\u015bwietlane na ekranie instrukcje dotycz\u0105ce czyszczenia krok po kroku.<\/p>\n<\/li>\n<\/ul>\n<\/div>\n<\/div>\n<\/section>\n<h3 class=\"\" data-start=\"1875\" data-end=\"1922\">\u2615 <strong data-start=\"1881\" data-end=\"1922\">Parzenie na poziomie baristy bez wysi\u0142ku<\/strong><\/h3>\n<p class=\"\" data-start=\"1924\" data-end=\"2384\">Kup DeLonghi PrimaDonna Soul Automatyczny Ekspres Do Kawy online. Z <strong data-start=\"1933\" data-end=\"1961\">DeLonghi PrimaDonna Soul<\/strong>, zaparzenie idealnej fili\u017canki jest tak proste, jak wybranie napoju i naci\u015bni\u0119cie przycisku start. Od <strong data-start=\"2048\" data-end=\"2060\">espresso<\/strong> Do <strong data-start=\"2064\" data-end=\"2078\">p\u0142aska biel<\/strong>, ka\u017cda fili\u017canka jest zaprojektowana tak, aby uwydatni\u0107 pe\u0142ny smak i aromat Twoich ulubionych ziaren. Dzi\u0119ki innowacyjnemu <strong data-start=\"2189\" data-end=\"2203\">Adaptacja fasoli<\/strong> Funkcja ta rozpoznaje konkretny rodzaj kawy i automatycznie dostosowuje stopie\u0144 zmielenia, dawk\u0119 i temperatur\u0119 parzenia, zapewniaj\u0105c idealn\u0105 ekstrakcj\u0119 \u2014 bez konieczno\u015bci podnoszenia palca.<\/p>\n<p class=\"\" data-start=\"2386\" data-end=\"2544\">Niezale\u017cnie od tego, czy u\u017cywasz <strong data-start=\"2407\" data-end=\"2440\">ziarna specjalne lekko palone<\/strong> lub mieszanki ciemno palonej kawy, ten ekspres dostosowuje si\u0119 do <strong data-start=\"2487\" data-end=\"2523\">zachowa\u0107 pochodzenie i bogactwo<\/strong> ka\u017cdej fili\u017canki.<\/p>\n<hr class=\"\" data-start=\"2546\" data-end=\"2549\" \/>\n<h3 data-start=\"2551\" data-end=\"2607\">\ud83e\udd5b <strong data-start=\"2558\" data-end=\"2607\">Mistrzowskie napoje mleczne z systemem LatteCrema<\/strong><\/h3>\n<p class=\"\" data-start=\"2609\" data-end=\"2977\">Je\u015bli jeste\u015b mi\u0142o\u015bnikiem kawy z mlekiem, <strong data-start=\"2644\" data-end=\"2665\">System LatteCrema<\/strong> jest twoim nowym najlepszym przyjacielem. Ta opatentowana technologia DeLonghi zapewnia <strong data-start=\"2734\" data-end=\"2759\">pianka o jako\u015bci baristy<\/strong> kt\u00f3ry jest g\u0119sty, jedwabisty i sp\u00f3jny \u2014 idealny do cappuccino, latte, a nawet zimnej pianki. W zestawie <strong data-start=\"2862\" data-end=\"2885\">dzbanek termiczny na mleko<\/strong> Dzi\u0119ki niemu Twoje mleko pozostanie \u015bwie\u017ce na d\u0142u\u017cej, a funkcja automatycznego p\u0142ukania sprawi, \u017ce czyszczenie stanie si\u0119 niezwykle proste.<\/p>\n<p class=\"\" data-start=\"2979\" data-end=\"3118\">Chcesz zabra\u0107 ze sob\u0105 latte? PrimaDonna Soul zawiera <strong data-start=\"3045\" data-end=\"3066\">Funkcja Mug To Go<\/strong> i zawiera nawet stylowy, termiczny kubek termiczny.<\/p>\n<div class=\"col-sm-12 col-xs-12\">\n<div class=\"col-sm-4 col-xs-12\"><img fetchpriority=\"high\" decoding=\"async\" class=\"img-responsive alignnone\" src=\"https:\/\/www.maxicoffee.com\/fstrz\/r\/s\/www.maxicoffee.com\/images\/delonghi\/design-moderne-primadonna-soul.jpg.pagespeed.ce.mo_Fe1odva.jpg?frz-v=165\" alt=\"DeLonghi PrimaDonna Soul Automatyczny Ekspres Do Kawy\" width=\"300\" height=\"266\" \/><\/div>\n<div class=\"col-sm-8 col-xs-12\">\n<h3 class=\"\" data-start=\"3125\" data-end=\"3171\">\ud83d\udcf1 <strong data-start=\"3132\" data-end=\"3171\">Inteligentniejsza kawa z aplikacj\u0105 Coffee Link<\/strong><\/h3>\n<p class=\"\" data-start=\"3173\" data-end=\"3291\">Ten <strong data-start=\"3178\" data-end=\"3206\">pod\u0142\u0105czony ekspres do kawy<\/strong> \u0142\u0105czy si\u0119 ze smartfonem lub tabletem przez Wi-Fi. Dzi\u0119ki <strong data-start=\"3262\" data-end=\"3281\">Aplikacja Coffee Link<\/strong>, mo\u017cesz:<\/p>\n<ul data-start=\"3292\" data-end=\"3429\">\n<li class=\"\" data-start=\"3292\" data-end=\"3316\">\n<p class=\"\" data-start=\"3294\" data-end=\"3316\">Zacznij warzy\u0107 zdalnie<\/p>\n<\/li>\n<li class=\"\" data-start=\"3317\" data-end=\"3343\">\n<p class=\"\" data-start=\"3319\" data-end=\"3343\">Dostosuj ustawienia napoju<\/p>\n<\/li>\n<li class=\"\" data-start=\"3344\" data-end=\"3368\">\n<p class=\"\" data-start=\"3346\" data-end=\"3368\">Zapisz swoje preferencje<\/p>\n<\/li>\n<li class=\"\" data-start=\"3369\" data-end=\"3397\">\n<p class=\"\" data-start=\"3371\" data-end=\"3397\">Otrzymuj alerty o konserwacji<\/p>\n<\/li>\n<li class=\"\" data-start=\"3398\" data-end=\"3429\">\n<p class=\"\" data-start=\"3400\" data-end=\"3429\">Uzyskaj porady ekspert\u00f3w i samouczki<\/p>\n<\/li>\n<\/ul>\n<p class=\"\" data-start=\"3431\" data-end=\"3550\">Kontroluj wszystko \u2014 ustawienia mielenia, temperatur\u0119, ilo\u015b\u0107 mleka, a nawet intensywno\u015b\u0107 smaku \u2014 bez konieczno\u015bci wstawania z kanapy.<\/p>\n<hr class=\"\" data-start=\"3552\" data-end=\"3555\" \/>\n<h3 class=\"\" data-start=\"3557\" data-end=\"3616\">\ud83d\udc68\u200d\ud83d\udc69\u200d\ud83d\udc67\u200d\ud83d\udc66 <strong data-start=\"3573\" data-end=\"3616\">Stworzone dla rodzin i mi\u0142o\u015bnik\u00f3w kawy<\/strong><\/h3>\n<p class=\"\" data-start=\"3618\" data-end=\"3931\">Z <strong data-start=\"3625\" data-end=\"3648\">Pojemnik na fasol\u0119 500g<\/strong>, <strong data-start=\"3650\" data-end=\"3669\">Zbiornik na wod\u0119 2,2 l<\/strong>i <strong data-start=\"3675\" data-end=\"3704\">Pojemnik na 14 fus\u00f3w z ciasta<\/strong>, DeLonghi PrimaDonna Soul z \u0142atwo\u015bci\u0105 radzi sobie z du\u017cym zapotrzebowaniem \u2014 idealne dla du\u017cych rodzin lub os\u00f3b cz\u0119sto pij\u0105cych kaw\u0119. Wielu u\u017cytkownik\u00f3w mo\u017ce zapisa\u0107 w\u0142asne profile napoj\u00f3w, dzi\u0119ki czemu ka\u017cdy poranek zaczyna si\u0119 dok\u0142adnie tak, jak lubi. Kup DeLonghi PrimaDonna Soul Automatyczny Ekspres Do Kawy online<\/p>\n<p class=\"\" data-start=\"3933\" data-end=\"4024\">Ponadto, <strong data-start=\"3943\" data-end=\"3983\">konstrukcja ze stali nierdzewnej z lustrzanym wyko\u0144czeniem<\/strong> dodaje odrobin\u0119 elegancji ka\u017cdej kuchni.<\/p>\n<\/div>\n<\/div>\n<div class=\"col-sm-12 col-xs-12\">\n<div class=\"col-sm-4 col-xs-12\"><img decoding=\"async\" class=\"img-responsive alignnone\" src=\"https:\/\/www.maxicoffee.com\/fstrz\/r\/s\/www.maxicoffee.com\/images\/delonghi\/ecran-intuitif-primadonna-soul-delonghi.jpg.pagespeed.ce.pZb4PKjy30.jpg?frz-v=165\" alt=\"DeLonghi PrimaDonna Soul Automatyczny Ekspres Do Kawy\" width=\"300\" height=\"266\" \/><\/div>\n<div class=\"col-sm-8 col-xs-12\">\n<h3 class=\"\" data-start=\"4031\" data-end=\"4082\">\ud83e\uddfc <strong data-start=\"4038\" data-end=\"4082\">\u0141atwa konserwacja i d\u0142ugotrwa\u0142a niezawodno\u015b\u0107<\/strong><\/h3>\n<p class=\"\" data-start=\"4084\" data-end=\"4115\">Konserwacja jest prosta:<\/p>\n<ul data-start=\"4116\" data-end=\"4328\">\n<li class=\"\" data-start=\"4116\" data-end=\"4165\">\n<p class=\"\" data-start=\"4118\" data-end=\"4165\"><strong data-start=\"4118\" data-end=\"4165\">Automatyczne powiadomienia o p\u0142ukaniu i odkamienianiu<\/strong><\/p>\n<\/li>\n<li class=\"\" data-start=\"4166\" data-end=\"4213\">\n<p class=\"\" data-start=\"4168\" data-end=\"4213\"><strong data-start=\"4168\" data-end=\"4194\">Wyjmowana jednostka zaparzaj\u0105ca<\/strong> do cotygodniowego p\u0142ukania<\/p>\n<\/li>\n<li class=\"\" data-start=\"4214\" data-end=\"4256\">\n<p class=\"\" data-start=\"4216\" data-end=\"4256\"><strong data-start=\"4216\" data-end=\"4256\">Tacka ociekowa i karafka nadaj\u0105ce si\u0119 do mycia w zmywarce<\/strong><\/p>\n<\/li>\n<li class=\"\" data-start=\"4257\" data-end=\"4328\">\n<p class=\"\" data-start=\"4259\" data-end=\"4328\"><strong data-start=\"4259\" data-end=\"4289\">Zgodno\u015b\u0107 filtra wody<\/strong> w celu zmniejszenia osadzania si\u0119 kamienia i poprawy smaku<\/p>\n<\/li>\n<\/ul>\n<p class=\"\" data-start=\"4330\" data-end=\"4449\">Wspierany przez <strong data-start=\"4342\" data-end=\"4361\">5-letnia gwarancja<\/strong> Dokonuj\u0105c zakupu za po\u015brednictwem DK Distribution, Twoja inwestycja jest chroniona przez wiele lat.<\/p>\n<\/div>\n<\/div>\n<div class=\"col-sm-12 col-xs-12\">\n<div class=\"col-sm-4 col-xs-12\"><img decoding=\"async\" class=\"img-responsive\" src=\"https:\/\/www.maxicoffee.com\/fstrz\/r\/s\/www.maxicoffee.com\/images\/delonghi\/delonghi-primadonna-soul-610.74.mb.jpg.pagespeed.ce.Htfw-SZEGn.jpg?frz-v=165\" alt=\"DeLonghi Primadonna Soul ECAM 610.74.MB kubek do kawy ziarnistej\" width=\"300\" height=\"306\" \/><\/div>\n<div class=\"col-sm-8 col-xs-12\">\n<h2 data-start=\"4456\" data-end=\"4494\">\ud83d\udce6 <strong data-start=\"4463\" data-end=\"4494\">W zestawie z zakupem<\/strong><\/h2>\n<ul data-start=\"4496\" data-end=\"4769\">\n<li class=\"\" data-start=\"4496\" data-end=\"4547\">\n<p class=\"\" data-start=\"4498\" data-end=\"4547\">Maszyna DeLonghi PrimaDonna Soul ECAM 610.74.MB<\/p>\n<\/li>\n<li class=\"\" data-start=\"4548\" data-end=\"4571\">\n<p class=\"\" data-start=\"4550\" data-end=\"4571\">Termiczny dzbanek na mleko<\/p>\n<\/li>\n<li class=\"\" data-start=\"4572\" data-end=\"4608\">\n<p class=\"\" data-start=\"4574\" data-end=\"4608\">Mug To Go (kubek termiczny)<\/p>\n<\/li>\n<li class=\"\" data-start=\"4609\" data-end=\"4639\">\n<p class=\"\" data-start=\"4611\" data-end=\"4639\">Filtr do wody i zestaw startowy<\/p>\n<\/li>\n<li class=\"\" data-start=\"4640\" data-end=\"4667\">\n<p class=\"\" data-start=\"4642\" data-end=\"4667\">Pe\u0142na instrukcja obs\u0142ugi<\/p>\n<\/li>\n<li class=\"\" data-start=\"4668\" data-end=\"4702\">\n<p class=\"\" data-start=\"4670\" data-end=\"4702\">Darmowa dostawa (za po\u015brednictwem Chronopost)<\/p>\n<\/li>\n<li class=\"\" data-start=\"4703\" data-end=\"4769\">\n<p class=\"\" data-start=\"4705\" data-end=\"4769\"><strong data-start=\"4705\" data-end=\"4724\">5-letnia gwarancja<\/strong> (3 lata + 2-letnie przed\u0142u\u017cenie dystrybucji w DK)<\/p>\n<\/li>\n<\/ul>\n<\/div>\n<\/div>\n<div class=\"col-sm-12 col-xs-12\">\n<div class=\"col-sm-4 col-xs-12\"><img loading=\"lazy\" decoding=\"async\" class=\"img-responsive alignnone\" src=\"https:\/\/www.maxicoffee.com\/fstrz\/r\/s\/www.maxicoffee.com\/images\/delonghi\/lattecrema-system-delonghi-cappuccino.jpg.pagespeed.ce.T1r8UfApS2.jpg?frz-v=165\" alt=\"DeLonghi PrimaDonna Soul Automatyczny Ekspres Do Kawy\" width=\"300\" height=\"266\" \/><\/div>\n<div class=\"col-sm-8 col-xs-12\">\n<h2 class=\"\" data-start=\"4776\" data-end=\"4826\">\ud83d\udd11 <strong data-start=\"4782\" data-end=\"4826\">Dlaczego warto wybra\u0107 DeLonghi PrimaDonna Soul?<\/strong><\/h2>\n<div class=\"group pointer-events-none relative flex justify-center *:pointer-events-auto\"><button class=\"hover:bg-token-main-surface-secondary text-token-text-secondary pointer-events-auto rounded-lg px-1 py-1 opacity-0 transition-opacity duration-200 group-focus-within:opacity-100 group-hover:opacity-100\"><\/button><\/p>\n<div class=\"tableContainer horzScrollShadows relative\">\n<table class=\"min-w-full\" data-start=\"4828\" data-end=\"5157\">\n<thead data-start=\"4828\" data-end=\"4849\">\n<tr data-start=\"4828\" data-end=\"4849\">\n<th data-start=\"4828\" data-end=\"4838\">Funkcja<\/th>\n<th data-start=\"4838\" data-end=\"4849\">Korzy\u015b\u0107<\/th>\n<\/tr>\n<\/thead>\n<tbody data-start=\"4871\" data-end=\"5157\">\n<tr data-start=\"4871\" data-end=\"4931\">\n<td class=\"max-w-[calc(var(--thread-content-max-width)*2\/3)]\" data-start=\"4871\" data-end=\"4895\"><strong data-start=\"4873\" data-end=\"4894\">21 przepis\u00f3w na kaw\u0119<\/strong><\/td>\n<td class=\"max-w-[calc(var(--thread-content-max-width)*2\/3)]\" data-start=\"4895\" data-end=\"4931\">R\u00f3\u017cnorodno\u015b\u0107 za dotkni\u0119ciem jednego przycisku na ka\u017cdy nastr\u00f3j<\/td>\n<\/tr>\n<tr data-start=\"4932\" data-end=\"4992\">\n<td class=\"max-w-[calc(var(--thread-content-max-width)*2\/3)]\" data-start=\"4932\" data-end=\"4954\"><strong data-start=\"4934\" data-end=\"4953\">Technologia adaptacji fasoli<\/strong><\/td>\n<td class=\"max-w-[calc(var(--thread-content-max-width)*2\/3)]\" data-start=\"4954\" data-end=\"4992\">Zaparzaj optymalnie dla ka\u017cdego rodzaju ziaren<\/td>\n<\/tr>\n<tr data-start=\"4993\" data-end=\"5050\">\n<td class=\"max-w-[calc(var(--thread-content-max-width)*2\/3)]\" data-start=\"4993\" data-end=\"5017\"><strong data-start=\"4995\" data-end=\"5016\">System LatteCrema<\/strong><\/td>\n<td class=\"max-w-[calc(var(--thread-content-max-width)*2\/3)]\" data-start=\"5017\" data-end=\"5050\">Idealna mleczna pianka za ka\u017cdym razem<\/td>\n<\/tr>\n<tr data-start=\"5051\" data-end=\"5107\">\n<td class=\"max-w-[calc(var(--thread-content-max-width)*2\/3)]\" data-start=\"5051\" data-end=\"5076\"><strong data-start=\"5053\" data-end=\"5075\">Sterowanie smartfonem<\/strong><\/td>\n<td class=\"max-w-[calc(var(--thread-content-max-width)*2\/3)]\" data-start=\"5076\" data-end=\"5107\">Dostosuj i zaparz zdalnie<\/td>\n<\/tr>\n<tr data-start=\"5108\" data-end=\"5157\">\n<td class=\"max-w-[calc(var(--thread-content-max-width)*2\/3)]\" data-start=\"5108\" data-end=\"5130\"><strong data-start=\"5110\" data-end=\"5129\">5-letnia gwarancja<\/strong><\/td>\n<td class=\"max-w-[calc(var(--thread-content-max-width)*2\/3)]\" data-start=\"5130\" data-end=\"5157\">D\u0142ugotrwa\u0142y spok\u00f3j ducha<\/td>\n<\/tr>\n<\/tbody>\n<\/table>\n<\/div>\n<\/div>\n<\/div>\n<\/div>\n<div class=\"col-sm-12 col-xs-12\">\n<div class=\"col-sm-8 col-xs-12\">\n<div><\/div>\n<\/div>\n<\/div>\n<div class=\"col-sm-12 col-xs-12\">\n<div class=\"col-sm-4 col-xs-12\"><img loading=\"lazy\" decoding=\"async\" class=\"img-responsive\" src=\"https:\/\/www.maxicoffee.com\/fstrz\/r\/s\/www.maxicoffee.com\/images\/delonghi\/bean-adapt-technology-delonghi2.jpg.pagespeed.ce.DILFu5TMGl.jpg?frz-v=165\" alt=\"Fasola Adapt Delonghi Primadonna Soul ECAM 610.74.MB\" width=\"300\" height=\"264\" \/><\/div>\n<div class=\"col-sm-8 col-xs-12\">\n<h2 class=\"\" data-start=\"5164\" data-end=\"5186\"><strong data-start=\"5565\" data-end=\"5608\">DeLonghi PrimaDonna Soul<\/strong> Opinie klient\u00f3w<\/h2>\n<p class=\"\" data-start=\"5188\" data-end=\"5352\"><strong data-start=\"5188\" data-end=\"5200\">Marie D.<\/strong> \u2013 \u2605\u2605\u2605\u2605\u2605<br data-start=\"5208\" data-end=\"5211\" \/><em data-start=\"5211\" data-end=\"5352\">\u201eTa maszyna zmieni\u0142a moje poranki. Mog\u0119 idealnie dostosowa\u0107 moje mleko owsiane flat white z aplikacji, a smakuje lepiej ni\u017c w mojej lokalnej kawiarni!<\/em><\/p>\n<p class=\"\" data-start=\"5354\" data-end=\"5506\"><strong data-start=\"5354\" data-end=\"5365\">Liam K.<\/strong> \u2013 \u2605\u2605\u2605\u2605\u2605<br data-start=\"5373\" data-end=\"5376\" \/><em data-start=\"5376\" data-end=\"5504\">\u201eWarto wyda\u0107 ka\u017cd\u0105 z\u0142ot\u00f3wk\u0119. System Bean Adapt naprawd\u0119 robi r\u00f3\u017cnic\u0119. Moje etiopskie jasne palenie nigdy nie smakowa\u0142o tak dobrze\u201d.<\/em><\/p>\n<hr class=\"\" data-start=\"5508\" data-end=\"5511\" \/>\n<h2 class=\"\" data-start=\"5513\" data-end=\"5552\">Gotowy, \u017ceby przenie\u015b\u0107 kawiarni\u0119 do domu?<\/h2>\n<p class=\"\" data-start=\"5554\" data-end=\"5810\">Zarezerwuj sw\u00f3j <strong data-start=\"5565\" data-end=\"5608\">DeLonghi PrimaDonna Soul ECAM 610.74.MB<\/strong> dzisiaj od <a href=\"https:\/\/bestathomeespressomachine.com\/pl\/shop\/\"><strong data-start=\"5620\" data-end=\"5647\">Espressomachinesale.com<\/strong><\/a>.<br data-start=\"5648\" data-end=\"5651\" \/>Cieszy\u0107 si\u0119 <strong data-start=\"5657\" data-end=\"5674\">darmowa dostawa<\/strong>, wolny<strong data-start=\"5676\" data-end=\"5689\">\u00a0prezent<\/strong>i <strong data-start=\"5697\" data-end=\"5722\">ca\u0142kowita 5-letnia gwarancja<\/strong>.<br data-start=\"5723\" data-end=\"5726\" \/>Ulepsz swoje poranki kaw\u0105, kt\u00f3ra <strong data-start=\"5767\" data-end=\"5810\">inteligentne, proste i pyszne dla duszy<\/strong><\/p>\n<div><\/div>\n<\/div>\n<\/div>\n<div class=\"col-sm-12 col-xs-12\">\n<div class=\"col-sm-4 col-xs-12\"><img loading=\"lazy\" decoding=\"async\" class=\"img-responsive\" src=\"https:\/\/www.maxicoffee.com\/fstrz\/r\/s\/www.maxicoffee.com\/images\/delonghi\/kit-entretien-delonghi.jpg.pagespeed.ce.d_3f0q1c7A.jpg?frz-v=165\" alt=\"Konserwacja m\u0142ynka do espresso Delonghi\" width=\"300\" height=\"266\" \/><\/div>\n<div class=\"col-sm-8 col-xs-12\">\n<h2>Prosta i skuteczna konserwacja m\u0142ynka do kawy DeLonghi Primadonna Soul<\/h2>\n<div>\n<p>Ekspresy automatyczne z m\u0142ynkami DeLonghi s\u0105 bardzo \u0142atwe w utrzymaniu. Zdecydowanie polecam stosowanie wk\u0142adu filtruj\u0105cego, aby oczy\u015bci\u0107 wod\u0119 z kamienia, ale tak\u017ce oczy\u015bci\u0107 jej smak. Nie zapomnij r\u00f3wnie\u017c wykona\u0107 odkamieniania, gdy tylko ekspres poprosi o to. Grupa kawowa jest wyjmowana, co pozwala na jej czyszczenie przynajmniej raz w tygodniu pod letni\u0105 wod\u0105. Pozostaw j\u0105 do wyschni\u0119cia na powietrzu, a nast\u0119pnie w\u0142\u00f3\u017c j\u0105 z powrotem do ekspresu.<\/p>\n<\/div>\n<\/div>\n<\/div>","protected":false},"excerpt":{"rendered":"<ul>\n<li>Wyko\u0144czenia ze stali nierdzewnej i czarnego metalu oraz lustrzana pokrywa<\/li>\n<li>Technologia adaptacji fasoli<\/li>\n<li>21 przepis\u00f3w z bezpo\u015brednim dost\u0119pem<\/li>\n<li>4 nowe przepisy + 6 kreacji + 5 profili u\u017cytkownik\u00f3w<\/li>\n<li>System Latte Crema + termiczny dzbanek na mleko<\/li>\n<li>Wersja dostarczana z kubkiem termicznym<\/li>\n<li>Maszyna pod\u0142\u0105czona przez Wi-Fi<\/li>\n<li>gwarancja 5 lat<\/li>\n<li>Komfort akustyczny: A++<\/li>\n<\/ul>","protected":false},"featured_media":21000,"comment_status":"open","ping_status":"closed","template":"","meta":[],"product_cat":[50],"product_tag":[],"class_list":{"0":"post-20896","1":"product","2":"type-product","3":"status-publish","4":"has-post-thumbnail","6":"product_cat-delonghi-espresso-machines","8":"first","9":"instock","10":"shipping-taxable","11":"product-type-simple","12":"col-xs-6 col-sm-4","13":"col-md-3 col-lg-3","14":"un-4-cols"},"jetpack_sharing_enabled":true,"_links":{"self":[{"href":"https:\/\/bestathomeespressomachine.com\/pl\/wp-json\/wp\/v2\/product\/20896","targetHints":{"allow":["GET"]}}],"collection":[{"href":"https:\/\/bestathomeespressomachine.com\/pl\/wp-json\/wp\/v2\/product"}],"about":[{"href":"https:\/\/bestathomeespressomachine.com\/pl\/wp-json\/wp\/v2\/types\/product"}],"replies":[{"embeddable":true,"href":"https:\/\/bestathomeespressomachine.com\/pl\/wp-json\/wp\/v2\/comments?post=20896"}],"version-history":[{"count":3,"href":"https:\/\/bestathomeespressomachine.com\/pl\/wp-json\/wp\/v2\/product\/20896\/revisions"}],"predecessor-version":[{"id":22426,"href":"https:\/\/bestathomeespressomachine.com\/pl\/wp-json\/wp\/v2\/product\/20896\/revisions\/22426"}],"wp:featuredmedia":[{"embeddable":true,"href":"https:\/\/bestathomeespressomachine.com\/pl\/wp-json\/wp\/v2\/media\/21000"}],"wp:attachment":[{"href":"https:\/\/bestathomeespressomachine.com\/pl\/wp-json\/wp\/v2\/media?parent=20896"}],"wp:term":[{"taxonomy":"product_cat","embeddable":true,"href":"https:\/\/bestathomeespressomachine.com\/pl\/wp-json\/wp\/v2\/product_cat?post=20896"},{"taxonomy":"product_tag","embeddable":true,"href":"https:\/\/bestathomeespressomachine.com\/pl\/wp-json\/wp\/v2\/product_tag?post=20896"}],"curies":[{"name":"wp","href":"https:\/\/api.w.org\/{rel}","templated":true}]}}