{"id":20898,"date":"2024-12-29T18:32:27","date_gmt":"2024-12-29T18:32:27","guid":{"rendered":"https:\/\/bestathomeespressomachine.com\/?post_type=product&#038;p=20898"},"modified":"2025-04-30T10:52:09","modified_gmt":"2025-04-30T10:52:09","slug":"delonghi-primadonna-elite-experience-ecam-650-85-ms-5-year-warranty","status":"publish","type":"product","link":"https:\/\/bestathomeespressomachine.com\/pl\/product\/delonghi-primadonna-elite-experience-ecam-650-85-ms-5-year-warranty\/","title":{"rendered":"DELONGHI PrimaDonna Elite Experience ECAM 650.85 MS 5 lat gwarancji"},"content":{"rendered":"<section class=\"section is-heading\">\n<div class=\"section_content\">\n<div class=\"section_text\">\n<h2 data-start=\"0\" data-end=\"83\"><strong data-start=\"0\" data-end=\"83\">Ekspres do kawy DeLonghi PrimaDonna Elite ECAM 650.85.MS \u2013 Handlowy przegl\u0105d<\/strong><\/h2>\n<p class=\"\" data-start=\"85\" data-end=\"671\">Skorzystaj sobie r\u00f3wnych innowacji w dziedzinie kawy z pomoc\u0105 <strong data-start=\"146\" data-end=\"207\">Ci\u015bnieniowy ekspres do kawy DeLonghi PrimaDonna Elite ECAM 650.85.MS<\/strong>. Dzi\u0119ki mo\u017cliwo\u015bci gotowania 25 r\u00f3\u017cnych napoj\u00f3w\u2014 w tym filmy zimne napoje kawowe, maszyna ta przeniesie kawiarni w domu wiele konfigurowalnych opcji. Od porannej kawy do orze\u017awiaj\u0105cej frapp\u00e9, gor\u0105cej czekolady, a nawet szerokiego asortymentu kawy PrimaDonna Elite oferuje niezr\u00f3wnany wyb\u00f3r da\u0144 z ziaren do fili\u017canki. Ciesz si\u0119 bezp\u0142atnym <strong data-start=\"549\" data-end=\"572\">Dostawa \u0445\u0440\u043e\u043d\u043e\u043f\u043e\u0447\u0442\u043e\u0439<\/strong> i dodatkowe 2-letnia gwarancja w sumie na 5 lat przy zakupie w <strong data-start=\"651\" data-end=\"670\">Dystrybucja DK<\/strong>.<\/p>\n<hr class=\"\" data-start=\"673\" data-end=\"676\" \/>\n<h2 class=\"\" data-start=\"678\" data-end=\"741\"><strong data-start=\"681\" data-end=\"741\">Dlaczego warto wybra\u0107 DeLonghi PrimaDonna Elite ECAM 650.85.MS ?<\/strong><\/h2>\n<ul data-start=\"743\" data-end=\"2030\">\n<li class=\"\" data-start=\"743\" data-end=\"1094\">\n<p class=\"\" data-start=\"745\" data-end=\"1094\"><strong data-start=\"745\" data-end=\"779\">25 Receptur kawy i napoj\u00f3w<\/strong><br data-start=\"779\" data-end=\"782\" \/>W restauracji DeLonghi PrimaDonna Elite oferuje urozmaicone menu, w tym <strong data-start=\"847\" data-end=\"858\">Frapp\u00e9s<\/strong>, <strong data-start=\"860\" data-end=\"873\">Americano<\/strong>, <strong data-start=\"875\" data-end=\"892\">Gor\u0105ca Czekolada<\/strong>, <strong data-start=\"894\" data-end=\"913\">Specja\u0142y z herbaty<\/strong>i tradycyjny <strong data-start=\"931\" data-end=\"943\">Espresso<\/strong>. Dzi\u0119ki <strong data-start=\"959\" data-end=\"982\">przepisy zimnej kawy<\/strong> cecha: ciesz si\u0119 lodu zimne napoje, nie martwi\u0105c si\u0119 o rozcie\u0144czeniu - idealny na upalne dni lub wyj\u0105tkowych kawowych drink\u00f3w.<\/p>\n<\/li>\n<li class=\"\" data-start=\"1096\" data-end=\"1420\">\n<p class=\"\" data-start=\"1098\" data-end=\"1420\"><strong data-start=\"1098\" data-end=\"1153\">Filmy Zimne Napoje Kawowe i Dzbanek Z Gor\u0105c\u0105 Czekolad\u0105<\/strong><br data-start=\"1153\" data-end=\"1156\" \/>DeLonghi - pierwsza marka, kt\u00f3ry <strong data-start=\"1199\" data-end=\"1221\">przepisy zimnych napoj\u00f3w<\/strong> I <strong data-start=\"1226\" data-end=\"1258\">kawowe \u0444\u0440\u0430\u043f\u043f\u044b podobnych do smoothie<\/strong> w super-automatyczny ekspres do kawy. W <strong data-start=\"1302\" data-end=\"1326\">Dzbanek z Gor\u0105c\u0105 Czekolad\u0105<\/strong>wyposa\u017cony miksera do ubijania czekolady, pozwala przygotowa\u0107 kremowy gor\u0105ca czekolada dla jednej lub dw\u00f3ch os\u00f3b.<\/p>\n<\/li>\n<li class=\"\" data-start=\"1422\" data-end=\"1652\">\n<p class=\"\" data-start=\"1424\" data-end=\"1652\"><strong data-start=\"1424\" data-end=\"1450\">Kilku Profili u\u017cytkownik\u00f3w<\/strong><br data-start=\"1450\" data-end=\"1453\" \/>Zdobywaj do\u015bwiadczenie warzenia piwa z pomoc\u0105 <strong data-start=\"1494\" data-end=\"1513\">6 profili u\u017cytkownik\u00f3w<\/strong> and a <strong data-start=\"1520\" data-end=\"1537\">profil go\u015bcia<\/strong>, z kt\u00f3rych ka\u017cdy przechowuje pewne preferencje w napojach. Wybierz jedn\u0105 z <strong data-start=\"1591\" data-end=\"1617\">12 nagrane napoj\u00f3w<\/strong> lub stw\u00f3rz swoje w\u0142asne, unikalne receptury.<\/p>\n<\/li>\n<li class=\"\" data-start=\"1654\" data-end=\"2030\">\n<p class=\"\" data-start=\"1656\" data-end=\"2030\"><strong data-start=\"1656\" data-end=\"1694\">Zaawansowana technologia parzenia kawy<\/strong><br data-start=\"1694\" data-end=\"1697\" \/>Ten <strong data-start=\"1703\" data-end=\"1730\">podw\u00f3jny system \u0442\u0435\u0440\u043c\u043e\u0431\u043b\u043e\u0447\u043d\u0430\u044f<\/strong> gwarantuje, \u017ce twoje picie b\u0119d\u0105 spawane przy idealnej temperaturze, podczas gdy <strong data-start=\"1800\" data-end=\"1826\">Kolorowy ekran dotykowy TFT<\/strong> zapewnia intuicyjny interfejs u\u017cytkownika dla \u0142atwego dostosowania. Mo\u017cesz kontrolowa\u0107 wszystko, od twierdzy napoju do temperatury, bezpo\u015brednio z automatu lub przez <strong data-start=\"1978\" data-end=\"2004\">\u0141\u0105czno\u015b\u0107 Bluetooth<\/strong> za po\u015brednictwem aplikacji DeLonghi.<\/p>\n<\/li>\n<\/ul>\n<\/div>\n<\/div>\n<\/section>\n<div class=\"col-sm-12 col-xs-12\">\n<div class=\"col-sm-4 col-xs-12\"><\/div>\n<div class=\"col-sm-8 col-xs-12\">\n<h2 class=\"\" data-start=\"2037\" data-end=\"2104\"><strong data-start=\"2040\" data-end=\"2104\">G\u0142\u00f3wne cechy DeLonghi PrimaDonna Elite ECAM 650.85.MS<\/strong><\/h2>\n<ul data-start=\"2106\" data-end=\"3499\">\n<li class=\"\" data-start=\"2106\" data-end=\"2400\">\n<p class=\"\" data-start=\"2108\" data-end=\"2400\"><strong data-start=\"2108\" data-end=\"2147\">Ekskluzywne \u015awiatowe Przepisy Zimnej Kawy<\/strong><br data-start=\"2147\" data-end=\"2150\" \/>&#034;\u0414\u0435\u043b\u043e\u043d\u0433\u0438&#034; <strong data-start=\"2163\" data-end=\"2185\">przepisy zimnych napoj\u00f3w<\/strong>Ta maszyna zrewolucjonizowa\u0142 w produkcji kawy z lodem i kawowych frapp\u00e9. Jest to jedyna maszyna na rynku, kt\u00f3ra mo\u017ce produkowa\u0107 doskona\u0142e, \u017cywe napoje z lodem, bez ryzyka rozcie\u0144czenia napoju.<\/p>\n<\/li>\n<li class=\"\" data-start=\"2402\" data-end=\"2655\">\n<p class=\"\" data-start=\"2404\" data-end=\"2655\"><strong data-start=\"2404\" data-end=\"2434\">Karafki z mlekiem i czekolad\u0105<\/strong><br data-start=\"2434\" data-end=\"2437\" \/>W zestawie <strong data-start=\"2450\" data-end=\"2465\">dwa dzbanka<\/strong>: jeden dla mleka, a drugi do gor\u0105cej czekolady. Oba dzbanka wyposa\u017cone mikserem do idealnego ubijania piany i mieszania czekolady, a tak\u017ce dodatkowym dzbanek do napoj\u00f3w z lodem z wbudowanymi kostk\u0119 lodu.<\/p>\n<\/li>\n<li class=\"\" data-start=\"2657\" data-end=\"2868\">\n<p class=\"\" data-start=\"2659\" data-end=\"2868\"><strong data-start=\"2659\" data-end=\"2703\">Wygodny, Kolorowy ekran dotykowy TFT o przek\u0105tnej 4,3 cala<\/strong><br data-start=\"2703\" data-end=\"2706\" \/>Spersonalizuj i dostosowa\u0107 swoje picie \u0142atwo za pomoc\u0105 <strong data-start=\"2760\" data-end=\"2789\">du\u017cy, kolorowy ekran dotykowy.<\/strong>\u00a0Jego intuicyjny interfejs gwarantuje, \u017ce nigdy nie b\u0119dziesz \u0437\u0430\u0442\u0440\u0443\u0434\u043d\u044f\u0442\u044c\u0441\u044f w poszukiwaniu swojego idealnego napoju.<\/p>\n<\/li>\n<li class=\"\" data-start=\"2870\" data-end=\"3164\">\n<p class=\"\" data-start=\"2872\" data-end=\"3164\"><strong data-start=\"2872\" data-end=\"2898\">Po\u0142\u0105czenie Bluetooth<\/strong><br data-start=\"2898\" data-end=\"2901\" \/>PrimaDonna Elite wchodzi w sk\u0142ad pod\u0142\u0105czonych napoj\u00f3w DeLonghi, co pozwala zdalnie zarz\u0105dza\u0107 swoimi napojami i dostosowanie ich smak z pomoc\u0105 <strong data-start=\"3034\" data-end=\"3050\"><a href=\"https:\/\/bestathomeespressomachine.com\/pl\/product\/buy-delonghi-dinamica-lattecrema-super-automatic-espresso-machine-online\/\">DeLonghi<\/a> aplikacja<\/strong>. Mo\u017cesz zmienia\u0107 ustawienia, uruchom picie, a nawet dost\u0119p do porady dotycz\u0105ce konserwacji na swoim komputerze. <strong data-start=\"3135\" data-end=\"3149\">smartfon<\/strong> lub <strong data-start=\"3153\" data-end=\"3163\">tabletka<\/strong>.<\/p>\n<\/li>\n<li class=\"\" data-start=\"3166\" data-end=\"3499\">\n<p class=\"\" data-start=\"3168\" data-end=\"3499\"><strong data-start=\"3168\" data-end=\"3207\">\u0141atwa konserwacja i Czyszczenie<\/strong><br data-start=\"3207\" data-end=\"3210\" \/>Zaprojektowany dla \u0142atwo\u015bci u\u017cytkowania, PrimaDonna Elite jest wyposa\u017cony w <strong data-start=\"3268\" data-end=\"3299\">automatyczne programy czyszcz\u0105ce<\/strong> jak dla mleka i kawy. Mo\u017cesz usun\u0105\u0107 <strong data-start=\"3351\" data-end=\"3369\">pojemnik na mleko<\/strong>\u0142atwo my\u0107 i przechowywa\u0107 w lod\u00f3wce, a\u017c <strong data-start=\"3426\" data-end=\"3443\">grupa piwowarska<\/strong> wymienny i mo\u017cna go my\u0107 w zmywarce do \u0142atwego w piel\u0119gnacji.<\/p>\n<\/li>\n<\/ul>\n<\/div>\n<\/div>\n<div class=\"col-sm-12 col-xs-12\">\n<div class=\"col-sm-4 col-xs-12\"><img fetchpriority=\"high\" decoding=\"async\" class=\"img-responsive\" src=\"https:\/\/www.maxicoffee.com\/fstrz\/r\/s\/www.maxicoffee.com\/images\/delonghi\/chocolat-delonghi-primadonna-elite-650.85.ms.jpg.pagespeed.ce.AxmkJ88mXM.jpg?frz-v=165\" alt=\"DeLonghi Primadonna Elite 650.85.MS ekspres do kawy ziarnistej\" width=\"300\" height=\"266\" \/><\/div>\n<div class=\"col-sm-8 col-xs-12\">\n<h2 class=\"\" data-start=\"3506\" data-end=\"3577\"><strong data-start=\"3509\" data-end=\"3577\">Gdzie kupi\u0107 DeLonghi PrimaDonna Elite ECAM 650.85.MS Online<\/strong><\/h2>\n<p class=\"\" data-start=\"3579\" data-end=\"3870\">Ten <strong data-start=\"3583\" data-end=\"3627\">DeLonghi PrimaDonna Elite ECAM 650.85.MS<\/strong> ekspres mo\u017cna kupi\u0107 wy\u0142\u0105cznie na stronie internetowej <a href=\"http:\/\/Espressomachinesale.com\" rel=\"nofollow noopener\" target=\"_blank\"><strong data-start=\"3686\" data-end=\"3713\">Espressomachinesale.com<\/strong><\/a>. Nasi klienci mog\u0105 korzysta\u0107 z szybkiej dostawy,<a href=\"https:\/\/bestathomeespressomachine.com\/pl\/warranty-information\/\"> <strong data-start=\"3756\" data-end=\"3775\">5-letnia gwarancja<\/strong><\/a> (na 2 lata przed\u0142u\u017ca standardow\u0105 3-letni\u0105 gwarancj\u0105 De &#039; Longhi) i \u015bwietna obs\u0142uga klienta.<\/p>\n<h3 data-start=\"3872\" data-end=\"3892\"><strong data-start=\"3872\" data-end=\"3892\">Dlaczego warto kupowa\u0107 u nas?<\/strong><\/h3>\n<ul data-start=\"3893\" data-end=\"3997\">\n<li class=\"\" data-start=\"3893\" data-end=\"3922\">\n<p class=\"\" data-start=\"3895\" data-end=\"3922\"><strong data-start=\"3895\" data-end=\"3920\">Gwarantowana Najlepsza Cena<\/strong><\/p>\n<\/li>\n<li class=\"\" data-start=\"3923\" data-end=\"3944\">\n<p class=\"\" data-start=\"3925\" data-end=\"3944\"><a href=\"https:\/\/bestathomeespressomachine.com\/pl\/shipping-policy\/\"><strong data-start=\"3925\" data-end=\"3942\">Darmowa dostawa<\/strong><\/a><\/p>\n<\/li>\n<li class=\"\" data-start=\"3945\" data-end=\"3997\">\n<p class=\"\" data-start=\"3947\" data-end=\"3997\"><strong data-start=\"3947\" data-end=\"3976\">Ekskluzywna gwarancja 5 lat<\/strong> (oferta ograniczona czasowo)<\/p>\n<\/li>\n<\/ul>\n<\/div>\n<\/div>\n<div class=\"col-sm-12 col-xs-12\">\n<div class=\"col-sm-4 col-xs-12\"><img decoding=\"async\" class=\"img-responsive\" src=\"https:\/\/www.maxicoffee.com\/fstrz\/r\/s\/www.maxicoffee.com\/images\/delonghi\/intuitive-delonghi-primadonna-elite-650.85.ms.jpg.pagespeed.ce.aPtdnhkEN6.jpg?frz-v=165\" alt=\"DeLonghi Primadonna Elite 650.85.MS ekspres do kawy ziarnistej\" width=\"300\" height=\"306\" \/><\/div>\n<div class=\"col-sm-8 col-xs-12\">\n<h2 class=\"\" data-start=\"4004\" data-end=\"4027\"><strong data-start=\"4007\" data-end=\"4027\">Opinie klient\u00f3w<\/strong><\/h2>\n<p class=\"\" data-start=\"4029\" data-end=\"4276\"><strong data-start=\"4029\" data-end=\"4040\">John M.<\/strong> \u2013 \u2605\u2605\u2605\u2605\u2605<br data-start=\"4048\" data-end=\"4051\" \/><em data-start=\"4051\" data-end=\"4276\">&#034;DeLonghi PrimaDonna Elite naprawd\u0119 zmieni\u0142a m\u00f3j smak kawy. Wszystkie napoje - kaw\u0119 z lodem do g\u0142adkiego latte - przygotowane na najwy\u017cszym poziomie. Ta aplikacja zmienia zasady gry, co pozwala mi dostosowa\u0107 wszystko prosto z mojego telefonu! &#034;<\/em><\/p>\n<p class=\"\" data-start=\"4278\" data-end=\"4480\"><strong data-start=\"4278\" data-end=\"4290\">Sarah T.<\/strong> \u2013 \u2605\u2605\u2605\u2605\u2605<br data-start=\"4298\" data-end=\"4301\" \/><em data-start=\"4301\" data-end=\"4480\">&#034;Podoba mi si\u0119, jak \u0142atwo przygotowa\u0107 gor\u0105c\u0105 czekolad\u0119, a zimne kawowe \u0444\u0440\u0430\u043f\u043f\u044b po prostu cudowne. Konstrukcja maszyny jest elegancki, a ekran dotykowy jest intuicyjny. Gor\u0105co polecam!<\/em><\/p>\n<p>&nbsp;<\/p>\n<\/div>\n<\/div>\n<div class=\"col-sm-12 col-xs-12\">\n<div class=\"col-sm-4 col-xs-12\"><img decoding=\"async\" class=\"img-responsive aligncenter\" src=\"https:\/\/www.maxicoffee.com\/fstrz\/r\/s\/www.maxicoffee.com\/images\/delonghi\/boissons-delonghi-primadonna-elite-650.85.ms.jpg.pagespeed.ce.gtoXX7C19k.jpg?frz-v=165\" alt=\"DeLonghi Elite 650.85.MS ekspres do kawy ziarnistej\" width=\"300\" height=\"266\" \/><\/div>\n<div class=\"col-sm-8 col-xs-12\">\n<hr class=\"\" data-start=\"4482\" data-end=\"4485\" \/>\n<h2 class=\"\" data-start=\"4487\" data-end=\"4527\"><strong data-start=\"4490\" data-end=\"4527\">Cz\u0119sto zadawane pytania (FAQ)<\/strong><\/h2>\n<h3 class=\"\" data-start=\"4529\" data-end=\"4624\"><strong data-start=\"4533\" data-end=\"4622\">1. Jakie rodzaje napoj\u00f3w mog\u0119 przygotowa\u0107 z pomoc\u0105 DeLonghi PrimaDonna Elite ECAM 650.85.MS?<\/strong><\/h3>\n<p class=\"\" data-start=\"4625\" data-end=\"4868\">Mo\u017cesz zrobi\u0107 <strong data-start=\"4638\" data-end=\"4661\">25 r\u00f3\u017cnych napoj\u00f3w<\/strong>, w tym gor\u0105ce i zimne napoje kawowe, <strong data-start=\"4704\" data-end=\"4721\">gor\u0105ca czekolada<\/strong>, <strong data-start=\"4723\" data-end=\"4730\">herbata<\/strong>i <strong data-start=\"4736\" data-end=\"4761\">\u0444\u0440\u0430\u043f\u043f\u044b podobnych do smoothie<\/strong>W automacie mo\u017cna r\u00f3wnie\u017c zam\u00f3wi\u0107 klasyczne napoje, takie jak <strong data-start=\"4807\" data-end=\"4819\">espresso<\/strong>, <strong data-start=\"4821\" data-end=\"4836\">cappuccino<\/strong>, <strong data-start=\"4838\" data-end=\"4857\">latte<\/strong>i wiele wi\u0119cej.<\/p>\n<h3 class=\"\" data-start=\"4870\" data-end=\"4921\"><strong data-start=\"4874\" data-end=\"4919\">2. Czy mog\u0119 dostosowa\u0107 swoje preferencje w odniesieniu do kawy?<\/strong><\/h3>\n<p class=\"\" data-start=\"4922\" data-end=\"5098\">Tak, mo\u017cesz zapisa\u0107 swoje ustawienia za pomoc\u0105 <strong data-start=\"4962\" data-end=\"4981\">6 profili u\u017cytkownik\u00f3w<\/strong> and a <strong data-start=\"4988\" data-end=\"5005\">profil go\u015bcia<\/strong>, kt\u00f3ry pozwala regulowa\u0107 si\u0142\u0119 napoju, temperatur\u0119 i spienianie mleka dok\u0142adnie do swoich potrzeb.<\/p>\n<h3 class=\"\" data-start=\"5100\" data-end=\"5158\"><strong data-start=\"5104\" data-end=\"5156\">3. Jak mog\u0119 wyczy\u015bci\u0107 DeLonghi PrimaDonna Elite?<\/strong><\/h3>\n<p class=\"\" data-start=\"5159\" data-end=\"5365\">Cechy maszyny <strong data-start=\"5180\" data-end=\"5211\">automatyczne programy czyszcz\u0105ce<\/strong> jak dla system\u00f3w wytwarzania mleka, jak i do gotowania z kaw\u0105. Pojemnik na mleko jest zdejmowana i mo\u017cna j\u0105 my\u0107 w zmywarce, a <strong data-start=\"5311\" data-end=\"5328\">grupa piwowarska<\/strong> mo\u017cna my\u0107 pod strumieniem ciep\u0142ej wody.<\/p>\n<h3 class=\"\" data-start=\"5367\" data-end=\"5413\"><strong data-start=\"5371\" data-end=\"5411\">4. Czy jest gwarancja na samoch\u00f3d?<\/strong><\/h3>\n<p class=\"\" data-start=\"5414\" data-end=\"5621\">Tak, <strong data-start=\"5423\" data-end=\"5452\">DeLonghi PrimaDonna Elite<\/strong> comes with a <strong data-start=\"5466\" data-end=\"5485\">3-letnia gwarancja<\/strong>, plus dodatkowy <strong data-start=\"5506\" data-end=\"5525\">2-letnia gwarancja<\/strong> rozszerzenie przy zakupie przez <strong data-start=\"5562\" data-end=\"5581\">Dystrybucja DK<\/strong> w sumie <strong data-start=\"5597\" data-end=\"5608\">5 lat<\/strong> reporta\u017cowy.<\/p>\n<hr class=\"\" data-start=\"5623\" data-end=\"5626\" \/>\n<h2 class=\"\" data-start=\"5628\" data-end=\"5649\"><strong data-start=\"5631\" data-end=\"5649\">My\u015bli<\/strong><\/h2>\n<p class=\"\" data-start=\"5651\" data-end=\"6030\">Ten <strong data-start=\"5655\" data-end=\"5699\">DeLonghi PrimaDonna Elite ECAM 650.85.MS<\/strong> ci\u015bnieniowy ekspres do kawy wyznacza nowy standard w \u043a\u043e\u0444\u0435\u043c\u0430\u0448\u0438\u043d\u0430\u0445 do kawy z ziaren do fili\u017canki, \u0142\u0105cz\u0105c zaawansowane funkcje intuicyjny design. Niezale\u017cnie od tego, czy chcesz gor\u0105ce espresso, kawa z lodem lub co\u015b bardziej oryginalnego, na przyk\u0142ad gor\u0105ca czekolada lub frapp\u00e9, ta maszyna b\u0119dzie ci sprawia\u0107 przyjemno\u015b\u0107. Ponadto, dzi\u0119ki <strong data-start=\"5963\" data-end=\"5982\">5-letnia gwarancja<\/strong>Mo\u017cna cieszy\u0107 si\u0119 kaw\u0105 ze spokojem.<\/p>\n<p class=\"\" data-start=\"6032\" data-end=\"6121\">Kupuj ju\u017c teraz pod adresem: <strong data-start=\"6044\" data-end=\"6071\">Expressomachinesale.com<\/strong> i cieszy\u0107 si\u0119 niezr\u00f3wnanym smakiem kawy u siebie w domu!<\/p>\n<\/div>\n<\/div>","protected":false},"excerpt":{"rendered":"<ul>\n<li>Wysokiej jako\u015bci elewacja ze stali nierdzewnej<\/li>\n<li>Ponad 25 gor\u0105cych i ZIMNYCH napoj\u00f3w<\/li>\n<li>2 r\u00f3\u017cnych dzbanka \/ 2 tacki na kostki lodu<\/li>\n<li>7 Profili u\u017cytkownik\u00f3w<\/li>\n<li>gwarancja 5 lat<\/li>\n<\/ul>","protected":false},"featured_media":21011,"comment_status":"open","ping_status":"closed","template":"","meta":[],"product_cat":[50],"product_tag":[],"class_list":{"0":"post-20898","1":"product","2":"type-product","3":"status-publish","4":"has-post-thumbnail","6":"product_cat-delonghi-espresso-machines","8":"first","9":"instock","10":"shipping-taxable","11":"purchasable","12":"product-type-simple","13":"col-xs-6 col-sm-4","14":"col-md-3 col-lg-3","15":"un-4-cols"},"jetpack_sharing_enabled":true,"_links":{"self":[{"href":"https:\/\/bestathomeespressomachine.com\/pl\/wp-json\/wp\/v2\/product\/20898","targetHints":{"allow":["GET"]}}],"collection":[{"href":"https:\/\/bestathomeespressomachine.com\/pl\/wp-json\/wp\/v2\/product"}],"about":[{"href":"https:\/\/bestathomeespressomachine.com\/pl\/wp-json\/wp\/v2\/types\/product"}],"replies":[{"embeddable":true,"href":"https:\/\/bestathomeespressomachine.com\/pl\/wp-json\/wp\/v2\/comments?post=20898"}],"version-history":[{"count":3,"href":"https:\/\/bestathomeespressomachine.com\/pl\/wp-json\/wp\/v2\/product\/20898\/revisions"}],"predecessor-version":[{"id":22422,"href":"https:\/\/bestathomeespressomachine.com\/pl\/wp-json\/wp\/v2\/product\/20898\/revisions\/22422"}],"wp:featuredmedia":[{"embeddable":true,"href":"https:\/\/bestathomeespressomachine.com\/pl\/wp-json\/wp\/v2\/media\/21011"}],"wp:attachment":[{"href":"https:\/\/bestathomeespressomachine.com\/pl\/wp-json\/wp\/v2\/media?parent=20898"}],"wp:term":[{"taxonomy":"product_cat","embeddable":true,"href":"https:\/\/bestathomeespressomachine.com\/pl\/wp-json\/wp\/v2\/product_cat?post=20898"},{"taxonomy":"product_tag","embeddable":true,"href":"https:\/\/bestathomeespressomachine.com\/pl\/wp-json\/wp\/v2\/product_tag?post=20898"}],"curies":[{"name":"wp","href":"https:\/\/api.w.org\/{rel}","templated":true}]}}