{"id":20904,"date":"2024-12-29T18:32:27","date_gmt":"2024-12-29T18:32:27","guid":{"rendered":"https:\/\/bestathomeespressomachine.com\/?post_type=product&#038;p=20904"},"modified":"2025-04-30T04:01:33","modified_gmt":"2025-04-30T04:01:33","slug":"buy-delonghi-eletta-automatic-espresso-machine-for-sale","status":"publish","type":"product","link":"https:\/\/bestathomeespressomachine.com\/pl\/product\/buy-delonghi-eletta-automatic-espresso-machine-for-sale\/","title":{"rendered":"Superautomatyczny ekspres do kawy DeLonghi Eletta Cappuccino ECAM44660B (czarny)"},"content":{"rendered":"<div class=\"product-block-list__item product-block-list__item--description\">\n<div class=\"card\">\n<div class=\"card__section product-description-area\">\n<div class=\"rte text--pull\">\n<h2 class=\"\" data-start=\"132\" data-end=\"205\"><strong data-start=\"135\" data-end=\"205\">DeLonghi Eletta Na sprzeda\u017c online: Wysokiej jako\u015bci ekspres do kawy i espresso<\/strong><\/h2>\n<h3 class=\"\" data-start=\"207\" data-end=\"295\"><strong data-start=\"211\" data-end=\"295\">Odkryj ekspres do kawy i espresso DeLonghi ECAM45760S Eletta Cappuccino Top<\/strong><\/h3>\n<p class=\"\" data-start=\"297\" data-end=\"756\">Je\u015bli szukasz DeLonghi<strong data-start=\"319\" data-end=\"354\">\u00a0Wybrany do sprzeda\u017cy online<\/strong>, nie szukaj dalej! <strong data-start=\"377\" data-end=\"422\">Top DeLonghi ECAM45760S Eletta Cappuccino<\/strong> jest jednym z najnowocze\u015bniejszych w pe\u0142ni automatycznych ekspres\u00f3w do kawy marki DeLonghi. \u0141\u0105czy zaawansowane funkcje, kt\u00f3re mo\u017cna znale\u017a\u0107 w ekspresach za ponad 2500 dolar\u00f3w, oferuj\u0105c wyj\u0105tkow\u0105 jako\u015b\u0107 i wszechstronno\u015b\u0107. Zaprojektowany do parzenia r\u00f3\u017cnych napoj\u00f3w o jako\u015bci baristy za naci\u015bni\u0119ciem przycisku, <strong data-start=\"698\" data-end=\"717\">DeLonghi wybrany<\/strong> zapewnia niepowtarzalne prze\u017cycia.<\/p>\n<p class=\"\" data-start=\"758\" data-end=\"1241\">Ten ekspres wyr\u00f3\u017cnia si\u0119 mo\u017cliwo\u015bci\u0105 uzyskania ultradrobnego mielenia dla tych, kt\u00f3rzy lubi\u0105 precyzyjn\u0105 personalizacj\u0119 kawy. Ponadto posiada dwa wymienne systemy mleka: <strong data-start=\"945\" data-end=\"977\">automatyczna spieniarka do lattecrema<\/strong> dla idealnie teksturowanej pianki mlecznej i <strong data-start=\"1017\" data-end=\"1048\"><a href=\"https:\/\/bestathomeespressomachine.com\/pl\/product\/philips-3200-series-classic-milk-frother-super-automatic-espresso-machine\/\">podr\u0119cznik<\/a> rami\u0119 parowe pannarello<\/strong> do tworzenia cieplejszych napoj\u00f3w, takich jak matcha latte i gor\u0105ca czekolada. Niezale\u017cnie od tego, czy jeste\u015b entuzjast\u0105 espresso, czy fanem kremowych latte i cappuccino, ten ekspres ma co\u015b dla ka\u017cdego.<\/p>\n<p class=\"\" data-start=\"1243\" data-end=\"1560\">Wyprodukowano we W\u0142oszech z najwy\u017cszej jako\u015bci komponent\u00f3w, <strong data-start=\"1287\" data-end=\"1317\"><a href=\"https:\/\/bestathomeespressomachine.com\/pl\/product\/buy-delonghi-eletta-explore-fully-automatic-espresso-machine-online\/\">DeLonghi wybrany<\/a> ECAM45760S<\/strong> oferuje wszystko, czego potrzebujesz do wyj\u0105tkowego domowego do\u015bwiadczenia kawowego. Z <strong data-start=\"1395\" data-end=\"1422\">programowalny czas rozpocz\u0119cia<\/strong>, <strong data-start=\"1424\" data-end=\"1448\">dedykowany podgrzewacz do kubk\u00f3w<\/strong>i szereg funkcji spieniania mleka sprawiaj\u0105, \u017ce jest to idealne urz\u0105dzenie dla mi\u0142o\u015bnik\u00f3w gor\u0105cej, aromatycznej kawy.<\/p>\n<h2 data-start=\"1562\" data-end=\"1616\"><strong data-start=\"1566\" data-end=\"1616\">G\u0142\u00f3wne cechy DeLonghi Eletta ECAM45760S<\/strong><\/h2>\n<ul data-start=\"1618\" data-end=\"2740\">\n<li class=\"\" data-start=\"1618\" data-end=\"1724\">\n<p class=\"\" data-start=\"1620\" data-end=\"1724\"><strong data-start=\"1620\" data-end=\"1651\">Opatentowany system Latte Crema<\/strong>:Zapewnia g\u0119st\u0105, bogat\u0105 i d\u0142ugo utrzymuj\u0105c\u0105 si\u0119 piank\u0119 do Twoich napoj\u00f3w na bazie espresso.<\/p>\n<\/li>\n<li class=\"\" data-start=\"1725\" data-end=\"1849\">\n<p class=\"\" data-start=\"1727\" data-end=\"1849\"><strong data-start=\"1727\" data-end=\"1751\">R\u0119czna dysza do spieniania<\/strong>:Idealny do przygotowywania gor\u0105cego latte matcha, gor\u0105cej czekolady lub najwy\u017cszej mo\u017cliwej temperatury mleka.<\/p>\n<\/li>\n<li class=\"\" data-start=\"1850\" data-end=\"1943\">\n<p class=\"\" data-start=\"1852\" data-end=\"1943\"><strong data-start=\"1852\" data-end=\"1876\">Ci\u015bnienie pompy 15 bar\u00f3w<\/strong>:Zaparza napoje pod idealnym ci\u015bnieniem, zapewniaj\u0105c optymaln\u0105 ekstrakcj\u0119 kawy.<\/p>\n<\/li>\n<li class=\"\" data-start=\"1944\" data-end=\"2051\">\n<p class=\"\" data-start=\"1946\" data-end=\"2051\"><strong data-start=\"1946\" data-end=\"1966\">Wbudowany m\u0142ynek<\/strong>:\u015awie\u017co mielone ziarna kawy, eliminuj\u0105ce marnotrawstwo, dzi\u0119ki czemu fili\u017canka kawy jest zawsze \u015bwie\u017ca.<\/p>\n<\/li>\n<li class=\"\" data-start=\"2052\" data-end=\"2169\">\n<p class=\"\" data-start=\"2054\" data-end=\"2169\"><strong data-start=\"2054\" data-end=\"2104\">Obs\u0142uguje zar\u00f3wno ziarna kawy, jak i kaw\u0119 mielon\u0105<\/strong>:Mo\u017cliwo\u015b\u0107 stosowania zar\u00f3wno kawy ziarnistej, jak i zmielonej.<\/p>\n<\/li>\n<li class=\"\" data-start=\"2170\" data-end=\"2257\">\n<p class=\"\" data-start=\"2172\" data-end=\"2257\"><strong data-start=\"2172\" data-end=\"2203\">Funkcja automatycznego czyszczenia<\/strong>:Utrzymuje Twoj\u0105 maszyn\u0119 w doskona\u0142ym stanie przy minimalnym wysi\u0142ku.<\/p>\n<\/li>\n<li class=\"\" data-start=\"2258\" data-end=\"2359\">\n<p class=\"\" data-start=\"2260\" data-end=\"2359\"><strong data-start=\"2260\" data-end=\"2276\">Avec le \u201cMon\u201d preset utilisateur de la fonction, vous pouvez enregistrer votre caf\u00e9 unique param\u00e8tres pour un acc\u00e8s rapide, vous assurant d&#039;obtenir vos boissons pr\u00e9f\u00e9r\u00e9es exactement comment vous les aimez tout le temps.<\/strong>: Dostosuj i zapisz ustawienia parzenia i spieniania, aby uzyska\u0107 spersonalizowane napoje.<\/p>\n<\/li>\n<li class=\"\" data-start=\"2360\" data-end=\"2424\">\n<p class=\"\" data-start=\"2362\" data-end=\"2424\"><strong data-start=\"2362\" data-end=\"2395\">Wyjmowany spieniacz\/wylewka na wod\u0119<\/strong>:\u0141atwe do czyszczenia i konserwacji.<\/p>\n<\/li>\n<li class=\"\" data-start=\"2425\" data-end=\"2493\">\n<p class=\"\" data-start=\"2427\" data-end=\"2493\"><strong data-start=\"2427\" data-end=\"2467\">Zewn\u0119trzny dzbanek na mleko nadaj\u0105cy si\u0119 do mycia w zmywarce<\/strong>:\u0141atwy do czyszczenia.<\/p>\n<\/li>\n<li class=\"\" data-start=\"2494\" data-end=\"2578\">\n<p class=\"\" data-start=\"2496\" data-end=\"2578\"><strong data-start=\"2496\" data-end=\"2526\">Pojemnik na fasol\u0119 14 uncji (400 g)<\/strong>:Z pokrywk\u0105 chroni\u0105c\u0105 smak, kt\u00f3ra pozwoli zachowa\u0107 \u015bwie\u017co\u015b\u0107 ziaren.<\/p>\n<\/li>\n<li class=\"\" data-start=\"2579\" data-end=\"2740\">\n<p class=\"\" data-start=\"2581\" data-end=\"2740\"><strong data-start=\"2581\" data-end=\"2615\">3-letnia gwarancja producenta <a href=\"https:\/\/bestathomeespressomachine.com\/pl\/warranty-information\/\">Gwarancja<\/a><\/strong>: Ciesz si\u0119 dwuletni\u0105 ochron\u0105 ubezpieczeniow\u0105 plus dodatkowym rokiem po dokonaniu rejestracji po zakupie (we wsp\u00f3\u0142pracy z DeLonghi Canada).<\/p>\n<\/li>\n<\/ul>\n<h2 data-start=\"2742\" data-end=\"2793\"><strong data-start=\"2746\" data-end=\"2793\">Dlaczego warto wybra\u0107 DeLonghi Eletta do sprzeda\u017cy online?<\/strong><\/h2>\n<p class=\"\" data-start=\"2795\" data-end=\"3232\">Ten <strong data-start=\"2799\" data-end=\"2829\">DeLonghi Eletta ECAM45760S<\/strong> upraszcza proces przygotowywania ulubionych specjalnych napoj\u00f3w. Niezale\u017cnie od tego, czy masz ochot\u0119 na <strong data-start=\"2929\" data-end=\"2941\">espresso<\/strong>, <b>mleko do kawy<\/b>, <strong data-start=\"2960\" data-end=\"2973\">macchiato<\/strong>, <b>p\u0142aska biel<\/b>, Lub <b>d\u0142uga kawa<\/b>, ten <strong data-start=\"3015\" data-end=\"3034\">DeLonghi wybrany<\/strong> u\u0142atwia zaparzenie idealnej kawy za ka\u017cdym razem. Ekspres jest zaprojektowany do optymalnej ekstrakcji kawy przy idealnej temperaturze i ci\u015bnieniu, zapewniaj\u0105c profesjonaln\u0105 jako\u015b\u0107 smaku w ka\u017cdej fili\u017cance.<\/p>\n<p class=\"\" data-start=\"3234\" data-end=\"3251\"><strong data-start=\"3234\" data-end=\"3248\">Wymiary<\/strong>:<\/p>\n<ul data-start=\"3252\" data-end=\"3356\">\n<li class=\"\" data-start=\"3252\" data-end=\"3279\">\n<p class=\"\" data-start=\"3254\" data-end=\"3279\"><strong data-start=\"3254\" data-end=\"3264\">Wysoko\u015b\u0107<\/strong>: 14,2 cala<\/p>\n<\/li>\n<li class=\"\" data-start=\"3280\" data-end=\"3306\">\n<p class=\"\" data-start=\"3282\" data-end=\"3306\"><strong data-start=\"3282\" data-end=\"3291\">Szeroko\u015b\u0107<\/strong>: 18,4 cala<\/p>\n<\/li>\n<li class=\"\" data-start=\"3307\" data-end=\"3333\">\n<p class=\"\" data-start=\"3309\" data-end=\"3333\"><strong data-start=\"3309\" data-end=\"3318\">G\u0142\u0119boko\u015b\u0107<\/strong>: 10,2 cala<\/p>\n<\/li>\n<li class=\"\" data-start=\"3334\" data-end=\"3356\">\n<p class=\"\" data-start=\"3336\" data-end=\"3356\"><strong data-start=\"3336\" data-end=\"3346\">Waga<\/strong>: 34,5 funta<\/p>\n<\/li>\n<\/ul>\n<p class=\"\" data-start=\"3358\" data-end=\"3387\"><strong data-start=\"3358\" data-end=\"3384\">Informacje dodatkowe<\/strong>:<\/p>\n<ul data-start=\"3388\" data-end=\"3548\">\n<li class=\"\" data-start=\"3388\" data-end=\"3432\">\n<p class=\"\" data-start=\"3390\" data-end=\"3432\"><strong data-start=\"3390\" data-end=\"3417\">Pojemno\u015b\u0107 pojemnika na fasol\u0119<\/strong>: 14 uncji \/ 400g<\/p>\n<\/li>\n<li class=\"\" data-start=\"3433\" data-end=\"3463\">\n<p class=\"\" data-start=\"3435\" data-end=\"3463\"><strong data-start=\"3435\" data-end=\"3452\">Ci\u015bnienie pompy<\/strong>: 15 takt\u00f3w<\/p>\n<\/li>\n<li class=\"\" data-start=\"3464\" data-end=\"3503\">\n<p class=\"\" data-start=\"3466\" data-end=\"3503\"><strong data-start=\"3466\" data-end=\"3483\">Napi\u0119cie znamionowe<\/strong>: 110\/120 V 50\/60 Hz<\/p>\n<\/li>\n<li class=\"\" data-start=\"3504\" data-end=\"3548\">\n<p class=\"\" data-start=\"3506\" data-end=\"3548\"><strong data-start=\"3506\" data-end=\"3546\">Zewn\u0119trzny dzbanek na mleko nadaj\u0105cy si\u0119 do mycia w zmywarce<\/strong><\/p>\n<\/li>\n<\/ul>\n<h2 data-start=\"3550\" data-end=\"3600\"><strong data-start=\"3554\" data-end=\"3600\">Ju\u017c dzi\u015b kup DeLonghi Eletta w sprzeda\u017cy online<\/strong><\/h2>\n<p class=\"\" data-start=\"3602\" data-end=\"3963\">Chc\u0119 kupi\u0107 DeLonghi<strong data-start=\"3617\" data-end=\"3652\">\u00a0Wybrany do sprzeda\u017cy online<\/strong>? Teraz masz szans\u0119 na posiadanie jednego z najlepszych w pe\u0142ni automatycznych ekspres\u00f3w do kawy dost\u0119pnych na rynku! <strong data-start=\"3746\" data-end=\"3776\">DeLonghi Eletta ECAM45760S<\/strong> jest przeznaczony dla tych, kt\u00f3rzy wymagaj\u0105 wysokiej jako\u015bci kawy w ka\u017cdej fili\u017cance. Dzi\u0119ki eleganckiemu w\u0142oskiemu wzornictwu, podw\u00f3jnym systemom mleka i \u0142atwo\u015bci u\u017cytkowania idealnie pasuje do kuchni ka\u017cdego mi\u0142o\u015bnika kawy.<\/p>\n<p class=\"\" data-start=\"3965\" data-end=\"4221\"><strong data-start=\"3965\" data-end=\"3993\">Gwarancj\u0105 zgodno\u015bci Ceny<\/strong><br data-start=\"3993\" data-end=\"3996\" \/>Oferujemy <b>price-matching guarantee<\/b>\u00a0do 90 dni od zakupu. Uzyskaj najlepsz\u0105 cen\u0119, gwarantowan\u0105 i kupuj z ufno\u015bci\u0105. Ciesz si\u0119 <strong data-start=\"4130\" data-end=\"4147\">free shipping<\/strong> na Twoje zam\u00f3wienie, gdy dokonasz zakupu <strong data-start=\"4184\" data-end=\"4214\">DeLonghi Eletta ECAM45760S<\/strong> Dzisiaj!<\/p>\n<\/div>\n<\/div>\n<\/div>\n<\/div>\n<div class=\"product-block-list__item product-block-list__item--reviews\">\n<div class=\"card\">\n<div class=\"card__section\">\n<div class=\"product-pricing-guarantee-image\"><img decoding=\"async\" src=\" prijs matching voor maximaal 90 dagen.\" alt=\"\" \/><\/div>\n<p>Ten produkt kwalifikuje si\u0119 do dopasowania ceny zar\u00f3wno u nas, jak i u innych firm do 90 dni od zakupu. Kupuj teraz z bezpiecze\u0144stwem i uzyskaj najlepsz\u0105 cen\u0119, gwarantowan\u0105.<\/p>\n<\/div>\n<\/div>\n<\/div>","protected":false},"excerpt":{"rendered":"<p>DeLonghi Eletta For Sale Online: Premium Espresso &amp; Coffee Machine Discover the DeLonghi ECAM45760S Eletta Cappuccino Top Coffee &amp; Espresso Machine If you&#8217;re looking for a DeLonghi\u00a0Eletta for sale online, look no further! The DeLonghi ECAM45760S Eletta Cappuccino Top is one of the highest-end fully automatic espresso machines from DeLonghi. It combines advanced features typically&hellip;<\/p>","protected":false},"featured_media":21049,"comment_status":"open","ping_status":"closed","template":"","meta":[],"product_cat":[50],"product_tag":[],"class_list":{"0":"post-20904","1":"product","2":"type-product","3":"status-publish","4":"has-post-thumbnail","6":"product_cat-delonghi-espresso-machines","8":"first","9":"instock","10":"sale","11":"shipping-taxable","12":"purchasable","13":"product-type-simple","14":"col-xs-6 col-sm-4","15":"col-md-3 col-lg-3","16":"un-4-cols"},"jetpack_sharing_enabled":true,"_links":{"self":[{"href":"https:\/\/bestathomeespressomachine.com\/pl\/wp-json\/wp\/v2\/product\/20904","targetHints":{"allow":["GET"]}}],"collection":[{"href":"https:\/\/bestathomeespressomachine.com\/pl\/wp-json\/wp\/v2\/product"}],"about":[{"href":"https:\/\/bestathomeespressomachine.com\/pl\/wp-json\/wp\/v2\/types\/product"}],"replies":[{"embeddable":true,"href":"https:\/\/bestathomeespressomachine.com\/pl\/wp-json\/wp\/v2\/comments?post=20904"}],"version-history":[{"count":6,"href":"https:\/\/bestathomeespressomachine.com\/pl\/wp-json\/wp\/v2\/product\/20904\/revisions"}],"predecessor-version":[{"id":22410,"href":"https:\/\/bestathomeespressomachine.com\/pl\/wp-json\/wp\/v2\/product\/20904\/revisions\/22410"}],"wp:featuredmedia":[{"embeddable":true,"href":"https:\/\/bestathomeespressomachine.com\/pl\/wp-json\/wp\/v2\/media\/21049"}],"wp:attachment":[{"href":"https:\/\/bestathomeespressomachine.com\/pl\/wp-json\/wp\/v2\/media?parent=20904"}],"wp:term":[{"taxonomy":"product_cat","embeddable":true,"href":"https:\/\/bestathomeespressomachine.com\/pl\/wp-json\/wp\/v2\/product_cat?post=20904"},{"taxonomy":"product_tag","embeddable":true,"href":"https:\/\/bestathomeespressomachine.com\/pl\/wp-json\/wp\/v2\/product_tag?post=20904"}],"curies":[{"name":"wp","href":"https:\/\/api.w.org\/{rel}","templated":true}]}}