{"id":21556,"date":"2025-01-06T04:58:47","date_gmt":"2025-01-06T04:58:47","guid":{"rendered":"https:\/\/bestathomeespressomachine.com\/?post_type=product&#038;p=21556"},"modified":"2025-04-28T12:30:04","modified_gmt":"2025-04-28T12:30:04","slug":"buy-jura-giga-x8c-coffee-machine-online","status":"publish","type":"product","link":"https:\/\/bestathomeespressomachine.com\/pl\/product\/buy-jura-giga-x8c-coffee-machine-online\/","title":{"rendered":"JURA GIGA X8c Professional G2 15692 (Aluminium Czarny)"},"content":{"rendered":"<div class=\"product-block-list__item product-block-list__item--description\">\n<div class=\"card\">\n<div class=\"card__section product-description-area\">\n<div class=\"rte text--pull\">\n<h2 data-start=\"0\" data-end=\"84\"><strong data-start=\"0\" data-end=\"84\">Kup ekspres do kawy JURA GIGA X8c online \u2014 profesjonalny G2 15692 (aluminium czarny)<\/strong><\/h2>\n<p class=\"\" data-start=\"86\" data-end=\"589\">Ten <strong data-start=\"90\" data-end=\"120\">JURA GIGA X8c Profesjonalny<\/strong> to wydajny ekspres do kawy przeznaczony dla firm, kt\u00f3re potrzebuj\u0105 niezawodno\u015bci i szybko\u015bci. Dzi\u0119ki eleganckiemu wyko\u0144czeniu i innowacyjnym funkcjom ten ekspres dostarcza idealn\u0105 kaw\u0119 w rekordowo kr\u00f3tkim czasie, co czyni go idealnym do \u015brodowisk o du\u017cym zapotrzebowaniu, takich jak biura, kawiarnie lub us\u0142ugi cateringowe. Dzi\u0119ki <strong data-start=\"419\" data-end=\"457\">Proces ekstrakcji impulsowej (PEP\u00ae)<\/strong>GIGA X8c gwarantuje idealne espresso za ka\u017cdym razem, a funkcja Speed \u200b\u200bpozwala na szybk\u0105 obs\u0142ug\u0119 bez utraty smaku. <a href=\"https:\/\/bestathomeespressomachine.com\/pl\/product\/buy-jura-giga-10-15527-diamond-black-online-for-sale\/\">Kup JURA GIGA<\/a> Ekspres do kawy X8c online<\/p>\n<p class=\"\" data-start=\"591\" data-end=\"728\"><strong data-start=\"591\" data-end=\"600\">Notatka:<\/strong> Maszyna ta jest dost\u0119pna w dw\u00f3ch wersjach napi\u0119ciowych: 220 V i 120 V. Skontaktuj si\u0119 z nami, je\u015bli chcesz wybra\u0107 wersj\u0119 220 V.<\/p>\n<hr class=\"\" data-start=\"730\" data-end=\"733\" \/>\n<h2 data-start=\"735\" data-end=\"747\"><strong data-start=\"735\" data-end=\"747\">CECHY<\/strong><\/h2>\n<div class=\"group pointer-events-none relative flex justify-center *:pointer-events-auto\"><button class=\"hover:bg-token-main-surface-secondary text-token-text-secondary pointer-events-auto rounded-lg px-1 py-1 opacity-0 transition-opacity duration-200 group-focus-within:opacity-100 group-hover:opacity-100\"><\/button><\/p>\n<div class=\"tableContainer horzScrollShadows relative\">\n<table class=\"min-w-full\" data-start=\"749\" data-end=\"2098\">\n<thead data-start=\"749\" data-end=\"865\">\n<tr data-start=\"749\" data-end=\"865\">\n<th data-start=\"749\" data-end=\"786\"><strong data-start=\"751\" data-end=\"762\">Funkcja<\/strong><\/th>\n<th data-start=\"786\" data-end=\"865\"><strong data-start=\"788\" data-end=\"799\">Bli\u017csze dane<\/strong><\/th>\n<\/tr>\n<\/thead>\n<tbody data-start=\"983\" data-end=\"2098\">\n<tr data-start=\"983\" data-end=\"1106\">\n<td class=\"max-w-[calc(var(--thread-content-max-width)*2\/3)]\" data-start=\"983\" data-end=\"1024\"><strong data-start=\"985\" data-end=\"1023\">Proces ekstrakcji impulsowej (PEP\u00ae)<\/strong><\/td>\n<td class=\"max-w-[calc(var(--thread-content-max-width)*2\/3)] min-w-[calc(var(--thread-content-max-width)\/3)]\" data-start=\"1024\" data-end=\"1106\">Opatentowana technologia zapewniaj\u0105ca idealn\u0105 ekstrakcj\u0119 espresso i doskona\u0142y smak.<\/td>\n<\/tr>\n<tr data-start=\"1107\" data-end=\"1227\">\n<td class=\"max-w-[calc(var(--thread-content-max-width)*2\/3)]\" data-start=\"1107\" data-end=\"1146\"><strong data-start=\"1109\" data-end=\"1137\">Podw\u00f3jne Cappuccino w Jednym Kroku<\/strong><\/td>\n<td class=\"max-w-[calc(var(--thread-content-max-width)*2\/3)] min-w-[calc(var(--thread-content-max-width)\/3)]\" data-start=\"1146\" data-end=\"1227\">Pozwala na wydajne przygotowywanie dw\u00f3ch fili\u017canek cappuccino jednocze\u015bnie.<\/td>\n<\/tr>\n<tr data-start=\"1228\" data-end=\"1351\">\n<td class=\"max-w-[calc(var(--thread-content-max-width)*2\/3)]\" data-start=\"1228\" data-end=\"1271\"><strong data-start=\"1230\" data-end=\"1270\">Programowalna moc i pr\u0119dko\u015b\u0107 kawy<\/strong><\/td>\n<td class=\"max-w-[calc(var(--thread-content-max-width)*2\/3)] min-w-[calc(var(--thread-content-max-width)\/3)]\" data-start=\"1271\" data-end=\"1351\">Dostosuj moc i pr\u0119dko\u015b\u0107 parzenia kawy wed\u0142ug w\u0142asnych preferencji.<\/td>\n<\/tr>\n<tr data-start=\"1352\" data-end=\"1472\">\n<td class=\"max-w-[calc(var(--thread-content-max-width)*2\/3)]\" data-start=\"1352\" data-end=\"1391\"><strong data-start=\"1354\" data-end=\"1384\">System ogrzewania Thermoblock<\/strong><\/td>\n<td class=\"max-w-[calc(var(--thread-content-max-width)*2\/3)] min-w-[calc(var(--thread-content-max-width)\/3)]\" data-start=\"1391\" data-end=\"1472\">Szybki i wydajny system ogrzewania zapewniaj\u0105cy utrzymanie optymalnej temperatury.<\/td>\n<\/tr>\n<tr data-start=\"1473\" data-end=\"1609\">\n<td class=\"max-w-[calc(var(--thread-content-max-width)*2\/3)]\" data-start=\"1473\" data-end=\"1511\"><strong data-start=\"1475\" data-end=\"1505\">Sta\u0142e przy\u0142\u0105cze wodne<\/strong><\/td>\n<td class=\"max-w-[calc(var(--thread-content-max-width)*2\/3)] min-w-[calc(var(--thread-content-max-width)\/2)]\" data-start=\"1511\" data-end=\"1609\">Zawiera du\u017cy zbiornik na wod\u0119 do u\u017cytku mobilnego i sta\u0142e przy\u0142\u0105cze wodne zapewniaj\u0105ce bezpo\u015bredni dost\u0119p.<\/td>\n<\/tr>\n<tr data-start=\"1610\" data-end=\"1728\">\n<td class=\"max-w-[calc(var(--thread-content-max-width)*2\/3)]\" data-start=\"1610\" data-end=\"1648\"><strong data-start=\"1612\" data-end=\"1644\">Zintegrowane programy czyszczenia<\/strong><\/td>\n<td class=\"max-w-[calc(var(--thread-content-max-width)*2\/3)] min-w-[calc(var(--thread-content-max-width)\/3)]\" data-start=\"1648\" data-end=\"1728\">Automatyczne funkcje p\u0142ukania, czyszczenia i odkamieniania zapewniaj\u0105 wygod\u0119 u\u017cytkowania.<\/td>\n<\/tr>\n<tr data-start=\"1729\" data-end=\"1860\">\n<td class=\"max-w-[calc(var(--thread-content-max-width)*2\/3)] min-w-[calc(var(--thread-content-max-width)\/3)]\" data-start=\"1729\" data-end=\"1780\"><strong data-start=\"1731\" data-end=\"1779\">Elektrycznie regulowana ceramiczna szlifierka tarczowa<\/strong><\/td>\n<td class=\"max-w-[calc(var(--thread-content-max-width)*2\/3)] min-w-[calc(var(--thread-content-max-width)\/3)]\" data-start=\"1780\" data-end=\"1860\">Precyzyjne mielenie \u015bwie\u017cej kawy z regulowanymi ustawieniami.<\/td>\n<\/tr>\n<tr data-start=\"1861\" data-end=\"1979\">\n<td class=\"max-w-[calc(var(--thread-content-max-width)*2\/3)]\" data-start=\"1861\" data-end=\"1899\"><strong data-start=\"1863\" data-end=\"1885\">Wy\u015bwietlacz kolorowy TFT<\/strong><\/td>\n<td class=\"max-w-[calc(var(--thread-content-max-width)*2\/3)] min-w-[calc(var(--thread-content-max-width)\/3)]\" data-start=\"1899\" data-end=\"1979\">Kolorowy wy\u015bwietlacz przyjazny dla u\u017cytkownika, umo\u017cliwiaj\u0105cy \u0142atw\u0105 obs\u0142ug\u0119 i wyb\u00f3r programu.<\/td>\n<\/tr>\n<tr data-start=\"1980\" data-end=\"2098\">\n<td class=\"max-w-[calc(var(--thread-content-max-width)*2\/3)]\" data-start=\"1980\" data-end=\"2018\"><strong data-start=\"1982\" data-end=\"2016\">1-letnia gwarancja producenta<\/strong><\/td>\n<td class=\"max-w-[calc(var(--thread-content-max-width)*2\/3)] min-w-[calc(var(--thread-content-max-width)\/3)]\" data-start=\"2018\" data-end=\"2098\">Obejmuje roczn\u0105 gwarancj\u0119 na cz\u0119\u015bci i robocizn\u0119, co zapewnia spok\u00f3j ducha.<\/td>\n<\/tr>\n<\/tbody>\n<\/table>\n<\/div>\n<\/div>\n<hr class=\"\" data-start=\"2100\" data-end=\"2103\" \/>\n<h2 data-start=\"2105\" data-end=\"2161\"><strong data-start=\"2105\" data-end=\"2161\">GDZIE KUPI\u0106 EKSPRES DO KAWY JURA GIGA X8c ONLINE<\/strong><\/h2>\n<h3 class=\"\" data-start=\"2163\" data-end=\"2218\"><strong data-start=\"2167\" data-end=\"2218\">Kup ekspres do kawy JURA GIGA X8c ju\u017c dzi\u015b<\/strong><\/h3>\n<p class=\"\" data-start=\"2220\" data-end=\"2439\">Ten <strong data-start=\"2224\" data-end=\"2254\">JURA GIGA X8c Profesjonalny<\/strong> jest dost\u0119pny do kupienia online za po\u015brednictwem zaufanych sprzedawc\u00f3w detalicznych. Ciesz si\u0119 szybk\u0105 wysy\u0142k\u0105 i doskona\u0142\u0105 obs\u0142ug\u0105 klienta, kupuj\u0105c od autoryzowanych dealer\u00f3w. Sprawd\u017a poni\u017cej opcje zakupu:<\/p>\n<ul data-start=\"2441\" data-end=\"2674\">\n<li class=\"\" data-start=\"2441\" data-end=\"2589\">\n<p class=\"\" data-start=\"2443\" data-end=\"2589\"><strong data-start=\"2443\" data-end=\"2471\">EspressoMachineSale.com:<\/strong> Zdob\u0105d\u017a swoje <strong data-start=\"2481\" data-end=\"2498\">JURA GIGA X8c<\/strong> z wygod\u0105 zakup\u00f3w online. Odkryj ekskluzywne oferty i \u0142atwe opcje p\u0142atno\u015bci.<\/p>\n<\/li>\n<li class=\"\" data-start=\"2590\" data-end=\"2674\">\n<p class=\"\" data-start=\"2592\" data-end=\"2674\"><strong data-start=\"2592\" data-end=\"2603\">Amazonka:<\/strong> Niezawodna dostawa i opinie klient\u00f3w pomog\u0105 Ci podj\u0105\u0107 decyzj\u0119.<\/p>\n<\/li>\n<\/ul>\n<hr class=\"\" data-start=\"2676\" data-end=\"2679\" \/>\n<h2 data-start=\"2681\" data-end=\"2757\"><strong data-start=\"2681\" data-end=\"2757\">NAJCZ\u0118\u015aCIEJ ZADAWANE PYTANIA (FAQ) DOTYCZ\u0104CE EKSPRESU DO KAWY JURA GIGA X8c<\/strong><\/h2>\n<h3 class=\"\" data-start=\"2759\" data-end=\"2829\"><strong data-start=\"2763\" data-end=\"2829\">P: Czy JURA GIGA X8c pozwala zaparzy\u0107 kilka fili\u017canek kawy jednocze\u015bnie?<\/strong><\/h3>\n<p class=\"\" data-start=\"2831\" data-end=\"2976\"><strong data-start=\"2831\" data-end=\"2837\">A:<\/strong> Tak! JURA GIGA X8c jest w stanie zaparzy\u0107 dwie fili\u017canki cappuccino lub espresso jednocze\u015bnie, co czyni go idealnym do zat\u0142oczonych miejsc.<\/p>\n<h3 class=\"\" data-start=\"2978\" data-end=\"3045\"><strong data-start=\"2982\" data-end=\"3045\">P: Czy GIGA X8c ma jakie\u015b funkcje automatycznego czyszczenia?<\/strong><\/h3>\n<p class=\"\" data-start=\"3047\" data-end=\"3198\"><strong data-start=\"3047\" data-end=\"3053\">A:<\/strong> Tak, JURA GIGA X8c jest wyposa\u017cony w zintegrowane programy czyszcz\u0105ce, obejmuj\u0105ce automatyczne p\u0142ukanie, czyszczenie i odkamienianie, co zapewnia \u0142atw\u0105 konserwacj\u0119.<\/p>\n<h3 class=\"\" data-start=\"3200\" data-end=\"3278\"><strong data-start=\"3204\" data-end=\"3278\">P: Jak dostosowa\u0107 moc i pr\u0119dko\u015b\u0107 kawy w urz\u0105dzeniu JURA GIGA X8c?<\/strong><\/h3>\n<p class=\"\" data-start=\"3280\" data-end=\"3457\"><strong data-start=\"3280\" data-end=\"3286\">A:<\/strong> W ekspresie GIGA X8c mo\u017cesz zaprogramowa\u0107 zar\u00f3wno moc kawy, jak i pr\u0119dko\u015b\u0107 parzenia wed\u0142ug w\u0142asnych preferencji. Dzi\u0119ki temu mo\u017cesz przygotowa\u0107 kaw\u0119 dok\u0142adnie tak, jak lubisz.<\/p>\n<h3 class=\"\" data-start=\"3459\" data-end=\"3527\"><strong data-start=\"3463\" data-end=\"3527\">P: Czy mog\u0119 u\u017cywa\u0107 urz\u0105dzenia GIGA X8c ze sta\u0142ym pod\u0142\u0105czeniem do wody?<\/strong><\/h3>\n<p class=\"\" data-start=\"3529\" data-end=\"3645\"><strong data-start=\"3529\" data-end=\"3535\">A:<\/strong> Tak, urz\u0105dzenie obs\u0142uguje sta\u0142e pod\u0142\u0105czenie do wody i jest wyposa\u017cone w du\u017cy zbiornik na wod\u0119, co umo\u017cliwia jego mobilne u\u017cytkowanie.<\/p>\n<h3 class=\"\" data-start=\"3647\" data-end=\"3714\"><strong data-start=\"3651\" data-end=\"3714\">P: Czy GIGA X8c nadaje si\u0119 do pracy w \u015brodowisku o du\u017cym nat\u0119\u017ceniu ruchu?<\/strong><\/h3>\n<p class=\"\" data-start=\"3716\" data-end=\"3891\"><strong data-start=\"3716\" data-end=\"3722\">A:<\/strong> Oczywi\u015bcie! JURA GIGA X8c jest przeznaczona do u\u017cytku komercyjnego o du\u017cym nat\u0119\u017ceniu ruchu i mo\u017ce obs\u0142u\u017cy\u0107 do 75 fili\u017canek dziennie, co czyni j\u0105 idealn\u0105 do biur, kawiarni i us\u0142ug cateringowych.<\/p>\n<hr class=\"\" data-start=\"3893\" data-end=\"3896\" \/>\n<h2 data-start=\"3898\" data-end=\"3981\"><strong data-start=\"3898\" data-end=\"3981\">OPINIE KLIENT\u00d3W: CO LUDZIE M\u00d3WI\u0104 O EKSPRESIE DO KAWY JURA GIGA X8c<\/strong><\/h2>\n<div class=\"group pointer-events-none relative flex justify-center *:pointer-events-auto\"><button class=\"hover:bg-token-main-surface-secondary text-token-text-secondary pointer-events-auto rounded-lg px-1 py-1 opacity-0 transition-opacity duration-200 group-focus-within:opacity-100 group-hover:opacity-100\"><\/button><\/p>\n<div class=\"tableContainer horzScrollShadows relative\">\n<table class=\"min-w-full\" data-start=\"3983\" data-end=\"4869\">\n<thead data-start=\"3983\" data-end=\"4156\">\n<tr data-start=\"3983\" data-end=\"4156\">\n<th data-start=\"3983\" data-end=\"3998\"><strong data-start=\"3985\" data-end=\"3995\">Ocena<\/strong><\/th>\n<th data-start=\"3998\" data-end=\"4156\"><strong data-start=\"4000\" data-end=\"4010\">Recenzja<\/strong><\/th>\n<\/tr>\n<\/thead>\n<tbody data-start=\"4331\" data-end=\"4869\">\n<tr data-start=\"4331\" data-end=\"4507\">\n<td class=\"max-w-[calc(var(--thread-content-max-width)*2\/3)]\" data-start=\"4331\" data-end=\"4345\">\u2b50\ufe0f\u2b50\ufe0f\u2b50\ufe0f\u2b50\ufe0f\u2b50\ufe0f<\/td>\n<td class=\"max-w-[calc(var(--thread-content-max-width)*2\/3)] min-w-[calc(var(--thread-content-max-width)\/2)]\" data-start=\"4345\" data-end=\"4507\"><em data-start=\"4347\" data-end=\"4505\">\u201eTen ekspres jest niesamowity! Jest szybki, wydajny i za ka\u017cdym razem robi idealne espresso. Funkcja podw\u00f3jnego cappuccino to wybawienie podczas zabieganych porank\u00f3w.\u201d<\/em><\/td>\n<\/tr>\n<tr data-start=\"4508\" data-end=\"4692\">\n<td class=\"max-w-[calc(var(--thread-content-max-width)*2\/3)]\" data-start=\"4508\" data-end=\"4521\">\u2b50\ufe0f\u2b50\ufe0f\u2b50\ufe0f\u2b50\ufe0f\u2606<\/td>\n<td class=\"max-w-[calc(var(--thread-content-max-width)*2\/3)] min-w-[calc(var(--thread-content-max-width)\/2)]\" data-start=\"4521\" data-end=\"4692\"><em data-start=\"4523\" data-end=\"4690\">\u201eUwielbiam, jak \u0142atwo jest go konserwowa\u0107. Automatyczne programy czyszczenia i odkamieniania oszcz\u0119dzaj\u0105 mi mn\u00f3stwo czasu. \u015awietnie nadaje si\u0119 r\u00f3wnie\u017c do mojego biura, a jako\u015b\u0107 jest najwy\u017cszej klasy\u201d.<\/em><\/td>\n<\/tr>\n<tr data-start=\"4693\" data-end=\"4869\">\n<td class=\"max-w-[calc(var(--thread-content-max-width)*2\/3)]\" data-start=\"4693\" data-end=\"4707\">\u2b50\ufe0f\u2b50\ufe0f\u2b50\ufe0f\u2b50\ufe0f\u2b50\ufe0f<\/td>\n<td class=\"max-w-[calc(var(--thread-content-max-width)*2\/3)] min-w-[calc(var(--thread-content-max-width)\/2)]\" data-start=\"4707\" data-end=\"4869\"><em data-start=\"4709\" data-end=\"4843\">\u201eIdealne do naszej kawiarni. Mo\u017cliwo\u015b\u0107 zaparzenia wielu fili\u017canek na raz pomaga nam nad\u0105\u017ca\u0107 za popytem klient\u00f3w bez po\u015bwi\u0119cania jako\u015bci\u201d.<\/em><\/td>\n<\/tr>\n<\/tbody>\n<\/table>\n<p><a href=\"https:\/\/bestathomeespressomachine.com\/pl\/testimonials\/\">WI\u0118CEJ OPINII<\/a><\/div>\n<\/div>\n<hr class=\"\" data-start=\"4871\" data-end=\"4874\" \/>\n<h2 data-start=\"4876\" data-end=\"4930\"><strong data-start=\"4876\" data-end=\"4930\">KUP EKSPRES DO KAWY JURA GIGA X8c ONLINE JU\u017b DZI\u015a!<\/strong><\/h2>\n<p class=\"\" data-start=\"4932\" data-end=\"5270\">Ten <strong data-start=\"4936\" data-end=\"4966\">JURA GIGA X8c Profesjonalny<\/strong> to idealne rozwi\u0105zanie dla firm potrzebuj\u0105cych wysokiej jako\u015bci, niezawodnej kawy. Dzi\u0119ki szybkiemu czasowi parzenia, du\u017cej pojemno\u015bci i \u0142atwym w obs\u0142udze funkcjom, ten ekspres zapewnia, \u017ce \u200b\u200bmo\u017cesz serwowa\u0107 doskona\u0142\u0105 kaw\u0119 przez ca\u0142y dzie\u0144. Nie czekaj \u2014 zam\u00f3w sw\u00f3j <strong data-start=\"5211\" data-end=\"5228\">JURA GIGA X8c<\/strong> ju\u017c dzi\u015b i podnie\u015b poziom swoich dozna\u0144 zwi\u0105zanych z kaw\u0105.<\/p>\n<hr class=\"\" data-start=\"5272\" data-end=\"5275\" \/>\n<p class=\"\" data-start=\"5277\" data-end=\"5573\"><strong data-start=\"5277\" data-end=\"5298\">META OPIS:<\/strong> Kup <strong data-start=\"5307\" data-end=\"5378\">Ekspres do kawy JURA GIGA X8c Professional G2 15692 (Aluminium Czarny)<\/strong> online. Ten wydajny ekspres do kawy charakteryzuje si\u0119 zaawansowan\u0105 technologi\u0105 ekstrakcji, podw\u00f3jnym parzeniem, konfigurowalnymi ustawieniami i \u0142atw\u0105 konserwacj\u0105. Idealny do miejsc o du\u017cym nat\u0119\u017ceniu ruchu. Zam\u00f3w teraz!<\/p>\n<\/div>\n<\/div>\n<\/div>\n<\/div>","protected":false},"excerpt":{"rendered":"<p>Kup <strong data-start=\"5307\" data-end=\"5378\">Ekspres do kawy JURA GIGA X8c Professional G2 15692 (Aluminium Czarny)<\/strong> online. Ten wydajny ekspres do kawy charakteryzuje si\u0119 zaawansowan\u0105 technologi\u0105 ekstrakcji, podw\u00f3jnym parzeniem, konfigurowalnymi ustawieniami i \u0142atw\u0105 konserwacj\u0105. Idealny do miejsc o du\u017cym nat\u0119\u017ceniu ruchu. Zam\u00f3w teraz!<\/p>","protected":false},"featured_media":21559,"comment_status":"open","ping_status":"closed","template":"","meta":[],"product_cat":[51],"product_tag":[],"class_list":{"0":"post-21556","1":"product","2":"type-product","3":"status-publish","4":"has-post-thumbnail","6":"product_cat-jura-espresso-machine","8":"first","9":"instock","10":"shipping-taxable","11":"purchasable","12":"product-type-simple","13":"col-xs-6 col-sm-4","14":"col-md-3 col-lg-3","15":"un-4-cols"},"jetpack_sharing_enabled":true,"_links":{"self":[{"href":"https:\/\/bestathomeespressomachine.com\/pl\/wp-json\/wp\/v2\/product\/21556","targetHints":{"allow":["GET"]}}],"collection":[{"href":"https:\/\/bestathomeespressomachine.com\/pl\/wp-json\/wp\/v2\/product"}],"about":[{"href":"https:\/\/bestathomeespressomachine.com\/pl\/wp-json\/wp\/v2\/types\/product"}],"replies":[{"embeddable":true,"href":"https:\/\/bestathomeespressomachine.com\/pl\/wp-json\/wp\/v2\/comments?post=21556"}],"version-history":[{"count":4,"href":"https:\/\/bestathomeespressomachine.com\/pl\/wp-json\/wp\/v2\/product\/21556\/revisions"}],"predecessor-version":[{"id":22336,"href":"https:\/\/bestathomeespressomachine.com\/pl\/wp-json\/wp\/v2\/product\/21556\/revisions\/22336"}],"wp:featuredmedia":[{"embeddable":true,"href":"https:\/\/bestathomeespressomachine.com\/pl\/wp-json\/wp\/v2\/media\/21559"}],"wp:attachment":[{"href":"https:\/\/bestathomeespressomachine.com\/pl\/wp-json\/wp\/v2\/media?parent=21556"}],"wp:term":[{"taxonomy":"product_cat","embeddable":true,"href":"https:\/\/bestathomeespressomachine.com\/pl\/wp-json\/wp\/v2\/product_cat?post=21556"},{"taxonomy":"product_tag","embeddable":true,"href":"https:\/\/bestathomeespressomachine.com\/pl\/wp-json\/wp\/v2\/product_tag?post=21556"}],"curies":[{"name":"wp","href":"https:\/\/api.w.org\/{rel}","templated":true}]}}