{"id":21651,"date":"2025-01-06T15:16:51","date_gmt":"2025-01-06T15:16:51","guid":{"rendered":"https:\/\/bestathomeespressomachine.com\/?post_type=product&#038;p=21651"},"modified":"2025-04-27T09:35:01","modified_gmt":"2025-04-27T09:35:01","slug":"jura-j8-twin-super-automatic-espresso-machine-15658-diamond-black","status":"publish","type":"product","link":"https:\/\/bestathomeespressomachine.com\/pl\/product\/jura-j8-twin-super-automatic-espresso-machine-15658-diamond-black\/","title":{"rendered":"Ekspres do kawy Jura J8 Twin Super Automatic 15658 Diamond Black"},"content":{"rendered":"<h2 data-start=\"260\" data-end=\"346\">Buy Jura J8 Twin Automatic Coffee Machine\u2014Double the Performance, Full Flexibility<\/h2>\n<h3 data-start=\"348\" data-end=\"393\">The New Standard in Home Coffee Excellence<\/h3>\n<p class=\"\" data-start=\"395\" data-end=\"806\">Przedstawiamy <strong data-start=\"411\" data-end=\"452\">Jura J8 Twin Automatic <a href=\"https:\/\/bestathomeespressomachine.com\/pl\/product\/philips-3200-series-classic-milk-frother-super-automatic-espresso-machine-ep3221-44\/\">Coffee Machine<\/a><\/strong> \u2014 the revolutionary way to experience coffee at home or in the office. Featuring <strong data-start=\"534\" data-end=\"576\">two high-performance P.A.G.3+ grinders<\/strong>, the J8 Twin is essentially two premium coffee machines in one sleek, Swiss-made unit. This innovation allows you to enjoy multiple blends and flavor profiles without compromise, offering unmatched flexibility and maximum flavor.<\/p>\n<p class=\"\" data-start=\"808\" data-end=\"1127\">Equipped with <strong data-start=\"822\" data-end=\"847\">Sweet Foam technology<\/strong>, the J8 Twin flavors milk foam with your favorite syrup, letting you craft barista-quality sweet lattes with the perfect intensity at the touch of a button. Combined with Jura\u2019s signature <strong data-start=\"1036\" data-end=\"1074\">Proces ekstrakcji impulsowej (PEP\u00ae)<\/strong> I <strong data-start=\"1079\" data-end=\"1098\">3D brewing unit<\/strong>, every cup is a masterpiece.<\/p>\n<p class=\"\" data-start=\"1129\" data-end=\"1279\">Whether you crave a bold espresso, a velvety latte, or a sweet specialty drink, the Jura J8 Twin delivers premium results instantly and effortlessly.<\/p>\n<hr class=\"\" data-start=\"1281\" data-end=\"1284\" \/>\n<h2 data-start=\"1286\" data-end=\"1345\">Key Features of the Jura J8 Twin Automatic Coffee Machine<\/h2>\n<h3 data-start=\"1347\" data-end=\"1400\">Two P.A.G.3+ Grinders for Unparalleled Versatility<\/h3>\n<ul data-start=\"1401\" data-end=\"1612\">\n<li class=\"\" data-start=\"1401\" data-end=\"1467\">\n<p class=\"\" data-start=\"1403\" data-end=\"1467\">Brew with two different coffee blends or roast profiles at once.<\/p>\n<\/li>\n<li class=\"\" data-start=\"1468\" data-end=\"1538\">\n<p class=\"\" data-start=\"1470\" data-end=\"1538\">Customize your coffee experience for every mood or guest preference.<\/p>\n<\/li>\n<li class=\"\" data-start=\"1539\" data-end=\"1612\">\n<p class=\"\" data-start=\"1541\" data-end=\"1612\">Active grind monitoring ensures precision and consistency in every cup.<\/p>\n<\/li>\n<\/ul>\n<h3 data-start=\"1614\" data-end=\"1664\">Sweet Foam Function for Flavored Milk Creations<\/h3>\n<ul data-start=\"1665\" data-end=\"1804\">\n<li class=\"\" data-start=\"1665\" data-end=\"1715\">\n<p class=\"\" data-start=\"1667\" data-end=\"1715\">Infuse your milk foam with your favorite syrups.<\/p>\n<\/li>\n<li class=\"\" data-start=\"1716\" data-end=\"1804\">\n<p class=\"\" data-start=\"1718\" data-end=\"1804\">Customize sweetness and flavor intensity, and create signature sweet lattes effortlessly.<\/p>\n<\/li>\n<\/ul>\n<h3 data-start=\"1806\" data-end=\"1854\">Coffee Eye Technology for Intelligent Brewing<\/h3>\n<ul data-start=\"1855\" data-end=\"1983\">\n<li class=\"\" data-start=\"1855\" data-end=\"1919\">\n<p class=\"\" data-start=\"1857\" data-end=\"1919\">Cup detection automatically adapts beverage options displayed.<\/p>\n<\/li>\n<li class=\"\" data-start=\"1920\" data-end=\"1983\">\n<p class=\"\" data-start=\"1922\" data-end=\"1983\">Simplifies drink selection and optimizes the brewing process.<\/p>\n<\/li>\n<\/ul>\n<h3 data-start=\"1985\" data-end=\"2029\">TFT Colour Display for Seamless Operation<\/h3>\n<ul data-start=\"2030\" data-end=\"2172\">\n<li class=\"\" data-start=\"2030\" data-end=\"2085\">\n<p class=\"\" data-start=\"2032\" data-end=\"2085\">Large, vibrant screen with intuitive button controls.<\/p>\n<\/li>\n<li class=\"\" data-start=\"2086\" data-end=\"2172\">\n<p class=\"\" data-start=\"2088\" data-end=\"2172\">The self-explanatory interface makes brewing professional coffee accessible to everyone.<\/p>\n<\/li>\n<\/ul>\n<h3 data-start=\"2174\" data-end=\"2204\">31 Specialty Coffee Options<\/h3>\n<ul data-start=\"2205\" data-end=\"2344\">\n<li class=\"\" data-start=\"2205\" data-end=\"2294\">\n<p class=\"\" data-start=\"2207\" data-end=\"2294\">Includes espresso, cappuccino, latte macchiato, sweet latte, flat white, and many more.<\/p>\n<\/li>\n<li class=\"\" data-start=\"2295\" data-end=\"2344\">\n<p class=\"\" data-start=\"2297\" data-end=\"2344\">Hot water functions perfectly for tea lovers too!<\/p>\n<\/li>\n<\/ul>\n<h2 class=\"\" data-start=\"2346\" data-end=\"2404\">Pulse Extraction Process (P.E.P.\u00ae) for Flavor Explosion<\/h2>\n<ul data-start=\"2405\" data-end=\"2517\">\n<li class=\"\" data-start=\"2405\" data-end=\"2464\">\n<p class=\"\" data-start=\"2407\" data-end=\"2464\">Shortens extraction time while enhancing aroma intensity.<\/p>\n<\/li>\n<li class=\"\" data-start=\"2465\" data-end=\"2517\">\n<p class=\"\" data-start=\"2467\" data-end=\"2517\">Especially ideal for espresso and ristretto shots.<\/p>\n<\/li>\n<\/ul>\n<h3 data-start=\"2519\" data-end=\"2576\">Intelligent Water System (I.W.S.\u00ae) with CLARIS Filters<\/h3>\n<ul data-start=\"2577\" data-end=\"2682\">\n<li class=\"\" data-start=\"2577\" data-end=\"2630\">\n<p class=\"\" data-start=\"2579\" data-end=\"2630\">Protects the machine and ensures optimal water quality.<\/p>\n<\/li>\n<li class=\"\" data-start=\"2631\" data-end=\"2682\">\n<p class=\"\" data-start=\"2633\" data-end=\"2682\">Extends machine life and improves beverage taste.<\/p>\n<\/li>\n<\/ul>\n<h3 data-start=\"2684\" data-end=\"2724\">Fully Programmable Brewing Experience<\/h3>\n<ul data-start=\"2725\" data-end=\"2852\">\n<li class=\"\" data-start=\"2725\" data-end=\"2801\">\n<p class=\"\" data-start=\"2727\" data-end=\"2801\">Adjust coffee strength (10 levels), syrup amount, milk quantity, and foam.<\/p>\n<\/li>\n<li class=\"\" data-start=\"2802\" data-end=\"2852\">\n<p class=\"\" data-start=\"2804\" data-end=\"2852\">Personalize every beverage to your exact liking.<\/p>\n<\/li>\n<\/ul>\n<h3 data-start=\"2854\" data-end=\"2892\">Integrated Cleaning and Maintenance<\/h3>\n<ul data-start=\"2893\" data-end=\"3035\">\n<li class=\"\" data-start=\"2893\" data-end=\"2959\">\n<p class=\"\" data-start=\"2895\" data-end=\"2959\">Automatic cleaning, descaling, and milk system rinsing programs.<\/p>\n<\/li>\n<li class=\"\" data-start=\"2960\" data-end=\"3035\">\n<p class=\"\" data-start=\"2962\" data-end=\"3035\">Easy maintenance ensures your machine stays hygienic and high-performing.<\/p>\n<\/li>\n<\/ul>\n<h3 data-start=\"3037\" data-end=\"3064\">Wylewki z regulacj\u0105 wysoko\u015bci<\/h3>\n<ul data-start=\"3065\" data-end=\"3138\">\n<li class=\"\" data-start=\"3065\" data-end=\"3138\">\n<p class=\"\" data-start=\"3067\" data-end=\"3138\">Accommodates everything from small espresso cups to tall latte glasses.<\/p>\n<\/li>\n<\/ul>\n<h3 data-start=\"3140\" data-end=\"3162\">Built for Longevity<\/h3>\n<ul data-start=\"3163\" data-end=\"3261\">\n<li class=\"\" data-start=\"3163\" data-end=\"3193\">\n<p class=\"\" data-start=\"3165\" data-end=\"3193\">Proudly made in Switzerland.<\/p>\n<\/li>\n<li class=\"\" data-start=\"3194\" data-end=\"3261\">\n<p class=\"\" data-start=\"3196\" data-end=\"3261\">Includes a <strong data-start=\"3207\" data-end=\"3242\">2-letnia gwarancja na cz\u0119\u015bci i robocizn\u0119<\/strong> dla spokoju ducha.<\/p>\n<\/li>\n<\/ul>\n<hr class=\"\" data-start=\"3263\" data-end=\"3266\" \/>\n<h2 data-start=\"3268\" data-end=\"3322\">Jura J8 Twin Automatic Coffee Machine Specifications<\/h2>\n<div class=\"group pointer-events-none relative flex justify-center *:pointer-events-auto\"><button class=\"hover:bg-token-main-surface-secondary text-token-text-secondary pointer-events-auto rounded-lg px-1 py-1 opacity-0 transition-opacity duration-200 group-focus-within:opacity-100 group-hover:opacity-100\"><\/button><\/p>\n<div class=\"tableContainer horzScrollShadows relative\">\n<table class=\"min-w-full\" data-start=\"3324\" data-end=\"4110\">\n<thead data-start=\"3324\" data-end=\"3394\">\n<tr data-start=\"3324\" data-end=\"3394\">\n<th data-start=\"3324\" data-end=\"3359\">Funkcja<\/th>\n<th data-start=\"3359\" data-end=\"3394\">Szczeg\u00f3\u0142<\/th>\n<\/tr>\n<\/thead>\n<tbody data-start=\"3466\" data-end=\"4110\">\n<tr data-start=\"3466\" data-end=\"3535\">\n<td class=\"max-w-[calc(var(--thread-content-max-width)*2\/3)]\" data-start=\"3466\" data-end=\"3500\">Zmienna jednostka zaparzania<\/td>\n<td class=\"max-w-[calc(var(--thread-content-max-width)*2\/3)]\" data-start=\"3500\" data-end=\"3535\">5\u201316 gram\u00f3w<\/td>\n<\/tr>\n<tr data-start=\"3536\" data-end=\"3606\">\n<td class=\"max-w-[calc(var(--thread-content-max-width)*2\/3)]\" data-start=\"3536\" data-end=\"3571\">Pojemno\u015b\u0107 zbiornika na wod\u0119<\/td>\n<td class=\"max-w-[calc(var(--thread-content-max-width)*2\/3)]\" data-start=\"3571\" data-end=\"3606\">63.6 oz (1.88 L)<\/td>\n<\/tr>\n<tr data-start=\"3607\" data-end=\"3677\">\n<td class=\"max-w-[calc(var(--thread-content-max-width)*2\/3)]\" data-start=\"3607\" data-end=\"3642\">Pojemno\u015b\u0107 pojemnika na fasol\u0119<\/td>\n<td class=\"max-w-[calc(var(--thread-content-max-width)*2\/3)]\" data-start=\"3642\" data-end=\"3677\">9.9 oz (280 g)<\/td>\n<\/tr>\n<tr data-start=\"3678\" data-end=\"3748\">\n<td class=\"max-w-[calc(var(--thread-content-max-width)*2\/3)]\" data-start=\"3678\" data-end=\"3713\">Pojemnik na fusy po kawie<\/td>\n<td class=\"max-w-[calc(var(--thread-content-max-width)*2\/3)]\" data-start=\"3713\" data-end=\"3748\">Up to 16 servings<\/td>\n<\/tr>\n<tr data-start=\"3749\" data-end=\"3826\">\n<td class=\"max-w-[calc(var(--thread-content-max-width)*2\/3)]\" data-start=\"3749\" data-end=\"3785\">Wymiary (szer. \u00d7 wys. \u00d7 g\u0142.)<\/td>\n<td class=\"max-w-[calc(var(--thread-content-max-width)*2\/3)]\" data-start=\"3785\" data-end=\"3826\">11&#8243; \u00d7 13.8&#8243; \u00d7 17.3&#8243; (28 \u00d7 35 \u00d7 44 cm)<\/td>\n<\/tr>\n<tr data-start=\"3827\" data-end=\"3897\">\n<td class=\"max-w-[calc(var(--thread-content-max-width)*2\/3)]\" data-start=\"3827\" data-end=\"3862\">Waga<\/td>\n<td class=\"max-w-[calc(var(--thread-content-max-width)*2\/3)]\" data-start=\"3862\" data-end=\"3897\">21.6 lbs (9.8 kg)<\/td>\n<\/tr>\n<tr data-start=\"3898\" data-end=\"3968\">\n<td class=\"max-w-[calc(var(--thread-content-max-width)*2\/3)]\" data-start=\"3898\" data-end=\"3933\">Wolta\u017c<\/td>\n<td class=\"max-w-[calc(var(--thread-content-max-width)*2\/3)]\" data-start=\"3933\" data-end=\"3968\">110 V<\/td>\n<\/tr>\n<tr data-start=\"3969\" data-end=\"4039\">\n<td class=\"max-w-[calc(var(--thread-content-max-width)*2\/3)]\" data-start=\"3969\" data-end=\"4004\">Zasilanie w trybie gotowo\u015bci<\/td>\n<td class=\"max-w-[calc(var(--thread-content-max-width)*2\/3)]\" data-start=\"4004\" data-end=\"4039\">0 Watt<\/td>\n<\/tr>\n<tr data-start=\"4040\" data-end=\"4110\">\n<td class=\"max-w-[calc(var(--thread-content-max-width)*2\/3)]\" data-start=\"4040\" data-end=\"4075\">Numer artyku\u0142u<\/td>\n<td class=\"max-w-[calc(var(--thread-content-max-width)*2\/3)]\" data-start=\"4075\" data-end=\"4110\">15557<\/td>\n<\/tr>\n<\/tbody>\n<\/table>\n<\/div>\n<\/div>\n<hr class=\"\" data-start=\"4112\" data-end=\"4115\" \/>\n<h2 data-start=\"4117\" data-end=\"4169\">Why Buy the Jura J8 Twin Automatic Coffee Machine?<\/h2>\n<p class=\"\" data-start=\"4171\" data-end=\"4609\">\u2705 <strong data-start=\"4173\" data-end=\"4197\">Double Coffee Blends<\/strong> \u2014 Two grinders mean two types of coffee without compromise.<br data-start=\"4257\" data-end=\"4260\" \/>\u2705 <strong data-start=\"4262\" data-end=\"4290\">Flavored Latte Creations<\/strong> \u2014 Exclusive Sweet Foam function for personalized drinks.<br data-start=\"4347\" data-end=\"4350\" \/>\u2705 <strong data-start=\"4352\" data-end=\"4376\">Professional Brewing\u20143D<\/strong>\u00a0brewing unit and P.E.P.\u00ae technology for barista-level results.<br data-start=\"4444\" data-end=\"4447\" \/>\u2705 <strong data-start=\"4449\" data-end=\"4473\">Effortless Operation<\/strong> \u2014 Intelligent Coffee Eye detection and vibrant TFT display.<br data-start=\"4533\" data-end=\"4536\" \/>\u2705 <strong data-start=\"4538\" data-end=\"4555\">Built to Last<\/strong> \u2014 Swiss-engineered excellence with a 2-year warranty.<\/p>\n<p class=\"\" data-start=\"4611\" data-end=\"4770\">Whether you&#8217;re a serious coffee aficionado or simply demand the very best every day, the <strong data-start=\"4700\" data-end=\"4716\">Jura J8 Twin<\/strong> offers a premium coffee experience that is unmatched.<\/p>\n<hr class=\"\" data-start=\"4772\" data-end=\"4775\" \/>\n<h2 data-start=\"4777\" data-end=\"4835\">FAQs About Buying the Jura J8 Twin Coffee Machine Online<\/h2>\n<h3 class=\"\" data-start=\"4837\" data-end=\"4906\">Where can I buy the Jura J8 Twin Automatic Coffee Machine online?<\/h3>\n<p class=\"\" data-start=\"4907\" data-end=\"5063\">You can purchase it from authorized retailers, Jura specialty stores, or trusted online marketplaces. Always verify warranty eligibility when buying online.<\/p>\n<h3 class=\"\" data-start=\"5065\" data-end=\"5118\">How fast does the J8 Twin ship if ordered online?<\/h3>\n<p class=\"\" data-start=\"5119\" data-end=\"5202\">Shipping times vary by retailer, but many offer free or expedited shipping options.<\/p>\n<h3 class=\"\" data-start=\"5204\" data-end=\"5231\">Is it easy to maintain?<\/h3>\n<p class=\"\" data-start=\"5232\" data-end=\"5386\">Yes! The Jura J8 Twin features automatic cleaning, descaling, and milk system rinsing programs. It\u2019s designed for maximum performance with minimum effort.<\/p>\n<h3 class=\"\" data-start=\"5388\" data-end=\"5446\">Can I use different syrups in the Sweet Foam function?<\/h3>\n<p class=\"\" data-start=\"5447\" data-end=\"5561\">Yes! You can use your favorite flavored syrups and adjust the amount, sweetness, and intensity to your preference.<\/p>\n<h3 class=\"\" data-start=\"5563\" data-end=\"5610\">Does it support decaf or pre-ground coffee?<\/h3>\n<p class=\"\" data-start=\"5611\" data-end=\"5708\">The J8 Twin is optimized for whole beans but includes settings to handle decaf blends if desired.<\/p>\n<hr class=\"\" data-start=\"5710\" data-end=\"5713\" \/>\n<h2 data-start=\"5715\" data-end=\"5758\">Real Customer Reviews of the Jura J8 Twin<\/h2>\n<p class=\"\" data-start=\"5760\" data-end=\"5988\">\u2b50\u2b50\u2b50\u2b50\u2b50<br data-start=\"5765\" data-end=\"5768\" \/><strong data-start=\"5768\" data-end=\"5800\">&#8220;Next-level coffee machine!&#8221;<\/strong><br data-start=\"5800\" data-end=\"5803\" \/><em data-start=\"5803\" data-end=\"5986\">&#8220;This is like having two coffee shops in one machine. I love switching between my dark roast espresso and a lighter breakfast blend. The sweet foam option is pure magic for lattes!&#8221;<\/em><\/p>\n<p class=\"\" data-start=\"5990\" data-end=\"6213\">\u2b50\u2b50\u2b50\u2b50\u2b50<br data-start=\"5995\" data-end=\"5998\" \/><strong data-start=\"5998\" data-end=\"6025\">&#8220;Best investment ever.&#8221;<\/strong><br data-start=\"6025\" data-end=\"6028\" \/><em data-start=\"6028\" data-end=\"6211\">&#8220;I bought the J8 Twin online after seeing all the new features \u2014 completely worth it. The coffee is outstanding, and cleaning is super easy. Love that it&#8217;s made in Switzerland too.&#8221;<\/em><\/p>\n<p class=\"\" data-start=\"6215\" data-end=\"6405\">\u2b50\u2b50\u2b50\u2b50\u2b50<br data-start=\"6220\" data-end=\"6223\" \/><strong data-start=\"6223\" data-end=\"6252\">&#8220;Incredible versatility.&#8221;<\/strong><br data-start=\"6252\" data-end=\"6255\" \/><em data-start=\"6255\" data-end=\"6403\">&#8220;Being able to customize syrup flavors and switch beans without swapping containers makes mornings so much easier. Highly recommend this machine!&#8221;<\/em><\/p>\n<hr class=\"\" data-start=\"6407\" data-end=\"6410\" \/>\n<h2 data-start=\"6412\" data-end=\"6467\">Buy Your Jura J8 Twin Automatic Coffee Machine Today!<\/h2>\n<p class=\"\" data-start=\"6469\" data-end=\"6705\">\ud83d\udc49 <strong data-start=\"6472\" data-end=\"6526\">Double the blends. Full flexibility. Total flavor.<\/strong><br data-start=\"6526\" data-end=\"6529\" \/>Don\u2019t settle for ordinary coffee \u2014 bring home the next generation of coffee excellence.<br data-start=\"6616\" data-end=\"6619\" \/>\u2705 Free Shipping Available<br data-start=\"6644\" data-end=\"6647\" \/>\u2705 2-Year Warranty Included<br data-start=\"6673\" data-end=\"6676\" \/>\u2705 Authentic Swiss Engineering<\/p>\n<p class=\"\" data-start=\"6707\" data-end=\"6789\">\u2728<a href=\"https:\/\/bestathomeespressomachine.com\/pl\/product\/jura-ena-8-full-metropolitan-black-touch-screen-3-year-warranty\/\"> <strong data-start=\"6709\" data-end=\"6787\">Order the Jura J8 Twin today and transform your coffee experience forever!<\/strong> <\/a>\u2728<\/p>","protected":false},"excerpt":{"rendered":"<p>Buy Jura J8 Twin Automatic Coffee Machine\u2014Double the Performance, Full Flexibility The New Standard in Home Coffee Excellence Introducing the Jura J8 Twin Automatic Coffee Machine \u2014 the revolutionary way to experience coffee at home or in the office. Featuring two high-performance P.A.G.3+ grinders, the J8 Twin is essentially two premium coffee machines in one&hellip;<\/p>","protected":false},"featured_media":21660,"comment_status":"open","ping_status":"closed","template":"","meta":[],"product_cat":[51],"product_tag":[],"class_list":{"0":"post-21651","1":"product","2":"type-product","3":"status-publish","4":"has-post-thumbnail","6":"product_cat-jura-espresso-machine","8":"first","9":"instock","10":"shipping-taxable","11":"purchasable","12":"product-type-simple","13":"col-xs-6 col-sm-4","14":"col-md-3 col-lg-3","15":"un-4-cols"},"jetpack_sharing_enabled":true,"_links":{"self":[{"href":"https:\/\/bestathomeespressomachine.com\/pl\/wp-json\/wp\/v2\/product\/21651","targetHints":{"allow":["GET"]}}],"collection":[{"href":"https:\/\/bestathomeespressomachine.com\/pl\/wp-json\/wp\/v2\/product"}],"about":[{"href":"https:\/\/bestathomeespressomachine.com\/pl\/wp-json\/wp\/v2\/types\/product"}],"replies":[{"embeddable":true,"href":"https:\/\/bestathomeespressomachine.com\/pl\/wp-json\/wp\/v2\/comments?post=21651"}],"version-history":[{"count":3,"href":"https:\/\/bestathomeespressomachine.com\/pl\/wp-json\/wp\/v2\/product\/21651\/revisions"}],"predecessor-version":[{"id":22291,"href":"https:\/\/bestathomeespressomachine.com\/pl\/wp-json\/wp\/v2\/product\/21651\/revisions\/22291"}],"wp:featuredmedia":[{"embeddable":true,"href":"https:\/\/bestathomeespressomachine.com\/pl\/wp-json\/wp\/v2\/media\/21660"}],"wp:attachment":[{"href":"https:\/\/bestathomeespressomachine.com\/pl\/wp-json\/wp\/v2\/media?parent=21651"}],"wp:term":[{"taxonomy":"product_cat","embeddable":true,"href":"https:\/\/bestathomeespressomachine.com\/pl\/wp-json\/wp\/v2\/product_cat?post=21651"},{"taxonomy":"product_tag","embeddable":true,"href":"https:\/\/bestathomeespressomachine.com\/pl\/wp-json\/wp\/v2\/product_tag?post=21651"}],"curies":[{"name":"wp","href":"https:\/\/api.w.org\/{rel}","templated":true}]}}