{"id":21753,"date":"2025-01-06T16:55:18","date_gmt":"2025-01-06T16:55:18","guid":{"rendered":"https:\/\/bestathomeespressomachine.com\/?post_type=product&#038;p=21753"},"modified":"2025-04-27T10:54:21","modified_gmt":"2025-04-27T10:54:21","slug":"buy-philips-saeco-espresso-machine-decalcifier-online","status":"publish","type":"product","link":"https:\/\/bestathomeespressomachine.com\/pl\/product\/buy-philips-saeco-espresso-machine-decalcifier-online\/","title":{"rendered":"Odkamieniacz do ekspresu do kawy Philips Saeco 250 ml CA6700\/47"},"content":{"rendered":"<div class=\"flex-1 overflow-hidden @container\/thread\">\n<div class=\"h-full\">\n<div class=\"react-scroll-to-bottom--css-zoaqn-79elbk h-full\">\n<div class=\"react-scroll-to-bottom--css-zoaqn-1n7m0yu\">\n<div class=\"flex flex-col text-sm md:pb-9\">\n<article class=\"w-full scroll-mb-[var(--thread-trailing-height,150px)] text-token-text-primary focus-visible:outline-2 focus-visible:outline-offset-[-4px]\" dir=\"auto\" data-testid=\"conversation-turn-25\" data-scroll-anchor=\"true\">\n<div class=\"m-auto text-base py-[18px] px-3 md:px-4 w-full md:px-5 lg:px-4 xl:px-5\">\n<div class=\"mx-auto flex flex-1 gap-4 text-base md:gap-5 lg:gap-6 md:max-w-3xl\">\n<div class=\"group\/conversation-turn relative flex w-full min-w-0 flex-col agent-turn\">\n<div class=\"flex-col gap-1 md:gap-3\">\n<div class=\"flex max-w-full flex-col flex-grow\">\n<div class=\"min-h-8 text-message flex w-full flex-col items-end gap-2 whitespace-normal break-words text-start [.text-message+&amp;]:mt-5\" dir=\"auto\" data-message-author-role=\"assistant\" data-message-id=\"2d003875-d712-4291-9acc-32757936a0b2\" data-message-model-slug=\"gpt-4o-mini\">\n<div class=\"flex w-full flex-col gap-1 empty:hidden first:pt-[3px]\">\n<div class=\"markdown prose w-full break-words dark:prose-invert light\">\n<h1 class=\"\" data-start=\"222\" data-end=\"304\"><strong data-start=\"224\" data-end=\"304\">Odkamieniacz do ekspres\u00f3w do kawy Philips Saeco \u2014 kup online, aby uzyska\u0107 optymaln\u0105 wydajno\u015b\u0107<\/strong><\/h1>\n<p class=\"\" data-start=\"306\" data-end=\"874\">Upewnij si\u0119, \u017ce Twoje <strong data-start=\"340\" data-end=\"374\">Ekspres Philips Saeco<\/strong> dzia\u0142a najlepiej z <strong data-start=\"405\" data-end=\"448\">Odkamieniacz do ekspresu Philips Saeco<\/strong>. Zaprojektowany specjalnie do modeli Saeco, ten mocny \u015brodek odkamieniaj\u0105cy jest niezb\u0119dny do konserwacji wewn\u0119trznych podzespo\u0142\u00f3w ekspresu do kawy, zapobiegania osadzaniu si\u0119 kamienia i zapewnienia, \u017ce \u200b\u200bkawa smakuje tak samo dobrze jak pierwsza fili\u017canka. Wybieraj\u0105c <strong data-start=\"705\" data-end=\"733\">kup Philips Saeco online<\/strong>, mo\u017cesz wygodnie utrzyma\u0107 sw\u00f3j ekspres w idealnym stanie i cieszy\u0107 si\u0119 za ka\u017cdym razem smakiem espresso o jako\u015bci godnej baristy.<\/p>\n<p class=\"\" data-start=\"876\" data-end=\"1343\"><strong data-start=\"876\" data-end=\"907\">Dlaczego odkamienianie jest wa\u017cne:<br \/>\n<\/strong><br \/>\nZ czasem osady mineralne z wody mog\u0105 gromadzi\u0107 si\u0119 w ekspresie do kawy, szczeg\u00f3lnie w miejscach z tward\u0105 wod\u0105. Nagromadzenie to mo\u017ce prowadzi\u0107 do zatykania, zmniejszenia wydajno\u015bci i niesp\u00f3jnego parzenia. Regularne odkamienianie za pomoc\u0105 <strong data-start=\"1133\" data-end=\"1176\">Odkamieniacz do ekspresu Philips Saeco<\/strong> zapobiega tym problemom, zapewniaj\u0105c, \u017ce Tw\u00f3j ekspres zachowuje swoj\u0105 wydajno\u015b\u0107 i \u017cywotno\u015b\u0107, parz\u0105c idealne espresso z bogat\u0105 piank\u0105, wyrazistym smakiem i g\u0142adk\u0105 konsystencj\u0105.<\/p>\n<p class=\"\" data-start=\"1345\" data-end=\"1559\">Odkamienianie nie tylko utrzymuje wydajno\u015b\u0107 urz\u0105dzenia, ale tak\u017ce pomaga zachowa\u0107 jego integralno\u015b\u0107. <strong data-start=\"1450\" data-end=\"1484\">Ekspres Philips Saeco<\/strong> zapobiegaj\u0105c wewn\u0119trznym uszkodzeniom, kt\u00f3re mog\u0105 powsta\u0107 na skutek zaniedba\u0144 w zakresie konserwacji.<\/p>\n<hr class=\"\" data-start=\"1561\" data-end=\"1564\" \/>\n<h3 class=\"\" data-start=\"1566\" data-end=\"1583\"><strong data-start=\"1570\" data-end=\"1583\">Cechy:<\/strong><\/h3>\n<ul data-start=\"1585\" data-end=\"3078\">\n<li class=\"\" data-start=\"1585\" data-end=\"1921\">\n<p class=\"\" data-start=\"1587\" data-end=\"1921\"><strong data-start=\"1587\" data-end=\"1628\">Przeznaczony do ekspres\u00f3w do kawy Saeco:<\/strong><br data-start=\"1628\" data-end=\"1631\" \/>Ten <strong data-start=\"1635\" data-end=\"1678\">Odkamieniacz do ekspresu Philips Saeco<\/strong> jest specjalnie zaprojektowany dla <strong data-start=\"1710\" data-end=\"1719\">M\u0105dro\u015b\u0107<\/strong> modeli, co czyni go najlepszym wyborem do regularnej konserwacji. Jest bezpieczny do stosowania ze wszystkimi ekspresami do kawy Saeco, od modeli podstawowych po opcje z najwy\u017cszej p\u00f3\u0142ki, zapewniaj\u0105c optymaln\u0105 piel\u0119gnacj\u0119 ekspresu do kawy.<\/p>\n<\/li>\n<li class=\"\" data-start=\"1925\" data-end=\"2167\">\n<p class=\"\" data-start=\"1927\" data-end=\"2167\"><strong data-start=\"1927\" data-end=\"1947\">Wyprodukowano w Niemczech:<\/strong><br data-start=\"1947\" data-end=\"1950\" \/>Wyprodukowany w Niemczech, ten \u015brodek odkamieniaj\u0105cy spe\u0142nia najwy\u017csze standardy jako\u015bci. Zapewnia niezawodny, wydajny i skuteczny spos\u00f3b usuwania kamienia i osad\u00f3w mineralnych bez uszkadzania urz\u0105dzenia.<\/p>\n<\/li>\n<li class=\"\" data-start=\"2169\" data-end=\"2498\">\n<p class=\"\" data-start=\"2171\" data-end=\"2498\"><strong data-start=\"2171\" data-end=\"2195\">Skuteczne usuwanie kamienia:<\/strong><br data-start=\"2195\" data-end=\"2198\" \/>Odkamieniacz dzia\u0142a skutecznie, rozk\u0142adaj\u0105c i usuwaj\u0105c osady wapnia, kt\u00f3re gromadz\u0105 si\u0119 z czasem, zapewniaj\u0105c p\u0142ynn\u0105, sp\u00f3jn\u0105 prac\u0119. Eliminuj\u0105c osady mineralne, pomaga zachowa\u0107 pe\u0142ny profil smakowy kawy i chroni ekspres do kawy przed uszkodzeniami spowodowanymi przez kamie\u0144.<\/p>\n<\/li>\n<li class=\"\" data-start=\"2500\" data-end=\"2773\">\n<p class=\"\" data-start=\"2502\" data-end=\"2773\"><strong data-start=\"2502\" data-end=\"2518\">\u0141atwy w u\u017cyciu:<\/strong><br data-start=\"2518\" data-end=\"2521\" \/>Odkamienianie jest proste dzi\u0119ki <strong data-start=\"2550\" data-end=\"2593\">Odkamieniacz do ekspresu Philips Saeco<\/strong>. Dzi\u0119ki przejrzystym, \u0142atwym do na\u015bladowania instrukcjom proces ten zajmuje niewiele czasu i wysi\u0142ku, co czyni go idealnym wyborem dla ka\u017cdego, kto chce bez wysi\u0142ku konserwowa\u0107 sw\u00f3j ekspres do kawy.<\/p>\n<\/li>\n<li class=\"\" data-start=\"2775\" data-end=\"3078\">\n<p class=\"\" data-start=\"2777\" data-end=\"3078\"><strong data-start=\"2777\" data-end=\"2823\">Przed\u0142u\u017c \u017cywotno\u015b\u0107 swojego ekspresu do kawy:<\/strong><br data-start=\"2823\" data-end=\"2826\" \/>Regularne odkamienianie ekspresu do kawy Saeco nie tylko poprawia smak kawy, ale tak\u017ce wyd\u0142u\u017ca \u017cywotno\u015b\u0107 urz\u0105dzenia. Ten odkamieniacz zapewnia wydajn\u0105 prac\u0119 urz\u0105dzenia, pomagaj\u0105c unikn\u0105\u0107 kosztownych napraw lub wymian.<\/p>\n<\/li>\n<\/ul>\n<hr class=\"\" data-start=\"3080\" data-end=\"3083\" \/>\n<h3 class=\"\" data-start=\"3085\" data-end=\"3148\"><strong data-start=\"3089\" data-end=\"3148\">Dlaczego warto kupi\u0107 odkamieniacz do ekspres\u00f3w Philips Saeco online?<\/strong><\/h3>\n<p class=\"\" data-start=\"3150\" data-end=\"3594\">Kiedy zdecydujesz si\u0119 <strong data-start=\"3169\" data-end=\"3197\">kup Philips Saeco online<\/strong>, stawiasz na wygod\u0119, jako\u015b\u0107 i niezawodno\u015b\u0107. <strong data-start=\"3261\" data-end=\"3304\">Odkamieniacz do ekspresu Philips Saeco<\/strong> jest zaprojektowany tak, aby by\u0142 \u0142atwy w u\u017cyciu i dawa\u0142 skuteczne rezultaty. Zakupy online oznaczaj\u0105, \u017ce mo\u017cesz mie\u0107 ten niezb\u0119dny produkt konserwacyjny dostarczony prosto pod twoje drzwi, zapewniaj\u0105c, \u017ce twoja maszyna pozostanie w najlepszym stanie i \u017ce zawsze b\u0119dziesz mie\u0107 niezb\u0119dne materia\u0142y, gdy ich potrzebujesz.<\/p>\n<p class=\"\" data-start=\"3596\" data-end=\"3955\">Z opcj\u0105 <strong data-start=\"3615\" data-end=\"3643\">kup Philips Saeco online<\/strong>, zyskujesz dost\u0119p do konkurencyjnych cen, szybkiej wysy\u0142ki i \u0142atwo\u015bci posiadania rozwi\u0105za\u0144 konserwacyjnych na wyci\u0105gni\u0119cie r\u0119ki. Ponadto nigdy nie b\u0119dziesz musia\u0142 martwi\u0107 si\u0119 o brak tego niezb\u0119dnego \u015brodka do odkamieniania \u2014 zamawianie online u\u0142atwia zaopatrzenie i konserwacj\u0119 ekspresu Saeco przy minimalnym wysi\u0142ku.<\/p>\n<hr class=\"\" data-start=\"3957\" data-end=\"3960\" \/>\n<h3 class=\"\" data-start=\"3962\" data-end=\"4025\"><strong data-start=\"3966\" data-end=\"4025\">Jak u\u017cywa\u0107 odkamieniacza do ekspres\u00f3w do kawy Philips Saeco:<\/strong><\/h3>\n<ol data-start=\"4027\" data-end=\"4848\">\n<li class=\"\" data-start=\"4027\" data-end=\"4144\">\n<p class=\"\" data-start=\"4030\" data-end=\"4144\"><strong data-start=\"4030\" data-end=\"4055\">Przygotuj swoj\u0105 maszyn\u0119:<\/strong><br data-start=\"4055\" data-end=\"4058\" \/>Upewnij si\u0119, \u017ce Tw\u00f3j ekspres do kawy jest czysty i nie ma w nim fus\u00f3w ani pozosta\u0142o\u015bci kawy.<\/p>\n<\/li>\n<li class=\"\" data-start=\"4148\" data-end=\"4290\">\n<p class=\"\" data-start=\"4151\" data-end=\"4290\"><strong data-start=\"4151\" data-end=\"4172\">Dodaj odkamieniacz:<\/strong><br data-start=\"4172\" data-end=\"4175\" \/>Post\u0119puj zgodnie z instrukcj\u0105 do\u0142\u0105czon\u0105 do produktu, dodaj\u0105c \u015brodek odkamieniaj\u0105cy do zbiornika na wod\u0119 w urz\u0105dzeniu.<\/p>\n<\/li>\n<li class=\"\" data-start=\"4294\" data-end=\"4512\">\n<p class=\"\" data-start=\"4297\" data-end=\"4512\"><strong data-start=\"4297\" data-end=\"4329\">Rozpocznij proces odkamieniania:<\/strong><br data-start=\"4329\" data-end=\"4332\" \/>Uruchom program odkamieniania w ekspresie do kawy Saeco lub post\u0119puj zgodnie z instrukcj\u0105, aby r\u0119cznie przepu\u015bci\u0107 roztw\u00f3r przez urz\u0105dzenie, pozwalaj\u0105c mu rozpu\u015bci\u0107 wszelkie nagromadzone minera\u0142y.<\/p>\n<\/li>\n<li class=\"\" data-start=\"4514\" data-end=\"4689\">\n<p class=\"\" data-start=\"4517\" data-end=\"4689\"><strong data-start=\"4517\" data-end=\"4538\">Dok\u0142adnie wyp\u0142ucz:<\/strong><br data-start=\"4538\" data-end=\"4541\" \/>Po zako\u0144czeniu cyklu odkamieniania nale\u017cy dok\u0142adnie wyp\u0142uka\u0107 ekspres do kawy \u015bwie\u017c\u0105 wod\u0105, aby usun\u0105\u0107 wszelkie pozosta\u0142o\u015bci roztworu odkamieniaj\u0105cego.<\/p>\n<\/li>\n<li class=\"\" data-start=\"4691\" data-end=\"4848\">\n<p class=\"\" data-start=\"4694\" data-end=\"4848\"><strong data-start=\"4694\" data-end=\"4721\">Ciesz si\u0119 idealnym espresso:<\/strong><br data-start=\"4721\" data-end=\"4724\" \/>Po odkamienieniu ekspres Saeco zostanie od\u015bwie\u017cony, a Ty b\u0119dziesz m\u00f3g\u0142 cieszy\u0107 si\u0119 espresso jako\u015bci baristy przy ka\u017cdym zaparzeniu.<\/p>\n<\/li>\n<\/ol>\n<hr class=\"\" data-start=\"4850\" data-end=\"4853\" \/>\n<h3 class=\"\" data-start=\"4855\" data-end=\"4880\"><strong data-start=\"4859\" data-end=\"4880\">Opinie klient\u00f3w:<\/strong><\/h3>\n<p class=\"\" data-start=\"4881\" data-end=\"4965\">Oto, co m\u00f3wi\u0105 nasi klienci o <strong data-start=\"4921\" data-end=\"4964\">Odkamieniacz do ekspresu Philips Saeco<\/strong>:<\/p>\n<p class=\"\" data-start=\"4967\" data-end=\"5162\">\u2b50\u2b50\u2b50\u2b50\u2b50<br data-start=\"4972\" data-end=\"4975\" \/><em data-start=\"4975\" data-end=\"5151\">\u201eTen odkamieniacz dzia\u0142a cuda! M\u00f3j ekspres Saeco nigdy nie dzia\u0142a\u0142 lepiej. Jest \u0142atwy w u\u017cyciu, a teraz moje espresso smakuje \u0142agodniej, a m\u00f3j ekspres pracuje cicho. Gor\u0105co polecam!\u201d<\/em> \u2013 Laura K.<\/p>\n<p class=\"\" data-start=\"5164\" data-end=\"5398\">\u2b50\u2b50\u2b50\u2b50\u2b50<br data-start=\"5169\" data-end=\"5172\" \/><em data-start=\"5172\" data-end=\"5387\">\u201eZawsze kupuj\u0119 produkty Philips Saeco online, a ten odkamieniacz jest r\u00f3wnie niezawodny. Jest tak wygodny i naprawd\u0119 spe\u0142nia swoje zadanie! Wydajno\u015b\u0107 mojego ekspresu uleg\u0142a poprawie i mog\u0119 za ka\u017cdym razem parzy\u0107 idealn\u0105 kaw\u0119\u201d.<\/em> \u2013 James L.<\/p>\n<p class=\"\" data-start=\"5400\" data-end=\"5584\">\u2b50\u2b50\u2b50\u2b50\u2b50<br data-start=\"5405\" data-end=\"5408\" \/><em data-start=\"5408\" data-end=\"5573\">\u201eTo pozycja obowi\u0105zkowa dla ka\u017cdego posiadacza ekspresu do kawy Saeco. Jest \u0142atwy w u\u017cyciu i zapewnia, \u017ce \u200b\u200bm\u00f3j ekspres b\u0119dzie nadal parzy\u0142 doskona\u0142\u0105 kaw\u0119 bez \u017cadnych problem\u00f3w\u201d.<\/em> \u2013 Sarah D.<\/p>\n<hr class=\"\" data-start=\"5586\" data-end=\"5589\" \/>\n<h3 class=\"\" data-start=\"5591\" data-end=\"5659\"><strong data-start=\"5595\" data-end=\"5659\">Gdzie kupi\u0107 odkamieniacz do ekspres\u00f3w do kawy Philips Saeco online:<\/strong><\/h3>\n<p class=\"\" data-start=\"5661\" data-end=\"5761\">Mo\u017cesz <strong data-start=\"5669\" data-end=\"5723\">kup w sklepie internetowym odkamieniacz do ekspres\u00f3w do kawy Philips Saeco<\/strong> od nast\u0119puj\u0105cych zaufanych sprzedawc\u00f3w:<\/p>\n<ul data-start=\"5763\" data-end=\"5905\">\n<li class=\"\" data-start=\"5763\" data-end=\"5793\"><a href=\"https:\/\/bestathomeespressomachine.com\/pl\/product\/philips-saeco-espresso-machine-decalcifier-250-ml-ca6700-47-6-pack\/\"><strong data-start=\"5819\" data-end=\"5856\">EspressoMachineSale.com\u00a0<\/strong><\/a><\/li>\n<li class=\"\" data-start=\"5857\" data-end=\"5881\">\n<p class=\"\" data-start=\"5859\" data-end=\"5881\"><strong data-start=\"5859\" data-end=\"5881\">Najlepszy zakup\u00a0<\/strong><\/p>\n<\/li>\n<li class=\"\" data-start=\"5882\" data-end=\"5905\">\n<p class=\"\" data-start=\"5884\" data-end=\"5905\"><strong data-start=\"5884\" data-end=\"5905\">Walmart<\/strong><\/p>\n<\/li>\n<\/ul>\n<p class=\"\" data-start=\"5907\" data-end=\"6106\">Wystarczy klikn\u0105\u0107 powy\u017csze linki, aby z\u0142o\u017cy\u0107 zam\u00f3wienie i odebra\u0107 to niezb\u0119dne rozwi\u0105zanie konserwacyjne dostarczone pod Twoje drzwi, dzi\u0119ki czemu Tw\u00f3j ekspres do kawy Saeco b\u0119dzie nadal parzy\u0142 kaw\u0119 najwy\u017cszej jako\u015bci.<\/p>\n<h3 class=\"\" data-start=\"6113\" data-end=\"6136\"><strong data-start=\"6117\" data-end=\"6136\">Kluczowe uj\u0119cia<\/strong><\/h3>\n<p class=\"\" data-start=\"6138\" data-end=\"6566\">Regularne odkamienianie <strong data-start=\"6163\" data-end=\"6197\">Ekspres Philips Saeco<\/strong> to proste, ale wa\u017cne zadanie, dzi\u0119ki kt\u00f3remu b\u0119dziesz m\u00f3g\u0142 cieszy\u0107 si\u0119 doskona\u0142\u0105 kaw\u0105 bez \u017cadnych przerw. <strong data-start=\"6302\" data-end=\"6363\">Kup odkamieniacz do ekspresu do kawy Philips Saeco online<\/strong> jest naj\u0142atwiejszym sposobem na utrzymanie maszyny na najwy\u017cszym poziomie, zapewniaj\u0105c wygod\u0119 i spok\u00f3j ducha. Zam\u00f3w ju\u017c dzi\u015b i zachowaj optymaln\u0105 wydajno\u015b\u0107 swojej maszyny, aby m\u00f3c delektowa\u0107 si\u0119 ka\u017cd\u0105 fili\u017cank\u0105!<\/p>\n<\/div>\n<\/div>\n<\/div>\n<\/div>\n<\/div>\n<\/div>\n<\/div>\n<\/div>\n<\/article>\n<\/div>\n<\/div>\n<\/div>\n<\/div>\n<\/div>","protected":false},"excerpt":{"rendered":"<p>Philips Saeco Espresso Machine Descaler\u2014Buy Online for Optimal Performance Ensure that your Philips Saeco espresso machine operates at its best with the Philips Saeco Espresso Machine Descaler. Designed specifically for Saeco models, this powerful descaling solution is essential for maintaining the internal components of your espresso machine, preventing limescale buildup, and ensuring your coffee tastes&hellip;<\/p>","protected":false},"featured_media":21755,"comment_status":"open","ping_status":"closed","template":"","meta":[],"product_cat":[49],"product_tag":[],"class_list":{"0":"post-21753","1":"product","2":"type-product","3":"status-publish","4":"has-post-thumbnail","6":"product_cat-philips-espresso-machines","8":"first","9":"instock","10":"shipping-taxable","11":"purchasable","12":"product-type-simple","13":"col-xs-6 col-sm-4","14":"col-md-3 col-lg-3","15":"un-4-cols"},"jetpack_sharing_enabled":true,"_links":{"self":[{"href":"https:\/\/bestathomeespressomachine.com\/pl\/wp-json\/wp\/v2\/product\/21753","targetHints":{"allow":["GET"]}}],"collection":[{"href":"https:\/\/bestathomeespressomachine.com\/pl\/wp-json\/wp\/v2\/product"}],"about":[{"href":"https:\/\/bestathomeespressomachine.com\/pl\/wp-json\/wp\/v2\/types\/product"}],"replies":[{"embeddable":true,"href":"https:\/\/bestathomeespressomachine.com\/pl\/wp-json\/wp\/v2\/comments?post=21753"}],"version-history":[{"count":4,"href":"https:\/\/bestathomeespressomachine.com\/pl\/wp-json\/wp\/v2\/product\/21753\/revisions"}],"predecessor-version":[{"id":22299,"href":"https:\/\/bestathomeespressomachine.com\/pl\/wp-json\/wp\/v2\/product\/21753\/revisions\/22299"}],"wp:featuredmedia":[{"embeddable":true,"href":"https:\/\/bestathomeespressomachine.com\/pl\/wp-json\/wp\/v2\/media\/21755"}],"wp:attachment":[{"href":"https:\/\/bestathomeespressomachine.com\/pl\/wp-json\/wp\/v2\/media?parent=21753"}],"wp:term":[{"taxonomy":"product_cat","embeddable":true,"href":"https:\/\/bestathomeespressomachine.com\/pl\/wp-json\/wp\/v2\/product_cat?post=21753"},{"taxonomy":"product_tag","embeddable":true,"href":"https:\/\/bestathomeespressomachine.com\/pl\/wp-json\/wp\/v2\/product_tag?post=21753"}],"curies":[{"name":"wp","href":"https:\/\/api.w.org\/{rel}","templated":true}]}}