{"id":21763,"date":"2025-01-06T17:03:26","date_gmt":"2025-01-06T17:03:26","guid":{"rendered":"https:\/\/bestathomeespressomachine.com\/?post_type=product&#038;p=21763"},"modified":"2025-04-27T10:58:18","modified_gmt":"2025-04-27T10:58:18","slug":"buy-philips-baristina-milk-frother-online","status":"publish","type":"product","link":"https:\/\/bestathomeespressomachine.com\/pl\/product\/buy-philips-baristina-milk-frother-online\/","title":{"rendered":"Przystawka do spieniania mleka Philips Baristina"},"content":{"rendered":"<div class=\"flex-1 overflow-hidden @container\/thread\">\n<div class=\"h-full\">\n<div class=\"react-scroll-to-bottom--css-zoaqn-79elbk h-full\">\n<div class=\"react-scroll-to-bottom--css-zoaqn-1n7m0yu\">\n<div class=\"flex flex-col text-sm\">\n<article class=\"w-full scroll-mb-[var(--thread-trailing-height,150px)] text-token-text-primary focus-visible:outline-2 focus-visible:outline-offset-[-4px]\" dir=\"auto\" data-testid=\"conversation-turn-31\" data-scroll-anchor=\"true\">\n<div class=\"m-auto text-base py-[18px] px-3 md:px-4 w-full md:px-5 lg:px-4 xl:px-5\">\n<div class=\"mx-auto flex flex-1 gap-4 text-base md:gap-5 lg:gap-6 md:max-w-3xl\">\n<div class=\"group\/conversation-turn relative flex w-full min-w-0 flex-col agent-turn\">\n<div class=\"flex-col gap-1 md:gap-3\">\n<div class=\"flex max-w-full flex-col flex-grow\">\n<div class=\"min-h-8 text-message flex w-full flex-col items-end gap-2 whitespace-normal break-words text-start [.text-message+&amp;]:mt-5\" dir=\"auto\" data-message-author-role=\"assistant\" data-message-id=\"2aceab32-92bb-4527-9826-8f15fa11dfbf\" data-message-model-slug=\"gpt-4o-mini\">\n<div class=\"flex w-full flex-col gap-1 empty:hidden first:pt-[3px]\">\n<div class=\"markdown prose w-full break-words dark:prose-invert light\">\n<h2 class=\"\" data-start=\"192\" data-end=\"304\">Przesu\u0144 uchwyt, delektuj si\u0119 naparem \u2014 Philips Baristina Milchaufsch\u00e4umer zapewnia Ci espresso jako\u015bci baristy!<\/h2>\n<p class=\"\" data-start=\"306\" data-end=\"800\">Poznaj swojego osobistego barist\u0119 z <strong data-start=\"342\" data-end=\"380\">Philips Baristina Milchaufsch\u00e4umer<\/strong> prosto na kuchennym blacie. Po prostu wsyp swoje ulubione ziarna, przesu\u0144 uchwyt i delektuj si\u0119 fantastycznym espresso. <strong data-start=\"502\" data-end=\"523\">Philips Baristina<\/strong> automatycznie mieli ziarna, idealnie ubija je w uchwycie filtra i parzy espresso pod profesjonalnym ci\u015bnieniem, dzi\u0119ki czemu ka\u017cda fili\u017canka smakuje tak, jakby przygotowa\u0142 j\u0105 do\u015bwiadczona baristka.<br data-start=\"715\" data-end=\"718\" \/><strong data-start=\"718\" data-end=\"800\">Dzi\u0119ki Baristinie, kt\u00f3ra zajmie si\u0119 ca\u0142\u0105 ci\u0119\u017ck\u0105 prac\u0105, Ty b\u0119dziesz m\u00f3g\u0142 cieszy\u0107 si\u0119 idealnym naparem.<\/strong><\/p>\n<hr class=\"\" data-start=\"802\" data-end=\"805\" \/>\n<h2 class=\"\" data-start=\"807\" data-end=\"860\">Cechy spieniacza do mleka Philips Baristina<\/h2>\n<h3 class=\"\" data-start=\"862\" data-end=\"904\">\u015awie\u017co zmielone ziarna dla niezr\u00f3wnanego aromatu<\/h3>\n<p class=\"\" data-start=\"906\" data-end=\"1132\">Rozpocznij swoj\u0105 kawow\u0105 podr\u00f3\u017c od \u015bwie\u017co zmielonych ziaren, aby uzyska\u0107 najbogatszy aromat kawy. <strong data-start=\"992\" data-end=\"1030\">Philips Baristina Milchaufsch\u00e4umer<\/strong> wykorzystuje automatyczny m\u0142ynek, kt\u00f3ry wydobywa naj\u015bwie\u017csze smaki, zapewniaj\u0105c za ka\u017cdym razem wyj\u0105tkowy napar.<\/p>\n<h3 class=\"\" data-start=\"1134\" data-end=\"1176\">3 ustawienia napoj\u00f3w dopasowane do Twojego nastroju<\/h3>\n<p class=\"\" data-start=\"1178\" data-end=\"1275\">Wybierz jeden z trzech klasycznych napoj\u00f3w <strong data-start=\"1230\" data-end=\"1274\">W po\u0142\u0105czeniu ci\u015bnieniowy ekspres do Kawy firmy Philips Baristina<\/strong>:<\/p>\n<ul data-start=\"1277\" data-end=\"1432\">\n<li class=\"\" data-start=\"1277\" data-end=\"1320\">\n<p class=\"\" data-start=\"1279\" data-end=\"1320\"><strong data-start=\"1279\" data-end=\"1291\">Espresso \u2014 mocne<\/strong>, bogaty i intensywny.<\/p>\n<\/li>\n<li class=\"\" data-start=\"1321\" data-end=\"1359\">\n<p class=\"\" data-start=\"1323\" data-end=\"1359\"><strong data-start=\"1323\" data-end=\"1332\">D\u0142ugi-<\/strong>D\u0142u\u017csza, \u0142agodniejsza kawa.<\/p>\n<\/li>\n<li class=\"\" data-start=\"1360\" data-end=\"1432\">\n<p class=\"\" data-start=\"1362\" data-end=\"1432\"><strong data-start=\"1362\" data-end=\"1379\">Bardzo intensywny\u2014<\/strong>Wyrazista i mocna kawa dla prawdziwych mi\u0142o\u015bnik\u00f3w espresso.<\/p>\n<\/li>\n<\/ul>\n<p class=\"\" data-start=\"1434\" data-end=\"1493\">\u0141atwo i bez wysi\u0142ku dostosuj ka\u017cd\u0105 fili\u017cank\u0119 do swojego gustu.<\/p>\n<h3 class=\"\" data-start=\"1495\" data-end=\"1532\">Profesjonalna pompa ci\u015bnieniowa 16 bar\u00f3w<\/h3>\n<p class=\"\" data-start=\"1534\" data-end=\"1749\">Ten <strong data-start=\"1538\" data-end=\"1576\"><a href=\"https:\/\/bestathomeespressomachine.com\/pl\/product\/philips-baristina-combo-espresso-machine-with-milk-frother-bar303-60-black\/\">Philips Baristina<\/a> Spieniacz do mleka<\/strong> posiada 16-barowy system ci\u015bnieniowy, aby zagwarantowa\u0107 pe\u0142n\u0105 ekstrakcj\u0119 z ziaren. Odblokuj g\u0142\u0119bokie smaki kawy, bogat\u0105 crem\u0119 i idealn\u0105 konsystencj\u0119 \u2014 za ka\u017cdym razem, gdy zaparzasz.<\/p>\n<h3 class=\"\" data-start=\"1751\" data-end=\"1794\">Automatyczny spieniacz do mleka dla idealnej pianki<\/h3>\n<p class=\"\" data-start=\"1796\" data-end=\"2054\">Ciesz si\u0119 kremowymi cappuccino i jedwabistymi latte dzi\u0119ki <strong data-start=\"1852\" data-end=\"1892\">Spieniacz do mleka Baristina<\/strong> wbudowany automatyczny spieniacz do mleka. Zapewnia idealnie teksturowan\u0105, g\u0142adk\u0105 i puszyst\u0105 piank\u0119 mleczn\u0105 za naci\u015bni\u0119ciem jednego przycisku, dzi\u0119ki czemu ka\u017cda fili\u017canka staje si\u0119 dzie\u0142em kawiarnianym.<\/p>\n<h3 class=\"\" data-start=\"2056\" data-end=\"2097\">\u0141atwe czyszczenie dzi\u0119ki wyjmowanej tacce ociekowej<\/h3>\n<p class=\"\" data-start=\"2099\" data-end=\"2263\">Spieniacz do mleka Philips Baristina jest wyposa\u017cony w wyjmowan\u0105 tack\u0119 ociekow\u0105, co umo\u017cliwia szybkie i proste czyszczenie. Utrzymuj miejsce na kaw\u0119 w czysto\u015bci i gotowo\u015b\u0107 na nast\u0119pne zaparzenie.<\/p>\n<hr class=\"\" data-start=\"2265\" data-end=\"2268\" \/>\n<h2 class=\"\" data-start=\"2270\" data-end=\"2324\">Spieniacz do mleka Philips Baristina \u2014 dane techniczne<\/h2>\n<div class=\"group pointer-events-none relative flex justify-center *:pointer-events-auto\">\n<p>&nbsp;<\/p>\n<div class=\"tableContainer horzScrollShadows relative\">\n<table class=\"min-w-full\" data-start=\"2326\" data-end=\"2571\">\n<thead data-start=\"2326\" data-end=\"2345\">\n<tr data-start=\"2326\" data-end=\"2345\">\n<th data-start=\"2326\" data-end=\"2336\">Funkcja<\/th>\n<th data-start=\"2336\" data-end=\"2345\">Warto\u015b\u0107<\/th>\n<\/tr>\n<\/thead>\n<tbody data-start=\"2358\" data-end=\"2571\">\n<tr data-start=\"2358\" data-end=\"2393\">\n<td class=\"max-w-[calc(var(--thread-content-max-width)*2\/3)]\" data-start=\"2358\" data-end=\"2380\"><strong data-start=\"2360\" data-end=\"2379\">Pojemno\u015b\u0107 zasobnika<\/strong><\/td>\n<td class=\"max-w-[calc(var(--thread-content-max-width)*2\/3)]\" data-start=\"2380\" data-end=\"2393\">170 gram\u00f3w<\/td>\n<\/tr>\n<tr data-start=\"2394\" data-end=\"2436\">\n<td class=\"max-w-[calc(var(--thread-content-max-width)*2\/3)]\" data-start=\"2394\" data-end=\"2421\"><strong data-start=\"2396\" data-end=\"2420\">Do\u0142\u0105czone akcesoria<\/strong><\/td>\n<td class=\"max-w-[calc(var(--thread-content-max-width)*2\/3)]\" data-start=\"2421\" data-end=\"2436\">Uchwyt filtra<\/td>\n<\/tr>\n<tr data-start=\"2437\" data-end=\"2488\">\n<td class=\"max-w-[calc(var(--thread-content-max-width)*2\/3)]\" data-start=\"2437\" data-end=\"2466\"><strong data-start=\"2439\" data-end=\"2465\">Wymiary (szer. x wys. x g\u0142.)<\/strong><\/td>\n<td class=\"max-w-[calc(var(--thread-content-max-width)*2\/3)]\" data-start=\"2466\" data-end=\"2488\">Wymiary: 180x345x380 mm<\/td>\n<\/tr>\n<tr data-start=\"2489\" data-end=\"2510\">\n<td class=\"max-w-[calc(var(--thread-content-max-width)*2\/3)]\" data-start=\"2489\" data-end=\"2502\"><strong data-start=\"2491\" data-end=\"2501\">Waga<\/strong><\/td>\n<td class=\"max-w-[calc(var(--thread-content-max-width)*2\/3)]\" data-start=\"2502\" data-end=\"2510\">5 kilogram\u00f3w<\/td>\n<\/tr>\n<tr data-start=\"2511\" data-end=\"2545\">\n<td class=\"max-w-[calc(var(--thread-content-max-width)*2\/3)]\" data-start=\"2511\" data-end=\"2534\"><strong data-start=\"2513\" data-end=\"2533\">Materia\u0142 m\u0142ynka<\/strong><\/td>\n<td class=\"max-w-[calc(var(--thread-content-max-width)*2\/3)]\" data-start=\"2534\" data-end=\"2545\">Ceramiczny<\/td>\n<\/tr>\n<tr data-start=\"2546\" data-end=\"2571\">\n<td class=\"max-w-[calc(var(--thread-content-max-width)*2\/3)]\" data-start=\"2546\" data-end=\"2562\"><strong data-start=\"2548\" data-end=\"2561\">Cz\u0119stotliwo\u015b\u0107<\/strong><\/td>\n<td class=\"max-w-[calc(var(--thread-content-max-width)*2\/3)]\" data-start=\"2562\" data-end=\"2571\">50 Hz<\/td>\n<\/tr>\n<\/tbody>\n<\/table>\n<\/div>\n<\/div>\n<hr class=\"\" data-start=\"2573\" data-end=\"2576\" \/>\n<h2 class=\"\" data-start=\"2578\" data-end=\"2631\">Dlaczego warto wybra\u0107 spieniacz do mleka Philips Baristina?<\/h2>\n<p class=\"\" data-start=\"2633\" data-end=\"3037\">Z <strong data-start=\"2638\" data-end=\"2659\">Philips Baristina<\/strong>, przygotowanie espresso w stylu kawiarnianym w domu jest tak proste, jak przesuni\u0119cie uchwytu. Od mielenia \u015bwie\u017cych ziaren po automatyczne spienianie mleka, ten ekspres do kawy combo zapewnia, \u017ce \u200b\u200bka\u017cdy krok jest prosty i profesjonalny.<br data-start=\"2862\" data-end=\"2865\" \/>Odkryj prawdziwy smak kawy i kremow\u0105 piank\u0119 mleczn\u0105 dzi\u0119ki spieniaczowi do mleka Philips Baristina \u2014 <strong data-start=\"2973\" data-end=\"3036\">Tw\u00f3j najlepszy towarzysz do parzenia kawy w jako\u015bci baristy w domu<\/strong>!<\/p>\n<\/div>\n<\/div>\n<\/div>\n<\/div>\n<\/div>\n<\/div>\n<\/div>\n<\/div>\n<\/article>\n<\/div>\n<\/div>\n<\/div>\n<\/div>\n<\/div>","protected":false},"excerpt":{"rendered":"<p>Swipe the Handle, Savor the Brew\u2014Philips Baristina Milchaufsch\u00e4umer Brings Barista-Quality Espresso to You! Meet your personal barista with the Philips Baristina Milchaufsch\u00e4umer right on your kitchen counter. Simply pour in your favorite beans, swipe the handle, and savor a fantastic espresso. The Philips Baristina automatically grinds the beans, tamps them perfectly into the portafilter, and&hellip;<\/p>","protected":false},"featured_media":21765,"comment_status":"open","ping_status":"closed","template":"","meta":[],"product_cat":[49],"product_tag":[],"class_list":{"0":"post-21763","1":"product","2":"type-product","3":"status-publish","4":"has-post-thumbnail","6":"product_cat-philips-espresso-machines","8":"first","9":"instock","10":"shipping-taxable","11":"purchasable","12":"product-type-simple","13":"col-xs-6 col-sm-4","14":"col-md-3 col-lg-3","15":"un-4-cols"},"jetpack_sharing_enabled":true,"_links":{"self":[{"href":"https:\/\/bestathomeespressomachine.com\/pl\/wp-json\/wp\/v2\/product\/21763","targetHints":{"allow":["GET"]}}],"collection":[{"href":"https:\/\/bestathomeespressomachine.com\/pl\/wp-json\/wp\/v2\/product"}],"about":[{"href":"https:\/\/bestathomeespressomachine.com\/pl\/wp-json\/wp\/v2\/types\/product"}],"replies":[{"embeddable":true,"href":"https:\/\/bestathomeespressomachine.com\/pl\/wp-json\/wp\/v2\/comments?post=21763"}],"version-history":[{"count":6,"href":"https:\/\/bestathomeespressomachine.com\/pl\/wp-json\/wp\/v2\/product\/21763\/revisions"}],"predecessor-version":[{"id":22301,"href":"https:\/\/bestathomeespressomachine.com\/pl\/wp-json\/wp\/v2\/product\/21763\/revisions\/22301"}],"wp:featuredmedia":[{"embeddable":true,"href":"https:\/\/bestathomeespressomachine.com\/pl\/wp-json\/wp\/v2\/media\/21765"}],"wp:attachment":[{"href":"https:\/\/bestathomeespressomachine.com\/pl\/wp-json\/wp\/v2\/media?parent=21763"}],"wp:term":[{"taxonomy":"product_cat","embeddable":true,"href":"https:\/\/bestathomeespressomachine.com\/pl\/wp-json\/wp\/v2\/product_cat?post=21763"},{"taxonomy":"product_tag","embeddable":true,"href":"https:\/\/bestathomeespressomachine.com\/pl\/wp-json\/wp\/v2\/product_tag?post=21763"}],"curies":[{"name":"wp","href":"https:\/\/api.w.org\/{rel}","templated":true}]}}