{"id":21782,"date":"2025-01-06T17:19:03","date_gmt":"2025-01-06T17:19:03","guid":{"rendered":"https:\/\/bestathomeespressomachine.com\/?post_type=product&#038;p=21782"},"modified":"2025-04-27T11:01:38","modified_gmt":"2025-04-27T11:01:38","slug":"philips-baristina-combo-espresso-machine-for-sale-online","status":"publish","type":"product","link":"https:\/\/bestathomeespressomachine.com\/pl\/product\/philips-baristina-combo-espresso-machine-for-sale-online\/","title":{"rendered":"W po\u0142\u0105czeniu ci\u015bnieniowy ekspres do kawy firmy Philips Baristina z \u0432\u0441\u043f\u0435\u043d\u0438\u0432\u0430\u0442\u0435\u043b\u0435\u043c mleka BAR303\/60 (czarny)"},"content":{"rendered":"<h2 class=\"\" data-start=\"672\" data-end=\"756\">Poznaj profesjonalne parzenie kawy dzi\u0119ki ekspresowi Philips Baristina Combo Espresso<\/h2>\n<p class=\"\" data-start=\"87\" data-end=\"703\"><strong data-start=\"87\" data-end=\"181\">Przenie\u015b swoje umiej\u0119tno\u015bci parzenia kawy na wy\u017cszy poziom z ekspresem do kawy Philips Baristina Combo.<\/strong> \u0141\u0105cz\u0105c innowacyjny design, \u015bwie\u017c\u0105 technologi\u0119 mielenia i wbudowany spieniacz do mleka, ten ekspres pozwala bez wysi\u0142ku tworzy\u0107 autentyczne napoje w stylu kawiarnianym we w\u0142asnej kuchni. Idealny zar\u00f3wno dla mi\u0142o\u015bnik\u00f3w espresso, jak i entuzjast\u00f3w cappuccino! <strong data-start=\"425\" data-end=\"703\">Dzi\u0119ki intuicyjnym elementom steruj\u0105cym i konfigurowalnym ustawieniom mo\u017cesz dostroi\u0107 ka\u017cd\u0105 fili\u017cank\u0119 do swojego gustu \u2014 niezale\u017cnie od tego, czy wolisz mocne espresso, czy g\u0142adkie, kremowe latte. Zaprojektowana z my\u015bl\u0105 o wygodzie i zbudowana na lata, Baristina sprawia, \u017ce \u200b\u200bka\u017cdy poranny zaparzony nap\u00f3j to chwila, na kt\u00f3r\u0105 warto czeka\u0107.<\/strong><\/p>\n<hr class=\"\" data-start=\"931\" data-end=\"934\" \/>\n<h2 class=\"\" data-start=\"936\" data-end=\"995\">Dlaczego warto wybra\u0107 ekspres do kawy Philips Baristina Combo?<\/h2>\n<h3 class=\"\" data-start=\"997\" data-end=\"1038\">\u015awie\u017co zmielone ziarna dla najlepszego aromatu<\/h3>\n<p class=\"\" data-start=\"1040\" data-end=\"1220\">Ten <strong data-start=\"1044\" data-end=\"1065\">Philips Baristina<\/strong> mieli \u015bwie\u017ce ziarna kawy do ka\u017cdego parzenia, zapewniaj\u0105c, \u017ce ka\u017cda fili\u017canka jest bogata w smak i aromat. Ciesz si\u0119 pe\u0142nym smakiem \u015bwie\u017co zmielonych ziaren za ka\u017cdym razem, gdy parzysz.<\/p>\n<h3 class=\"\" data-start=\"1222\" data-end=\"1274\">Trzy ustawienia napoj\u00f3w zapewniaj\u0105ce maksymaln\u0105 wszechstronno\u015b\u0107<\/h3>\n<p class=\"\" data-start=\"1276\" data-end=\"1309\">Wybierz sw\u00f3j idealny styl kawy:<\/p>\n<ul data-start=\"1311\" data-end=\"1488\">\n<li class=\"\" data-start=\"1311\" data-end=\"1357\">\n<p class=\"\" data-start=\"1313\" data-end=\"1357\"><strong data-start=\"1313\" data-end=\"1326\">Espresso:<\/strong> Mocne, bogate i pe\u0142ne.<\/p>\n<\/li>\n<li class=\"\" data-start=\"1358\" data-end=\"1414\">\n<p class=\"\" data-start=\"1360\" data-end=\"1414\"><strong data-start=\"1360\" data-end=\"1370\">D\u0142ugi:<\/strong> D\u0142u\u017cszy, l\u017cejszy nap\u00f3j o \u0142agodnym smaku.<\/p>\n<\/li>\n<li class=\"\" data-start=\"1415\" data-end=\"1488\">\n<p class=\"\" data-start=\"1417\" data-end=\"1488\"><strong data-start=\"1417\" data-end=\"1435\">Bardzo intensywne:<\/strong> Wyraziste i mocne piwo dla mi\u0142o\u015bnik\u00f3w kawy, kt\u00f3rzy lubi\u0105 mocnego kopa.<\/p>\n<\/li>\n<\/ul>\n<p class=\"\" data-start=\"1490\" data-end=\"1569\">Niezale\u017cnie od Twoich preferencji, <strong data-start=\"1521\" data-end=\"1547\">ekspres do kawy combo<\/strong> dostosowuje si\u0119 do Twojego gustu.<\/p>\n<h3 class=\"\" data-start=\"1571\" data-end=\"1619\">Ci\u015bnienie pompy 16 bar\u00f3w zapewniaj\u0105ce doskona\u0142\u0105 ekstrakcj\u0119<\/h3>\n<p class=\"\" data-start=\"1621\" data-end=\"1793\">Ten <strong data-start=\"1625\" data-end=\"1669\">Philips Baristina Combo <a href=\"https:\/\/bestathomeespressomachine.com\/pl\/product\/philips-3200-series-classic-milk-frother-super-automatic-espresso-machine-ep3221-44\/\">Ekspres do kawy Espresso<\/a><\/strong> wykorzystuje ci\u015bnienie pompy 16 bar\u00f3w, gwarantuj\u0105c maksymaln\u0105 ekstrakcj\u0119 smaku, co pozwala na uzyskanie espresso o jako\u015bci profesjonalnej z g\u0119st\u0105, z\u0142ot\u0105 crem\u0105.<\/p>\n<hr class=\"\" data-start=\"1795\" data-end=\"1798\" \/>\n<h2 class=\"\" data-start=\"1800\" data-end=\"1862\">Stw\u00f3rz ulubione kawy w kawiarni dzi\u0119ki wbudowanemu spieniaczowi do mleka<\/h2>\n<p class=\"\" data-start=\"1864\" data-end=\"2068\">Ciesz si\u0119 jedwabist\u0105, g\u0142adk\u0105 piank\u0105 mleczn\u0105 do latte, cappuccino i gor\u0105cej czekolady, u\u017cywaj\u0105c <strong data-start=\"1948\" data-end=\"1974\">automatyczny spieniacz do mleka<\/strong>Idealnie teksturowane mleko jest na wyci\u0105gni\u0119cie r\u0119ki, zapewniaj\u0105c Ci jako\u015b\u0107 kawiarnian\u0105 w domu.<\/p>\n<hr class=\"\" data-start=\"2070\" data-end=\"2073\" \/>\n<h2 class=\"\" data-start=\"2075\" data-end=\"2121\">\u0141atwa konserwacja dzi\u0119ki wyjmowanej tacce ociekowej<\/h2>\n<p class=\"\" data-start=\"2123\" data-end=\"2283\">Utrzymywanie twojego <strong data-start=\"2136\" data-end=\"2156\">ekspres do kawy<\/strong> czyszczenie jest bezproblemowe dzi\u0119ki \u0142atwo wyjmowanej tacce ociekowej. Po prostu wyjmij, op\u0142ucz i wymie\u0144, aby szybko wyczy\u015bci\u0107 po ka\u017cdym u\u017cyciu.<\/p>\n<hr class=\"\" data-start=\"2285\" data-end=\"2288\" \/>\n<h2 class=\"\" data-start=\"2290\" data-end=\"2358\">Ekspres do kawy Philips Baristina Combo Dane techniczne<\/h2>\n<div class=\"group pointer-events-none relative flex justify-center *:pointer-events-auto\">\n<p>&nbsp;<\/p>\n<div class=\"tableContainer horzScrollShadows relative\">\n<table class=\"min-w-full\" data-start=\"2360\" data-end=\"2804\">\n<thead data-start=\"2360\" data-end=\"2413\">\n<tr data-start=\"2360\" data-end=\"2413\">\n<th data-start=\"2360\" data-end=\"2387\"><strong data-start=\"2362\" data-end=\"2379\">Specyfikacja<\/strong><\/th>\n<th data-start=\"2387\" data-end=\"2413\"><strong data-start=\"2389\" data-end=\"2398\">Warto\u015b\u0107<\/strong><\/th>\n<\/tr>\n<\/thead>\n<tbody data-start=\"2470\" data-end=\"2804\">\n<tr data-start=\"2470\" data-end=\"2525\">\n<td class=\"max-w-[calc(var(--thread-content-max-width)*2\/3)]\" data-start=\"2470\" data-end=\"2498\">Pojemno\u015b\u0107 zasobnika<\/td>\n<td class=\"max-w-[calc(var(--thread-content-max-width)*2\/3)]\" data-start=\"2498\" data-end=\"2525\">170 gram\u00f3w<\/td>\n<\/tr>\n<tr data-start=\"2526\" data-end=\"2581\">\n<td class=\"max-w-[calc(var(--thread-content-max-width)*2\/3)]\" data-start=\"2526\" data-end=\"2554\">Do\u0142\u0105czone akcesoria<\/td>\n<td class=\"max-w-[calc(var(--thread-content-max-width)*2\/3)]\" data-start=\"2554\" data-end=\"2581\">Uchwyt filtra<\/td>\n<\/tr>\n<tr data-start=\"2582\" data-end=\"2639\">\n<td class=\"max-w-[calc(var(--thread-content-max-width)*2\/3)]\" data-start=\"2582\" data-end=\"2611\">Wymiary (szer. x wys. x g\u0142.)<\/td>\n<td class=\"max-w-[calc(var(--thread-content-max-width)*2\/3)]\" data-start=\"2611\" data-end=\"2639\">Wymiary: 180x345x380 mm<\/td>\n<\/tr>\n<tr data-start=\"2640\" data-end=\"2694\">\n<td class=\"max-w-[calc(var(--thread-content-max-width)*2\/3)]\" data-start=\"2640\" data-end=\"2668\">Waga<\/td>\n<td class=\"max-w-[calc(var(--thread-content-max-width)*2\/3)]\" data-start=\"2668\" data-end=\"2694\">5 kilogram\u00f3w<\/td>\n<\/tr>\n<tr data-start=\"2695\" data-end=\"2749\">\n<td class=\"max-w-[calc(var(--thread-content-max-width)*2\/3)]\" data-start=\"2695\" data-end=\"2723\">Materia\u0142 m\u0142ynka<\/td>\n<td class=\"max-w-[calc(var(--thread-content-max-width)*2\/3)]\" data-start=\"2723\" data-end=\"2749\">Ceramiczny<\/td>\n<\/tr>\n<tr data-start=\"2750\" data-end=\"2804\">\n<td class=\"max-w-[calc(var(--thread-content-max-width)*2\/3)]\" data-start=\"2750\" data-end=\"2778\">Cz\u0119stotliwo\u015b\u0107<\/td>\n<td class=\"max-w-[calc(var(--thread-content-max-width)*2\/3)]\" data-start=\"2778\" data-end=\"2804\">50 Hz<\/td>\n<\/tr>\n<\/tbody>\n<\/table>\n<\/div>\n<\/div>\n<hr class=\"\" data-start=\"2806\" data-end=\"2809\" \/>\n<h2 class=\"\" data-start=\"102\" data-end=\"168\">Gdzie kupi\u0107 ekspres do kawy Philips Baristina Combo BAR303\/60<\/h2>\n<p class=\"\" data-start=\"170\" data-end=\"351\">Kup <strong data-start=\"178\" data-end=\"232\">Ekspres do kawy Philips Baristina Combo BAR303\/60<\/strong> wygodnie online w naszym oficjalnym sklepie:<br data-start=\"277\" data-end=\"280\" \/>\ud83d\udc49 <a class=\"\" href=\"https:\/\/espressochinesale.com\/shop\" target=\"_new\" rel=\"noopener nofollow\" data-start=\"283\" data-end=\"351\"><strong data-start=\"284\" data-end=\"314\">espressochinesale.com\/sklep<\/strong><\/a><\/p>\n<p class=\"\" data-start=\"353\" data-end=\"439\">Ciesz si\u0119 idealnym espresso, cappuccino i latte w domu za pomoc\u0105 zaledwie kilku klikni\u0119\u0107!<\/p>\n<hr class=\"\" data-start=\"3175\" data-end=\"3178\" \/>\n<h2 class=\"\" data-start=\"3180\" data-end=\"3252\">Najcz\u0119\u015bciej zadawane pytania dotycz\u0105ce ekspresu do kawy Philips Baristina Combo ze spieniaczem do mleka<\/h2>\n<h3 class=\"\" data-start=\"3254\" data-end=\"3331\">Jakie napoje mog\u0119 przygotowa\u0107 w ekspresie do kawy Philips Baristina Combo?<\/h3>\n<p class=\"\" data-start=\"3333\" data-end=\"3500\">Z <strong data-start=\"3342\" data-end=\"3363\">Philips Baristina<\/strong>Dzi\u0119ki wbudowanemu spieniaczowi do mleka mo\u017cesz bez problemu zaparzy\u0107 espresso, lungo, wyj\u0105tkowo mocn\u0105 kaw\u0119, kremowe cappuccino i jedwabiste latte.<\/p>\n<h3 class=\"\" data-start=\"3502\" data-end=\"3562\">Czy Philips Baristina mieli \u015bwie\u017ce ziarna kawy za ka\u017cdym razem?<\/h3>\n<p class=\"\" data-start=\"3564\" data-end=\"3681\">Tak! <strong data-start=\"3573\" data-end=\"3599\">ekspres do kawy combo<\/strong> mieli \u015bwie\u017ce ziarna kawy do ka\u017cdego napoju, co zapewnia maksymalny smak i aromat w ka\u017cdej fili\u017cance.<\/p>\n<h3 class=\"\" data-start=\"3683\" data-end=\"3727\">Czy spieniacz do mleka jest automatyczny czy r\u0119czny?<\/h3>\n<p class=\"\" data-start=\"3729\" data-end=\"3828\">Ten <strong data-start=\"3733\" data-end=\"3749\">spieniacz do mleka<\/strong> jest w pe\u0142ni automatyczny, zapewniaj\u0105c r\u00f3wnomiern\u0105, aksamitn\u0105 pian\u0119 bez \u017cadnych w\u0105tpliwo\u015bci.<\/p>\n<h3 class=\"\" data-start=\"3830\" data-end=\"3870\">Ile kawy mie\u015bci si\u0119 w zasobniku?<\/h3>\n<p class=\"\" data-start=\"3872\" data-end=\"3960\">Pojemnik na fasol\u0119 ma <strong data-start=\"3894\" data-end=\"3915\">Pojemno\u015b\u0107 170 gram\u00f3w<\/strong>, wystarczaj\u0105ca na kilka zaparze\u0144 przed ponownym nape\u0142nieniem.<\/p>\n<h3 class=\"\" data-start=\"3962\" data-end=\"4012\">Jak \u0142atwo jest wyczy\u015bci\u0107 ekspres Philips Baristina?<\/h3>\n<p class=\"\" data-start=\"4014\" data-end=\"4116\">Bardzo proste! Maszyna ma wyjmowan\u0105 tack\u0119 ociekow\u0105 i intuicyjn\u0105 konstrukcj\u0119, co umo\u017cliwia proste i szybkie czyszczenie.<\/p>\n<hr class=\"\" data-start=\"4118\" data-end=\"4121\" \/>\n<h2 class=\"\" data-start=\"83\" data-end=\"140\">Zaparz idealn\u0105 kaw\u0119 w domu dzi\u0119ki Philips Baristina<\/h2>\n<p class=\"\" data-start=\"142\" data-end=\"681\">Przekszta\u0142\u0107 swoj\u0105 kuchni\u0119 w osobist\u0105 kawiarni\u0119 dzi\u0119ki <strong data-start=\"195\" data-end=\"257\">Ekspres do kawy Philips Baristina Combo ze spieniaczem do mleka<\/strong>. Niezale\u017cnie od tego, czy masz ochot\u0119 na mocne espresso, czy kremowe cappuccino, ten wszechstronny ekspres do kawy zapewnia perfekcj\u0119 za jednym poci\u0105gni\u0119ciem uchwytu.<br data-start=\"399\" data-end=\"402\" \/>Ciesz si\u0119 \u015bwie\u017co zmielonymi ziarnami, bogat\u0105 crem\u0105 i jedwabist\u0105 mleczn\u0105 piank\u0105 \u2014 wszystko z jednego kompaktowego, \u0142atwego w obs\u0142udze urz\u0105dzenia. Spraw, aby ka\u017cdy poranek by\u0142 wyj\u0105tkowy dzi\u0119ki kawie jako\u015bci baristy przygotowywanej w Twoim domu.<br data-start=\"597\" data-end=\"600\" \/>\ud83d\udc49 <strong data-start=\"603\" data-end=\"681\">Zam\u00f3w ju\u017c dzi\u015b i ciesz si\u0119 kaw\u0105 jako\u015bci kawiarnianej bez wychodzenia z domu!<\/strong><\/p>","protected":false},"excerpt":{"rendered":"<p>Experience Professional Brewing with the Philips Baristina Combo Espresso Machine Take your coffee game to the next level with the Philips Baristina Combo Espresso Machine. Combining innovative design, fresh grinding technology, and a built-in milk frother, this machine allows you to craft authentic, caf\u00e9-style drinks effortlessly in your own kitchen. Perfect for espresso lovers and&hellip;<\/p>","protected":false},"featured_media":21784,"comment_status":"open","ping_status":"closed","template":"","meta":[],"product_cat":[49],"product_tag":[],"class_list":{"0":"post-21782","1":"product","2":"type-product","3":"status-publish","4":"has-post-thumbnail","6":"product_cat-philips-espresso-machines","8":"first","9":"instock","10":"shipping-taxable","11":"purchasable","12":"product-type-simple","13":"col-xs-6 col-sm-4","14":"col-md-3 col-lg-3","15":"un-4-cols"},"jetpack_sharing_enabled":true,"_links":{"self":[{"href":"https:\/\/bestathomeespressomachine.com\/pl\/wp-json\/wp\/v2\/product\/21782","targetHints":{"allow":["GET"]}}],"collection":[{"href":"https:\/\/bestathomeespressomachine.com\/pl\/wp-json\/wp\/v2\/product"}],"about":[{"href":"https:\/\/bestathomeespressomachine.com\/pl\/wp-json\/wp\/v2\/types\/product"}],"replies":[{"embeddable":true,"href":"https:\/\/bestathomeespressomachine.com\/pl\/wp-json\/wp\/v2\/comments?post=21782"}],"version-history":[{"count":4,"href":"https:\/\/bestathomeespressomachine.com\/pl\/wp-json\/wp\/v2\/product\/21782\/revisions"}],"predecessor-version":[{"id":22303,"href":"https:\/\/bestathomeespressomachine.com\/pl\/wp-json\/wp\/v2\/product\/21782\/revisions\/22303"}],"wp:featuredmedia":[{"embeddable":true,"href":"https:\/\/bestathomeespressomachine.com\/pl\/wp-json\/wp\/v2\/media\/21784"}],"wp:attachment":[{"href":"https:\/\/bestathomeespressomachine.com\/pl\/wp-json\/wp\/v2\/media?parent=21782"}],"wp:term":[{"taxonomy":"product_cat","embeddable":true,"href":"https:\/\/bestathomeespressomachine.com\/pl\/wp-json\/wp\/v2\/product_cat?post=21782"},{"taxonomy":"product_tag","embeddable":true,"href":"https:\/\/bestathomeespressomachine.com\/pl\/wp-json\/wp\/v2\/product_tag?post=21782"}],"curies":[{"name":"wp","href":"https:\/\/api.w.org\/{rel}","templated":true}]}}