{"id":21796,"date":"2025-01-06T17:25:02","date_gmt":"2025-01-06T17:25:02","guid":{"rendered":"https:\/\/bestathomeespressomachine.com\/?post_type=product&#038;p=21796"},"modified":"2025-04-27T11:28:37","modified_gmt":"2025-04-27T11:28:37","slug":"best-semi-automatic-espresso-machine","status":"publish","type":"product","link":"https:\/\/bestathomeespressomachine.com\/pl\/product\/best-semi-automatic-espresso-machine\/","title":{"rendered":"Ekspres do kawy Philips Barista Brew Semi Automatic PSA3218\/01 (srebrny)"},"content":{"rendered":"<h2 class=\"\" data-start=\"644\" data-end=\"717\">Opanuj sztuk\u0119 parzenia kawy dzi\u0119ki najlepszemu p\u00f3\u0142automatycznemu ekspresowi do kawy<\/h2>\n<p class=\"\" data-start=\"719\" data-end=\"1035\">Ulepsz swoje domowe warzenie piwa dzi\u0119ki <strong data-start=\"765\" data-end=\"832\">Philips Barista Brew najlepszy p\u00f3\u0142automatyczny ekspres do kawy PSA3218\/01<\/strong>Zaprojektowany dla mi\u0142o\u015bnik\u00f3w kawy, kt\u00f3rzy pragn\u0105 r\u00f3\u017cnorodno\u015bci i precyzji, ten <strong data-start=\"899\" data-end=\"934\">p\u00f3\u0142automatyczny ekspres do kawy<\/strong> umo\u017cliwia przygotowywanie kawy najwy\u017cszej jako\u015bci, latte i cappuccino w zaciszu w\u0142asnej kuchni.<\/p>\n<hr class=\"\" data-start=\"1037\" data-end=\"1040\" \/>\n<h2 class=\"\" data-start=\"1042\" data-end=\"1140\">Odkryj r\u00f3\u017cnorodno\u015b\u0107 kawy dzi\u0119ki p\u00f3\u0142automatycznemu ekspresowi do kawy Philips Barista Brew PSA3218\/01<\/h2>\n<h3 class=\"\" data-start=\"1142\" data-end=\"1186\">Pojemnik na dwie fasole o pojemno\u015bci 280 g z uszczelk\u0105 Aroma Seal<\/h3>\n<p class=\"\" data-start=\"1188\" data-end=\"1452\">Dzi\u0119ki podw\u00f3jnemu pojemnikowi na ziarna, <strong data-start=\"1222\" data-end=\"1289\">Ekspres automatyczny Philips Barista Brew PSA3218\/01<\/strong> pozwala Ci jednocze\u015bnie odkrywa\u0107 r\u00f3\u017cne ziarna kawy. <strong data-start=\"1350\" data-end=\"1364\">piecz\u0119\u0107 aromatyczna<\/strong> zamyka \u015bwie\u017co\u015b\u0107 i smak, zapewniaj\u0105c, \u017ce ka\u017cda fili\u017canka b\u0119dzie pe\u0142na bogatych, aromatycznych nut.<\/p>\n<hr class=\"\" data-start=\"1454\" data-end=\"1457\" \/>\n<h2 class=\"\" data-start=\"1459\" data-end=\"1518\">Profesjonalne narz\u0119dzia do parzenia espresso dla doskona\u0142ego espresso<\/h2>\n<h3 class=\"\" data-start=\"1520\" data-end=\"1556\">Uchwyt filtra ze stali nierdzewnej 58 mm<\/h3>\n<p class=\"\" data-start=\"1558\" data-end=\"1780\">Ten <strong data-start=\"1562\" data-end=\"1598\">Uchwyt filtra ze stali nierdzewnej 58 mm<\/strong> zapewnia r\u00f3wnomiern\u0105 dystrybucj\u0119 wody i doskona\u0142\u0105 ekstrakcj\u0119, pomagaj\u0105c Ci za ka\u017cdym razem tworzy\u0107 espresso o jako\u015bci kawiarnianej z bogat\u0105 piank\u0105 <strong data-start=\"1744\" data-end=\"1779\">p\u00f3\u0142automatyczny ekspres do kawy<\/strong>.<\/p>\n<h3 class=\"\" data-start=\"1782\" data-end=\"1811\">Ubijak kalibrowany Premium<\/h3>\n<p class=\"\" data-start=\"1813\" data-end=\"2035\">W zestawie <strong data-start=\"1831\" data-end=\"1898\">Philips Barista Brew najlepszy automatyczny ekspres do kawy PSA3218\/01<\/strong>, ten <strong data-start=\"1904\" data-end=\"1941\">kalibrowany ubijak ze stali nierdzewnej<\/strong> gwarantuje idealne ubijanie, dzi\u0119ki czemu ka\u017cdy shot jest g\u0142adki, aromatyczny i dobrze wyekstrahowany.<\/p>\n<hr class=\"\" data-start=\"2037\" data-end=\"2040\" \/>\n<h2 class=\"\" data-start=\"2042\" data-end=\"2115\">Udoskonal swoje kawowe kreacje dzi\u0119ki ekspresowi Philips Barista Brew PSA3218\/01<\/h2>\n<h3 class=\"\" data-start=\"2117\" data-end=\"2147\">Przycisk Americano z jednym dotkni\u0119ciem<\/h3>\n<p class=\"\" data-start=\"2149\" data-end=\"2306\">Ciesz si\u0119 prawdziwymi Americano za naci\u015bni\u0119ciem przycisku dzi\u0119ki zintegrowanemu wylotowi gor\u0105cej wody zaprojektowanemu z my\u015bl\u0105 o prostocie i \u0142atwo\u015bci w tym <strong data-start=\"2287\" data-end=\"2305\">ekspres do kawy<\/strong>.<\/p>\n<h3 class=\"\" data-start=\"2308\" data-end=\"2373\">Mocna dysza parowa i dzbanek na mleko o doskona\u0142ej temperaturze ml<\/h3>\n<p class=\"\" data-start=\"2375\" data-end=\"2633\">Przygotuj kremowe latte i jedwabiste cappuccino, u\u017cywaj\u0105c <strong data-start=\"2427\" data-end=\"2450\">mocna dysza parowa<\/strong> i 450\u00a0<strong data-start=\"2455\" data-end=\"2473\">Dzbanek na mleko 450ml<\/strong> w zestawie <a href=\"https:\/\/bestathomeespressomachine.com\/pl\/product\/philips-barista-brew-semi-automatic-espresso-machine-with-dual-bean-hopper-psa3228-01-silver\/\"><strong data-start=\"2492\" data-end=\"2559\">Philips Barista <\/strong><\/a><strong data-start=\"2492\" data-end=\"2559\">Ekspres do kawy p\u00f3\u0142automatyczny Brew PSA3218\/01<\/strong>Pasek temperatury dzbanka pomaga uzyska\u0107 idealn\u0105 temperatur\u0119 piany.<\/p>\n<h3 class=\"\" data-start=\"2635\" data-end=\"2664\">Zintegrowany manometr ci\u015bnienia<\/h3>\n<p class=\"\" data-start=\"2666\" data-end=\"2873\">Ten <strong data-start=\"2670\" data-end=\"2688\">ci\u015bnieniomierz<\/strong> na <strong data-start=\"2696\" data-end=\"2763\">Ekspres automatyczny Philips Barista Brew PSA3218\/01<\/strong> informuje Ci\u0119 na bie\u017c\u0105co o przebiegu procesu parzenia kawy, gwarantuj\u0105c uzyskanie optymalnej ekstrakcji espresso przy ka\u017cdym podej\u015bciu.<\/p>\n<h3 class=\"\" data-start=\"2875\" data-end=\"2913\">System ubijania przyjazny dla blat\u00f3w<\/h3>\n<p class=\"\" data-start=\"2915\" data-end=\"3040\">Chro\u0144 swoje blaty dzi\u0119ki zintegrowanej gumowej podstawie ubijaka, zaprojektowanej z my\u015bl\u0105 o wygodzie i profesjonalnych efektach.<\/p>\n<hr class=\"\" data-start=\"3042\" data-end=\"3045\" \/>\n<h2 class=\"\" data-start=\"3047\" data-end=\"3097\">Zaawansowana technologia parzenia dla idealnej fili\u017canki<\/h2>\n<p class=\"\" data-start=\"3099\" data-end=\"3225\">Ten <strong data-start=\"3103\" data-end=\"3170\">Ekspres do kawy Philips Barista Brew Semi-Espresso PSA3218\/01<\/strong> wyposa\u017cony jest w najnowocze\u015bniejsz\u0105 technologi\u0119 parzenia kawy:<\/p>\n<ul data-start=\"3227\" data-end=\"3436\">\n<li class=\"\" data-start=\"3227\" data-end=\"3300\">\n<p class=\"\" data-start=\"3229\" data-end=\"3300\"><strong data-start=\"3229\" data-end=\"3256\">Sterowanie temperatur\u0105 PID<\/strong>:Gwarantuje sta\u0142\u0105 temperatur\u0119 zaparzania.<\/p>\n<\/li>\n<li class=\"\" data-start=\"3301\" data-end=\"3436\">\n<p class=\"\" data-start=\"3303\" data-end=\"3436\"><strong data-start=\"3303\" data-end=\"3330\">Technologia Pre-Infusion<\/strong>:R\u00f3wnomiernie nas\u0105cza zmielon\u0105 kaw\u0119 przed ekstrakcj\u0105 pod pe\u0142nym ci\u015bnieniem, zapewniaj\u0105c zr\u00f3wnowa\u017cony, pe\u0142ny smak.<\/p>\n<\/li>\n<\/ul>\n<hr class=\"\" data-start=\"3438\" data-end=\"3441\" \/>\n<h2 class=\"\" data-start=\"3443\" data-end=\"3492\">Elegancki europejski design i wydajne mielenie<\/h2>\n<p class=\"\" data-start=\"3494\" data-end=\"3604\">Ten <strong data-start=\"3498\" data-end=\"3565\">Ekspres do kawy Philips Barista Brew p\u00f3\u0142automatyczny PSA3218\/01<\/strong> \u0142\u0105czy w sobie estetyk\u0119 i funkcjonalno\u015b\u0107:<\/p>\n<ul data-start=\"3606\" data-end=\"3921\">\n<li class=\"\" data-start=\"3606\" data-end=\"3718\">\n<p class=\"\" data-start=\"3608\" data-end=\"3718\"><strong data-start=\"3608\" data-end=\"3663\">Europejski projekt z obudow\u0105 metalow\u0105 zapobiegaj\u0105c\u0105 powstawaniu odcisk\u00f3w palc\u00f3w<\/strong>: Eleganckie, trwa\u0142e wyko\u0144czenie, kt\u00f3re pozostaje czyste i eleganckie.<\/p>\n<\/li>\n<li class=\"\" data-start=\"3719\" data-end=\"3921\">\n<p class=\"\" data-start=\"3721\" data-end=\"3921\"><strong data-start=\"3721\" data-end=\"3771\">M\u0142ynek sto\u017ckowy metalowy z 15 stopniami mielenia<\/strong>: Dostosuj sw\u00f3j stopie\u0144 zmielenia od superdrobnego do espresso do grubego do cold brew. Eksperymentuj z r\u00f3\u017cnymi ustawieniami zmielenia, aby dopracowa\u0107 swoje ulubione przepisy.<\/p>\n<\/li>\n<\/ul>\n<hr class=\"\" data-start=\"3923\" data-end=\"3926\" \/>\n<h2 class=\"\" data-start=\"3928\" data-end=\"4020\">Akcesoria do\u0142\u0105czone do automatycznego ekspresu do kawy Philips Barista Brew PSA3218\/01<\/h2>\n<p class=\"\" data-start=\"4022\" data-end=\"4159\">Ka\u017cdy zakup <strong data-start=\"4044\" data-end=\"4111\">Philips Barista Brew Automatyczne Espresso PSA3218\/01<\/strong> zawiera niezb\u0119dne narz\u0119dzia do perfekcyjnego przyrz\u0105dzania kawy:<\/p>\n<ul data-start=\"4161\" data-end=\"4288\">\n<li class=\"\" data-start=\"4161\" data-end=\"4174\">\n<p class=\"\" data-start=\"4163\" data-end=\"4174\">Uchwyt filtra<\/p>\n<\/li>\n<li class=\"\" data-start=\"4175\" data-end=\"4194\">\n<p class=\"\" data-start=\"4177\" data-end=\"4194\">4x Koszyki Filtracyjne<\/p>\n<\/li>\n<li class=\"\" data-start=\"4195\" data-end=\"4205\">\n<p class=\"\" data-start=\"4197\" data-end=\"4205\">Dzbanek na mleko<\/p>\n<\/li>\n<li class=\"\" data-start=\"4206\" data-end=\"4230\">\n<p class=\"\" data-start=\"4208\" data-end=\"4230\">Ubijak ze stali nierdzewnej<\/p>\n<\/li>\n<li class=\"\" data-start=\"4231\" data-end=\"4244\">\n<p class=\"\" data-start=\"4233\" data-end=\"4244\">Pier\u015bcie\u0144 Prochowy<\/p>\n<\/li>\n<li class=\"\" data-start=\"4245\" data-end=\"4261\">\n<p class=\"\" data-start=\"4247\" data-end=\"4261\">Stojak na espresso<\/p>\n<\/li>\n<li class=\"\" data-start=\"4262\" data-end=\"4288\">\n<p class=\"\" data-start=\"4264\" data-end=\"4288\">Szczotki i szpilki do czyszczenia<\/p>\n<\/li>\n<\/ul>\n<hr class=\"\" data-start=\"4290\" data-end=\"4293\" \/>\n<h2 class=\"\" data-start=\"4295\" data-end=\"4389\">Dane techniczne automatycznego ekspresu do kawy Philips Barista Brew PSA3218\/01<\/h2>\n<div class=\"group pointer-events-none relative flex justify-center *:pointer-events-auto\">\n<p>&nbsp;<\/p>\n<div class=\"tableContainer horzScrollShadows relative\">\n<table class=\"min-w-full\" data-start=\"4391\" data-end=\"5206\">\n<thead data-start=\"4391\" data-end=\"4458\">\n<tr data-start=\"4391\" data-end=\"4458\">\n<th data-start=\"4391\" data-end=\"4425\"><strong data-start=\"4393\" data-end=\"4410\">Specyfikacja<\/strong><\/th>\n<th data-start=\"4425\" data-end=\"4458\"><strong data-start=\"4427\" data-end=\"4438\">Bli\u017csze dane<\/strong><\/th>\n<\/tr>\n<\/thead>\n<tbody data-start=\"4527\" data-end=\"5206\">\n<tr data-start=\"4527\" data-end=\"4594\">\n<td class=\"max-w-[calc(var(--thread-content-max-width)*2\/3)]\" data-start=\"4527\" data-end=\"4562\">Materia\u0142 m\u0142ynka<\/td>\n<td class=\"max-w-[calc(var(--thread-content-max-width)*2\/3)]\" data-start=\"4562\" data-end=\"4594\">Metal<\/td>\n<\/tr>\n<tr data-start=\"4595\" data-end=\"4662\">\n<td class=\"max-w-[calc(var(--thread-content-max-width)*2\/3)]\" data-start=\"4595\" data-end=\"4630\">Ci\u015bnienie pompy<\/td>\n<td class=\"max-w-[calc(var(--thread-content-max-width)*2\/3)]\" data-start=\"4630\" data-end=\"4662\">15 bar<\/td>\n<\/tr>\n<tr data-start=\"4663\" data-end=\"4730\">\n<td class=\"max-w-[calc(var(--thread-content-max-width)*2\/3)]\" data-start=\"4663\" data-end=\"4698\">Waga<\/td>\n<td class=\"max-w-[calc(var(--thread-content-max-width)*2\/3)]\" data-start=\"4698\" data-end=\"4730\">8,6 kg<\/td>\n<\/tr>\n<tr data-start=\"4731\" data-end=\"4798\">\n<td class=\"max-w-[calc(var(--thread-content-max-width)*2\/3)]\" data-start=\"4731\" data-end=\"4766\">Wymiary (wys. x szer. x d\u0142.)<\/td>\n<td class=\"max-w-[calc(var(--thread-content-max-width)*2\/3)]\" data-start=\"4766\" data-end=\"4798\">Wymiary: 439 x 320 x 334 mm<\/td>\n<\/tr>\n<tr data-start=\"4799\" data-end=\"4866\">\n<td class=\"max-w-[calc(var(--thread-content-max-width)*2\/3)]\" data-start=\"4799\" data-end=\"4834\">Materia\u0142 i kolor<\/td>\n<td class=\"max-w-[calc(var(--thread-content-max-width)*2\/3)]\" data-start=\"4834\" data-end=\"4866\">Metal i srebro<\/td>\n<\/tr>\n<tr data-start=\"4867\" data-end=\"4934\">\n<td class=\"max-w-[calc(var(--thread-content-max-width)*2\/3)]\" data-start=\"4867\" data-end=\"4902\">Pojemno\u015b\u0107 zasobnika<\/td>\n<td class=\"max-w-[calc(var(--thread-content-max-width)*2\/3)]\" data-start=\"4902\" data-end=\"4934\">280 gram\u00f3w<\/td>\n<\/tr>\n<tr data-start=\"4935\" data-end=\"5002\">\n<td class=\"max-w-[calc(var(--thread-content-max-width)*2\/3)]\" data-start=\"4935\" data-end=\"4970\">Wolta\u017c<\/td>\n<td class=\"max-w-[calc(var(--thread-content-max-width)*2\/3)]\" data-start=\"4970\" data-end=\"5002\">120 W<\/td>\n<\/tr>\n<tr data-start=\"5003\" data-end=\"5070\">\n<td class=\"max-w-[calc(var(--thread-content-max-width)*2\/3)]\" data-start=\"5003\" data-end=\"5038\">Cz\u0119stotliwo\u015b\u0107<\/td>\n<td class=\"max-w-[calc(var(--thread-content-max-width)*2\/3)]\" data-start=\"5038\" data-end=\"5070\">60 Hz<\/td>\n<\/tr>\n<tr data-start=\"5071\" data-end=\"5138\">\n<td class=\"max-w-[calc(var(--thread-content-max-width)*2\/3)]\" data-start=\"5071\" data-end=\"5106\">D\u0142ugo\u015b\u0107 przewodu<\/td>\n<td class=\"max-w-[calc(var(--thread-content-max-width)*2\/3)]\" data-start=\"5106\" data-end=\"5138\">1 mila<\/td>\n<\/tr>\n<tr data-start=\"5139\" data-end=\"5206\">\n<td class=\"max-w-[calc(var(--thread-content-max-width)*2\/3)]\" data-start=\"5139\" data-end=\"5174\">Temperatura kawy<\/td>\n<td class=\"max-w-[calc(var(--thread-content-max-width)*2\/3)]\" data-start=\"5174\" data-end=\"5206\">Nastawny<\/td>\n<\/tr>\n<\/tbody>\n<\/table>\n<\/div>\n<\/div>\n<hr class=\"\" data-start=\"5208\" data-end=\"5211\" \/>\n<h2 class=\"\" data-start=\"5213\" data-end=\"5305\">Gwarancja dopasowania ceny dla ekspresu do kawy Philips Barista Brew Semi Automatic Espresso Maker PSA3218\/01<\/h2>\n<p class=\"\" data-start=\"5307\" data-end=\"5540\">R\u00f3b zakupy pewnie, wiedz\u0105c, \u017ce <strong data-start=\"5341\" data-end=\"5408\">Ekspres automatyczny Philips Barista Brew PSA3218\/01<\/strong> kwalifikuje si\u0119 do <b>dopasowanie cen.<\/b>\u00a0Znajd\u017a ni\u017csz\u0105 cen\u0119 u nas lub u innych sprawdzonych sprzedawc\u00f3w w <strong data-start=\"5508\" data-end=\"5519\">90 dni<\/strong> po zakupie!<\/p>\n<hr class=\"\" data-start=\"5542\" data-end=\"5545\" \/>\n<h2 class=\"\" data-start=\"5547\" data-end=\"5626\">Gdzie kupi\u0107 p\u00f3\u0142automatyczny ekspres do kawy Philips Barista Brew PSA3218\/01<\/h2>\n<p class=\"\" data-start=\"5628\" data-end=\"5782\">Gotowy na podniesienie poziomu domowego do\u015bwiadczenia kawowego? Kup <strong data-start=\"5687\" data-end=\"5754\">Ekspres do kawy Philips Barista Brew PSA3218\/01<\/strong> u tych zaufanych sprzedawc\u00f3w detalicznych:<\/p>\n<ul data-start=\"5784\" data-end=\"5915\">\n<li class=\"\" data-start=\"5784\" data-end=\"5829\">\n<p class=\"\" data-start=\"5786\" data-end=\"5829\"><strong data-start=\"5786\" data-end=\"5819\">Oficjalna strona internetowa firmy Philips<\/strong> (Indeks \u2705)<\/p>\n<\/li>\n<li class=\"\" data-start=\"5830\" data-end=\"5857\">\n<p class=\"\" data-start=\"5832\" data-end=\"5857\"><strong data-start=\"5832\" data-end=\"5847\">Amazonka<\/strong> (Indeks \u2705)<\/p>\n<\/li>\n<li class=\"\" data-start=\"5858\" data-end=\"5887\">\n<p class=\"\" data-start=\"5860\" data-end=\"5887\"><strong data-start=\"5860\" data-end=\"5877\">Najlepszy zakup<\/strong> (Indeks \u2705)<\/p>\n<\/li>\n<li class=\"\" data-start=\"5888\" data-end=\"5915\">\n<p class=\"\" data-start=\"5890\" data-end=\"5915\"><strong data-start=\"5890\" data-end=\"5905\">Cel<\/strong> (Indeks \u2705)<\/p>\n<\/li>\n<\/ul>\n<p class=\"\" data-start=\"5917\" data-end=\"6008\">Skorzystaj z bezpiecznej p\u0142atno\u015bci, bezp\u0142atnej wysy\u0142ki i specjalnych ofert pakietowych przy zakupach online!<\/p>\n<hr class=\"\" data-start=\"6010\" data-end=\"6013\" \/>\n<h2 class=\"\" data-start=\"6015\" data-end=\"6092\">Najcz\u0119\u015bciej zadawane pytania dotycz\u0105ce ekspresu do kawy Philips Barista Brew Semi Automatic Espresso Machine PSA3218\/01<\/h2>\n<h3 class=\"\" data-start=\"6094\" data-end=\"6187\">Czy p\u00f3\u0142automatyczny ekspres do kawy Philips Barista Brew PSA3218\/01 jest przyjazny dla pocz\u0105tkuj\u0105cych?<\/h3>\n<p class=\"\" data-start=\"6189\" data-end=\"6359\">Tak! Mimo \u017ce zosta\u0142 zaprojektowany z profesjonalnymi funkcjami, intuicyjne sterowanie i do\u0142\u0105czone akcesoria sprawiaj\u0105, \u017ce jest idealny zar\u00f3wno dla pocz\u0105tkuj\u0105cych, jak i do\u015bwiadczonych domowych barist\u00f3w.<\/p>\n<h3 class=\"\" data-start=\"6361\" data-end=\"6451\">Jak konserwowa\u0107 p\u00f3\u0142automatyczny ekspres do kawy Philips Barista Brew PSA3218\/01?<\/h3>\n<p class=\"\" data-start=\"6453\" data-end=\"6648\">Regularne czyszczenie uchwytu filtra, koszyk\u00f3w filtra, dyszy parowej i m\u0142ynka jest proste dzi\u0119ki do\u0142\u0105czonym narz\u0119dziom czyszcz\u0105cym. Rutynowa konserwacja zapewnia, \u017ce \u200b\u200bTw\u00f3j ekspres zawsze b\u0119dzie dostarcza\u0142 wspania\u0142\u0105 kaw\u0119.<\/p>\n<h3 class=\"\" data-start=\"6650\" data-end=\"6761\">Czy w automatycznym ekspresie do kawy Philips Barista Brew PSA3218\/01 mog\u0119 przygotowa\u0107 cappuccino i latte?<\/h3>\n<p class=\"\" data-start=\"6763\" data-end=\"6930\">Absolutnie! W <strong data-start=\"6779\" data-end=\"6802\">mocna dysza parowa<\/strong> I <strong data-start=\"6807\" data-end=\"6842\">idealny do mleka dzbanek o odpowiedniej temperaturze<\/strong> umo\u017cliwiaj\u0105 przygotowanie mikropianki o jako\u015bci baristy do cappuccino, latte i flat white.<\/p>\n<h3 class=\"\" data-start=\"6932\" data-end=\"7000\">Jaka jest r\u00f3\u017cnica pomi\u0119dzy modelami PSA3218\/01 i PSA3228\/01?<\/h3>\n<p class=\"\" data-start=\"7002\" data-end=\"7255\">Chocia\u017c oba modele oferuj\u0105 doskona\u0142e funkcje, <strong data-start=\"7050\" data-end=\"7085\">Philips Barista Brew PSA3228\/01<\/strong> mo\u017ce zawiera\u0107 kilka dodatkowych funkcjonalno\u015bci. Jednak\u017ce, <strong data-start=\"7140\" data-end=\"7154\">PSA3218\/01<\/strong> pozostaje jednym z <strong data-start=\"7174\" data-end=\"7215\">najlepsze p\u00f3\u0142automatyczne ekspresy do kawy<\/strong> za warto\u015b\u0107, wydajno\u015b\u0107 i design.<\/p>\n<h3 class=\"\" data-start=\"7257\" data-end=\"7361\">Czy automatyczny ekspres do kawy Philips Barista Brew PSA3218\/01 ma regulowany m\u0142ynek?<\/h3>\n<p class=\"\" data-start=\"7363\" data-end=\"7482\">Tak! Mo\u017cesz dostroi\u0107 sw\u00f3j nap\u00f3j za pomoc\u0105 <strong data-start=\"7401\" data-end=\"7433\">15 regulowanych ustawie\u0144 mielenia<\/strong>, idealny do espresso, parzenia kawy metod\u0105 przelewow\u0105 lub kawy parzonej metod\u0105 French press.<\/p>\n<hr class=\"\" data-start=\"7484\" data-end=\"7487\" \/>\n<h2 class=\"\" data-start=\"7489\" data-end=\"7550\">Kup najlepszy p\u00f3\u0142automatyczny ekspres do kawy online ju\u017c dzi\u015b!<\/h2>\n<p class=\"\" data-start=\"7552\" data-end=\"7901\">Przekszta\u0142\u0107 swoj\u0105 kuchni\u0119 w prawdziw\u0105 kawiarni\u0119 dzi\u0119ki <strong data-start=\"7601\" data-end=\"7668\">Ekspres automatyczny Philips Barista Brew PSA3218\/01<\/strong>. Niezale\u017cnie od tego, czy parzysz mocne espresso, czy kremowe cappuccino, <strong data-start=\"7740\" data-end=\"7775\">automatyczny ekspres do kawy<\/strong> przynosi profesjonaln\u0105 sztuk\u0119 parzenia kawy do Twojego domu.<br data-start=\"7825\" data-end=\"7828\" \/>\ud83d\udc49 <strong data-start=\"7831\" data-end=\"7901\">Zam\u00f3w ju\u017c dzi\u015b i stw\u00f3rz ka\u017cd\u0105 fili\u017cank\u0119 dok\u0142adnie tak, jak lubisz!<\/strong><\/p>","protected":false},"excerpt":{"rendered":"<p>Master the Art of Coffee with the Best Semi Automatic Espresso Machine Elevate your home brewing experience with the Philips Barista Brew best Semi Automatic Espresso Machine PSA3218\/01. Designed for coffee lovers who crave variety and precision, this semi-automatic espresso machine allows you to create barista-quality coffee, lattes, and cappuccinos in the comfort of your&hellip;<\/p>","protected":false},"featured_media":21802,"comment_status":"open","ping_status":"closed","template":"","meta":[],"product_cat":[49],"product_tag":[],"class_list":{"0":"post-21796","1":"product","2":"type-product","3":"status-publish","4":"has-post-thumbnail","6":"product_cat-philips-espresso-machines","8":"first","9":"instock","10":"shipping-taxable","11":"purchasable","12":"product-type-simple","13":"col-xs-6 col-sm-4","14":"col-md-3 col-lg-3","15":"un-4-cols"},"jetpack_sharing_enabled":true,"_links":{"self":[{"href":"https:\/\/bestathomeespressomachine.com\/pl\/wp-json\/wp\/v2\/product\/21796","targetHints":{"allow":["GET"]}}],"collection":[{"href":"https:\/\/bestathomeespressomachine.com\/pl\/wp-json\/wp\/v2\/product"}],"about":[{"href":"https:\/\/bestathomeespressomachine.com\/pl\/wp-json\/wp\/v2\/types\/product"}],"replies":[{"embeddable":true,"href":"https:\/\/bestathomeespressomachine.com\/pl\/wp-json\/wp\/v2\/comments?post=21796"}],"version-history":[{"count":4,"href":"https:\/\/bestathomeespressomachine.com\/pl\/wp-json\/wp\/v2\/product\/21796\/revisions"}],"predecessor-version":[{"id":22306,"href":"https:\/\/bestathomeespressomachine.com\/pl\/wp-json\/wp\/v2\/product\/21796\/revisions\/22306"}],"wp:featuredmedia":[{"embeddable":true,"href":"https:\/\/bestathomeespressomachine.com\/pl\/wp-json\/wp\/v2\/media\/21802"}],"wp:attachment":[{"href":"https:\/\/bestathomeespressomachine.com\/pl\/wp-json\/wp\/v2\/media?parent=21796"}],"wp:term":[{"taxonomy":"product_cat","embeddable":true,"href":"https:\/\/bestathomeespressomachine.com\/pl\/wp-json\/wp\/v2\/product_cat?post=21796"},{"taxonomy":"product_tag","embeddable":true,"href":"https:\/\/bestathomeespressomachine.com\/pl\/wp-json\/wp\/v2\/product_tag?post=21796"}],"curies":[{"name":"wp","href":"https:\/\/api.w.org\/{rel}","templated":true}]}}